{"id":74425,"date":"2023-02-28T00:01:05","date_gmt":"2023-02-27T23:01:05","guid":{"rendered":"http:\/\/shop.bantam.ch\/produit\/set-adaptateur-3-pces-pour-perfectroof-2000-2500-vw-crafter-a-partir-de-2017\/"},"modified":"2026-04-17T21:17:56","modified_gmt":"2026-04-17T19:17:56","slug":"set-adaptateur-3-pces-pour-perfectroof-2000-2500-vw-crafter-a-partir-de-2017","status":"publish","type":"product","link":"https:\/\/shop.bantam.ch\/fr\/produit\/set-adaptateur-3-pces-pour-perfectroof-2000-2500-vw-crafter-a-partir-de-2017\/","title":{"rendered":"Kit d\u2019adaptateur, 3 pi\u00e8ces pour store de toit Dometic PerfectRoof 2000 + 2500 VW Crafter \u00e0 partir de 2017"},"content":{"rendered":"<p>Pour store de toit Dometic PerfectRoof 2000 + 2500<\/p>\n","protected":false},"excerpt":{"rendered":"<p>Pour store de toit Dometic PerfectRoof 2000 + 2500<\/p>\n","protected":false},"featured_media":74423,"template":"","meta":{"_acf_changed":false},"product_featured_cat":[],"product_brand":[3028],"product_cat":[4225],"product_tag":[],"class_list":{"0":"post-74425","1":"product","2":"type-product","3":"status-publish","4":"has-post-thumbnail","6":"product_brand-dometic","7":"product_cat-adaptateurs-de-stores","9":"first","10":"instock","11":"taxable","12":"shipping-taxable","13":"purchasable","14":"product-type-simple"},"acf":[],"yoast_head":"<!-- This site is optimized with the Yoast SEO plugin v27.4 - https:\/\/yoast.com\/product\/yoast-seo-wordpress\/ -->\n<title>Kit d\u2019adaptateur, 3 pi\u00e8ces pour store de toit Dometic PerfectRoof 2000 + 2500 VW Crafter \u00e0 partir de 2017 - Bantam Wankm\u00fcller SA<\/title>\n<meta name=\"robots\" content=\"index, follow, max-snippet:-1, max-image-preview:large, max-video-preview:-1\" \/>\n<link rel=\"canonical\" href=\"https:\/\/shop.bantam.ch\/fr\/produit\/set-adaptateur-3-pces-pour-perfectroof-2000-2500-vw-crafter-a-partir-de-2017\/\" \/>\n<meta property=\"og:locale\" content=\"fr_FR\" \/>\n<meta property=\"og:type\" content=\"article\" \/>\n<meta property=\"og:title\" content=\"Kit d\u2019adaptateur, 3 pi\u00e8ces pour store de toit Dometic PerfectRoof 2000 + 2500 VW Crafter \u00e0 partir de 2017 - Bantam Wankm\u00fcller SA\" \/>\n<meta property=\"og:description\" content=\"Pour store de toit Dometic PerfectRoof 2000 + 2500\" \/>\n<meta property=\"og:url\" content=\"https:\/\/shop.bantam.ch\/fr\/produit\/set-adaptateur-3-pces-pour-perfectroof-2000-2500-vw-crafter-a-partir-de-2017\/\" \/>\n<meta property=\"og:site_name\" content=\"Bantam Wankm\u00fcller SA\" \/>\n<meta property=\"article:modified_time\" content=\"2026-04-17T19:17:56+00:00\" \/>\n<meta property=\"og:image\" content=\"https:\/\/shop.bantam.ch\/wp-content\/uploads\/2023\/02\/995381911cctwKZfZXa6px-scaled.jpg\" \/>\n\t<meta property=\"og:image:width\" content=\"2675\" \/>\n\t<meta property=\"og:image:height\" content=\"2310\" \/>\n\t<meta property=\"og:image:type\" content=\"image\/jpeg\" \/>\n<meta name=\"twitter:card\" content=\"summary_large_image\" \/>\n<script type=\"application\/ld+json\" class=\"yoast-schema-graph\">{\"@context\":\"https:\\\/\\\/schema.org\",\"@graph\":[{\"@type\":\"WebPage\",\"@id\":\"https:\\\/\\\/shop.bantam.ch\\\/fr\\\/produit\\\/set-adaptateur-3-pces-pour-perfectroof-2000-2500-vw-crafter-a-partir-de-2017\\\/\",\"url\":\"https:\\\/\\\/shop.bantam.ch\\\/fr\\\/produit\\\/set-adaptateur-3-pces-pour-perfectroof-2000-2500-vw-crafter-a-partir-de-2017\\\/\",\"name\":\"Kit d\u2019adaptateur, 3 pi\u00e8ces pour store de toit Dometic PerfectRoof 2000 + 2500 VW Crafter \u00e0 partir de 2017 - Bantam Wankm\u00fcller SA\",\"isPartOf\":{\"@id\":\"https:\\\/\\\/shop.bantam.ch\\\/fr\\\/#website\"},\"primaryImageOfPage\":{\"@id\":\"https:\\\/\\\/shop.bantam.ch\\\/fr\\\/produit\\\/set-adaptateur-3-pces-pour-perfectroof-2000-2500-vw-crafter-a-partir-de-2017\\\/#primaryimage\"},\"image\":{\"@id\":\"https:\\\/\\\/shop.bantam.ch\\\/fr\\\/produit\\\/set-adaptateur-3-pces-pour-perfectroof-2000-2500-vw-crafter-a-partir-de-2017\\\/#primaryimage\"},\"thumbnailUrl\":\"https:\\\/\\\/shop.bantam.ch\\\/wp-content\\\/uploads\\\/2023\\\/02\\\/995381911cctwKZfZXa6px-scaled.jpg\",\"datePublished\":\"2023-02-27T23:01:05+00:00\",\"dateModified\":\"2026-04-17T19:17:56+00:00\",\"breadcrumb\":{\"@id\":\"https:\\\/\\\/shop.bantam.ch\\\/fr\\\/produit\\\/set-adaptateur-3-pces-pour-perfectroof-2000-2500-vw-crafter-a-partir-de-2017\\\/#breadcrumb\"},\"inLanguage\":\"fr-FR\",\"potentialAction\":[{\"@type\":\"ReadAction\",\"target\":[\"https:\\\/\\\/shop.bantam.ch\\\/fr\\\/produit\\\/set-adaptateur-3-pces-pour-perfectroof-2000-2500-vw-crafter-a-partir-de-2017\\\/\"]}]},{\"@type\":\"ImageObject\",\"inLanguage\":\"fr-FR\",\"@id\":\"https:\\\/\\\/shop.bantam.ch\\\/fr\\\/produit\\\/set-adaptateur-3-pces-pour-perfectroof-2000-2500-vw-crafter-a-partir-de-2017\\\/#primaryimage\",\"url\":\"https:\\\/\\\/shop.bantam.ch\\\/wp-content\\\/uploads\\\/2023\\\/02\\\/995381911cctwKZfZXa6px-scaled.jpg\",\"contentUrl\":\"https:\\\/\\\/shop.bantam.ch\\\/wp-content\\\/uploads\\\/2023\\\/02\\\/995381911cctwKZfZXa6px-scaled.jpg\",\"width\":2048,\"height\":1769},{\"@type\":\"BreadcrumbList\",\"@id\":\"https:\\\/\\\/shop.bantam.ch\\\/fr\\\/produit\\\/set-adaptateur-3-pces-pour-perfectroof-2000-2500-vw-crafter-a-partir-de-2017\\\/#breadcrumb\",\"itemListElement\":[{\"@type\":\"ListItem\",\"position\":1,\"name\":\"Accueil\",\"item\":\"https:\\\/\\\/shop.bantam.ch\\\/fr\\\/\"},{\"@type\":\"ListItem\",\"position\":2,\"name\":\"Boutique\",\"item\":\"https:\\\/\\\/shop.bantam.ch\\\/fr\\\/boutique\\\/\"},{\"@type\":\"ListItem\",\"position\":3,\"name\":\"Kit d\u2019adaptateur, 3 pi\u00e8ces pour store de toit Dometic PerfectRoof 2000 + 2500 VW Crafter \u00e0 partir de 2017\"}]},{\"@type\":\"WebSite\",\"@id\":\"https:\\\/\\\/shop.bantam.ch\\\/fr\\\/#website\",\"url\":\"https:\\\/\\\/shop.bantam.ch\\\/fr\\\/\",\"name\":\"Bantam Wankm\u00fcller SA\",\"description\":\"\",\"publisher\":{\"@id\":\"https:\\\/\\\/shop.bantam.ch\\\/fr\\\/#organization\"},\"inLanguage\":\"fr-FR\"},{\"@type\":\"Organization\",\"@id\":\"https:\\\/\\\/shop.bantam.ch\\\/fr\\\/#organization\",\"name\":\"Bantam Wankm\u00fcller SA\",\"url\":\"https:\\\/\\\/shop.bantam.ch\\\/fr\\\/\",\"logo\":{\"@type\":\"ImageObject\",\"inLanguage\":\"fr-FR\",\"@id\":\"https:\\\/\\\/shop.bantam.ch\\\/fr\\\/#\\\/schema\\\/logo\\\/image\\\/\",\"url\":\"https:\\\/\\\/shop.bantam.ch\\\/wp-content\\\/uploads\\\/2022\\\/12\\\/bantam-logo.png\",\"contentUrl\":\"https:\\\/\\\/shop.bantam.ch\\\/wp-content\\\/uploads\\\/2022\\\/12\\\/bantam-logo.png\",\"width\":320,\"height\":71,\"caption\":\"Bantam Wankm\u00fcller SA\"},\"image\":{\"@id\":\"https:\\\/\\\/shop.bantam.ch\\\/fr\\\/#\\\/schema\\\/logo\\\/image\\\/\"}}]}<\/script>\n<!-- \/ Yoast SEO plugin. -->","yoast_head_json":{"title":"Kit d\u2019adaptateur, 3 pi\u00e8ces pour store de toit Dometic PerfectRoof 2000 + 2500 VW Crafter \u00e0 partir de 2017 - Bantam Wankm\u00fcller SA","robots":{"index":"index","follow":"follow","max-snippet":"max-snippet:-1","max-image-preview":"max-image-preview:large","max-video-preview":"max-video-preview:-1"},"canonical":"https:\/\/shop.bantam.ch\/fr\/produit\/set-adaptateur-3-pces-pour-perfectroof-2000-2500-vw-crafter-a-partir-de-2017\/","og_locale":"fr_FR","og_type":"article","og_title":"Kit d\u2019adaptateur, 3 pi\u00e8ces pour store de toit Dometic PerfectRoof 2000 + 2500 VW Crafter \u00e0 partir de 2017 - Bantam Wankm\u00fcller SA","og_description":"Pour store de toit Dometic PerfectRoof 2000 + 2500","og_url":"https:\/\/shop.bantam.ch\/fr\/produit\/set-adaptateur-3-pces-pour-perfectroof-2000-2500-vw-crafter-a-partir-de-2017\/","og_site_name":"Bantam Wankm\u00fcller SA","article_modified_time":"2026-04-17T19:17:56+00:00","og_image":[{"width":2675,"height":2310,"url":"https:\/\/shop.bantam.ch\/wp-content\/uploads\/2023\/02\/995381911cctwKZfZXa6px-scaled.jpg","type":"image\/jpeg"}],"twitter_card":"summary_large_image","schema":{"@context":"https:\/\/schema.org","@graph":[{"@type":"WebPage","@id":"https:\/\/shop.bantam.ch\/fr\/produit\/set-adaptateur-3-pces-pour-perfectroof-2000-2500-vw-crafter-a-partir-de-2017\/","url":"https:\/\/shop.bantam.ch\/fr\/produit\/set-adaptateur-3-pces-pour-perfectroof-2000-2500-vw-crafter-a-partir-de-2017\/","name":"Kit d\u2019adaptateur, 3 pi\u00e8ces pour store de toit Dometic PerfectRoof 2000 + 2500 VW Crafter \u00e0 partir de 2017 - Bantam Wankm\u00fcller SA","isPartOf":{"@id":"https:\/\/shop.bantam.ch\/fr\/#website"},"primaryImageOfPage":{"@id":"https:\/\/shop.bantam.ch\/fr\/produit\/set-adaptateur-3-pces-pour-perfectroof-2000-2500-vw-crafter-a-partir-de-2017\/#primaryimage"},"image":{"@id":"https:\/\/shop.bantam.ch\/fr\/produit\/set-adaptateur-3-pces-pour-perfectroof-2000-2500-vw-crafter-a-partir-de-2017\/#primaryimage"},"thumbnailUrl":"https:\/\/shop.bantam.ch\/wp-content\/uploads\/2023\/02\/995381911cctwKZfZXa6px-scaled.jpg","datePublished":"2023-02-27T23:01:05+00:00","dateModified":"2026-04-17T19:17:56+00:00","breadcrumb":{"@id":"https:\/\/shop.bantam.ch\/fr\/produit\/set-adaptateur-3-pces-pour-perfectroof-2000-2500-vw-crafter-a-partir-de-2017\/#breadcrumb"},"inLanguage":"fr-FR","potentialAction":[{"@type":"ReadAction","target":["https:\/\/shop.bantam.ch\/fr\/produit\/set-adaptateur-3-pces-pour-perfectroof-2000-2500-vw-crafter-a-partir-de-2017\/"]}]},{"@type":"ImageObject","inLanguage":"fr-FR","@id":"https:\/\/shop.bantam.ch\/fr\/produit\/set-adaptateur-3-pces-pour-perfectroof-2000-2500-vw-crafter-a-partir-de-2017\/#primaryimage","url":"https:\/\/shop.bantam.ch\/wp-content\/uploads\/2023\/02\/995381911cctwKZfZXa6px-scaled.jpg","contentUrl":"https:\/\/shop.bantam.ch\/wp-content\/uploads\/2023\/02\/995381911cctwKZfZXa6px-scaled.jpg","width":2048,"height":1769},{"@type":"BreadcrumbList","@id":"https:\/\/shop.bantam.ch\/fr\/produit\/set-adaptateur-3-pces-pour-perfectroof-2000-2500-vw-crafter-a-partir-de-2017\/#breadcrumb","itemListElement":[{"@type":"ListItem","position":1,"name":"Accueil","item":"https:\/\/shop.bantam.ch\/fr\/"},{"@type":"ListItem","position":2,"name":"Boutique","item":"https:\/\/shop.bantam.ch\/fr\/boutique\/"},{"@type":"ListItem","position":3,"name":"Kit d\u2019adaptateur, 3 pi\u00e8ces pour store de toit Dometic PerfectRoof 2000 + 2500 VW Crafter \u00e0 partir de 2017"}]},{"@type":"WebSite","@id":"https:\/\/shop.bantam.ch\/fr\/#website","url":"https:\/\/shop.bantam.ch\/fr\/","name":"Bantam Wankm\u00fcller SA","description":"","publisher":{"@id":"https:\/\/shop.bantam.ch\/fr\/#organization"},"inLanguage":"fr-FR"},{"@type":"Organization","@id":"https:\/\/shop.bantam.ch\/fr\/#organization","name":"Bantam Wankm\u00fcller SA","url":"https:\/\/shop.bantam.ch\/fr\/","logo":{"@type":"ImageObject","inLanguage":"fr-FR","@id":"https:\/\/shop.bantam.ch\/fr\/#\/schema\/logo\/image\/","url":"https:\/\/shop.bantam.ch\/wp-content\/uploads\/2022\/12\/bantam-logo.png","contentUrl":"https:\/\/shop.bantam.ch\/wp-content\/uploads\/2022\/12\/bantam-logo.png","width":320,"height":71,"caption":"Bantam Wankm\u00fcller SA"},"image":{"@id":"https:\/\/shop.bantam.ch\/fr\/#\/schema\/logo\/image\/"}}]}},"_links":{"self":[{"href":"https:\/\/shop.bantam.ch\/fr\/wp-json\/wp\/v2\/product\/74425","targetHints":{"allow":["GET"]}}],"collection":[{"href":"https:\/\/shop.bantam.ch\/fr\/wp-json\/wp\/v2\/product"}],"about":[{"href":"https:\/\/shop.bantam.ch\/fr\/wp-json\/wp\/v2\/types\/product"}],"wp:featuredmedia":[{"embeddable":true,"href":"https:\/\/shop.bantam.ch\/fr\/wp-json\/wp\/v2\/media\/74423"}],"wp:attachment":[{"href":"https:\/\/shop.bantam.ch\/fr\/wp-json\/wp\/v2\/media?parent=74425"}],"wp:term":[{"taxonomy":"product_featured_cat","embeddable":true,"href":"https:\/\/shop.bantam.ch\/fr\/wp-json\/wp\/v2\/product_featured_cat?post=74425"},{"taxonomy":"product_brand","embeddable":true,"href":"https:\/\/shop.bantam.ch\/fr\/wp-json\/wp\/v2\/product_brand?post=74425"},{"taxonomy":"product_cat","embeddable":true,"href":"https:\/\/shop.bantam.ch\/fr\/wp-json\/wp\/v2\/product_cat?post=74425"},{"taxonomy":"product_tag","embeddable":true,"href":"https:\/\/shop.bantam.ch\/fr\/wp-json\/wp\/v2\/product_tag?post=74425"}],"curies":[{"name":"wp","href":"https:\/\/api.w.org\/{rel}","templated":true}]}}