{"id":74359,"date":"2023-02-27T23:59:36","date_gmt":"2023-02-27T22:59:36","guid":{"rendered":"http:\/\/shop.bantam.ch\/produit\/cadenas-antivol-iven-chain-8210-110\/"},"modified":"2026-04-18T21:18:23","modified_gmt":"2026-04-18T19:18:23","slug":"cadenas-antivol-iven-chain-8210-110","status":"publish","type":"product","link":"https:\/\/shop.bantam.ch\/fr\/produit\/cadenas-antivol-iven-chain-8210-110\/","title":{"rendered":"Antivol ABUS Iven Chain 8210 \/ 110 noir"},"content":{"rendered":"<p>Cha\u00eene carr\u00e9e de 8 mm d&rsquo;\u00e9paisseur avec un nouveau rev\u00eatement en fibres synth\u00e9tiques Ivy fonctionnel pour prot\u00e9ger la peinture du v\u00e9lo. La cha\u00eene, le bo\u00eetier et certains \u00e9l\u00e9ments de fermeture sont en acier sp\u00e9cial c\u00e9ment\u00e9. Cylindre de fermeture de haute qualit\u00e9 avec cl\u00e9 r\u00e9versible conviviale pour une protection \u00e9lev\u00e9e contre les manipulations. Convient \u00e9galement pour la protection de mobylettes<\/p>\n<p>Contenu de la livraison :<br \/>livr\u00e9 avec deux cl\u00e9s<\/p>\n","protected":false},"excerpt":{"rendered":"<p>Cha\u00eene carr\u00e9e de 8 mm d&rsquo;\u00e9paisseur avec un nouveau rev\u00eatement en fibres synth\u00e9tiques Ivy fonctionnel pour prot\u00e9ger la peinture du v\u00e9lo. La cha\u00eene, le bo\u00eetier et certains \u00e9l\u00e9ments de fermeture sont en acier sp\u00e9cial c\u00e9ment\u00e9. Cylindre de fermeture de haute qualit\u00e9 avec cl\u00e9 r\u00e9versible conviviale pour une protection \u00e9lev\u00e9e contre les manipulations. Convient \u00e9galement pour [&hellip;]<\/p>\n","protected":false},"featured_media":74357,"template":"","meta":{"_acf_changed":false},"product_featured_cat":[],"product_brand":[3476],"product_cat":[5131],"product_tag":[],"class_list":{"0":"post-74359","1":"product","2":"type-product","3":"status-publish","4":"has-post-thumbnail","6":"product_brand-abus","7":"product_cat-serrures-universelles","9":"first","10":"instock","11":"taxable","12":"shipping-taxable","13":"purchasable","14":"product-type-simple"},"acf":[],"yoast_head":"<!-- This site is optimized with the Yoast SEO plugin v27.4 - https:\/\/yoast.com\/product\/yoast-seo-wordpress\/ -->\n<title>Antivol ABUS Iven Chain 8210 \/ 110 noir - Bantam Wankm\u00fcller SA<\/title>\n<meta name=\"robots\" content=\"index, follow, max-snippet:-1, max-image-preview:large, max-video-preview:-1\" \/>\n<link rel=\"canonical\" href=\"https:\/\/shop.bantam.ch\/fr\/produit\/cadenas-antivol-iven-chain-8210-110\/\" \/>\n<meta property=\"og:locale\" content=\"fr_FR\" \/>\n<meta property=\"og:type\" content=\"article\" \/>\n<meta property=\"og:title\" content=\"Antivol ABUS Iven Chain 8210 \/ 110 noir - Bantam Wankm\u00fcller SA\" \/>\n<meta property=\"og:description\" content=\"Cha\u00eene carr\u00e9e de 8 mm d&rsquo;\u00e9paisseur avec un nouveau rev\u00eatement en fibres synth\u00e9tiques Ivy fonctionnel pour prot\u00e9ger la peinture du v\u00e9lo. La cha\u00eene, le bo\u00eetier et certains \u00e9l\u00e9ments de fermeture sont en acier sp\u00e9cial c\u00e9ment\u00e9. Cylindre de fermeture de haute qualit\u00e9 avec cl\u00e9 r\u00e9versible conviviale pour une protection \u00e9lev\u00e9e contre les manipulations. Convient \u00e9galement pour [&hellip;]\" \/>\n<meta property=\"og:url\" content=\"https:\/\/shop.bantam.ch\/fr\/produit\/cadenas-antivol-iven-chain-8210-110\/\" \/>\n<meta property=\"og:site_name\" content=\"Bantam Wankm\u00fcller SA\" \/>\n<meta property=\"article:modified_time\" content=\"2026-04-18T19:18:23+00:00\" \/>\n<meta property=\"og:image\" content=\"https:\/\/shop.bantam.ch\/wp-content\/uploads\/2023\/02\/995380711.jpg\" \/>\n\t<meta property=\"og:image:width\" content=\"838\" \/>\n\t<meta property=\"og:image:height\" content=\"1000\" \/>\n\t<meta property=\"og:image:type\" content=\"image\/jpeg\" \/>\n<meta name=\"twitter:card\" content=\"summary_large_image\" \/>\n<script type=\"application\/ld+json\" class=\"yoast-schema-graph\">{\"@context\":\"https:\\\/\\\/schema.org\",\"@graph\":[{\"@type\":\"WebPage\",\"@id\":\"https:\\\/\\\/shop.bantam.ch\\\/fr\\\/produit\\\/cadenas-antivol-iven-chain-8210-110\\\/\",\"url\":\"https:\\\/\\\/shop.bantam.ch\\\/fr\\\/produit\\\/cadenas-antivol-iven-chain-8210-110\\\/\",\"name\":\"Antivol ABUS Iven Chain 8210 \\\/ 110 noir - Bantam Wankm\u00fcller SA\",\"isPartOf\":{\"@id\":\"https:\\\/\\\/shop.bantam.ch\\\/fr\\\/#website\"},\"primaryImageOfPage\":{\"@id\":\"https:\\\/\\\/shop.bantam.ch\\\/fr\\\/produit\\\/cadenas-antivol-iven-chain-8210-110\\\/#primaryimage\"},\"image\":{\"@id\":\"https:\\\/\\\/shop.bantam.ch\\\/fr\\\/produit\\\/cadenas-antivol-iven-chain-8210-110\\\/#primaryimage\"},\"thumbnailUrl\":\"https:\\\/\\\/shop.bantam.ch\\\/wp-content\\\/uploads\\\/2023\\\/02\\\/995380711.jpg\",\"datePublished\":\"2023-02-27T22:59:36+00:00\",\"dateModified\":\"2026-04-18T19:18:23+00:00\",\"breadcrumb\":{\"@id\":\"https:\\\/\\\/shop.bantam.ch\\\/fr\\\/produit\\\/cadenas-antivol-iven-chain-8210-110\\\/#breadcrumb\"},\"inLanguage\":\"fr-FR\",\"potentialAction\":[{\"@type\":\"ReadAction\",\"target\":[\"https:\\\/\\\/shop.bantam.ch\\\/fr\\\/produit\\\/cadenas-antivol-iven-chain-8210-110\\\/\"]}]},{\"@type\":\"ImageObject\",\"inLanguage\":\"fr-FR\",\"@id\":\"https:\\\/\\\/shop.bantam.ch\\\/fr\\\/produit\\\/cadenas-antivol-iven-chain-8210-110\\\/#primaryimage\",\"url\":\"https:\\\/\\\/shop.bantam.ch\\\/wp-content\\\/uploads\\\/2023\\\/02\\\/995380711.jpg\",\"contentUrl\":\"https:\\\/\\\/shop.bantam.ch\\\/wp-content\\\/uploads\\\/2023\\\/02\\\/995380711.jpg\",\"width\":838,\"height\":1000},{\"@type\":\"BreadcrumbList\",\"@id\":\"https:\\\/\\\/shop.bantam.ch\\\/fr\\\/produit\\\/cadenas-antivol-iven-chain-8210-110\\\/#breadcrumb\",\"itemListElement\":[{\"@type\":\"ListItem\",\"position\":1,\"name\":\"Accueil\",\"item\":\"https:\\\/\\\/shop.bantam.ch\\\/fr\\\/\"},{\"@type\":\"ListItem\",\"position\":2,\"name\":\"Boutique\",\"item\":\"https:\\\/\\\/shop.bantam.ch\\\/fr\\\/boutique\\\/\"},{\"@type\":\"ListItem\",\"position\":3,\"name\":\"Antivol ABUS Iven Chain 8210 \\\/ 110 noir\"}]},{\"@type\":\"WebSite\",\"@id\":\"https:\\\/\\\/shop.bantam.ch\\\/fr\\\/#website\",\"url\":\"https:\\\/\\\/shop.bantam.ch\\\/fr\\\/\",\"name\":\"Bantam Wankm\u00fcller SA\",\"description\":\"\",\"publisher\":{\"@id\":\"https:\\\/\\\/shop.bantam.ch\\\/fr\\\/#organization\"},\"inLanguage\":\"fr-FR\"},{\"@type\":\"Organization\",\"@id\":\"https:\\\/\\\/shop.bantam.ch\\\/fr\\\/#organization\",\"name\":\"Bantam Wankm\u00fcller SA\",\"url\":\"https:\\\/\\\/shop.bantam.ch\\\/fr\\\/\",\"logo\":{\"@type\":\"ImageObject\",\"inLanguage\":\"fr-FR\",\"@id\":\"https:\\\/\\\/shop.bantam.ch\\\/fr\\\/#\\\/schema\\\/logo\\\/image\\\/\",\"url\":\"https:\\\/\\\/shop.bantam.ch\\\/wp-content\\\/uploads\\\/2022\\\/12\\\/bantam-logo.png\",\"contentUrl\":\"https:\\\/\\\/shop.bantam.ch\\\/wp-content\\\/uploads\\\/2022\\\/12\\\/bantam-logo.png\",\"width\":320,\"height\":71,\"caption\":\"Bantam Wankm\u00fcller SA\"},\"image\":{\"@id\":\"https:\\\/\\\/shop.bantam.ch\\\/fr\\\/#\\\/schema\\\/logo\\\/image\\\/\"}}]}<\/script>\n<!-- \/ Yoast SEO plugin. -->","yoast_head_json":{"title":"Antivol ABUS Iven Chain 8210 \/ 110 noir - Bantam Wankm\u00fcller SA","robots":{"index":"index","follow":"follow","max-snippet":"max-snippet:-1","max-image-preview":"max-image-preview:large","max-video-preview":"max-video-preview:-1"},"canonical":"https:\/\/shop.bantam.ch\/fr\/produit\/cadenas-antivol-iven-chain-8210-110\/","og_locale":"fr_FR","og_type":"article","og_title":"Antivol ABUS Iven Chain 8210 \/ 110 noir - Bantam Wankm\u00fcller SA","og_description":"Cha\u00eene carr\u00e9e de 8 mm d&rsquo;\u00e9paisseur avec un nouveau rev\u00eatement en fibres synth\u00e9tiques Ivy fonctionnel pour prot\u00e9ger la peinture du v\u00e9lo. La cha\u00eene, le bo\u00eetier et certains \u00e9l\u00e9ments de fermeture sont en acier sp\u00e9cial c\u00e9ment\u00e9. Cylindre de fermeture de haute qualit\u00e9 avec cl\u00e9 r\u00e9versible conviviale pour une protection \u00e9lev\u00e9e contre les manipulations. Convient \u00e9galement pour [&hellip;]","og_url":"https:\/\/shop.bantam.ch\/fr\/produit\/cadenas-antivol-iven-chain-8210-110\/","og_site_name":"Bantam Wankm\u00fcller SA","article_modified_time":"2026-04-18T19:18:23+00:00","og_image":[{"width":838,"height":1000,"url":"https:\/\/shop.bantam.ch\/wp-content\/uploads\/2023\/02\/995380711.jpg","type":"image\/jpeg"}],"twitter_card":"summary_large_image","schema":{"@context":"https:\/\/schema.org","@graph":[{"@type":"WebPage","@id":"https:\/\/shop.bantam.ch\/fr\/produit\/cadenas-antivol-iven-chain-8210-110\/","url":"https:\/\/shop.bantam.ch\/fr\/produit\/cadenas-antivol-iven-chain-8210-110\/","name":"Antivol ABUS Iven Chain 8210 \/ 110 noir - Bantam Wankm\u00fcller SA","isPartOf":{"@id":"https:\/\/shop.bantam.ch\/fr\/#website"},"primaryImageOfPage":{"@id":"https:\/\/shop.bantam.ch\/fr\/produit\/cadenas-antivol-iven-chain-8210-110\/#primaryimage"},"image":{"@id":"https:\/\/shop.bantam.ch\/fr\/produit\/cadenas-antivol-iven-chain-8210-110\/#primaryimage"},"thumbnailUrl":"https:\/\/shop.bantam.ch\/wp-content\/uploads\/2023\/02\/995380711.jpg","datePublished":"2023-02-27T22:59:36+00:00","dateModified":"2026-04-18T19:18:23+00:00","breadcrumb":{"@id":"https:\/\/shop.bantam.ch\/fr\/produit\/cadenas-antivol-iven-chain-8210-110\/#breadcrumb"},"inLanguage":"fr-FR","potentialAction":[{"@type":"ReadAction","target":["https:\/\/shop.bantam.ch\/fr\/produit\/cadenas-antivol-iven-chain-8210-110\/"]}]},{"@type":"ImageObject","inLanguage":"fr-FR","@id":"https:\/\/shop.bantam.ch\/fr\/produit\/cadenas-antivol-iven-chain-8210-110\/#primaryimage","url":"https:\/\/shop.bantam.ch\/wp-content\/uploads\/2023\/02\/995380711.jpg","contentUrl":"https:\/\/shop.bantam.ch\/wp-content\/uploads\/2023\/02\/995380711.jpg","width":838,"height":1000},{"@type":"BreadcrumbList","@id":"https:\/\/shop.bantam.ch\/fr\/produit\/cadenas-antivol-iven-chain-8210-110\/#breadcrumb","itemListElement":[{"@type":"ListItem","position":1,"name":"Accueil","item":"https:\/\/shop.bantam.ch\/fr\/"},{"@type":"ListItem","position":2,"name":"Boutique","item":"https:\/\/shop.bantam.ch\/fr\/boutique\/"},{"@type":"ListItem","position":3,"name":"Antivol ABUS Iven Chain 8210 \/ 110 noir"}]},{"@type":"WebSite","@id":"https:\/\/shop.bantam.ch\/fr\/#website","url":"https:\/\/shop.bantam.ch\/fr\/","name":"Bantam Wankm\u00fcller SA","description":"","publisher":{"@id":"https:\/\/shop.bantam.ch\/fr\/#organization"},"inLanguage":"fr-FR"},{"@type":"Organization","@id":"https:\/\/shop.bantam.ch\/fr\/#organization","name":"Bantam Wankm\u00fcller SA","url":"https:\/\/shop.bantam.ch\/fr\/","logo":{"@type":"ImageObject","inLanguage":"fr-FR","@id":"https:\/\/shop.bantam.ch\/fr\/#\/schema\/logo\/image\/","url":"https:\/\/shop.bantam.ch\/wp-content\/uploads\/2022\/12\/bantam-logo.png","contentUrl":"https:\/\/shop.bantam.ch\/wp-content\/uploads\/2022\/12\/bantam-logo.png","width":320,"height":71,"caption":"Bantam Wankm\u00fcller SA"},"image":{"@id":"https:\/\/shop.bantam.ch\/fr\/#\/schema\/logo\/image\/"}}]}},"_links":{"self":[{"href":"https:\/\/shop.bantam.ch\/fr\/wp-json\/wp\/v2\/product\/74359","targetHints":{"allow":["GET"]}}],"collection":[{"href":"https:\/\/shop.bantam.ch\/fr\/wp-json\/wp\/v2\/product"}],"about":[{"href":"https:\/\/shop.bantam.ch\/fr\/wp-json\/wp\/v2\/types\/product"}],"wp:featuredmedia":[{"embeddable":true,"href":"https:\/\/shop.bantam.ch\/fr\/wp-json\/wp\/v2\/media\/74357"}],"wp:attachment":[{"href":"https:\/\/shop.bantam.ch\/fr\/wp-json\/wp\/v2\/media?parent=74359"}],"wp:term":[{"taxonomy":"product_featured_cat","embeddable":true,"href":"https:\/\/shop.bantam.ch\/fr\/wp-json\/wp\/v2\/product_featured_cat?post=74359"},{"taxonomy":"product_brand","embeddable":true,"href":"https:\/\/shop.bantam.ch\/fr\/wp-json\/wp\/v2\/product_brand?post=74359"},{"taxonomy":"product_cat","embeddable":true,"href":"https:\/\/shop.bantam.ch\/fr\/wp-json\/wp\/v2\/product_cat?post=74359"},{"taxonomy":"product_tag","embeddable":true,"href":"https:\/\/shop.bantam.ch\/fr\/wp-json\/wp\/v2\/product_tag?post=74359"}],"curies":[{"name":"wp","href":"https:\/\/api.w.org\/{rel}","templated":true}]}}