{"id":74355,"date":"2023-02-27T23:59:30","date_gmt":"2023-02-27T22:59:30","guid":{"rendered":"http:\/\/shop.bantam.ch\/produit\/antivol-tresor-1385-75\/"},"modified":"2026-04-18T21:18:22","modified_gmt":"2026-04-18T19:18:22","slug":"antivol-tresor-1385-75","status":"publish","type":"product","link":"https:\/\/shop.bantam.ch\/fr\/produit\/antivol-tresor-1385-75\/","title":{"rendered":"Antivol ABUS Tresor\u00a01385\/75 noir"},"content":{"rendered":"<p>Antivol Tresor <\/p>\n<ul>\n<li>Cha\u00eene \u00e0 maillons carr\u00e9s de 7 mm de diam\u00e8tre recouverte d\u00b4un gainage en tissu pour prot\u00e9ger la peinture du v\u00e9lo<\/li>\n<li>La chaine est en acier sp\u00e9cial c\u00e9ment\u00e9<\/li>\n<li>Bonne finition des molettes garantissant une tr\u00e8s bonne visibilit\u00e9 des chiffres \u00e0 long terme<\/li>\n<li>Protection sp\u00e9ciale contre l&rsquo;appropriation non autoris\u00e9e du code num\u00e9rique par manipulation du m\u00e9canisme<\/li>\n<li>Programmation individuelle du code <\/li>\n<\/ul>\n","protected":false},"excerpt":{"rendered":"<p>Antivol Tresor Cha\u00eene \u00e0 maillons carr\u00e9s de 7 mm de diam\u00e8tre recouverte d\u00b4un gainage en tissu pour prot\u00e9ger la peinture du v\u00e9lo La chaine est en acier sp\u00e9cial c\u00e9ment\u00e9 Bonne finition des molettes garantissant une tr\u00e8s bonne visibilit\u00e9 des chiffres \u00e0 long terme Protection sp\u00e9ciale contre l&rsquo;appropriation non autoris\u00e9e du code num\u00e9rique par manipulation du [&hellip;]<\/p>\n","protected":false},"featured_media":74353,"template":"","meta":{"_acf_changed":false},"product_featured_cat":[],"product_brand":[3476],"product_cat":[5131],"product_tag":[],"class_list":{"0":"post-74355","1":"product","2":"type-product","3":"status-publish","4":"has-post-thumbnail","6":"product_brand-abus","7":"product_cat-serrures-universelles","9":"first","10":"instock","11":"taxable","12":"shipping-taxable","13":"purchasable","14":"product-type-simple"},"acf":[],"yoast_head":"<!-- This site is optimized with the Yoast SEO plugin v27.4 - https:\/\/yoast.com\/product\/yoast-seo-wordpress\/ -->\n<title>Antivol ABUS Tresor\u00a01385\/75 noir - Bantam Wankm\u00fcller SA<\/title>\n<meta name=\"robots\" content=\"index, follow, max-snippet:-1, max-image-preview:large, max-video-preview:-1\" \/>\n<link rel=\"canonical\" href=\"https:\/\/shop.bantam.ch\/fr\/produit\/antivol-tresor-1385-75\/\" \/>\n<meta property=\"og:locale\" content=\"fr_FR\" \/>\n<meta property=\"og:type\" content=\"article\" \/>\n<meta property=\"og:title\" content=\"Antivol ABUS Tresor\u00a01385\/75 noir - Bantam Wankm\u00fcller SA\" \/>\n<meta property=\"og:description\" content=\"Antivol Tresor Cha\u00eene \u00e0 maillons carr\u00e9s de 7 mm de diam\u00e8tre recouverte d\u00b4un gainage en tissu pour prot\u00e9ger la peinture du v\u00e9lo La chaine est en acier sp\u00e9cial c\u00e9ment\u00e9 Bonne finition des molettes garantissant une tr\u00e8s bonne visibilit\u00e9 des chiffres \u00e0 long terme Protection sp\u00e9ciale contre l&rsquo;appropriation non autoris\u00e9e du code num\u00e9rique par manipulation du [&hellip;]\" \/>\n<meta property=\"og:url\" content=\"https:\/\/shop.bantam.ch\/fr\/produit\/antivol-tresor-1385-75\/\" \/>\n<meta property=\"og:site_name\" content=\"Bantam Wankm\u00fcller SA\" \/>\n<meta property=\"article:modified_time\" content=\"2026-04-18T19:18:22+00:00\" \/>\n<meta property=\"og:image\" content=\"https:\/\/shop.bantam.ch\/wp-content\/uploads\/2023\/02\/995380611.jpg\" \/>\n\t<meta property=\"og:image:width\" content=\"740\" \/>\n\t<meta property=\"og:image:height\" content=\"1000\" \/>\n\t<meta property=\"og:image:type\" content=\"image\/jpeg\" \/>\n<meta name=\"twitter:card\" content=\"summary_large_image\" \/>\n<script type=\"application\/ld+json\" class=\"yoast-schema-graph\">{\"@context\":\"https:\\\/\\\/schema.org\",\"@graph\":[{\"@type\":\"WebPage\",\"@id\":\"https:\\\/\\\/shop.bantam.ch\\\/fr\\\/produit\\\/antivol-tresor-1385-75\\\/\",\"url\":\"https:\\\/\\\/shop.bantam.ch\\\/fr\\\/produit\\\/antivol-tresor-1385-75\\\/\",\"name\":\"Antivol ABUS Tresor\u00a01385\\\/75 noir - Bantam Wankm\u00fcller SA\",\"isPartOf\":{\"@id\":\"https:\\\/\\\/shop.bantam.ch\\\/fr\\\/#website\"},\"primaryImageOfPage\":{\"@id\":\"https:\\\/\\\/shop.bantam.ch\\\/fr\\\/produit\\\/antivol-tresor-1385-75\\\/#primaryimage\"},\"image\":{\"@id\":\"https:\\\/\\\/shop.bantam.ch\\\/fr\\\/produit\\\/antivol-tresor-1385-75\\\/#primaryimage\"},\"thumbnailUrl\":\"https:\\\/\\\/shop.bantam.ch\\\/wp-content\\\/uploads\\\/2023\\\/02\\\/995380611.jpg\",\"datePublished\":\"2023-02-27T22:59:30+00:00\",\"dateModified\":\"2026-04-18T19:18:22+00:00\",\"breadcrumb\":{\"@id\":\"https:\\\/\\\/shop.bantam.ch\\\/fr\\\/produit\\\/antivol-tresor-1385-75\\\/#breadcrumb\"},\"inLanguage\":\"fr-FR\",\"potentialAction\":[{\"@type\":\"ReadAction\",\"target\":[\"https:\\\/\\\/shop.bantam.ch\\\/fr\\\/produit\\\/antivol-tresor-1385-75\\\/\"]}]},{\"@type\":\"ImageObject\",\"inLanguage\":\"fr-FR\",\"@id\":\"https:\\\/\\\/shop.bantam.ch\\\/fr\\\/produit\\\/antivol-tresor-1385-75\\\/#primaryimage\",\"url\":\"https:\\\/\\\/shop.bantam.ch\\\/wp-content\\\/uploads\\\/2023\\\/02\\\/995380611.jpg\",\"contentUrl\":\"https:\\\/\\\/shop.bantam.ch\\\/wp-content\\\/uploads\\\/2023\\\/02\\\/995380611.jpg\",\"width\":740,\"height\":1000},{\"@type\":\"BreadcrumbList\",\"@id\":\"https:\\\/\\\/shop.bantam.ch\\\/fr\\\/produit\\\/antivol-tresor-1385-75\\\/#breadcrumb\",\"itemListElement\":[{\"@type\":\"ListItem\",\"position\":1,\"name\":\"Accueil\",\"item\":\"https:\\\/\\\/shop.bantam.ch\\\/fr\\\/\"},{\"@type\":\"ListItem\",\"position\":2,\"name\":\"Boutique\",\"item\":\"https:\\\/\\\/shop.bantam.ch\\\/fr\\\/boutique\\\/\"},{\"@type\":\"ListItem\",\"position\":3,\"name\":\"Antivol ABUS Tresor\u00a01385\\\/75 noir\"}]},{\"@type\":\"WebSite\",\"@id\":\"https:\\\/\\\/shop.bantam.ch\\\/fr\\\/#website\",\"url\":\"https:\\\/\\\/shop.bantam.ch\\\/fr\\\/\",\"name\":\"Bantam Wankm\u00fcller SA\",\"description\":\"\",\"publisher\":{\"@id\":\"https:\\\/\\\/shop.bantam.ch\\\/fr\\\/#organization\"},\"inLanguage\":\"fr-FR\"},{\"@type\":\"Organization\",\"@id\":\"https:\\\/\\\/shop.bantam.ch\\\/fr\\\/#organization\",\"name\":\"Bantam Wankm\u00fcller SA\",\"url\":\"https:\\\/\\\/shop.bantam.ch\\\/fr\\\/\",\"logo\":{\"@type\":\"ImageObject\",\"inLanguage\":\"fr-FR\",\"@id\":\"https:\\\/\\\/shop.bantam.ch\\\/fr\\\/#\\\/schema\\\/logo\\\/image\\\/\",\"url\":\"https:\\\/\\\/shop.bantam.ch\\\/wp-content\\\/uploads\\\/2022\\\/12\\\/bantam-logo.png\",\"contentUrl\":\"https:\\\/\\\/shop.bantam.ch\\\/wp-content\\\/uploads\\\/2022\\\/12\\\/bantam-logo.png\",\"width\":320,\"height\":71,\"caption\":\"Bantam Wankm\u00fcller SA\"},\"image\":{\"@id\":\"https:\\\/\\\/shop.bantam.ch\\\/fr\\\/#\\\/schema\\\/logo\\\/image\\\/\"}}]}<\/script>\n<!-- \/ Yoast SEO plugin. -->","yoast_head_json":{"title":"Antivol ABUS Tresor\u00a01385\/75 noir - Bantam Wankm\u00fcller SA","robots":{"index":"index","follow":"follow","max-snippet":"max-snippet:-1","max-image-preview":"max-image-preview:large","max-video-preview":"max-video-preview:-1"},"canonical":"https:\/\/shop.bantam.ch\/fr\/produit\/antivol-tresor-1385-75\/","og_locale":"fr_FR","og_type":"article","og_title":"Antivol ABUS Tresor\u00a01385\/75 noir - Bantam Wankm\u00fcller SA","og_description":"Antivol Tresor Cha\u00eene \u00e0 maillons carr\u00e9s de 7 mm de diam\u00e8tre recouverte d\u00b4un gainage en tissu pour prot\u00e9ger la peinture du v\u00e9lo La chaine est en acier sp\u00e9cial c\u00e9ment\u00e9 Bonne finition des molettes garantissant une tr\u00e8s bonne visibilit\u00e9 des chiffres \u00e0 long terme Protection sp\u00e9ciale contre l&rsquo;appropriation non autoris\u00e9e du code num\u00e9rique par manipulation du [&hellip;]","og_url":"https:\/\/shop.bantam.ch\/fr\/produit\/antivol-tresor-1385-75\/","og_site_name":"Bantam Wankm\u00fcller SA","article_modified_time":"2026-04-18T19:18:22+00:00","og_image":[{"width":740,"height":1000,"url":"https:\/\/shop.bantam.ch\/wp-content\/uploads\/2023\/02\/995380611.jpg","type":"image\/jpeg"}],"twitter_card":"summary_large_image","schema":{"@context":"https:\/\/schema.org","@graph":[{"@type":"WebPage","@id":"https:\/\/shop.bantam.ch\/fr\/produit\/antivol-tresor-1385-75\/","url":"https:\/\/shop.bantam.ch\/fr\/produit\/antivol-tresor-1385-75\/","name":"Antivol ABUS Tresor\u00a01385\/75 noir - Bantam Wankm\u00fcller SA","isPartOf":{"@id":"https:\/\/shop.bantam.ch\/fr\/#website"},"primaryImageOfPage":{"@id":"https:\/\/shop.bantam.ch\/fr\/produit\/antivol-tresor-1385-75\/#primaryimage"},"image":{"@id":"https:\/\/shop.bantam.ch\/fr\/produit\/antivol-tresor-1385-75\/#primaryimage"},"thumbnailUrl":"https:\/\/shop.bantam.ch\/wp-content\/uploads\/2023\/02\/995380611.jpg","datePublished":"2023-02-27T22:59:30+00:00","dateModified":"2026-04-18T19:18:22+00:00","breadcrumb":{"@id":"https:\/\/shop.bantam.ch\/fr\/produit\/antivol-tresor-1385-75\/#breadcrumb"},"inLanguage":"fr-FR","potentialAction":[{"@type":"ReadAction","target":["https:\/\/shop.bantam.ch\/fr\/produit\/antivol-tresor-1385-75\/"]}]},{"@type":"ImageObject","inLanguage":"fr-FR","@id":"https:\/\/shop.bantam.ch\/fr\/produit\/antivol-tresor-1385-75\/#primaryimage","url":"https:\/\/shop.bantam.ch\/wp-content\/uploads\/2023\/02\/995380611.jpg","contentUrl":"https:\/\/shop.bantam.ch\/wp-content\/uploads\/2023\/02\/995380611.jpg","width":740,"height":1000},{"@type":"BreadcrumbList","@id":"https:\/\/shop.bantam.ch\/fr\/produit\/antivol-tresor-1385-75\/#breadcrumb","itemListElement":[{"@type":"ListItem","position":1,"name":"Accueil","item":"https:\/\/shop.bantam.ch\/fr\/"},{"@type":"ListItem","position":2,"name":"Boutique","item":"https:\/\/shop.bantam.ch\/fr\/boutique\/"},{"@type":"ListItem","position":3,"name":"Antivol ABUS Tresor\u00a01385\/75 noir"}]},{"@type":"WebSite","@id":"https:\/\/shop.bantam.ch\/fr\/#website","url":"https:\/\/shop.bantam.ch\/fr\/","name":"Bantam Wankm\u00fcller SA","description":"","publisher":{"@id":"https:\/\/shop.bantam.ch\/fr\/#organization"},"inLanguage":"fr-FR"},{"@type":"Organization","@id":"https:\/\/shop.bantam.ch\/fr\/#organization","name":"Bantam Wankm\u00fcller SA","url":"https:\/\/shop.bantam.ch\/fr\/","logo":{"@type":"ImageObject","inLanguage":"fr-FR","@id":"https:\/\/shop.bantam.ch\/fr\/#\/schema\/logo\/image\/","url":"https:\/\/shop.bantam.ch\/wp-content\/uploads\/2022\/12\/bantam-logo.png","contentUrl":"https:\/\/shop.bantam.ch\/wp-content\/uploads\/2022\/12\/bantam-logo.png","width":320,"height":71,"caption":"Bantam Wankm\u00fcller SA"},"image":{"@id":"https:\/\/shop.bantam.ch\/fr\/#\/schema\/logo\/image\/"}}]}},"_links":{"self":[{"href":"https:\/\/shop.bantam.ch\/fr\/wp-json\/wp\/v2\/product\/74355","targetHints":{"allow":["GET"]}}],"collection":[{"href":"https:\/\/shop.bantam.ch\/fr\/wp-json\/wp\/v2\/product"}],"about":[{"href":"https:\/\/shop.bantam.ch\/fr\/wp-json\/wp\/v2\/types\/product"}],"wp:featuredmedia":[{"embeddable":true,"href":"https:\/\/shop.bantam.ch\/fr\/wp-json\/wp\/v2\/media\/74353"}],"wp:attachment":[{"href":"https:\/\/shop.bantam.ch\/fr\/wp-json\/wp\/v2\/media?parent=74355"}],"wp:term":[{"taxonomy":"product_featured_cat","embeddable":true,"href":"https:\/\/shop.bantam.ch\/fr\/wp-json\/wp\/v2\/product_featured_cat?post=74355"},{"taxonomy":"product_brand","embeddable":true,"href":"https:\/\/shop.bantam.ch\/fr\/wp-json\/wp\/v2\/product_brand?post=74355"},{"taxonomy":"product_cat","embeddable":true,"href":"https:\/\/shop.bantam.ch\/fr\/wp-json\/wp\/v2\/product_cat?post=74355"},{"taxonomy":"product_tag","embeddable":true,"href":"https:\/\/shop.bantam.ch\/fr\/wp-json\/wp\/v2\/product_tag?post=74355"}],"curies":[{"name":"wp","href":"https:\/\/api.w.org\/{rel}","templated":true}]}}