{"id":74307,"date":"2023-02-27T23:58:27","date_gmt":"2023-02-27T22:58:27","guid":{"rendered":"http:\/\/shop.bantam.ch\/produit\/porte-velos-velospace-xt-13-broches-argent\/"},"modified":"2026-05-02T22:14:18","modified_gmt":"2026-05-02T20:14:18","slug":"porte-velos-velospace-xt-13-broches-argent","status":"publish","type":"product","link":"https:\/\/shop.bantam.ch\/fr\/produit\/porte-velos-velospace-xt-13-broches-argent\/","title":{"rendered":"Porte-v\u00e9los VeloSpace XT, 13 broches, argent"},"content":{"rendered":"<p>Le porte-v\u00e9los universel pour tous les types de v\u00e9los, des v\u00e9los \u00e9lectriques aux v\u00e9los pour enfants en passant par les fatbikes.<\/p>\n<ul>\n<li>Charge utile \u00e9lev\u00e9e, adapt\u00e9e pour les v\u00e9los \u00e9lectriques et les VTT lourds<\/li>\n<li>Distance particuli\u00e8rement importante entre les supports de roues (25 cm) pour une fixation facile des v\u00e9los de grande taille.<\/li>\n<li>La capacit\u00e9 de chargement peut \u00eatre augment\u00e9e d&rsquo;un v\u00e9lo suppl\u00e9mentaire en ajoutant l&rsquo;adaptateur pour v\u00e9lo Thule VeloSpace XT.<\/li>\n<li>Longs supports de roue pour le transport de v\u00e9los de grande taille (jantes allant jusqu&rsquo;\u00e0 1300 mm).<\/li>\n<li>Boucles micro-clip r\u00e9glables avec sangles \u00e0 serrage pour la fixation rapide des roues (jusqu&rsquo;\u00e0 4.7&Prime;) et le transport de v\u00e9los de grande taille<\/li>\n<li>Montage ais\u00e9 des v\u00e9los gr\u00e2ce aux bras de fixation amovibles avec limiteur de couple de serrage Thule AcuTight \u00e9mettant un \u00ab clic audible \u00bb lorsque le serrage optimal est atteint.<\/li>\n<li>Montage et r\u00e9glage ais\u00e9s du porte-v\u00e9los avant de fermer la poign\u00e9e de serrage gr\u00e2ce \u00e0 la stabilisation initiale de la fixation sur boule d&rsquo;attelage<\/li>\n<li>Le m\u00e9canisme de pliage pratique avec p\u00e9dale permet d&rsquo;acc\u00e9der facilement au coffre, m\u00eame avec des v\u00e9los sur le porte-v\u00e9los.<\/li>\n<li>Attachez votre v\u00e9lo sur le porte-v\u00e9los et le porte-v\u00e9los sur la boule d\u2019attelage (cadenas fournis)<\/li>\n<li>\u00c0 associer au Thule BackSpace XT pour cr\u00e9er un porte-charge universel et b\u00e9n\u00e9ficier d\u2019un espace de chargement suppl\u00e9mentaire de 300 litres facilement accessible<\/li>\n<\/ul>\n<p>\u00a0<\/p>\n<p>Contenu de la livraison :<br \/>sans rail de fixation<\/p>\n","protected":false},"excerpt":{"rendered":"<p>Le porte-v\u00e9los universel pour tous les types de v\u00e9los, des v\u00e9los \u00e9lectriques aux v\u00e9los pour enfants en passant par les fatbikes. Charge utile \u00e9lev\u00e9e, adapt\u00e9e pour les v\u00e9los \u00e9lectriques et les VTT lourds Distance particuli\u00e8rement importante entre les supports de roues (25 cm) pour une fixation facile des v\u00e9los de grande taille. La capacit\u00e9 de [&hellip;]<\/p>\n","protected":false},"featured_media":74295,"template":"","meta":{"_acf_changed":false},"product_featured_cat":[],"product_brand":[3046],"product_cat":[4693],"product_tag":[],"class_list":{"0":"post-74307","1":"product","2":"type-product","3":"status-publish","4":"has-post-thumbnail","6":"product_brand-thule","7":"product_cat-porte-velos-dattelage","9":"first","10":"instock","11":"taxable","12":"shipping-taxable","13":"purchasable","14":"product-type-variable"},"acf":[],"yoast_head":"<!-- This site is optimized with the Yoast SEO plugin v27.5 - https:\/\/yoast.com\/product\/yoast-seo-wordpress\/ -->\n<title>Porte-v\u00e9los VeloSpace XT, 13 broches, argent - Bantam<\/title>\n<meta name=\"robots\" content=\"index, follow, max-snippet:-1, max-image-preview:large, max-video-preview:-1\" \/>\n<link rel=\"canonical\" href=\"https:\/\/shop.bantam.ch\/fr\/produit\/porte-velos-velospace-xt-13-broches-argent\/\" \/>\n<meta property=\"og:locale\" content=\"fr_FR\" \/>\n<meta property=\"og:type\" content=\"article\" \/>\n<meta property=\"og:title\" content=\"Porte-v\u00e9los VeloSpace XT, 13 broches, argent - Bantam\" \/>\n<meta property=\"og:description\" content=\"Le porte-v\u00e9los universel pour tous les types de v\u00e9los, des v\u00e9los \u00e9lectriques aux v\u00e9los pour enfants en passant par les fatbikes. Charge utile \u00e9lev\u00e9e, adapt\u00e9e pour les v\u00e9los \u00e9lectriques et les VTT lourds Distance particuli\u00e8rement importante entre les supports de roues (25 cm) pour une fixation facile des v\u00e9los de grande taille. La capacit\u00e9 de [&hellip;]\" \/>\n<meta property=\"og:url\" content=\"https:\/\/shop.bantam.ch\/fr\/produit\/porte-velos-velospace-xt-13-broches-argent\/\" \/>\n<meta property=\"og:site_name\" content=\"Bantam\" \/>\n<meta property=\"article:modified_time\" content=\"2026-05-02T20:14:18+00:00\" \/>\n<meta property=\"og:image\" content=\"https:\/\/shop.bantam.ch\/wp-content\/uploads\/2023\/02\/995379811.jpg\" \/>\n\t<meta property=\"og:image:width\" content=\"500\" \/>\n\t<meta property=\"og:image:height\" content=\"354\" \/>\n\t<meta property=\"og:image:type\" content=\"image\/jpeg\" \/>\n<meta name=\"twitter:card\" content=\"summary_large_image\" \/>\n<meta name=\"twitter:label1\" content=\"Dur\u00e9e de lecture estim\u00e9e\" \/>\n\t<meta name=\"twitter:data1\" content=\"1 minute\" \/>\n<script type=\"application\/ld+json\" class=\"yoast-schema-graph\">{\"@context\":\"https:\\\/\\\/schema.org\",\"@graph\":[{\"@type\":\"WebPage\",\"@id\":\"https:\\\/\\\/shop.bantam.ch\\\/fr\\\/produit\\\/porte-velos-velospace-xt-13-broches-argent\\\/\",\"url\":\"https:\\\/\\\/shop.bantam.ch\\\/fr\\\/produit\\\/porte-velos-velospace-xt-13-broches-argent\\\/\",\"name\":\"Porte-v\u00e9los VeloSpace XT, 13 broches, argent - Bantam\",\"isPartOf\":{\"@id\":\"https:\\\/\\\/shop.bantam.ch\\\/fr\\\/#website\"},\"primaryImageOfPage\":{\"@id\":\"https:\\\/\\\/shop.bantam.ch\\\/fr\\\/produit\\\/porte-velos-velospace-xt-13-broches-argent\\\/#primaryimage\"},\"image\":{\"@id\":\"https:\\\/\\\/shop.bantam.ch\\\/fr\\\/produit\\\/porte-velos-velospace-xt-13-broches-argent\\\/#primaryimage\"},\"thumbnailUrl\":\"https:\\\/\\\/shop.bantam.ch\\\/wp-content\\\/uploads\\\/2023\\\/02\\\/995379811.jpg\",\"datePublished\":\"2023-02-27T22:58:27+00:00\",\"dateModified\":\"2026-05-02T20:14:18+00:00\",\"breadcrumb\":{\"@id\":\"https:\\\/\\\/shop.bantam.ch\\\/fr\\\/produit\\\/porte-velos-velospace-xt-13-broches-argent\\\/#breadcrumb\"},\"inLanguage\":\"fr-FR\",\"potentialAction\":[{\"@type\":\"ReadAction\",\"target\":[\"https:\\\/\\\/shop.bantam.ch\\\/fr\\\/produit\\\/porte-velos-velospace-xt-13-broches-argent\\\/\"]}]},{\"@type\":\"ImageObject\",\"inLanguage\":\"fr-FR\",\"@id\":\"https:\\\/\\\/shop.bantam.ch\\\/fr\\\/produit\\\/porte-velos-velospace-xt-13-broches-argent\\\/#primaryimage\",\"url\":\"https:\\\/\\\/shop.bantam.ch\\\/wp-content\\\/uploads\\\/2023\\\/02\\\/995379811.jpg\",\"contentUrl\":\"https:\\\/\\\/shop.bantam.ch\\\/wp-content\\\/uploads\\\/2023\\\/02\\\/995379811.jpg\",\"width\":500,\"height\":354},{\"@type\":\"BreadcrumbList\",\"@id\":\"https:\\\/\\\/shop.bantam.ch\\\/fr\\\/produit\\\/porte-velos-velospace-xt-13-broches-argent\\\/#breadcrumb\",\"itemListElement\":[{\"@type\":\"ListItem\",\"position\":1,\"name\":\"Accueil\",\"item\":\"https:\\\/\\\/shop.bantam.ch\\\/fr\\\/\"},{\"@type\":\"ListItem\",\"position\":2,\"name\":\"Boutique\",\"item\":\"https:\\\/\\\/shop.bantam.ch\\\/fr\\\/boutique\\\/\"},{\"@type\":\"ListItem\",\"position\":3,\"name\":\"Porte-v\u00e9los VeloSpace XT, 13 broches, argent\"}]},{\"@type\":\"WebSite\",\"@id\":\"https:\\\/\\\/shop.bantam.ch\\\/fr\\\/#website\",\"url\":\"https:\\\/\\\/shop.bantam.ch\\\/fr\\\/\",\"name\":\"Bantam\",\"description\":\"\",\"publisher\":{\"@id\":\"https:\\\/\\\/shop.bantam.ch\\\/fr\\\/#organization\"},\"inLanguage\":\"fr-FR\"},{\"@type\":\"Organization\",\"@id\":\"https:\\\/\\\/shop.bantam.ch\\\/fr\\\/#organization\",\"name\":\"Bantam\",\"url\":\"https:\\\/\\\/shop.bantam.ch\\\/fr\\\/\",\"logo\":{\"@type\":\"ImageObject\",\"inLanguage\":\"fr-FR\",\"@id\":\"https:\\\/\\\/shop.bantam.ch\\\/fr\\\/#\\\/schema\\\/logo\\\/image\\\/\",\"url\":\"https:\\\/\\\/shop.bantam.ch\\\/wp-content\\\/uploads\\\/2022\\\/12\\\/bantam-logo.png\",\"contentUrl\":\"https:\\\/\\\/shop.bantam.ch\\\/wp-content\\\/uploads\\\/2022\\\/12\\\/bantam-logo.png\",\"width\":320,\"height\":71,\"caption\":\"Bantam\"},\"image\":{\"@id\":\"https:\\\/\\\/shop.bantam.ch\\\/fr\\\/#\\\/schema\\\/logo\\\/image\\\/\"}}]}<\/script>\n<!-- \/ Yoast SEO plugin. -->","yoast_head_json":{"title":"Porte-v\u00e9los VeloSpace XT, 13 broches, argent - Bantam","robots":{"index":"index","follow":"follow","max-snippet":"max-snippet:-1","max-image-preview":"max-image-preview:large","max-video-preview":"max-video-preview:-1"},"canonical":"https:\/\/shop.bantam.ch\/fr\/produit\/porte-velos-velospace-xt-13-broches-argent\/","og_locale":"fr_FR","og_type":"article","og_title":"Porte-v\u00e9los VeloSpace XT, 13 broches, argent - Bantam","og_description":"Le porte-v\u00e9los universel pour tous les types de v\u00e9los, des v\u00e9los \u00e9lectriques aux v\u00e9los pour enfants en passant par les fatbikes. Charge utile \u00e9lev\u00e9e, adapt\u00e9e pour les v\u00e9los \u00e9lectriques et les VTT lourds Distance particuli\u00e8rement importante entre les supports de roues (25 cm) pour une fixation facile des v\u00e9los de grande taille. La capacit\u00e9 de [&hellip;]","og_url":"https:\/\/shop.bantam.ch\/fr\/produit\/porte-velos-velospace-xt-13-broches-argent\/","og_site_name":"Bantam","article_modified_time":"2026-05-02T20:14:18+00:00","og_image":[{"width":500,"height":354,"url":"https:\/\/shop.bantam.ch\/wp-content\/uploads\/2023\/02\/995379811.jpg","type":"image\/jpeg"}],"twitter_card":"summary_large_image","twitter_misc":{"Dur\u00e9e de lecture estim\u00e9e":"1 minute"},"schema":{"@context":"https:\/\/schema.org","@graph":[{"@type":"WebPage","@id":"https:\/\/shop.bantam.ch\/fr\/produit\/porte-velos-velospace-xt-13-broches-argent\/","url":"https:\/\/shop.bantam.ch\/fr\/produit\/porte-velos-velospace-xt-13-broches-argent\/","name":"Porte-v\u00e9los VeloSpace XT, 13 broches, argent - Bantam","isPartOf":{"@id":"https:\/\/shop.bantam.ch\/fr\/#website"},"primaryImageOfPage":{"@id":"https:\/\/shop.bantam.ch\/fr\/produit\/porte-velos-velospace-xt-13-broches-argent\/#primaryimage"},"image":{"@id":"https:\/\/shop.bantam.ch\/fr\/produit\/porte-velos-velospace-xt-13-broches-argent\/#primaryimage"},"thumbnailUrl":"https:\/\/shop.bantam.ch\/wp-content\/uploads\/2023\/02\/995379811.jpg","datePublished":"2023-02-27T22:58:27+00:00","dateModified":"2026-05-02T20:14:18+00:00","breadcrumb":{"@id":"https:\/\/shop.bantam.ch\/fr\/produit\/porte-velos-velospace-xt-13-broches-argent\/#breadcrumb"},"inLanguage":"fr-FR","potentialAction":[{"@type":"ReadAction","target":["https:\/\/shop.bantam.ch\/fr\/produit\/porte-velos-velospace-xt-13-broches-argent\/"]}]},{"@type":"ImageObject","inLanguage":"fr-FR","@id":"https:\/\/shop.bantam.ch\/fr\/produit\/porte-velos-velospace-xt-13-broches-argent\/#primaryimage","url":"https:\/\/shop.bantam.ch\/wp-content\/uploads\/2023\/02\/995379811.jpg","contentUrl":"https:\/\/shop.bantam.ch\/wp-content\/uploads\/2023\/02\/995379811.jpg","width":500,"height":354},{"@type":"BreadcrumbList","@id":"https:\/\/shop.bantam.ch\/fr\/produit\/porte-velos-velospace-xt-13-broches-argent\/#breadcrumb","itemListElement":[{"@type":"ListItem","position":1,"name":"Accueil","item":"https:\/\/shop.bantam.ch\/fr\/"},{"@type":"ListItem","position":2,"name":"Boutique","item":"https:\/\/shop.bantam.ch\/fr\/boutique\/"},{"@type":"ListItem","position":3,"name":"Porte-v\u00e9los VeloSpace XT, 13 broches, argent"}]},{"@type":"WebSite","@id":"https:\/\/shop.bantam.ch\/fr\/#website","url":"https:\/\/shop.bantam.ch\/fr\/","name":"Bantam","description":"","publisher":{"@id":"https:\/\/shop.bantam.ch\/fr\/#organization"},"inLanguage":"fr-FR"},{"@type":"Organization","@id":"https:\/\/shop.bantam.ch\/fr\/#organization","name":"Bantam","url":"https:\/\/shop.bantam.ch\/fr\/","logo":{"@type":"ImageObject","inLanguage":"fr-FR","@id":"https:\/\/shop.bantam.ch\/fr\/#\/schema\/logo\/image\/","url":"https:\/\/shop.bantam.ch\/wp-content\/uploads\/2022\/12\/bantam-logo.png","contentUrl":"https:\/\/shop.bantam.ch\/wp-content\/uploads\/2022\/12\/bantam-logo.png","width":320,"height":71,"caption":"Bantam"},"image":{"@id":"https:\/\/shop.bantam.ch\/fr\/#\/schema\/logo\/image\/"}}]}},"_links":{"self":[{"href":"https:\/\/shop.bantam.ch\/fr\/wp-json\/wp\/v2\/product\/74307","targetHints":{"allow":["GET"]}}],"collection":[{"href":"https:\/\/shop.bantam.ch\/fr\/wp-json\/wp\/v2\/product"}],"about":[{"href":"https:\/\/shop.bantam.ch\/fr\/wp-json\/wp\/v2\/types\/product"}],"wp:featuredmedia":[{"embeddable":true,"href":"https:\/\/shop.bantam.ch\/fr\/wp-json\/wp\/v2\/media\/74295"}],"wp:attachment":[{"href":"https:\/\/shop.bantam.ch\/fr\/wp-json\/wp\/v2\/media?parent=74307"}],"wp:term":[{"taxonomy":"product_featured_cat","embeddable":true,"href":"https:\/\/shop.bantam.ch\/fr\/wp-json\/wp\/v2\/product_featured_cat?post=74307"},{"taxonomy":"product_brand","embeddable":true,"href":"https:\/\/shop.bantam.ch\/fr\/wp-json\/wp\/v2\/product_brand?post=74307"},{"taxonomy":"product_cat","embeddable":true,"href":"https:\/\/shop.bantam.ch\/fr\/wp-json\/wp\/v2\/product_cat?post=74307"},{"taxonomy":"product_tag","embeddable":true,"href":"https:\/\/shop.bantam.ch\/fr\/wp-json\/wp\/v2\/product_tag?post=74307"}],"curies":[{"name":"wp","href":"https:\/\/api.w.org\/{rel}","templated":true}]}}