{"id":74071,"date":"2023-02-27T23:54:28","date_gmt":"2023-02-27T22:54:28","guid":{"rendered":"http:\/\/shop.bantam.ch\/produit\/porte-moto-velo-slide-170-fiat-ducato\/"},"modified":"2026-05-01T22:13:36","modified_gmt":"2026-05-01T20:13:36","slug":"porte-moto-velo-slide-170-fiat-ducato","status":"publish","type":"product","link":"https:\/\/shop.bantam.ch\/fr\/produit\/porte-moto-velo-slide-170-fiat-ducato\/","title":{"rendered":"Porte moto\/v\u00e9lo Slide 170, Fiat Ducato"},"content":{"rendered":"<p>Porte-v\u00e9lo et porte-moto mobile et amovible pour fourgonnettes. Le support peut \u00eatre charg\u00e9 avec la moto et d\u00e9cal\u00e9 sur la gauche pour que la porte arri\u00e8re droite puisse \u00eatre ouverte. Une fois le support d\u00e9charg\u00e9, les deux portes arri\u00e8re peuvent \u00eatre ouvertes apr\u00e8s le d\u00e9montage de l\u2019\u00e9trier d&rsquo;appui. Le support est rapidement d\u00e9montable et polyvalent, par exemple pour transporter jusqu&rsquo;\u00e0 4 v\u00e9los en combinaison avec un kit d&rsquo;extension. Dans certains cas, le montage est \u00e9galement possible avec l&rsquo;attelage de remorque mont\u00e9. Faible poids propre car essentiellement compos\u00e9 d&rsquo;aluminium.<\/p>\n<p>\u00a0<\/p>\n<ul>\n<li>Fiat Ducato type 250 \/ Citro\u00ebn Jumper \/ Peugeot Boxer apr\u00e8s 06\/2006<\/li>\n<\/ul>\n<p>Contenu de la livraison :<br \/>Support pr\u00e9mont\u00e9<br \/>Eclairage avec connecteur 13 p\u00f4les inclus<br \/>Fixations sp\u00e9cifiques au v\u00e9hicule (env. + 8-20 kg)<br \/>Rampe<br \/>Syst\u00e8me de fixation<br \/>Kit de fixation<br \/>Bras de maintien pour 1 scooter\/moto<br \/>Homologation CEE<\/p>\n<p>\u00a0<\/p>\n","protected":false},"excerpt":{"rendered":"<p>Porte-v\u00e9lo et porte-moto mobile et amovible pour fourgonnettes. Le support peut \u00eatre charg\u00e9 avec la moto et d\u00e9cal\u00e9 sur la gauche pour que la porte arri\u00e8re droite puisse \u00eatre ouverte. Une fois le support d\u00e9charg\u00e9, les deux portes arri\u00e8re peuvent \u00eatre ouvertes apr\u00e8s le d\u00e9montage de l\u2019\u00e9trier d&rsquo;appui. Le support est rapidement d\u00e9montable et polyvalent, [&hellip;]<\/p>\n","protected":false},"featured_media":74067,"template":"","meta":{"_acf_changed":false},"product_featured_cat":[],"product_brand":[3152],"product_cat":[4695,5137],"product_tag":[],"class_list":{"0":"post-74071","1":"product","2":"type-product","3":"status-publish","4":"has-post-thumbnail","6":"product_brand-weih-tec","7":"product_cat-porte-moto","8":"product_cat-porte-velos-arriere","10":"first","11":"instock","12":"taxable","13":"shipping-taxable","14":"purchasable","15":"product-type-variable"},"acf":[],"yoast_head":"<!-- This site is optimized with the Yoast SEO plugin v27.5 - https:\/\/yoast.com\/product\/yoast-seo-wordpress\/ -->\n<title>Porte moto\/v\u00e9lo Slide 170, Fiat Ducato - Bantam<\/title>\n<meta name=\"robots\" content=\"index, follow, max-snippet:-1, max-image-preview:large, max-video-preview:-1\" \/>\n<link rel=\"canonical\" href=\"https:\/\/shop.bantam.ch\/fr\/produit\/porte-moto-velo-slide-170-fiat-ducato\/\" \/>\n<meta property=\"og:locale\" content=\"fr_FR\" \/>\n<meta property=\"og:type\" content=\"article\" \/>\n<meta property=\"og:title\" content=\"Porte moto\/v\u00e9lo Slide 170, Fiat Ducato - Bantam\" \/>\n<meta property=\"og:description\" content=\"Porte-v\u00e9lo et porte-moto mobile et amovible pour fourgonnettes. Le support peut \u00eatre charg\u00e9 avec la moto et d\u00e9cal\u00e9 sur la gauche pour que la porte arri\u00e8re droite puisse \u00eatre ouverte. Une fois le support d\u00e9charg\u00e9, les deux portes arri\u00e8re peuvent \u00eatre ouvertes apr\u00e8s le d\u00e9montage de l\u2019\u00e9trier d&rsquo;appui. Le support est rapidement d\u00e9montable et polyvalent, [&hellip;]\" \/>\n<meta property=\"og:url\" content=\"https:\/\/shop.bantam.ch\/fr\/produit\/porte-moto-velo-slide-170-fiat-ducato\/\" \/>\n<meta property=\"og:site_name\" content=\"Bantam\" \/>\n<meta property=\"article:modified_time\" content=\"2026-05-01T20:13:36+00:00\" \/>\n<meta property=\"og:image\" content=\"https:\/\/shop.bantam.ch\/wp-content\/uploads\/2023\/02\/994228411hJvERW0Xb8uOo.jpg\" \/>\n\t<meta property=\"og:image:width\" content=\"500\" \/>\n\t<meta property=\"og:image:height\" content=\"445\" \/>\n\t<meta property=\"og:image:type\" content=\"image\/jpeg\" \/>\n<meta name=\"twitter:card\" content=\"summary_large_image\" \/>\n<meta name=\"twitter:label1\" content=\"Dur\u00e9e de lecture estim\u00e9e\" \/>\n\t<meta name=\"twitter:data1\" content=\"1 minute\" \/>\n<script type=\"application\/ld+json\" class=\"yoast-schema-graph\">{\"@context\":\"https:\\\/\\\/schema.org\",\"@graph\":[{\"@type\":\"WebPage\",\"@id\":\"https:\\\/\\\/shop.bantam.ch\\\/fr\\\/produit\\\/porte-moto-velo-slide-170-fiat-ducato\\\/\",\"url\":\"https:\\\/\\\/shop.bantam.ch\\\/fr\\\/produit\\\/porte-moto-velo-slide-170-fiat-ducato\\\/\",\"name\":\"Porte moto\\\/v\u00e9lo Slide 170, Fiat Ducato - Bantam\",\"isPartOf\":{\"@id\":\"https:\\\/\\\/shop.bantam.ch\\\/fr\\\/#website\"},\"primaryImageOfPage\":{\"@id\":\"https:\\\/\\\/shop.bantam.ch\\\/fr\\\/produit\\\/porte-moto-velo-slide-170-fiat-ducato\\\/#primaryimage\"},\"image\":{\"@id\":\"https:\\\/\\\/shop.bantam.ch\\\/fr\\\/produit\\\/porte-moto-velo-slide-170-fiat-ducato\\\/#primaryimage\"},\"thumbnailUrl\":\"https:\\\/\\\/shop.bantam.ch\\\/wp-content\\\/uploads\\\/2023\\\/02\\\/994228411hJvERW0Xb8uOo.jpg\",\"datePublished\":\"2023-02-27T22:54:28+00:00\",\"dateModified\":\"2026-05-01T20:13:36+00:00\",\"breadcrumb\":{\"@id\":\"https:\\\/\\\/shop.bantam.ch\\\/fr\\\/produit\\\/porte-moto-velo-slide-170-fiat-ducato\\\/#breadcrumb\"},\"inLanguage\":\"fr-FR\",\"potentialAction\":[{\"@type\":\"ReadAction\",\"target\":[\"https:\\\/\\\/shop.bantam.ch\\\/fr\\\/produit\\\/porte-moto-velo-slide-170-fiat-ducato\\\/\"]}]},{\"@type\":\"ImageObject\",\"inLanguage\":\"fr-FR\",\"@id\":\"https:\\\/\\\/shop.bantam.ch\\\/fr\\\/produit\\\/porte-moto-velo-slide-170-fiat-ducato\\\/#primaryimage\",\"url\":\"https:\\\/\\\/shop.bantam.ch\\\/wp-content\\\/uploads\\\/2023\\\/02\\\/994228411hJvERW0Xb8uOo.jpg\",\"contentUrl\":\"https:\\\/\\\/shop.bantam.ch\\\/wp-content\\\/uploads\\\/2023\\\/02\\\/994228411hJvERW0Xb8uOo.jpg\",\"width\":500,\"height\":445},{\"@type\":\"BreadcrumbList\",\"@id\":\"https:\\\/\\\/shop.bantam.ch\\\/fr\\\/produit\\\/porte-moto-velo-slide-170-fiat-ducato\\\/#breadcrumb\",\"itemListElement\":[{\"@type\":\"ListItem\",\"position\":1,\"name\":\"Accueil\",\"item\":\"https:\\\/\\\/shop.bantam.ch\\\/fr\\\/\"},{\"@type\":\"ListItem\",\"position\":2,\"name\":\"Boutique\",\"item\":\"https:\\\/\\\/shop.bantam.ch\\\/fr\\\/boutique\\\/\"},{\"@type\":\"ListItem\",\"position\":3,\"name\":\"Porte moto\\\/v\u00e9lo Slide 170, Fiat Ducato\"}]},{\"@type\":\"WebSite\",\"@id\":\"https:\\\/\\\/shop.bantam.ch\\\/fr\\\/#website\",\"url\":\"https:\\\/\\\/shop.bantam.ch\\\/fr\\\/\",\"name\":\"Bantam\",\"description\":\"\",\"publisher\":{\"@id\":\"https:\\\/\\\/shop.bantam.ch\\\/fr\\\/#organization\"},\"inLanguage\":\"fr-FR\"},{\"@type\":\"Organization\",\"@id\":\"https:\\\/\\\/shop.bantam.ch\\\/fr\\\/#organization\",\"name\":\"Bantam\",\"url\":\"https:\\\/\\\/shop.bantam.ch\\\/fr\\\/\",\"logo\":{\"@type\":\"ImageObject\",\"inLanguage\":\"fr-FR\",\"@id\":\"https:\\\/\\\/shop.bantam.ch\\\/fr\\\/#\\\/schema\\\/logo\\\/image\\\/\",\"url\":\"https:\\\/\\\/shop.bantam.ch\\\/wp-content\\\/uploads\\\/2022\\\/12\\\/bantam-logo.png\",\"contentUrl\":\"https:\\\/\\\/shop.bantam.ch\\\/wp-content\\\/uploads\\\/2022\\\/12\\\/bantam-logo.png\",\"width\":320,\"height\":71,\"caption\":\"Bantam\"},\"image\":{\"@id\":\"https:\\\/\\\/shop.bantam.ch\\\/fr\\\/#\\\/schema\\\/logo\\\/image\\\/\"}}]}<\/script>\n<!-- \/ Yoast SEO plugin. -->","yoast_head_json":{"title":"Porte moto\/v\u00e9lo Slide 170, Fiat Ducato - Bantam","robots":{"index":"index","follow":"follow","max-snippet":"max-snippet:-1","max-image-preview":"max-image-preview:large","max-video-preview":"max-video-preview:-1"},"canonical":"https:\/\/shop.bantam.ch\/fr\/produit\/porte-moto-velo-slide-170-fiat-ducato\/","og_locale":"fr_FR","og_type":"article","og_title":"Porte moto\/v\u00e9lo Slide 170, Fiat Ducato - Bantam","og_description":"Porte-v\u00e9lo et porte-moto mobile et amovible pour fourgonnettes. Le support peut \u00eatre charg\u00e9 avec la moto et d\u00e9cal\u00e9 sur la gauche pour que la porte arri\u00e8re droite puisse \u00eatre ouverte. Une fois le support d\u00e9charg\u00e9, les deux portes arri\u00e8re peuvent \u00eatre ouvertes apr\u00e8s le d\u00e9montage de l\u2019\u00e9trier d&rsquo;appui. Le support est rapidement d\u00e9montable et polyvalent, [&hellip;]","og_url":"https:\/\/shop.bantam.ch\/fr\/produit\/porte-moto-velo-slide-170-fiat-ducato\/","og_site_name":"Bantam","article_modified_time":"2026-05-01T20:13:36+00:00","og_image":[{"width":500,"height":445,"url":"https:\/\/shop.bantam.ch\/wp-content\/uploads\/2023\/02\/994228411hJvERW0Xb8uOo.jpg","type":"image\/jpeg"}],"twitter_card":"summary_large_image","twitter_misc":{"Dur\u00e9e de lecture estim\u00e9e":"1 minute"},"schema":{"@context":"https:\/\/schema.org","@graph":[{"@type":"WebPage","@id":"https:\/\/shop.bantam.ch\/fr\/produit\/porte-moto-velo-slide-170-fiat-ducato\/","url":"https:\/\/shop.bantam.ch\/fr\/produit\/porte-moto-velo-slide-170-fiat-ducato\/","name":"Porte moto\/v\u00e9lo Slide 170, Fiat Ducato - Bantam","isPartOf":{"@id":"https:\/\/shop.bantam.ch\/fr\/#website"},"primaryImageOfPage":{"@id":"https:\/\/shop.bantam.ch\/fr\/produit\/porte-moto-velo-slide-170-fiat-ducato\/#primaryimage"},"image":{"@id":"https:\/\/shop.bantam.ch\/fr\/produit\/porte-moto-velo-slide-170-fiat-ducato\/#primaryimage"},"thumbnailUrl":"https:\/\/shop.bantam.ch\/wp-content\/uploads\/2023\/02\/994228411hJvERW0Xb8uOo.jpg","datePublished":"2023-02-27T22:54:28+00:00","dateModified":"2026-05-01T20:13:36+00:00","breadcrumb":{"@id":"https:\/\/shop.bantam.ch\/fr\/produit\/porte-moto-velo-slide-170-fiat-ducato\/#breadcrumb"},"inLanguage":"fr-FR","potentialAction":[{"@type":"ReadAction","target":["https:\/\/shop.bantam.ch\/fr\/produit\/porte-moto-velo-slide-170-fiat-ducato\/"]}]},{"@type":"ImageObject","inLanguage":"fr-FR","@id":"https:\/\/shop.bantam.ch\/fr\/produit\/porte-moto-velo-slide-170-fiat-ducato\/#primaryimage","url":"https:\/\/shop.bantam.ch\/wp-content\/uploads\/2023\/02\/994228411hJvERW0Xb8uOo.jpg","contentUrl":"https:\/\/shop.bantam.ch\/wp-content\/uploads\/2023\/02\/994228411hJvERW0Xb8uOo.jpg","width":500,"height":445},{"@type":"BreadcrumbList","@id":"https:\/\/shop.bantam.ch\/fr\/produit\/porte-moto-velo-slide-170-fiat-ducato\/#breadcrumb","itemListElement":[{"@type":"ListItem","position":1,"name":"Accueil","item":"https:\/\/shop.bantam.ch\/fr\/"},{"@type":"ListItem","position":2,"name":"Boutique","item":"https:\/\/shop.bantam.ch\/fr\/boutique\/"},{"@type":"ListItem","position":3,"name":"Porte moto\/v\u00e9lo Slide 170, Fiat Ducato"}]},{"@type":"WebSite","@id":"https:\/\/shop.bantam.ch\/fr\/#website","url":"https:\/\/shop.bantam.ch\/fr\/","name":"Bantam","description":"","publisher":{"@id":"https:\/\/shop.bantam.ch\/fr\/#organization"},"inLanguage":"fr-FR"},{"@type":"Organization","@id":"https:\/\/shop.bantam.ch\/fr\/#organization","name":"Bantam","url":"https:\/\/shop.bantam.ch\/fr\/","logo":{"@type":"ImageObject","inLanguage":"fr-FR","@id":"https:\/\/shop.bantam.ch\/fr\/#\/schema\/logo\/image\/","url":"https:\/\/shop.bantam.ch\/wp-content\/uploads\/2022\/12\/bantam-logo.png","contentUrl":"https:\/\/shop.bantam.ch\/wp-content\/uploads\/2022\/12\/bantam-logo.png","width":320,"height":71,"caption":"Bantam"},"image":{"@id":"https:\/\/shop.bantam.ch\/fr\/#\/schema\/logo\/image\/"}}]}},"_links":{"self":[{"href":"https:\/\/shop.bantam.ch\/fr\/wp-json\/wp\/v2\/product\/74071","targetHints":{"allow":["GET"]}}],"collection":[{"href":"https:\/\/shop.bantam.ch\/fr\/wp-json\/wp\/v2\/product"}],"about":[{"href":"https:\/\/shop.bantam.ch\/fr\/wp-json\/wp\/v2\/types\/product"}],"wp:featuredmedia":[{"embeddable":true,"href":"https:\/\/shop.bantam.ch\/fr\/wp-json\/wp\/v2\/media\/74067"}],"wp:attachment":[{"href":"https:\/\/shop.bantam.ch\/fr\/wp-json\/wp\/v2\/media?parent=74071"}],"wp:term":[{"taxonomy":"product_featured_cat","embeddable":true,"href":"https:\/\/shop.bantam.ch\/fr\/wp-json\/wp\/v2\/product_featured_cat?post=74071"},{"taxonomy":"product_brand","embeddable":true,"href":"https:\/\/shop.bantam.ch\/fr\/wp-json\/wp\/v2\/product_brand?post=74071"},{"taxonomy":"product_cat","embeddable":true,"href":"https:\/\/shop.bantam.ch\/fr\/wp-json\/wp\/v2\/product_cat?post=74071"},{"taxonomy":"product_tag","embeddable":true,"href":"https:\/\/shop.bantam.ch\/fr\/wp-json\/wp\/v2\/product_tag?post=74071"}],"curies":[{"name":"wp","href":"https:\/\/api.w.org\/{rel}","templated":true}]}}