{"id":73815,"date":"2023-02-27T23:49:23","date_gmt":"2023-02-27T22:49:23","guid":{"rendered":"http:\/\/shop.bantam.ch\/produit\/cable-de-chargement-auto-prise-usb-c-12-24-v-longueur-de-cable-18-m\/"},"modified":"2026-04-19T21:18:28","modified_gmt":"2026-04-19T19:18:28","slug":"cable-de-chargement-auto-prise-usb-c-12-24-v-longueur-de-cable-18-m","status":"publish","type":"product","link":"https:\/\/shop.bantam.ch\/fr\/produit\/cable-de-chargement-auto-prise-usb-c-12-24-v-longueur-de-cable-18-m\/","title":{"rendered":"C\u00e2ble charge voiture Pro Car avec prise C USB Long. c\u00e2ble 12 &#8211; 24 V, 1,8 m"},"content":{"rendered":"<p>Pour charger et utiliser des smartphones, tablettes, t\u00e9l\u00e9phones portables, appareils de navigation, lecteurs de livres \u00e9lectroniques, appareils photo num\u00e9riques et autres appareils \u00e9lectroniques avec connexion USB-C. Avec convertisseur de commutation tr\u00e8s efficace et protection int\u00e9gr\u00e9e contre les inversions de polarit\u00e9, de surcharge et de surchauffe. Convient aux prises allume-cigares et aux prises standard gr\u00e2ce au connecteur universel pivotant \u00e0 180 \u00b0\u00a0<\/p>\n<ul>\n<li>Tension 12 &#8211; 24 V, sortie : 5V, 3 000 mA<\/li>\n<li>Longueur de c\u00e2ble : 1,8 m<\/li>\n<\/ul>\n","protected":false},"excerpt":{"rendered":"<p>Pour charger et utiliser des smartphones, tablettes, t\u00e9l\u00e9phones portables, appareils de navigation, lecteurs de livres \u00e9lectroniques, appareils photo num\u00e9riques et autres appareils \u00e9lectroniques avec connexion USB-C. Avec convertisseur de commutation tr\u00e8s efficace et protection int\u00e9gr\u00e9e contre les inversions de polarit\u00e9, de surcharge et de surchauffe. Convient aux prises allume-cigares et aux prises standard gr\u00e2ce au [&hellip;]<\/p>\n","protected":false},"featured_media":73813,"template":"","meta":{"_acf_changed":false},"product_featured_cat":[],"product_brand":[3104],"product_cat":[4193],"product_tag":[],"class_list":{"0":"post-73815","1":"product","2":"type-product","3":"status-publish","4":"has-post-thumbnail","6":"product_brand-pro-car","7":"product_cat-fiche-12-24-v","9":"first","10":"instock","11":"taxable","12":"shipping-taxable","13":"purchasable","14":"product-type-simple"},"acf":[],"yoast_head":"<!-- This site is optimized with the Yoast SEO plugin v27.4 - https:\/\/yoast.com\/product\/yoast-seo-wordpress\/ -->\n<title>C\u00e2ble charge voiture Pro Car avec prise C USB Long. c\u00e2ble 12 - 24 V, 1,8 m - Bantam Wankm\u00fcller SA<\/title>\n<meta name=\"robots\" content=\"index, follow, max-snippet:-1, max-image-preview:large, max-video-preview:-1\" \/>\n<link rel=\"canonical\" href=\"https:\/\/shop.bantam.ch\/fr\/produit\/cable-de-chargement-auto-prise-usb-c-12-24-v-longueur-de-cable-18-m\/\" \/>\n<meta property=\"og:locale\" content=\"fr_FR\" \/>\n<meta property=\"og:type\" content=\"article\" \/>\n<meta property=\"og:title\" content=\"C\u00e2ble charge voiture Pro Car avec prise C USB Long. c\u00e2ble 12 - 24 V, 1,8 m - Bantam Wankm\u00fcller SA\" \/>\n<meta property=\"og:description\" content=\"Pour charger et utiliser des smartphones, tablettes, t\u00e9l\u00e9phones portables, appareils de navigation, lecteurs de livres \u00e9lectroniques, appareils photo num\u00e9riques et autres appareils \u00e9lectroniques avec connexion USB-C. Avec convertisseur de commutation tr\u00e8s efficace et protection int\u00e9gr\u00e9e contre les inversions de polarit\u00e9, de surcharge et de surchauffe. Convient aux prises allume-cigares et aux prises standard gr\u00e2ce au [&hellip;]\" \/>\n<meta property=\"og:url\" content=\"https:\/\/shop.bantam.ch\/fr\/produit\/cable-de-chargement-auto-prise-usb-c-12-24-v-longueur-de-cable-18-m\/\" \/>\n<meta property=\"og:site_name\" content=\"Bantam Wankm\u00fcller SA\" \/>\n<meta property=\"article:modified_time\" content=\"2026-04-19T19:18:28+00:00\" \/>\n<meta property=\"og:image\" content=\"https:\/\/shop.bantam.ch\/wp-content\/uploads\/2023\/02\/993160411.jpg\" \/>\n\t<meta property=\"og:image:width\" content=\"1000\" \/>\n\t<meta property=\"og:image:height\" content=\"453\" \/>\n\t<meta property=\"og:image:type\" content=\"image\/jpeg\" \/>\n<meta name=\"twitter:card\" content=\"summary_large_image\" \/>\n<script type=\"application\/ld+json\" class=\"yoast-schema-graph\">{\"@context\":\"https:\\\/\\\/schema.org\",\"@graph\":[{\"@type\":\"WebPage\",\"@id\":\"https:\\\/\\\/shop.bantam.ch\\\/fr\\\/produit\\\/cable-de-chargement-auto-prise-usb-c-12-24-v-longueur-de-cable-18-m\\\/\",\"url\":\"https:\\\/\\\/shop.bantam.ch\\\/fr\\\/produit\\\/cable-de-chargement-auto-prise-usb-c-12-24-v-longueur-de-cable-18-m\\\/\",\"name\":\"C\u00e2ble charge voiture Pro Car avec prise C USB Long. c\u00e2ble 12 - 24 V, 1,8 m - Bantam Wankm\u00fcller SA\",\"isPartOf\":{\"@id\":\"https:\\\/\\\/shop.bantam.ch\\\/fr\\\/#website\"},\"primaryImageOfPage\":{\"@id\":\"https:\\\/\\\/shop.bantam.ch\\\/fr\\\/produit\\\/cable-de-chargement-auto-prise-usb-c-12-24-v-longueur-de-cable-18-m\\\/#primaryimage\"},\"image\":{\"@id\":\"https:\\\/\\\/shop.bantam.ch\\\/fr\\\/produit\\\/cable-de-chargement-auto-prise-usb-c-12-24-v-longueur-de-cable-18-m\\\/#primaryimage\"},\"thumbnailUrl\":\"https:\\\/\\\/shop.bantam.ch\\\/wp-content\\\/uploads\\\/2023\\\/02\\\/993160411.jpg\",\"datePublished\":\"2023-02-27T22:49:23+00:00\",\"dateModified\":\"2026-04-19T19:18:28+00:00\",\"breadcrumb\":{\"@id\":\"https:\\\/\\\/shop.bantam.ch\\\/fr\\\/produit\\\/cable-de-chargement-auto-prise-usb-c-12-24-v-longueur-de-cable-18-m\\\/#breadcrumb\"},\"inLanguage\":\"fr-FR\",\"potentialAction\":[{\"@type\":\"ReadAction\",\"target\":[\"https:\\\/\\\/shop.bantam.ch\\\/fr\\\/produit\\\/cable-de-chargement-auto-prise-usb-c-12-24-v-longueur-de-cable-18-m\\\/\"]}]},{\"@type\":\"ImageObject\",\"inLanguage\":\"fr-FR\",\"@id\":\"https:\\\/\\\/shop.bantam.ch\\\/fr\\\/produit\\\/cable-de-chargement-auto-prise-usb-c-12-24-v-longueur-de-cable-18-m\\\/#primaryimage\",\"url\":\"https:\\\/\\\/shop.bantam.ch\\\/wp-content\\\/uploads\\\/2023\\\/02\\\/993160411.jpg\",\"contentUrl\":\"https:\\\/\\\/shop.bantam.ch\\\/wp-content\\\/uploads\\\/2023\\\/02\\\/993160411.jpg\",\"width\":1000,\"height\":453},{\"@type\":\"BreadcrumbList\",\"@id\":\"https:\\\/\\\/shop.bantam.ch\\\/fr\\\/produit\\\/cable-de-chargement-auto-prise-usb-c-12-24-v-longueur-de-cable-18-m\\\/#breadcrumb\",\"itemListElement\":[{\"@type\":\"ListItem\",\"position\":1,\"name\":\"Accueil\",\"item\":\"https:\\\/\\\/shop.bantam.ch\\\/fr\\\/\"},{\"@type\":\"ListItem\",\"position\":2,\"name\":\"Boutique\",\"item\":\"https:\\\/\\\/shop.bantam.ch\\\/fr\\\/boutique\\\/\"},{\"@type\":\"ListItem\",\"position\":3,\"name\":\"C\u00e2ble charge voiture Pro Car avec prise C USB Long. c\u00e2ble 12 &#8211; 24 V, 1,8 m\"}]},{\"@type\":\"WebSite\",\"@id\":\"https:\\\/\\\/shop.bantam.ch\\\/fr\\\/#website\",\"url\":\"https:\\\/\\\/shop.bantam.ch\\\/fr\\\/\",\"name\":\"Bantam Wankm\u00fcller SA\",\"description\":\"\",\"publisher\":{\"@id\":\"https:\\\/\\\/shop.bantam.ch\\\/fr\\\/#organization\"},\"inLanguage\":\"fr-FR\"},{\"@type\":\"Organization\",\"@id\":\"https:\\\/\\\/shop.bantam.ch\\\/fr\\\/#organization\",\"name\":\"Bantam Wankm\u00fcller SA\",\"url\":\"https:\\\/\\\/shop.bantam.ch\\\/fr\\\/\",\"logo\":{\"@type\":\"ImageObject\",\"inLanguage\":\"fr-FR\",\"@id\":\"https:\\\/\\\/shop.bantam.ch\\\/fr\\\/#\\\/schema\\\/logo\\\/image\\\/\",\"url\":\"https:\\\/\\\/shop.bantam.ch\\\/wp-content\\\/uploads\\\/2022\\\/12\\\/bantam-logo.png\",\"contentUrl\":\"https:\\\/\\\/shop.bantam.ch\\\/wp-content\\\/uploads\\\/2022\\\/12\\\/bantam-logo.png\",\"width\":320,\"height\":71,\"caption\":\"Bantam Wankm\u00fcller SA\"},\"image\":{\"@id\":\"https:\\\/\\\/shop.bantam.ch\\\/fr\\\/#\\\/schema\\\/logo\\\/image\\\/\"}}]}<\/script>\n<!-- \/ Yoast SEO plugin. -->","yoast_head_json":{"title":"C\u00e2ble charge voiture Pro Car avec prise C USB Long. c\u00e2ble 12 - 24 V, 1,8 m - Bantam Wankm\u00fcller SA","robots":{"index":"index","follow":"follow","max-snippet":"max-snippet:-1","max-image-preview":"max-image-preview:large","max-video-preview":"max-video-preview:-1"},"canonical":"https:\/\/shop.bantam.ch\/fr\/produit\/cable-de-chargement-auto-prise-usb-c-12-24-v-longueur-de-cable-18-m\/","og_locale":"fr_FR","og_type":"article","og_title":"C\u00e2ble charge voiture Pro Car avec prise C USB Long. c\u00e2ble 12 - 24 V, 1,8 m - Bantam Wankm\u00fcller SA","og_description":"Pour charger et utiliser des smartphones, tablettes, t\u00e9l\u00e9phones portables, appareils de navigation, lecteurs de livres \u00e9lectroniques, appareils photo num\u00e9riques et autres appareils \u00e9lectroniques avec connexion USB-C. Avec convertisseur de commutation tr\u00e8s efficace et protection int\u00e9gr\u00e9e contre les inversions de polarit\u00e9, de surcharge et de surchauffe. Convient aux prises allume-cigares et aux prises standard gr\u00e2ce au [&hellip;]","og_url":"https:\/\/shop.bantam.ch\/fr\/produit\/cable-de-chargement-auto-prise-usb-c-12-24-v-longueur-de-cable-18-m\/","og_site_name":"Bantam Wankm\u00fcller SA","article_modified_time":"2026-04-19T19:18:28+00:00","og_image":[{"width":1000,"height":453,"url":"https:\/\/shop.bantam.ch\/wp-content\/uploads\/2023\/02\/993160411.jpg","type":"image\/jpeg"}],"twitter_card":"summary_large_image","schema":{"@context":"https:\/\/schema.org","@graph":[{"@type":"WebPage","@id":"https:\/\/shop.bantam.ch\/fr\/produit\/cable-de-chargement-auto-prise-usb-c-12-24-v-longueur-de-cable-18-m\/","url":"https:\/\/shop.bantam.ch\/fr\/produit\/cable-de-chargement-auto-prise-usb-c-12-24-v-longueur-de-cable-18-m\/","name":"C\u00e2ble charge voiture Pro Car avec prise C USB Long. c\u00e2ble 12 - 24 V, 1,8 m - Bantam Wankm\u00fcller SA","isPartOf":{"@id":"https:\/\/shop.bantam.ch\/fr\/#website"},"primaryImageOfPage":{"@id":"https:\/\/shop.bantam.ch\/fr\/produit\/cable-de-chargement-auto-prise-usb-c-12-24-v-longueur-de-cable-18-m\/#primaryimage"},"image":{"@id":"https:\/\/shop.bantam.ch\/fr\/produit\/cable-de-chargement-auto-prise-usb-c-12-24-v-longueur-de-cable-18-m\/#primaryimage"},"thumbnailUrl":"https:\/\/shop.bantam.ch\/wp-content\/uploads\/2023\/02\/993160411.jpg","datePublished":"2023-02-27T22:49:23+00:00","dateModified":"2026-04-19T19:18:28+00:00","breadcrumb":{"@id":"https:\/\/shop.bantam.ch\/fr\/produit\/cable-de-chargement-auto-prise-usb-c-12-24-v-longueur-de-cable-18-m\/#breadcrumb"},"inLanguage":"fr-FR","potentialAction":[{"@type":"ReadAction","target":["https:\/\/shop.bantam.ch\/fr\/produit\/cable-de-chargement-auto-prise-usb-c-12-24-v-longueur-de-cable-18-m\/"]}]},{"@type":"ImageObject","inLanguage":"fr-FR","@id":"https:\/\/shop.bantam.ch\/fr\/produit\/cable-de-chargement-auto-prise-usb-c-12-24-v-longueur-de-cable-18-m\/#primaryimage","url":"https:\/\/shop.bantam.ch\/wp-content\/uploads\/2023\/02\/993160411.jpg","contentUrl":"https:\/\/shop.bantam.ch\/wp-content\/uploads\/2023\/02\/993160411.jpg","width":1000,"height":453},{"@type":"BreadcrumbList","@id":"https:\/\/shop.bantam.ch\/fr\/produit\/cable-de-chargement-auto-prise-usb-c-12-24-v-longueur-de-cable-18-m\/#breadcrumb","itemListElement":[{"@type":"ListItem","position":1,"name":"Accueil","item":"https:\/\/shop.bantam.ch\/fr\/"},{"@type":"ListItem","position":2,"name":"Boutique","item":"https:\/\/shop.bantam.ch\/fr\/boutique\/"},{"@type":"ListItem","position":3,"name":"C\u00e2ble charge voiture Pro Car avec prise C USB Long. c\u00e2ble 12 &#8211; 24 V, 1,8 m"}]},{"@type":"WebSite","@id":"https:\/\/shop.bantam.ch\/fr\/#website","url":"https:\/\/shop.bantam.ch\/fr\/","name":"Bantam Wankm\u00fcller SA","description":"","publisher":{"@id":"https:\/\/shop.bantam.ch\/fr\/#organization"},"inLanguage":"fr-FR"},{"@type":"Organization","@id":"https:\/\/shop.bantam.ch\/fr\/#organization","name":"Bantam Wankm\u00fcller SA","url":"https:\/\/shop.bantam.ch\/fr\/","logo":{"@type":"ImageObject","inLanguage":"fr-FR","@id":"https:\/\/shop.bantam.ch\/fr\/#\/schema\/logo\/image\/","url":"https:\/\/shop.bantam.ch\/wp-content\/uploads\/2022\/12\/bantam-logo.png","contentUrl":"https:\/\/shop.bantam.ch\/wp-content\/uploads\/2022\/12\/bantam-logo.png","width":320,"height":71,"caption":"Bantam Wankm\u00fcller SA"},"image":{"@id":"https:\/\/shop.bantam.ch\/fr\/#\/schema\/logo\/image\/"}}]}},"_links":{"self":[{"href":"https:\/\/shop.bantam.ch\/fr\/wp-json\/wp\/v2\/product\/73815","targetHints":{"allow":["GET"]}}],"collection":[{"href":"https:\/\/shop.bantam.ch\/fr\/wp-json\/wp\/v2\/product"}],"about":[{"href":"https:\/\/shop.bantam.ch\/fr\/wp-json\/wp\/v2\/types\/product"}],"wp:featuredmedia":[{"embeddable":true,"href":"https:\/\/shop.bantam.ch\/fr\/wp-json\/wp\/v2\/media\/73813"}],"wp:attachment":[{"href":"https:\/\/shop.bantam.ch\/fr\/wp-json\/wp\/v2\/media?parent=73815"}],"wp:term":[{"taxonomy":"product_featured_cat","embeddable":true,"href":"https:\/\/shop.bantam.ch\/fr\/wp-json\/wp\/v2\/product_featured_cat?post=73815"},{"taxonomy":"product_brand","embeddable":true,"href":"https:\/\/shop.bantam.ch\/fr\/wp-json\/wp\/v2\/product_brand?post=73815"},{"taxonomy":"product_cat","embeddable":true,"href":"https:\/\/shop.bantam.ch\/fr\/wp-json\/wp\/v2\/product_cat?post=73815"},{"taxonomy":"product_tag","embeddable":true,"href":"https:\/\/shop.bantam.ch\/fr\/wp-json\/wp\/v2\/product_tag?post=73815"}],"curies":[{"name":"wp","href":"https:\/\/api.w.org\/{rel}","templated":true}]}}