{"id":73491,"date":"2023-02-27T23:46:36","date_gmt":"2023-02-27T22:46:36","guid":{"rendered":"http:\/\/shop.bantam.ch\/produit\/systeme-de-verin-de-levage-up4\/"},"modified":"2026-04-18T21:17:32","modified_gmt":"2026-04-18T19:17:32","slug":"systeme-de-verin-de-levage-up4","status":"publish","type":"product","link":"https:\/\/shop.bantam.ch\/fr\/produit\/systeme-de-verin-de-levage-up4\/","title":{"rendered":"Syst. v\u00e9rin levage Al-Ko UP4 Charge admise 2.500 kg"},"content":{"rendered":"<p>Autrefois, les gens s\u2019agenouillaient devant leur caravane, retroussaient leurs manches et tournaient la manivelle en transpirant. Aujourd\u2019hui, ils ne doivent m\u00eame plus se salir les doigts. Avec UP4 de AL-KO, il vous suffit de soulever le v\u00e9rin de votre caravane avec une t\u00e9l\u00e9commande et l\u2019ajuster comme il faut.  Rapide, s\u00fbr et confortable comme jamais auparavant. UP4 est plus qu\u2019un accessoire technique suppl\u00e9mentaire. Il ajoute de la valeur \u00e0 vos vacances. Il est d\u00e9licat pour votre dos, vos nerfs et vous pouvez vous d\u00e9tendre d\u00e8s votre arriv\u00e9e sur le terrain de camping. Vous allez rendre vos voisins jaloux !<br \/>UP4, le nouveau syst\u00e8me de v\u00e9rin \u00e9lectrique pour caravanes jusqu\u2019\u00e0 2,5 t, est pens\u00e9 jusqu\u2019aux plus petits d\u00e9tails.  Et le meilleur : UP4 peut \u00eatre install\u00e9 \u00e0 tout moment sur votre ch\u00e2ssis AL-KO CHASSIS.<br \/>Le syst\u00e8me de v\u00e9rin \u00e9lectrique UP4 est parfaitement compatible avec notre ALKO RANGER, le syst\u00e8me de man\u0153uvre pour votre caravane. <\/p>\n<p>Un niveau plus rapide<\/p>\n<ul>\n<li>Peu importe \u00e0 quelle vitesse vous pouvez tourner la manivelle : le syst\u00e8me de v\u00e9rin \u00e9lectrique UP4 est plus rapide. Plus d\u00e9contract\u00e9<\/li>\n<\/ul>\n<p>Un niveau plus confortable<\/p>\n<ul>\n<li>Sortir les supports avec la t\u00e9l\u00e9commande et ajuster.  Plus d\u00e9licat pour les disques. Et les nerfs.<\/li>\n<li>Un niveau plus stable<\/li>\n<li>Avec UP4, vous pouvez compenser les irr\u00e9gularit\u00e9s \u00e9lectriques et le BIG FOOT est d\u00e9j\u00e0 inclus. Pour un appui plus s\u00fbr et plus de stabilit\u00e9 sur le terrain <\/li>\n<\/ul>\n<p>Un niveau plus intelligent<\/p>\n<ul>\n<li>Combinez le syst\u00e8me de support UP4 avec le AL-KO RANGER : vous pourrez vous garer et man\u0153uvrer avec \u00e9l\u00e9gance \u00e0 l\u2019avenir avec une seule t\u00e9l\u00e9commande<\/li>\n<\/ul>\n<p>Contenu de la livraison :<\/p>\n<ul>\n<li>4 supports de qualit\u00e9 avec entrainement, BIG FOOT, rail de roulement au sol pour renforcer<\/li>\n<li>4 coussinets<\/li>\n<li>1 adaptateur comme protection contre le vol et contre tout retour manuel abusif<\/li>\n<li>1 t\u00e9l\u00e9commande avec Laynard et support <\/li>\n<li>1 unit\u00e9 de commande<\/li>\n<li>Sectionneur de batterie avec cl\u00e9 <\/li>\n<li>Mat\u00e9riel de montage avec gaine pour c\u00e2ble<\/li>\n<li>Notice d\u2019utilisation et de montage<\/li>\n<\/ul>\n<p>Donn\u00e9es techniques :<\/p>\n<ul>\n<li>Alimentation \u00e9lectrique : 12 V DC<\/li>\n<li>Consommation moyenne : 6 amp\u00e8res<\/li>\n<li>Consommation maximale : 24 amp\u00e8res<\/li>\n<li>Fr\u00e9quence d&rsquo;\u00e9mission t\u00e9l\u00e9commande : 868 MHz<\/li>\n<li>Poids : env. 34 kg (sans batterie)<\/li>\n<li>Poids total minimum autoris\u00e9 de la caravane : 800\u00a0kg<\/li>\n<li>Poids total maximum autoris\u00e9 de la caravane : 2.500 kg<\/li>\n<li>Source d\u2019alimentation supports (batterie) : 12 V, 20 Ah (min.)<\/li>\n<li>Source d\u2019alimentation t\u00e9l\u00e9commande (batterie) : PP3 9 V<\/li>\n<\/ul>\n","protected":false},"excerpt":{"rendered":"<p>Autrefois, les gens s\u2019agenouillaient devant leur caravane, retroussaient leurs manches et tournaient la manivelle en transpirant. Aujourd\u2019hui, ils ne doivent m\u00eame plus se salir les doigts. Avec UP4 de AL-KO, il vous suffit de soulever le v\u00e9rin de votre caravane avec une t\u00e9l\u00e9commande et l\u2019ajuster comme il faut. Rapide, s\u00fbr et confortable comme jamais auparavant. [&hellip;]<\/p>\n","protected":false},"featured_media":73465,"template":"","meta":{"_acf_changed":false},"product_featured_cat":[],"product_brand":[3134],"product_cat":[4771],"product_tag":[],"class_list":{"0":"post-73491","1":"product","2":"type-product","3":"status-publish","4":"has-post-thumbnail","6":"product_brand-al-ko","7":"product_cat-supports-elevateurs-electriques-et-mecaniques","9":"first","10":"instock","11":"taxable","12":"shipping-taxable","13":"purchasable","14":"product-type-simple"},"acf":[],"yoast_head":"<!-- This site is optimized with the Yoast SEO plugin v27.4 - https:\/\/yoast.com\/product\/yoast-seo-wordpress\/ -->\n<title>Syst. v\u00e9rin levage Al-Ko UP4 Charge admise 2.500 kg - Bantam Wankm\u00fcller SA<\/title>\n<meta name=\"robots\" content=\"index, follow, max-snippet:-1, max-image-preview:large, max-video-preview:-1\" \/>\n<link rel=\"canonical\" href=\"https:\/\/shop.bantam.ch\/fr\/produit\/systeme-de-verin-de-levage-up4\/\" \/>\n<meta property=\"og:locale\" content=\"fr_FR\" \/>\n<meta property=\"og:type\" content=\"article\" \/>\n<meta property=\"og:title\" content=\"Syst. v\u00e9rin levage Al-Ko UP4 Charge admise 2.500 kg - Bantam Wankm\u00fcller SA\" \/>\n<meta property=\"og:description\" content=\"Autrefois, les gens s\u2019agenouillaient devant leur caravane, retroussaient leurs manches et tournaient la manivelle en transpirant. Aujourd\u2019hui, ils ne doivent m\u00eame plus se salir les doigts. Avec UP4 de AL-KO, il vous suffit de soulever le v\u00e9rin de votre caravane avec une t\u00e9l\u00e9commande et l\u2019ajuster comme il faut. Rapide, s\u00fbr et confortable comme jamais auparavant. [&hellip;]\" \/>\n<meta property=\"og:url\" content=\"https:\/\/shop.bantam.ch\/fr\/produit\/systeme-de-verin-de-levage-up4\/\" \/>\n<meta property=\"og:site_name\" content=\"Bantam Wankm\u00fcller SA\" \/>\n<meta property=\"article:modified_time\" content=\"2026-04-18T19:17:32+00:00\" \/>\n<meta property=\"og:image\" content=\"https:\/\/shop.bantam.ch\/wp-content\/uploads\/2023\/02\/994162718.jpg\" \/>\n\t<meta property=\"og:image:width\" content=\"1000\" \/>\n\t<meta property=\"og:image:height\" content=\"800\" \/>\n\t<meta property=\"og:image:type\" content=\"image\/jpeg\" \/>\n<meta name=\"twitter:card\" content=\"summary_large_image\" \/>\n<meta name=\"twitter:label1\" content=\"Dur\u00e9e de lecture estim\u00e9e\" \/>\n\t<meta name=\"twitter:data1\" content=\"2 minutes\" \/>\n<script type=\"application\/ld+json\" class=\"yoast-schema-graph\">{\"@context\":\"https:\\\/\\\/schema.org\",\"@graph\":[{\"@type\":\"WebPage\",\"@id\":\"https:\\\/\\\/shop.bantam.ch\\\/fr\\\/produit\\\/systeme-de-verin-de-levage-up4\\\/\",\"url\":\"https:\\\/\\\/shop.bantam.ch\\\/fr\\\/produit\\\/systeme-de-verin-de-levage-up4\\\/\",\"name\":\"Syst. v\u00e9rin levage Al-Ko UP4 Charge admise 2.500 kg - Bantam Wankm\u00fcller SA\",\"isPartOf\":{\"@id\":\"https:\\\/\\\/shop.bantam.ch\\\/fr\\\/#website\"},\"primaryImageOfPage\":{\"@id\":\"https:\\\/\\\/shop.bantam.ch\\\/fr\\\/produit\\\/systeme-de-verin-de-levage-up4\\\/#primaryimage\"},\"image\":{\"@id\":\"https:\\\/\\\/shop.bantam.ch\\\/fr\\\/produit\\\/systeme-de-verin-de-levage-up4\\\/#primaryimage\"},\"thumbnailUrl\":\"https:\\\/\\\/shop.bantam.ch\\\/wp-content\\\/uploads\\\/2023\\\/02\\\/994162718.jpg\",\"datePublished\":\"2023-02-27T22:46:36+00:00\",\"dateModified\":\"2026-04-18T19:17:32+00:00\",\"breadcrumb\":{\"@id\":\"https:\\\/\\\/shop.bantam.ch\\\/fr\\\/produit\\\/systeme-de-verin-de-levage-up4\\\/#breadcrumb\"},\"inLanguage\":\"fr-FR\",\"potentialAction\":[{\"@type\":\"ReadAction\",\"target\":[\"https:\\\/\\\/shop.bantam.ch\\\/fr\\\/produit\\\/systeme-de-verin-de-levage-up4\\\/\"]}]},{\"@type\":\"ImageObject\",\"inLanguage\":\"fr-FR\",\"@id\":\"https:\\\/\\\/shop.bantam.ch\\\/fr\\\/produit\\\/systeme-de-verin-de-levage-up4\\\/#primaryimage\",\"url\":\"https:\\\/\\\/shop.bantam.ch\\\/wp-content\\\/uploads\\\/2023\\\/02\\\/994162718.jpg\",\"contentUrl\":\"https:\\\/\\\/shop.bantam.ch\\\/wp-content\\\/uploads\\\/2023\\\/02\\\/994162718.jpg\",\"width\":1000,\"height\":800},{\"@type\":\"BreadcrumbList\",\"@id\":\"https:\\\/\\\/shop.bantam.ch\\\/fr\\\/produit\\\/systeme-de-verin-de-levage-up4\\\/#breadcrumb\",\"itemListElement\":[{\"@type\":\"ListItem\",\"position\":1,\"name\":\"Accueil\",\"item\":\"https:\\\/\\\/shop.bantam.ch\\\/fr\\\/\"},{\"@type\":\"ListItem\",\"position\":2,\"name\":\"Boutique\",\"item\":\"https:\\\/\\\/shop.bantam.ch\\\/fr\\\/boutique\\\/\"},{\"@type\":\"ListItem\",\"position\":3,\"name\":\"Syst. v\u00e9rin levage Al-Ko UP4 Charge admise 2.500 kg\"}]},{\"@type\":\"WebSite\",\"@id\":\"https:\\\/\\\/shop.bantam.ch\\\/fr\\\/#website\",\"url\":\"https:\\\/\\\/shop.bantam.ch\\\/fr\\\/\",\"name\":\"Bantam Wankm\u00fcller SA\",\"description\":\"\",\"publisher\":{\"@id\":\"https:\\\/\\\/shop.bantam.ch\\\/fr\\\/#organization\"},\"inLanguage\":\"fr-FR\"},{\"@type\":\"Organization\",\"@id\":\"https:\\\/\\\/shop.bantam.ch\\\/fr\\\/#organization\",\"name\":\"Bantam Wankm\u00fcller SA\",\"url\":\"https:\\\/\\\/shop.bantam.ch\\\/fr\\\/\",\"logo\":{\"@type\":\"ImageObject\",\"inLanguage\":\"fr-FR\",\"@id\":\"https:\\\/\\\/shop.bantam.ch\\\/fr\\\/#\\\/schema\\\/logo\\\/image\\\/\",\"url\":\"https:\\\/\\\/shop.bantam.ch\\\/wp-content\\\/uploads\\\/2022\\\/12\\\/bantam-logo.png\",\"contentUrl\":\"https:\\\/\\\/shop.bantam.ch\\\/wp-content\\\/uploads\\\/2022\\\/12\\\/bantam-logo.png\",\"width\":320,\"height\":71,\"caption\":\"Bantam Wankm\u00fcller SA\"},\"image\":{\"@id\":\"https:\\\/\\\/shop.bantam.ch\\\/fr\\\/#\\\/schema\\\/logo\\\/image\\\/\"}}]}<\/script>\n<!-- \/ Yoast SEO plugin. -->","yoast_head_json":{"title":"Syst. v\u00e9rin levage Al-Ko UP4 Charge admise 2.500 kg - Bantam Wankm\u00fcller SA","robots":{"index":"index","follow":"follow","max-snippet":"max-snippet:-1","max-image-preview":"max-image-preview:large","max-video-preview":"max-video-preview:-1"},"canonical":"https:\/\/shop.bantam.ch\/fr\/produit\/systeme-de-verin-de-levage-up4\/","og_locale":"fr_FR","og_type":"article","og_title":"Syst. v\u00e9rin levage Al-Ko UP4 Charge admise 2.500 kg - Bantam Wankm\u00fcller SA","og_description":"Autrefois, les gens s\u2019agenouillaient devant leur caravane, retroussaient leurs manches et tournaient la manivelle en transpirant. Aujourd\u2019hui, ils ne doivent m\u00eame plus se salir les doigts. Avec UP4 de AL-KO, il vous suffit de soulever le v\u00e9rin de votre caravane avec une t\u00e9l\u00e9commande et l\u2019ajuster comme il faut. Rapide, s\u00fbr et confortable comme jamais auparavant. [&hellip;]","og_url":"https:\/\/shop.bantam.ch\/fr\/produit\/systeme-de-verin-de-levage-up4\/","og_site_name":"Bantam Wankm\u00fcller SA","article_modified_time":"2026-04-18T19:17:32+00:00","og_image":[{"width":1000,"height":800,"url":"https:\/\/shop.bantam.ch\/wp-content\/uploads\/2023\/02\/994162718.jpg","type":"image\/jpeg"}],"twitter_card":"summary_large_image","twitter_misc":{"Dur\u00e9e de lecture estim\u00e9e":"2 minutes"},"schema":{"@context":"https:\/\/schema.org","@graph":[{"@type":"WebPage","@id":"https:\/\/shop.bantam.ch\/fr\/produit\/systeme-de-verin-de-levage-up4\/","url":"https:\/\/shop.bantam.ch\/fr\/produit\/systeme-de-verin-de-levage-up4\/","name":"Syst. v\u00e9rin levage Al-Ko UP4 Charge admise 2.500 kg - Bantam Wankm\u00fcller SA","isPartOf":{"@id":"https:\/\/shop.bantam.ch\/fr\/#website"},"primaryImageOfPage":{"@id":"https:\/\/shop.bantam.ch\/fr\/produit\/systeme-de-verin-de-levage-up4\/#primaryimage"},"image":{"@id":"https:\/\/shop.bantam.ch\/fr\/produit\/systeme-de-verin-de-levage-up4\/#primaryimage"},"thumbnailUrl":"https:\/\/shop.bantam.ch\/wp-content\/uploads\/2023\/02\/994162718.jpg","datePublished":"2023-02-27T22:46:36+00:00","dateModified":"2026-04-18T19:17:32+00:00","breadcrumb":{"@id":"https:\/\/shop.bantam.ch\/fr\/produit\/systeme-de-verin-de-levage-up4\/#breadcrumb"},"inLanguage":"fr-FR","potentialAction":[{"@type":"ReadAction","target":["https:\/\/shop.bantam.ch\/fr\/produit\/systeme-de-verin-de-levage-up4\/"]}]},{"@type":"ImageObject","inLanguage":"fr-FR","@id":"https:\/\/shop.bantam.ch\/fr\/produit\/systeme-de-verin-de-levage-up4\/#primaryimage","url":"https:\/\/shop.bantam.ch\/wp-content\/uploads\/2023\/02\/994162718.jpg","contentUrl":"https:\/\/shop.bantam.ch\/wp-content\/uploads\/2023\/02\/994162718.jpg","width":1000,"height":800},{"@type":"BreadcrumbList","@id":"https:\/\/shop.bantam.ch\/fr\/produit\/systeme-de-verin-de-levage-up4\/#breadcrumb","itemListElement":[{"@type":"ListItem","position":1,"name":"Accueil","item":"https:\/\/shop.bantam.ch\/fr\/"},{"@type":"ListItem","position":2,"name":"Boutique","item":"https:\/\/shop.bantam.ch\/fr\/boutique\/"},{"@type":"ListItem","position":3,"name":"Syst. v\u00e9rin levage Al-Ko UP4 Charge admise 2.500 kg"}]},{"@type":"WebSite","@id":"https:\/\/shop.bantam.ch\/fr\/#website","url":"https:\/\/shop.bantam.ch\/fr\/","name":"Bantam Wankm\u00fcller SA","description":"","publisher":{"@id":"https:\/\/shop.bantam.ch\/fr\/#organization"},"inLanguage":"fr-FR"},{"@type":"Organization","@id":"https:\/\/shop.bantam.ch\/fr\/#organization","name":"Bantam Wankm\u00fcller SA","url":"https:\/\/shop.bantam.ch\/fr\/","logo":{"@type":"ImageObject","inLanguage":"fr-FR","@id":"https:\/\/shop.bantam.ch\/fr\/#\/schema\/logo\/image\/","url":"https:\/\/shop.bantam.ch\/wp-content\/uploads\/2022\/12\/bantam-logo.png","contentUrl":"https:\/\/shop.bantam.ch\/wp-content\/uploads\/2022\/12\/bantam-logo.png","width":320,"height":71,"caption":"Bantam Wankm\u00fcller SA"},"image":{"@id":"https:\/\/shop.bantam.ch\/fr\/#\/schema\/logo\/image\/"}}]}},"_links":{"self":[{"href":"https:\/\/shop.bantam.ch\/fr\/wp-json\/wp\/v2\/product\/73491","targetHints":{"allow":["GET"]}}],"collection":[{"href":"https:\/\/shop.bantam.ch\/fr\/wp-json\/wp\/v2\/product"}],"about":[{"href":"https:\/\/shop.bantam.ch\/fr\/wp-json\/wp\/v2\/types\/product"}],"wp:featuredmedia":[{"embeddable":true,"href":"https:\/\/shop.bantam.ch\/fr\/wp-json\/wp\/v2\/media\/73465"}],"wp:attachment":[{"href":"https:\/\/shop.bantam.ch\/fr\/wp-json\/wp\/v2\/media?parent=73491"}],"wp:term":[{"taxonomy":"product_featured_cat","embeddable":true,"href":"https:\/\/shop.bantam.ch\/fr\/wp-json\/wp\/v2\/product_featured_cat?post=73491"},{"taxonomy":"product_brand","embeddable":true,"href":"https:\/\/shop.bantam.ch\/fr\/wp-json\/wp\/v2\/product_brand?post=73491"},{"taxonomy":"product_cat","embeddable":true,"href":"https:\/\/shop.bantam.ch\/fr\/wp-json\/wp\/v2\/product_cat?post=73491"},{"taxonomy":"product_tag","embeddable":true,"href":"https:\/\/shop.bantam.ch\/fr\/wp-json\/wp\/v2\/product_tag?post=73491"}],"curies":[{"name":"wp","href":"https:\/\/api.w.org\/{rel}","templated":true}]}}