{"id":73439,"date":"2023-02-27T23:46:07","date_gmt":"2023-02-27T22:46:07","guid":{"rendered":"http:\/\/shop.bantam.ch\/produit\/retroviseur-speed-fix-mirror-xxl\/"},"modified":"2026-05-01T22:12:50","modified_gmt":"2026-05-01T20:12:50","slug":"retroviseur-speed-fix-mirror-xxl","status":"publish","type":"product","link":"https:\/\/shop.bantam.ch\/fr\/produit\/retroviseur-speed-fix-mirror-xxl\/","title":{"rendered":"R\u00e9troviseur Speed Fix Mirror XXL"},"content":{"rendered":"<p>Le syst\u00e8me de fixation innovant du r\u00e9troviseur SPEED FIX MIRROR avec t\u00eate articul\u00e9e brevet\u00e9e garantit non seulement une tenue extr\u00eamement stable et des possibilit\u00e9s de fixation tr\u00e8s flexibles, mais aussi un montage simple et rapide. Le r\u00e9troviseur de haute qualit\u00e9 se caract\u00e9rise par son design particuli\u00e8rement a\u00e9rodynamique qui, en combinaison avec la fixation stable, r\u00e9duit au minimum les vibrations pendant le trajet. L&rsquo;aspect visuel du r\u00e9troviseur SPEED FIX MIRROR s&rsquo;harmonise parfaitement avec le design moderne de la caravane et les lignes des v\u00e9hicules tracteurs actuels. La fixation est possible au choix en haut ou en bas du r\u00e9troviseur du v\u00e9hicule. Ce r\u00e9troviseur de grande qualit\u00e9 s\u2019adapte \u00e0 presque tous les r\u00e9troviseurs de v\u00e9hicules. <\/p>\n<ul>\n<li>Avec bandes de s\u00e9curit\u00e9 color\u00e9es<\/li>\n<li>Avec bras extra long pour caravanes de 2,5 m\u00e8tres de large<\/li>\n<\/ul>\n<p>\u00a0<\/p>\n<p>Contenu\u00a0:<br \/>2\u00a0pi\u00e8ces<\/p>\n","protected":false},"excerpt":{"rendered":"<p>Le syst\u00e8me de fixation innovant du r\u00e9troviseur SPEED FIX MIRROR avec t\u00eate articul\u00e9e brevet\u00e9e garantit non seulement une tenue extr\u00eamement stable et des possibilit\u00e9s de fixation tr\u00e8s flexibles, mais aussi un montage simple et rapide. Le r\u00e9troviseur de haute qualit\u00e9 se caract\u00e9rise par son design particuli\u00e8rement a\u00e9rodynamique qui, en combinaison avec la fixation stable, r\u00e9duit [&hellip;]<\/p>\n","protected":false},"featured_media":73407,"template":"","meta":{"_acf_changed":false},"product_featured_cat":[],"product_brand":[3132],"product_cat":[4831],"product_tag":[],"class_list":{"0":"post-73439","1":"product","2":"type-product","3":"status-publish","4":"has-post-thumbnail","6":"product_brand-easydriver","7":"product_cat-retroviseurs-de-caravane","9":"first","10":"instock","11":"taxable","12":"shipping-taxable","13":"purchasable","14":"product-type-variable"},"acf":[],"yoast_head":"<!-- This site is optimized with the Yoast SEO plugin v27.5 - https:\/\/yoast.com\/product\/yoast-seo-wordpress\/ -->\n<title>R\u00e9troviseur Speed Fix Mirror XXL - Bantam<\/title>\n<meta name=\"robots\" content=\"index, follow, max-snippet:-1, max-image-preview:large, max-video-preview:-1\" \/>\n<link rel=\"canonical\" href=\"https:\/\/shop.bantam.ch\/fr\/produit\/retroviseur-speed-fix-mirror-xxl\/\" \/>\n<meta property=\"og:locale\" content=\"fr_FR\" \/>\n<meta property=\"og:type\" content=\"article\" \/>\n<meta property=\"og:title\" content=\"R\u00e9troviseur Speed Fix Mirror XXL - Bantam\" \/>\n<meta property=\"og:description\" content=\"Le syst\u00e8me de fixation innovant du r\u00e9troviseur SPEED FIX MIRROR avec t\u00eate articul\u00e9e brevet\u00e9e garantit non seulement une tenue extr\u00eamement stable et des possibilit\u00e9s de fixation tr\u00e8s flexibles, mais aussi un montage simple et rapide. Le r\u00e9troviseur de haute qualit\u00e9 se caract\u00e9rise par son design particuli\u00e8rement a\u00e9rodynamique qui, en combinaison avec la fixation stable, r\u00e9duit [&hellip;]\" \/>\n<meta property=\"og:url\" content=\"https:\/\/shop.bantam.ch\/fr\/produit\/retroviseur-speed-fix-mirror-xxl\/\" \/>\n<meta property=\"og:site_name\" content=\"Bantam\" \/>\n<meta property=\"article:modified_time\" content=\"2026-05-01T20:12:50+00:00\" \/>\n<meta property=\"og:image\" content=\"https:\/\/shop.bantam.ch\/wp-content\/uploads\/2023\/02\/998353311.jpg\" \/>\n\t<meta property=\"og:image:width\" content=\"1000\" \/>\n\t<meta property=\"og:image:height\" content=\"390\" \/>\n\t<meta property=\"og:image:type\" content=\"image\/jpeg\" \/>\n<meta name=\"twitter:card\" content=\"summary_large_image\" \/>\n<meta name=\"twitter:label1\" content=\"Dur\u00e9e de lecture estim\u00e9e\" \/>\n\t<meta name=\"twitter:data1\" content=\"1 minute\" \/>\n<script type=\"application\/ld+json\" class=\"yoast-schema-graph\">{\"@context\":\"https:\\\/\\\/schema.org\",\"@graph\":[{\"@type\":\"WebPage\",\"@id\":\"https:\\\/\\\/shop.bantam.ch\\\/fr\\\/produit\\\/retroviseur-speed-fix-mirror-xxl\\\/\",\"url\":\"https:\\\/\\\/shop.bantam.ch\\\/fr\\\/produit\\\/retroviseur-speed-fix-mirror-xxl\\\/\",\"name\":\"R\u00e9troviseur Speed Fix Mirror XXL - Bantam\",\"isPartOf\":{\"@id\":\"https:\\\/\\\/shop.bantam.ch\\\/fr\\\/#website\"},\"primaryImageOfPage\":{\"@id\":\"https:\\\/\\\/shop.bantam.ch\\\/fr\\\/produit\\\/retroviseur-speed-fix-mirror-xxl\\\/#primaryimage\"},\"image\":{\"@id\":\"https:\\\/\\\/shop.bantam.ch\\\/fr\\\/produit\\\/retroviseur-speed-fix-mirror-xxl\\\/#primaryimage\"},\"thumbnailUrl\":\"https:\\\/\\\/shop.bantam.ch\\\/wp-content\\\/uploads\\\/2023\\\/02\\\/998353311.jpg\",\"datePublished\":\"2023-02-27T22:46:07+00:00\",\"dateModified\":\"2026-05-01T20:12:50+00:00\",\"breadcrumb\":{\"@id\":\"https:\\\/\\\/shop.bantam.ch\\\/fr\\\/produit\\\/retroviseur-speed-fix-mirror-xxl\\\/#breadcrumb\"},\"inLanguage\":\"fr-FR\",\"potentialAction\":[{\"@type\":\"ReadAction\",\"target\":[\"https:\\\/\\\/shop.bantam.ch\\\/fr\\\/produit\\\/retroviseur-speed-fix-mirror-xxl\\\/\"]}]},{\"@type\":\"ImageObject\",\"inLanguage\":\"fr-FR\",\"@id\":\"https:\\\/\\\/shop.bantam.ch\\\/fr\\\/produit\\\/retroviseur-speed-fix-mirror-xxl\\\/#primaryimage\",\"url\":\"https:\\\/\\\/shop.bantam.ch\\\/wp-content\\\/uploads\\\/2023\\\/02\\\/998353311.jpg\",\"contentUrl\":\"https:\\\/\\\/shop.bantam.ch\\\/wp-content\\\/uploads\\\/2023\\\/02\\\/998353311.jpg\",\"width\":1000,\"height\":390},{\"@type\":\"BreadcrumbList\",\"@id\":\"https:\\\/\\\/shop.bantam.ch\\\/fr\\\/produit\\\/retroviseur-speed-fix-mirror-xxl\\\/#breadcrumb\",\"itemListElement\":[{\"@type\":\"ListItem\",\"position\":1,\"name\":\"Accueil\",\"item\":\"https:\\\/\\\/shop.bantam.ch\\\/fr\\\/\"},{\"@type\":\"ListItem\",\"position\":2,\"name\":\"Boutique\",\"item\":\"https:\\\/\\\/shop.bantam.ch\\\/fr\\\/boutique\\\/\"},{\"@type\":\"ListItem\",\"position\":3,\"name\":\"R\u00e9troviseur Speed Fix Mirror XXL\"}]},{\"@type\":\"WebSite\",\"@id\":\"https:\\\/\\\/shop.bantam.ch\\\/fr\\\/#website\",\"url\":\"https:\\\/\\\/shop.bantam.ch\\\/fr\\\/\",\"name\":\"Bantam\",\"description\":\"\",\"publisher\":{\"@id\":\"https:\\\/\\\/shop.bantam.ch\\\/fr\\\/#organization\"},\"inLanguage\":\"fr-FR\"},{\"@type\":\"Organization\",\"@id\":\"https:\\\/\\\/shop.bantam.ch\\\/fr\\\/#organization\",\"name\":\"Bantam\",\"url\":\"https:\\\/\\\/shop.bantam.ch\\\/fr\\\/\",\"logo\":{\"@type\":\"ImageObject\",\"inLanguage\":\"fr-FR\",\"@id\":\"https:\\\/\\\/shop.bantam.ch\\\/fr\\\/#\\\/schema\\\/logo\\\/image\\\/\",\"url\":\"https:\\\/\\\/shop.bantam.ch\\\/wp-content\\\/uploads\\\/2022\\\/12\\\/bantam-logo.png\",\"contentUrl\":\"https:\\\/\\\/shop.bantam.ch\\\/wp-content\\\/uploads\\\/2022\\\/12\\\/bantam-logo.png\",\"width\":320,\"height\":71,\"caption\":\"Bantam\"},\"image\":{\"@id\":\"https:\\\/\\\/shop.bantam.ch\\\/fr\\\/#\\\/schema\\\/logo\\\/image\\\/\"}}]}<\/script>\n<!-- \/ Yoast SEO plugin. -->","yoast_head_json":{"title":"R\u00e9troviseur Speed Fix Mirror XXL - Bantam","robots":{"index":"index","follow":"follow","max-snippet":"max-snippet:-1","max-image-preview":"max-image-preview:large","max-video-preview":"max-video-preview:-1"},"canonical":"https:\/\/shop.bantam.ch\/fr\/produit\/retroviseur-speed-fix-mirror-xxl\/","og_locale":"fr_FR","og_type":"article","og_title":"R\u00e9troviseur Speed Fix Mirror XXL - Bantam","og_description":"Le syst\u00e8me de fixation innovant du r\u00e9troviseur SPEED FIX MIRROR avec t\u00eate articul\u00e9e brevet\u00e9e garantit non seulement une tenue extr\u00eamement stable et des possibilit\u00e9s de fixation tr\u00e8s flexibles, mais aussi un montage simple et rapide. Le r\u00e9troviseur de haute qualit\u00e9 se caract\u00e9rise par son design particuli\u00e8rement a\u00e9rodynamique qui, en combinaison avec la fixation stable, r\u00e9duit [&hellip;]","og_url":"https:\/\/shop.bantam.ch\/fr\/produit\/retroviseur-speed-fix-mirror-xxl\/","og_site_name":"Bantam","article_modified_time":"2026-05-01T20:12:50+00:00","og_image":[{"width":1000,"height":390,"url":"https:\/\/shop.bantam.ch\/wp-content\/uploads\/2023\/02\/998353311.jpg","type":"image\/jpeg"}],"twitter_card":"summary_large_image","twitter_misc":{"Dur\u00e9e de lecture estim\u00e9e":"1 minute"},"schema":{"@context":"https:\/\/schema.org","@graph":[{"@type":"WebPage","@id":"https:\/\/shop.bantam.ch\/fr\/produit\/retroviseur-speed-fix-mirror-xxl\/","url":"https:\/\/shop.bantam.ch\/fr\/produit\/retroviseur-speed-fix-mirror-xxl\/","name":"R\u00e9troviseur Speed Fix Mirror XXL - Bantam","isPartOf":{"@id":"https:\/\/shop.bantam.ch\/fr\/#website"},"primaryImageOfPage":{"@id":"https:\/\/shop.bantam.ch\/fr\/produit\/retroviseur-speed-fix-mirror-xxl\/#primaryimage"},"image":{"@id":"https:\/\/shop.bantam.ch\/fr\/produit\/retroviseur-speed-fix-mirror-xxl\/#primaryimage"},"thumbnailUrl":"https:\/\/shop.bantam.ch\/wp-content\/uploads\/2023\/02\/998353311.jpg","datePublished":"2023-02-27T22:46:07+00:00","dateModified":"2026-05-01T20:12:50+00:00","breadcrumb":{"@id":"https:\/\/shop.bantam.ch\/fr\/produit\/retroviseur-speed-fix-mirror-xxl\/#breadcrumb"},"inLanguage":"fr-FR","potentialAction":[{"@type":"ReadAction","target":["https:\/\/shop.bantam.ch\/fr\/produit\/retroviseur-speed-fix-mirror-xxl\/"]}]},{"@type":"ImageObject","inLanguage":"fr-FR","@id":"https:\/\/shop.bantam.ch\/fr\/produit\/retroviseur-speed-fix-mirror-xxl\/#primaryimage","url":"https:\/\/shop.bantam.ch\/wp-content\/uploads\/2023\/02\/998353311.jpg","contentUrl":"https:\/\/shop.bantam.ch\/wp-content\/uploads\/2023\/02\/998353311.jpg","width":1000,"height":390},{"@type":"BreadcrumbList","@id":"https:\/\/shop.bantam.ch\/fr\/produit\/retroviseur-speed-fix-mirror-xxl\/#breadcrumb","itemListElement":[{"@type":"ListItem","position":1,"name":"Accueil","item":"https:\/\/shop.bantam.ch\/fr\/"},{"@type":"ListItem","position":2,"name":"Boutique","item":"https:\/\/shop.bantam.ch\/fr\/boutique\/"},{"@type":"ListItem","position":3,"name":"R\u00e9troviseur Speed Fix Mirror XXL"}]},{"@type":"WebSite","@id":"https:\/\/shop.bantam.ch\/fr\/#website","url":"https:\/\/shop.bantam.ch\/fr\/","name":"Bantam","description":"","publisher":{"@id":"https:\/\/shop.bantam.ch\/fr\/#organization"},"inLanguage":"fr-FR"},{"@type":"Organization","@id":"https:\/\/shop.bantam.ch\/fr\/#organization","name":"Bantam","url":"https:\/\/shop.bantam.ch\/fr\/","logo":{"@type":"ImageObject","inLanguage":"fr-FR","@id":"https:\/\/shop.bantam.ch\/fr\/#\/schema\/logo\/image\/","url":"https:\/\/shop.bantam.ch\/wp-content\/uploads\/2022\/12\/bantam-logo.png","contentUrl":"https:\/\/shop.bantam.ch\/wp-content\/uploads\/2022\/12\/bantam-logo.png","width":320,"height":71,"caption":"Bantam"},"image":{"@id":"https:\/\/shop.bantam.ch\/fr\/#\/schema\/logo\/image\/"}}]}},"_links":{"self":[{"href":"https:\/\/shop.bantam.ch\/fr\/wp-json\/wp\/v2\/product\/73439","targetHints":{"allow":["GET"]}}],"collection":[{"href":"https:\/\/shop.bantam.ch\/fr\/wp-json\/wp\/v2\/product"}],"about":[{"href":"https:\/\/shop.bantam.ch\/fr\/wp-json\/wp\/v2\/types\/product"}],"wp:featuredmedia":[{"embeddable":true,"href":"https:\/\/shop.bantam.ch\/fr\/wp-json\/wp\/v2\/media\/73407"}],"wp:attachment":[{"href":"https:\/\/shop.bantam.ch\/fr\/wp-json\/wp\/v2\/media?parent=73439"}],"wp:term":[{"taxonomy":"product_featured_cat","embeddable":true,"href":"https:\/\/shop.bantam.ch\/fr\/wp-json\/wp\/v2\/product_featured_cat?post=73439"},{"taxonomy":"product_brand","embeddable":true,"href":"https:\/\/shop.bantam.ch\/fr\/wp-json\/wp\/v2\/product_brand?post=73439"},{"taxonomy":"product_cat","embeddable":true,"href":"https:\/\/shop.bantam.ch\/fr\/wp-json\/wp\/v2\/product_cat?post=73439"},{"taxonomy":"product_tag","embeddable":true,"href":"https:\/\/shop.bantam.ch\/fr\/wp-json\/wp\/v2\/product_tag?post=73439"}],"curies":[{"name":"wp","href":"https:\/\/api.w.org\/{rel}","templated":true}]}}