{"id":73393,"date":"2023-02-27T23:45:42","date_gmt":"2023-02-27T22:45:42","guid":{"rendered":"http:\/\/shop.bantam.ch\/produit\/mitigeur-ceramique-kama-avec-douche-a-main-duett-chrome\/"},"modified":"2026-05-02T21:16:27","modified_gmt":"2026-05-02T19:16:27","slug":"mitigeur-ceramique-kama-avec-douche-a-main-duett-chrome","status":"publish","type":"product","link":"https:\/\/shop.bantam.ch\/fr\/produit\/mitigeur-ceramique-kama-avec-douche-a-main-duett-chrome\/","title":{"rendered":"Mitigeur mono-levier Reich C\u00e9ramique Kama et douch. man. Duett chrom\u00e9"},"content":{"rendered":"<p>Le duo m\u00e9langeur \u00e0 levier unique est construit comme un m\u00e9langeur domestique. La cartouche en c\u00e9ramique \u00e9prouv\u00e9e garantit une qualit\u00e9 constante. Tr\u00e8s \u00e9conome en consommation d\u2019eau par l\u2019ajustement pr\u00e9cis de la temp\u00e9rature et du d\u00e9bit ! Le bec peut \u00eatre tourn\u00e9 de 90 \u00b0. La cartouche c\u00e9ramique et le microrupteur \u00e9tanche peuvent \u00eatre remplac\u00e9s par le haut sans d\u00e9monter la robinetterie. Le jet d&rsquo;eau peut \u00eatre bascul\u00e9 de \u00ab\u00a0normal\u00a0\u00bb \u00e0 \u00ab\u00a0douche\u00a0\u00bb. Facile \u00e0 installer gr\u00e2ce aux connexions flexibles de 250 mm de long. Longueur de sortie 215 mm, trou de montage 36 mm, indicateur de vidange, longueur de filetage 35 mm, couleur chrome.<\/p>\n<p>\u00a0<\/p>\n<ul>\n<li>Raccordement\u00a0: F5 (le chiffre derri\u00e8re le type de raccordement indique la pression d&rsquo;entr\u00e9e jusqu&rsquo;\u00e0 laquelle la robinetterie peut \u00eatre actionn\u00e9e)<\/li>\n<\/ul>\n<p>\u00a0<\/p>\n","protected":false},"excerpt":{"rendered":"<p>Le duo m\u00e9langeur \u00e0 levier unique est construit comme un m\u00e9langeur domestique. La cartouche en c\u00e9ramique \u00e9prouv\u00e9e garantit une qualit\u00e9 constante. Tr\u00e8s \u00e9conome en consommation d\u2019eau par l\u2019ajustement pr\u00e9cis de la temp\u00e9rature et du d\u00e9bit ! Le bec peut \u00eatre tourn\u00e9 de 90 \u00b0. La cartouche c\u00e9ramique et le microrupteur \u00e9tanche peuvent \u00eatre remplac\u00e9s par [&hellip;]<\/p>\n","protected":false},"featured_media":73387,"template":"","meta":{"_acf_changed":false},"product_featured_cat":[],"product_brand":[3112],"product_cat":[4573],"product_tag":[],"class_list":{"0":"post-73393","1":"product","2":"type-product","3":"status-publish","4":"has-post-thumbnail","6":"product_brand-reich","7":"product_cat-mitigeurs-et-robinets-deau-froide","9":"first","10":"instock","11":"taxable","12":"shipping-taxable","13":"purchasable","14":"product-type-simple"},"acf":[],"yoast_head":"<!-- This site is optimized with the Yoast SEO plugin v27.5 - https:\/\/yoast.com\/product\/yoast-seo-wordpress\/ -->\n<title>Mitigeur mono-levier Reich C\u00e9ramique Kama et douch. man. Duett chrom\u00e9 - Bantam<\/title>\n<meta name=\"robots\" content=\"index, follow, max-snippet:-1, max-image-preview:large, max-video-preview:-1\" \/>\n<link rel=\"canonical\" href=\"https:\/\/shop.bantam.ch\/fr\/produit\/mitigeur-ceramique-kama-avec-douche-a-main-duett-chrome\/\" \/>\n<meta property=\"og:locale\" content=\"fr_FR\" \/>\n<meta property=\"og:type\" content=\"article\" \/>\n<meta property=\"og:title\" content=\"Mitigeur mono-levier Reich C\u00e9ramique Kama et douch. man. Duett chrom\u00e9 - Bantam\" \/>\n<meta property=\"og:description\" content=\"Le duo m\u00e9langeur \u00e0 levier unique est construit comme un m\u00e9langeur domestique. La cartouche en c\u00e9ramique \u00e9prouv\u00e9e garantit une qualit\u00e9 constante. Tr\u00e8s \u00e9conome en consommation d\u2019eau par l\u2019ajustement pr\u00e9cis de la temp\u00e9rature et du d\u00e9bit ! Le bec peut \u00eatre tourn\u00e9 de 90 \u00b0. La cartouche c\u00e9ramique et le microrupteur \u00e9tanche peuvent \u00eatre remplac\u00e9s par [&hellip;]\" \/>\n<meta property=\"og:url\" content=\"https:\/\/shop.bantam.ch\/fr\/produit\/mitigeur-ceramique-kama-avec-douche-a-main-duett-chrome\/\" \/>\n<meta property=\"og:site_name\" content=\"Bantam\" \/>\n<meta property=\"article:modified_time\" content=\"2026-05-02T19:16:27+00:00\" \/>\n<meta property=\"og:image\" content=\"https:\/\/shop.bantam.ch\/wp-content\/uploads\/2023\/02\/993159311.jpg\" \/>\n\t<meta property=\"og:image:width\" content=\"1000\" \/>\n\t<meta property=\"og:image:height\" content=\"672\" \/>\n\t<meta property=\"og:image:type\" content=\"image\/jpeg\" \/>\n<meta name=\"twitter:card\" content=\"summary_large_image\" \/>\n<meta name=\"twitter:label1\" content=\"Dur\u00e9e de lecture estim\u00e9e\" \/>\n\t<meta name=\"twitter:data1\" content=\"1 minute\" \/>\n<script type=\"application\/ld+json\" class=\"yoast-schema-graph\">{\"@context\":\"https:\\\/\\\/schema.org\",\"@graph\":[{\"@type\":\"WebPage\",\"@id\":\"https:\\\/\\\/shop.bantam.ch\\\/fr\\\/produit\\\/mitigeur-ceramique-kama-avec-douche-a-main-duett-chrome\\\/\",\"url\":\"https:\\\/\\\/shop.bantam.ch\\\/fr\\\/produit\\\/mitigeur-ceramique-kama-avec-douche-a-main-duett-chrome\\\/\",\"name\":\"Mitigeur mono-levier Reich C\u00e9ramique Kama et douch. man. Duett chrom\u00e9 - Bantam\",\"isPartOf\":{\"@id\":\"https:\\\/\\\/shop.bantam.ch\\\/fr\\\/#website\"},\"primaryImageOfPage\":{\"@id\":\"https:\\\/\\\/shop.bantam.ch\\\/fr\\\/produit\\\/mitigeur-ceramique-kama-avec-douche-a-main-duett-chrome\\\/#primaryimage\"},\"image\":{\"@id\":\"https:\\\/\\\/shop.bantam.ch\\\/fr\\\/produit\\\/mitigeur-ceramique-kama-avec-douche-a-main-duett-chrome\\\/#primaryimage\"},\"thumbnailUrl\":\"https:\\\/\\\/shop.bantam.ch\\\/wp-content\\\/uploads\\\/2023\\\/02\\\/993159311.jpg\",\"datePublished\":\"2023-02-27T22:45:42+00:00\",\"dateModified\":\"2026-05-02T19:16:27+00:00\",\"breadcrumb\":{\"@id\":\"https:\\\/\\\/shop.bantam.ch\\\/fr\\\/produit\\\/mitigeur-ceramique-kama-avec-douche-a-main-duett-chrome\\\/#breadcrumb\"},\"inLanguage\":\"fr-FR\",\"potentialAction\":[{\"@type\":\"ReadAction\",\"target\":[\"https:\\\/\\\/shop.bantam.ch\\\/fr\\\/produit\\\/mitigeur-ceramique-kama-avec-douche-a-main-duett-chrome\\\/\"]}]},{\"@type\":\"ImageObject\",\"inLanguage\":\"fr-FR\",\"@id\":\"https:\\\/\\\/shop.bantam.ch\\\/fr\\\/produit\\\/mitigeur-ceramique-kama-avec-douche-a-main-duett-chrome\\\/#primaryimage\",\"url\":\"https:\\\/\\\/shop.bantam.ch\\\/wp-content\\\/uploads\\\/2023\\\/02\\\/993159311.jpg\",\"contentUrl\":\"https:\\\/\\\/shop.bantam.ch\\\/wp-content\\\/uploads\\\/2023\\\/02\\\/993159311.jpg\",\"width\":1000,\"height\":672},{\"@type\":\"BreadcrumbList\",\"@id\":\"https:\\\/\\\/shop.bantam.ch\\\/fr\\\/produit\\\/mitigeur-ceramique-kama-avec-douche-a-main-duett-chrome\\\/#breadcrumb\",\"itemListElement\":[{\"@type\":\"ListItem\",\"position\":1,\"name\":\"Accueil\",\"item\":\"https:\\\/\\\/shop.bantam.ch\\\/fr\\\/\"},{\"@type\":\"ListItem\",\"position\":2,\"name\":\"Boutique\",\"item\":\"https:\\\/\\\/shop.bantam.ch\\\/fr\\\/boutique\\\/\"},{\"@type\":\"ListItem\",\"position\":3,\"name\":\"Mitigeur mono-levier Reich C\u00e9ramique Kama et douch. man. Duett chrom\u00e9\"}]},{\"@type\":\"WebSite\",\"@id\":\"https:\\\/\\\/shop.bantam.ch\\\/fr\\\/#website\",\"url\":\"https:\\\/\\\/shop.bantam.ch\\\/fr\\\/\",\"name\":\"Bantam\",\"description\":\"\",\"publisher\":{\"@id\":\"https:\\\/\\\/shop.bantam.ch\\\/fr\\\/#organization\"},\"inLanguage\":\"fr-FR\"},{\"@type\":\"Organization\",\"@id\":\"https:\\\/\\\/shop.bantam.ch\\\/fr\\\/#organization\",\"name\":\"Bantam\",\"url\":\"https:\\\/\\\/shop.bantam.ch\\\/fr\\\/\",\"logo\":{\"@type\":\"ImageObject\",\"inLanguage\":\"fr-FR\",\"@id\":\"https:\\\/\\\/shop.bantam.ch\\\/fr\\\/#\\\/schema\\\/logo\\\/image\\\/\",\"url\":\"https:\\\/\\\/shop.bantam.ch\\\/wp-content\\\/uploads\\\/2022\\\/12\\\/bantam-logo.png\",\"contentUrl\":\"https:\\\/\\\/shop.bantam.ch\\\/wp-content\\\/uploads\\\/2022\\\/12\\\/bantam-logo.png\",\"width\":320,\"height\":71,\"caption\":\"Bantam\"},\"image\":{\"@id\":\"https:\\\/\\\/shop.bantam.ch\\\/fr\\\/#\\\/schema\\\/logo\\\/image\\\/\"}}]}<\/script>\n<!-- \/ Yoast SEO plugin. -->","yoast_head_json":{"title":"Mitigeur mono-levier Reich C\u00e9ramique Kama et douch. man. Duett chrom\u00e9 - Bantam","robots":{"index":"index","follow":"follow","max-snippet":"max-snippet:-1","max-image-preview":"max-image-preview:large","max-video-preview":"max-video-preview:-1"},"canonical":"https:\/\/shop.bantam.ch\/fr\/produit\/mitigeur-ceramique-kama-avec-douche-a-main-duett-chrome\/","og_locale":"fr_FR","og_type":"article","og_title":"Mitigeur mono-levier Reich C\u00e9ramique Kama et douch. man. Duett chrom\u00e9 - Bantam","og_description":"Le duo m\u00e9langeur \u00e0 levier unique est construit comme un m\u00e9langeur domestique. La cartouche en c\u00e9ramique \u00e9prouv\u00e9e garantit une qualit\u00e9 constante. Tr\u00e8s \u00e9conome en consommation d\u2019eau par l\u2019ajustement pr\u00e9cis de la temp\u00e9rature et du d\u00e9bit ! Le bec peut \u00eatre tourn\u00e9 de 90 \u00b0. La cartouche c\u00e9ramique et le microrupteur \u00e9tanche peuvent \u00eatre remplac\u00e9s par [&hellip;]","og_url":"https:\/\/shop.bantam.ch\/fr\/produit\/mitigeur-ceramique-kama-avec-douche-a-main-duett-chrome\/","og_site_name":"Bantam","article_modified_time":"2026-05-02T19:16:27+00:00","og_image":[{"width":1000,"height":672,"url":"https:\/\/shop.bantam.ch\/wp-content\/uploads\/2023\/02\/993159311.jpg","type":"image\/jpeg"}],"twitter_card":"summary_large_image","twitter_misc":{"Dur\u00e9e de lecture estim\u00e9e":"1 minute"},"schema":{"@context":"https:\/\/schema.org","@graph":[{"@type":"WebPage","@id":"https:\/\/shop.bantam.ch\/fr\/produit\/mitigeur-ceramique-kama-avec-douche-a-main-duett-chrome\/","url":"https:\/\/shop.bantam.ch\/fr\/produit\/mitigeur-ceramique-kama-avec-douche-a-main-duett-chrome\/","name":"Mitigeur mono-levier Reich C\u00e9ramique Kama et douch. man. Duett chrom\u00e9 - Bantam","isPartOf":{"@id":"https:\/\/shop.bantam.ch\/fr\/#website"},"primaryImageOfPage":{"@id":"https:\/\/shop.bantam.ch\/fr\/produit\/mitigeur-ceramique-kama-avec-douche-a-main-duett-chrome\/#primaryimage"},"image":{"@id":"https:\/\/shop.bantam.ch\/fr\/produit\/mitigeur-ceramique-kama-avec-douche-a-main-duett-chrome\/#primaryimage"},"thumbnailUrl":"https:\/\/shop.bantam.ch\/wp-content\/uploads\/2023\/02\/993159311.jpg","datePublished":"2023-02-27T22:45:42+00:00","dateModified":"2026-05-02T19:16:27+00:00","breadcrumb":{"@id":"https:\/\/shop.bantam.ch\/fr\/produit\/mitigeur-ceramique-kama-avec-douche-a-main-duett-chrome\/#breadcrumb"},"inLanguage":"fr-FR","potentialAction":[{"@type":"ReadAction","target":["https:\/\/shop.bantam.ch\/fr\/produit\/mitigeur-ceramique-kama-avec-douche-a-main-duett-chrome\/"]}]},{"@type":"ImageObject","inLanguage":"fr-FR","@id":"https:\/\/shop.bantam.ch\/fr\/produit\/mitigeur-ceramique-kama-avec-douche-a-main-duett-chrome\/#primaryimage","url":"https:\/\/shop.bantam.ch\/wp-content\/uploads\/2023\/02\/993159311.jpg","contentUrl":"https:\/\/shop.bantam.ch\/wp-content\/uploads\/2023\/02\/993159311.jpg","width":1000,"height":672},{"@type":"BreadcrumbList","@id":"https:\/\/shop.bantam.ch\/fr\/produit\/mitigeur-ceramique-kama-avec-douche-a-main-duett-chrome\/#breadcrumb","itemListElement":[{"@type":"ListItem","position":1,"name":"Accueil","item":"https:\/\/shop.bantam.ch\/fr\/"},{"@type":"ListItem","position":2,"name":"Boutique","item":"https:\/\/shop.bantam.ch\/fr\/boutique\/"},{"@type":"ListItem","position":3,"name":"Mitigeur mono-levier Reich C\u00e9ramique Kama et douch. man. Duett chrom\u00e9"}]},{"@type":"WebSite","@id":"https:\/\/shop.bantam.ch\/fr\/#website","url":"https:\/\/shop.bantam.ch\/fr\/","name":"Bantam","description":"","publisher":{"@id":"https:\/\/shop.bantam.ch\/fr\/#organization"},"inLanguage":"fr-FR"},{"@type":"Organization","@id":"https:\/\/shop.bantam.ch\/fr\/#organization","name":"Bantam","url":"https:\/\/shop.bantam.ch\/fr\/","logo":{"@type":"ImageObject","inLanguage":"fr-FR","@id":"https:\/\/shop.bantam.ch\/fr\/#\/schema\/logo\/image\/","url":"https:\/\/shop.bantam.ch\/wp-content\/uploads\/2022\/12\/bantam-logo.png","contentUrl":"https:\/\/shop.bantam.ch\/wp-content\/uploads\/2022\/12\/bantam-logo.png","width":320,"height":71,"caption":"Bantam"},"image":{"@id":"https:\/\/shop.bantam.ch\/fr\/#\/schema\/logo\/image\/"}}]}},"_links":{"self":[{"href":"https:\/\/shop.bantam.ch\/fr\/wp-json\/wp\/v2\/product\/73393","targetHints":{"allow":["GET"]}}],"collection":[{"href":"https:\/\/shop.bantam.ch\/fr\/wp-json\/wp\/v2\/product"}],"about":[{"href":"https:\/\/shop.bantam.ch\/fr\/wp-json\/wp\/v2\/types\/product"}],"wp:featuredmedia":[{"embeddable":true,"href":"https:\/\/shop.bantam.ch\/fr\/wp-json\/wp\/v2\/media\/73387"}],"wp:attachment":[{"href":"https:\/\/shop.bantam.ch\/fr\/wp-json\/wp\/v2\/media?parent=73393"}],"wp:term":[{"taxonomy":"product_featured_cat","embeddable":true,"href":"https:\/\/shop.bantam.ch\/fr\/wp-json\/wp\/v2\/product_featured_cat?post=73393"},{"taxonomy":"product_brand","embeddable":true,"href":"https:\/\/shop.bantam.ch\/fr\/wp-json\/wp\/v2\/product_brand?post=73393"},{"taxonomy":"product_cat","embeddable":true,"href":"https:\/\/shop.bantam.ch\/fr\/wp-json\/wp\/v2\/product_cat?post=73393"},{"taxonomy":"product_tag","embeddable":true,"href":"https:\/\/shop.bantam.ch\/fr\/wp-json\/wp\/v2\/product_tag?post=73393"}],"curies":[{"name":"wp","href":"https:\/\/api.w.org\/{rel}","templated":true}]}}