{"id":73267,"date":"2023-02-27T23:44:11","date_gmt":"2023-02-27T22:44:11","guid":{"rendered":"http:\/\/shop.bantam.ch\/produit\/antivol-pour-timon-super-heavy-aks-3004-version-suedoise\/"},"modified":"2026-04-18T21:17:25","modified_gmt":"2026-04-18T19:17:25","slug":"antivol-pour-timon-super-heavy-aks-3004-version-suedoise","status":"publish","type":"product","link":"https:\/\/shop.bantam.ch\/fr\/produit\/antivol-pour-timon-super-heavy-aks-3004-version-suedoise\/","title":{"rendered":"Syst\u00e8me antivol Milenco Super Heavy AKS 3004 Version su\u00e9doise"},"content":{"rendered":"<p>L&rsquo;acier sp\u00e9cial robuste de 4 mm combin\u00e9 au m\u00e9canisme de verrouillage le plus puissant jamais utilis\u00e9 pour un tel produit rendent cette serrure d\u2019attelage extr\u00eamement r\u00e9sistante aux attaques. Le mod\u00e8le est test\u00e9 et approuv\u00e9 selon les normes officielles des labels de qualit\u00e9 SCM MP03, Sold Secure Gold et SBSC SSF.<\/p>\n<ul>\n<li>Compatible avec les remorques coupl\u00e9es ou non (le blocage d\u2019accouplement doit \u00eatre retir\u00e9 pendant la conduite).<\/li>\n<li>Convient aux raccords Alko, AKS 2004, 3004, AKS10<\/li>\n<\/ul>\n<p>Contenu de la livraison :<br \/>boule de s\u00e9curit\u00e9<br \/>Serrure de haute s\u00e9curit\u00e9<br \/>3 cl\u00e9s en acier inoxydable<br \/>sac de transport<\/p>\n","protected":false},"excerpt":{"rendered":"<p>L&rsquo;acier sp\u00e9cial robuste de 4 mm combin\u00e9 au m\u00e9canisme de verrouillage le plus puissant jamais utilis\u00e9 pour un tel produit rendent cette serrure d\u2019attelage extr\u00eamement r\u00e9sistante aux attaques. Le mod\u00e8le est test\u00e9 et approuv\u00e9 selon les normes officielles des labels de qualit\u00e9 SCM MP03, Sold Secure Gold et SBSC SSF. Compatible avec les remorques coupl\u00e9es [&hellip;]<\/p>\n","protected":false},"featured_media":73265,"template":"","meta":{"_acf_changed":false},"product_featured_cat":[],"product_brand":[3142],"product_cat":[4671],"product_tag":[],"class_list":{"0":"post-73267","1":"product","2":"type-product","3":"status-publish","4":"has-post-thumbnail","6":"product_brand-milenco","7":"product_cat-dispositifs-anti-demarrage","9":"first","10":"instock","11":"taxable","12":"shipping-taxable","13":"purchasable","14":"product-type-simple"},"acf":[],"yoast_head":"<!-- This site is optimized with the Yoast SEO plugin v27.4 - https:\/\/yoast.com\/product\/yoast-seo-wordpress\/ -->\n<title>Syst\u00e8me antivol Milenco Super Heavy AKS 3004 Version su\u00e9doise - Bantam Wankm\u00fcller SA<\/title>\n<meta name=\"robots\" content=\"index, follow, max-snippet:-1, max-image-preview:large, max-video-preview:-1\" \/>\n<link rel=\"canonical\" href=\"https:\/\/shop.bantam.ch\/fr\/produit\/antivol-pour-timon-super-heavy-aks-3004-version-suedoise\/\" \/>\n<meta property=\"og:locale\" content=\"fr_FR\" \/>\n<meta property=\"og:type\" content=\"article\" \/>\n<meta property=\"og:title\" content=\"Syst\u00e8me antivol Milenco Super Heavy AKS 3004 Version su\u00e9doise - Bantam Wankm\u00fcller SA\" \/>\n<meta property=\"og:description\" content=\"L&rsquo;acier sp\u00e9cial robuste de 4 mm combin\u00e9 au m\u00e9canisme de verrouillage le plus puissant jamais utilis\u00e9 pour un tel produit rendent cette serrure d\u2019attelage extr\u00eamement r\u00e9sistante aux attaques. Le mod\u00e8le est test\u00e9 et approuv\u00e9 selon les normes officielles des labels de qualit\u00e9 SCM MP03, Sold Secure Gold et SBSC SSF. Compatible avec les remorques coupl\u00e9es [&hellip;]\" \/>\n<meta property=\"og:url\" content=\"https:\/\/shop.bantam.ch\/fr\/produit\/antivol-pour-timon-super-heavy-aks-3004-version-suedoise\/\" \/>\n<meta property=\"og:site_name\" content=\"Bantam Wankm\u00fcller SA\" \/>\n<meta property=\"article:modified_time\" content=\"2026-04-18T19:17:25+00:00\" \/>\n<meta property=\"og:image\" content=\"https:\/\/shop.bantam.ch\/wp-content\/uploads\/2023\/02\/994158911.jpg\" \/>\n\t<meta property=\"og:image:width\" content=\"1000\" \/>\n\t<meta property=\"og:image:height\" content=\"667\" \/>\n\t<meta property=\"og:image:type\" content=\"image\/jpeg\" \/>\n<meta name=\"twitter:card\" content=\"summary_large_image\" \/>\n<script type=\"application\/ld+json\" class=\"yoast-schema-graph\">{\"@context\":\"https:\\\/\\\/schema.org\",\"@graph\":[{\"@type\":\"WebPage\",\"@id\":\"https:\\\/\\\/shop.bantam.ch\\\/fr\\\/produit\\\/antivol-pour-timon-super-heavy-aks-3004-version-suedoise\\\/\",\"url\":\"https:\\\/\\\/shop.bantam.ch\\\/fr\\\/produit\\\/antivol-pour-timon-super-heavy-aks-3004-version-suedoise\\\/\",\"name\":\"Syst\u00e8me antivol Milenco Super Heavy AKS 3004 Version su\u00e9doise - Bantam Wankm\u00fcller SA\",\"isPartOf\":{\"@id\":\"https:\\\/\\\/shop.bantam.ch\\\/fr\\\/#website\"},\"primaryImageOfPage\":{\"@id\":\"https:\\\/\\\/shop.bantam.ch\\\/fr\\\/produit\\\/antivol-pour-timon-super-heavy-aks-3004-version-suedoise\\\/#primaryimage\"},\"image\":{\"@id\":\"https:\\\/\\\/shop.bantam.ch\\\/fr\\\/produit\\\/antivol-pour-timon-super-heavy-aks-3004-version-suedoise\\\/#primaryimage\"},\"thumbnailUrl\":\"https:\\\/\\\/shop.bantam.ch\\\/wp-content\\\/uploads\\\/2023\\\/02\\\/994158911.jpg\",\"datePublished\":\"2023-02-27T22:44:11+00:00\",\"dateModified\":\"2026-04-18T19:17:25+00:00\",\"breadcrumb\":{\"@id\":\"https:\\\/\\\/shop.bantam.ch\\\/fr\\\/produit\\\/antivol-pour-timon-super-heavy-aks-3004-version-suedoise\\\/#breadcrumb\"},\"inLanguage\":\"fr-FR\",\"potentialAction\":[{\"@type\":\"ReadAction\",\"target\":[\"https:\\\/\\\/shop.bantam.ch\\\/fr\\\/produit\\\/antivol-pour-timon-super-heavy-aks-3004-version-suedoise\\\/\"]}]},{\"@type\":\"ImageObject\",\"inLanguage\":\"fr-FR\",\"@id\":\"https:\\\/\\\/shop.bantam.ch\\\/fr\\\/produit\\\/antivol-pour-timon-super-heavy-aks-3004-version-suedoise\\\/#primaryimage\",\"url\":\"https:\\\/\\\/shop.bantam.ch\\\/wp-content\\\/uploads\\\/2023\\\/02\\\/994158911.jpg\",\"contentUrl\":\"https:\\\/\\\/shop.bantam.ch\\\/wp-content\\\/uploads\\\/2023\\\/02\\\/994158911.jpg\",\"width\":1000,\"height\":667},{\"@type\":\"BreadcrumbList\",\"@id\":\"https:\\\/\\\/shop.bantam.ch\\\/fr\\\/produit\\\/antivol-pour-timon-super-heavy-aks-3004-version-suedoise\\\/#breadcrumb\",\"itemListElement\":[{\"@type\":\"ListItem\",\"position\":1,\"name\":\"Accueil\",\"item\":\"https:\\\/\\\/shop.bantam.ch\\\/fr\\\/\"},{\"@type\":\"ListItem\",\"position\":2,\"name\":\"Boutique\",\"item\":\"https:\\\/\\\/shop.bantam.ch\\\/fr\\\/boutique\\\/\"},{\"@type\":\"ListItem\",\"position\":3,\"name\":\"Syst\u00e8me antivol Milenco Super Heavy AKS 3004 Version su\u00e9doise\"}]},{\"@type\":\"WebSite\",\"@id\":\"https:\\\/\\\/shop.bantam.ch\\\/fr\\\/#website\",\"url\":\"https:\\\/\\\/shop.bantam.ch\\\/fr\\\/\",\"name\":\"Bantam Wankm\u00fcller SA\",\"description\":\"\",\"publisher\":{\"@id\":\"https:\\\/\\\/shop.bantam.ch\\\/fr\\\/#organization\"},\"inLanguage\":\"fr-FR\"},{\"@type\":\"Organization\",\"@id\":\"https:\\\/\\\/shop.bantam.ch\\\/fr\\\/#organization\",\"name\":\"Bantam Wankm\u00fcller SA\",\"url\":\"https:\\\/\\\/shop.bantam.ch\\\/fr\\\/\",\"logo\":{\"@type\":\"ImageObject\",\"inLanguage\":\"fr-FR\",\"@id\":\"https:\\\/\\\/shop.bantam.ch\\\/fr\\\/#\\\/schema\\\/logo\\\/image\\\/\",\"url\":\"https:\\\/\\\/shop.bantam.ch\\\/wp-content\\\/uploads\\\/2022\\\/12\\\/bantam-logo.png\",\"contentUrl\":\"https:\\\/\\\/shop.bantam.ch\\\/wp-content\\\/uploads\\\/2022\\\/12\\\/bantam-logo.png\",\"width\":320,\"height\":71,\"caption\":\"Bantam Wankm\u00fcller SA\"},\"image\":{\"@id\":\"https:\\\/\\\/shop.bantam.ch\\\/fr\\\/#\\\/schema\\\/logo\\\/image\\\/\"}}]}<\/script>\n<!-- \/ Yoast SEO plugin. -->","yoast_head_json":{"title":"Syst\u00e8me antivol Milenco Super Heavy AKS 3004 Version su\u00e9doise - Bantam Wankm\u00fcller SA","robots":{"index":"index","follow":"follow","max-snippet":"max-snippet:-1","max-image-preview":"max-image-preview:large","max-video-preview":"max-video-preview:-1"},"canonical":"https:\/\/shop.bantam.ch\/fr\/produit\/antivol-pour-timon-super-heavy-aks-3004-version-suedoise\/","og_locale":"fr_FR","og_type":"article","og_title":"Syst\u00e8me antivol Milenco Super Heavy AKS 3004 Version su\u00e9doise - Bantam Wankm\u00fcller SA","og_description":"L&rsquo;acier sp\u00e9cial robuste de 4 mm combin\u00e9 au m\u00e9canisme de verrouillage le plus puissant jamais utilis\u00e9 pour un tel produit rendent cette serrure d\u2019attelage extr\u00eamement r\u00e9sistante aux attaques. Le mod\u00e8le est test\u00e9 et approuv\u00e9 selon les normes officielles des labels de qualit\u00e9 SCM MP03, Sold Secure Gold et SBSC SSF. Compatible avec les remorques coupl\u00e9es [&hellip;]","og_url":"https:\/\/shop.bantam.ch\/fr\/produit\/antivol-pour-timon-super-heavy-aks-3004-version-suedoise\/","og_site_name":"Bantam Wankm\u00fcller SA","article_modified_time":"2026-04-18T19:17:25+00:00","og_image":[{"width":1000,"height":667,"url":"https:\/\/shop.bantam.ch\/wp-content\/uploads\/2023\/02\/994158911.jpg","type":"image\/jpeg"}],"twitter_card":"summary_large_image","schema":{"@context":"https:\/\/schema.org","@graph":[{"@type":"WebPage","@id":"https:\/\/shop.bantam.ch\/fr\/produit\/antivol-pour-timon-super-heavy-aks-3004-version-suedoise\/","url":"https:\/\/shop.bantam.ch\/fr\/produit\/antivol-pour-timon-super-heavy-aks-3004-version-suedoise\/","name":"Syst\u00e8me antivol Milenco Super Heavy AKS 3004 Version su\u00e9doise - Bantam Wankm\u00fcller SA","isPartOf":{"@id":"https:\/\/shop.bantam.ch\/fr\/#website"},"primaryImageOfPage":{"@id":"https:\/\/shop.bantam.ch\/fr\/produit\/antivol-pour-timon-super-heavy-aks-3004-version-suedoise\/#primaryimage"},"image":{"@id":"https:\/\/shop.bantam.ch\/fr\/produit\/antivol-pour-timon-super-heavy-aks-3004-version-suedoise\/#primaryimage"},"thumbnailUrl":"https:\/\/shop.bantam.ch\/wp-content\/uploads\/2023\/02\/994158911.jpg","datePublished":"2023-02-27T22:44:11+00:00","dateModified":"2026-04-18T19:17:25+00:00","breadcrumb":{"@id":"https:\/\/shop.bantam.ch\/fr\/produit\/antivol-pour-timon-super-heavy-aks-3004-version-suedoise\/#breadcrumb"},"inLanguage":"fr-FR","potentialAction":[{"@type":"ReadAction","target":["https:\/\/shop.bantam.ch\/fr\/produit\/antivol-pour-timon-super-heavy-aks-3004-version-suedoise\/"]}]},{"@type":"ImageObject","inLanguage":"fr-FR","@id":"https:\/\/shop.bantam.ch\/fr\/produit\/antivol-pour-timon-super-heavy-aks-3004-version-suedoise\/#primaryimage","url":"https:\/\/shop.bantam.ch\/wp-content\/uploads\/2023\/02\/994158911.jpg","contentUrl":"https:\/\/shop.bantam.ch\/wp-content\/uploads\/2023\/02\/994158911.jpg","width":1000,"height":667},{"@type":"BreadcrumbList","@id":"https:\/\/shop.bantam.ch\/fr\/produit\/antivol-pour-timon-super-heavy-aks-3004-version-suedoise\/#breadcrumb","itemListElement":[{"@type":"ListItem","position":1,"name":"Accueil","item":"https:\/\/shop.bantam.ch\/fr\/"},{"@type":"ListItem","position":2,"name":"Boutique","item":"https:\/\/shop.bantam.ch\/fr\/boutique\/"},{"@type":"ListItem","position":3,"name":"Syst\u00e8me antivol Milenco Super Heavy AKS 3004 Version su\u00e9doise"}]},{"@type":"WebSite","@id":"https:\/\/shop.bantam.ch\/fr\/#website","url":"https:\/\/shop.bantam.ch\/fr\/","name":"Bantam Wankm\u00fcller SA","description":"","publisher":{"@id":"https:\/\/shop.bantam.ch\/fr\/#organization"},"inLanguage":"fr-FR"},{"@type":"Organization","@id":"https:\/\/shop.bantam.ch\/fr\/#organization","name":"Bantam Wankm\u00fcller SA","url":"https:\/\/shop.bantam.ch\/fr\/","logo":{"@type":"ImageObject","inLanguage":"fr-FR","@id":"https:\/\/shop.bantam.ch\/fr\/#\/schema\/logo\/image\/","url":"https:\/\/shop.bantam.ch\/wp-content\/uploads\/2022\/12\/bantam-logo.png","contentUrl":"https:\/\/shop.bantam.ch\/wp-content\/uploads\/2022\/12\/bantam-logo.png","width":320,"height":71,"caption":"Bantam Wankm\u00fcller SA"},"image":{"@id":"https:\/\/shop.bantam.ch\/fr\/#\/schema\/logo\/image\/"}}]}},"_links":{"self":[{"href":"https:\/\/shop.bantam.ch\/fr\/wp-json\/wp\/v2\/product\/73267","targetHints":{"allow":["GET"]}}],"collection":[{"href":"https:\/\/shop.bantam.ch\/fr\/wp-json\/wp\/v2\/product"}],"about":[{"href":"https:\/\/shop.bantam.ch\/fr\/wp-json\/wp\/v2\/types\/product"}],"wp:featuredmedia":[{"embeddable":true,"href":"https:\/\/shop.bantam.ch\/fr\/wp-json\/wp\/v2\/media\/73265"}],"wp:attachment":[{"href":"https:\/\/shop.bantam.ch\/fr\/wp-json\/wp\/v2\/media?parent=73267"}],"wp:term":[{"taxonomy":"product_featured_cat","embeddable":true,"href":"https:\/\/shop.bantam.ch\/fr\/wp-json\/wp\/v2\/product_featured_cat?post=73267"},{"taxonomy":"product_brand","embeddable":true,"href":"https:\/\/shop.bantam.ch\/fr\/wp-json\/wp\/v2\/product_brand?post=73267"},{"taxonomy":"product_cat","embeddable":true,"href":"https:\/\/shop.bantam.ch\/fr\/wp-json\/wp\/v2\/product_cat?post=73267"},{"taxonomy":"product_tag","embeddable":true,"href":"https:\/\/shop.bantam.ch\/fr\/wp-json\/wp\/v2\/product_tag?post=73267"}],"curies":[{"name":"wp","href":"https:\/\/api.w.org\/{rel}","templated":true}]}}