{"id":73217,"date":"2023-02-27T23:43:10","date_gmt":"2023-02-27T22:43:10","guid":{"rendered":"http:\/\/shop.bantam.ch\/produit\/coude-90-m15-x-15-avec-ecrous\/"},"modified":"2026-04-19T21:17:58","modified_gmt":"2026-04-19T19:17:58","slug":"coude-90-m15-x-15-avec-ecrous","status":"publish","type":"product","link":"https:\/\/shop.bantam.ch\/fr\/produit\/coude-90-m15-x-15-avec-ecrous\/","title":{"rendered":"Coude 90\u00b0 M15 x 1,5 avec \u00e9crous"},"content":{"rendered":"<p>Une nouvelle forme de vissage pour flexibles PE et PVC. Gr\u00e2ce \u00e0 une conduite de canal garantissant un \u00e9coulement suffisant, la quantit\u00e9 du liquide transport\u00e9 est r\u00e9duite jusqu\u2019\u00e0 un quart, avec une pression identique. Le raccordement supporte une pression de 4 bars max. et une temp\u00e9rature comprise entre -15 \u00b0C et + 80 \u00b0C. Diam\u00e8tre int\u00e9rieur : 10 mm Flexibles en PVC et PE \u00e0 visser (renforc\u00e9s).<\/p>\n","protected":false},"excerpt":{"rendered":"<p>Une nouvelle forme de vissage pour flexibles PE et PVC. Gr\u00e2ce \u00e0 une conduite de canal garantissant un \u00e9coulement suffisant, la quantit\u00e9 du liquide transport\u00e9 est r\u00e9duite jusqu\u2019\u00e0 un quart, avec une pression identique. Le raccordement supporte une pression de 4 bars max. et une temp\u00e9rature comprise entre -15 \u00b0C et + 80 \u00b0C. Diam\u00e8tre [&hellip;]<\/p>\n","protected":false},"featured_media":73215,"template":"","meta":{"_acf_changed":false},"product_featured_cat":[],"product_brand":[3110],"product_cat":[4621],"product_tag":[],"class_list":{"0":"post-73217","1":"product","2":"type-product","3":"status-publish","4":"has-post-thumbnail","6":"product_brand-comet","7":"product_cat-connecteurs-de-tuyau","9":"first","10":"instock","11":"taxable","12":"shipping-taxable","13":"purchasable","14":"product-type-simple"},"acf":[],"yoast_head":"<!-- This site is optimized with the Yoast SEO plugin v27.4 - https:\/\/yoast.com\/product\/yoast-seo-wordpress\/ -->\n<title>Coude 90\u00b0 M15 x 1,5 avec \u00e9crous - Bantam Wankm\u00fcller SA<\/title>\n<meta name=\"robots\" content=\"index, follow, max-snippet:-1, max-image-preview:large, max-video-preview:-1\" \/>\n<link rel=\"canonical\" href=\"https:\/\/shop.bantam.ch\/fr\/produit\/coude-90-m15-x-15-avec-ecrous\/\" \/>\n<meta property=\"og:locale\" content=\"fr_FR\" \/>\n<meta property=\"og:type\" content=\"article\" \/>\n<meta property=\"og:title\" content=\"Coude 90\u00b0 M15 x 1,5 avec \u00e9crous - Bantam Wankm\u00fcller SA\" \/>\n<meta property=\"og:description\" content=\"Une nouvelle forme de vissage pour flexibles PE et PVC. Gr\u00e2ce \u00e0 une conduite de canal garantissant un \u00e9coulement suffisant, la quantit\u00e9 du liquide transport\u00e9 est r\u00e9duite jusqu\u2019\u00e0 un quart, avec une pression identique. Le raccordement supporte une pression de 4 bars max. et une temp\u00e9rature comprise entre -15 \u00b0C et + 80 \u00b0C. Diam\u00e8tre [&hellip;]\" \/>\n<meta property=\"og:url\" content=\"https:\/\/shop.bantam.ch\/fr\/produit\/coude-90-m15-x-15-avec-ecrous\/\" \/>\n<meta property=\"og:site_name\" content=\"Bantam Wankm\u00fcller SA\" \/>\n<meta property=\"article:modified_time\" content=\"2026-04-19T19:17:58+00:00\" \/>\n<meta property=\"og:image\" content=\"https:\/\/shop.bantam.ch\/wp-content\/uploads\/2023\/02\/993158311.jpg\" \/>\n\t<meta property=\"og:image:width\" content=\"1000\" \/>\n\t<meta property=\"og:image:height\" content=\"667\" \/>\n\t<meta property=\"og:image:type\" content=\"image\/jpeg\" \/>\n<meta name=\"twitter:card\" content=\"summary_large_image\" \/>\n<script type=\"application\/ld+json\" class=\"yoast-schema-graph\">{\"@context\":\"https:\\\/\\\/schema.org\",\"@graph\":[{\"@type\":\"WebPage\",\"@id\":\"https:\\\/\\\/shop.bantam.ch\\\/fr\\\/produit\\\/coude-90-m15-x-15-avec-ecrous\\\/\",\"url\":\"https:\\\/\\\/shop.bantam.ch\\\/fr\\\/produit\\\/coude-90-m15-x-15-avec-ecrous\\\/\",\"name\":\"Coude 90\u00b0 M15 x 1,5 avec \u00e9crous - Bantam Wankm\u00fcller SA\",\"isPartOf\":{\"@id\":\"https:\\\/\\\/shop.bantam.ch\\\/fr\\\/#website\"},\"primaryImageOfPage\":{\"@id\":\"https:\\\/\\\/shop.bantam.ch\\\/fr\\\/produit\\\/coude-90-m15-x-15-avec-ecrous\\\/#primaryimage\"},\"image\":{\"@id\":\"https:\\\/\\\/shop.bantam.ch\\\/fr\\\/produit\\\/coude-90-m15-x-15-avec-ecrous\\\/#primaryimage\"},\"thumbnailUrl\":\"https:\\\/\\\/shop.bantam.ch\\\/wp-content\\\/uploads\\\/2023\\\/02\\\/993158311.jpg\",\"datePublished\":\"2023-02-27T22:43:10+00:00\",\"dateModified\":\"2026-04-19T19:17:58+00:00\",\"breadcrumb\":{\"@id\":\"https:\\\/\\\/shop.bantam.ch\\\/fr\\\/produit\\\/coude-90-m15-x-15-avec-ecrous\\\/#breadcrumb\"},\"inLanguage\":\"fr-FR\",\"potentialAction\":[{\"@type\":\"ReadAction\",\"target\":[\"https:\\\/\\\/shop.bantam.ch\\\/fr\\\/produit\\\/coude-90-m15-x-15-avec-ecrous\\\/\"]}]},{\"@type\":\"ImageObject\",\"inLanguage\":\"fr-FR\",\"@id\":\"https:\\\/\\\/shop.bantam.ch\\\/fr\\\/produit\\\/coude-90-m15-x-15-avec-ecrous\\\/#primaryimage\",\"url\":\"https:\\\/\\\/shop.bantam.ch\\\/wp-content\\\/uploads\\\/2023\\\/02\\\/993158311.jpg\",\"contentUrl\":\"https:\\\/\\\/shop.bantam.ch\\\/wp-content\\\/uploads\\\/2023\\\/02\\\/993158311.jpg\",\"width\":1000,\"height\":667},{\"@type\":\"BreadcrumbList\",\"@id\":\"https:\\\/\\\/shop.bantam.ch\\\/fr\\\/produit\\\/coude-90-m15-x-15-avec-ecrous\\\/#breadcrumb\",\"itemListElement\":[{\"@type\":\"ListItem\",\"position\":1,\"name\":\"Accueil\",\"item\":\"https:\\\/\\\/shop.bantam.ch\\\/fr\\\/\"},{\"@type\":\"ListItem\",\"position\":2,\"name\":\"Boutique\",\"item\":\"https:\\\/\\\/shop.bantam.ch\\\/fr\\\/boutique\\\/\"},{\"@type\":\"ListItem\",\"position\":3,\"name\":\"Coude 90\u00b0 M15 x 1,5 avec \u00e9crous\"}]},{\"@type\":\"WebSite\",\"@id\":\"https:\\\/\\\/shop.bantam.ch\\\/fr\\\/#website\",\"url\":\"https:\\\/\\\/shop.bantam.ch\\\/fr\\\/\",\"name\":\"Bantam Wankm\u00fcller SA\",\"description\":\"\",\"publisher\":{\"@id\":\"https:\\\/\\\/shop.bantam.ch\\\/fr\\\/#organization\"},\"inLanguage\":\"fr-FR\"},{\"@type\":\"Organization\",\"@id\":\"https:\\\/\\\/shop.bantam.ch\\\/fr\\\/#organization\",\"name\":\"Bantam Wankm\u00fcller SA\",\"url\":\"https:\\\/\\\/shop.bantam.ch\\\/fr\\\/\",\"logo\":{\"@type\":\"ImageObject\",\"inLanguage\":\"fr-FR\",\"@id\":\"https:\\\/\\\/shop.bantam.ch\\\/fr\\\/#\\\/schema\\\/logo\\\/image\\\/\",\"url\":\"https:\\\/\\\/shop.bantam.ch\\\/wp-content\\\/uploads\\\/2022\\\/12\\\/bantam-logo.png\",\"contentUrl\":\"https:\\\/\\\/shop.bantam.ch\\\/wp-content\\\/uploads\\\/2022\\\/12\\\/bantam-logo.png\",\"width\":320,\"height\":71,\"caption\":\"Bantam Wankm\u00fcller SA\"},\"image\":{\"@id\":\"https:\\\/\\\/shop.bantam.ch\\\/fr\\\/#\\\/schema\\\/logo\\\/image\\\/\"}}]}<\/script>\n<!-- \/ Yoast SEO plugin. -->","yoast_head_json":{"title":"Coude 90\u00b0 M15 x 1,5 avec \u00e9crous - Bantam Wankm\u00fcller SA","robots":{"index":"index","follow":"follow","max-snippet":"max-snippet:-1","max-image-preview":"max-image-preview:large","max-video-preview":"max-video-preview:-1"},"canonical":"https:\/\/shop.bantam.ch\/fr\/produit\/coude-90-m15-x-15-avec-ecrous\/","og_locale":"fr_FR","og_type":"article","og_title":"Coude 90\u00b0 M15 x 1,5 avec \u00e9crous - Bantam Wankm\u00fcller SA","og_description":"Une nouvelle forme de vissage pour flexibles PE et PVC. Gr\u00e2ce \u00e0 une conduite de canal garantissant un \u00e9coulement suffisant, la quantit\u00e9 du liquide transport\u00e9 est r\u00e9duite jusqu\u2019\u00e0 un quart, avec une pression identique. Le raccordement supporte une pression de 4 bars max. et une temp\u00e9rature comprise entre -15 \u00b0C et + 80 \u00b0C. Diam\u00e8tre [&hellip;]","og_url":"https:\/\/shop.bantam.ch\/fr\/produit\/coude-90-m15-x-15-avec-ecrous\/","og_site_name":"Bantam Wankm\u00fcller SA","article_modified_time":"2026-04-19T19:17:58+00:00","og_image":[{"width":1000,"height":667,"url":"https:\/\/shop.bantam.ch\/wp-content\/uploads\/2023\/02\/993158311.jpg","type":"image\/jpeg"}],"twitter_card":"summary_large_image","schema":{"@context":"https:\/\/schema.org","@graph":[{"@type":"WebPage","@id":"https:\/\/shop.bantam.ch\/fr\/produit\/coude-90-m15-x-15-avec-ecrous\/","url":"https:\/\/shop.bantam.ch\/fr\/produit\/coude-90-m15-x-15-avec-ecrous\/","name":"Coude 90\u00b0 M15 x 1,5 avec \u00e9crous - Bantam Wankm\u00fcller SA","isPartOf":{"@id":"https:\/\/shop.bantam.ch\/fr\/#website"},"primaryImageOfPage":{"@id":"https:\/\/shop.bantam.ch\/fr\/produit\/coude-90-m15-x-15-avec-ecrous\/#primaryimage"},"image":{"@id":"https:\/\/shop.bantam.ch\/fr\/produit\/coude-90-m15-x-15-avec-ecrous\/#primaryimage"},"thumbnailUrl":"https:\/\/shop.bantam.ch\/wp-content\/uploads\/2023\/02\/993158311.jpg","datePublished":"2023-02-27T22:43:10+00:00","dateModified":"2026-04-19T19:17:58+00:00","breadcrumb":{"@id":"https:\/\/shop.bantam.ch\/fr\/produit\/coude-90-m15-x-15-avec-ecrous\/#breadcrumb"},"inLanguage":"fr-FR","potentialAction":[{"@type":"ReadAction","target":["https:\/\/shop.bantam.ch\/fr\/produit\/coude-90-m15-x-15-avec-ecrous\/"]}]},{"@type":"ImageObject","inLanguage":"fr-FR","@id":"https:\/\/shop.bantam.ch\/fr\/produit\/coude-90-m15-x-15-avec-ecrous\/#primaryimage","url":"https:\/\/shop.bantam.ch\/wp-content\/uploads\/2023\/02\/993158311.jpg","contentUrl":"https:\/\/shop.bantam.ch\/wp-content\/uploads\/2023\/02\/993158311.jpg","width":1000,"height":667},{"@type":"BreadcrumbList","@id":"https:\/\/shop.bantam.ch\/fr\/produit\/coude-90-m15-x-15-avec-ecrous\/#breadcrumb","itemListElement":[{"@type":"ListItem","position":1,"name":"Accueil","item":"https:\/\/shop.bantam.ch\/fr\/"},{"@type":"ListItem","position":2,"name":"Boutique","item":"https:\/\/shop.bantam.ch\/fr\/boutique\/"},{"@type":"ListItem","position":3,"name":"Coude 90\u00b0 M15 x 1,5 avec \u00e9crous"}]},{"@type":"WebSite","@id":"https:\/\/shop.bantam.ch\/fr\/#website","url":"https:\/\/shop.bantam.ch\/fr\/","name":"Bantam Wankm\u00fcller SA","description":"","publisher":{"@id":"https:\/\/shop.bantam.ch\/fr\/#organization"},"inLanguage":"fr-FR"},{"@type":"Organization","@id":"https:\/\/shop.bantam.ch\/fr\/#organization","name":"Bantam Wankm\u00fcller SA","url":"https:\/\/shop.bantam.ch\/fr\/","logo":{"@type":"ImageObject","inLanguage":"fr-FR","@id":"https:\/\/shop.bantam.ch\/fr\/#\/schema\/logo\/image\/","url":"https:\/\/shop.bantam.ch\/wp-content\/uploads\/2022\/12\/bantam-logo.png","contentUrl":"https:\/\/shop.bantam.ch\/wp-content\/uploads\/2022\/12\/bantam-logo.png","width":320,"height":71,"caption":"Bantam Wankm\u00fcller SA"},"image":{"@id":"https:\/\/shop.bantam.ch\/fr\/#\/schema\/logo\/image\/"}}]}},"_links":{"self":[{"href":"https:\/\/shop.bantam.ch\/fr\/wp-json\/wp\/v2\/product\/73217","targetHints":{"allow":["GET"]}}],"collection":[{"href":"https:\/\/shop.bantam.ch\/fr\/wp-json\/wp\/v2\/product"}],"about":[{"href":"https:\/\/shop.bantam.ch\/fr\/wp-json\/wp\/v2\/types\/product"}],"wp:featuredmedia":[{"embeddable":true,"href":"https:\/\/shop.bantam.ch\/fr\/wp-json\/wp\/v2\/media\/73215"}],"wp:attachment":[{"href":"https:\/\/shop.bantam.ch\/fr\/wp-json\/wp\/v2\/media?parent=73217"}],"wp:term":[{"taxonomy":"product_featured_cat","embeddable":true,"href":"https:\/\/shop.bantam.ch\/fr\/wp-json\/wp\/v2\/product_featured_cat?post=73217"},{"taxonomy":"product_brand","embeddable":true,"href":"https:\/\/shop.bantam.ch\/fr\/wp-json\/wp\/v2\/product_brand?post=73217"},{"taxonomy":"product_cat","embeddable":true,"href":"https:\/\/shop.bantam.ch\/fr\/wp-json\/wp\/v2\/product_cat?post=73217"},{"taxonomy":"product_tag","embeddable":true,"href":"https:\/\/shop.bantam.ch\/fr\/wp-json\/wp\/v2\/product_tag?post=73217"}],"curies":[{"name":"wp","href":"https:\/\/api.w.org\/{rel}","templated":true}]}}