{"id":72595,"date":"2023-02-27T23:37:27","date_gmt":"2023-02-27T22:37:27","guid":{"rendered":"http:\/\/shop.bantam.ch\/produit\/systeme-de-chauffage-thermo-top-evo\/"},"modified":"2026-04-18T21:16:55","modified_gmt":"2026-04-18T19:16:55","slug":"systeme-de-chauffage-thermo-top-evo","status":"publish","type":"product","link":"https:\/\/shop.bantam.ch\/fr\/produit\/systeme-de-chauffage-thermo-top-evo\/","title":{"rendered":"Syst\u00e8me de chauffage Webasto Thermo Top Evo 5\u00a0kW Diesel 12\u00a0V pour camping-cars"},"content":{"rendered":"<p>Le chauffage d\u2019eau Webasto Thermo Top Evo Motorcaravan est le chauffage d\u2019appoint id\u00e9al pour<br \/>\nchauffer la cabine du conducteur.  Bien souvent, en raison des grandes surfaces vitr\u00e9es non isol\u00e9es, la cabine du conducteur n\u2019est pas suffisamment chauff\u00e9e avec le chauffage d\u2019habitacle standard.  Le chauffage d\u2019appoint Webasto pr\u00e9sente l\u2019avantage de chauffer la cabine du conducteur pr\u00e9cis\u00e9ment en passant par les ventilateurs du v\u00e9hicule. De plus, le chauffage peut \u00e9galement pr\u00e9chauffer le moteur : celui-ci aura ainsi d\u00e9j\u00e0 atteint sa temp\u00e9rature de service lors du d\u00e9marrage pendant la saison hivernale, ce qui le pr\u00e9serve grandement.  Le dispositif de chauffage est mont\u00e9 dans le compartiment moteur et int\u00e9gr\u00e9 dans le circuit hydraulique du v\u00e9hicule, afin que soit la cabine du conducteur, soit le moteur puissent \u00eatre pr\u00e9chauff\u00e9s.<br \/>En plus du dispositif de chauffage, des kits de montage sp\u00e9cifiques aux v\u00e9hicules comme le<br \/>\nFiat Ducato par exemple sont disponibles et doivent \u00eatre command\u00e9s s\u00e9par\u00e9ment. <\/p>\n<ul>\n<li>Diffusion de la chaleur via les sorties d\u2019air du tableau de bord<\/li>\n<li>Chauffage de la cabine du conducteur et pr\u00e9chauffage du moteur<\/li>\n<li>Puissance de chauffage jusqu\u2019\u00e0 5 kW<\/li>\n<li>\u00c9missions r\u00e9duites gr\u00e2ce au pr\u00e9chauffage du moteur<\/li>\n<li>Dur\u00e9e de chauffe tr\u00e8s rapide<\/li>\n<li>Fonctionnement silencieux<\/li>\n<li>Fonctionnement au diesel directement depuis le r\u00e9servoir du v\u00e9hicule<\/li>\n<\/ul>\n<p>\u00a0<\/p>\n<ul>\n<li>Carburant : Diesel<\/li>\n<li>Consommation de carburant : 0,31 &#8211; 0,62 l\/h<\/li>\n<\/ul>\n","protected":false},"excerpt":{"rendered":"<p>Le chauffage d\u2019eau Webasto Thermo Top Evo Motorcaravan est le chauffage d\u2019appoint id\u00e9al pour chauffer la cabine du conducteur. Bien souvent, en raison des grandes surfaces vitr\u00e9es non isol\u00e9es, la cabine du conducteur n\u2019est pas suffisamment chauff\u00e9e avec le chauffage d\u2019habitacle standard. Le chauffage d\u2019appoint Webasto pr\u00e9sente l\u2019avantage de chauffer la cabine du conducteur pr\u00e9cis\u00e9ment [&hellip;]<\/p>\n","protected":false},"featured_media":72593,"template":"","meta":{"_acf_changed":false},"product_featured_cat":[],"product_brand":[3284],"product_cat":[4539],"product_tag":[],"class_list":{"0":"post-72595","1":"product","2":"type-product","3":"status-publish","4":"has-post-thumbnail","6":"product_brand-webasto","7":"product_cat-chauffages-diesel","9":"first","10":"instock","11":"taxable","12":"shipping-taxable","13":"purchasable","14":"product-type-simple"},"acf":[],"yoast_head":"<!-- This site is optimized with the Yoast SEO plugin v27.4 - https:\/\/yoast.com\/product\/yoast-seo-wordpress\/ -->\n<title>Syst\u00e8me de chauffage Webasto Thermo Top Evo 5\u00a0kW Diesel 12\u00a0V pour camping-cars - Bantam Wankm\u00fcller SA<\/title>\n<meta name=\"robots\" content=\"index, follow, max-snippet:-1, max-image-preview:large, max-video-preview:-1\" \/>\n<link rel=\"canonical\" href=\"https:\/\/shop.bantam.ch\/fr\/produit\/systeme-de-chauffage-thermo-top-evo\/\" \/>\n<meta property=\"og:locale\" content=\"fr_FR\" \/>\n<meta property=\"og:type\" content=\"article\" \/>\n<meta property=\"og:title\" content=\"Syst\u00e8me de chauffage Webasto Thermo Top Evo 5\u00a0kW Diesel 12\u00a0V pour camping-cars - Bantam Wankm\u00fcller SA\" \/>\n<meta property=\"og:description\" content=\"Le chauffage d\u2019eau Webasto Thermo Top Evo Motorcaravan est le chauffage d\u2019appoint id\u00e9al pour chauffer la cabine du conducteur. Bien souvent, en raison des grandes surfaces vitr\u00e9es non isol\u00e9es, la cabine du conducteur n\u2019est pas suffisamment chauff\u00e9e avec le chauffage d\u2019habitacle standard. Le chauffage d\u2019appoint Webasto pr\u00e9sente l\u2019avantage de chauffer la cabine du conducteur pr\u00e9cis\u00e9ment [&hellip;]\" \/>\n<meta property=\"og:url\" content=\"https:\/\/shop.bantam.ch\/fr\/produit\/systeme-de-chauffage-thermo-top-evo\/\" \/>\n<meta property=\"og:site_name\" content=\"Bantam Wankm\u00fcller SA\" \/>\n<meta property=\"article:modified_time\" content=\"2026-04-18T19:16:55+00:00\" \/>\n<meta property=\"og:image\" content=\"https:\/\/shop.bantam.ch\/wp-content\/uploads\/2023\/02\/995360011.jpg\" \/>\n\t<meta property=\"og:image:width\" content=\"1000\" \/>\n\t<meta property=\"og:image:height\" content=\"756\" \/>\n\t<meta property=\"og:image:type\" content=\"image\/jpeg\" \/>\n<meta name=\"twitter:card\" content=\"summary_large_image\" \/>\n<meta name=\"twitter:label1\" content=\"Dur\u00e9e de lecture estim\u00e9e\" \/>\n\t<meta name=\"twitter:data1\" content=\"1 minute\" \/>\n<script type=\"application\/ld+json\" class=\"yoast-schema-graph\">{\"@context\":\"https:\\\/\\\/schema.org\",\"@graph\":[{\"@type\":\"WebPage\",\"@id\":\"https:\\\/\\\/shop.bantam.ch\\\/fr\\\/produit\\\/systeme-de-chauffage-thermo-top-evo\\\/\",\"url\":\"https:\\\/\\\/shop.bantam.ch\\\/fr\\\/produit\\\/systeme-de-chauffage-thermo-top-evo\\\/\",\"name\":\"Syst\u00e8me de chauffage Webasto Thermo Top Evo 5\u00a0kW Diesel 12\u00a0V pour camping-cars - Bantam Wankm\u00fcller SA\",\"isPartOf\":{\"@id\":\"https:\\\/\\\/shop.bantam.ch\\\/fr\\\/#website\"},\"primaryImageOfPage\":{\"@id\":\"https:\\\/\\\/shop.bantam.ch\\\/fr\\\/produit\\\/systeme-de-chauffage-thermo-top-evo\\\/#primaryimage\"},\"image\":{\"@id\":\"https:\\\/\\\/shop.bantam.ch\\\/fr\\\/produit\\\/systeme-de-chauffage-thermo-top-evo\\\/#primaryimage\"},\"thumbnailUrl\":\"https:\\\/\\\/shop.bantam.ch\\\/wp-content\\\/uploads\\\/2023\\\/02\\\/995360011.jpg\",\"datePublished\":\"2023-02-27T22:37:27+00:00\",\"dateModified\":\"2026-04-18T19:16:55+00:00\",\"breadcrumb\":{\"@id\":\"https:\\\/\\\/shop.bantam.ch\\\/fr\\\/produit\\\/systeme-de-chauffage-thermo-top-evo\\\/#breadcrumb\"},\"inLanguage\":\"fr-FR\",\"potentialAction\":[{\"@type\":\"ReadAction\",\"target\":[\"https:\\\/\\\/shop.bantam.ch\\\/fr\\\/produit\\\/systeme-de-chauffage-thermo-top-evo\\\/\"]}]},{\"@type\":\"ImageObject\",\"inLanguage\":\"fr-FR\",\"@id\":\"https:\\\/\\\/shop.bantam.ch\\\/fr\\\/produit\\\/systeme-de-chauffage-thermo-top-evo\\\/#primaryimage\",\"url\":\"https:\\\/\\\/shop.bantam.ch\\\/wp-content\\\/uploads\\\/2023\\\/02\\\/995360011.jpg\",\"contentUrl\":\"https:\\\/\\\/shop.bantam.ch\\\/wp-content\\\/uploads\\\/2023\\\/02\\\/995360011.jpg\",\"width\":1000,\"height\":756},{\"@type\":\"BreadcrumbList\",\"@id\":\"https:\\\/\\\/shop.bantam.ch\\\/fr\\\/produit\\\/systeme-de-chauffage-thermo-top-evo\\\/#breadcrumb\",\"itemListElement\":[{\"@type\":\"ListItem\",\"position\":1,\"name\":\"Accueil\",\"item\":\"https:\\\/\\\/shop.bantam.ch\\\/fr\\\/\"},{\"@type\":\"ListItem\",\"position\":2,\"name\":\"Boutique\",\"item\":\"https:\\\/\\\/shop.bantam.ch\\\/fr\\\/boutique\\\/\"},{\"@type\":\"ListItem\",\"position\":3,\"name\":\"Syst\u00e8me de chauffage Webasto Thermo Top Evo 5\u00a0kW Diesel 12\u00a0V pour camping-cars\"}]},{\"@type\":\"WebSite\",\"@id\":\"https:\\\/\\\/shop.bantam.ch\\\/fr\\\/#website\",\"url\":\"https:\\\/\\\/shop.bantam.ch\\\/fr\\\/\",\"name\":\"Bantam Wankm\u00fcller SA\",\"description\":\"\",\"publisher\":{\"@id\":\"https:\\\/\\\/shop.bantam.ch\\\/fr\\\/#organization\"},\"inLanguage\":\"fr-FR\"},{\"@type\":\"Organization\",\"@id\":\"https:\\\/\\\/shop.bantam.ch\\\/fr\\\/#organization\",\"name\":\"Bantam Wankm\u00fcller SA\",\"url\":\"https:\\\/\\\/shop.bantam.ch\\\/fr\\\/\",\"logo\":{\"@type\":\"ImageObject\",\"inLanguage\":\"fr-FR\",\"@id\":\"https:\\\/\\\/shop.bantam.ch\\\/fr\\\/#\\\/schema\\\/logo\\\/image\\\/\",\"url\":\"https:\\\/\\\/shop.bantam.ch\\\/wp-content\\\/uploads\\\/2022\\\/12\\\/bantam-logo.png\",\"contentUrl\":\"https:\\\/\\\/shop.bantam.ch\\\/wp-content\\\/uploads\\\/2022\\\/12\\\/bantam-logo.png\",\"width\":320,\"height\":71,\"caption\":\"Bantam Wankm\u00fcller SA\"},\"image\":{\"@id\":\"https:\\\/\\\/shop.bantam.ch\\\/fr\\\/#\\\/schema\\\/logo\\\/image\\\/\"}}]}<\/script>\n<!-- \/ Yoast SEO plugin. -->","yoast_head_json":{"title":"Syst\u00e8me de chauffage Webasto Thermo Top Evo 5\u00a0kW Diesel 12\u00a0V pour camping-cars - Bantam Wankm\u00fcller SA","robots":{"index":"index","follow":"follow","max-snippet":"max-snippet:-1","max-image-preview":"max-image-preview:large","max-video-preview":"max-video-preview:-1"},"canonical":"https:\/\/shop.bantam.ch\/fr\/produit\/systeme-de-chauffage-thermo-top-evo\/","og_locale":"fr_FR","og_type":"article","og_title":"Syst\u00e8me de chauffage Webasto Thermo Top Evo 5\u00a0kW Diesel 12\u00a0V pour camping-cars - Bantam Wankm\u00fcller SA","og_description":"Le chauffage d\u2019eau Webasto Thermo Top Evo Motorcaravan est le chauffage d\u2019appoint id\u00e9al pour chauffer la cabine du conducteur. Bien souvent, en raison des grandes surfaces vitr\u00e9es non isol\u00e9es, la cabine du conducteur n\u2019est pas suffisamment chauff\u00e9e avec le chauffage d\u2019habitacle standard. Le chauffage d\u2019appoint Webasto pr\u00e9sente l\u2019avantage de chauffer la cabine du conducteur pr\u00e9cis\u00e9ment [&hellip;]","og_url":"https:\/\/shop.bantam.ch\/fr\/produit\/systeme-de-chauffage-thermo-top-evo\/","og_site_name":"Bantam Wankm\u00fcller SA","article_modified_time":"2026-04-18T19:16:55+00:00","og_image":[{"width":1000,"height":756,"url":"https:\/\/shop.bantam.ch\/wp-content\/uploads\/2023\/02\/995360011.jpg","type":"image\/jpeg"}],"twitter_card":"summary_large_image","twitter_misc":{"Dur\u00e9e de lecture estim\u00e9e":"1 minute"},"schema":{"@context":"https:\/\/schema.org","@graph":[{"@type":"WebPage","@id":"https:\/\/shop.bantam.ch\/fr\/produit\/systeme-de-chauffage-thermo-top-evo\/","url":"https:\/\/shop.bantam.ch\/fr\/produit\/systeme-de-chauffage-thermo-top-evo\/","name":"Syst\u00e8me de chauffage Webasto Thermo Top Evo 5\u00a0kW Diesel 12\u00a0V pour camping-cars - Bantam Wankm\u00fcller SA","isPartOf":{"@id":"https:\/\/shop.bantam.ch\/fr\/#website"},"primaryImageOfPage":{"@id":"https:\/\/shop.bantam.ch\/fr\/produit\/systeme-de-chauffage-thermo-top-evo\/#primaryimage"},"image":{"@id":"https:\/\/shop.bantam.ch\/fr\/produit\/systeme-de-chauffage-thermo-top-evo\/#primaryimage"},"thumbnailUrl":"https:\/\/shop.bantam.ch\/wp-content\/uploads\/2023\/02\/995360011.jpg","datePublished":"2023-02-27T22:37:27+00:00","dateModified":"2026-04-18T19:16:55+00:00","breadcrumb":{"@id":"https:\/\/shop.bantam.ch\/fr\/produit\/systeme-de-chauffage-thermo-top-evo\/#breadcrumb"},"inLanguage":"fr-FR","potentialAction":[{"@type":"ReadAction","target":["https:\/\/shop.bantam.ch\/fr\/produit\/systeme-de-chauffage-thermo-top-evo\/"]}]},{"@type":"ImageObject","inLanguage":"fr-FR","@id":"https:\/\/shop.bantam.ch\/fr\/produit\/systeme-de-chauffage-thermo-top-evo\/#primaryimage","url":"https:\/\/shop.bantam.ch\/wp-content\/uploads\/2023\/02\/995360011.jpg","contentUrl":"https:\/\/shop.bantam.ch\/wp-content\/uploads\/2023\/02\/995360011.jpg","width":1000,"height":756},{"@type":"BreadcrumbList","@id":"https:\/\/shop.bantam.ch\/fr\/produit\/systeme-de-chauffage-thermo-top-evo\/#breadcrumb","itemListElement":[{"@type":"ListItem","position":1,"name":"Accueil","item":"https:\/\/shop.bantam.ch\/fr\/"},{"@type":"ListItem","position":2,"name":"Boutique","item":"https:\/\/shop.bantam.ch\/fr\/boutique\/"},{"@type":"ListItem","position":3,"name":"Syst\u00e8me de chauffage Webasto Thermo Top Evo 5\u00a0kW Diesel 12\u00a0V pour camping-cars"}]},{"@type":"WebSite","@id":"https:\/\/shop.bantam.ch\/fr\/#website","url":"https:\/\/shop.bantam.ch\/fr\/","name":"Bantam Wankm\u00fcller SA","description":"","publisher":{"@id":"https:\/\/shop.bantam.ch\/fr\/#organization"},"inLanguage":"fr-FR"},{"@type":"Organization","@id":"https:\/\/shop.bantam.ch\/fr\/#organization","name":"Bantam Wankm\u00fcller SA","url":"https:\/\/shop.bantam.ch\/fr\/","logo":{"@type":"ImageObject","inLanguage":"fr-FR","@id":"https:\/\/shop.bantam.ch\/fr\/#\/schema\/logo\/image\/","url":"https:\/\/shop.bantam.ch\/wp-content\/uploads\/2022\/12\/bantam-logo.png","contentUrl":"https:\/\/shop.bantam.ch\/wp-content\/uploads\/2022\/12\/bantam-logo.png","width":320,"height":71,"caption":"Bantam Wankm\u00fcller SA"},"image":{"@id":"https:\/\/shop.bantam.ch\/fr\/#\/schema\/logo\/image\/"}}]}},"_links":{"self":[{"href":"https:\/\/shop.bantam.ch\/fr\/wp-json\/wp\/v2\/product\/72595","targetHints":{"allow":["GET"]}}],"collection":[{"href":"https:\/\/shop.bantam.ch\/fr\/wp-json\/wp\/v2\/product"}],"about":[{"href":"https:\/\/shop.bantam.ch\/fr\/wp-json\/wp\/v2\/types\/product"}],"wp:featuredmedia":[{"embeddable":true,"href":"https:\/\/shop.bantam.ch\/fr\/wp-json\/wp\/v2\/media\/72593"}],"wp:attachment":[{"href":"https:\/\/shop.bantam.ch\/fr\/wp-json\/wp\/v2\/media?parent=72595"}],"wp:term":[{"taxonomy":"product_featured_cat","embeddable":true,"href":"https:\/\/shop.bantam.ch\/fr\/wp-json\/wp\/v2\/product_featured_cat?post=72595"},{"taxonomy":"product_brand","embeddable":true,"href":"https:\/\/shop.bantam.ch\/fr\/wp-json\/wp\/v2\/product_brand?post=72595"},{"taxonomy":"product_cat","embeddable":true,"href":"https:\/\/shop.bantam.ch\/fr\/wp-json\/wp\/v2\/product_cat?post=72595"},{"taxonomy":"product_tag","embeddable":true,"href":"https:\/\/shop.bantam.ch\/fr\/wp-json\/wp\/v2\/product_tag?post=72595"}],"curies":[{"name":"wp","href":"https:\/\/api.w.org\/{rel}","templated":true}]}}