{"id":72539,"date":"2023-02-27T23:36:29","date_gmt":"2023-02-27T22:36:29","guid":{"rendered":"http:\/\/shop.bantam.ch\/produit\/toilettes-a-cassette-c-403-l-gauche-sans-porte-blanc\/"},"modified":"2026-04-20T21:16:34","modified_gmt":"2026-04-20T19:16:34","slug":"toilettes-a-cassette-c-403-l-gauche-sans-porte-blanc","status":"publish","type":"product","link":"https:\/\/shop.bantam.ch\/fr\/produit\/toilettes-a-cassette-c-403-l-gauche-sans-porte-blanc\/","title":{"rendered":"Toilettes \u00e0 cassette Thetford C\u00a0403\u00a0L gauche sans porte Blanc"},"content":{"rendered":"<p>Les mod\u00e8les de cette gamme pr\u00e9sentent des caract\u00e9ristiques uniques, comme un r\u00e9servoir \u00e0 mati\u00e8res sur roulettes et une poign\u00e9e escamotable qui simplifie la manipulation. Par ailleurs, le m\u00e9canisme int\u00e9gr\u00e9 dans le r\u00e9servoir \u00e0 mati\u00e8res est amovible. Vous pouvez ainsi nettoyer et entretenir facilement l\u2019int\u00e9rieur du r\u00e9servoir car un indicateur de niveau sophistiqu\u00e9 dans le r\u00e9servoir \u00e0 mati\u00e8res f\u00e9cales ou dans le r\u00e9servoir d\u2019eau claire affiche le niveau de remplissage.<\/p>\n<p>Avantages<\/p>\n<ul>\n<li>Utilisation optimale de l\u2019espace<\/li>\n<li>Plastique l\u00e9ger de grande qualit\u00e9.<\/li>\n<li>Longue dur\u00e9e de vie, simple \u00e0 utiliser et \u00e0 entretenir<\/li>\n<li>Syst\u00e8me de chasse d\u2019eau performant<\/li>\n<\/ul>\n<ul>\n<li>Orientation : gauche sans porte<\/li>\n<li>Syst\u00e8me de rin\u00e7age : \u00e9lectrique<\/li>\n<li>Hauteur d\u2019assise\u00a0: 47,3 cm<\/li>\n<li>Capacit\u00e9 du r\u00e9servoir \u00e0 mati\u00e8res\u00a0: 19,3 l<\/li>\n<li>Capacit\u00e9 du r\u00e9servoir d\u2019eau de rin\u00e7age\u00a0:<\/li>\n<\/ul>\n","protected":false},"excerpt":{"rendered":"<p>Les mod\u00e8les de cette gamme pr\u00e9sentent des caract\u00e9ristiques uniques, comme un r\u00e9servoir \u00e0 mati\u00e8res sur roulettes et une poign\u00e9e escamotable qui simplifie la manipulation. Par ailleurs, le m\u00e9canisme int\u00e9gr\u00e9 dans le r\u00e9servoir \u00e0 mati\u00e8res est amovible. Vous pouvez ainsi nettoyer et entretenir facilement l\u2019int\u00e9rieur du r\u00e9servoir car un indicateur de niveau sophistiqu\u00e9 dans le r\u00e9servoir [&hellip;]<\/p>\n","protected":false},"featured_media":72535,"template":"","meta":{"_acf_changed":false},"product_featured_cat":[],"product_brand":[3066],"product_cat":[4595],"product_tag":[],"class_list":{"0":"post-72539","1":"product","2":"type-product","3":"status-publish","4":"has-post-thumbnail","6":"product_brand-thetford","7":"product_cat-toilettes-encastrables","9":"first","10":"instock","11":"taxable","12":"shipping-taxable","13":"purchasable","14":"product-type-simple"},"acf":[],"yoast_head":"<!-- This site is optimized with the Yoast SEO plugin v27.4 - https:\/\/yoast.com\/product\/yoast-seo-wordpress\/ -->\n<title>Toilettes \u00e0 cassette Thetford C\u00a0403\u00a0L gauche sans porte Blanc - Bantam Wankm\u00fcller SA<\/title>\n<meta name=\"robots\" content=\"index, follow, max-snippet:-1, max-image-preview:large, max-video-preview:-1\" \/>\n<link rel=\"canonical\" href=\"https:\/\/shop.bantam.ch\/fr\/produit\/toilettes-a-cassette-c-403-l-gauche-sans-porte-blanc\/\" \/>\n<meta property=\"og:locale\" content=\"fr_FR\" \/>\n<meta property=\"og:type\" content=\"article\" \/>\n<meta property=\"og:title\" content=\"Toilettes \u00e0 cassette Thetford C\u00a0403\u00a0L gauche sans porte Blanc - Bantam Wankm\u00fcller SA\" \/>\n<meta property=\"og:description\" content=\"Les mod\u00e8les de cette gamme pr\u00e9sentent des caract\u00e9ristiques uniques, comme un r\u00e9servoir \u00e0 mati\u00e8res sur roulettes et une poign\u00e9e escamotable qui simplifie la manipulation. Par ailleurs, le m\u00e9canisme int\u00e9gr\u00e9 dans le r\u00e9servoir \u00e0 mati\u00e8res est amovible. Vous pouvez ainsi nettoyer et entretenir facilement l\u2019int\u00e9rieur du r\u00e9servoir car un indicateur de niveau sophistiqu\u00e9 dans le r\u00e9servoir [&hellip;]\" \/>\n<meta property=\"og:url\" content=\"https:\/\/shop.bantam.ch\/fr\/produit\/toilettes-a-cassette-c-403-l-gauche-sans-porte-blanc\/\" \/>\n<meta property=\"og:site_name\" content=\"Bantam Wankm\u00fcller SA\" \/>\n<meta property=\"article:modified_time\" content=\"2026-04-20T19:16:34+00:00\" \/>\n<meta property=\"og:image\" content=\"https:\/\/shop.bantam.ch\/wp-content\/uploads\/2023\/02\/993156911.jpg\" \/>\n\t<meta property=\"og:image:width\" content=\"1000\" \/>\n\t<meta property=\"og:image:height\" content=\"1000\" \/>\n\t<meta property=\"og:image:type\" content=\"image\/jpeg\" \/>\n<meta name=\"twitter:card\" content=\"summary_large_image\" \/>\n<meta name=\"twitter:label1\" content=\"Dur\u00e9e de lecture estim\u00e9e\" \/>\n\t<meta name=\"twitter:data1\" content=\"1 minute\" \/>\n<script type=\"application\/ld+json\" class=\"yoast-schema-graph\">{\"@context\":\"https:\\\/\\\/schema.org\",\"@graph\":[{\"@type\":\"WebPage\",\"@id\":\"https:\\\/\\\/shop.bantam.ch\\\/fr\\\/produit\\\/toilettes-a-cassette-c-403-l-gauche-sans-porte-blanc\\\/\",\"url\":\"https:\\\/\\\/shop.bantam.ch\\\/fr\\\/produit\\\/toilettes-a-cassette-c-403-l-gauche-sans-porte-blanc\\\/\",\"name\":\"Toilettes \u00e0 cassette Thetford C\u00a0403\u00a0L gauche sans porte Blanc - Bantam Wankm\u00fcller SA\",\"isPartOf\":{\"@id\":\"https:\\\/\\\/shop.bantam.ch\\\/fr\\\/#website\"},\"primaryImageOfPage\":{\"@id\":\"https:\\\/\\\/shop.bantam.ch\\\/fr\\\/produit\\\/toilettes-a-cassette-c-403-l-gauche-sans-porte-blanc\\\/#primaryimage\"},\"image\":{\"@id\":\"https:\\\/\\\/shop.bantam.ch\\\/fr\\\/produit\\\/toilettes-a-cassette-c-403-l-gauche-sans-porte-blanc\\\/#primaryimage\"},\"thumbnailUrl\":\"https:\\\/\\\/shop.bantam.ch\\\/wp-content\\\/uploads\\\/2023\\\/02\\\/993156911.jpg\",\"datePublished\":\"2023-02-27T22:36:29+00:00\",\"dateModified\":\"2026-04-20T19:16:34+00:00\",\"breadcrumb\":{\"@id\":\"https:\\\/\\\/shop.bantam.ch\\\/fr\\\/produit\\\/toilettes-a-cassette-c-403-l-gauche-sans-porte-blanc\\\/#breadcrumb\"},\"inLanguage\":\"fr-FR\",\"potentialAction\":[{\"@type\":\"ReadAction\",\"target\":[\"https:\\\/\\\/shop.bantam.ch\\\/fr\\\/produit\\\/toilettes-a-cassette-c-403-l-gauche-sans-porte-blanc\\\/\"]}]},{\"@type\":\"ImageObject\",\"inLanguage\":\"fr-FR\",\"@id\":\"https:\\\/\\\/shop.bantam.ch\\\/fr\\\/produit\\\/toilettes-a-cassette-c-403-l-gauche-sans-porte-blanc\\\/#primaryimage\",\"url\":\"https:\\\/\\\/shop.bantam.ch\\\/wp-content\\\/uploads\\\/2023\\\/02\\\/993156911.jpg\",\"contentUrl\":\"https:\\\/\\\/shop.bantam.ch\\\/wp-content\\\/uploads\\\/2023\\\/02\\\/993156911.jpg\",\"width\":1000,\"height\":1000},{\"@type\":\"BreadcrumbList\",\"@id\":\"https:\\\/\\\/shop.bantam.ch\\\/fr\\\/produit\\\/toilettes-a-cassette-c-403-l-gauche-sans-porte-blanc\\\/#breadcrumb\",\"itemListElement\":[{\"@type\":\"ListItem\",\"position\":1,\"name\":\"Accueil\",\"item\":\"https:\\\/\\\/shop.bantam.ch\\\/fr\\\/\"},{\"@type\":\"ListItem\",\"position\":2,\"name\":\"Boutique\",\"item\":\"https:\\\/\\\/shop.bantam.ch\\\/fr\\\/boutique\\\/\"},{\"@type\":\"ListItem\",\"position\":3,\"name\":\"Toilettes \u00e0 cassette Thetford C\u00a0403\u00a0L gauche sans porte Blanc\"}]},{\"@type\":\"WebSite\",\"@id\":\"https:\\\/\\\/shop.bantam.ch\\\/fr\\\/#website\",\"url\":\"https:\\\/\\\/shop.bantam.ch\\\/fr\\\/\",\"name\":\"Bantam Wankm\u00fcller SA\",\"description\":\"\",\"publisher\":{\"@id\":\"https:\\\/\\\/shop.bantam.ch\\\/fr\\\/#organization\"},\"inLanguage\":\"fr-FR\"},{\"@type\":\"Organization\",\"@id\":\"https:\\\/\\\/shop.bantam.ch\\\/fr\\\/#organization\",\"name\":\"Bantam Wankm\u00fcller SA\",\"url\":\"https:\\\/\\\/shop.bantam.ch\\\/fr\\\/\",\"logo\":{\"@type\":\"ImageObject\",\"inLanguage\":\"fr-FR\",\"@id\":\"https:\\\/\\\/shop.bantam.ch\\\/fr\\\/#\\\/schema\\\/logo\\\/image\\\/\",\"url\":\"https:\\\/\\\/shop.bantam.ch\\\/wp-content\\\/uploads\\\/2022\\\/12\\\/bantam-logo.png\",\"contentUrl\":\"https:\\\/\\\/shop.bantam.ch\\\/wp-content\\\/uploads\\\/2022\\\/12\\\/bantam-logo.png\",\"width\":320,\"height\":71,\"caption\":\"Bantam Wankm\u00fcller SA\"},\"image\":{\"@id\":\"https:\\\/\\\/shop.bantam.ch\\\/fr\\\/#\\\/schema\\\/logo\\\/image\\\/\"}}]}<\/script>\n<!-- \/ Yoast SEO plugin. -->","yoast_head_json":{"title":"Toilettes \u00e0 cassette Thetford C\u00a0403\u00a0L gauche sans porte Blanc - Bantam Wankm\u00fcller SA","robots":{"index":"index","follow":"follow","max-snippet":"max-snippet:-1","max-image-preview":"max-image-preview:large","max-video-preview":"max-video-preview:-1"},"canonical":"https:\/\/shop.bantam.ch\/fr\/produit\/toilettes-a-cassette-c-403-l-gauche-sans-porte-blanc\/","og_locale":"fr_FR","og_type":"article","og_title":"Toilettes \u00e0 cassette Thetford C\u00a0403\u00a0L gauche sans porte Blanc - Bantam Wankm\u00fcller SA","og_description":"Les mod\u00e8les de cette gamme pr\u00e9sentent des caract\u00e9ristiques uniques, comme un r\u00e9servoir \u00e0 mati\u00e8res sur roulettes et une poign\u00e9e escamotable qui simplifie la manipulation. Par ailleurs, le m\u00e9canisme int\u00e9gr\u00e9 dans le r\u00e9servoir \u00e0 mati\u00e8res est amovible. Vous pouvez ainsi nettoyer et entretenir facilement l\u2019int\u00e9rieur du r\u00e9servoir car un indicateur de niveau sophistiqu\u00e9 dans le r\u00e9servoir [&hellip;]","og_url":"https:\/\/shop.bantam.ch\/fr\/produit\/toilettes-a-cassette-c-403-l-gauche-sans-porte-blanc\/","og_site_name":"Bantam Wankm\u00fcller SA","article_modified_time":"2026-04-20T19:16:34+00:00","og_image":[{"width":1000,"height":1000,"url":"https:\/\/shop.bantam.ch\/wp-content\/uploads\/2023\/02\/993156911.jpg","type":"image\/jpeg"}],"twitter_card":"summary_large_image","twitter_misc":{"Dur\u00e9e de lecture estim\u00e9e":"1 minute"},"schema":{"@context":"https:\/\/schema.org","@graph":[{"@type":"WebPage","@id":"https:\/\/shop.bantam.ch\/fr\/produit\/toilettes-a-cassette-c-403-l-gauche-sans-porte-blanc\/","url":"https:\/\/shop.bantam.ch\/fr\/produit\/toilettes-a-cassette-c-403-l-gauche-sans-porte-blanc\/","name":"Toilettes \u00e0 cassette Thetford C\u00a0403\u00a0L gauche sans porte Blanc - Bantam Wankm\u00fcller SA","isPartOf":{"@id":"https:\/\/shop.bantam.ch\/fr\/#website"},"primaryImageOfPage":{"@id":"https:\/\/shop.bantam.ch\/fr\/produit\/toilettes-a-cassette-c-403-l-gauche-sans-porte-blanc\/#primaryimage"},"image":{"@id":"https:\/\/shop.bantam.ch\/fr\/produit\/toilettes-a-cassette-c-403-l-gauche-sans-porte-blanc\/#primaryimage"},"thumbnailUrl":"https:\/\/shop.bantam.ch\/wp-content\/uploads\/2023\/02\/993156911.jpg","datePublished":"2023-02-27T22:36:29+00:00","dateModified":"2026-04-20T19:16:34+00:00","breadcrumb":{"@id":"https:\/\/shop.bantam.ch\/fr\/produit\/toilettes-a-cassette-c-403-l-gauche-sans-porte-blanc\/#breadcrumb"},"inLanguage":"fr-FR","potentialAction":[{"@type":"ReadAction","target":["https:\/\/shop.bantam.ch\/fr\/produit\/toilettes-a-cassette-c-403-l-gauche-sans-porte-blanc\/"]}]},{"@type":"ImageObject","inLanguage":"fr-FR","@id":"https:\/\/shop.bantam.ch\/fr\/produit\/toilettes-a-cassette-c-403-l-gauche-sans-porte-blanc\/#primaryimage","url":"https:\/\/shop.bantam.ch\/wp-content\/uploads\/2023\/02\/993156911.jpg","contentUrl":"https:\/\/shop.bantam.ch\/wp-content\/uploads\/2023\/02\/993156911.jpg","width":1000,"height":1000},{"@type":"BreadcrumbList","@id":"https:\/\/shop.bantam.ch\/fr\/produit\/toilettes-a-cassette-c-403-l-gauche-sans-porte-blanc\/#breadcrumb","itemListElement":[{"@type":"ListItem","position":1,"name":"Accueil","item":"https:\/\/shop.bantam.ch\/fr\/"},{"@type":"ListItem","position":2,"name":"Boutique","item":"https:\/\/shop.bantam.ch\/fr\/boutique\/"},{"@type":"ListItem","position":3,"name":"Toilettes \u00e0 cassette Thetford C\u00a0403\u00a0L gauche sans porte Blanc"}]},{"@type":"WebSite","@id":"https:\/\/shop.bantam.ch\/fr\/#website","url":"https:\/\/shop.bantam.ch\/fr\/","name":"Bantam Wankm\u00fcller SA","description":"","publisher":{"@id":"https:\/\/shop.bantam.ch\/fr\/#organization"},"inLanguage":"fr-FR"},{"@type":"Organization","@id":"https:\/\/shop.bantam.ch\/fr\/#organization","name":"Bantam Wankm\u00fcller SA","url":"https:\/\/shop.bantam.ch\/fr\/","logo":{"@type":"ImageObject","inLanguage":"fr-FR","@id":"https:\/\/shop.bantam.ch\/fr\/#\/schema\/logo\/image\/","url":"https:\/\/shop.bantam.ch\/wp-content\/uploads\/2022\/12\/bantam-logo.png","contentUrl":"https:\/\/shop.bantam.ch\/wp-content\/uploads\/2022\/12\/bantam-logo.png","width":320,"height":71,"caption":"Bantam Wankm\u00fcller SA"},"image":{"@id":"https:\/\/shop.bantam.ch\/fr\/#\/schema\/logo\/image\/"}}]}},"_links":{"self":[{"href":"https:\/\/shop.bantam.ch\/fr\/wp-json\/wp\/v2\/product\/72539","targetHints":{"allow":["GET"]}}],"collection":[{"href":"https:\/\/shop.bantam.ch\/fr\/wp-json\/wp\/v2\/product"}],"about":[{"href":"https:\/\/shop.bantam.ch\/fr\/wp-json\/wp\/v2\/types\/product"}],"wp:featuredmedia":[{"embeddable":true,"href":"https:\/\/shop.bantam.ch\/fr\/wp-json\/wp\/v2\/media\/72535"}],"wp:attachment":[{"href":"https:\/\/shop.bantam.ch\/fr\/wp-json\/wp\/v2\/media?parent=72539"}],"wp:term":[{"taxonomy":"product_featured_cat","embeddable":true,"href":"https:\/\/shop.bantam.ch\/fr\/wp-json\/wp\/v2\/product_featured_cat?post=72539"},{"taxonomy":"product_brand","embeddable":true,"href":"https:\/\/shop.bantam.ch\/fr\/wp-json\/wp\/v2\/product_brand?post=72539"},{"taxonomy":"product_cat","embeddable":true,"href":"https:\/\/shop.bantam.ch\/fr\/wp-json\/wp\/v2\/product_cat?post=72539"},{"taxonomy":"product_tag","embeddable":true,"href":"https:\/\/shop.bantam.ch\/fr\/wp-json\/wp\/v2\/product_tag?post=72539"}],"curies":[{"name":"wp","href":"https:\/\/api.w.org\/{rel}","templated":true}]}}