{"id":72495,"date":"2023-02-27T23:35:40","date_gmt":"2023-02-27T22:35:40","guid":{"rendered":"http:\/\/shop.bantam.ch\/produit\/porta-potti-grise\/"},"modified":"2026-05-02T22:11:58","modified_gmt":"2026-05-02T20:11:58","slug":"porta-potti-grise","status":"publish","type":"product","link":"https:\/\/shop.bantam.ch\/fr\/produit\/porta-potti-grise\/","title":{"rendered":"Porta Potti grise"},"content":{"rendered":"<p>La Porta Potti est la base pour des toilettes portables durables. Les toilettes ont un couvercle avec verrou int\u00e9gr\u00e9, une cavit\u00e9 pour ouvrir le couvercle, une poign\u00e9e de pouss\u00e9e am\u00e9lior\u00e9e et une poign\u00e9e pratique pour le r\u00e9servoir des eaux us\u00e9es. Le bouchon du r\u00e9servoir \u00e0 mati\u00e8res f\u00e9cales maintient les embouts de vidange dans leurs positions et facilite vraiment la r\u00e9installation des deux r\u00e9servoirs<\/p>\n<p>Les avantages\u00a0:<\/p>\n<ul>\n<li>Con\u00e7ues par l&rsquo;inventeur des toilettes portables<\/li>\n<li>Excellente qualit\u00e9 gr\u00e2ce \u00e0 40 ans d&rsquo;exp\u00e9rience dans les solutions sanitaires mobiles<\/li>\n<li>Plastique l\u00e9ger de grande qualit\u00e9.<\/li>\n<li>Bouton de purge d\u2019air pour une vidange sans \u00e9claboussures<\/li>\n<li>Design moderne et rafra\u00eechissant<\/li>\n<li>Syst\u00e8me de poign\u00e9e de valve am\u00e9lior\u00e9<\/li>\n<li>Poign\u00e9e am\u00e9lior\u00e9e pour le r\u00e9servoir \u00e0 mati\u00e8res<\/li>\n<li>Confort d&rsquo;assise am\u00e9lior\u00e9<\/li>\n<\/ul>\n","protected":false},"excerpt":{"rendered":"<p>La Porta Potti est la base pour des toilettes portables durables. Les toilettes ont un couvercle avec verrou int\u00e9gr\u00e9, une cavit\u00e9 pour ouvrir le couvercle, une poign\u00e9e de pouss\u00e9e am\u00e9lior\u00e9e et une poign\u00e9e pratique pour le r\u00e9servoir des eaux us\u00e9es. Le bouchon du r\u00e9servoir \u00e0 mati\u00e8res f\u00e9cales maintient les embouts de vidange dans leurs positions [&hellip;]<\/p>\n","protected":false},"featured_media":72491,"template":"","meta":{"_acf_changed":false},"product_featured_cat":[],"product_brand":[3066],"product_cat":[4591],"product_tag":[],"class_list":{"0":"post-72495","1":"product","2":"type-product","3":"status-publish","4":"has-post-thumbnail","6":"product_brand-thetford","7":"product_cat-toilettes-chimiques","9":"first","10":"instock","11":"taxable","12":"shipping-taxable","13":"purchasable","14":"product-type-variable"},"acf":[],"yoast_head":"<!-- This site is optimized with the Yoast SEO plugin v27.5 - https:\/\/yoast.com\/product\/yoast-seo-wordpress\/ -->\n<title>Porta Potti grise - Bantam<\/title>\n<meta name=\"robots\" content=\"index, follow, max-snippet:-1, max-image-preview:large, max-video-preview:-1\" \/>\n<link rel=\"canonical\" href=\"https:\/\/shop.bantam.ch\/fr\/produit\/porta-potti-grise\/\" \/>\n<meta property=\"og:locale\" content=\"fr_FR\" \/>\n<meta property=\"og:type\" content=\"article\" \/>\n<meta property=\"og:title\" content=\"Porta Potti grise - Bantam\" \/>\n<meta property=\"og:description\" content=\"La Porta Potti est la base pour des toilettes portables durables. Les toilettes ont un couvercle avec verrou int\u00e9gr\u00e9, une cavit\u00e9 pour ouvrir le couvercle, une poign\u00e9e de pouss\u00e9e am\u00e9lior\u00e9e et une poign\u00e9e pratique pour le r\u00e9servoir des eaux us\u00e9es. Le bouchon du r\u00e9servoir \u00e0 mati\u00e8res f\u00e9cales maintient les embouts de vidange dans leurs positions [&hellip;]\" \/>\n<meta property=\"og:url\" content=\"https:\/\/shop.bantam.ch\/fr\/produit\/porta-potti-grise\/\" \/>\n<meta property=\"og:site_name\" content=\"Bantam\" \/>\n<meta property=\"article:modified_time\" content=\"2026-05-02T20:11:58+00:00\" \/>\n<meta property=\"og:image\" content=\"https:\/\/shop.bantam.ch\/wp-content\/uploads\/2023\/02\/993154511_01.jpg\" \/>\n\t<meta property=\"og:image:width\" content=\"750\" \/>\n\t<meta property=\"og:image:height\" content=\"1000\" \/>\n\t<meta property=\"og:image:type\" content=\"image\/jpeg\" \/>\n<meta name=\"twitter:card\" content=\"summary_large_image\" \/>\n<meta name=\"twitter:label1\" content=\"Dur\u00e9e de lecture estim\u00e9e\" \/>\n\t<meta name=\"twitter:data1\" content=\"1 minute\" \/>\n<script type=\"application\/ld+json\" class=\"yoast-schema-graph\">{\"@context\":\"https:\\\/\\\/schema.org\",\"@graph\":[{\"@type\":\"WebPage\",\"@id\":\"https:\\\/\\\/shop.bantam.ch\\\/fr\\\/produit\\\/porta-potti-grise\\\/\",\"url\":\"https:\\\/\\\/shop.bantam.ch\\\/fr\\\/produit\\\/porta-potti-grise\\\/\",\"name\":\"Porta Potti grise - Bantam\",\"isPartOf\":{\"@id\":\"https:\\\/\\\/shop.bantam.ch\\\/fr\\\/#website\"},\"primaryImageOfPage\":{\"@id\":\"https:\\\/\\\/shop.bantam.ch\\\/fr\\\/produit\\\/porta-potti-grise\\\/#primaryimage\"},\"image\":{\"@id\":\"https:\\\/\\\/shop.bantam.ch\\\/fr\\\/produit\\\/porta-potti-grise\\\/#primaryimage\"},\"thumbnailUrl\":\"https:\\\/\\\/shop.bantam.ch\\\/wp-content\\\/uploads\\\/2023\\\/02\\\/993154511_01.jpg\",\"datePublished\":\"2023-02-27T22:35:40+00:00\",\"dateModified\":\"2026-05-02T20:11:58+00:00\",\"breadcrumb\":{\"@id\":\"https:\\\/\\\/shop.bantam.ch\\\/fr\\\/produit\\\/porta-potti-grise\\\/#breadcrumb\"},\"inLanguage\":\"fr-FR\",\"potentialAction\":[{\"@type\":\"ReadAction\",\"target\":[\"https:\\\/\\\/shop.bantam.ch\\\/fr\\\/produit\\\/porta-potti-grise\\\/\"]}]},{\"@type\":\"ImageObject\",\"inLanguage\":\"fr-FR\",\"@id\":\"https:\\\/\\\/shop.bantam.ch\\\/fr\\\/produit\\\/porta-potti-grise\\\/#primaryimage\",\"url\":\"https:\\\/\\\/shop.bantam.ch\\\/wp-content\\\/uploads\\\/2023\\\/02\\\/993154511_01.jpg\",\"contentUrl\":\"https:\\\/\\\/shop.bantam.ch\\\/wp-content\\\/uploads\\\/2023\\\/02\\\/993154511_01.jpg\",\"width\":750,\"height\":1000},{\"@type\":\"BreadcrumbList\",\"@id\":\"https:\\\/\\\/shop.bantam.ch\\\/fr\\\/produit\\\/porta-potti-grise\\\/#breadcrumb\",\"itemListElement\":[{\"@type\":\"ListItem\",\"position\":1,\"name\":\"Accueil\",\"item\":\"https:\\\/\\\/shop.bantam.ch\\\/fr\\\/\"},{\"@type\":\"ListItem\",\"position\":2,\"name\":\"Boutique\",\"item\":\"https:\\\/\\\/shop.bantam.ch\\\/fr\\\/boutique\\\/\"},{\"@type\":\"ListItem\",\"position\":3,\"name\":\"Porta Potti grise\"}]},{\"@type\":\"WebSite\",\"@id\":\"https:\\\/\\\/shop.bantam.ch\\\/fr\\\/#website\",\"url\":\"https:\\\/\\\/shop.bantam.ch\\\/fr\\\/\",\"name\":\"Bantam\",\"description\":\"\",\"publisher\":{\"@id\":\"https:\\\/\\\/shop.bantam.ch\\\/fr\\\/#organization\"},\"inLanguage\":\"fr-FR\"},{\"@type\":\"Organization\",\"@id\":\"https:\\\/\\\/shop.bantam.ch\\\/fr\\\/#organization\",\"name\":\"Bantam\",\"url\":\"https:\\\/\\\/shop.bantam.ch\\\/fr\\\/\",\"logo\":{\"@type\":\"ImageObject\",\"inLanguage\":\"fr-FR\",\"@id\":\"https:\\\/\\\/shop.bantam.ch\\\/fr\\\/#\\\/schema\\\/logo\\\/image\\\/\",\"url\":\"https:\\\/\\\/shop.bantam.ch\\\/wp-content\\\/uploads\\\/2022\\\/12\\\/bantam-logo.png\",\"contentUrl\":\"https:\\\/\\\/shop.bantam.ch\\\/wp-content\\\/uploads\\\/2022\\\/12\\\/bantam-logo.png\",\"width\":320,\"height\":71,\"caption\":\"Bantam\"},\"image\":{\"@id\":\"https:\\\/\\\/shop.bantam.ch\\\/fr\\\/#\\\/schema\\\/logo\\\/image\\\/\"}}]}<\/script>\n<!-- \/ Yoast SEO plugin. -->","yoast_head_json":{"title":"Porta Potti grise - Bantam","robots":{"index":"index","follow":"follow","max-snippet":"max-snippet:-1","max-image-preview":"max-image-preview:large","max-video-preview":"max-video-preview:-1"},"canonical":"https:\/\/shop.bantam.ch\/fr\/produit\/porta-potti-grise\/","og_locale":"fr_FR","og_type":"article","og_title":"Porta Potti grise - Bantam","og_description":"La Porta Potti est la base pour des toilettes portables durables. Les toilettes ont un couvercle avec verrou int\u00e9gr\u00e9, une cavit\u00e9 pour ouvrir le couvercle, une poign\u00e9e de pouss\u00e9e am\u00e9lior\u00e9e et une poign\u00e9e pratique pour le r\u00e9servoir des eaux us\u00e9es. Le bouchon du r\u00e9servoir \u00e0 mati\u00e8res f\u00e9cales maintient les embouts de vidange dans leurs positions [&hellip;]","og_url":"https:\/\/shop.bantam.ch\/fr\/produit\/porta-potti-grise\/","og_site_name":"Bantam","article_modified_time":"2026-05-02T20:11:58+00:00","og_image":[{"width":750,"height":1000,"url":"https:\/\/shop.bantam.ch\/wp-content\/uploads\/2023\/02\/993154511_01.jpg","type":"image\/jpeg"}],"twitter_card":"summary_large_image","twitter_misc":{"Dur\u00e9e de lecture estim\u00e9e":"1 minute"},"schema":{"@context":"https:\/\/schema.org","@graph":[{"@type":"WebPage","@id":"https:\/\/shop.bantam.ch\/fr\/produit\/porta-potti-grise\/","url":"https:\/\/shop.bantam.ch\/fr\/produit\/porta-potti-grise\/","name":"Porta Potti grise - Bantam","isPartOf":{"@id":"https:\/\/shop.bantam.ch\/fr\/#website"},"primaryImageOfPage":{"@id":"https:\/\/shop.bantam.ch\/fr\/produit\/porta-potti-grise\/#primaryimage"},"image":{"@id":"https:\/\/shop.bantam.ch\/fr\/produit\/porta-potti-grise\/#primaryimage"},"thumbnailUrl":"https:\/\/shop.bantam.ch\/wp-content\/uploads\/2023\/02\/993154511_01.jpg","datePublished":"2023-02-27T22:35:40+00:00","dateModified":"2026-05-02T20:11:58+00:00","breadcrumb":{"@id":"https:\/\/shop.bantam.ch\/fr\/produit\/porta-potti-grise\/#breadcrumb"},"inLanguage":"fr-FR","potentialAction":[{"@type":"ReadAction","target":["https:\/\/shop.bantam.ch\/fr\/produit\/porta-potti-grise\/"]}]},{"@type":"ImageObject","inLanguage":"fr-FR","@id":"https:\/\/shop.bantam.ch\/fr\/produit\/porta-potti-grise\/#primaryimage","url":"https:\/\/shop.bantam.ch\/wp-content\/uploads\/2023\/02\/993154511_01.jpg","contentUrl":"https:\/\/shop.bantam.ch\/wp-content\/uploads\/2023\/02\/993154511_01.jpg","width":750,"height":1000},{"@type":"BreadcrumbList","@id":"https:\/\/shop.bantam.ch\/fr\/produit\/porta-potti-grise\/#breadcrumb","itemListElement":[{"@type":"ListItem","position":1,"name":"Accueil","item":"https:\/\/shop.bantam.ch\/fr\/"},{"@type":"ListItem","position":2,"name":"Boutique","item":"https:\/\/shop.bantam.ch\/fr\/boutique\/"},{"@type":"ListItem","position":3,"name":"Porta Potti grise"}]},{"@type":"WebSite","@id":"https:\/\/shop.bantam.ch\/fr\/#website","url":"https:\/\/shop.bantam.ch\/fr\/","name":"Bantam","description":"","publisher":{"@id":"https:\/\/shop.bantam.ch\/fr\/#organization"},"inLanguage":"fr-FR"},{"@type":"Organization","@id":"https:\/\/shop.bantam.ch\/fr\/#organization","name":"Bantam","url":"https:\/\/shop.bantam.ch\/fr\/","logo":{"@type":"ImageObject","inLanguage":"fr-FR","@id":"https:\/\/shop.bantam.ch\/fr\/#\/schema\/logo\/image\/","url":"https:\/\/shop.bantam.ch\/wp-content\/uploads\/2022\/12\/bantam-logo.png","contentUrl":"https:\/\/shop.bantam.ch\/wp-content\/uploads\/2022\/12\/bantam-logo.png","width":320,"height":71,"caption":"Bantam"},"image":{"@id":"https:\/\/shop.bantam.ch\/fr\/#\/schema\/logo\/image\/"}}]}},"_links":{"self":[{"href":"https:\/\/shop.bantam.ch\/fr\/wp-json\/wp\/v2\/product\/72495","targetHints":{"allow":["GET"]}}],"collection":[{"href":"https:\/\/shop.bantam.ch\/fr\/wp-json\/wp\/v2\/product"}],"about":[{"href":"https:\/\/shop.bantam.ch\/fr\/wp-json\/wp\/v2\/types\/product"}],"wp:featuredmedia":[{"embeddable":true,"href":"https:\/\/shop.bantam.ch\/fr\/wp-json\/wp\/v2\/media\/72491"}],"wp:attachment":[{"href":"https:\/\/shop.bantam.ch\/fr\/wp-json\/wp\/v2\/media?parent=72495"}],"wp:term":[{"taxonomy":"product_featured_cat","embeddable":true,"href":"https:\/\/shop.bantam.ch\/fr\/wp-json\/wp\/v2\/product_featured_cat?post=72495"},{"taxonomy":"product_brand","embeddable":true,"href":"https:\/\/shop.bantam.ch\/fr\/wp-json\/wp\/v2\/product_brand?post=72495"},{"taxonomy":"product_cat","embeddable":true,"href":"https:\/\/shop.bantam.ch\/fr\/wp-json\/wp\/v2\/product_cat?post=72495"},{"taxonomy":"product_tag","embeddable":true,"href":"https:\/\/shop.bantam.ch\/fr\/wp-json\/wp\/v2\/product_tag?post=72495"}],"curies":[{"name":"wp","href":"https:\/\/api.w.org\/{rel}","templated":true}]}}