{"id":72409,"date":"2023-02-27T23:34:15","date_gmt":"2023-02-27T22:34:15","guid":{"rendered":"http:\/\/shop.bantam.ch\/produit\/appareil-a-ultrasons-a-2-haut-parleurs\/"},"modified":"2026-05-11T21:16:00","modified_gmt":"2026-05-11T19:16:00","slug":"appareil-a-ultrasons-a-2-haut-parleurs","status":"publish","type":"product","link":"https:\/\/shop.bantam.ch\/fr\/produit\/appareil-a-ultrasons-a-2-haut-parleurs\/","title":{"rendered":"Appareil \u00e0 ultrasons STOP&amp;GO 2 haut-parleurs 12 V"},"content":{"rendered":"<p>Ultrasons avec modulation de fr\u00e9quence &#8211; raccordement au r\u00e9seau de bord<br \/>Appareil \u00e0 ultrasons tr\u00e8s efficace avec raccordement au r\u00e9seau de bord. Les ultrasons \u00e0 modulation de fr\u00e9quence signalent \u00e0 la fouine un \u00ab\u00a0danger extr\u00eame\u00a0\u00bb en imitant des cris de frayeur et d&rsquo;alarme d\u2019animaux. Aucun effet d&rsquo;accoutumance. Deux haut-parleurs permettent d&rsquo;\u00e9viter les ombres sonores. Particuli\u00e8rement adapt\u00e9 aux espaces moteur \u00e9troits et compacts.<\/p>\n<ul>\n<li>Alimentation 12 V<\/li>\n<li>2 haut-parleurs pi\u00e9zo \u00e9tanches<\/li>\n<li>P\u00e9rim\u00e8tre de rayonnement : 360\u00b0<\/li>\n<li>Angle de rayonnement : 2 x 160\u00b0<\/li>\n<li>Niveau sonore : env. 105 dB<\/li>\n<li>Modulation de fr\u00e9quence contre l&rsquo;accoutumance<\/li>\n<li>T\u00e9moin de contr\u00f4le de fonctionnement, LED clignotante ou permanente<\/li>\n<li>Protection anti-chocs et anti-\u00e9claboussures<\/li>\n<li>Montage tr\u00e8s simple (d\u00e9j\u00e0 c\u00e2bl\u00e9)<\/li>\n<li>100 % sans maintenance<\/li>\n<li>Adapt\u00e9 au bus de donn\u00e9es CAN<\/li>\n<li>Marquage E1 de KBA<\/li>\n<li>Dimensions d\u20191 haut-parleur<\/li>\n<\/ul>\n<p>\u00a0<\/p>\n","protected":false},"excerpt":{"rendered":"<p>Ultrasons avec modulation de fr\u00e9quence &#8211; raccordement au r\u00e9seau de bordAppareil \u00e0 ultrasons tr\u00e8s efficace avec raccordement au r\u00e9seau de bord. Les ultrasons \u00e0 modulation de fr\u00e9quence signalent \u00e0 la fouine un \u00ab\u00a0danger extr\u00eame\u00a0\u00bb en imitant des cris de frayeur et d&rsquo;alarme d\u2019animaux. Aucun effet d&rsquo;accoutumance. Deux haut-parleurs permettent d&rsquo;\u00e9viter les ombres sonores. Particuli\u00e8rement adapt\u00e9 [&hellip;]<\/p>\n","protected":false},"featured_media":72407,"template":"","meta":{"_acf_changed":false},"product_featured_cat":[],"product_brand":[3470],"product_cat":[5055],"product_tag":[],"class_list":{"0":"post-72409","1":"product","2":"type-product","3":"status-publish","4":"has-post-thumbnail","6":"product_brand-marder-stop-go","7":"product_cat-repulsif-anti-martres","9":"first","10":"instock","11":"taxable","12":"shipping-taxable","13":"purchasable","14":"product-type-simple"},"acf":[],"yoast_head":"<!-- This site is optimized with the Yoast SEO plugin v27.5 - https:\/\/yoast.com\/product\/yoast-seo-wordpress\/ -->\n<title>Appareil \u00e0 ultrasons STOP&amp;GO 2 haut-parleurs 12 V - Bantam<\/title>\n<meta name=\"robots\" content=\"index, follow, max-snippet:-1, max-image-preview:large, max-video-preview:-1\" \/>\n<link rel=\"canonical\" href=\"https:\/\/shop.bantam.ch\/fr\/produit\/appareil-a-ultrasons-a-2-haut-parleurs\/\" \/>\n<meta property=\"og:locale\" content=\"fr_FR\" \/>\n<meta property=\"og:type\" content=\"article\" \/>\n<meta property=\"og:title\" content=\"Appareil \u00e0 ultrasons STOP&amp;GO 2 haut-parleurs 12 V - Bantam\" \/>\n<meta property=\"og:description\" content=\"Ultrasons avec modulation de fr\u00e9quence &#8211; raccordement au r\u00e9seau de bordAppareil \u00e0 ultrasons tr\u00e8s efficace avec raccordement au r\u00e9seau de bord. Les ultrasons \u00e0 modulation de fr\u00e9quence signalent \u00e0 la fouine un \u00ab\u00a0danger extr\u00eame\u00a0\u00bb en imitant des cris de frayeur et d&rsquo;alarme d\u2019animaux. Aucun effet d&rsquo;accoutumance. Deux haut-parleurs permettent d&rsquo;\u00e9viter les ombres sonores. Particuli\u00e8rement adapt\u00e9 [&hellip;]\" \/>\n<meta property=\"og:url\" content=\"https:\/\/shop.bantam.ch\/fr\/produit\/appareil-a-ultrasons-a-2-haut-parleurs\/\" \/>\n<meta property=\"og:site_name\" content=\"Bantam\" \/>\n<meta property=\"article:modified_time\" content=\"2026-05-11T19:16:00+00:00\" \/>\n<meta property=\"og:image\" content=\"https:\/\/shop.bantam.ch\/wp-content\/uploads\/2023\/02\/994148611.jpg\" \/>\n\t<meta property=\"og:image:width\" content=\"1000\" \/>\n\t<meta property=\"og:image:height\" content=\"351\" \/>\n\t<meta property=\"og:image:type\" content=\"image\/jpeg\" \/>\n<meta name=\"twitter:card\" content=\"summary_large_image\" \/>\n<meta name=\"twitter:label1\" content=\"Dur\u00e9e de lecture estim\u00e9e\" \/>\n\t<meta name=\"twitter:data1\" content=\"1 minute\" \/>\n<script type=\"application\/ld+json\" class=\"yoast-schema-graph\">{\"@context\":\"https:\\\/\\\/schema.org\",\"@graph\":[{\"@type\":\"WebPage\",\"@id\":\"https:\\\/\\\/shop.bantam.ch\\\/fr\\\/produit\\\/appareil-a-ultrasons-a-2-haut-parleurs\\\/\",\"url\":\"https:\\\/\\\/shop.bantam.ch\\\/fr\\\/produit\\\/appareil-a-ultrasons-a-2-haut-parleurs\\\/\",\"name\":\"Appareil \u00e0 ultrasons STOP&amp;GO 2 haut-parleurs 12 V - Bantam\",\"isPartOf\":{\"@id\":\"https:\\\/\\\/shop.bantam.ch\\\/fr\\\/#website\"},\"primaryImageOfPage\":{\"@id\":\"https:\\\/\\\/shop.bantam.ch\\\/fr\\\/produit\\\/appareil-a-ultrasons-a-2-haut-parleurs\\\/#primaryimage\"},\"image\":{\"@id\":\"https:\\\/\\\/shop.bantam.ch\\\/fr\\\/produit\\\/appareil-a-ultrasons-a-2-haut-parleurs\\\/#primaryimage\"},\"thumbnailUrl\":\"https:\\\/\\\/shop.bantam.ch\\\/wp-content\\\/uploads\\\/2023\\\/02\\\/994148611.jpg\",\"datePublished\":\"2023-02-27T22:34:15+00:00\",\"dateModified\":\"2026-05-11T19:16:00+00:00\",\"breadcrumb\":{\"@id\":\"https:\\\/\\\/shop.bantam.ch\\\/fr\\\/produit\\\/appareil-a-ultrasons-a-2-haut-parleurs\\\/#breadcrumb\"},\"inLanguage\":\"fr-FR\",\"potentialAction\":[{\"@type\":\"ReadAction\",\"target\":[\"https:\\\/\\\/shop.bantam.ch\\\/fr\\\/produit\\\/appareil-a-ultrasons-a-2-haut-parleurs\\\/\"]}]},{\"@type\":\"ImageObject\",\"inLanguage\":\"fr-FR\",\"@id\":\"https:\\\/\\\/shop.bantam.ch\\\/fr\\\/produit\\\/appareil-a-ultrasons-a-2-haut-parleurs\\\/#primaryimage\",\"url\":\"https:\\\/\\\/shop.bantam.ch\\\/wp-content\\\/uploads\\\/2023\\\/02\\\/994148611.jpg\",\"contentUrl\":\"https:\\\/\\\/shop.bantam.ch\\\/wp-content\\\/uploads\\\/2023\\\/02\\\/994148611.jpg\",\"width\":1000,\"height\":351},{\"@type\":\"BreadcrumbList\",\"@id\":\"https:\\\/\\\/shop.bantam.ch\\\/fr\\\/produit\\\/appareil-a-ultrasons-a-2-haut-parleurs\\\/#breadcrumb\",\"itemListElement\":[{\"@type\":\"ListItem\",\"position\":1,\"name\":\"Accueil\",\"item\":\"https:\\\/\\\/shop.bantam.ch\\\/fr\\\/\"},{\"@type\":\"ListItem\",\"position\":2,\"name\":\"Boutique\",\"item\":\"https:\\\/\\\/shop.bantam.ch\\\/fr\\\/boutique\\\/\"},{\"@type\":\"ListItem\",\"position\":3,\"name\":\"Appareil \u00e0 ultrasons STOP&amp;GO 2 haut-parleurs 12 V\"}]},{\"@type\":\"WebSite\",\"@id\":\"https:\\\/\\\/shop.bantam.ch\\\/fr\\\/#website\",\"url\":\"https:\\\/\\\/shop.bantam.ch\\\/fr\\\/\",\"name\":\"Bantam\",\"description\":\"\",\"publisher\":{\"@id\":\"https:\\\/\\\/shop.bantam.ch\\\/fr\\\/#organization\"},\"inLanguage\":\"fr-FR\"},{\"@type\":\"Organization\",\"@id\":\"https:\\\/\\\/shop.bantam.ch\\\/fr\\\/#organization\",\"name\":\"Bantam\",\"url\":\"https:\\\/\\\/shop.bantam.ch\\\/fr\\\/\",\"logo\":{\"@type\":\"ImageObject\",\"inLanguage\":\"fr-FR\",\"@id\":\"https:\\\/\\\/shop.bantam.ch\\\/fr\\\/#\\\/schema\\\/logo\\\/image\\\/\",\"url\":\"https:\\\/\\\/shop.bantam.ch\\\/wp-content\\\/uploads\\\/2022\\\/12\\\/bantam-logo.png\",\"contentUrl\":\"https:\\\/\\\/shop.bantam.ch\\\/wp-content\\\/uploads\\\/2022\\\/12\\\/bantam-logo.png\",\"width\":320,\"height\":71,\"caption\":\"Bantam\"},\"image\":{\"@id\":\"https:\\\/\\\/shop.bantam.ch\\\/fr\\\/#\\\/schema\\\/logo\\\/image\\\/\"}}]}<\/script>\n<!-- \/ Yoast SEO plugin. -->","yoast_head_json":{"title":"Appareil \u00e0 ultrasons STOP&amp;GO 2 haut-parleurs 12 V - Bantam","robots":{"index":"index","follow":"follow","max-snippet":"max-snippet:-1","max-image-preview":"max-image-preview:large","max-video-preview":"max-video-preview:-1"},"canonical":"https:\/\/shop.bantam.ch\/fr\/produit\/appareil-a-ultrasons-a-2-haut-parleurs\/","og_locale":"fr_FR","og_type":"article","og_title":"Appareil \u00e0 ultrasons STOP&amp;GO 2 haut-parleurs 12 V - Bantam","og_description":"Ultrasons avec modulation de fr\u00e9quence &#8211; raccordement au r\u00e9seau de bordAppareil \u00e0 ultrasons tr\u00e8s efficace avec raccordement au r\u00e9seau de bord. Les ultrasons \u00e0 modulation de fr\u00e9quence signalent \u00e0 la fouine un \u00ab\u00a0danger extr\u00eame\u00a0\u00bb en imitant des cris de frayeur et d&rsquo;alarme d\u2019animaux. Aucun effet d&rsquo;accoutumance. Deux haut-parleurs permettent d&rsquo;\u00e9viter les ombres sonores. Particuli\u00e8rement adapt\u00e9 [&hellip;]","og_url":"https:\/\/shop.bantam.ch\/fr\/produit\/appareil-a-ultrasons-a-2-haut-parleurs\/","og_site_name":"Bantam","article_modified_time":"2026-05-11T19:16:00+00:00","og_image":[{"width":1000,"height":351,"url":"https:\/\/shop.bantam.ch\/wp-content\/uploads\/2023\/02\/994148611.jpg","type":"image\/jpeg"}],"twitter_card":"summary_large_image","twitter_misc":{"Dur\u00e9e de lecture estim\u00e9e":"1 minute"},"schema":{"@context":"https:\/\/schema.org","@graph":[{"@type":"WebPage","@id":"https:\/\/shop.bantam.ch\/fr\/produit\/appareil-a-ultrasons-a-2-haut-parleurs\/","url":"https:\/\/shop.bantam.ch\/fr\/produit\/appareil-a-ultrasons-a-2-haut-parleurs\/","name":"Appareil \u00e0 ultrasons STOP&amp;GO 2 haut-parleurs 12 V - Bantam","isPartOf":{"@id":"https:\/\/shop.bantam.ch\/fr\/#website"},"primaryImageOfPage":{"@id":"https:\/\/shop.bantam.ch\/fr\/produit\/appareil-a-ultrasons-a-2-haut-parleurs\/#primaryimage"},"image":{"@id":"https:\/\/shop.bantam.ch\/fr\/produit\/appareil-a-ultrasons-a-2-haut-parleurs\/#primaryimage"},"thumbnailUrl":"https:\/\/shop.bantam.ch\/wp-content\/uploads\/2023\/02\/994148611.jpg","datePublished":"2023-02-27T22:34:15+00:00","dateModified":"2026-05-11T19:16:00+00:00","breadcrumb":{"@id":"https:\/\/shop.bantam.ch\/fr\/produit\/appareil-a-ultrasons-a-2-haut-parleurs\/#breadcrumb"},"inLanguage":"fr-FR","potentialAction":[{"@type":"ReadAction","target":["https:\/\/shop.bantam.ch\/fr\/produit\/appareil-a-ultrasons-a-2-haut-parleurs\/"]}]},{"@type":"ImageObject","inLanguage":"fr-FR","@id":"https:\/\/shop.bantam.ch\/fr\/produit\/appareil-a-ultrasons-a-2-haut-parleurs\/#primaryimage","url":"https:\/\/shop.bantam.ch\/wp-content\/uploads\/2023\/02\/994148611.jpg","contentUrl":"https:\/\/shop.bantam.ch\/wp-content\/uploads\/2023\/02\/994148611.jpg","width":1000,"height":351},{"@type":"BreadcrumbList","@id":"https:\/\/shop.bantam.ch\/fr\/produit\/appareil-a-ultrasons-a-2-haut-parleurs\/#breadcrumb","itemListElement":[{"@type":"ListItem","position":1,"name":"Accueil","item":"https:\/\/shop.bantam.ch\/fr\/"},{"@type":"ListItem","position":2,"name":"Boutique","item":"https:\/\/shop.bantam.ch\/fr\/boutique\/"},{"@type":"ListItem","position":3,"name":"Appareil \u00e0 ultrasons STOP&amp;GO 2 haut-parleurs 12 V"}]},{"@type":"WebSite","@id":"https:\/\/shop.bantam.ch\/fr\/#website","url":"https:\/\/shop.bantam.ch\/fr\/","name":"Bantam","description":"","publisher":{"@id":"https:\/\/shop.bantam.ch\/fr\/#organization"},"inLanguage":"fr-FR"},{"@type":"Organization","@id":"https:\/\/shop.bantam.ch\/fr\/#organization","name":"Bantam","url":"https:\/\/shop.bantam.ch\/fr\/","logo":{"@type":"ImageObject","inLanguage":"fr-FR","@id":"https:\/\/shop.bantam.ch\/fr\/#\/schema\/logo\/image\/","url":"https:\/\/shop.bantam.ch\/wp-content\/uploads\/2022\/12\/bantam-logo.png","contentUrl":"https:\/\/shop.bantam.ch\/wp-content\/uploads\/2022\/12\/bantam-logo.png","width":320,"height":71,"caption":"Bantam"},"image":{"@id":"https:\/\/shop.bantam.ch\/fr\/#\/schema\/logo\/image\/"}}]}},"_links":{"self":[{"href":"https:\/\/shop.bantam.ch\/fr\/wp-json\/wp\/v2\/product\/72409","targetHints":{"allow":["GET"]}}],"collection":[{"href":"https:\/\/shop.bantam.ch\/fr\/wp-json\/wp\/v2\/product"}],"about":[{"href":"https:\/\/shop.bantam.ch\/fr\/wp-json\/wp\/v2\/types\/product"}],"wp:featuredmedia":[{"embeddable":true,"href":"https:\/\/shop.bantam.ch\/fr\/wp-json\/wp\/v2\/media\/72407"}],"wp:attachment":[{"href":"https:\/\/shop.bantam.ch\/fr\/wp-json\/wp\/v2\/media?parent=72409"}],"wp:term":[{"taxonomy":"product_featured_cat","embeddable":true,"href":"https:\/\/shop.bantam.ch\/fr\/wp-json\/wp\/v2\/product_featured_cat?post=72409"},{"taxonomy":"product_brand","embeddable":true,"href":"https:\/\/shop.bantam.ch\/fr\/wp-json\/wp\/v2\/product_brand?post=72409"},{"taxonomy":"product_cat","embeddable":true,"href":"https:\/\/shop.bantam.ch\/fr\/wp-json\/wp\/v2\/product_cat?post=72409"},{"taxonomy":"product_tag","embeddable":true,"href":"https:\/\/shop.bantam.ch\/fr\/wp-json\/wp\/v2\/product_tag?post=72409"}],"curies":[{"name":"wp","href":"https:\/\/api.w.org\/{rel}","templated":true}]}}