{"id":72327,"date":"2023-02-27T23:32:37","date_gmt":"2023-02-27T22:32:37","guid":{"rendered":"http:\/\/shop.bantam.ch\/produit\/rehausseur-enfant-pour-chaise-de-camping-noir\/"},"modified":"2026-04-23T21:15:40","modified_gmt":"2026-04-23T19:15:40","slug":"rehausseur-enfant-pour-chaise-de-camping-noir","status":"publish","type":"product","link":"https:\/\/shop.bantam.ch\/fr\/produit\/rehausseur-enfant-pour-chaise-de-camping-noir\/","title":{"rendered":"Si\u00e8ge enfant Isabella pliable coul. noir"},"content":{"rendered":"<p>Ce si\u00e8ge pliant pour enfant peut \u00eatre adapt\u00e9 sur de nombreuses chaises. L&rsquo;assemblage est facile avec des sangles et une fermeture \u00e0 clic. Gr\u00e2ce \u00e0 l&rsquo;insert de rembourrage amovible, le si\u00e8ge convient aux enfants \u00e0 partir de 8 mois environ (ou si l&rsquo;enfant peut s&rsquo;asseoir seul) jusqu&rsquo;\u00e0 5 ans. Le si\u00e8ge enfant se plie facilement et prend peu de place.<\/p>\n<p>Mat\u00e9riau\u00a0: <br \/>Rev\u00eatement : 60 % PVC 40 % polyester<br \/>Armature en aluminium<\/p>\n","protected":false},"excerpt":{"rendered":"<p>Ce si\u00e8ge pliant pour enfant peut \u00eatre adapt\u00e9 sur de nombreuses chaises. L&rsquo;assemblage est facile avec des sangles et une fermeture \u00e0 clic. Gr\u00e2ce \u00e0 l&rsquo;insert de rembourrage amovible, le si\u00e8ge convient aux enfants \u00e0 partir de 8 mois environ (ou si l&rsquo;enfant peut s&rsquo;asseoir seul) jusqu&rsquo;\u00e0 5 ans. Le si\u00e8ge enfant se plie facilement [&hellip;]<\/p>\n","protected":false},"featured_media":72323,"template":"","meta":{"_acf_changed":false},"product_featured_cat":[],"product_brand":[3090],"product_cat":[4971],"product_tag":[],"class_list":{"0":"post-72327","1":"product","2":"type-product","3":"status-publish","4":"has-post-thumbnail","6":"product_brand-isabella","7":"product_cat-chaises-de-camping","9":"first","10":"instock","11":"taxable","12":"shipping-taxable","13":"purchasable","14":"product-type-simple"},"acf":[],"yoast_head":"<!-- This site is optimized with the Yoast SEO plugin v27.4 - https:\/\/yoast.com\/product\/yoast-seo-wordpress\/ -->\n<title>Si\u00e8ge enfant Isabella pliable coul. noir - Bantam Wankm\u00fcller SA<\/title>\n<meta name=\"robots\" content=\"index, follow, max-snippet:-1, max-image-preview:large, max-video-preview:-1\" \/>\n<link rel=\"canonical\" href=\"https:\/\/shop.bantam.ch\/fr\/produit\/rehausseur-enfant-pour-chaise-de-camping-noir\/\" \/>\n<meta property=\"og:locale\" content=\"fr_FR\" \/>\n<meta property=\"og:type\" content=\"article\" \/>\n<meta property=\"og:title\" content=\"Si\u00e8ge enfant Isabella pliable coul. noir - Bantam Wankm\u00fcller SA\" \/>\n<meta property=\"og:description\" content=\"Ce si\u00e8ge pliant pour enfant peut \u00eatre adapt\u00e9 sur de nombreuses chaises. L&rsquo;assemblage est facile avec des sangles et une fermeture \u00e0 clic. Gr\u00e2ce \u00e0 l&rsquo;insert de rembourrage amovible, le si\u00e8ge convient aux enfants \u00e0 partir de 8 mois environ (ou si l&rsquo;enfant peut s&rsquo;asseoir seul) jusqu&rsquo;\u00e0 5 ans. Le si\u00e8ge enfant se plie facilement [&hellip;]\" \/>\n<meta property=\"og:url\" content=\"https:\/\/shop.bantam.ch\/fr\/produit\/rehausseur-enfant-pour-chaise-de-camping-noir\/\" \/>\n<meta property=\"og:site_name\" content=\"Bantam Wankm\u00fcller SA\" \/>\n<meta property=\"article:modified_time\" content=\"2026-04-23T19:15:40+00:00\" \/>\n<meta property=\"og:image\" content=\"https:\/\/shop.bantam.ch\/wp-content\/uploads\/2023\/02\/9931513-2.jpg\" \/>\n\t<meta property=\"og:image:width\" content=\"788\" \/>\n\t<meta property=\"og:image:height\" content=\"1000\" \/>\n\t<meta property=\"og:image:type\" content=\"image\/jpeg\" \/>\n<meta name=\"twitter:card\" content=\"summary_large_image\" \/>\n<script type=\"application\/ld+json\" class=\"yoast-schema-graph\">{\"@context\":\"https:\\\/\\\/schema.org\",\"@graph\":[{\"@type\":\"WebPage\",\"@id\":\"https:\\\/\\\/shop.bantam.ch\\\/fr\\\/produit\\\/rehausseur-enfant-pour-chaise-de-camping-noir\\\/\",\"url\":\"https:\\\/\\\/shop.bantam.ch\\\/fr\\\/produit\\\/rehausseur-enfant-pour-chaise-de-camping-noir\\\/\",\"name\":\"Si\u00e8ge enfant Isabella pliable coul. noir - Bantam Wankm\u00fcller SA\",\"isPartOf\":{\"@id\":\"https:\\\/\\\/shop.bantam.ch\\\/fr\\\/#website\"},\"primaryImageOfPage\":{\"@id\":\"https:\\\/\\\/shop.bantam.ch\\\/fr\\\/produit\\\/rehausseur-enfant-pour-chaise-de-camping-noir\\\/#primaryimage\"},\"image\":{\"@id\":\"https:\\\/\\\/shop.bantam.ch\\\/fr\\\/produit\\\/rehausseur-enfant-pour-chaise-de-camping-noir\\\/#primaryimage\"},\"thumbnailUrl\":\"https:\\\/\\\/shop.bantam.ch\\\/wp-content\\\/uploads\\\/2023\\\/02\\\/9931513-2.jpg\",\"datePublished\":\"2023-02-27T22:32:37+00:00\",\"dateModified\":\"2026-04-23T19:15:40+00:00\",\"breadcrumb\":{\"@id\":\"https:\\\/\\\/shop.bantam.ch\\\/fr\\\/produit\\\/rehausseur-enfant-pour-chaise-de-camping-noir\\\/#breadcrumb\"},\"inLanguage\":\"fr-FR\",\"potentialAction\":[{\"@type\":\"ReadAction\",\"target\":[\"https:\\\/\\\/shop.bantam.ch\\\/fr\\\/produit\\\/rehausseur-enfant-pour-chaise-de-camping-noir\\\/\"]}]},{\"@type\":\"ImageObject\",\"inLanguage\":\"fr-FR\",\"@id\":\"https:\\\/\\\/shop.bantam.ch\\\/fr\\\/produit\\\/rehausseur-enfant-pour-chaise-de-camping-noir\\\/#primaryimage\",\"url\":\"https:\\\/\\\/shop.bantam.ch\\\/wp-content\\\/uploads\\\/2023\\\/02\\\/9931513-2.jpg\",\"contentUrl\":\"https:\\\/\\\/shop.bantam.ch\\\/wp-content\\\/uploads\\\/2023\\\/02\\\/9931513-2.jpg\",\"width\":788,\"height\":1000},{\"@type\":\"BreadcrumbList\",\"@id\":\"https:\\\/\\\/shop.bantam.ch\\\/fr\\\/produit\\\/rehausseur-enfant-pour-chaise-de-camping-noir\\\/#breadcrumb\",\"itemListElement\":[{\"@type\":\"ListItem\",\"position\":1,\"name\":\"Accueil\",\"item\":\"https:\\\/\\\/shop.bantam.ch\\\/fr\\\/\"},{\"@type\":\"ListItem\",\"position\":2,\"name\":\"Boutique\",\"item\":\"https:\\\/\\\/shop.bantam.ch\\\/fr\\\/boutique\\\/\"},{\"@type\":\"ListItem\",\"position\":3,\"name\":\"Si\u00e8ge enfant Isabella pliable coul. noir\"}]},{\"@type\":\"WebSite\",\"@id\":\"https:\\\/\\\/shop.bantam.ch\\\/fr\\\/#website\",\"url\":\"https:\\\/\\\/shop.bantam.ch\\\/fr\\\/\",\"name\":\"Bantam Wankm\u00fcller SA\",\"description\":\"\",\"publisher\":{\"@id\":\"https:\\\/\\\/shop.bantam.ch\\\/fr\\\/#organization\"},\"inLanguage\":\"fr-FR\"},{\"@type\":\"Organization\",\"@id\":\"https:\\\/\\\/shop.bantam.ch\\\/fr\\\/#organization\",\"name\":\"Bantam Wankm\u00fcller SA\",\"url\":\"https:\\\/\\\/shop.bantam.ch\\\/fr\\\/\",\"logo\":{\"@type\":\"ImageObject\",\"inLanguage\":\"fr-FR\",\"@id\":\"https:\\\/\\\/shop.bantam.ch\\\/fr\\\/#\\\/schema\\\/logo\\\/image\\\/\",\"url\":\"https:\\\/\\\/shop.bantam.ch\\\/wp-content\\\/uploads\\\/2022\\\/12\\\/bantam-logo.png\",\"contentUrl\":\"https:\\\/\\\/shop.bantam.ch\\\/wp-content\\\/uploads\\\/2022\\\/12\\\/bantam-logo.png\",\"width\":320,\"height\":71,\"caption\":\"Bantam Wankm\u00fcller SA\"},\"image\":{\"@id\":\"https:\\\/\\\/shop.bantam.ch\\\/fr\\\/#\\\/schema\\\/logo\\\/image\\\/\"}}]}<\/script>\n<!-- \/ Yoast SEO plugin. -->","yoast_head_json":{"title":"Si\u00e8ge enfant Isabella pliable coul. noir - Bantam Wankm\u00fcller SA","robots":{"index":"index","follow":"follow","max-snippet":"max-snippet:-1","max-image-preview":"max-image-preview:large","max-video-preview":"max-video-preview:-1"},"canonical":"https:\/\/shop.bantam.ch\/fr\/produit\/rehausseur-enfant-pour-chaise-de-camping-noir\/","og_locale":"fr_FR","og_type":"article","og_title":"Si\u00e8ge enfant Isabella pliable coul. noir - Bantam Wankm\u00fcller SA","og_description":"Ce si\u00e8ge pliant pour enfant peut \u00eatre adapt\u00e9 sur de nombreuses chaises. L&rsquo;assemblage est facile avec des sangles et une fermeture \u00e0 clic. Gr\u00e2ce \u00e0 l&rsquo;insert de rembourrage amovible, le si\u00e8ge convient aux enfants \u00e0 partir de 8 mois environ (ou si l&rsquo;enfant peut s&rsquo;asseoir seul) jusqu&rsquo;\u00e0 5 ans. Le si\u00e8ge enfant se plie facilement [&hellip;]","og_url":"https:\/\/shop.bantam.ch\/fr\/produit\/rehausseur-enfant-pour-chaise-de-camping-noir\/","og_site_name":"Bantam Wankm\u00fcller SA","article_modified_time":"2026-04-23T19:15:40+00:00","og_image":[{"width":788,"height":1000,"url":"https:\/\/shop.bantam.ch\/wp-content\/uploads\/2023\/02\/9931513-2.jpg","type":"image\/jpeg"}],"twitter_card":"summary_large_image","schema":{"@context":"https:\/\/schema.org","@graph":[{"@type":"WebPage","@id":"https:\/\/shop.bantam.ch\/fr\/produit\/rehausseur-enfant-pour-chaise-de-camping-noir\/","url":"https:\/\/shop.bantam.ch\/fr\/produit\/rehausseur-enfant-pour-chaise-de-camping-noir\/","name":"Si\u00e8ge enfant Isabella pliable coul. noir - Bantam Wankm\u00fcller SA","isPartOf":{"@id":"https:\/\/shop.bantam.ch\/fr\/#website"},"primaryImageOfPage":{"@id":"https:\/\/shop.bantam.ch\/fr\/produit\/rehausseur-enfant-pour-chaise-de-camping-noir\/#primaryimage"},"image":{"@id":"https:\/\/shop.bantam.ch\/fr\/produit\/rehausseur-enfant-pour-chaise-de-camping-noir\/#primaryimage"},"thumbnailUrl":"https:\/\/shop.bantam.ch\/wp-content\/uploads\/2023\/02\/9931513-2.jpg","datePublished":"2023-02-27T22:32:37+00:00","dateModified":"2026-04-23T19:15:40+00:00","breadcrumb":{"@id":"https:\/\/shop.bantam.ch\/fr\/produit\/rehausseur-enfant-pour-chaise-de-camping-noir\/#breadcrumb"},"inLanguage":"fr-FR","potentialAction":[{"@type":"ReadAction","target":["https:\/\/shop.bantam.ch\/fr\/produit\/rehausseur-enfant-pour-chaise-de-camping-noir\/"]}]},{"@type":"ImageObject","inLanguage":"fr-FR","@id":"https:\/\/shop.bantam.ch\/fr\/produit\/rehausseur-enfant-pour-chaise-de-camping-noir\/#primaryimage","url":"https:\/\/shop.bantam.ch\/wp-content\/uploads\/2023\/02\/9931513-2.jpg","contentUrl":"https:\/\/shop.bantam.ch\/wp-content\/uploads\/2023\/02\/9931513-2.jpg","width":788,"height":1000},{"@type":"BreadcrumbList","@id":"https:\/\/shop.bantam.ch\/fr\/produit\/rehausseur-enfant-pour-chaise-de-camping-noir\/#breadcrumb","itemListElement":[{"@type":"ListItem","position":1,"name":"Accueil","item":"https:\/\/shop.bantam.ch\/fr\/"},{"@type":"ListItem","position":2,"name":"Boutique","item":"https:\/\/shop.bantam.ch\/fr\/boutique\/"},{"@type":"ListItem","position":3,"name":"Si\u00e8ge enfant Isabella pliable coul. noir"}]},{"@type":"WebSite","@id":"https:\/\/shop.bantam.ch\/fr\/#website","url":"https:\/\/shop.bantam.ch\/fr\/","name":"Bantam Wankm\u00fcller SA","description":"","publisher":{"@id":"https:\/\/shop.bantam.ch\/fr\/#organization"},"inLanguage":"fr-FR"},{"@type":"Organization","@id":"https:\/\/shop.bantam.ch\/fr\/#organization","name":"Bantam Wankm\u00fcller SA","url":"https:\/\/shop.bantam.ch\/fr\/","logo":{"@type":"ImageObject","inLanguage":"fr-FR","@id":"https:\/\/shop.bantam.ch\/fr\/#\/schema\/logo\/image\/","url":"https:\/\/shop.bantam.ch\/wp-content\/uploads\/2022\/12\/bantam-logo.png","contentUrl":"https:\/\/shop.bantam.ch\/wp-content\/uploads\/2022\/12\/bantam-logo.png","width":320,"height":71,"caption":"Bantam Wankm\u00fcller SA"},"image":{"@id":"https:\/\/shop.bantam.ch\/fr\/#\/schema\/logo\/image\/"}}]}},"_links":{"self":[{"href":"https:\/\/shop.bantam.ch\/fr\/wp-json\/wp\/v2\/product\/72327","targetHints":{"allow":["GET"]}}],"collection":[{"href":"https:\/\/shop.bantam.ch\/fr\/wp-json\/wp\/v2\/product"}],"about":[{"href":"https:\/\/shop.bantam.ch\/fr\/wp-json\/wp\/v2\/types\/product"}],"wp:featuredmedia":[{"embeddable":true,"href":"https:\/\/shop.bantam.ch\/fr\/wp-json\/wp\/v2\/media\/72323"}],"wp:attachment":[{"href":"https:\/\/shop.bantam.ch\/fr\/wp-json\/wp\/v2\/media?parent=72327"}],"wp:term":[{"taxonomy":"product_featured_cat","embeddable":true,"href":"https:\/\/shop.bantam.ch\/fr\/wp-json\/wp\/v2\/product_featured_cat?post=72327"},{"taxonomy":"product_brand","embeddable":true,"href":"https:\/\/shop.bantam.ch\/fr\/wp-json\/wp\/v2\/product_brand?post=72327"},{"taxonomy":"product_cat","embeddable":true,"href":"https:\/\/shop.bantam.ch\/fr\/wp-json\/wp\/v2\/product_cat?post=72327"},{"taxonomy":"product_tag","embeddable":true,"href":"https:\/\/shop.bantam.ch\/fr\/wp-json\/wp\/v2\/product_tag?post=72327"}],"curies":[{"name":"wp","href":"https:\/\/api.w.org\/{rel}","templated":true}]}}