{"id":72321,"date":"2023-02-27T23:32:32","date_gmt":"2023-02-27T22:32:32","guid":{"rendered":"http:\/\/shop.bantam.ch\/produit\/installation-satellite-remora\/"},"modified":"2026-04-20T21:16:11","modified_gmt":"2026-04-20T19:16:11","slug":"installation-satellite-remora","status":"publish","type":"product","link":"https:\/\/shop.bantam.ch\/fr\/produit\/installation-satellite-remora\/","title":{"rendered":"Antenne satellite man. Maxview Remora"},"content":{"rendered":"<p>L\u2019antenne satellite Maxview Remora est id\u00e9ale pour une fixation simple et rapide au v\u00e9hicule. Les ventouses de haute qualit\u00e9 garantissent un maintien excellent sur des surfaces lisses. Ainsi, le mod\u00e8le Maxview Remora peut \u00eatre mont\u00e9 de mani\u00e8re flexible sur la caravane ou le camping-car.   Gr\u00e2ce \u00e0 quelques caract\u00e9ristiques innovantes, l\u2019antenne peut \u00eatre r\u00e9gl\u00e9e en toute simplicit\u00e9.  L\u2019antenne id\u00e9ale pour une exp\u00e9rience TV de qualit\u00e9 et peu on\u00e9reuse. En raison de sa petite taille, l\u2019antenne peut \u00eatre rang\u00e9e facilement.<\/p>\n<ul>\n<li>Manipulation simple et intuitive<\/li>\n<li>Protection antivol avec cadenas (en option)<\/li>\n<li>Boussole de satellites incluse<\/li>\n<li>R\u00e9glage simple de l\u2019\u00e9l\u00e9vation au moyen d\u2019une vis de r\u00e9glage<\/li>\n<li>R\u00e9sistant aux intemp\u00e9ries<\/li>\n<li>Conception haut de gamme<\/li>\n<li>Fabriqu\u00e9 dans l\u2019Union europ\u00e9enne<\/li>\n<li>Garantie 2 ans<\/li>\n<\/ul>\n<p>Contenu de la livraison :<br \/>R\u00e9flecteur parabolique Remora<br \/>C\u00e2ble coaxial flexible de 5 m<br \/>Boussole satellite<br \/>Carte d\u2019\u00e9l\u00e9vation<br \/>Mode d\u2019emploi<\/p>\n<ul>\n<li>Domaine d\u2019application : Antenne satellite portable fur utilisation ext\u00e9rieure<\/li>\n<li>Compatibilit\u00e9 : convient \u00e0 tous les r\u00e9cepteurs et t\u00e9l\u00e9viseurs<\/li>\n<li>Type antenne satellite : manuel<\/li>\n<li>Montage : Ventouses \u00e0 haut rendement pour surfaces lisses verticales<\/li>\n<li>Tension\u00a0: Alimentation du r\u00e9cepteur via c\u00e2ble coaxial<\/li>\n<li>Longueur de c\u00e2ble : 5\u00a0m<\/li>\n<li>Dimensions de la parabole : 40 cm<\/li>\n<li>Gain d\u2019antenne : 30 dB<\/li>\n<li>Plage d\u2019\u00e9l\u00e9vation : 10\u00b0 &#8211; 50\u00b0<\/li>\n<li>R\u00e9glage Skew : manuel -30\u00b0 \u00e0 +30\u00b0<\/li>\n<li>Plage de rotation azimutale : 160\u00b0<\/li>\n<\/ul>\n","protected":false},"excerpt":{"rendered":"<p>L\u2019antenne satellite Maxview Remora est id\u00e9ale pour une fixation simple et rapide au v\u00e9hicule. Les ventouses de haute qualit\u00e9 garantissent un maintien excellent sur des surfaces lisses. Ainsi, le mod\u00e8le Maxview Remora peut \u00eatre mont\u00e9 de mani\u00e8re flexible sur la caravane ou le camping-car. Gr\u00e2ce \u00e0 quelques caract\u00e9ristiques innovantes, l\u2019antenne peut \u00eatre r\u00e9gl\u00e9e en toute [&hellip;]<\/p>\n","protected":false},"featured_media":72311,"template":"","meta":{"_acf_changed":false},"product_featured_cat":[],"product_brand":[3082],"product_cat":[4523],"product_tag":[],"class_list":{"0":"post-72321","1":"product","2":"type-product","3":"status-publish","4":"has-post-thumbnail","6":"product_brand-maxview","7":"product_cat-systemes-satellitaires","9":"first","10":"instock","11":"taxable","12":"shipping-taxable","13":"purchasable","14":"product-type-simple"},"acf":[],"yoast_head":"<!-- This site is optimized with the Yoast SEO plugin v27.4 - https:\/\/yoast.com\/product\/yoast-seo-wordpress\/ -->\n<title>Antenne satellite man. Maxview Remora - Bantam Wankm\u00fcller SA<\/title>\n<meta name=\"robots\" content=\"index, follow, max-snippet:-1, max-image-preview:large, max-video-preview:-1\" \/>\n<link rel=\"canonical\" href=\"https:\/\/shop.bantam.ch\/fr\/produit\/installation-satellite-remora\/\" \/>\n<meta property=\"og:locale\" content=\"fr_FR\" \/>\n<meta property=\"og:type\" content=\"article\" \/>\n<meta property=\"og:title\" content=\"Antenne satellite man. Maxview Remora - Bantam Wankm\u00fcller SA\" \/>\n<meta property=\"og:description\" content=\"L\u2019antenne satellite Maxview Remora est id\u00e9ale pour une fixation simple et rapide au v\u00e9hicule. Les ventouses de haute qualit\u00e9 garantissent un maintien excellent sur des surfaces lisses. Ainsi, le mod\u00e8le Maxview Remora peut \u00eatre mont\u00e9 de mani\u00e8re flexible sur la caravane ou le camping-car. Gr\u00e2ce \u00e0 quelques caract\u00e9ristiques innovantes, l\u2019antenne peut \u00eatre r\u00e9gl\u00e9e en toute [&hellip;]\" \/>\n<meta property=\"og:url\" content=\"https:\/\/shop.bantam.ch\/fr\/produit\/installation-satellite-remora\/\" \/>\n<meta property=\"og:site_name\" content=\"Bantam Wankm\u00fcller SA\" \/>\n<meta property=\"article:modified_time\" content=\"2026-04-20T19:16:11+00:00\" \/>\n<meta property=\"og:image\" content=\"https:\/\/shop.bantam.ch\/wp-content\/uploads\/2023\/02\/995364011.jpg\" \/>\n\t<meta property=\"og:image:width\" content=\"941\" \/>\n\t<meta property=\"og:image:height\" content=\"1000\" \/>\n\t<meta property=\"og:image:type\" content=\"image\/jpeg\" \/>\n<meta name=\"twitter:card\" content=\"summary_large_image\" \/>\n<meta name=\"twitter:label1\" content=\"Dur\u00e9e de lecture estim\u00e9e\" \/>\n\t<meta name=\"twitter:data1\" content=\"1 minute\" \/>\n<script type=\"application\/ld+json\" class=\"yoast-schema-graph\">{\"@context\":\"https:\\\/\\\/schema.org\",\"@graph\":[{\"@type\":\"WebPage\",\"@id\":\"https:\\\/\\\/shop.bantam.ch\\\/fr\\\/produit\\\/installation-satellite-remora\\\/\",\"url\":\"https:\\\/\\\/shop.bantam.ch\\\/fr\\\/produit\\\/installation-satellite-remora\\\/\",\"name\":\"Antenne satellite man. Maxview Remora - Bantam Wankm\u00fcller SA\",\"isPartOf\":{\"@id\":\"https:\\\/\\\/shop.bantam.ch\\\/fr\\\/#website\"},\"primaryImageOfPage\":{\"@id\":\"https:\\\/\\\/shop.bantam.ch\\\/fr\\\/produit\\\/installation-satellite-remora\\\/#primaryimage\"},\"image\":{\"@id\":\"https:\\\/\\\/shop.bantam.ch\\\/fr\\\/produit\\\/installation-satellite-remora\\\/#primaryimage\"},\"thumbnailUrl\":\"https:\\\/\\\/shop.bantam.ch\\\/wp-content\\\/uploads\\\/2023\\\/02\\\/995364011.jpg\",\"datePublished\":\"2023-02-27T22:32:32+00:00\",\"dateModified\":\"2026-04-20T19:16:11+00:00\",\"breadcrumb\":{\"@id\":\"https:\\\/\\\/shop.bantam.ch\\\/fr\\\/produit\\\/installation-satellite-remora\\\/#breadcrumb\"},\"inLanguage\":\"fr-FR\",\"potentialAction\":[{\"@type\":\"ReadAction\",\"target\":[\"https:\\\/\\\/shop.bantam.ch\\\/fr\\\/produit\\\/installation-satellite-remora\\\/\"]}]},{\"@type\":\"ImageObject\",\"inLanguage\":\"fr-FR\",\"@id\":\"https:\\\/\\\/shop.bantam.ch\\\/fr\\\/produit\\\/installation-satellite-remora\\\/#primaryimage\",\"url\":\"https:\\\/\\\/shop.bantam.ch\\\/wp-content\\\/uploads\\\/2023\\\/02\\\/995364011.jpg\",\"contentUrl\":\"https:\\\/\\\/shop.bantam.ch\\\/wp-content\\\/uploads\\\/2023\\\/02\\\/995364011.jpg\",\"width\":941,\"height\":1000},{\"@type\":\"BreadcrumbList\",\"@id\":\"https:\\\/\\\/shop.bantam.ch\\\/fr\\\/produit\\\/installation-satellite-remora\\\/#breadcrumb\",\"itemListElement\":[{\"@type\":\"ListItem\",\"position\":1,\"name\":\"Accueil\",\"item\":\"https:\\\/\\\/shop.bantam.ch\\\/fr\\\/\"},{\"@type\":\"ListItem\",\"position\":2,\"name\":\"Boutique\",\"item\":\"https:\\\/\\\/shop.bantam.ch\\\/fr\\\/boutique\\\/\"},{\"@type\":\"ListItem\",\"position\":3,\"name\":\"Antenne satellite man. Maxview Remora\"}]},{\"@type\":\"WebSite\",\"@id\":\"https:\\\/\\\/shop.bantam.ch\\\/fr\\\/#website\",\"url\":\"https:\\\/\\\/shop.bantam.ch\\\/fr\\\/\",\"name\":\"Bantam Wankm\u00fcller SA\",\"description\":\"\",\"publisher\":{\"@id\":\"https:\\\/\\\/shop.bantam.ch\\\/fr\\\/#organization\"},\"inLanguage\":\"fr-FR\"},{\"@type\":\"Organization\",\"@id\":\"https:\\\/\\\/shop.bantam.ch\\\/fr\\\/#organization\",\"name\":\"Bantam Wankm\u00fcller SA\",\"url\":\"https:\\\/\\\/shop.bantam.ch\\\/fr\\\/\",\"logo\":{\"@type\":\"ImageObject\",\"inLanguage\":\"fr-FR\",\"@id\":\"https:\\\/\\\/shop.bantam.ch\\\/fr\\\/#\\\/schema\\\/logo\\\/image\\\/\",\"url\":\"https:\\\/\\\/shop.bantam.ch\\\/wp-content\\\/uploads\\\/2022\\\/12\\\/bantam-logo.png\",\"contentUrl\":\"https:\\\/\\\/shop.bantam.ch\\\/wp-content\\\/uploads\\\/2022\\\/12\\\/bantam-logo.png\",\"width\":320,\"height\":71,\"caption\":\"Bantam Wankm\u00fcller SA\"},\"image\":{\"@id\":\"https:\\\/\\\/shop.bantam.ch\\\/fr\\\/#\\\/schema\\\/logo\\\/image\\\/\"}}]}<\/script>\n<!-- \/ Yoast SEO plugin. -->","yoast_head_json":{"title":"Antenne satellite man. Maxview Remora - Bantam Wankm\u00fcller SA","robots":{"index":"index","follow":"follow","max-snippet":"max-snippet:-1","max-image-preview":"max-image-preview:large","max-video-preview":"max-video-preview:-1"},"canonical":"https:\/\/shop.bantam.ch\/fr\/produit\/installation-satellite-remora\/","og_locale":"fr_FR","og_type":"article","og_title":"Antenne satellite man. Maxview Remora - Bantam Wankm\u00fcller SA","og_description":"L\u2019antenne satellite Maxview Remora est id\u00e9ale pour une fixation simple et rapide au v\u00e9hicule. Les ventouses de haute qualit\u00e9 garantissent un maintien excellent sur des surfaces lisses. Ainsi, le mod\u00e8le Maxview Remora peut \u00eatre mont\u00e9 de mani\u00e8re flexible sur la caravane ou le camping-car. Gr\u00e2ce \u00e0 quelques caract\u00e9ristiques innovantes, l\u2019antenne peut \u00eatre r\u00e9gl\u00e9e en toute [&hellip;]","og_url":"https:\/\/shop.bantam.ch\/fr\/produit\/installation-satellite-remora\/","og_site_name":"Bantam Wankm\u00fcller SA","article_modified_time":"2026-04-20T19:16:11+00:00","og_image":[{"width":941,"height":1000,"url":"https:\/\/shop.bantam.ch\/wp-content\/uploads\/2023\/02\/995364011.jpg","type":"image\/jpeg"}],"twitter_card":"summary_large_image","twitter_misc":{"Dur\u00e9e de lecture estim\u00e9e":"1 minute"},"schema":{"@context":"https:\/\/schema.org","@graph":[{"@type":"WebPage","@id":"https:\/\/shop.bantam.ch\/fr\/produit\/installation-satellite-remora\/","url":"https:\/\/shop.bantam.ch\/fr\/produit\/installation-satellite-remora\/","name":"Antenne satellite man. Maxview Remora - Bantam Wankm\u00fcller SA","isPartOf":{"@id":"https:\/\/shop.bantam.ch\/fr\/#website"},"primaryImageOfPage":{"@id":"https:\/\/shop.bantam.ch\/fr\/produit\/installation-satellite-remora\/#primaryimage"},"image":{"@id":"https:\/\/shop.bantam.ch\/fr\/produit\/installation-satellite-remora\/#primaryimage"},"thumbnailUrl":"https:\/\/shop.bantam.ch\/wp-content\/uploads\/2023\/02\/995364011.jpg","datePublished":"2023-02-27T22:32:32+00:00","dateModified":"2026-04-20T19:16:11+00:00","breadcrumb":{"@id":"https:\/\/shop.bantam.ch\/fr\/produit\/installation-satellite-remora\/#breadcrumb"},"inLanguage":"fr-FR","potentialAction":[{"@type":"ReadAction","target":["https:\/\/shop.bantam.ch\/fr\/produit\/installation-satellite-remora\/"]}]},{"@type":"ImageObject","inLanguage":"fr-FR","@id":"https:\/\/shop.bantam.ch\/fr\/produit\/installation-satellite-remora\/#primaryimage","url":"https:\/\/shop.bantam.ch\/wp-content\/uploads\/2023\/02\/995364011.jpg","contentUrl":"https:\/\/shop.bantam.ch\/wp-content\/uploads\/2023\/02\/995364011.jpg","width":941,"height":1000},{"@type":"BreadcrumbList","@id":"https:\/\/shop.bantam.ch\/fr\/produit\/installation-satellite-remora\/#breadcrumb","itemListElement":[{"@type":"ListItem","position":1,"name":"Accueil","item":"https:\/\/shop.bantam.ch\/fr\/"},{"@type":"ListItem","position":2,"name":"Boutique","item":"https:\/\/shop.bantam.ch\/fr\/boutique\/"},{"@type":"ListItem","position":3,"name":"Antenne satellite man. Maxview Remora"}]},{"@type":"WebSite","@id":"https:\/\/shop.bantam.ch\/fr\/#website","url":"https:\/\/shop.bantam.ch\/fr\/","name":"Bantam Wankm\u00fcller SA","description":"","publisher":{"@id":"https:\/\/shop.bantam.ch\/fr\/#organization"},"inLanguage":"fr-FR"},{"@type":"Organization","@id":"https:\/\/shop.bantam.ch\/fr\/#organization","name":"Bantam Wankm\u00fcller SA","url":"https:\/\/shop.bantam.ch\/fr\/","logo":{"@type":"ImageObject","inLanguage":"fr-FR","@id":"https:\/\/shop.bantam.ch\/fr\/#\/schema\/logo\/image\/","url":"https:\/\/shop.bantam.ch\/wp-content\/uploads\/2022\/12\/bantam-logo.png","contentUrl":"https:\/\/shop.bantam.ch\/wp-content\/uploads\/2022\/12\/bantam-logo.png","width":320,"height":71,"caption":"Bantam Wankm\u00fcller SA"},"image":{"@id":"https:\/\/shop.bantam.ch\/fr\/#\/schema\/logo\/image\/"}}]}},"_links":{"self":[{"href":"https:\/\/shop.bantam.ch\/fr\/wp-json\/wp\/v2\/product\/72321","targetHints":{"allow":["GET"]}}],"collection":[{"href":"https:\/\/shop.bantam.ch\/fr\/wp-json\/wp\/v2\/product"}],"about":[{"href":"https:\/\/shop.bantam.ch\/fr\/wp-json\/wp\/v2\/types\/product"}],"wp:featuredmedia":[{"embeddable":true,"href":"https:\/\/shop.bantam.ch\/fr\/wp-json\/wp\/v2\/media\/72311"}],"wp:attachment":[{"href":"https:\/\/shop.bantam.ch\/fr\/wp-json\/wp\/v2\/media?parent=72321"}],"wp:term":[{"taxonomy":"product_featured_cat","embeddable":true,"href":"https:\/\/shop.bantam.ch\/fr\/wp-json\/wp\/v2\/product_featured_cat?post=72321"},{"taxonomy":"product_brand","embeddable":true,"href":"https:\/\/shop.bantam.ch\/fr\/wp-json\/wp\/v2\/product_brand?post=72321"},{"taxonomy":"product_cat","embeddable":true,"href":"https:\/\/shop.bantam.ch\/fr\/wp-json\/wp\/v2\/product_cat?post=72321"},{"taxonomy":"product_tag","embeddable":true,"href":"https:\/\/shop.bantam.ch\/fr\/wp-json\/wp\/v2\/product_tag?post=72321"}],"curies":[{"name":"wp","href":"https:\/\/api.w.org\/{rel}","templated":true}]}}