{"id":71795,"date":"2023-02-27T23:24:46","date_gmt":"2023-02-27T22:24:46","guid":{"rendered":"http:\/\/shop.bantam.ch\/produit\/installation-satellite-cap-750-gps-recepteur-de-commande-inclus\/"},"modified":"2026-04-18T21:16:08","modified_gmt":"2026-04-18T19:16:08","slug":"installation-satellite-cap-750-gps-recepteur-de-commande-inclus","status":"publish","type":"product","link":"https:\/\/shop.bantam.ch\/fr\/produit\/installation-satellite-cap-750-gps-recepteur-de-commande-inclus\/","title":{"rendered":"Antenne satellite automatique Kathrein CAP 750 GPS avec antenne automatique"},"content":{"rendered":"<ul>\n<li>Unit\u00e9 pivotante avec antenne parabolique (TWIN) compl\u00e8te de 60 cm avec syst\u00e8me \u00e9lectronique de commande.<\/li>\n<li>R\u00e9ception pour GPS<\/li>\n<li>Notice de montage et mode d\u2019emploi CAP 750 GPS Unit\u00e9 rotative ind\u00e9pendante du r\u00e9cepteur GPS avec antenne parabolique 60 cm (Twin) et unit\u00e9 de commande<\/li>\n<li>Alignement automatique sur les autres satellites lors du changement de programmes.<\/li>\n<li>Abaissement automatique en position de stationnement au d\u00e9marrage du moteur.<\/li>\n<li>Construction a\u00e9rodynamique de seulement 21 cm de hauteur (\u00e9tat abaiss\u00e9).<\/li>\n<li>Vitesse maximale autoris\u00e9e du v\u00e9hicule 130 km\/h<\/li>\n<\/ul>\n<p>Contenu de la livraison :<br \/>Unit\u00e9 de rotation compl\u00e8te avec \u00e9lectronique de commande<br \/>R\u00e9flecteur parabolique<br \/>TWIN-LNB <br \/>Plaque de montage<br \/>Mat\u00e9riel de montage avec travers\u00e9e de toit<br \/>Jeu complet de c\u00e2bles avec 1 c\u00e2ble coaxial de 8 m, 1 c\u00e2ble coaxial de 3 m et 10 m de c\u00e2ble d&rsquo;alimentation \u00e9lectrique<br \/>Module de commande <br \/>Notice de montage et mode d\u2019emploi<\/p>\n","protected":false},"excerpt":{"rendered":"<p>Unit\u00e9 pivotante avec antenne parabolique (TWIN) compl\u00e8te de 60 cm avec syst\u00e8me \u00e9lectronique de commande. R\u00e9ception pour GPS Notice de montage et mode d\u2019emploi CAP 750 GPS Unit\u00e9 rotative ind\u00e9pendante du r\u00e9cepteur GPS avec antenne parabolique 60 cm (Twin) et unit\u00e9 de commande Alignement automatique sur les autres satellites lors du changement de programmes. Abaissement [&hellip;]<\/p>\n","protected":false},"featured_media":71793,"template":"","meta":{"_acf_changed":false},"product_featured_cat":[],"product_brand":[3266],"product_cat":[4523],"product_tag":[],"class_list":{"0":"post-71795","1":"product","2":"type-product","3":"status-publish","4":"has-post-thumbnail","6":"product_brand-kathrein","7":"product_cat-systemes-satellitaires","9":"first","10":"instock","11":"taxable","12":"shipping-taxable","13":"purchasable","14":"product-type-simple"},"acf":[],"yoast_head":"<!-- This site is optimized with the Yoast SEO plugin v27.4 - https:\/\/yoast.com\/product\/yoast-seo-wordpress\/ -->\n<title>Antenne satellite automatique Kathrein CAP 750 GPS avec antenne automatique - Bantam Wankm\u00fcller SA<\/title>\n<meta name=\"robots\" content=\"index, follow, max-snippet:-1, max-image-preview:large, max-video-preview:-1\" \/>\n<link rel=\"canonical\" href=\"https:\/\/shop.bantam.ch\/fr\/produit\/installation-satellite-cap-750-gps-recepteur-de-commande-inclus\/\" \/>\n<meta property=\"og:locale\" content=\"fr_FR\" \/>\n<meta property=\"og:type\" content=\"article\" \/>\n<meta property=\"og:title\" content=\"Antenne satellite automatique Kathrein CAP 750 GPS avec antenne automatique - Bantam Wankm\u00fcller SA\" \/>\n<meta property=\"og:description\" content=\"Unit\u00e9 pivotante avec antenne parabolique (TWIN) compl\u00e8te de 60 cm avec syst\u00e8me \u00e9lectronique de commande. R\u00e9ception pour GPS Notice de montage et mode d\u2019emploi CAP 750 GPS Unit\u00e9 rotative ind\u00e9pendante du r\u00e9cepteur GPS avec antenne parabolique 60 cm (Twin) et unit\u00e9 de commande Alignement automatique sur les autres satellites lors du changement de programmes. Abaissement [&hellip;]\" \/>\n<meta property=\"og:url\" content=\"https:\/\/shop.bantam.ch\/fr\/produit\/installation-satellite-cap-750-gps-recepteur-de-commande-inclus\/\" \/>\n<meta property=\"og:site_name\" content=\"Bantam Wankm\u00fcller SA\" \/>\n<meta property=\"article:modified_time\" content=\"2026-04-18T19:16:08+00:00\" \/>\n<meta property=\"og:image\" content=\"https:\/\/shop.bantam.ch\/wp-content\/uploads\/2023\/02\/995355311.jpg\" \/>\n\t<meta property=\"og:image:width\" content=\"1000\" \/>\n\t<meta property=\"og:image:height\" content=\"867\" \/>\n\t<meta property=\"og:image:type\" content=\"image\/jpeg\" \/>\n<meta name=\"twitter:card\" content=\"summary_large_image\" \/>\n<meta name=\"twitter:label1\" content=\"Dur\u00e9e de lecture estim\u00e9e\" \/>\n\t<meta name=\"twitter:data1\" content=\"1 minute\" \/>\n<script type=\"application\/ld+json\" class=\"yoast-schema-graph\">{\"@context\":\"https:\\\/\\\/schema.org\",\"@graph\":[{\"@type\":\"WebPage\",\"@id\":\"https:\\\/\\\/shop.bantam.ch\\\/fr\\\/produit\\\/installation-satellite-cap-750-gps-recepteur-de-commande-inclus\\\/\",\"url\":\"https:\\\/\\\/shop.bantam.ch\\\/fr\\\/produit\\\/installation-satellite-cap-750-gps-recepteur-de-commande-inclus\\\/\",\"name\":\"Antenne satellite automatique Kathrein CAP 750 GPS avec antenne automatique - Bantam Wankm\u00fcller SA\",\"isPartOf\":{\"@id\":\"https:\\\/\\\/shop.bantam.ch\\\/fr\\\/#website\"},\"primaryImageOfPage\":{\"@id\":\"https:\\\/\\\/shop.bantam.ch\\\/fr\\\/produit\\\/installation-satellite-cap-750-gps-recepteur-de-commande-inclus\\\/#primaryimage\"},\"image\":{\"@id\":\"https:\\\/\\\/shop.bantam.ch\\\/fr\\\/produit\\\/installation-satellite-cap-750-gps-recepteur-de-commande-inclus\\\/#primaryimage\"},\"thumbnailUrl\":\"https:\\\/\\\/shop.bantam.ch\\\/wp-content\\\/uploads\\\/2023\\\/02\\\/995355311.jpg\",\"datePublished\":\"2023-02-27T22:24:46+00:00\",\"dateModified\":\"2026-04-18T19:16:08+00:00\",\"breadcrumb\":{\"@id\":\"https:\\\/\\\/shop.bantam.ch\\\/fr\\\/produit\\\/installation-satellite-cap-750-gps-recepteur-de-commande-inclus\\\/#breadcrumb\"},\"inLanguage\":\"fr-FR\",\"potentialAction\":[{\"@type\":\"ReadAction\",\"target\":[\"https:\\\/\\\/shop.bantam.ch\\\/fr\\\/produit\\\/installation-satellite-cap-750-gps-recepteur-de-commande-inclus\\\/\"]}]},{\"@type\":\"ImageObject\",\"inLanguage\":\"fr-FR\",\"@id\":\"https:\\\/\\\/shop.bantam.ch\\\/fr\\\/produit\\\/installation-satellite-cap-750-gps-recepteur-de-commande-inclus\\\/#primaryimage\",\"url\":\"https:\\\/\\\/shop.bantam.ch\\\/wp-content\\\/uploads\\\/2023\\\/02\\\/995355311.jpg\",\"contentUrl\":\"https:\\\/\\\/shop.bantam.ch\\\/wp-content\\\/uploads\\\/2023\\\/02\\\/995355311.jpg\",\"width\":1000,\"height\":867},{\"@type\":\"BreadcrumbList\",\"@id\":\"https:\\\/\\\/shop.bantam.ch\\\/fr\\\/produit\\\/installation-satellite-cap-750-gps-recepteur-de-commande-inclus\\\/#breadcrumb\",\"itemListElement\":[{\"@type\":\"ListItem\",\"position\":1,\"name\":\"Accueil\",\"item\":\"https:\\\/\\\/shop.bantam.ch\\\/fr\\\/\"},{\"@type\":\"ListItem\",\"position\":2,\"name\":\"Boutique\",\"item\":\"https:\\\/\\\/shop.bantam.ch\\\/fr\\\/boutique\\\/\"},{\"@type\":\"ListItem\",\"position\":3,\"name\":\"Antenne satellite automatique Kathrein CAP 750 GPS avec antenne automatique\"}]},{\"@type\":\"WebSite\",\"@id\":\"https:\\\/\\\/shop.bantam.ch\\\/fr\\\/#website\",\"url\":\"https:\\\/\\\/shop.bantam.ch\\\/fr\\\/\",\"name\":\"Bantam Wankm\u00fcller SA\",\"description\":\"\",\"publisher\":{\"@id\":\"https:\\\/\\\/shop.bantam.ch\\\/fr\\\/#organization\"},\"inLanguage\":\"fr-FR\"},{\"@type\":\"Organization\",\"@id\":\"https:\\\/\\\/shop.bantam.ch\\\/fr\\\/#organization\",\"name\":\"Bantam Wankm\u00fcller SA\",\"url\":\"https:\\\/\\\/shop.bantam.ch\\\/fr\\\/\",\"logo\":{\"@type\":\"ImageObject\",\"inLanguage\":\"fr-FR\",\"@id\":\"https:\\\/\\\/shop.bantam.ch\\\/fr\\\/#\\\/schema\\\/logo\\\/image\\\/\",\"url\":\"https:\\\/\\\/shop.bantam.ch\\\/wp-content\\\/uploads\\\/2022\\\/12\\\/bantam-logo.png\",\"contentUrl\":\"https:\\\/\\\/shop.bantam.ch\\\/wp-content\\\/uploads\\\/2022\\\/12\\\/bantam-logo.png\",\"width\":320,\"height\":71,\"caption\":\"Bantam Wankm\u00fcller SA\"},\"image\":{\"@id\":\"https:\\\/\\\/shop.bantam.ch\\\/fr\\\/#\\\/schema\\\/logo\\\/image\\\/\"}}]}<\/script>\n<!-- \/ Yoast SEO plugin. -->","yoast_head_json":{"title":"Antenne satellite automatique Kathrein CAP 750 GPS avec antenne automatique - Bantam Wankm\u00fcller SA","robots":{"index":"index","follow":"follow","max-snippet":"max-snippet:-1","max-image-preview":"max-image-preview:large","max-video-preview":"max-video-preview:-1"},"canonical":"https:\/\/shop.bantam.ch\/fr\/produit\/installation-satellite-cap-750-gps-recepteur-de-commande-inclus\/","og_locale":"fr_FR","og_type":"article","og_title":"Antenne satellite automatique Kathrein CAP 750 GPS avec antenne automatique - Bantam Wankm\u00fcller SA","og_description":"Unit\u00e9 pivotante avec antenne parabolique (TWIN) compl\u00e8te de 60 cm avec syst\u00e8me \u00e9lectronique de commande. R\u00e9ception pour GPS Notice de montage et mode d\u2019emploi CAP 750 GPS Unit\u00e9 rotative ind\u00e9pendante du r\u00e9cepteur GPS avec antenne parabolique 60 cm (Twin) et unit\u00e9 de commande Alignement automatique sur les autres satellites lors du changement de programmes. Abaissement [&hellip;]","og_url":"https:\/\/shop.bantam.ch\/fr\/produit\/installation-satellite-cap-750-gps-recepteur-de-commande-inclus\/","og_site_name":"Bantam Wankm\u00fcller SA","article_modified_time":"2026-04-18T19:16:08+00:00","og_image":[{"width":1000,"height":867,"url":"https:\/\/shop.bantam.ch\/wp-content\/uploads\/2023\/02\/995355311.jpg","type":"image\/jpeg"}],"twitter_card":"summary_large_image","twitter_misc":{"Dur\u00e9e de lecture estim\u00e9e":"1 minute"},"schema":{"@context":"https:\/\/schema.org","@graph":[{"@type":"WebPage","@id":"https:\/\/shop.bantam.ch\/fr\/produit\/installation-satellite-cap-750-gps-recepteur-de-commande-inclus\/","url":"https:\/\/shop.bantam.ch\/fr\/produit\/installation-satellite-cap-750-gps-recepteur-de-commande-inclus\/","name":"Antenne satellite automatique Kathrein CAP 750 GPS avec antenne automatique - Bantam Wankm\u00fcller SA","isPartOf":{"@id":"https:\/\/shop.bantam.ch\/fr\/#website"},"primaryImageOfPage":{"@id":"https:\/\/shop.bantam.ch\/fr\/produit\/installation-satellite-cap-750-gps-recepteur-de-commande-inclus\/#primaryimage"},"image":{"@id":"https:\/\/shop.bantam.ch\/fr\/produit\/installation-satellite-cap-750-gps-recepteur-de-commande-inclus\/#primaryimage"},"thumbnailUrl":"https:\/\/shop.bantam.ch\/wp-content\/uploads\/2023\/02\/995355311.jpg","datePublished":"2023-02-27T22:24:46+00:00","dateModified":"2026-04-18T19:16:08+00:00","breadcrumb":{"@id":"https:\/\/shop.bantam.ch\/fr\/produit\/installation-satellite-cap-750-gps-recepteur-de-commande-inclus\/#breadcrumb"},"inLanguage":"fr-FR","potentialAction":[{"@type":"ReadAction","target":["https:\/\/shop.bantam.ch\/fr\/produit\/installation-satellite-cap-750-gps-recepteur-de-commande-inclus\/"]}]},{"@type":"ImageObject","inLanguage":"fr-FR","@id":"https:\/\/shop.bantam.ch\/fr\/produit\/installation-satellite-cap-750-gps-recepteur-de-commande-inclus\/#primaryimage","url":"https:\/\/shop.bantam.ch\/wp-content\/uploads\/2023\/02\/995355311.jpg","contentUrl":"https:\/\/shop.bantam.ch\/wp-content\/uploads\/2023\/02\/995355311.jpg","width":1000,"height":867},{"@type":"BreadcrumbList","@id":"https:\/\/shop.bantam.ch\/fr\/produit\/installation-satellite-cap-750-gps-recepteur-de-commande-inclus\/#breadcrumb","itemListElement":[{"@type":"ListItem","position":1,"name":"Accueil","item":"https:\/\/shop.bantam.ch\/fr\/"},{"@type":"ListItem","position":2,"name":"Boutique","item":"https:\/\/shop.bantam.ch\/fr\/boutique\/"},{"@type":"ListItem","position":3,"name":"Antenne satellite automatique Kathrein CAP 750 GPS avec antenne automatique"}]},{"@type":"WebSite","@id":"https:\/\/shop.bantam.ch\/fr\/#website","url":"https:\/\/shop.bantam.ch\/fr\/","name":"Bantam Wankm\u00fcller SA","description":"","publisher":{"@id":"https:\/\/shop.bantam.ch\/fr\/#organization"},"inLanguage":"fr-FR"},{"@type":"Organization","@id":"https:\/\/shop.bantam.ch\/fr\/#organization","name":"Bantam Wankm\u00fcller SA","url":"https:\/\/shop.bantam.ch\/fr\/","logo":{"@type":"ImageObject","inLanguage":"fr-FR","@id":"https:\/\/shop.bantam.ch\/fr\/#\/schema\/logo\/image\/","url":"https:\/\/shop.bantam.ch\/wp-content\/uploads\/2022\/12\/bantam-logo.png","contentUrl":"https:\/\/shop.bantam.ch\/wp-content\/uploads\/2022\/12\/bantam-logo.png","width":320,"height":71,"caption":"Bantam Wankm\u00fcller SA"},"image":{"@id":"https:\/\/shop.bantam.ch\/fr\/#\/schema\/logo\/image\/"}}]}},"_links":{"self":[{"href":"https:\/\/shop.bantam.ch\/fr\/wp-json\/wp\/v2\/product\/71795","targetHints":{"allow":["GET"]}}],"collection":[{"href":"https:\/\/shop.bantam.ch\/fr\/wp-json\/wp\/v2\/product"}],"about":[{"href":"https:\/\/shop.bantam.ch\/fr\/wp-json\/wp\/v2\/types\/product"}],"wp:featuredmedia":[{"embeddable":true,"href":"https:\/\/shop.bantam.ch\/fr\/wp-json\/wp\/v2\/media\/71793"}],"wp:attachment":[{"href":"https:\/\/shop.bantam.ch\/fr\/wp-json\/wp\/v2\/media?parent=71795"}],"wp:term":[{"taxonomy":"product_featured_cat","embeddable":true,"href":"https:\/\/shop.bantam.ch\/fr\/wp-json\/wp\/v2\/product_featured_cat?post=71795"},{"taxonomy":"product_brand","embeddable":true,"href":"https:\/\/shop.bantam.ch\/fr\/wp-json\/wp\/v2\/product_brand?post=71795"},{"taxonomy":"product_cat","embeddable":true,"href":"https:\/\/shop.bantam.ch\/fr\/wp-json\/wp\/v2\/product_cat?post=71795"},{"taxonomy":"product_tag","embeddable":true,"href":"https:\/\/shop.bantam.ch\/fr\/wp-json\/wp\/v2\/product_tag?post=71795"}],"curies":[{"name":"wp","href":"https:\/\/api.w.org\/{rel}","templated":true}]}}