{"id":71725,"date":"2023-02-27T23:23:50","date_gmt":"2023-02-27T22:23:50","guid":{"rendered":"http:\/\/shop.bantam.ch\/produit\/recepteur-hd-stick-310-v2\/"},"modified":"2026-04-17T21:15:28","modified_gmt":"2026-04-17T19:15:28","slug":"recepteur-hd-stick-310-v2","status":"publish","type":"product","link":"https:\/\/shop.bantam.ch\/fr\/produit\/recepteur-hd-stick-310-v2\/","title":{"rendered":"R\u00e9cepteur Megasat HD Stick 310 V2"},"content":{"rendered":"<p>Le Megasat HD Cl\u00e9 310 est l\u2019\u00e9quipement id\u00e9al lorsque peu de place est \u00e0 disposition. Gr\u00e2ce \u00e0 ses dimensions compactes, le r\u00e9cepteur peut \u00eatre mont\u00e9 directement derri\u00e8re le t\u00e9l\u00e9viseur. La bande auto-adh\u00e9sive incluse dans la livraison est facile \u00e0 fixer et garantit une installation rapide. Gr\u00e2ce au support mural fourni, le r\u00e9cepteur peut \u00e9galement \u00eatre mont\u00e9 sur la paroi d\u2019une armoire ou sur une \u00e9tag\u00e8re. Un capteur infrarouge est inclus dans la livraison afin que les signaux de la t\u00e9l\u00e9commande puissent \u00eatre transmis sans interf\u00e9rence m\u00eame lorsque l&rsquo;appareil est cach\u00e9. Le capteur infrarouge offre en outre l&rsquo;\u00e9cran int\u00e9gr\u00e9 pour garder \u00e0 tout moment un aper\u00e7u sur la position actuelle du programme. Le port USB int\u00e9gr\u00e9 permet une lecture simple de fichiers image et audio via des p\u00e9riph\u00e9riques de stockage externes tels qu\u2019une cl\u00e9 USB ou un disque dur externe. Ainsi vous pouvez lire facilement vos photos de vacances ou votre collection MP3 sur votre t\u00e9l\u00e9viseur Les futures mises \u00e0 jour du firmware peuvent \u00e9galement \u00eatre facilement install\u00e9es via l&rsquo;interface.<\/p>\n<ul>\n<li>Affichez des images TV d\u2019une grande nettet\u00e9 de programmes TVHD en clair avec une r\u00e9solution allant jusqu&rsquo;\u00e0 1080p<\/li>\n<li>Montage dissimul\u00e9 derri\u00e8re le t\u00e9l\u00e9viseur<\/li>\n<li>Capteur infrarouge avec affichage \u00e0 4 chiffres pour une r\u00e9ception optimale des signaux de la t\u00e9l\u00e9commande, m\u00eame si le r\u00e9cepteur est mont\u00e9 derri\u00e8re le t\u00e9l\u00e9viseur<\/li>\n<li>Deux ports USB pour la lecture de m\u00e9dias. \u00c9coutez votre collection de musique, de vid\u00e9os et d&rsquo;images directement depuis votre r\u00e9cepteur<\/li>\n<li>\u00c9conomiseur d&rsquo;\u00e9nergie en mode fonctionnement et mode veille<\/li>\n<\/ul>\n<ul>\n<li>Consommation : 12 W<\/li>\n<\/ul>\n","protected":false},"excerpt":{"rendered":"<p>Le Megasat HD Cl\u00e9 310 est l\u2019\u00e9quipement id\u00e9al lorsque peu de place est \u00e0 disposition. Gr\u00e2ce \u00e0 ses dimensions compactes, le r\u00e9cepteur peut \u00eatre mont\u00e9 directement derri\u00e8re le t\u00e9l\u00e9viseur. La bande auto-adh\u00e9sive incluse dans la livraison est facile \u00e0 fixer et garantit une installation rapide. Gr\u00e2ce au support mural fourni, le r\u00e9cepteur peut \u00e9galement \u00eatre [&hellip;]<\/p>\n","protected":false},"featured_media":71715,"template":"","meta":{"_acf_changed":false},"product_featured_cat":[],"product_brand":[3200],"product_cat":[4987],"product_tag":[],"class_list":{"0":"post-71725","1":"product","2":"type-product","3":"status-publish","4":"has-post-thumbnail","6":"product_brand-megasat","7":"product_cat-recepteurs","9":"first","10":"instock","11":"taxable","12":"shipping-taxable","13":"purchasable","14":"product-type-simple"},"acf":[],"yoast_head":"<!-- This site is optimized with the Yoast SEO plugin v27.4 - https:\/\/yoast.com\/product\/yoast-seo-wordpress\/ -->\n<title>R\u00e9cepteur Megasat HD Stick 310 V2 - Bantam Wankm\u00fcller SA<\/title>\n<meta name=\"robots\" content=\"index, follow, max-snippet:-1, max-image-preview:large, max-video-preview:-1\" \/>\n<link rel=\"canonical\" href=\"https:\/\/shop.bantam.ch\/fr\/produit\/recepteur-hd-stick-310-v2\/\" \/>\n<meta property=\"og:locale\" content=\"fr_FR\" \/>\n<meta property=\"og:type\" content=\"article\" \/>\n<meta property=\"og:title\" content=\"R\u00e9cepteur Megasat HD Stick 310 V2 - Bantam Wankm\u00fcller SA\" \/>\n<meta property=\"og:description\" content=\"Le Megasat HD Cl\u00e9 310 est l\u2019\u00e9quipement id\u00e9al lorsque peu de place est \u00e0 disposition. Gr\u00e2ce \u00e0 ses dimensions compactes, le r\u00e9cepteur peut \u00eatre mont\u00e9 directement derri\u00e8re le t\u00e9l\u00e9viseur. La bande auto-adh\u00e9sive incluse dans la livraison est facile \u00e0 fixer et garantit une installation rapide. Gr\u00e2ce au support mural fourni, le r\u00e9cepteur peut \u00e9galement \u00eatre [&hellip;]\" \/>\n<meta property=\"og:url\" content=\"https:\/\/shop.bantam.ch\/fr\/produit\/recepteur-hd-stick-310-v2\/\" \/>\n<meta property=\"og:site_name\" content=\"Bantam Wankm\u00fcller SA\" \/>\n<meta property=\"article:modified_time\" content=\"2026-04-17T19:15:28+00:00\" \/>\n<meta property=\"og:image\" content=\"https:\/\/shop.bantam.ch\/wp-content\/uploads\/2023\/02\/995352311.jpg\" \/>\n\t<meta property=\"og:image:width\" content=\"690\" \/>\n\t<meta property=\"og:image:height\" content=\"1000\" \/>\n\t<meta property=\"og:image:type\" content=\"image\/jpeg\" \/>\n<meta name=\"twitter:card\" content=\"summary_large_image\" \/>\n<meta name=\"twitter:label1\" content=\"Dur\u00e9e de lecture estim\u00e9e\" \/>\n\t<meta name=\"twitter:data1\" content=\"1 minute\" \/>\n<script type=\"application\/ld+json\" class=\"yoast-schema-graph\">{\"@context\":\"https:\\\/\\\/schema.org\",\"@graph\":[{\"@type\":\"WebPage\",\"@id\":\"https:\\\/\\\/shop.bantam.ch\\\/fr\\\/produit\\\/recepteur-hd-stick-310-v2\\\/\",\"url\":\"https:\\\/\\\/shop.bantam.ch\\\/fr\\\/produit\\\/recepteur-hd-stick-310-v2\\\/\",\"name\":\"R\u00e9cepteur Megasat HD Stick 310 V2 - Bantam Wankm\u00fcller SA\",\"isPartOf\":{\"@id\":\"https:\\\/\\\/shop.bantam.ch\\\/fr\\\/#website\"},\"primaryImageOfPage\":{\"@id\":\"https:\\\/\\\/shop.bantam.ch\\\/fr\\\/produit\\\/recepteur-hd-stick-310-v2\\\/#primaryimage\"},\"image\":{\"@id\":\"https:\\\/\\\/shop.bantam.ch\\\/fr\\\/produit\\\/recepteur-hd-stick-310-v2\\\/#primaryimage\"},\"thumbnailUrl\":\"https:\\\/\\\/shop.bantam.ch\\\/wp-content\\\/uploads\\\/2023\\\/02\\\/995352311.jpg\",\"datePublished\":\"2023-02-27T22:23:50+00:00\",\"dateModified\":\"2026-04-17T19:15:28+00:00\",\"breadcrumb\":{\"@id\":\"https:\\\/\\\/shop.bantam.ch\\\/fr\\\/produit\\\/recepteur-hd-stick-310-v2\\\/#breadcrumb\"},\"inLanguage\":\"fr-FR\",\"potentialAction\":[{\"@type\":\"ReadAction\",\"target\":[\"https:\\\/\\\/shop.bantam.ch\\\/fr\\\/produit\\\/recepteur-hd-stick-310-v2\\\/\"]}]},{\"@type\":\"ImageObject\",\"inLanguage\":\"fr-FR\",\"@id\":\"https:\\\/\\\/shop.bantam.ch\\\/fr\\\/produit\\\/recepteur-hd-stick-310-v2\\\/#primaryimage\",\"url\":\"https:\\\/\\\/shop.bantam.ch\\\/wp-content\\\/uploads\\\/2023\\\/02\\\/995352311.jpg\",\"contentUrl\":\"https:\\\/\\\/shop.bantam.ch\\\/wp-content\\\/uploads\\\/2023\\\/02\\\/995352311.jpg\",\"width\":690,\"height\":1000},{\"@type\":\"BreadcrumbList\",\"@id\":\"https:\\\/\\\/shop.bantam.ch\\\/fr\\\/produit\\\/recepteur-hd-stick-310-v2\\\/#breadcrumb\",\"itemListElement\":[{\"@type\":\"ListItem\",\"position\":1,\"name\":\"Accueil\",\"item\":\"https:\\\/\\\/shop.bantam.ch\\\/fr\\\/\"},{\"@type\":\"ListItem\",\"position\":2,\"name\":\"Boutique\",\"item\":\"https:\\\/\\\/shop.bantam.ch\\\/fr\\\/boutique\\\/\"},{\"@type\":\"ListItem\",\"position\":3,\"name\":\"R\u00e9cepteur Megasat HD Stick 310 V2\"}]},{\"@type\":\"WebSite\",\"@id\":\"https:\\\/\\\/shop.bantam.ch\\\/fr\\\/#website\",\"url\":\"https:\\\/\\\/shop.bantam.ch\\\/fr\\\/\",\"name\":\"Bantam Wankm\u00fcller SA\",\"description\":\"\",\"publisher\":{\"@id\":\"https:\\\/\\\/shop.bantam.ch\\\/fr\\\/#organization\"},\"inLanguage\":\"fr-FR\"},{\"@type\":\"Organization\",\"@id\":\"https:\\\/\\\/shop.bantam.ch\\\/fr\\\/#organization\",\"name\":\"Bantam Wankm\u00fcller SA\",\"url\":\"https:\\\/\\\/shop.bantam.ch\\\/fr\\\/\",\"logo\":{\"@type\":\"ImageObject\",\"inLanguage\":\"fr-FR\",\"@id\":\"https:\\\/\\\/shop.bantam.ch\\\/fr\\\/#\\\/schema\\\/logo\\\/image\\\/\",\"url\":\"https:\\\/\\\/shop.bantam.ch\\\/wp-content\\\/uploads\\\/2022\\\/12\\\/bantam-logo.png\",\"contentUrl\":\"https:\\\/\\\/shop.bantam.ch\\\/wp-content\\\/uploads\\\/2022\\\/12\\\/bantam-logo.png\",\"width\":320,\"height\":71,\"caption\":\"Bantam Wankm\u00fcller SA\"},\"image\":{\"@id\":\"https:\\\/\\\/shop.bantam.ch\\\/fr\\\/#\\\/schema\\\/logo\\\/image\\\/\"}}]}<\/script>\n<!-- \/ Yoast SEO plugin. -->","yoast_head_json":{"title":"R\u00e9cepteur Megasat HD Stick 310 V2 - Bantam Wankm\u00fcller SA","robots":{"index":"index","follow":"follow","max-snippet":"max-snippet:-1","max-image-preview":"max-image-preview:large","max-video-preview":"max-video-preview:-1"},"canonical":"https:\/\/shop.bantam.ch\/fr\/produit\/recepteur-hd-stick-310-v2\/","og_locale":"fr_FR","og_type":"article","og_title":"R\u00e9cepteur Megasat HD Stick 310 V2 - Bantam Wankm\u00fcller SA","og_description":"Le Megasat HD Cl\u00e9 310 est l\u2019\u00e9quipement id\u00e9al lorsque peu de place est \u00e0 disposition. Gr\u00e2ce \u00e0 ses dimensions compactes, le r\u00e9cepteur peut \u00eatre mont\u00e9 directement derri\u00e8re le t\u00e9l\u00e9viseur. La bande auto-adh\u00e9sive incluse dans la livraison est facile \u00e0 fixer et garantit une installation rapide. Gr\u00e2ce au support mural fourni, le r\u00e9cepteur peut \u00e9galement \u00eatre [&hellip;]","og_url":"https:\/\/shop.bantam.ch\/fr\/produit\/recepteur-hd-stick-310-v2\/","og_site_name":"Bantam Wankm\u00fcller SA","article_modified_time":"2026-04-17T19:15:28+00:00","og_image":[{"width":690,"height":1000,"url":"https:\/\/shop.bantam.ch\/wp-content\/uploads\/2023\/02\/995352311.jpg","type":"image\/jpeg"}],"twitter_card":"summary_large_image","twitter_misc":{"Dur\u00e9e de lecture estim\u00e9e":"1 minute"},"schema":{"@context":"https:\/\/schema.org","@graph":[{"@type":"WebPage","@id":"https:\/\/shop.bantam.ch\/fr\/produit\/recepteur-hd-stick-310-v2\/","url":"https:\/\/shop.bantam.ch\/fr\/produit\/recepteur-hd-stick-310-v2\/","name":"R\u00e9cepteur Megasat HD Stick 310 V2 - Bantam Wankm\u00fcller SA","isPartOf":{"@id":"https:\/\/shop.bantam.ch\/fr\/#website"},"primaryImageOfPage":{"@id":"https:\/\/shop.bantam.ch\/fr\/produit\/recepteur-hd-stick-310-v2\/#primaryimage"},"image":{"@id":"https:\/\/shop.bantam.ch\/fr\/produit\/recepteur-hd-stick-310-v2\/#primaryimage"},"thumbnailUrl":"https:\/\/shop.bantam.ch\/wp-content\/uploads\/2023\/02\/995352311.jpg","datePublished":"2023-02-27T22:23:50+00:00","dateModified":"2026-04-17T19:15:28+00:00","breadcrumb":{"@id":"https:\/\/shop.bantam.ch\/fr\/produit\/recepteur-hd-stick-310-v2\/#breadcrumb"},"inLanguage":"fr-FR","potentialAction":[{"@type":"ReadAction","target":["https:\/\/shop.bantam.ch\/fr\/produit\/recepteur-hd-stick-310-v2\/"]}]},{"@type":"ImageObject","inLanguage":"fr-FR","@id":"https:\/\/shop.bantam.ch\/fr\/produit\/recepteur-hd-stick-310-v2\/#primaryimage","url":"https:\/\/shop.bantam.ch\/wp-content\/uploads\/2023\/02\/995352311.jpg","contentUrl":"https:\/\/shop.bantam.ch\/wp-content\/uploads\/2023\/02\/995352311.jpg","width":690,"height":1000},{"@type":"BreadcrumbList","@id":"https:\/\/shop.bantam.ch\/fr\/produit\/recepteur-hd-stick-310-v2\/#breadcrumb","itemListElement":[{"@type":"ListItem","position":1,"name":"Accueil","item":"https:\/\/shop.bantam.ch\/fr\/"},{"@type":"ListItem","position":2,"name":"Boutique","item":"https:\/\/shop.bantam.ch\/fr\/boutique\/"},{"@type":"ListItem","position":3,"name":"R\u00e9cepteur Megasat HD Stick 310 V2"}]},{"@type":"WebSite","@id":"https:\/\/shop.bantam.ch\/fr\/#website","url":"https:\/\/shop.bantam.ch\/fr\/","name":"Bantam Wankm\u00fcller SA","description":"","publisher":{"@id":"https:\/\/shop.bantam.ch\/fr\/#organization"},"inLanguage":"fr-FR"},{"@type":"Organization","@id":"https:\/\/shop.bantam.ch\/fr\/#organization","name":"Bantam Wankm\u00fcller SA","url":"https:\/\/shop.bantam.ch\/fr\/","logo":{"@type":"ImageObject","inLanguage":"fr-FR","@id":"https:\/\/shop.bantam.ch\/fr\/#\/schema\/logo\/image\/","url":"https:\/\/shop.bantam.ch\/wp-content\/uploads\/2022\/12\/bantam-logo.png","contentUrl":"https:\/\/shop.bantam.ch\/wp-content\/uploads\/2022\/12\/bantam-logo.png","width":320,"height":71,"caption":"Bantam Wankm\u00fcller SA"},"image":{"@id":"https:\/\/shop.bantam.ch\/fr\/#\/schema\/logo\/image\/"}}]}},"_links":{"self":[{"href":"https:\/\/shop.bantam.ch\/fr\/wp-json\/wp\/v2\/product\/71725","targetHints":{"allow":["GET"]}}],"collection":[{"href":"https:\/\/shop.bantam.ch\/fr\/wp-json\/wp\/v2\/product"}],"about":[{"href":"https:\/\/shop.bantam.ch\/fr\/wp-json\/wp\/v2\/types\/product"}],"wp:featuredmedia":[{"embeddable":true,"href":"https:\/\/shop.bantam.ch\/fr\/wp-json\/wp\/v2\/media\/71715"}],"wp:attachment":[{"href":"https:\/\/shop.bantam.ch\/fr\/wp-json\/wp\/v2\/media?parent=71725"}],"wp:term":[{"taxonomy":"product_featured_cat","embeddable":true,"href":"https:\/\/shop.bantam.ch\/fr\/wp-json\/wp\/v2\/product_featured_cat?post=71725"},{"taxonomy":"product_brand","embeddable":true,"href":"https:\/\/shop.bantam.ch\/fr\/wp-json\/wp\/v2\/product_brand?post=71725"},{"taxonomy":"product_cat","embeddable":true,"href":"https:\/\/shop.bantam.ch\/fr\/wp-json\/wp\/v2\/product_cat?post=71725"},{"taxonomy":"product_tag","embeddable":true,"href":"https:\/\/shop.bantam.ch\/fr\/wp-json\/wp\/v2\/product_tag?post=71725"}],"curies":[{"name":"wp","href":"https:\/\/api.w.org\/{rel}","templated":true}]}}