{"id":71691,"date":"2023-02-27T23:23:21","date_gmt":"2023-02-27T22:23:21","guid":{"rendered":"http:\/\/shop.bantam.ch\/produit\/gilet-de-securite-enfant-jaune\/"},"modified":"2026-04-20T21:15:34","modified_gmt":"2026-04-20T19:15:34","slug":"gilet-de-securite-enfant-jaune","status":"publish","type":"product","link":"https:\/\/shop.bantam.ch\/fr\/produit\/gilet-de-securite-enfant-jaune\/","title":{"rendered":"Gilet de s\u00e9curit\u00e9 enfant jaune"},"content":{"rendered":"<p>Gilet de s\u00e9curit\u00e9 pour les d\u00e9placements sur route, comme le jogging, le v\u00e9lo, l&rsquo;\u00e9cole, la maternelle ou la voiture, o\u00f9 des v\u00eatements de signalisation tr\u00e8s visibles sont n\u00e9cessaires.<\/p>\n<p>\u00a0<\/p>\n<ul>\n<li>Couleur de signalisation : jaune<\/li>\n<li>Pour enfants de 5 \u00e0 12 ans<\/li>\n<li>R\u00e9sistant au lavage en machine<\/li>\n<li>Conforme \u00e0 la norme europ\u00e9enne : 1150:1999<\/li>\n<li>Deux bandes r\u00e9fl\u00e9chissantes de 5 cm de large tout autour<\/li>\n<li>Ouvert sur les c\u00f4t\u00e9s<\/li>\n<li>Ferm\u00e9 devant et derri\u00e8re<\/li>\n<li>Bande \u00e9lastique<\/li>\n<\/ul>\n<p>\u00a0<\/p>\n<ul>\n<li>Taille : 120 &#8211; 156 cm<\/li>\n<li>Tour de poitrine : 48 &#8211; 84 cm<\/li>\n<\/ul>\n","protected":false},"excerpt":{"rendered":"<p>Gilet de s\u00e9curit\u00e9 pour les d\u00e9placements sur route, comme le jogging, le v\u00e9lo, l&rsquo;\u00e9cole, la maternelle ou la voiture, o\u00f9 des v\u00eatements de signalisation tr\u00e8s visibles sont n\u00e9cessaires. \u00a0 Couleur de signalisation : jaune Pour enfants de 5 \u00e0 12 ans R\u00e9sistant au lavage en machine Conforme \u00e0 la norme europ\u00e9enne : 1150:1999 Deux bandes [&hellip;]<\/p>\n","protected":false},"featured_media":71687,"template":"","meta":{"_acf_changed":false},"product_featured_cat":[],"product_brand":[3468],"product_cat":[4657],"product_tag":[],"class_list":{"0":"post-71691","1":"product","2":"type-product","3":"status-publish","4":"has-post-thumbnail","6":"product_brand-proplus","7":"product_cat-depanneurs","9":"first","10":"instock","11":"taxable","12":"shipping-taxable","13":"purchasable","14":"product-type-simple"},"acf":[],"yoast_head":"<!-- This site is optimized with the Yoast SEO plugin v27.4 - https:\/\/yoast.com\/product\/yoast-seo-wordpress\/ -->\n<title>Gilet de s\u00e9curit\u00e9 enfant jaune - Bantam Wankm\u00fcller SA<\/title>\n<meta name=\"robots\" content=\"index, follow, max-snippet:-1, max-image-preview:large, max-video-preview:-1\" \/>\n<link rel=\"canonical\" href=\"https:\/\/shop.bantam.ch\/fr\/produit\/gilet-de-securite-enfant-jaune\/\" \/>\n<meta property=\"og:locale\" content=\"fr_FR\" \/>\n<meta property=\"og:type\" content=\"article\" \/>\n<meta property=\"og:title\" content=\"Gilet de s\u00e9curit\u00e9 enfant jaune - Bantam Wankm\u00fcller SA\" \/>\n<meta property=\"og:description\" content=\"Gilet de s\u00e9curit\u00e9 pour les d\u00e9placements sur route, comme le jogging, le v\u00e9lo, l&rsquo;\u00e9cole, la maternelle ou la voiture, o\u00f9 des v\u00eatements de signalisation tr\u00e8s visibles sont n\u00e9cessaires. \u00a0 Couleur de signalisation : jaune Pour enfants de 5 \u00e0 12 ans R\u00e9sistant au lavage en machine Conforme \u00e0 la norme europ\u00e9enne : 1150:1999 Deux bandes [&hellip;]\" \/>\n<meta property=\"og:url\" content=\"https:\/\/shop.bantam.ch\/fr\/produit\/gilet-de-securite-enfant-jaune\/\" \/>\n<meta property=\"og:site_name\" content=\"Bantam Wankm\u00fcller SA\" \/>\n<meta property=\"article:modified_time\" content=\"2026-04-20T19:15:34+00:00\" \/>\n<meta property=\"og:image\" content=\"https:\/\/shop.bantam.ch\/wp-content\/uploads\/2023\/02\/994139211.jpg\" \/>\n\t<meta property=\"og:image:width\" content=\"1000\" \/>\n\t<meta property=\"og:image:height\" content=\"1000\" \/>\n\t<meta property=\"og:image:type\" content=\"image\/jpeg\" \/>\n<meta name=\"twitter:card\" content=\"summary_large_image\" \/>\n<script type=\"application\/ld+json\" class=\"yoast-schema-graph\">{\"@context\":\"https:\\\/\\\/schema.org\",\"@graph\":[{\"@type\":\"WebPage\",\"@id\":\"https:\\\/\\\/shop.bantam.ch\\\/fr\\\/produit\\\/gilet-de-securite-enfant-jaune\\\/\",\"url\":\"https:\\\/\\\/shop.bantam.ch\\\/fr\\\/produit\\\/gilet-de-securite-enfant-jaune\\\/\",\"name\":\"Gilet de s\u00e9curit\u00e9 enfant jaune - Bantam Wankm\u00fcller SA\",\"isPartOf\":{\"@id\":\"https:\\\/\\\/shop.bantam.ch\\\/fr\\\/#website\"},\"primaryImageOfPage\":{\"@id\":\"https:\\\/\\\/shop.bantam.ch\\\/fr\\\/produit\\\/gilet-de-securite-enfant-jaune\\\/#primaryimage\"},\"image\":{\"@id\":\"https:\\\/\\\/shop.bantam.ch\\\/fr\\\/produit\\\/gilet-de-securite-enfant-jaune\\\/#primaryimage\"},\"thumbnailUrl\":\"https:\\\/\\\/shop.bantam.ch\\\/wp-content\\\/uploads\\\/2023\\\/02\\\/994139211.jpg\",\"datePublished\":\"2023-02-27T22:23:21+00:00\",\"dateModified\":\"2026-04-20T19:15:34+00:00\",\"breadcrumb\":{\"@id\":\"https:\\\/\\\/shop.bantam.ch\\\/fr\\\/produit\\\/gilet-de-securite-enfant-jaune\\\/#breadcrumb\"},\"inLanguage\":\"fr-FR\",\"potentialAction\":[{\"@type\":\"ReadAction\",\"target\":[\"https:\\\/\\\/shop.bantam.ch\\\/fr\\\/produit\\\/gilet-de-securite-enfant-jaune\\\/\"]}]},{\"@type\":\"ImageObject\",\"inLanguage\":\"fr-FR\",\"@id\":\"https:\\\/\\\/shop.bantam.ch\\\/fr\\\/produit\\\/gilet-de-securite-enfant-jaune\\\/#primaryimage\",\"url\":\"https:\\\/\\\/shop.bantam.ch\\\/wp-content\\\/uploads\\\/2023\\\/02\\\/994139211.jpg\",\"contentUrl\":\"https:\\\/\\\/shop.bantam.ch\\\/wp-content\\\/uploads\\\/2023\\\/02\\\/994139211.jpg\",\"width\":1000,\"height\":1000},{\"@type\":\"BreadcrumbList\",\"@id\":\"https:\\\/\\\/shop.bantam.ch\\\/fr\\\/produit\\\/gilet-de-securite-enfant-jaune\\\/#breadcrumb\",\"itemListElement\":[{\"@type\":\"ListItem\",\"position\":1,\"name\":\"Accueil\",\"item\":\"https:\\\/\\\/shop.bantam.ch\\\/fr\\\/\"},{\"@type\":\"ListItem\",\"position\":2,\"name\":\"Boutique\",\"item\":\"https:\\\/\\\/shop.bantam.ch\\\/fr\\\/boutique\\\/\"},{\"@type\":\"ListItem\",\"position\":3,\"name\":\"Gilet de s\u00e9curit\u00e9 enfant jaune\"}]},{\"@type\":\"WebSite\",\"@id\":\"https:\\\/\\\/shop.bantam.ch\\\/fr\\\/#website\",\"url\":\"https:\\\/\\\/shop.bantam.ch\\\/fr\\\/\",\"name\":\"Bantam Wankm\u00fcller SA\",\"description\":\"\",\"publisher\":{\"@id\":\"https:\\\/\\\/shop.bantam.ch\\\/fr\\\/#organization\"},\"inLanguage\":\"fr-FR\"},{\"@type\":\"Organization\",\"@id\":\"https:\\\/\\\/shop.bantam.ch\\\/fr\\\/#organization\",\"name\":\"Bantam Wankm\u00fcller SA\",\"url\":\"https:\\\/\\\/shop.bantam.ch\\\/fr\\\/\",\"logo\":{\"@type\":\"ImageObject\",\"inLanguage\":\"fr-FR\",\"@id\":\"https:\\\/\\\/shop.bantam.ch\\\/fr\\\/#\\\/schema\\\/logo\\\/image\\\/\",\"url\":\"https:\\\/\\\/shop.bantam.ch\\\/wp-content\\\/uploads\\\/2022\\\/12\\\/bantam-logo.png\",\"contentUrl\":\"https:\\\/\\\/shop.bantam.ch\\\/wp-content\\\/uploads\\\/2022\\\/12\\\/bantam-logo.png\",\"width\":320,\"height\":71,\"caption\":\"Bantam Wankm\u00fcller SA\"},\"image\":{\"@id\":\"https:\\\/\\\/shop.bantam.ch\\\/fr\\\/#\\\/schema\\\/logo\\\/image\\\/\"}}]}<\/script>\n<!-- \/ Yoast SEO plugin. -->","yoast_head_json":{"title":"Gilet de s\u00e9curit\u00e9 enfant jaune - Bantam Wankm\u00fcller SA","robots":{"index":"index","follow":"follow","max-snippet":"max-snippet:-1","max-image-preview":"max-image-preview:large","max-video-preview":"max-video-preview:-1"},"canonical":"https:\/\/shop.bantam.ch\/fr\/produit\/gilet-de-securite-enfant-jaune\/","og_locale":"fr_FR","og_type":"article","og_title":"Gilet de s\u00e9curit\u00e9 enfant jaune - Bantam Wankm\u00fcller SA","og_description":"Gilet de s\u00e9curit\u00e9 pour les d\u00e9placements sur route, comme le jogging, le v\u00e9lo, l&rsquo;\u00e9cole, la maternelle ou la voiture, o\u00f9 des v\u00eatements de signalisation tr\u00e8s visibles sont n\u00e9cessaires. \u00a0 Couleur de signalisation : jaune Pour enfants de 5 \u00e0 12 ans R\u00e9sistant au lavage en machine Conforme \u00e0 la norme europ\u00e9enne : 1150:1999 Deux bandes [&hellip;]","og_url":"https:\/\/shop.bantam.ch\/fr\/produit\/gilet-de-securite-enfant-jaune\/","og_site_name":"Bantam Wankm\u00fcller SA","article_modified_time":"2026-04-20T19:15:34+00:00","og_image":[{"width":1000,"height":1000,"url":"https:\/\/shop.bantam.ch\/wp-content\/uploads\/2023\/02\/994139211.jpg","type":"image\/jpeg"}],"twitter_card":"summary_large_image","schema":{"@context":"https:\/\/schema.org","@graph":[{"@type":"WebPage","@id":"https:\/\/shop.bantam.ch\/fr\/produit\/gilet-de-securite-enfant-jaune\/","url":"https:\/\/shop.bantam.ch\/fr\/produit\/gilet-de-securite-enfant-jaune\/","name":"Gilet de s\u00e9curit\u00e9 enfant jaune - Bantam Wankm\u00fcller SA","isPartOf":{"@id":"https:\/\/shop.bantam.ch\/fr\/#website"},"primaryImageOfPage":{"@id":"https:\/\/shop.bantam.ch\/fr\/produit\/gilet-de-securite-enfant-jaune\/#primaryimage"},"image":{"@id":"https:\/\/shop.bantam.ch\/fr\/produit\/gilet-de-securite-enfant-jaune\/#primaryimage"},"thumbnailUrl":"https:\/\/shop.bantam.ch\/wp-content\/uploads\/2023\/02\/994139211.jpg","datePublished":"2023-02-27T22:23:21+00:00","dateModified":"2026-04-20T19:15:34+00:00","breadcrumb":{"@id":"https:\/\/shop.bantam.ch\/fr\/produit\/gilet-de-securite-enfant-jaune\/#breadcrumb"},"inLanguage":"fr-FR","potentialAction":[{"@type":"ReadAction","target":["https:\/\/shop.bantam.ch\/fr\/produit\/gilet-de-securite-enfant-jaune\/"]}]},{"@type":"ImageObject","inLanguage":"fr-FR","@id":"https:\/\/shop.bantam.ch\/fr\/produit\/gilet-de-securite-enfant-jaune\/#primaryimage","url":"https:\/\/shop.bantam.ch\/wp-content\/uploads\/2023\/02\/994139211.jpg","contentUrl":"https:\/\/shop.bantam.ch\/wp-content\/uploads\/2023\/02\/994139211.jpg","width":1000,"height":1000},{"@type":"BreadcrumbList","@id":"https:\/\/shop.bantam.ch\/fr\/produit\/gilet-de-securite-enfant-jaune\/#breadcrumb","itemListElement":[{"@type":"ListItem","position":1,"name":"Accueil","item":"https:\/\/shop.bantam.ch\/fr\/"},{"@type":"ListItem","position":2,"name":"Boutique","item":"https:\/\/shop.bantam.ch\/fr\/boutique\/"},{"@type":"ListItem","position":3,"name":"Gilet de s\u00e9curit\u00e9 enfant jaune"}]},{"@type":"WebSite","@id":"https:\/\/shop.bantam.ch\/fr\/#website","url":"https:\/\/shop.bantam.ch\/fr\/","name":"Bantam Wankm\u00fcller SA","description":"","publisher":{"@id":"https:\/\/shop.bantam.ch\/fr\/#organization"},"inLanguage":"fr-FR"},{"@type":"Organization","@id":"https:\/\/shop.bantam.ch\/fr\/#organization","name":"Bantam Wankm\u00fcller SA","url":"https:\/\/shop.bantam.ch\/fr\/","logo":{"@type":"ImageObject","inLanguage":"fr-FR","@id":"https:\/\/shop.bantam.ch\/fr\/#\/schema\/logo\/image\/","url":"https:\/\/shop.bantam.ch\/wp-content\/uploads\/2022\/12\/bantam-logo.png","contentUrl":"https:\/\/shop.bantam.ch\/wp-content\/uploads\/2022\/12\/bantam-logo.png","width":320,"height":71,"caption":"Bantam Wankm\u00fcller SA"},"image":{"@id":"https:\/\/shop.bantam.ch\/fr\/#\/schema\/logo\/image\/"}}]}},"_links":{"self":[{"href":"https:\/\/shop.bantam.ch\/fr\/wp-json\/wp\/v2\/product\/71691","targetHints":{"allow":["GET"]}}],"collection":[{"href":"https:\/\/shop.bantam.ch\/fr\/wp-json\/wp\/v2\/product"}],"about":[{"href":"https:\/\/shop.bantam.ch\/fr\/wp-json\/wp\/v2\/types\/product"}],"wp:featuredmedia":[{"embeddable":true,"href":"https:\/\/shop.bantam.ch\/fr\/wp-json\/wp\/v2\/media\/71687"}],"wp:attachment":[{"href":"https:\/\/shop.bantam.ch\/fr\/wp-json\/wp\/v2\/media?parent=71691"}],"wp:term":[{"taxonomy":"product_featured_cat","embeddable":true,"href":"https:\/\/shop.bantam.ch\/fr\/wp-json\/wp\/v2\/product_featured_cat?post=71691"},{"taxonomy":"product_brand","embeddable":true,"href":"https:\/\/shop.bantam.ch\/fr\/wp-json\/wp\/v2\/product_brand?post=71691"},{"taxonomy":"product_cat","embeddable":true,"href":"https:\/\/shop.bantam.ch\/fr\/wp-json\/wp\/v2\/product_cat?post=71691"},{"taxonomy":"product_tag","embeddable":true,"href":"https:\/\/shop.bantam.ch\/fr\/wp-json\/wp\/v2\/product_tag?post=71691"}],"curies":[{"name":"wp","href":"https:\/\/api.w.org\/{rel}","templated":true}]}}