{"id":71651,"date":"2023-02-27T23:22:31","date_gmt":"2023-02-27T22:22:31","guid":{"rendered":"http:\/\/shop.bantam.ch\/produit\/galerie-de-toit-signo-rtd\/"},"modified":"2026-04-17T22:11:02","modified_gmt":"2026-04-17T20:11:02","slug":"galerie-de-toit-signo-rtd","status":"publish","type":"product","link":"https:\/\/shop.bantam.ch\/fr\/produit\/galerie-de-toit-signo-rtd\/","title":{"rendered":"Galerie de toit Signo RTD"},"content":{"rendered":"<p>La nouvelle Signo RTD est le support \u00e0 rail le plus compact de sa cat\u00e9gorie.  Sa plage de r\u00e9glage universelle permet de l\u2019adapter \u00e0 pratiquement tous les rails appliqu\u00e9s directement. La cl\u00e9 dynamom\u00e9trique permet d\u2019obtenir la pression optimale. Le rail est prot\u00e9g\u00e9 par un support et des m\u00e2choires de serrage caoutchout\u00e9s.<\/p>\n<ul>\n<li>Pr\u00e9-mont\u00e9e et pr\u00eate \u00e0 monter sur le v\u00e9hicule <\/li>\n<li>Fixation parfaite sur le rail de toit avec cl\u00e9 dynamom\u00e9trique<\/li>\n<li>S\u00e9curit\u00e9 antivol avec un verrou <\/li>\n<li>M\u00e2choires de serrage caoutchout\u00e9es<\/li>\n<li>Adapt\u00e9e pour presque tous les rails \u00e0 position libre<\/li>\n<\/ul>\n","protected":false},"excerpt":{"rendered":"<p>La nouvelle Signo RTD est le support \u00e0 rail le plus compact de sa cat\u00e9gorie. Sa plage de r\u00e9glage universelle permet de l\u2019adapter \u00e0 pratiquement tous les rails appliqu\u00e9s directement. La cl\u00e9 dynamom\u00e9trique permet d\u2019obtenir la pression optimale. Le rail est prot\u00e9g\u00e9 par un support et des m\u00e2choires de serrage caoutchout\u00e9s. Pr\u00e9-mont\u00e9e et pr\u00eate \u00e0 [&hellip;]<\/p>\n","protected":false},"featured_media":71645,"template":"","meta":{"_acf_changed":false},"product_featured_cat":[],"product_brand":[3344],"product_cat":[4797],"product_tag":[],"class_list":{"0":"post-71651","1":"product","2":"type-product","3":"status-publish","4":"has-post-thumbnail","6":"product_brand-atera","7":"product_cat-rampes-de-toit-et-supports","9":"first","10":"instock","11":"taxable","12":"shipping-taxable","13":"purchasable","14":"product-type-variable"},"acf":[],"yoast_head":"<!-- This site is optimized with the Yoast SEO plugin v27.4 - https:\/\/yoast.com\/product\/yoast-seo-wordpress\/ -->\n<title>Galerie de toit Signo RTD - Bantam Wankm\u00fcller SA<\/title>\n<meta name=\"robots\" content=\"index, follow, max-snippet:-1, max-image-preview:large, max-video-preview:-1\" \/>\n<link rel=\"canonical\" href=\"https:\/\/shop.bantam.ch\/fr\/produit\/galerie-de-toit-signo-rtd\/\" \/>\n<meta property=\"og:locale\" content=\"fr_FR\" \/>\n<meta property=\"og:type\" content=\"article\" \/>\n<meta property=\"og:title\" content=\"Galerie de toit Signo RTD - Bantam Wankm\u00fcller SA\" \/>\n<meta property=\"og:description\" content=\"La nouvelle Signo RTD est le support \u00e0 rail le plus compact de sa cat\u00e9gorie. Sa plage de r\u00e9glage universelle permet de l\u2019adapter \u00e0 pratiquement tous les rails appliqu\u00e9s directement. La cl\u00e9 dynamom\u00e9trique permet d\u2019obtenir la pression optimale. Le rail est prot\u00e9g\u00e9 par un support et des m\u00e2choires de serrage caoutchout\u00e9s. Pr\u00e9-mont\u00e9e et pr\u00eate \u00e0 [&hellip;]\" \/>\n<meta property=\"og:url\" content=\"https:\/\/shop.bantam.ch\/fr\/produit\/galerie-de-toit-signo-rtd\/\" \/>\n<meta property=\"og:site_name\" content=\"Bantam Wankm\u00fcller SA\" \/>\n<meta property=\"article:modified_time\" content=\"2026-04-17T20:11:02+00:00\" \/>\n<meta property=\"og:image\" content=\"https:\/\/shop.bantam.ch\/wp-content\/uploads\/2023\/02\/994138811.jpg\" \/>\n\t<meta property=\"og:image:width\" content=\"1000\" \/>\n\t<meta property=\"og:image:height\" content=\"917\" \/>\n\t<meta property=\"og:image:type\" content=\"image\/jpeg\" \/>\n<meta name=\"twitter:card\" content=\"summary_large_image\" \/>\n<script type=\"application\/ld+json\" class=\"yoast-schema-graph\">{\"@context\":\"https:\\\/\\\/schema.org\",\"@graph\":[{\"@type\":\"WebPage\",\"@id\":\"https:\\\/\\\/shop.bantam.ch\\\/fr\\\/produit\\\/galerie-de-toit-signo-rtd\\\/\",\"url\":\"https:\\\/\\\/shop.bantam.ch\\\/fr\\\/produit\\\/galerie-de-toit-signo-rtd\\\/\",\"name\":\"Galerie de toit Signo RTD - Bantam Wankm\u00fcller SA\",\"isPartOf\":{\"@id\":\"https:\\\/\\\/shop.bantam.ch\\\/fr\\\/#website\"},\"primaryImageOfPage\":{\"@id\":\"https:\\\/\\\/shop.bantam.ch\\\/fr\\\/produit\\\/galerie-de-toit-signo-rtd\\\/#primaryimage\"},\"image\":{\"@id\":\"https:\\\/\\\/shop.bantam.ch\\\/fr\\\/produit\\\/galerie-de-toit-signo-rtd\\\/#primaryimage\"},\"thumbnailUrl\":\"https:\\\/\\\/shop.bantam.ch\\\/wp-content\\\/uploads\\\/2023\\\/02\\\/994138811.jpg\",\"datePublished\":\"2023-02-27T22:22:31+00:00\",\"dateModified\":\"2026-04-17T20:11:02+00:00\",\"breadcrumb\":{\"@id\":\"https:\\\/\\\/shop.bantam.ch\\\/fr\\\/produit\\\/galerie-de-toit-signo-rtd\\\/#breadcrumb\"},\"inLanguage\":\"fr-FR\",\"potentialAction\":[{\"@type\":\"ReadAction\",\"target\":[\"https:\\\/\\\/shop.bantam.ch\\\/fr\\\/produit\\\/galerie-de-toit-signo-rtd\\\/\"]}]},{\"@type\":\"ImageObject\",\"inLanguage\":\"fr-FR\",\"@id\":\"https:\\\/\\\/shop.bantam.ch\\\/fr\\\/produit\\\/galerie-de-toit-signo-rtd\\\/#primaryimage\",\"url\":\"https:\\\/\\\/shop.bantam.ch\\\/wp-content\\\/uploads\\\/2023\\\/02\\\/994138811.jpg\",\"contentUrl\":\"https:\\\/\\\/shop.bantam.ch\\\/wp-content\\\/uploads\\\/2023\\\/02\\\/994138811.jpg\",\"width\":1000,\"height\":917},{\"@type\":\"BreadcrumbList\",\"@id\":\"https:\\\/\\\/shop.bantam.ch\\\/fr\\\/produit\\\/galerie-de-toit-signo-rtd\\\/#breadcrumb\",\"itemListElement\":[{\"@type\":\"ListItem\",\"position\":1,\"name\":\"Accueil\",\"item\":\"https:\\\/\\\/shop.bantam.ch\\\/fr\\\/\"},{\"@type\":\"ListItem\",\"position\":2,\"name\":\"Boutique\",\"item\":\"https:\\\/\\\/shop.bantam.ch\\\/fr\\\/boutique\\\/\"},{\"@type\":\"ListItem\",\"position\":3,\"name\":\"Galerie de toit Signo RTD\"}]},{\"@type\":\"WebSite\",\"@id\":\"https:\\\/\\\/shop.bantam.ch\\\/fr\\\/#website\",\"url\":\"https:\\\/\\\/shop.bantam.ch\\\/fr\\\/\",\"name\":\"Bantam Wankm\u00fcller SA\",\"description\":\"\",\"publisher\":{\"@id\":\"https:\\\/\\\/shop.bantam.ch\\\/fr\\\/#organization\"},\"inLanguage\":\"fr-FR\"},{\"@type\":\"Organization\",\"@id\":\"https:\\\/\\\/shop.bantam.ch\\\/fr\\\/#organization\",\"name\":\"Bantam Wankm\u00fcller SA\",\"url\":\"https:\\\/\\\/shop.bantam.ch\\\/fr\\\/\",\"logo\":{\"@type\":\"ImageObject\",\"inLanguage\":\"fr-FR\",\"@id\":\"https:\\\/\\\/shop.bantam.ch\\\/fr\\\/#\\\/schema\\\/logo\\\/image\\\/\",\"url\":\"https:\\\/\\\/shop.bantam.ch\\\/wp-content\\\/uploads\\\/2022\\\/12\\\/bantam-logo.png\",\"contentUrl\":\"https:\\\/\\\/shop.bantam.ch\\\/wp-content\\\/uploads\\\/2022\\\/12\\\/bantam-logo.png\",\"width\":320,\"height\":71,\"caption\":\"Bantam Wankm\u00fcller SA\"},\"image\":{\"@id\":\"https:\\\/\\\/shop.bantam.ch\\\/fr\\\/#\\\/schema\\\/logo\\\/image\\\/\"}}]}<\/script>\n<!-- \/ Yoast SEO plugin. -->","yoast_head_json":{"title":"Galerie de toit Signo RTD - Bantam Wankm\u00fcller SA","robots":{"index":"index","follow":"follow","max-snippet":"max-snippet:-1","max-image-preview":"max-image-preview:large","max-video-preview":"max-video-preview:-1"},"canonical":"https:\/\/shop.bantam.ch\/fr\/produit\/galerie-de-toit-signo-rtd\/","og_locale":"fr_FR","og_type":"article","og_title":"Galerie de toit Signo RTD - Bantam Wankm\u00fcller SA","og_description":"La nouvelle Signo RTD est le support \u00e0 rail le plus compact de sa cat\u00e9gorie. Sa plage de r\u00e9glage universelle permet de l\u2019adapter \u00e0 pratiquement tous les rails appliqu\u00e9s directement. La cl\u00e9 dynamom\u00e9trique permet d\u2019obtenir la pression optimale. Le rail est prot\u00e9g\u00e9 par un support et des m\u00e2choires de serrage caoutchout\u00e9s. Pr\u00e9-mont\u00e9e et pr\u00eate \u00e0 [&hellip;]","og_url":"https:\/\/shop.bantam.ch\/fr\/produit\/galerie-de-toit-signo-rtd\/","og_site_name":"Bantam Wankm\u00fcller SA","article_modified_time":"2026-04-17T20:11:02+00:00","og_image":[{"width":1000,"height":917,"url":"https:\/\/shop.bantam.ch\/wp-content\/uploads\/2023\/02\/994138811.jpg","type":"image\/jpeg"}],"twitter_card":"summary_large_image","schema":{"@context":"https:\/\/schema.org","@graph":[{"@type":"WebPage","@id":"https:\/\/shop.bantam.ch\/fr\/produit\/galerie-de-toit-signo-rtd\/","url":"https:\/\/shop.bantam.ch\/fr\/produit\/galerie-de-toit-signo-rtd\/","name":"Galerie de toit Signo RTD - Bantam Wankm\u00fcller SA","isPartOf":{"@id":"https:\/\/shop.bantam.ch\/fr\/#website"},"primaryImageOfPage":{"@id":"https:\/\/shop.bantam.ch\/fr\/produit\/galerie-de-toit-signo-rtd\/#primaryimage"},"image":{"@id":"https:\/\/shop.bantam.ch\/fr\/produit\/galerie-de-toit-signo-rtd\/#primaryimage"},"thumbnailUrl":"https:\/\/shop.bantam.ch\/wp-content\/uploads\/2023\/02\/994138811.jpg","datePublished":"2023-02-27T22:22:31+00:00","dateModified":"2026-04-17T20:11:02+00:00","breadcrumb":{"@id":"https:\/\/shop.bantam.ch\/fr\/produit\/galerie-de-toit-signo-rtd\/#breadcrumb"},"inLanguage":"fr-FR","potentialAction":[{"@type":"ReadAction","target":["https:\/\/shop.bantam.ch\/fr\/produit\/galerie-de-toit-signo-rtd\/"]}]},{"@type":"ImageObject","inLanguage":"fr-FR","@id":"https:\/\/shop.bantam.ch\/fr\/produit\/galerie-de-toit-signo-rtd\/#primaryimage","url":"https:\/\/shop.bantam.ch\/wp-content\/uploads\/2023\/02\/994138811.jpg","contentUrl":"https:\/\/shop.bantam.ch\/wp-content\/uploads\/2023\/02\/994138811.jpg","width":1000,"height":917},{"@type":"BreadcrumbList","@id":"https:\/\/shop.bantam.ch\/fr\/produit\/galerie-de-toit-signo-rtd\/#breadcrumb","itemListElement":[{"@type":"ListItem","position":1,"name":"Accueil","item":"https:\/\/shop.bantam.ch\/fr\/"},{"@type":"ListItem","position":2,"name":"Boutique","item":"https:\/\/shop.bantam.ch\/fr\/boutique\/"},{"@type":"ListItem","position":3,"name":"Galerie de toit Signo RTD"}]},{"@type":"WebSite","@id":"https:\/\/shop.bantam.ch\/fr\/#website","url":"https:\/\/shop.bantam.ch\/fr\/","name":"Bantam Wankm\u00fcller SA","description":"","publisher":{"@id":"https:\/\/shop.bantam.ch\/fr\/#organization"},"inLanguage":"fr-FR"},{"@type":"Organization","@id":"https:\/\/shop.bantam.ch\/fr\/#organization","name":"Bantam Wankm\u00fcller SA","url":"https:\/\/shop.bantam.ch\/fr\/","logo":{"@type":"ImageObject","inLanguage":"fr-FR","@id":"https:\/\/shop.bantam.ch\/fr\/#\/schema\/logo\/image\/","url":"https:\/\/shop.bantam.ch\/wp-content\/uploads\/2022\/12\/bantam-logo.png","contentUrl":"https:\/\/shop.bantam.ch\/wp-content\/uploads\/2022\/12\/bantam-logo.png","width":320,"height":71,"caption":"Bantam Wankm\u00fcller SA"},"image":{"@id":"https:\/\/shop.bantam.ch\/fr\/#\/schema\/logo\/image\/"}}]}},"_links":{"self":[{"href":"https:\/\/shop.bantam.ch\/fr\/wp-json\/wp\/v2\/product\/71651","targetHints":{"allow":["GET"]}}],"collection":[{"href":"https:\/\/shop.bantam.ch\/fr\/wp-json\/wp\/v2\/product"}],"about":[{"href":"https:\/\/shop.bantam.ch\/fr\/wp-json\/wp\/v2\/types\/product"}],"wp:featuredmedia":[{"embeddable":true,"href":"https:\/\/shop.bantam.ch\/fr\/wp-json\/wp\/v2\/media\/71645"}],"wp:attachment":[{"href":"https:\/\/shop.bantam.ch\/fr\/wp-json\/wp\/v2\/media?parent=71651"}],"wp:term":[{"taxonomy":"product_featured_cat","embeddable":true,"href":"https:\/\/shop.bantam.ch\/fr\/wp-json\/wp\/v2\/product_featured_cat?post=71651"},{"taxonomy":"product_brand","embeddable":true,"href":"https:\/\/shop.bantam.ch\/fr\/wp-json\/wp\/v2\/product_brand?post=71651"},{"taxonomy":"product_cat","embeddable":true,"href":"https:\/\/shop.bantam.ch\/fr\/wp-json\/wp\/v2\/product_cat?post=71651"},{"taxonomy":"product_tag","embeddable":true,"href":"https:\/\/shop.bantam.ch\/fr\/wp-json\/wp\/v2\/product_tag?post=71651"}],"curies":[{"name":"wp","href":"https:\/\/api.w.org\/{rel}","templated":true}]}}