{"id":71415,"date":"2023-02-27T23:18:24","date_gmt":"2023-02-27T22:18:24","guid":{"rendered":"http:\/\/shop.bantam.ch\/produit\/jantes-en-metal-leger-60-x-16-pouces-fiat-ducato-light\/"},"modified":"2026-04-17T22:10:36","modified_gmt":"2026-04-17T20:10:36","slug":"jantes-en-metal-leger-60-x-16-pouces-fiat-ducato-light","status":"publish","type":"product","link":"https:\/\/shop.bantam.ch\/fr\/produit\/jantes-en-metal-leger-60-x-16-pouces-fiat-ducato-light\/","title":{"rendered":"Jantes en m\u00e9tal l\u00e9ger 6,0 x 16 pouces, Fiat Ducato Light"},"content":{"rendered":"<p>Les roues en alliage l\u00e9ger de Borbet avec un plus grand volume de charge \u00e9galement pour votre v\u00e9hicule utilitaire conf\u00e8rent au v\u00e9hicule un style sp\u00e9cifique et garantissent une fiabilit\u00e9 \u00e0 toute \u00e9preuve.<\/p>\n<p>Livraison avec expertise CEE, vis de roue et anneau de centrage si le mod\u00e8le l\u2019exige.<\/p>\n<p>\u00a0Contenu de la livraison :<br \/>Sans boulons de roue<\/p>\n<p>Les jantes sont class\u00e9es en fonction du type de v\u00e9hicule et poss\u00e8dent \u00e9galement les certificats correspondants pour leur utilisation. Selon le mod\u00e8le et le niveau d\u2019\u00e9quipement du v\u00e9hicule, il est possible que le num\u00e9ro d\u2019homologation E indiqu\u00e9 dans l\u2019expertise diff\u00e8re et que des homologations individuelles par le T\u00dcV, DEKRA ou autres organismes soient requises pour utiliser les jantes.<\/p>\n<p>\u00a0<\/p>\n","protected":false},"excerpt":{"rendered":"<p>Les roues en alliage l\u00e9ger de Borbet avec un plus grand volume de charge \u00e9galement pour votre v\u00e9hicule utilitaire conf\u00e8rent au v\u00e9hicule un style sp\u00e9cifique et garantissent une fiabilit\u00e9 \u00e0 toute \u00e9preuve. Livraison avec expertise CEE, vis de roue et anneau de centrage si le mod\u00e8le l\u2019exige. \u00a0Contenu de la livraison :Sans boulons de roue [&hellip;]<\/p>\n","protected":false},"featured_media":71411,"template":"","meta":{"_acf_changed":false},"product_featured_cat":[],"product_brand":[3454],"product_cat":[4809],"product_tag":[],"class_list":{"0":"post-71415","1":"product","2":"type-product","3":"status-publish","4":"has-post-thumbnail","6":"product_brand-borbet","7":"product_cat-roues-et-jantes","9":"first","10":"instock","11":"taxable","12":"shipping-taxable","13":"purchasable","14":"product-type-variable"},"acf":[],"yoast_head":"<!-- This site is optimized with the Yoast SEO plugin v27.4 - https:\/\/yoast.com\/product\/yoast-seo-wordpress\/ -->\n<title>Jantes en m\u00e9tal l\u00e9ger 6,0 x 16 pouces, Fiat Ducato Light - Bantam Wankm\u00fcller SA<\/title>\n<meta name=\"robots\" content=\"index, follow, max-snippet:-1, max-image-preview:large, max-video-preview:-1\" \/>\n<link rel=\"canonical\" href=\"https:\/\/shop.bantam.ch\/fr\/produit\/jantes-en-metal-leger-60-x-16-pouces-fiat-ducato-light\/\" \/>\n<meta property=\"og:locale\" content=\"fr_FR\" \/>\n<meta property=\"og:type\" content=\"article\" \/>\n<meta property=\"og:title\" content=\"Jantes en m\u00e9tal l\u00e9ger 6,0 x 16 pouces, Fiat Ducato Light - Bantam Wankm\u00fcller SA\" \/>\n<meta property=\"og:description\" content=\"Les roues en alliage l\u00e9ger de Borbet avec un plus grand volume de charge \u00e9galement pour votre v\u00e9hicule utilitaire conf\u00e8rent au v\u00e9hicule un style sp\u00e9cifique et garantissent une fiabilit\u00e9 \u00e0 toute \u00e9preuve. Livraison avec expertise CEE, vis de roue et anneau de centrage si le mod\u00e8le l\u2019exige. \u00a0Contenu de la livraison :Sans boulons de roue [&hellip;]\" \/>\n<meta property=\"og:url\" content=\"https:\/\/shop.bantam.ch\/fr\/produit\/jantes-en-metal-leger-60-x-16-pouces-fiat-ducato-light\/\" \/>\n<meta property=\"og:site_name\" content=\"Bantam Wankm\u00fcller SA\" \/>\n<meta property=\"article:modified_time\" content=\"2026-04-17T20:10:36+00:00\" \/>\n<meta property=\"og:image\" content=\"https:\/\/shop.bantam.ch\/wp-content\/uploads\/2023\/02\/994136611.jpg\" \/>\n\t<meta property=\"og:image:width\" content=\"1000\" \/>\n\t<meta property=\"og:image:height\" content=\"1000\" \/>\n\t<meta property=\"og:image:type\" content=\"image\/jpeg\" \/>\n<meta name=\"twitter:card\" content=\"summary_large_image\" \/>\n<meta name=\"twitter:label1\" content=\"Dur\u00e9e de lecture estim\u00e9e\" \/>\n\t<meta name=\"twitter:data1\" content=\"1 minute\" \/>\n<script type=\"application\/ld+json\" class=\"yoast-schema-graph\">{\"@context\":\"https:\\\/\\\/schema.org\",\"@graph\":[{\"@type\":\"WebPage\",\"@id\":\"https:\\\/\\\/shop.bantam.ch\\\/fr\\\/produit\\\/jantes-en-metal-leger-60-x-16-pouces-fiat-ducato-light\\\/\",\"url\":\"https:\\\/\\\/shop.bantam.ch\\\/fr\\\/produit\\\/jantes-en-metal-leger-60-x-16-pouces-fiat-ducato-light\\\/\",\"name\":\"Jantes en m\u00e9tal l\u00e9ger 6,0 x 16 pouces, Fiat Ducato Light - Bantam Wankm\u00fcller SA\",\"isPartOf\":{\"@id\":\"https:\\\/\\\/shop.bantam.ch\\\/fr\\\/#website\"},\"primaryImageOfPage\":{\"@id\":\"https:\\\/\\\/shop.bantam.ch\\\/fr\\\/produit\\\/jantes-en-metal-leger-60-x-16-pouces-fiat-ducato-light\\\/#primaryimage\"},\"image\":{\"@id\":\"https:\\\/\\\/shop.bantam.ch\\\/fr\\\/produit\\\/jantes-en-metal-leger-60-x-16-pouces-fiat-ducato-light\\\/#primaryimage\"},\"thumbnailUrl\":\"https:\\\/\\\/shop.bantam.ch\\\/wp-content\\\/uploads\\\/2023\\\/02\\\/994136611.jpg\",\"datePublished\":\"2023-02-27T22:18:24+00:00\",\"dateModified\":\"2026-04-17T20:10:36+00:00\",\"breadcrumb\":{\"@id\":\"https:\\\/\\\/shop.bantam.ch\\\/fr\\\/produit\\\/jantes-en-metal-leger-60-x-16-pouces-fiat-ducato-light\\\/#breadcrumb\"},\"inLanguage\":\"fr-FR\",\"potentialAction\":[{\"@type\":\"ReadAction\",\"target\":[\"https:\\\/\\\/shop.bantam.ch\\\/fr\\\/produit\\\/jantes-en-metal-leger-60-x-16-pouces-fiat-ducato-light\\\/\"]}]},{\"@type\":\"ImageObject\",\"inLanguage\":\"fr-FR\",\"@id\":\"https:\\\/\\\/shop.bantam.ch\\\/fr\\\/produit\\\/jantes-en-metal-leger-60-x-16-pouces-fiat-ducato-light\\\/#primaryimage\",\"url\":\"https:\\\/\\\/shop.bantam.ch\\\/wp-content\\\/uploads\\\/2023\\\/02\\\/994136611.jpg\",\"contentUrl\":\"https:\\\/\\\/shop.bantam.ch\\\/wp-content\\\/uploads\\\/2023\\\/02\\\/994136611.jpg\",\"width\":1000,\"height\":1000},{\"@type\":\"BreadcrumbList\",\"@id\":\"https:\\\/\\\/shop.bantam.ch\\\/fr\\\/produit\\\/jantes-en-metal-leger-60-x-16-pouces-fiat-ducato-light\\\/#breadcrumb\",\"itemListElement\":[{\"@type\":\"ListItem\",\"position\":1,\"name\":\"Accueil\",\"item\":\"https:\\\/\\\/shop.bantam.ch\\\/fr\\\/\"},{\"@type\":\"ListItem\",\"position\":2,\"name\":\"Boutique\",\"item\":\"https:\\\/\\\/shop.bantam.ch\\\/fr\\\/boutique\\\/\"},{\"@type\":\"ListItem\",\"position\":3,\"name\":\"Jantes en m\u00e9tal l\u00e9ger 6,0 x 16 pouces, Fiat Ducato Light\"}]},{\"@type\":\"WebSite\",\"@id\":\"https:\\\/\\\/shop.bantam.ch\\\/fr\\\/#website\",\"url\":\"https:\\\/\\\/shop.bantam.ch\\\/fr\\\/\",\"name\":\"Bantam Wankm\u00fcller SA\",\"description\":\"\",\"publisher\":{\"@id\":\"https:\\\/\\\/shop.bantam.ch\\\/fr\\\/#organization\"},\"inLanguage\":\"fr-FR\"},{\"@type\":\"Organization\",\"@id\":\"https:\\\/\\\/shop.bantam.ch\\\/fr\\\/#organization\",\"name\":\"Bantam Wankm\u00fcller SA\",\"url\":\"https:\\\/\\\/shop.bantam.ch\\\/fr\\\/\",\"logo\":{\"@type\":\"ImageObject\",\"inLanguage\":\"fr-FR\",\"@id\":\"https:\\\/\\\/shop.bantam.ch\\\/fr\\\/#\\\/schema\\\/logo\\\/image\\\/\",\"url\":\"https:\\\/\\\/shop.bantam.ch\\\/wp-content\\\/uploads\\\/2022\\\/12\\\/bantam-logo.png\",\"contentUrl\":\"https:\\\/\\\/shop.bantam.ch\\\/wp-content\\\/uploads\\\/2022\\\/12\\\/bantam-logo.png\",\"width\":320,\"height\":71,\"caption\":\"Bantam Wankm\u00fcller SA\"},\"image\":{\"@id\":\"https:\\\/\\\/shop.bantam.ch\\\/fr\\\/#\\\/schema\\\/logo\\\/image\\\/\"}}]}<\/script>\n<!-- \/ Yoast SEO plugin. -->","yoast_head_json":{"title":"Jantes en m\u00e9tal l\u00e9ger 6,0 x 16 pouces, Fiat Ducato Light - Bantam Wankm\u00fcller SA","robots":{"index":"index","follow":"follow","max-snippet":"max-snippet:-1","max-image-preview":"max-image-preview:large","max-video-preview":"max-video-preview:-1"},"canonical":"https:\/\/shop.bantam.ch\/fr\/produit\/jantes-en-metal-leger-60-x-16-pouces-fiat-ducato-light\/","og_locale":"fr_FR","og_type":"article","og_title":"Jantes en m\u00e9tal l\u00e9ger 6,0 x 16 pouces, Fiat Ducato Light - Bantam Wankm\u00fcller SA","og_description":"Les roues en alliage l\u00e9ger de Borbet avec un plus grand volume de charge \u00e9galement pour votre v\u00e9hicule utilitaire conf\u00e8rent au v\u00e9hicule un style sp\u00e9cifique et garantissent une fiabilit\u00e9 \u00e0 toute \u00e9preuve. Livraison avec expertise CEE, vis de roue et anneau de centrage si le mod\u00e8le l\u2019exige. \u00a0Contenu de la livraison :Sans boulons de roue [&hellip;]","og_url":"https:\/\/shop.bantam.ch\/fr\/produit\/jantes-en-metal-leger-60-x-16-pouces-fiat-ducato-light\/","og_site_name":"Bantam Wankm\u00fcller SA","article_modified_time":"2026-04-17T20:10:36+00:00","og_image":[{"width":1000,"height":1000,"url":"https:\/\/shop.bantam.ch\/wp-content\/uploads\/2023\/02\/994136611.jpg","type":"image\/jpeg"}],"twitter_card":"summary_large_image","twitter_misc":{"Dur\u00e9e de lecture estim\u00e9e":"1 minute"},"schema":{"@context":"https:\/\/schema.org","@graph":[{"@type":"WebPage","@id":"https:\/\/shop.bantam.ch\/fr\/produit\/jantes-en-metal-leger-60-x-16-pouces-fiat-ducato-light\/","url":"https:\/\/shop.bantam.ch\/fr\/produit\/jantes-en-metal-leger-60-x-16-pouces-fiat-ducato-light\/","name":"Jantes en m\u00e9tal l\u00e9ger 6,0 x 16 pouces, Fiat Ducato Light - Bantam Wankm\u00fcller SA","isPartOf":{"@id":"https:\/\/shop.bantam.ch\/fr\/#website"},"primaryImageOfPage":{"@id":"https:\/\/shop.bantam.ch\/fr\/produit\/jantes-en-metal-leger-60-x-16-pouces-fiat-ducato-light\/#primaryimage"},"image":{"@id":"https:\/\/shop.bantam.ch\/fr\/produit\/jantes-en-metal-leger-60-x-16-pouces-fiat-ducato-light\/#primaryimage"},"thumbnailUrl":"https:\/\/shop.bantam.ch\/wp-content\/uploads\/2023\/02\/994136611.jpg","datePublished":"2023-02-27T22:18:24+00:00","dateModified":"2026-04-17T20:10:36+00:00","breadcrumb":{"@id":"https:\/\/shop.bantam.ch\/fr\/produit\/jantes-en-metal-leger-60-x-16-pouces-fiat-ducato-light\/#breadcrumb"},"inLanguage":"fr-FR","potentialAction":[{"@type":"ReadAction","target":["https:\/\/shop.bantam.ch\/fr\/produit\/jantes-en-metal-leger-60-x-16-pouces-fiat-ducato-light\/"]}]},{"@type":"ImageObject","inLanguage":"fr-FR","@id":"https:\/\/shop.bantam.ch\/fr\/produit\/jantes-en-metal-leger-60-x-16-pouces-fiat-ducato-light\/#primaryimage","url":"https:\/\/shop.bantam.ch\/wp-content\/uploads\/2023\/02\/994136611.jpg","contentUrl":"https:\/\/shop.bantam.ch\/wp-content\/uploads\/2023\/02\/994136611.jpg","width":1000,"height":1000},{"@type":"BreadcrumbList","@id":"https:\/\/shop.bantam.ch\/fr\/produit\/jantes-en-metal-leger-60-x-16-pouces-fiat-ducato-light\/#breadcrumb","itemListElement":[{"@type":"ListItem","position":1,"name":"Accueil","item":"https:\/\/shop.bantam.ch\/fr\/"},{"@type":"ListItem","position":2,"name":"Boutique","item":"https:\/\/shop.bantam.ch\/fr\/boutique\/"},{"@type":"ListItem","position":3,"name":"Jantes en m\u00e9tal l\u00e9ger 6,0 x 16 pouces, Fiat Ducato Light"}]},{"@type":"WebSite","@id":"https:\/\/shop.bantam.ch\/fr\/#website","url":"https:\/\/shop.bantam.ch\/fr\/","name":"Bantam Wankm\u00fcller SA","description":"","publisher":{"@id":"https:\/\/shop.bantam.ch\/fr\/#organization"},"inLanguage":"fr-FR"},{"@type":"Organization","@id":"https:\/\/shop.bantam.ch\/fr\/#organization","name":"Bantam Wankm\u00fcller SA","url":"https:\/\/shop.bantam.ch\/fr\/","logo":{"@type":"ImageObject","inLanguage":"fr-FR","@id":"https:\/\/shop.bantam.ch\/fr\/#\/schema\/logo\/image\/","url":"https:\/\/shop.bantam.ch\/wp-content\/uploads\/2022\/12\/bantam-logo.png","contentUrl":"https:\/\/shop.bantam.ch\/wp-content\/uploads\/2022\/12\/bantam-logo.png","width":320,"height":71,"caption":"Bantam Wankm\u00fcller SA"},"image":{"@id":"https:\/\/shop.bantam.ch\/fr\/#\/schema\/logo\/image\/"}}]}},"_links":{"self":[{"href":"https:\/\/shop.bantam.ch\/fr\/wp-json\/wp\/v2\/product\/71415","targetHints":{"allow":["GET"]}}],"collection":[{"href":"https:\/\/shop.bantam.ch\/fr\/wp-json\/wp\/v2\/product"}],"about":[{"href":"https:\/\/shop.bantam.ch\/fr\/wp-json\/wp\/v2\/types\/product"}],"wp:featuredmedia":[{"embeddable":true,"href":"https:\/\/shop.bantam.ch\/fr\/wp-json\/wp\/v2\/media\/71411"}],"wp:attachment":[{"href":"https:\/\/shop.bantam.ch\/fr\/wp-json\/wp\/v2\/media?parent=71415"}],"wp:term":[{"taxonomy":"product_featured_cat","embeddable":true,"href":"https:\/\/shop.bantam.ch\/fr\/wp-json\/wp\/v2\/product_featured_cat?post=71415"},{"taxonomy":"product_brand","embeddable":true,"href":"https:\/\/shop.bantam.ch\/fr\/wp-json\/wp\/v2\/product_brand?post=71415"},{"taxonomy":"product_cat","embeddable":true,"href":"https:\/\/shop.bantam.ch\/fr\/wp-json\/wp\/v2\/product_cat?post=71415"},{"taxonomy":"product_tag","embeddable":true,"href":"https:\/\/shop.bantam.ch\/fr\/wp-json\/wp\/v2\/product_tag?post=71415"}],"curies":[{"name":"wp","href":"https:\/\/api.w.org\/{rel}","templated":true}]}}