{"id":71409,"date":"2023-02-27T23:18:18","date_gmt":"2023-02-27T22:18:18","guid":{"rendered":"http:\/\/shop.bantam.ch\/produit\/plaque-daide-a-la-traction-giant-lattice\/"},"modified":"2026-04-20T21:15:27","modified_gmt":"2026-04-20T19:15:27","slug":"plaque-daide-a-la-traction-giant-lattice","status":"publish","type":"product","link":"https:\/\/shop.bantam.ch\/fr\/produit\/plaque-daide-a-la-traction-giant-lattice\/","title":{"rendered":"Plaque de d\u00e9senlisement Milenc Giant Lattice 2 pi\u00e8ces"},"content":{"rendered":"<p>La nouvelle plaque Grip mat offre une excellente adh\u00e9rence, en particulier sur sol mouill\u00e9. La conception de la grille permet de combiner facilement les plaques individuelles pour obtenir une plus grande surface et une meilleure tenue.<\/p>\n<p>Contenu\u00a0:<br \/>2\u00a0pi\u00e8ces<\/p>\n","protected":false},"excerpt":{"rendered":"<p>La nouvelle plaque Grip mat offre une excellente adh\u00e9rence, en particulier sur sol mouill\u00e9. La conception de la grille permet de combiner facilement les plaques individuelles pour obtenir une plus grande surface et une meilleure tenue. Contenu\u00a0:2\u00a0pi\u00e8ces<\/p>\n","protected":false},"featured_media":71403,"template":"","meta":{"_acf_changed":false},"product_featured_cat":[5279,5298],"product_brand":[3142],"product_cat":[4769],"product_tag":[],"class_list":{"0":"post-71409","1":"product","2":"type-product","3":"status-publish","4":"has-post-thumbnail","6":"product_featured_cat-selection-hivernale-etagnieres","7":"product_featured_cat-selection-hivernale-hindelbank-fr","8":"product_brand-milenco","9":"product_cat-cales-dacces","11":"first","12":"instock","13":"taxable","14":"shipping-taxable","15":"purchasable","16":"product-type-simple"},"acf":[],"yoast_head":"<!-- This site is optimized with the Yoast SEO plugin v27.4 - https:\/\/yoast.com\/product\/yoast-seo-wordpress\/ -->\n<title>Plaque de d\u00e9senlisement Milenc Giant Lattice 2 pi\u00e8ces - Bantam Wankm\u00fcller SA<\/title>\n<meta name=\"robots\" content=\"index, follow, max-snippet:-1, max-image-preview:large, max-video-preview:-1\" \/>\n<link rel=\"canonical\" href=\"https:\/\/shop.bantam.ch\/fr\/produit\/plaque-daide-a-la-traction-giant-lattice\/\" \/>\n<meta property=\"og:locale\" content=\"fr_FR\" \/>\n<meta property=\"og:type\" content=\"article\" \/>\n<meta property=\"og:title\" content=\"Plaque de d\u00e9senlisement Milenc Giant Lattice 2 pi\u00e8ces - Bantam Wankm\u00fcller SA\" \/>\n<meta property=\"og:description\" content=\"La nouvelle plaque Grip mat offre une excellente adh\u00e9rence, en particulier sur sol mouill\u00e9. La conception de la grille permet de combiner facilement les plaques individuelles pour obtenir une plus grande surface et une meilleure tenue. Contenu\u00a0:2\u00a0pi\u00e8ces\" \/>\n<meta property=\"og:url\" content=\"https:\/\/shop.bantam.ch\/fr\/produit\/plaque-daide-a-la-traction-giant-lattice\/\" \/>\n<meta property=\"og:site_name\" content=\"Bantam Wankm\u00fcller SA\" \/>\n<meta property=\"article:modified_time\" content=\"2026-04-20T19:15:27+00:00\" \/>\n<meta property=\"og:image\" content=\"https:\/\/shop.bantam.ch\/wp-content\/uploads\/2023\/02\/994136311.jpg\" \/>\n\t<meta property=\"og:image:width\" content=\"1000\" \/>\n\t<meta property=\"og:image:height\" content=\"751\" \/>\n\t<meta property=\"og:image:type\" content=\"image\/jpeg\" \/>\n<meta name=\"twitter:card\" content=\"summary_large_image\" \/>\n<script type=\"application\/ld+json\" class=\"yoast-schema-graph\">{\"@context\":\"https:\\\/\\\/schema.org\",\"@graph\":[{\"@type\":\"WebPage\",\"@id\":\"https:\\\/\\\/shop.bantam.ch\\\/fr\\\/produit\\\/plaque-daide-a-la-traction-giant-lattice\\\/\",\"url\":\"https:\\\/\\\/shop.bantam.ch\\\/fr\\\/produit\\\/plaque-daide-a-la-traction-giant-lattice\\\/\",\"name\":\"Plaque de d\u00e9senlisement Milenc Giant Lattice 2 pi\u00e8ces - Bantam Wankm\u00fcller SA\",\"isPartOf\":{\"@id\":\"https:\\\/\\\/shop.bantam.ch\\\/fr\\\/#website\"},\"primaryImageOfPage\":{\"@id\":\"https:\\\/\\\/shop.bantam.ch\\\/fr\\\/produit\\\/plaque-daide-a-la-traction-giant-lattice\\\/#primaryimage\"},\"image\":{\"@id\":\"https:\\\/\\\/shop.bantam.ch\\\/fr\\\/produit\\\/plaque-daide-a-la-traction-giant-lattice\\\/#primaryimage\"},\"thumbnailUrl\":\"https:\\\/\\\/shop.bantam.ch\\\/wp-content\\\/uploads\\\/2023\\\/02\\\/994136311.jpg\",\"datePublished\":\"2023-02-27T22:18:18+00:00\",\"dateModified\":\"2026-04-20T19:15:27+00:00\",\"breadcrumb\":{\"@id\":\"https:\\\/\\\/shop.bantam.ch\\\/fr\\\/produit\\\/plaque-daide-a-la-traction-giant-lattice\\\/#breadcrumb\"},\"inLanguage\":\"fr-FR\",\"potentialAction\":[{\"@type\":\"ReadAction\",\"target\":[\"https:\\\/\\\/shop.bantam.ch\\\/fr\\\/produit\\\/plaque-daide-a-la-traction-giant-lattice\\\/\"]}]},{\"@type\":\"ImageObject\",\"inLanguage\":\"fr-FR\",\"@id\":\"https:\\\/\\\/shop.bantam.ch\\\/fr\\\/produit\\\/plaque-daide-a-la-traction-giant-lattice\\\/#primaryimage\",\"url\":\"https:\\\/\\\/shop.bantam.ch\\\/wp-content\\\/uploads\\\/2023\\\/02\\\/994136311.jpg\",\"contentUrl\":\"https:\\\/\\\/shop.bantam.ch\\\/wp-content\\\/uploads\\\/2023\\\/02\\\/994136311.jpg\",\"width\":1000,\"height\":751},{\"@type\":\"BreadcrumbList\",\"@id\":\"https:\\\/\\\/shop.bantam.ch\\\/fr\\\/produit\\\/plaque-daide-a-la-traction-giant-lattice\\\/#breadcrumb\",\"itemListElement\":[{\"@type\":\"ListItem\",\"position\":1,\"name\":\"Accueil\",\"item\":\"https:\\\/\\\/shop.bantam.ch\\\/fr\\\/\"},{\"@type\":\"ListItem\",\"position\":2,\"name\":\"Boutique\",\"item\":\"https:\\\/\\\/shop.bantam.ch\\\/fr\\\/boutique\\\/\"},{\"@type\":\"ListItem\",\"position\":3,\"name\":\"Plaque de d\u00e9senlisement Milenc Giant Lattice 2 pi\u00e8ces\"}]},{\"@type\":\"WebSite\",\"@id\":\"https:\\\/\\\/shop.bantam.ch\\\/fr\\\/#website\",\"url\":\"https:\\\/\\\/shop.bantam.ch\\\/fr\\\/\",\"name\":\"Bantam Wankm\u00fcller SA\",\"description\":\"\",\"publisher\":{\"@id\":\"https:\\\/\\\/shop.bantam.ch\\\/fr\\\/#organization\"},\"inLanguage\":\"fr-FR\"},{\"@type\":\"Organization\",\"@id\":\"https:\\\/\\\/shop.bantam.ch\\\/fr\\\/#organization\",\"name\":\"Bantam Wankm\u00fcller SA\",\"url\":\"https:\\\/\\\/shop.bantam.ch\\\/fr\\\/\",\"logo\":{\"@type\":\"ImageObject\",\"inLanguage\":\"fr-FR\",\"@id\":\"https:\\\/\\\/shop.bantam.ch\\\/fr\\\/#\\\/schema\\\/logo\\\/image\\\/\",\"url\":\"https:\\\/\\\/shop.bantam.ch\\\/wp-content\\\/uploads\\\/2022\\\/12\\\/bantam-logo.png\",\"contentUrl\":\"https:\\\/\\\/shop.bantam.ch\\\/wp-content\\\/uploads\\\/2022\\\/12\\\/bantam-logo.png\",\"width\":320,\"height\":71,\"caption\":\"Bantam Wankm\u00fcller SA\"},\"image\":{\"@id\":\"https:\\\/\\\/shop.bantam.ch\\\/fr\\\/#\\\/schema\\\/logo\\\/image\\\/\"}}]}<\/script>\n<!-- \/ Yoast SEO plugin. -->","yoast_head_json":{"title":"Plaque de d\u00e9senlisement Milenc Giant Lattice 2 pi\u00e8ces - Bantam Wankm\u00fcller SA","robots":{"index":"index","follow":"follow","max-snippet":"max-snippet:-1","max-image-preview":"max-image-preview:large","max-video-preview":"max-video-preview:-1"},"canonical":"https:\/\/shop.bantam.ch\/fr\/produit\/plaque-daide-a-la-traction-giant-lattice\/","og_locale":"fr_FR","og_type":"article","og_title":"Plaque de d\u00e9senlisement Milenc Giant Lattice 2 pi\u00e8ces - Bantam Wankm\u00fcller SA","og_description":"La nouvelle plaque Grip mat offre une excellente adh\u00e9rence, en particulier sur sol mouill\u00e9. La conception de la grille permet de combiner facilement les plaques individuelles pour obtenir une plus grande surface et une meilleure tenue. Contenu\u00a0:2\u00a0pi\u00e8ces","og_url":"https:\/\/shop.bantam.ch\/fr\/produit\/plaque-daide-a-la-traction-giant-lattice\/","og_site_name":"Bantam Wankm\u00fcller SA","article_modified_time":"2026-04-20T19:15:27+00:00","og_image":[{"width":1000,"height":751,"url":"https:\/\/shop.bantam.ch\/wp-content\/uploads\/2023\/02\/994136311.jpg","type":"image\/jpeg"}],"twitter_card":"summary_large_image","schema":{"@context":"https:\/\/schema.org","@graph":[{"@type":"WebPage","@id":"https:\/\/shop.bantam.ch\/fr\/produit\/plaque-daide-a-la-traction-giant-lattice\/","url":"https:\/\/shop.bantam.ch\/fr\/produit\/plaque-daide-a-la-traction-giant-lattice\/","name":"Plaque de d\u00e9senlisement Milenc Giant Lattice 2 pi\u00e8ces - Bantam Wankm\u00fcller SA","isPartOf":{"@id":"https:\/\/shop.bantam.ch\/fr\/#website"},"primaryImageOfPage":{"@id":"https:\/\/shop.bantam.ch\/fr\/produit\/plaque-daide-a-la-traction-giant-lattice\/#primaryimage"},"image":{"@id":"https:\/\/shop.bantam.ch\/fr\/produit\/plaque-daide-a-la-traction-giant-lattice\/#primaryimage"},"thumbnailUrl":"https:\/\/shop.bantam.ch\/wp-content\/uploads\/2023\/02\/994136311.jpg","datePublished":"2023-02-27T22:18:18+00:00","dateModified":"2026-04-20T19:15:27+00:00","breadcrumb":{"@id":"https:\/\/shop.bantam.ch\/fr\/produit\/plaque-daide-a-la-traction-giant-lattice\/#breadcrumb"},"inLanguage":"fr-FR","potentialAction":[{"@type":"ReadAction","target":["https:\/\/shop.bantam.ch\/fr\/produit\/plaque-daide-a-la-traction-giant-lattice\/"]}]},{"@type":"ImageObject","inLanguage":"fr-FR","@id":"https:\/\/shop.bantam.ch\/fr\/produit\/plaque-daide-a-la-traction-giant-lattice\/#primaryimage","url":"https:\/\/shop.bantam.ch\/wp-content\/uploads\/2023\/02\/994136311.jpg","contentUrl":"https:\/\/shop.bantam.ch\/wp-content\/uploads\/2023\/02\/994136311.jpg","width":1000,"height":751},{"@type":"BreadcrumbList","@id":"https:\/\/shop.bantam.ch\/fr\/produit\/plaque-daide-a-la-traction-giant-lattice\/#breadcrumb","itemListElement":[{"@type":"ListItem","position":1,"name":"Accueil","item":"https:\/\/shop.bantam.ch\/fr\/"},{"@type":"ListItem","position":2,"name":"Boutique","item":"https:\/\/shop.bantam.ch\/fr\/boutique\/"},{"@type":"ListItem","position":3,"name":"Plaque de d\u00e9senlisement Milenc Giant Lattice 2 pi\u00e8ces"}]},{"@type":"WebSite","@id":"https:\/\/shop.bantam.ch\/fr\/#website","url":"https:\/\/shop.bantam.ch\/fr\/","name":"Bantam Wankm\u00fcller SA","description":"","publisher":{"@id":"https:\/\/shop.bantam.ch\/fr\/#organization"},"inLanguage":"fr-FR"},{"@type":"Organization","@id":"https:\/\/shop.bantam.ch\/fr\/#organization","name":"Bantam Wankm\u00fcller SA","url":"https:\/\/shop.bantam.ch\/fr\/","logo":{"@type":"ImageObject","inLanguage":"fr-FR","@id":"https:\/\/shop.bantam.ch\/fr\/#\/schema\/logo\/image\/","url":"https:\/\/shop.bantam.ch\/wp-content\/uploads\/2022\/12\/bantam-logo.png","contentUrl":"https:\/\/shop.bantam.ch\/wp-content\/uploads\/2022\/12\/bantam-logo.png","width":320,"height":71,"caption":"Bantam Wankm\u00fcller SA"},"image":{"@id":"https:\/\/shop.bantam.ch\/fr\/#\/schema\/logo\/image\/"}}]}},"_links":{"self":[{"href":"https:\/\/shop.bantam.ch\/fr\/wp-json\/wp\/v2\/product\/71409","targetHints":{"allow":["GET"]}}],"collection":[{"href":"https:\/\/shop.bantam.ch\/fr\/wp-json\/wp\/v2\/product"}],"about":[{"href":"https:\/\/shop.bantam.ch\/fr\/wp-json\/wp\/v2\/types\/product"}],"wp:featuredmedia":[{"embeddable":true,"href":"https:\/\/shop.bantam.ch\/fr\/wp-json\/wp\/v2\/media\/71403"}],"wp:attachment":[{"href":"https:\/\/shop.bantam.ch\/fr\/wp-json\/wp\/v2\/media?parent=71409"}],"wp:term":[{"taxonomy":"product_featured_cat","embeddable":true,"href":"https:\/\/shop.bantam.ch\/fr\/wp-json\/wp\/v2\/product_featured_cat?post=71409"},{"taxonomy":"product_brand","embeddable":true,"href":"https:\/\/shop.bantam.ch\/fr\/wp-json\/wp\/v2\/product_brand?post=71409"},{"taxonomy":"product_cat","embeddable":true,"href":"https:\/\/shop.bantam.ch\/fr\/wp-json\/wp\/v2\/product_cat?post=71409"},{"taxonomy":"product_tag","embeddable":true,"href":"https:\/\/shop.bantam.ch\/fr\/wp-json\/wp\/v2\/product_tag?post=71409"}],"curies":[{"name":"wp","href":"https:\/\/api.w.org\/{rel}","templated":true}]}}