{"id":71005,"date":"2023-02-27T23:11:49","date_gmt":"2023-02-27T22:11:49","guid":{"rendered":"http:\/\/shop.bantam.ch\/produit\/chaise-regisseur-avantgarde-superior-charcoal-grey\/"},"modified":"2026-04-18T21:15:37","modified_gmt":"2026-04-18T19:15:37","slug":"chaise-regisseur-avantgarde-superior-charcoal-grey","status":"publish","type":"product","link":"https:\/\/shop.bantam.ch\/fr\/produit\/chaise-regisseur-avantgarde-superior-charcoal-grey\/","title":{"rendered":"Chaise r\u00e9gisseur Westfield Avantgarde Superior Couleur : gris charbon"},"content":{"rendered":"<p>La chaise r\u00e9gisseur est un ajout pertinent \u00e0 nos chaises \u00e0 haut dossier. Parfait pour les invit\u00e9s ou pour tous ceux qui ont peu d\u2019espace de rangement ou qui doivent faire attention au poids. Le cadre, une structure en m\u00e9tal l\u00e9ger en DuraLite-Aluminium, est particuli\u00e8rement stable. De plus, la housse 3D DuraDore offre un niveau de confort \u00e9lev\u00e9. Nouveaux accoudoirs, avec poign\u00e9e de transport.<\/p>\n<p>Mat\u00e9riau\u00a0:<br \/>Rev\u00eatement\u00a0: 100 % polyester <br \/>Cadre\u00a0: aluminium<\/p>\n<p>\u00a0<\/p>\n","protected":false},"excerpt":{"rendered":"<p>La chaise r\u00e9gisseur est un ajout pertinent \u00e0 nos chaises \u00e0 haut dossier. Parfait pour les invit\u00e9s ou pour tous ceux qui ont peu d\u2019espace de rangement ou qui doivent faire attention au poids. Le cadre, une structure en m\u00e9tal l\u00e9ger en DuraLite-Aluminium, est particuli\u00e8rement stable. De plus, la housse 3D DuraDore offre un niveau [&hellip;]<\/p>\n","protected":false},"featured_media":71003,"template":"","meta":{"_acf_changed":false},"product_featured_cat":[],"product_brand":[3092],"product_cat":[4971],"product_tag":[],"class_list":{"0":"post-71005","1":"product","2":"type-product","3":"status-publish","4":"has-post-thumbnail","6":"product_brand-westfield-outdoors","7":"product_cat-chaises-de-camping","9":"first","10":"instock","11":"taxable","12":"shipping-taxable","13":"purchasable","14":"product-type-simple"},"acf":[],"yoast_head":"<!-- This site is optimized with the Yoast SEO plugin v27.4 - https:\/\/yoast.com\/product\/yoast-seo-wordpress\/ -->\n<title>Chaise r\u00e9gisseur Westfield Avantgarde Superior Couleur : gris charbon - Bantam Wankm\u00fcller SA<\/title>\n<meta name=\"robots\" content=\"index, follow, max-snippet:-1, max-image-preview:large, max-video-preview:-1\" \/>\n<link rel=\"canonical\" href=\"https:\/\/shop.bantam.ch\/fr\/produit\/chaise-regisseur-avantgarde-superior-charcoal-grey\/\" \/>\n<meta property=\"og:locale\" content=\"fr_FR\" \/>\n<meta property=\"og:type\" content=\"article\" \/>\n<meta property=\"og:title\" content=\"Chaise r\u00e9gisseur Westfield Avantgarde Superior Couleur : gris charbon - Bantam Wankm\u00fcller SA\" \/>\n<meta property=\"og:description\" content=\"La chaise r\u00e9gisseur est un ajout pertinent \u00e0 nos chaises \u00e0 haut dossier. Parfait pour les invit\u00e9s ou pour tous ceux qui ont peu d\u2019espace de rangement ou qui doivent faire attention au poids. Le cadre, une structure en m\u00e9tal l\u00e9ger en DuraLite-Aluminium, est particuli\u00e8rement stable. De plus, la housse 3D DuraDore offre un niveau [&hellip;]\" \/>\n<meta property=\"og:url\" content=\"https:\/\/shop.bantam.ch\/fr\/produit\/chaise-regisseur-avantgarde-superior-charcoal-grey\/\" \/>\n<meta property=\"og:site_name\" content=\"Bantam Wankm\u00fcller SA\" \/>\n<meta property=\"article:modified_time\" content=\"2026-04-18T19:15:37+00:00\" \/>\n<meta property=\"og:image\" content=\"https:\/\/shop.bantam.ch\/wp-content\/uploads\/2023\/02\/993129211_02.jpg\" \/>\n\t<meta property=\"og:image:width\" content=\"667\" \/>\n\t<meta property=\"og:image:height\" content=\"1000\" \/>\n\t<meta property=\"og:image:type\" content=\"image\/jpeg\" \/>\n<meta name=\"twitter:card\" content=\"summary_large_image\" \/>\n<script type=\"application\/ld+json\" class=\"yoast-schema-graph\">{\"@context\":\"https:\\\/\\\/schema.org\",\"@graph\":[{\"@type\":\"WebPage\",\"@id\":\"https:\\\/\\\/shop.bantam.ch\\\/fr\\\/produit\\\/chaise-regisseur-avantgarde-superior-charcoal-grey\\\/\",\"url\":\"https:\\\/\\\/shop.bantam.ch\\\/fr\\\/produit\\\/chaise-regisseur-avantgarde-superior-charcoal-grey\\\/\",\"name\":\"Chaise r\u00e9gisseur Westfield Avantgarde Superior Couleur : gris charbon - Bantam Wankm\u00fcller SA\",\"isPartOf\":{\"@id\":\"https:\\\/\\\/shop.bantam.ch\\\/fr\\\/#website\"},\"primaryImageOfPage\":{\"@id\":\"https:\\\/\\\/shop.bantam.ch\\\/fr\\\/produit\\\/chaise-regisseur-avantgarde-superior-charcoal-grey\\\/#primaryimage\"},\"image\":{\"@id\":\"https:\\\/\\\/shop.bantam.ch\\\/fr\\\/produit\\\/chaise-regisseur-avantgarde-superior-charcoal-grey\\\/#primaryimage\"},\"thumbnailUrl\":\"https:\\\/\\\/shop.bantam.ch\\\/wp-content\\\/uploads\\\/2023\\\/02\\\/993129211_02.jpg\",\"datePublished\":\"2023-02-27T22:11:49+00:00\",\"dateModified\":\"2026-04-18T19:15:37+00:00\",\"breadcrumb\":{\"@id\":\"https:\\\/\\\/shop.bantam.ch\\\/fr\\\/produit\\\/chaise-regisseur-avantgarde-superior-charcoal-grey\\\/#breadcrumb\"},\"inLanguage\":\"fr-FR\",\"potentialAction\":[{\"@type\":\"ReadAction\",\"target\":[\"https:\\\/\\\/shop.bantam.ch\\\/fr\\\/produit\\\/chaise-regisseur-avantgarde-superior-charcoal-grey\\\/\"]}]},{\"@type\":\"ImageObject\",\"inLanguage\":\"fr-FR\",\"@id\":\"https:\\\/\\\/shop.bantam.ch\\\/fr\\\/produit\\\/chaise-regisseur-avantgarde-superior-charcoal-grey\\\/#primaryimage\",\"url\":\"https:\\\/\\\/shop.bantam.ch\\\/wp-content\\\/uploads\\\/2023\\\/02\\\/993129211_02.jpg\",\"contentUrl\":\"https:\\\/\\\/shop.bantam.ch\\\/wp-content\\\/uploads\\\/2023\\\/02\\\/993129211_02.jpg\",\"width\":667,\"height\":1000},{\"@type\":\"BreadcrumbList\",\"@id\":\"https:\\\/\\\/shop.bantam.ch\\\/fr\\\/produit\\\/chaise-regisseur-avantgarde-superior-charcoal-grey\\\/#breadcrumb\",\"itemListElement\":[{\"@type\":\"ListItem\",\"position\":1,\"name\":\"Accueil\",\"item\":\"https:\\\/\\\/shop.bantam.ch\\\/fr\\\/\"},{\"@type\":\"ListItem\",\"position\":2,\"name\":\"Boutique\",\"item\":\"https:\\\/\\\/shop.bantam.ch\\\/fr\\\/boutique\\\/\"},{\"@type\":\"ListItem\",\"position\":3,\"name\":\"Chaise r\u00e9gisseur Westfield Avantgarde Superior Couleur : gris charbon\"}]},{\"@type\":\"WebSite\",\"@id\":\"https:\\\/\\\/shop.bantam.ch\\\/fr\\\/#website\",\"url\":\"https:\\\/\\\/shop.bantam.ch\\\/fr\\\/\",\"name\":\"Bantam Wankm\u00fcller SA\",\"description\":\"\",\"publisher\":{\"@id\":\"https:\\\/\\\/shop.bantam.ch\\\/fr\\\/#organization\"},\"inLanguage\":\"fr-FR\"},{\"@type\":\"Organization\",\"@id\":\"https:\\\/\\\/shop.bantam.ch\\\/fr\\\/#organization\",\"name\":\"Bantam Wankm\u00fcller SA\",\"url\":\"https:\\\/\\\/shop.bantam.ch\\\/fr\\\/\",\"logo\":{\"@type\":\"ImageObject\",\"inLanguage\":\"fr-FR\",\"@id\":\"https:\\\/\\\/shop.bantam.ch\\\/fr\\\/#\\\/schema\\\/logo\\\/image\\\/\",\"url\":\"https:\\\/\\\/shop.bantam.ch\\\/wp-content\\\/uploads\\\/2022\\\/12\\\/bantam-logo.png\",\"contentUrl\":\"https:\\\/\\\/shop.bantam.ch\\\/wp-content\\\/uploads\\\/2022\\\/12\\\/bantam-logo.png\",\"width\":320,\"height\":71,\"caption\":\"Bantam Wankm\u00fcller SA\"},\"image\":{\"@id\":\"https:\\\/\\\/shop.bantam.ch\\\/fr\\\/#\\\/schema\\\/logo\\\/image\\\/\"}}]}<\/script>\n<!-- \/ Yoast SEO plugin. -->","yoast_head_json":{"title":"Chaise r\u00e9gisseur Westfield Avantgarde Superior Couleur : gris charbon - Bantam Wankm\u00fcller SA","robots":{"index":"index","follow":"follow","max-snippet":"max-snippet:-1","max-image-preview":"max-image-preview:large","max-video-preview":"max-video-preview:-1"},"canonical":"https:\/\/shop.bantam.ch\/fr\/produit\/chaise-regisseur-avantgarde-superior-charcoal-grey\/","og_locale":"fr_FR","og_type":"article","og_title":"Chaise r\u00e9gisseur Westfield Avantgarde Superior Couleur : gris charbon - Bantam Wankm\u00fcller SA","og_description":"La chaise r\u00e9gisseur est un ajout pertinent \u00e0 nos chaises \u00e0 haut dossier. Parfait pour les invit\u00e9s ou pour tous ceux qui ont peu d\u2019espace de rangement ou qui doivent faire attention au poids. Le cadre, une structure en m\u00e9tal l\u00e9ger en DuraLite-Aluminium, est particuli\u00e8rement stable. De plus, la housse 3D DuraDore offre un niveau [&hellip;]","og_url":"https:\/\/shop.bantam.ch\/fr\/produit\/chaise-regisseur-avantgarde-superior-charcoal-grey\/","og_site_name":"Bantam Wankm\u00fcller SA","article_modified_time":"2026-04-18T19:15:37+00:00","og_image":[{"width":667,"height":1000,"url":"https:\/\/shop.bantam.ch\/wp-content\/uploads\/2023\/02\/993129211_02.jpg","type":"image\/jpeg"}],"twitter_card":"summary_large_image","schema":{"@context":"https:\/\/schema.org","@graph":[{"@type":"WebPage","@id":"https:\/\/shop.bantam.ch\/fr\/produit\/chaise-regisseur-avantgarde-superior-charcoal-grey\/","url":"https:\/\/shop.bantam.ch\/fr\/produit\/chaise-regisseur-avantgarde-superior-charcoal-grey\/","name":"Chaise r\u00e9gisseur Westfield Avantgarde Superior Couleur : gris charbon - Bantam Wankm\u00fcller SA","isPartOf":{"@id":"https:\/\/shop.bantam.ch\/fr\/#website"},"primaryImageOfPage":{"@id":"https:\/\/shop.bantam.ch\/fr\/produit\/chaise-regisseur-avantgarde-superior-charcoal-grey\/#primaryimage"},"image":{"@id":"https:\/\/shop.bantam.ch\/fr\/produit\/chaise-regisseur-avantgarde-superior-charcoal-grey\/#primaryimage"},"thumbnailUrl":"https:\/\/shop.bantam.ch\/wp-content\/uploads\/2023\/02\/993129211_02.jpg","datePublished":"2023-02-27T22:11:49+00:00","dateModified":"2026-04-18T19:15:37+00:00","breadcrumb":{"@id":"https:\/\/shop.bantam.ch\/fr\/produit\/chaise-regisseur-avantgarde-superior-charcoal-grey\/#breadcrumb"},"inLanguage":"fr-FR","potentialAction":[{"@type":"ReadAction","target":["https:\/\/shop.bantam.ch\/fr\/produit\/chaise-regisseur-avantgarde-superior-charcoal-grey\/"]}]},{"@type":"ImageObject","inLanguage":"fr-FR","@id":"https:\/\/shop.bantam.ch\/fr\/produit\/chaise-regisseur-avantgarde-superior-charcoal-grey\/#primaryimage","url":"https:\/\/shop.bantam.ch\/wp-content\/uploads\/2023\/02\/993129211_02.jpg","contentUrl":"https:\/\/shop.bantam.ch\/wp-content\/uploads\/2023\/02\/993129211_02.jpg","width":667,"height":1000},{"@type":"BreadcrumbList","@id":"https:\/\/shop.bantam.ch\/fr\/produit\/chaise-regisseur-avantgarde-superior-charcoal-grey\/#breadcrumb","itemListElement":[{"@type":"ListItem","position":1,"name":"Accueil","item":"https:\/\/shop.bantam.ch\/fr\/"},{"@type":"ListItem","position":2,"name":"Boutique","item":"https:\/\/shop.bantam.ch\/fr\/boutique\/"},{"@type":"ListItem","position":3,"name":"Chaise r\u00e9gisseur Westfield Avantgarde Superior Couleur : gris charbon"}]},{"@type":"WebSite","@id":"https:\/\/shop.bantam.ch\/fr\/#website","url":"https:\/\/shop.bantam.ch\/fr\/","name":"Bantam Wankm\u00fcller SA","description":"","publisher":{"@id":"https:\/\/shop.bantam.ch\/fr\/#organization"},"inLanguage":"fr-FR"},{"@type":"Organization","@id":"https:\/\/shop.bantam.ch\/fr\/#organization","name":"Bantam Wankm\u00fcller SA","url":"https:\/\/shop.bantam.ch\/fr\/","logo":{"@type":"ImageObject","inLanguage":"fr-FR","@id":"https:\/\/shop.bantam.ch\/fr\/#\/schema\/logo\/image\/","url":"https:\/\/shop.bantam.ch\/wp-content\/uploads\/2022\/12\/bantam-logo.png","contentUrl":"https:\/\/shop.bantam.ch\/wp-content\/uploads\/2022\/12\/bantam-logo.png","width":320,"height":71,"caption":"Bantam Wankm\u00fcller SA"},"image":{"@id":"https:\/\/shop.bantam.ch\/fr\/#\/schema\/logo\/image\/"}}]}},"_links":{"self":[{"href":"https:\/\/shop.bantam.ch\/fr\/wp-json\/wp\/v2\/product\/71005","targetHints":{"allow":["GET"]}}],"collection":[{"href":"https:\/\/shop.bantam.ch\/fr\/wp-json\/wp\/v2\/product"}],"about":[{"href":"https:\/\/shop.bantam.ch\/fr\/wp-json\/wp\/v2\/types\/product"}],"wp:featuredmedia":[{"embeddable":true,"href":"https:\/\/shop.bantam.ch\/fr\/wp-json\/wp\/v2\/media\/71003"}],"wp:attachment":[{"href":"https:\/\/shop.bantam.ch\/fr\/wp-json\/wp\/v2\/media?parent=71005"}],"wp:term":[{"taxonomy":"product_featured_cat","embeddable":true,"href":"https:\/\/shop.bantam.ch\/fr\/wp-json\/wp\/v2\/product_featured_cat?post=71005"},{"taxonomy":"product_brand","embeddable":true,"href":"https:\/\/shop.bantam.ch\/fr\/wp-json\/wp\/v2\/product_brand?post=71005"},{"taxonomy":"product_cat","embeddable":true,"href":"https:\/\/shop.bantam.ch\/fr\/wp-json\/wp\/v2\/product_cat?post=71005"},{"taxonomy":"product_tag","embeddable":true,"href":"https:\/\/shop.bantam.ch\/fr\/wp-json\/wp\/v2\/product_tag?post=71005"}],"curies":[{"name":"wp","href":"https:\/\/api.w.org\/{rel}","templated":true}]}}