{"id":70955,"date":"2023-02-27T23:10:44","date_gmt":"2023-02-27T22:10:44","guid":{"rendered":"http:\/\/shop.bantam.ch\/produit\/fauteuil-de-relaxation-performance-aeronaut\/"},"modified":"2026-04-18T22:10:50","modified_gmt":"2026-04-18T20:10:50","slug":"fauteuil-de-relaxation-performance-aeronaut","status":"publish","type":"product","link":"https:\/\/shop.bantam.ch\/fr\/produit\/fauteuil-de-relaxation-performance-aeronaut\/","title":{"rendered":"Fauteuil de relaxation Performance Aeronaut"},"content":{"rendered":"<p>Le fauteuil DuraDore (mat\u00e9riaux 3D) allie confort et luxe \u00e0 un design intemporel. Le dossier avec coussin de soutien lombaire int\u00e9gr\u00e9 optimise votre confort. Gr\u00e2ce au m\u00e9canisme de r\u00e9glage pratique, l\u2019Aeronaut passe facilement d\u2019une chaise confortable en une chaise longue pour la d\u00e9tente. La chaise offre diff\u00e9rentes possibilit\u00e9s et un confort optimal, dans n&rsquo;importe quelle position, assise ou couch\u00e9e. D\u00e9couvrez le confort de la relaxation \u00ab\u00a0en apesanteur\u00a0\u00bb. Elle se plie tr\u00e8s facilement, est facile \u00e0 transporter et \u00e0 ranger.<\/p>\n<p>Mat\u00e9riau\u00a0:<br \/>Rev\u00eatement : 100 % polyester<br \/>Cadre\u00a0: aluminium<\/p>\n","protected":false},"excerpt":{"rendered":"<p>Le fauteuil DuraDore (mat\u00e9riaux 3D) allie confort et luxe \u00e0 un design intemporel. Le dossier avec coussin de soutien lombaire int\u00e9gr\u00e9 optimise votre confort. Gr\u00e2ce au m\u00e9canisme de r\u00e9glage pratique, l\u2019Aeronaut passe facilement d\u2019une chaise confortable en une chaise longue pour la d\u00e9tente. La chaise offre diff\u00e9rentes possibilit\u00e9s et un confort optimal, dans n&rsquo;importe quelle [&hellip;]<\/p>\n","protected":false},"featured_media":70941,"template":"","meta":{"_acf_changed":false},"product_featured_cat":[94,5297],"product_brand":[3092],"product_cat":[4971],"product_tag":[],"class_list":{"0":"post-70955","1":"product","2":"type-product","3":"status-publish","4":"has-post-thumbnail","6":"product_featured_cat-promotions-etagnieres","7":"product_featured_cat-sonderangebote-hindelbank-fr","8":"product_brand-westfield-outdoors","9":"product_cat-chaises-de-camping","11":"first","12":"instock","13":"sale","14":"taxable","15":"shipping-taxable","16":"purchasable","17":"product-type-variable"},"acf":[],"yoast_head":"<!-- This site is optimized with the Yoast SEO plugin v27.4 - https:\/\/yoast.com\/product\/yoast-seo-wordpress\/ -->\n<title>Fauteuil de relaxation Performance Aeronaut - Bantam Wankm\u00fcller SA<\/title>\n<meta name=\"robots\" content=\"index, follow, max-snippet:-1, max-image-preview:large, max-video-preview:-1\" \/>\n<link rel=\"canonical\" href=\"https:\/\/shop.bantam.ch\/fr\/produit\/fauteuil-de-relaxation-performance-aeronaut\/\" \/>\n<meta property=\"og:locale\" content=\"fr_FR\" \/>\n<meta property=\"og:type\" content=\"article\" \/>\n<meta property=\"og:title\" content=\"Fauteuil de relaxation Performance Aeronaut - Bantam Wankm\u00fcller SA\" \/>\n<meta property=\"og:description\" content=\"Le fauteuil DuraDore (mat\u00e9riaux 3D) allie confort et luxe \u00e0 un design intemporel. Le dossier avec coussin de soutien lombaire int\u00e9gr\u00e9 optimise votre confort. Gr\u00e2ce au m\u00e9canisme de r\u00e9glage pratique, l\u2019Aeronaut passe facilement d\u2019une chaise confortable en une chaise longue pour la d\u00e9tente. La chaise offre diff\u00e9rentes possibilit\u00e9s et un confort optimal, dans n&rsquo;importe quelle [&hellip;]\" \/>\n<meta property=\"og:url\" content=\"https:\/\/shop.bantam.ch\/fr\/produit\/fauteuil-de-relaxation-performance-aeronaut\/\" \/>\n<meta property=\"og:site_name\" content=\"Bantam Wankm\u00fcller SA\" \/>\n<meta property=\"article:modified_time\" content=\"2026-04-18T20:10:50+00:00\" \/>\n<meta property=\"og:image\" content=\"https:\/\/shop.bantam.ch\/wp-content\/uploads\/2023\/02\/993128211.jpg\" \/>\n\t<meta property=\"og:image:width\" content=\"667\" \/>\n\t<meta property=\"og:image:height\" content=\"1000\" \/>\n\t<meta property=\"og:image:type\" content=\"image\/jpeg\" \/>\n<meta name=\"twitter:card\" content=\"summary_large_image\" \/>\n<script type=\"application\/ld+json\" class=\"yoast-schema-graph\">{\"@context\":\"https:\\\/\\\/schema.org\",\"@graph\":[{\"@type\":\"WebPage\",\"@id\":\"https:\\\/\\\/shop.bantam.ch\\\/fr\\\/produit\\\/fauteuil-de-relaxation-performance-aeronaut\\\/\",\"url\":\"https:\\\/\\\/shop.bantam.ch\\\/fr\\\/produit\\\/fauteuil-de-relaxation-performance-aeronaut\\\/\",\"name\":\"Fauteuil de relaxation Performance Aeronaut - Bantam Wankm\u00fcller SA\",\"isPartOf\":{\"@id\":\"https:\\\/\\\/shop.bantam.ch\\\/fr\\\/#website\"},\"primaryImageOfPage\":{\"@id\":\"https:\\\/\\\/shop.bantam.ch\\\/fr\\\/produit\\\/fauteuil-de-relaxation-performance-aeronaut\\\/#primaryimage\"},\"image\":{\"@id\":\"https:\\\/\\\/shop.bantam.ch\\\/fr\\\/produit\\\/fauteuil-de-relaxation-performance-aeronaut\\\/#primaryimage\"},\"thumbnailUrl\":\"https:\\\/\\\/shop.bantam.ch\\\/wp-content\\\/uploads\\\/2023\\\/02\\\/993128211.jpg\",\"datePublished\":\"2023-02-27T22:10:44+00:00\",\"dateModified\":\"2026-04-18T20:10:50+00:00\",\"breadcrumb\":{\"@id\":\"https:\\\/\\\/shop.bantam.ch\\\/fr\\\/produit\\\/fauteuil-de-relaxation-performance-aeronaut\\\/#breadcrumb\"},\"inLanguage\":\"fr-FR\",\"potentialAction\":[{\"@type\":\"ReadAction\",\"target\":[\"https:\\\/\\\/shop.bantam.ch\\\/fr\\\/produit\\\/fauteuil-de-relaxation-performance-aeronaut\\\/\"]}]},{\"@type\":\"ImageObject\",\"inLanguage\":\"fr-FR\",\"@id\":\"https:\\\/\\\/shop.bantam.ch\\\/fr\\\/produit\\\/fauteuil-de-relaxation-performance-aeronaut\\\/#primaryimage\",\"url\":\"https:\\\/\\\/shop.bantam.ch\\\/wp-content\\\/uploads\\\/2023\\\/02\\\/993128211.jpg\",\"contentUrl\":\"https:\\\/\\\/shop.bantam.ch\\\/wp-content\\\/uploads\\\/2023\\\/02\\\/993128211.jpg\",\"width\":667,\"height\":1000},{\"@type\":\"BreadcrumbList\",\"@id\":\"https:\\\/\\\/shop.bantam.ch\\\/fr\\\/produit\\\/fauteuil-de-relaxation-performance-aeronaut\\\/#breadcrumb\",\"itemListElement\":[{\"@type\":\"ListItem\",\"position\":1,\"name\":\"Accueil\",\"item\":\"https:\\\/\\\/shop.bantam.ch\\\/fr\\\/\"},{\"@type\":\"ListItem\",\"position\":2,\"name\":\"Boutique\",\"item\":\"https:\\\/\\\/shop.bantam.ch\\\/fr\\\/boutique\\\/\"},{\"@type\":\"ListItem\",\"position\":3,\"name\":\"Fauteuil de relaxation Performance Aeronaut\"}]},{\"@type\":\"WebSite\",\"@id\":\"https:\\\/\\\/shop.bantam.ch\\\/fr\\\/#website\",\"url\":\"https:\\\/\\\/shop.bantam.ch\\\/fr\\\/\",\"name\":\"Bantam Wankm\u00fcller SA\",\"description\":\"\",\"publisher\":{\"@id\":\"https:\\\/\\\/shop.bantam.ch\\\/fr\\\/#organization\"},\"inLanguage\":\"fr-FR\"},{\"@type\":\"Organization\",\"@id\":\"https:\\\/\\\/shop.bantam.ch\\\/fr\\\/#organization\",\"name\":\"Bantam Wankm\u00fcller SA\",\"url\":\"https:\\\/\\\/shop.bantam.ch\\\/fr\\\/\",\"logo\":{\"@type\":\"ImageObject\",\"inLanguage\":\"fr-FR\",\"@id\":\"https:\\\/\\\/shop.bantam.ch\\\/fr\\\/#\\\/schema\\\/logo\\\/image\\\/\",\"url\":\"https:\\\/\\\/shop.bantam.ch\\\/wp-content\\\/uploads\\\/2022\\\/12\\\/bantam-logo.png\",\"contentUrl\":\"https:\\\/\\\/shop.bantam.ch\\\/wp-content\\\/uploads\\\/2022\\\/12\\\/bantam-logo.png\",\"width\":320,\"height\":71,\"caption\":\"Bantam Wankm\u00fcller SA\"},\"image\":{\"@id\":\"https:\\\/\\\/shop.bantam.ch\\\/fr\\\/#\\\/schema\\\/logo\\\/image\\\/\"}}]}<\/script>\n<!-- \/ Yoast SEO plugin. -->","yoast_head_json":{"title":"Fauteuil de relaxation Performance Aeronaut - Bantam Wankm\u00fcller SA","robots":{"index":"index","follow":"follow","max-snippet":"max-snippet:-1","max-image-preview":"max-image-preview:large","max-video-preview":"max-video-preview:-1"},"canonical":"https:\/\/shop.bantam.ch\/fr\/produit\/fauteuil-de-relaxation-performance-aeronaut\/","og_locale":"fr_FR","og_type":"article","og_title":"Fauteuil de relaxation Performance Aeronaut - Bantam Wankm\u00fcller SA","og_description":"Le fauteuil DuraDore (mat\u00e9riaux 3D) allie confort et luxe \u00e0 un design intemporel. Le dossier avec coussin de soutien lombaire int\u00e9gr\u00e9 optimise votre confort. Gr\u00e2ce au m\u00e9canisme de r\u00e9glage pratique, l\u2019Aeronaut passe facilement d\u2019une chaise confortable en une chaise longue pour la d\u00e9tente. La chaise offre diff\u00e9rentes possibilit\u00e9s et un confort optimal, dans n&rsquo;importe quelle [&hellip;]","og_url":"https:\/\/shop.bantam.ch\/fr\/produit\/fauteuil-de-relaxation-performance-aeronaut\/","og_site_name":"Bantam Wankm\u00fcller SA","article_modified_time":"2026-04-18T20:10:50+00:00","og_image":[{"width":667,"height":1000,"url":"https:\/\/shop.bantam.ch\/wp-content\/uploads\/2023\/02\/993128211.jpg","type":"image\/jpeg"}],"twitter_card":"summary_large_image","schema":{"@context":"https:\/\/schema.org","@graph":[{"@type":"WebPage","@id":"https:\/\/shop.bantam.ch\/fr\/produit\/fauteuil-de-relaxation-performance-aeronaut\/","url":"https:\/\/shop.bantam.ch\/fr\/produit\/fauteuil-de-relaxation-performance-aeronaut\/","name":"Fauteuil de relaxation Performance Aeronaut - Bantam Wankm\u00fcller SA","isPartOf":{"@id":"https:\/\/shop.bantam.ch\/fr\/#website"},"primaryImageOfPage":{"@id":"https:\/\/shop.bantam.ch\/fr\/produit\/fauteuil-de-relaxation-performance-aeronaut\/#primaryimage"},"image":{"@id":"https:\/\/shop.bantam.ch\/fr\/produit\/fauteuil-de-relaxation-performance-aeronaut\/#primaryimage"},"thumbnailUrl":"https:\/\/shop.bantam.ch\/wp-content\/uploads\/2023\/02\/993128211.jpg","datePublished":"2023-02-27T22:10:44+00:00","dateModified":"2026-04-18T20:10:50+00:00","breadcrumb":{"@id":"https:\/\/shop.bantam.ch\/fr\/produit\/fauteuil-de-relaxation-performance-aeronaut\/#breadcrumb"},"inLanguage":"fr-FR","potentialAction":[{"@type":"ReadAction","target":["https:\/\/shop.bantam.ch\/fr\/produit\/fauteuil-de-relaxation-performance-aeronaut\/"]}]},{"@type":"ImageObject","inLanguage":"fr-FR","@id":"https:\/\/shop.bantam.ch\/fr\/produit\/fauteuil-de-relaxation-performance-aeronaut\/#primaryimage","url":"https:\/\/shop.bantam.ch\/wp-content\/uploads\/2023\/02\/993128211.jpg","contentUrl":"https:\/\/shop.bantam.ch\/wp-content\/uploads\/2023\/02\/993128211.jpg","width":667,"height":1000},{"@type":"BreadcrumbList","@id":"https:\/\/shop.bantam.ch\/fr\/produit\/fauteuil-de-relaxation-performance-aeronaut\/#breadcrumb","itemListElement":[{"@type":"ListItem","position":1,"name":"Accueil","item":"https:\/\/shop.bantam.ch\/fr\/"},{"@type":"ListItem","position":2,"name":"Boutique","item":"https:\/\/shop.bantam.ch\/fr\/boutique\/"},{"@type":"ListItem","position":3,"name":"Fauteuil de relaxation Performance Aeronaut"}]},{"@type":"WebSite","@id":"https:\/\/shop.bantam.ch\/fr\/#website","url":"https:\/\/shop.bantam.ch\/fr\/","name":"Bantam Wankm\u00fcller SA","description":"","publisher":{"@id":"https:\/\/shop.bantam.ch\/fr\/#organization"},"inLanguage":"fr-FR"},{"@type":"Organization","@id":"https:\/\/shop.bantam.ch\/fr\/#organization","name":"Bantam Wankm\u00fcller SA","url":"https:\/\/shop.bantam.ch\/fr\/","logo":{"@type":"ImageObject","inLanguage":"fr-FR","@id":"https:\/\/shop.bantam.ch\/fr\/#\/schema\/logo\/image\/","url":"https:\/\/shop.bantam.ch\/wp-content\/uploads\/2022\/12\/bantam-logo.png","contentUrl":"https:\/\/shop.bantam.ch\/wp-content\/uploads\/2022\/12\/bantam-logo.png","width":320,"height":71,"caption":"Bantam Wankm\u00fcller SA"},"image":{"@id":"https:\/\/shop.bantam.ch\/fr\/#\/schema\/logo\/image\/"}}]}},"_links":{"self":[{"href":"https:\/\/shop.bantam.ch\/fr\/wp-json\/wp\/v2\/product\/70955","targetHints":{"allow":["GET"]}}],"collection":[{"href":"https:\/\/shop.bantam.ch\/fr\/wp-json\/wp\/v2\/product"}],"about":[{"href":"https:\/\/shop.bantam.ch\/fr\/wp-json\/wp\/v2\/types\/product"}],"wp:featuredmedia":[{"embeddable":true,"href":"https:\/\/shop.bantam.ch\/fr\/wp-json\/wp\/v2\/media\/70941"}],"wp:attachment":[{"href":"https:\/\/shop.bantam.ch\/fr\/wp-json\/wp\/v2\/media?parent=70955"}],"wp:term":[{"taxonomy":"product_featured_cat","embeddable":true,"href":"https:\/\/shop.bantam.ch\/fr\/wp-json\/wp\/v2\/product_featured_cat?post=70955"},{"taxonomy":"product_brand","embeddable":true,"href":"https:\/\/shop.bantam.ch\/fr\/wp-json\/wp\/v2\/product_brand?post=70955"},{"taxonomy":"product_cat","embeddable":true,"href":"https:\/\/shop.bantam.ch\/fr\/wp-json\/wp\/v2\/product_cat?post=70955"},{"taxonomy":"product_tag","embeddable":true,"href":"https:\/\/shop.bantam.ch\/fr\/wp-json\/wp\/v2\/product_tag?post=70955"}],"curies":[{"name":"wp","href":"https:\/\/api.w.org\/{rel}","templated":true}]}}