{"id":70679,"date":"2023-02-27T20:55:46","date_gmt":"2023-02-27T19:55:46","guid":{"rendered":"http:\/\/shop.bantam.ch\/produit\/sangle-de-sauvetage-15-m\/"},"modified":"2026-04-18T21:15:14","modified_gmt":"2026-04-18T19:15:14","slug":"sangle-de-sauvetage-15-m","status":"publish","type":"product","link":"https:\/\/shop.bantam.ch\/fr\/produit\/sangle-de-sauvetage-15-m\/","title":{"rendered":"Ceinture de secours 15 m Charge 4500 kg max."},"content":{"rendered":"<p>Cette sangle de sauvetage monocouche peut \u00eatre utilis\u00e9e pour tirer des voitures ou fixer des c\u00e2bles. Veillez \u00e0 toujours respecter la force de traction et la charge de rupture de la sangle. Cette sangle n&rsquo;est homologu\u00e9e que pour la traction et non pour le levage. Un drapeau d&rsquo;avertissement est toujours hiss\u00e9 au milieu. Les sangles de sauvetage sont utilis\u00e9es pour tirer des v\u00e9hicules bloqu\u00e9s.<\/p>\n<p>La sangle est compos\u00e9e \u00e0 100 % de nylon PES sp\u00e9cial, r\u00e9sistant au carburant, \u00e0 l&rsquo;acide de batterie, aux intemp\u00e9ries et aux UV. Boucles d&rsquo;extr\u00e9mit\u00e9 renforc\u00e9es.<\/p>\n<ul>\n<li>Charge de rupture : 10.500 daN<\/li>\n<\/ul>\n","protected":false},"excerpt":{"rendered":"<p>Cette sangle de sauvetage monocouche peut \u00eatre utilis\u00e9e pour tirer des voitures ou fixer des c\u00e2bles. Veillez \u00e0 toujours respecter la force de traction et la charge de rupture de la sangle. Cette sangle n&rsquo;est homologu\u00e9e que pour la traction et non pour le levage. Un drapeau d&rsquo;avertissement est toujours hiss\u00e9 au milieu. Les sangles [&hellip;]<\/p>\n","protected":false},"featured_media":70677,"template":"","meta":{"_acf_changed":false},"product_featured_cat":[],"product_brand":[3456],"product_cat":[4657],"product_tag":[],"class_list":{"0":"post-70679","1":"product","2":"type-product","3":"status-publish","4":"has-post-thumbnail","6":"product_brand-seilflechter","7":"product_cat-depanneurs","9":"first","10":"instock","11":"taxable","12":"shipping-taxable","13":"purchasable","14":"product-type-simple"},"acf":[],"yoast_head":"<!-- This site is optimized with the Yoast SEO plugin v27.4 - https:\/\/yoast.com\/product\/yoast-seo-wordpress\/ -->\n<title>Ceinture de secours 15 m Charge 4500 kg max. - Bantam Wankm\u00fcller SA<\/title>\n<meta name=\"robots\" content=\"index, follow, max-snippet:-1, max-image-preview:large, max-video-preview:-1\" \/>\n<link rel=\"canonical\" href=\"https:\/\/shop.bantam.ch\/fr\/produit\/sangle-de-sauvetage-15-m\/\" \/>\n<meta property=\"og:locale\" content=\"fr_FR\" \/>\n<meta property=\"og:type\" content=\"article\" \/>\n<meta property=\"og:title\" content=\"Ceinture de secours 15 m Charge 4500 kg max. - Bantam Wankm\u00fcller SA\" \/>\n<meta property=\"og:description\" content=\"Cette sangle de sauvetage monocouche peut \u00eatre utilis\u00e9e pour tirer des voitures ou fixer des c\u00e2bles. Veillez \u00e0 toujours respecter la force de traction et la charge de rupture de la sangle. Cette sangle n&rsquo;est homologu\u00e9e que pour la traction et non pour le levage. Un drapeau d&rsquo;avertissement est toujours hiss\u00e9 au milieu. Les sangles [&hellip;]\" \/>\n<meta property=\"og:url\" content=\"https:\/\/shop.bantam.ch\/fr\/produit\/sangle-de-sauvetage-15-m\/\" \/>\n<meta property=\"og:site_name\" content=\"Bantam Wankm\u00fcller SA\" \/>\n<meta property=\"article:modified_time\" content=\"2026-04-18T19:15:14+00:00\" \/>\n<meta property=\"og:image\" content=\"https:\/\/shop.bantam.ch\/wp-content\/uploads\/2023\/02\/994133511.jpg\" \/>\n\t<meta property=\"og:image:width\" content=\"1000\" \/>\n\t<meta property=\"og:image:height\" content=\"864\" \/>\n\t<meta property=\"og:image:type\" content=\"image\/jpeg\" \/>\n<meta name=\"twitter:card\" content=\"summary_large_image\" \/>\n<meta name=\"twitter:label1\" content=\"Dur\u00e9e de lecture estim\u00e9e\" \/>\n\t<meta name=\"twitter:data1\" content=\"1 minute\" \/>\n<script type=\"application\/ld+json\" class=\"yoast-schema-graph\">{\"@context\":\"https:\\\/\\\/schema.org\",\"@graph\":[{\"@type\":\"WebPage\",\"@id\":\"https:\\\/\\\/shop.bantam.ch\\\/fr\\\/produit\\\/sangle-de-sauvetage-15-m\\\/\",\"url\":\"https:\\\/\\\/shop.bantam.ch\\\/fr\\\/produit\\\/sangle-de-sauvetage-15-m\\\/\",\"name\":\"Ceinture de secours 15 m Charge 4500 kg max. - Bantam Wankm\u00fcller SA\",\"isPartOf\":{\"@id\":\"https:\\\/\\\/shop.bantam.ch\\\/fr\\\/#website\"},\"primaryImageOfPage\":{\"@id\":\"https:\\\/\\\/shop.bantam.ch\\\/fr\\\/produit\\\/sangle-de-sauvetage-15-m\\\/#primaryimage\"},\"image\":{\"@id\":\"https:\\\/\\\/shop.bantam.ch\\\/fr\\\/produit\\\/sangle-de-sauvetage-15-m\\\/#primaryimage\"},\"thumbnailUrl\":\"https:\\\/\\\/shop.bantam.ch\\\/wp-content\\\/uploads\\\/2023\\\/02\\\/994133511.jpg\",\"datePublished\":\"2023-02-27T19:55:46+00:00\",\"dateModified\":\"2026-04-18T19:15:14+00:00\",\"breadcrumb\":{\"@id\":\"https:\\\/\\\/shop.bantam.ch\\\/fr\\\/produit\\\/sangle-de-sauvetage-15-m\\\/#breadcrumb\"},\"inLanguage\":\"fr-FR\",\"potentialAction\":[{\"@type\":\"ReadAction\",\"target\":[\"https:\\\/\\\/shop.bantam.ch\\\/fr\\\/produit\\\/sangle-de-sauvetage-15-m\\\/\"]}]},{\"@type\":\"ImageObject\",\"inLanguage\":\"fr-FR\",\"@id\":\"https:\\\/\\\/shop.bantam.ch\\\/fr\\\/produit\\\/sangle-de-sauvetage-15-m\\\/#primaryimage\",\"url\":\"https:\\\/\\\/shop.bantam.ch\\\/wp-content\\\/uploads\\\/2023\\\/02\\\/994133511.jpg\",\"contentUrl\":\"https:\\\/\\\/shop.bantam.ch\\\/wp-content\\\/uploads\\\/2023\\\/02\\\/994133511.jpg\",\"width\":1000,\"height\":864},{\"@type\":\"BreadcrumbList\",\"@id\":\"https:\\\/\\\/shop.bantam.ch\\\/fr\\\/produit\\\/sangle-de-sauvetage-15-m\\\/#breadcrumb\",\"itemListElement\":[{\"@type\":\"ListItem\",\"position\":1,\"name\":\"Accueil\",\"item\":\"https:\\\/\\\/shop.bantam.ch\\\/fr\\\/\"},{\"@type\":\"ListItem\",\"position\":2,\"name\":\"Boutique\",\"item\":\"https:\\\/\\\/shop.bantam.ch\\\/fr\\\/boutique\\\/\"},{\"@type\":\"ListItem\",\"position\":3,\"name\":\"Ceinture de secours 15 m Charge 4500 kg max.\"}]},{\"@type\":\"WebSite\",\"@id\":\"https:\\\/\\\/shop.bantam.ch\\\/fr\\\/#website\",\"url\":\"https:\\\/\\\/shop.bantam.ch\\\/fr\\\/\",\"name\":\"Bantam Wankm\u00fcller SA\",\"description\":\"\",\"publisher\":{\"@id\":\"https:\\\/\\\/shop.bantam.ch\\\/fr\\\/#organization\"},\"inLanguage\":\"fr-FR\"},{\"@type\":\"Organization\",\"@id\":\"https:\\\/\\\/shop.bantam.ch\\\/fr\\\/#organization\",\"name\":\"Bantam Wankm\u00fcller SA\",\"url\":\"https:\\\/\\\/shop.bantam.ch\\\/fr\\\/\",\"logo\":{\"@type\":\"ImageObject\",\"inLanguage\":\"fr-FR\",\"@id\":\"https:\\\/\\\/shop.bantam.ch\\\/fr\\\/#\\\/schema\\\/logo\\\/image\\\/\",\"url\":\"https:\\\/\\\/shop.bantam.ch\\\/wp-content\\\/uploads\\\/2022\\\/12\\\/bantam-logo.png\",\"contentUrl\":\"https:\\\/\\\/shop.bantam.ch\\\/wp-content\\\/uploads\\\/2022\\\/12\\\/bantam-logo.png\",\"width\":320,\"height\":71,\"caption\":\"Bantam Wankm\u00fcller SA\"},\"image\":{\"@id\":\"https:\\\/\\\/shop.bantam.ch\\\/fr\\\/#\\\/schema\\\/logo\\\/image\\\/\"}}]}<\/script>\n<!-- \/ Yoast SEO plugin. -->","yoast_head_json":{"title":"Ceinture de secours 15 m Charge 4500 kg max. - Bantam Wankm\u00fcller SA","robots":{"index":"index","follow":"follow","max-snippet":"max-snippet:-1","max-image-preview":"max-image-preview:large","max-video-preview":"max-video-preview:-1"},"canonical":"https:\/\/shop.bantam.ch\/fr\/produit\/sangle-de-sauvetage-15-m\/","og_locale":"fr_FR","og_type":"article","og_title":"Ceinture de secours 15 m Charge 4500 kg max. - Bantam Wankm\u00fcller SA","og_description":"Cette sangle de sauvetage monocouche peut \u00eatre utilis\u00e9e pour tirer des voitures ou fixer des c\u00e2bles. Veillez \u00e0 toujours respecter la force de traction et la charge de rupture de la sangle. Cette sangle n&rsquo;est homologu\u00e9e que pour la traction et non pour le levage. Un drapeau d&rsquo;avertissement est toujours hiss\u00e9 au milieu. Les sangles [&hellip;]","og_url":"https:\/\/shop.bantam.ch\/fr\/produit\/sangle-de-sauvetage-15-m\/","og_site_name":"Bantam Wankm\u00fcller SA","article_modified_time":"2026-04-18T19:15:14+00:00","og_image":[{"width":1000,"height":864,"url":"https:\/\/shop.bantam.ch\/wp-content\/uploads\/2023\/02\/994133511.jpg","type":"image\/jpeg"}],"twitter_card":"summary_large_image","twitter_misc":{"Dur\u00e9e de lecture estim\u00e9e":"1 minute"},"schema":{"@context":"https:\/\/schema.org","@graph":[{"@type":"WebPage","@id":"https:\/\/shop.bantam.ch\/fr\/produit\/sangle-de-sauvetage-15-m\/","url":"https:\/\/shop.bantam.ch\/fr\/produit\/sangle-de-sauvetage-15-m\/","name":"Ceinture de secours 15 m Charge 4500 kg max. - Bantam Wankm\u00fcller SA","isPartOf":{"@id":"https:\/\/shop.bantam.ch\/fr\/#website"},"primaryImageOfPage":{"@id":"https:\/\/shop.bantam.ch\/fr\/produit\/sangle-de-sauvetage-15-m\/#primaryimage"},"image":{"@id":"https:\/\/shop.bantam.ch\/fr\/produit\/sangle-de-sauvetage-15-m\/#primaryimage"},"thumbnailUrl":"https:\/\/shop.bantam.ch\/wp-content\/uploads\/2023\/02\/994133511.jpg","datePublished":"2023-02-27T19:55:46+00:00","dateModified":"2026-04-18T19:15:14+00:00","breadcrumb":{"@id":"https:\/\/shop.bantam.ch\/fr\/produit\/sangle-de-sauvetage-15-m\/#breadcrumb"},"inLanguage":"fr-FR","potentialAction":[{"@type":"ReadAction","target":["https:\/\/shop.bantam.ch\/fr\/produit\/sangle-de-sauvetage-15-m\/"]}]},{"@type":"ImageObject","inLanguage":"fr-FR","@id":"https:\/\/shop.bantam.ch\/fr\/produit\/sangle-de-sauvetage-15-m\/#primaryimage","url":"https:\/\/shop.bantam.ch\/wp-content\/uploads\/2023\/02\/994133511.jpg","contentUrl":"https:\/\/shop.bantam.ch\/wp-content\/uploads\/2023\/02\/994133511.jpg","width":1000,"height":864},{"@type":"BreadcrumbList","@id":"https:\/\/shop.bantam.ch\/fr\/produit\/sangle-de-sauvetage-15-m\/#breadcrumb","itemListElement":[{"@type":"ListItem","position":1,"name":"Accueil","item":"https:\/\/shop.bantam.ch\/fr\/"},{"@type":"ListItem","position":2,"name":"Boutique","item":"https:\/\/shop.bantam.ch\/fr\/boutique\/"},{"@type":"ListItem","position":3,"name":"Ceinture de secours 15 m Charge 4500 kg max."}]},{"@type":"WebSite","@id":"https:\/\/shop.bantam.ch\/fr\/#website","url":"https:\/\/shop.bantam.ch\/fr\/","name":"Bantam Wankm\u00fcller SA","description":"","publisher":{"@id":"https:\/\/shop.bantam.ch\/fr\/#organization"},"inLanguage":"fr-FR"},{"@type":"Organization","@id":"https:\/\/shop.bantam.ch\/fr\/#organization","name":"Bantam Wankm\u00fcller SA","url":"https:\/\/shop.bantam.ch\/fr\/","logo":{"@type":"ImageObject","inLanguage":"fr-FR","@id":"https:\/\/shop.bantam.ch\/fr\/#\/schema\/logo\/image\/","url":"https:\/\/shop.bantam.ch\/wp-content\/uploads\/2022\/12\/bantam-logo.png","contentUrl":"https:\/\/shop.bantam.ch\/wp-content\/uploads\/2022\/12\/bantam-logo.png","width":320,"height":71,"caption":"Bantam Wankm\u00fcller SA"},"image":{"@id":"https:\/\/shop.bantam.ch\/fr\/#\/schema\/logo\/image\/"}}]}},"_links":{"self":[{"href":"https:\/\/shop.bantam.ch\/fr\/wp-json\/wp\/v2\/product\/70679","targetHints":{"allow":["GET"]}}],"collection":[{"href":"https:\/\/shop.bantam.ch\/fr\/wp-json\/wp\/v2\/product"}],"about":[{"href":"https:\/\/shop.bantam.ch\/fr\/wp-json\/wp\/v2\/types\/product"}],"wp:featuredmedia":[{"embeddable":true,"href":"https:\/\/shop.bantam.ch\/fr\/wp-json\/wp\/v2\/media\/70677"}],"wp:attachment":[{"href":"https:\/\/shop.bantam.ch\/fr\/wp-json\/wp\/v2\/media?parent=70679"}],"wp:term":[{"taxonomy":"product_featured_cat","embeddable":true,"href":"https:\/\/shop.bantam.ch\/fr\/wp-json\/wp\/v2\/product_featured_cat?post=70679"},{"taxonomy":"product_brand","embeddable":true,"href":"https:\/\/shop.bantam.ch\/fr\/wp-json\/wp\/v2\/product_brand?post=70679"},{"taxonomy":"product_cat","embeddable":true,"href":"https:\/\/shop.bantam.ch\/fr\/wp-json\/wp\/v2\/product_cat?post=70679"},{"taxonomy":"product_tag","embeddable":true,"href":"https:\/\/shop.bantam.ch\/fr\/wp-json\/wp\/v2\/product_tag?post=70679"}],"curies":[{"name":"wp","href":"https:\/\/api.w.org\/{rel}","templated":true}]}}