{"id":70671,"date":"2023-02-27T20:55:35","date_gmt":"2023-02-27T19:55:35","guid":{"rendered":"http:\/\/shop.bantam.ch\/produit\/corde-cinetique-a-ame-gainee-30-mm-longueur-8-m\/"},"modified":"2026-04-17T21:14:36","modified_gmt":"2026-04-17T19:14:36","slug":"corde-cinetique-a-ame-gainee-30-mm-longueur-8-m","status":"publish","type":"product","link":"https:\/\/shop.bantam.ch\/fr\/produit\/corde-cinetique-a-ame-gainee-30-mm-longueur-8-m\/","title":{"rendered":"Corde cin\u00e9tique 30 mm Longueur 8 m"},"content":{"rendered":"<p>Un c\u00e2ble de remorquage et de montagne de haute qualit\u00e9 d\u00e9velopp\u00e9 pour les professionnels pour une absorption de puissance extr\u00eamement \u00e9lev\u00e9e. Ce c\u00e2ble cin\u00e9tique est utilis\u00e9 pour la r\u00e9cup\u00e9ration en douceur des v\u00e9hicules tout-terrain coinc\u00e9s. Avec une gaine de protection extra r\u00e9sistante et un protecteur de sangle suppl\u00e9mentaire dans les boucles pour r\u00e9duire l&rsquo;usure.<\/p>\n<ul>\n<li>Allongement des c\u00e2bles &gt; 25 %, ce qui permet une r\u00e9cup\u00e9ration tr\u00e8s douce du v\u00e9hicule<\/li>\n<li>Le c\u00e2ble est lavable en machine (lavage doux)<\/li>\n<li>Tr\u00e8s flexible, donc facile \u00e0 ranger<\/li>\n<li>Charge de rupture : 10.000 kg<\/li>\n<\/ul>\n","protected":false},"excerpt":{"rendered":"<p>Un c\u00e2ble de remorquage et de montagne de haute qualit\u00e9 d\u00e9velopp\u00e9 pour les professionnels pour une absorption de puissance extr\u00eamement \u00e9lev\u00e9e. Ce c\u00e2ble cin\u00e9tique est utilis\u00e9 pour la r\u00e9cup\u00e9ration en douceur des v\u00e9hicules tout-terrain coinc\u00e9s. Avec une gaine de protection extra r\u00e9sistante et un protecteur de sangle suppl\u00e9mentaire dans les boucles pour r\u00e9duire l&rsquo;usure. Allongement [&hellip;]<\/p>\n","protected":false},"featured_media":70669,"template":"","meta":{"_acf_changed":false},"product_featured_cat":[],"product_brand":[3456],"product_cat":[4657],"product_tag":[],"class_list":{"0":"post-70671","1":"product","2":"type-product","3":"status-publish","4":"has-post-thumbnail","6":"product_brand-seilflechter","7":"product_cat-depanneurs","9":"first","10":"instock","11":"taxable","12":"shipping-taxable","13":"purchasable","14":"product-type-simple"},"acf":[],"yoast_head":"<!-- This site is optimized with the Yoast SEO plugin v27.4 - https:\/\/yoast.com\/product\/yoast-seo-wordpress\/ -->\n<title>Corde cin\u00e9tique 30 mm Longueur 8 m - Bantam Wankm\u00fcller SA<\/title>\n<meta name=\"robots\" content=\"index, follow, max-snippet:-1, max-image-preview:large, max-video-preview:-1\" \/>\n<link rel=\"canonical\" href=\"https:\/\/shop.bantam.ch\/fr\/produit\/corde-cinetique-a-ame-gainee-30-mm-longueur-8-m\/\" \/>\n<meta property=\"og:locale\" content=\"fr_FR\" \/>\n<meta property=\"og:type\" content=\"article\" \/>\n<meta property=\"og:title\" content=\"Corde cin\u00e9tique 30 mm Longueur 8 m - Bantam Wankm\u00fcller SA\" \/>\n<meta property=\"og:description\" content=\"Un c\u00e2ble de remorquage et de montagne de haute qualit\u00e9 d\u00e9velopp\u00e9 pour les professionnels pour une absorption de puissance extr\u00eamement \u00e9lev\u00e9e. Ce c\u00e2ble cin\u00e9tique est utilis\u00e9 pour la r\u00e9cup\u00e9ration en douceur des v\u00e9hicules tout-terrain coinc\u00e9s. Avec une gaine de protection extra r\u00e9sistante et un protecteur de sangle suppl\u00e9mentaire dans les boucles pour r\u00e9duire l&rsquo;usure. Allongement [&hellip;]\" \/>\n<meta property=\"og:url\" content=\"https:\/\/shop.bantam.ch\/fr\/produit\/corde-cinetique-a-ame-gainee-30-mm-longueur-8-m\/\" \/>\n<meta property=\"og:site_name\" content=\"Bantam Wankm\u00fcller SA\" \/>\n<meta property=\"article:modified_time\" content=\"2026-04-17T19:14:36+00:00\" \/>\n<meta property=\"og:image\" content=\"https:\/\/shop.bantam.ch\/wp-content\/uploads\/2023\/02\/994133311.jpg\" \/>\n\t<meta property=\"og:image:width\" content=\"1000\" \/>\n\t<meta property=\"og:image:height\" content=\"899\" \/>\n\t<meta property=\"og:image:type\" content=\"image\/jpeg\" \/>\n<meta name=\"twitter:card\" content=\"summary_large_image\" \/>\n<meta name=\"twitter:label1\" content=\"Dur\u00e9e de lecture estim\u00e9e\" \/>\n\t<meta name=\"twitter:data1\" content=\"1 minute\" \/>\n<script type=\"application\/ld+json\" class=\"yoast-schema-graph\">{\"@context\":\"https:\\\/\\\/schema.org\",\"@graph\":[{\"@type\":\"WebPage\",\"@id\":\"https:\\\/\\\/shop.bantam.ch\\\/fr\\\/produit\\\/corde-cinetique-a-ame-gainee-30-mm-longueur-8-m\\\/\",\"url\":\"https:\\\/\\\/shop.bantam.ch\\\/fr\\\/produit\\\/corde-cinetique-a-ame-gainee-30-mm-longueur-8-m\\\/\",\"name\":\"Corde cin\u00e9tique 30 mm Longueur 8 m - Bantam Wankm\u00fcller SA\",\"isPartOf\":{\"@id\":\"https:\\\/\\\/shop.bantam.ch\\\/fr\\\/#website\"},\"primaryImageOfPage\":{\"@id\":\"https:\\\/\\\/shop.bantam.ch\\\/fr\\\/produit\\\/corde-cinetique-a-ame-gainee-30-mm-longueur-8-m\\\/#primaryimage\"},\"image\":{\"@id\":\"https:\\\/\\\/shop.bantam.ch\\\/fr\\\/produit\\\/corde-cinetique-a-ame-gainee-30-mm-longueur-8-m\\\/#primaryimage\"},\"thumbnailUrl\":\"https:\\\/\\\/shop.bantam.ch\\\/wp-content\\\/uploads\\\/2023\\\/02\\\/994133311.jpg\",\"datePublished\":\"2023-02-27T19:55:35+00:00\",\"dateModified\":\"2026-04-17T19:14:36+00:00\",\"breadcrumb\":{\"@id\":\"https:\\\/\\\/shop.bantam.ch\\\/fr\\\/produit\\\/corde-cinetique-a-ame-gainee-30-mm-longueur-8-m\\\/#breadcrumb\"},\"inLanguage\":\"fr-FR\",\"potentialAction\":[{\"@type\":\"ReadAction\",\"target\":[\"https:\\\/\\\/shop.bantam.ch\\\/fr\\\/produit\\\/corde-cinetique-a-ame-gainee-30-mm-longueur-8-m\\\/\"]}]},{\"@type\":\"ImageObject\",\"inLanguage\":\"fr-FR\",\"@id\":\"https:\\\/\\\/shop.bantam.ch\\\/fr\\\/produit\\\/corde-cinetique-a-ame-gainee-30-mm-longueur-8-m\\\/#primaryimage\",\"url\":\"https:\\\/\\\/shop.bantam.ch\\\/wp-content\\\/uploads\\\/2023\\\/02\\\/994133311.jpg\",\"contentUrl\":\"https:\\\/\\\/shop.bantam.ch\\\/wp-content\\\/uploads\\\/2023\\\/02\\\/994133311.jpg\",\"width\":1000,\"height\":899},{\"@type\":\"BreadcrumbList\",\"@id\":\"https:\\\/\\\/shop.bantam.ch\\\/fr\\\/produit\\\/corde-cinetique-a-ame-gainee-30-mm-longueur-8-m\\\/#breadcrumb\",\"itemListElement\":[{\"@type\":\"ListItem\",\"position\":1,\"name\":\"Accueil\",\"item\":\"https:\\\/\\\/shop.bantam.ch\\\/fr\\\/\"},{\"@type\":\"ListItem\",\"position\":2,\"name\":\"Boutique\",\"item\":\"https:\\\/\\\/shop.bantam.ch\\\/fr\\\/boutique\\\/\"},{\"@type\":\"ListItem\",\"position\":3,\"name\":\"Corde cin\u00e9tique 30 mm Longueur 8 m\"}]},{\"@type\":\"WebSite\",\"@id\":\"https:\\\/\\\/shop.bantam.ch\\\/fr\\\/#website\",\"url\":\"https:\\\/\\\/shop.bantam.ch\\\/fr\\\/\",\"name\":\"Bantam Wankm\u00fcller SA\",\"description\":\"\",\"publisher\":{\"@id\":\"https:\\\/\\\/shop.bantam.ch\\\/fr\\\/#organization\"},\"inLanguage\":\"fr-FR\"},{\"@type\":\"Organization\",\"@id\":\"https:\\\/\\\/shop.bantam.ch\\\/fr\\\/#organization\",\"name\":\"Bantam Wankm\u00fcller SA\",\"url\":\"https:\\\/\\\/shop.bantam.ch\\\/fr\\\/\",\"logo\":{\"@type\":\"ImageObject\",\"inLanguage\":\"fr-FR\",\"@id\":\"https:\\\/\\\/shop.bantam.ch\\\/fr\\\/#\\\/schema\\\/logo\\\/image\\\/\",\"url\":\"https:\\\/\\\/shop.bantam.ch\\\/wp-content\\\/uploads\\\/2022\\\/12\\\/bantam-logo.png\",\"contentUrl\":\"https:\\\/\\\/shop.bantam.ch\\\/wp-content\\\/uploads\\\/2022\\\/12\\\/bantam-logo.png\",\"width\":320,\"height\":71,\"caption\":\"Bantam Wankm\u00fcller SA\"},\"image\":{\"@id\":\"https:\\\/\\\/shop.bantam.ch\\\/fr\\\/#\\\/schema\\\/logo\\\/image\\\/\"}}]}<\/script>\n<!-- \/ Yoast SEO plugin. -->","yoast_head_json":{"title":"Corde cin\u00e9tique 30 mm Longueur 8 m - Bantam Wankm\u00fcller SA","robots":{"index":"index","follow":"follow","max-snippet":"max-snippet:-1","max-image-preview":"max-image-preview:large","max-video-preview":"max-video-preview:-1"},"canonical":"https:\/\/shop.bantam.ch\/fr\/produit\/corde-cinetique-a-ame-gainee-30-mm-longueur-8-m\/","og_locale":"fr_FR","og_type":"article","og_title":"Corde cin\u00e9tique 30 mm Longueur 8 m - Bantam Wankm\u00fcller SA","og_description":"Un c\u00e2ble de remorquage et de montagne de haute qualit\u00e9 d\u00e9velopp\u00e9 pour les professionnels pour une absorption de puissance extr\u00eamement \u00e9lev\u00e9e. Ce c\u00e2ble cin\u00e9tique est utilis\u00e9 pour la r\u00e9cup\u00e9ration en douceur des v\u00e9hicules tout-terrain coinc\u00e9s. Avec une gaine de protection extra r\u00e9sistante et un protecteur de sangle suppl\u00e9mentaire dans les boucles pour r\u00e9duire l&rsquo;usure. Allongement [&hellip;]","og_url":"https:\/\/shop.bantam.ch\/fr\/produit\/corde-cinetique-a-ame-gainee-30-mm-longueur-8-m\/","og_site_name":"Bantam Wankm\u00fcller SA","article_modified_time":"2026-04-17T19:14:36+00:00","og_image":[{"width":1000,"height":899,"url":"https:\/\/shop.bantam.ch\/wp-content\/uploads\/2023\/02\/994133311.jpg","type":"image\/jpeg"}],"twitter_card":"summary_large_image","twitter_misc":{"Dur\u00e9e de lecture estim\u00e9e":"1 minute"},"schema":{"@context":"https:\/\/schema.org","@graph":[{"@type":"WebPage","@id":"https:\/\/shop.bantam.ch\/fr\/produit\/corde-cinetique-a-ame-gainee-30-mm-longueur-8-m\/","url":"https:\/\/shop.bantam.ch\/fr\/produit\/corde-cinetique-a-ame-gainee-30-mm-longueur-8-m\/","name":"Corde cin\u00e9tique 30 mm Longueur 8 m - Bantam Wankm\u00fcller SA","isPartOf":{"@id":"https:\/\/shop.bantam.ch\/fr\/#website"},"primaryImageOfPage":{"@id":"https:\/\/shop.bantam.ch\/fr\/produit\/corde-cinetique-a-ame-gainee-30-mm-longueur-8-m\/#primaryimage"},"image":{"@id":"https:\/\/shop.bantam.ch\/fr\/produit\/corde-cinetique-a-ame-gainee-30-mm-longueur-8-m\/#primaryimage"},"thumbnailUrl":"https:\/\/shop.bantam.ch\/wp-content\/uploads\/2023\/02\/994133311.jpg","datePublished":"2023-02-27T19:55:35+00:00","dateModified":"2026-04-17T19:14:36+00:00","breadcrumb":{"@id":"https:\/\/shop.bantam.ch\/fr\/produit\/corde-cinetique-a-ame-gainee-30-mm-longueur-8-m\/#breadcrumb"},"inLanguage":"fr-FR","potentialAction":[{"@type":"ReadAction","target":["https:\/\/shop.bantam.ch\/fr\/produit\/corde-cinetique-a-ame-gainee-30-mm-longueur-8-m\/"]}]},{"@type":"ImageObject","inLanguage":"fr-FR","@id":"https:\/\/shop.bantam.ch\/fr\/produit\/corde-cinetique-a-ame-gainee-30-mm-longueur-8-m\/#primaryimage","url":"https:\/\/shop.bantam.ch\/wp-content\/uploads\/2023\/02\/994133311.jpg","contentUrl":"https:\/\/shop.bantam.ch\/wp-content\/uploads\/2023\/02\/994133311.jpg","width":1000,"height":899},{"@type":"BreadcrumbList","@id":"https:\/\/shop.bantam.ch\/fr\/produit\/corde-cinetique-a-ame-gainee-30-mm-longueur-8-m\/#breadcrumb","itemListElement":[{"@type":"ListItem","position":1,"name":"Accueil","item":"https:\/\/shop.bantam.ch\/fr\/"},{"@type":"ListItem","position":2,"name":"Boutique","item":"https:\/\/shop.bantam.ch\/fr\/boutique\/"},{"@type":"ListItem","position":3,"name":"Corde cin\u00e9tique 30 mm Longueur 8 m"}]},{"@type":"WebSite","@id":"https:\/\/shop.bantam.ch\/fr\/#website","url":"https:\/\/shop.bantam.ch\/fr\/","name":"Bantam Wankm\u00fcller SA","description":"","publisher":{"@id":"https:\/\/shop.bantam.ch\/fr\/#organization"},"inLanguage":"fr-FR"},{"@type":"Organization","@id":"https:\/\/shop.bantam.ch\/fr\/#organization","name":"Bantam Wankm\u00fcller SA","url":"https:\/\/shop.bantam.ch\/fr\/","logo":{"@type":"ImageObject","inLanguage":"fr-FR","@id":"https:\/\/shop.bantam.ch\/fr\/#\/schema\/logo\/image\/","url":"https:\/\/shop.bantam.ch\/wp-content\/uploads\/2022\/12\/bantam-logo.png","contentUrl":"https:\/\/shop.bantam.ch\/wp-content\/uploads\/2022\/12\/bantam-logo.png","width":320,"height":71,"caption":"Bantam Wankm\u00fcller SA"},"image":{"@id":"https:\/\/shop.bantam.ch\/fr\/#\/schema\/logo\/image\/"}}]}},"_links":{"self":[{"href":"https:\/\/shop.bantam.ch\/fr\/wp-json\/wp\/v2\/product\/70671","targetHints":{"allow":["GET"]}}],"collection":[{"href":"https:\/\/shop.bantam.ch\/fr\/wp-json\/wp\/v2\/product"}],"about":[{"href":"https:\/\/shop.bantam.ch\/fr\/wp-json\/wp\/v2\/types\/product"}],"wp:featuredmedia":[{"embeddable":true,"href":"https:\/\/shop.bantam.ch\/fr\/wp-json\/wp\/v2\/media\/70669"}],"wp:attachment":[{"href":"https:\/\/shop.bantam.ch\/fr\/wp-json\/wp\/v2\/media?parent=70671"}],"wp:term":[{"taxonomy":"product_featured_cat","embeddable":true,"href":"https:\/\/shop.bantam.ch\/fr\/wp-json\/wp\/v2\/product_featured_cat?post=70671"},{"taxonomy":"product_brand","embeddable":true,"href":"https:\/\/shop.bantam.ch\/fr\/wp-json\/wp\/v2\/product_brand?post=70671"},{"taxonomy":"product_cat","embeddable":true,"href":"https:\/\/shop.bantam.ch\/fr\/wp-json\/wp\/v2\/product_cat?post=70671"},{"taxonomy":"product_tag","embeddable":true,"href":"https:\/\/shop.bantam.ch\/fr\/wp-json\/wp\/v2\/product_tag?post=70671"}],"curies":[{"name":"wp","href":"https:\/\/api.w.org\/{rel}","templated":true}]}}