{"id":70601,"date":"2023-02-27T20:54:24","date_gmt":"2023-02-27T19:54:24","guid":{"rendered":"http:\/\/shop.bantam.ch\/produit\/bac-a-couverts-drawerstore\/"},"modified":"2026-04-28T21:14:28","modified_gmt":"2026-04-28T19:14:28","slug":"bac-a-couverts-drawerstore","status":"publish","type":"product","link":"https:\/\/shop.bantam.ch\/fr\/produit\/bac-a-couverts-drawerstore\/","title":{"rendered":"Range-couverts Joseph Joseph DrawerStore compact"},"content":{"rendered":"<p>Design unique et compact pour plus d\u2019espace dans le tiroir.  Compartiments individuels \u00e9chelonn\u00e9s pour les diff\u00e9rents couverts. Des symboles de couverts sont appliqu\u00e9s sur la face sup\u00e9rieure pour trier plus facilement. Face inf\u00e9rieure antid\u00e9rapante Adapt\u00e9 pour les tiroirs avec une hauteur minimale de 8 cm.<\/p>\n","protected":false},"excerpt":{"rendered":"<p>Design unique et compact pour plus d\u2019espace dans le tiroir. Compartiments individuels \u00e9chelonn\u00e9s pour les diff\u00e9rents couverts. Des symboles de couverts sont appliqu\u00e9s sur la face sup\u00e9rieure pour trier plus facilement. Face inf\u00e9rieure antid\u00e9rapante Adapt\u00e9 pour les tiroirs avec une hauteur minimale de 8 cm.<\/p>\n","protected":false},"featured_media":70591,"template":"","meta":{"_acf_changed":false},"product_featured_cat":[],"product_brand":[3412],"product_cat":[5149],"product_tag":[],"class_list":{"0":"post-70601","1":"product","2":"type-product","3":"status-publish","4":"has-post-thumbnail","6":"product_brand-joseph-joseph","7":"product_cat-rangements-pour-la-vaisselle","9":"first","10":"instock","11":"taxable","12":"shipping-taxable","13":"purchasable","14":"product-type-simple"},"acf":[],"yoast_head":"<!-- This site is optimized with the Yoast SEO plugin v27.5 - https:\/\/yoast.com\/product\/yoast-seo-wordpress\/ -->\n<title>Range-couverts Joseph Joseph DrawerStore compact - Bantam<\/title>\n<meta name=\"robots\" content=\"index, follow, max-snippet:-1, max-image-preview:large, max-video-preview:-1\" \/>\n<link rel=\"canonical\" href=\"https:\/\/shop.bantam.ch\/fr\/produit\/bac-a-couverts-drawerstore\/\" \/>\n<meta property=\"og:locale\" content=\"fr_FR\" \/>\n<meta property=\"og:type\" content=\"article\" \/>\n<meta property=\"og:title\" content=\"Range-couverts Joseph Joseph DrawerStore compact - Bantam\" \/>\n<meta property=\"og:description\" content=\"Design unique et compact pour plus d\u2019espace dans le tiroir. Compartiments individuels \u00e9chelonn\u00e9s pour les diff\u00e9rents couverts. Des symboles de couverts sont appliqu\u00e9s sur la face sup\u00e9rieure pour trier plus facilement. Face inf\u00e9rieure antid\u00e9rapante Adapt\u00e9 pour les tiroirs avec une hauteur minimale de 8 cm.\" \/>\n<meta property=\"og:url\" content=\"https:\/\/shop.bantam.ch\/fr\/produit\/bac-a-couverts-drawerstore\/\" \/>\n<meta property=\"og:site_name\" content=\"Bantam\" \/>\n<meta property=\"article:modified_time\" content=\"2026-04-28T19:14:28+00:00\" \/>\n<meta property=\"og:image\" content=\"https:\/\/shop.bantam.ch\/wp-content\/uploads\/2023\/02\/995334611.jpg\" \/>\n\t<meta property=\"og:image:width\" content=\"1000\" \/>\n\t<meta property=\"og:image:height\" content=\"527\" \/>\n\t<meta property=\"og:image:type\" content=\"image\/jpeg\" \/>\n<meta name=\"twitter:card\" content=\"summary_large_image\" \/>\n<script type=\"application\/ld+json\" class=\"yoast-schema-graph\">{\"@context\":\"https:\\\/\\\/schema.org\",\"@graph\":[{\"@type\":\"WebPage\",\"@id\":\"https:\\\/\\\/shop.bantam.ch\\\/fr\\\/produit\\\/bac-a-couverts-drawerstore\\\/\",\"url\":\"https:\\\/\\\/shop.bantam.ch\\\/fr\\\/produit\\\/bac-a-couverts-drawerstore\\\/\",\"name\":\"Range-couverts Joseph Joseph DrawerStore compact - Bantam\",\"isPartOf\":{\"@id\":\"https:\\\/\\\/shop.bantam.ch\\\/fr\\\/#website\"},\"primaryImageOfPage\":{\"@id\":\"https:\\\/\\\/shop.bantam.ch\\\/fr\\\/produit\\\/bac-a-couverts-drawerstore\\\/#primaryimage\"},\"image\":{\"@id\":\"https:\\\/\\\/shop.bantam.ch\\\/fr\\\/produit\\\/bac-a-couverts-drawerstore\\\/#primaryimage\"},\"thumbnailUrl\":\"https:\\\/\\\/shop.bantam.ch\\\/wp-content\\\/uploads\\\/2023\\\/02\\\/995334611.jpg\",\"datePublished\":\"2023-02-27T19:54:24+00:00\",\"dateModified\":\"2026-04-28T19:14:28+00:00\",\"breadcrumb\":{\"@id\":\"https:\\\/\\\/shop.bantam.ch\\\/fr\\\/produit\\\/bac-a-couverts-drawerstore\\\/#breadcrumb\"},\"inLanguage\":\"fr-FR\",\"potentialAction\":[{\"@type\":\"ReadAction\",\"target\":[\"https:\\\/\\\/shop.bantam.ch\\\/fr\\\/produit\\\/bac-a-couverts-drawerstore\\\/\"]}]},{\"@type\":\"ImageObject\",\"inLanguage\":\"fr-FR\",\"@id\":\"https:\\\/\\\/shop.bantam.ch\\\/fr\\\/produit\\\/bac-a-couverts-drawerstore\\\/#primaryimage\",\"url\":\"https:\\\/\\\/shop.bantam.ch\\\/wp-content\\\/uploads\\\/2023\\\/02\\\/995334611.jpg\",\"contentUrl\":\"https:\\\/\\\/shop.bantam.ch\\\/wp-content\\\/uploads\\\/2023\\\/02\\\/995334611.jpg\",\"width\":1000,\"height\":527},{\"@type\":\"BreadcrumbList\",\"@id\":\"https:\\\/\\\/shop.bantam.ch\\\/fr\\\/produit\\\/bac-a-couverts-drawerstore\\\/#breadcrumb\",\"itemListElement\":[{\"@type\":\"ListItem\",\"position\":1,\"name\":\"Accueil\",\"item\":\"https:\\\/\\\/shop.bantam.ch\\\/fr\\\/\"},{\"@type\":\"ListItem\",\"position\":2,\"name\":\"Boutique\",\"item\":\"https:\\\/\\\/shop.bantam.ch\\\/fr\\\/boutique\\\/\"},{\"@type\":\"ListItem\",\"position\":3,\"name\":\"Range-couverts Joseph Joseph DrawerStore compact\"}]},{\"@type\":\"WebSite\",\"@id\":\"https:\\\/\\\/shop.bantam.ch\\\/fr\\\/#website\",\"url\":\"https:\\\/\\\/shop.bantam.ch\\\/fr\\\/\",\"name\":\"Bantam\",\"description\":\"\",\"publisher\":{\"@id\":\"https:\\\/\\\/shop.bantam.ch\\\/fr\\\/#organization\"},\"inLanguage\":\"fr-FR\"},{\"@type\":\"Organization\",\"@id\":\"https:\\\/\\\/shop.bantam.ch\\\/fr\\\/#organization\",\"name\":\"Bantam\",\"url\":\"https:\\\/\\\/shop.bantam.ch\\\/fr\\\/\",\"logo\":{\"@type\":\"ImageObject\",\"inLanguage\":\"fr-FR\",\"@id\":\"https:\\\/\\\/shop.bantam.ch\\\/fr\\\/#\\\/schema\\\/logo\\\/image\\\/\",\"url\":\"https:\\\/\\\/shop.bantam.ch\\\/wp-content\\\/uploads\\\/2022\\\/12\\\/bantam-logo.png\",\"contentUrl\":\"https:\\\/\\\/shop.bantam.ch\\\/wp-content\\\/uploads\\\/2022\\\/12\\\/bantam-logo.png\",\"width\":320,\"height\":71,\"caption\":\"Bantam\"},\"image\":{\"@id\":\"https:\\\/\\\/shop.bantam.ch\\\/fr\\\/#\\\/schema\\\/logo\\\/image\\\/\"}}]}<\/script>\n<!-- \/ Yoast SEO plugin. -->","yoast_head_json":{"title":"Range-couverts Joseph Joseph DrawerStore compact - Bantam","robots":{"index":"index","follow":"follow","max-snippet":"max-snippet:-1","max-image-preview":"max-image-preview:large","max-video-preview":"max-video-preview:-1"},"canonical":"https:\/\/shop.bantam.ch\/fr\/produit\/bac-a-couverts-drawerstore\/","og_locale":"fr_FR","og_type":"article","og_title":"Range-couverts Joseph Joseph DrawerStore compact - Bantam","og_description":"Design unique et compact pour plus d\u2019espace dans le tiroir. Compartiments individuels \u00e9chelonn\u00e9s pour les diff\u00e9rents couverts. Des symboles de couverts sont appliqu\u00e9s sur la face sup\u00e9rieure pour trier plus facilement. Face inf\u00e9rieure antid\u00e9rapante Adapt\u00e9 pour les tiroirs avec une hauteur minimale de 8 cm.","og_url":"https:\/\/shop.bantam.ch\/fr\/produit\/bac-a-couverts-drawerstore\/","og_site_name":"Bantam","article_modified_time":"2026-04-28T19:14:28+00:00","og_image":[{"width":1000,"height":527,"url":"https:\/\/shop.bantam.ch\/wp-content\/uploads\/2023\/02\/995334611.jpg","type":"image\/jpeg"}],"twitter_card":"summary_large_image","schema":{"@context":"https:\/\/schema.org","@graph":[{"@type":"WebPage","@id":"https:\/\/shop.bantam.ch\/fr\/produit\/bac-a-couverts-drawerstore\/","url":"https:\/\/shop.bantam.ch\/fr\/produit\/bac-a-couverts-drawerstore\/","name":"Range-couverts Joseph Joseph DrawerStore compact - Bantam","isPartOf":{"@id":"https:\/\/shop.bantam.ch\/fr\/#website"},"primaryImageOfPage":{"@id":"https:\/\/shop.bantam.ch\/fr\/produit\/bac-a-couverts-drawerstore\/#primaryimage"},"image":{"@id":"https:\/\/shop.bantam.ch\/fr\/produit\/bac-a-couverts-drawerstore\/#primaryimage"},"thumbnailUrl":"https:\/\/shop.bantam.ch\/wp-content\/uploads\/2023\/02\/995334611.jpg","datePublished":"2023-02-27T19:54:24+00:00","dateModified":"2026-04-28T19:14:28+00:00","breadcrumb":{"@id":"https:\/\/shop.bantam.ch\/fr\/produit\/bac-a-couverts-drawerstore\/#breadcrumb"},"inLanguage":"fr-FR","potentialAction":[{"@type":"ReadAction","target":["https:\/\/shop.bantam.ch\/fr\/produit\/bac-a-couverts-drawerstore\/"]}]},{"@type":"ImageObject","inLanguage":"fr-FR","@id":"https:\/\/shop.bantam.ch\/fr\/produit\/bac-a-couverts-drawerstore\/#primaryimage","url":"https:\/\/shop.bantam.ch\/wp-content\/uploads\/2023\/02\/995334611.jpg","contentUrl":"https:\/\/shop.bantam.ch\/wp-content\/uploads\/2023\/02\/995334611.jpg","width":1000,"height":527},{"@type":"BreadcrumbList","@id":"https:\/\/shop.bantam.ch\/fr\/produit\/bac-a-couverts-drawerstore\/#breadcrumb","itemListElement":[{"@type":"ListItem","position":1,"name":"Accueil","item":"https:\/\/shop.bantam.ch\/fr\/"},{"@type":"ListItem","position":2,"name":"Boutique","item":"https:\/\/shop.bantam.ch\/fr\/boutique\/"},{"@type":"ListItem","position":3,"name":"Range-couverts Joseph Joseph DrawerStore compact"}]},{"@type":"WebSite","@id":"https:\/\/shop.bantam.ch\/fr\/#website","url":"https:\/\/shop.bantam.ch\/fr\/","name":"Bantam","description":"","publisher":{"@id":"https:\/\/shop.bantam.ch\/fr\/#organization"},"inLanguage":"fr-FR"},{"@type":"Organization","@id":"https:\/\/shop.bantam.ch\/fr\/#organization","name":"Bantam","url":"https:\/\/shop.bantam.ch\/fr\/","logo":{"@type":"ImageObject","inLanguage":"fr-FR","@id":"https:\/\/shop.bantam.ch\/fr\/#\/schema\/logo\/image\/","url":"https:\/\/shop.bantam.ch\/wp-content\/uploads\/2022\/12\/bantam-logo.png","contentUrl":"https:\/\/shop.bantam.ch\/wp-content\/uploads\/2022\/12\/bantam-logo.png","width":320,"height":71,"caption":"Bantam"},"image":{"@id":"https:\/\/shop.bantam.ch\/fr\/#\/schema\/logo\/image\/"}}]}},"_links":{"self":[{"href":"https:\/\/shop.bantam.ch\/fr\/wp-json\/wp\/v2\/product\/70601","targetHints":{"allow":["GET"]}}],"collection":[{"href":"https:\/\/shop.bantam.ch\/fr\/wp-json\/wp\/v2\/product"}],"about":[{"href":"https:\/\/shop.bantam.ch\/fr\/wp-json\/wp\/v2\/types\/product"}],"wp:featuredmedia":[{"embeddable":true,"href":"https:\/\/shop.bantam.ch\/fr\/wp-json\/wp\/v2\/media\/70591"}],"wp:attachment":[{"href":"https:\/\/shop.bantam.ch\/fr\/wp-json\/wp\/v2\/media?parent=70601"}],"wp:term":[{"taxonomy":"product_featured_cat","embeddable":true,"href":"https:\/\/shop.bantam.ch\/fr\/wp-json\/wp\/v2\/product_featured_cat?post=70601"},{"taxonomy":"product_brand","embeddable":true,"href":"https:\/\/shop.bantam.ch\/fr\/wp-json\/wp\/v2\/product_brand?post=70601"},{"taxonomy":"product_cat","embeddable":true,"href":"https:\/\/shop.bantam.ch\/fr\/wp-json\/wp\/v2\/product_cat?post=70601"},{"taxonomy":"product_tag","embeddable":true,"href":"https:\/\/shop.bantam.ch\/fr\/wp-json\/wp\/v2\/product_tag?post=70601"}],"curies":[{"name":"wp","href":"https:\/\/api.w.org\/{rel}","templated":true}]}}