{"id":70589,"date":"2023-02-27T20:54:17","date_gmt":"2023-02-27T19:54:17","guid":{"rendered":"http:\/\/shop.bantam.ch\/produit\/bac-a-glacons-quicksnap-plus-flexible\/"},"modified":"2026-04-19T21:15:49","modified_gmt":"2026-04-19T19:15:49","slug":"bac-a-glacons-quicksnap-plus-flexible","status":"publish","type":"product","link":"https:\/\/shop.bantam.ch\/fr\/produit\/bac-a-glacons-quicksnap-plus-flexible\/","title":{"rendered":"Bac \u00e0 gla\u00e7ons Joseph Joseph QuickSnap Plus Souple, empilable, avec couvercle"},"content":{"rendered":"<p>Bien qu&rsquo;il ressemble \u00e0 un bac \u00e0 gla\u00e7ons classique, il poss\u00e8de m\u00e9canisme d\u2018enclenchement unique qui maintient les gla\u00e7ons en place aussi longtemps que vous le souhaitez.  <br \/>Ce nouveau mod\u00e8le poss\u00e8de un couvercle souple qui permet d\u2019empiler plusieurs bacs \u00e0 gla\u00e7ons. Le couvercle emp\u00eache le renversement d\u2019eau et l\u2019absorption d\u2019odeurs.<br \/>Remplissez QuickSnap\u2122 Plus d\u2019eau comme un bac \u00e0 gla\u00e7ons classique. Tournez l\u00e9g\u00e8rement le r\u00e9cipient pour d\u00e9tacher les gla\u00e7ons et les retirer. Appuyez ensuite sur les anses sur le dessous dans le sens de la fl\u00e8che pour \u00e9jecter le gla\u00e7on correspondant, qui se d\u00e9tache alors facilement hors de son moule. Avec QuickSnap\u2122, vous ne prenez que la quantit\u00e9 de gla\u00e7ons dont vous avez vraiment besoin. Les autres restent en s\u00e9curit\u00e9 dans le contenant et peuvent \u00eatre remis au cong\u00e9lateur. Id\u00e9al pour ajouter de la glace directement dans vos boissons sans toucher les gla\u00e7ons.<\/p>\n<p>Mat\u00e9riau :<br \/>R\u00e9cipient : Polypropyl\u00e8ne<br \/>Anses : TPR<br \/>Couvercle : PE<\/p>\n","protected":false},"excerpt":{"rendered":"<p>Bien qu&rsquo;il ressemble \u00e0 un bac \u00e0 gla\u00e7ons classique, il poss\u00e8de m\u00e9canisme d\u2018enclenchement unique qui maintient les gla\u00e7ons en place aussi longtemps que vous le souhaitez. Ce nouveau mod\u00e8le poss\u00e8de un couvercle souple qui permet d\u2019empiler plusieurs bacs \u00e0 gla\u00e7ons. Le couvercle emp\u00eache le renversement d\u2019eau et l\u2019absorption d\u2019odeurs.Remplissez QuickSnap\u2122 Plus d\u2019eau comme un bac [&hellip;]<\/p>\n","protected":false},"featured_media":70581,"template":"","meta":{"_acf_changed":false},"product_featured_cat":[],"product_brand":[3412],"product_cat":[4285],"product_tag":[],"class_list":{"0":"post-70589","1":"product","2":"type-product","3":"status-publish","4":"has-post-thumbnail","6":"product_brand-joseph-joseph","7":"product_cat-ustensiles-de-cuisine","9":"first","10":"instock","11":"taxable","12":"shipping-taxable","13":"purchasable","14":"product-type-simple"},"acf":[],"yoast_head":"<!-- This site is optimized with the Yoast SEO plugin v27.4 - https:\/\/yoast.com\/product\/yoast-seo-wordpress\/ -->\n<title>Bac \u00e0 gla\u00e7ons Joseph Joseph QuickSnap Plus Souple, empilable, avec couvercle - Bantam Wankm\u00fcller SA<\/title>\n<meta name=\"robots\" content=\"index, follow, max-snippet:-1, max-image-preview:large, max-video-preview:-1\" \/>\n<link rel=\"canonical\" href=\"https:\/\/shop.bantam.ch\/fr\/produit\/bac-a-glacons-quicksnap-plus-flexible\/\" \/>\n<meta property=\"og:locale\" content=\"fr_FR\" \/>\n<meta property=\"og:type\" content=\"article\" \/>\n<meta property=\"og:title\" content=\"Bac \u00e0 gla\u00e7ons Joseph Joseph QuickSnap Plus Souple, empilable, avec couvercle - Bantam Wankm\u00fcller SA\" \/>\n<meta property=\"og:description\" content=\"Bien qu&rsquo;il ressemble \u00e0 un bac \u00e0 gla\u00e7ons classique, il poss\u00e8de m\u00e9canisme d\u2018enclenchement unique qui maintient les gla\u00e7ons en place aussi longtemps que vous le souhaitez. Ce nouveau mod\u00e8le poss\u00e8de un couvercle souple qui permet d\u2019empiler plusieurs bacs \u00e0 gla\u00e7ons. Le couvercle emp\u00eache le renversement d\u2019eau et l\u2019absorption d\u2019odeurs.Remplissez QuickSnap\u2122 Plus d\u2019eau comme un bac [&hellip;]\" \/>\n<meta property=\"og:url\" content=\"https:\/\/shop.bantam.ch\/fr\/produit\/bac-a-glacons-quicksnap-plus-flexible\/\" \/>\n<meta property=\"og:site_name\" content=\"Bantam Wankm\u00fcller SA\" \/>\n<meta property=\"article:modified_time\" content=\"2026-04-19T19:15:49+00:00\" \/>\n<meta property=\"og:image\" content=\"https:\/\/shop.bantam.ch\/wp-content\/uploads\/2023\/02\/995334311.jpg\" \/>\n\t<meta property=\"og:image:width\" content=\"1000\" \/>\n\t<meta property=\"og:image:height\" content=\"1000\" \/>\n\t<meta property=\"og:image:type\" content=\"image\/jpeg\" \/>\n<meta name=\"twitter:card\" content=\"summary_large_image\" \/>\n<meta name=\"twitter:label1\" content=\"Dur\u00e9e de lecture estim\u00e9e\" \/>\n\t<meta name=\"twitter:data1\" content=\"1 minute\" \/>\n<script type=\"application\/ld+json\" class=\"yoast-schema-graph\">{\"@context\":\"https:\\\/\\\/schema.org\",\"@graph\":[{\"@type\":\"WebPage\",\"@id\":\"https:\\\/\\\/shop.bantam.ch\\\/fr\\\/produit\\\/bac-a-glacons-quicksnap-plus-flexible\\\/\",\"url\":\"https:\\\/\\\/shop.bantam.ch\\\/fr\\\/produit\\\/bac-a-glacons-quicksnap-plus-flexible\\\/\",\"name\":\"Bac \u00e0 gla\u00e7ons Joseph Joseph QuickSnap Plus Souple, empilable, avec couvercle - Bantam Wankm\u00fcller SA\",\"isPartOf\":{\"@id\":\"https:\\\/\\\/shop.bantam.ch\\\/fr\\\/#website\"},\"primaryImageOfPage\":{\"@id\":\"https:\\\/\\\/shop.bantam.ch\\\/fr\\\/produit\\\/bac-a-glacons-quicksnap-plus-flexible\\\/#primaryimage\"},\"image\":{\"@id\":\"https:\\\/\\\/shop.bantam.ch\\\/fr\\\/produit\\\/bac-a-glacons-quicksnap-plus-flexible\\\/#primaryimage\"},\"thumbnailUrl\":\"https:\\\/\\\/shop.bantam.ch\\\/wp-content\\\/uploads\\\/2023\\\/02\\\/995334311.jpg\",\"datePublished\":\"2023-02-27T19:54:17+00:00\",\"dateModified\":\"2026-04-19T19:15:49+00:00\",\"breadcrumb\":{\"@id\":\"https:\\\/\\\/shop.bantam.ch\\\/fr\\\/produit\\\/bac-a-glacons-quicksnap-plus-flexible\\\/#breadcrumb\"},\"inLanguage\":\"fr-FR\",\"potentialAction\":[{\"@type\":\"ReadAction\",\"target\":[\"https:\\\/\\\/shop.bantam.ch\\\/fr\\\/produit\\\/bac-a-glacons-quicksnap-plus-flexible\\\/\"]}]},{\"@type\":\"ImageObject\",\"inLanguage\":\"fr-FR\",\"@id\":\"https:\\\/\\\/shop.bantam.ch\\\/fr\\\/produit\\\/bac-a-glacons-quicksnap-plus-flexible\\\/#primaryimage\",\"url\":\"https:\\\/\\\/shop.bantam.ch\\\/wp-content\\\/uploads\\\/2023\\\/02\\\/995334311.jpg\",\"contentUrl\":\"https:\\\/\\\/shop.bantam.ch\\\/wp-content\\\/uploads\\\/2023\\\/02\\\/995334311.jpg\",\"width\":1000,\"height\":1000},{\"@type\":\"BreadcrumbList\",\"@id\":\"https:\\\/\\\/shop.bantam.ch\\\/fr\\\/produit\\\/bac-a-glacons-quicksnap-plus-flexible\\\/#breadcrumb\",\"itemListElement\":[{\"@type\":\"ListItem\",\"position\":1,\"name\":\"Accueil\",\"item\":\"https:\\\/\\\/shop.bantam.ch\\\/fr\\\/\"},{\"@type\":\"ListItem\",\"position\":2,\"name\":\"Boutique\",\"item\":\"https:\\\/\\\/shop.bantam.ch\\\/fr\\\/boutique\\\/\"},{\"@type\":\"ListItem\",\"position\":3,\"name\":\"Bac \u00e0 gla\u00e7ons Joseph Joseph QuickSnap Plus Souple, empilable, avec couvercle\"}]},{\"@type\":\"WebSite\",\"@id\":\"https:\\\/\\\/shop.bantam.ch\\\/fr\\\/#website\",\"url\":\"https:\\\/\\\/shop.bantam.ch\\\/fr\\\/\",\"name\":\"Bantam Wankm\u00fcller SA\",\"description\":\"\",\"publisher\":{\"@id\":\"https:\\\/\\\/shop.bantam.ch\\\/fr\\\/#organization\"},\"inLanguage\":\"fr-FR\"},{\"@type\":\"Organization\",\"@id\":\"https:\\\/\\\/shop.bantam.ch\\\/fr\\\/#organization\",\"name\":\"Bantam Wankm\u00fcller SA\",\"url\":\"https:\\\/\\\/shop.bantam.ch\\\/fr\\\/\",\"logo\":{\"@type\":\"ImageObject\",\"inLanguage\":\"fr-FR\",\"@id\":\"https:\\\/\\\/shop.bantam.ch\\\/fr\\\/#\\\/schema\\\/logo\\\/image\\\/\",\"url\":\"https:\\\/\\\/shop.bantam.ch\\\/wp-content\\\/uploads\\\/2022\\\/12\\\/bantam-logo.png\",\"contentUrl\":\"https:\\\/\\\/shop.bantam.ch\\\/wp-content\\\/uploads\\\/2022\\\/12\\\/bantam-logo.png\",\"width\":320,\"height\":71,\"caption\":\"Bantam Wankm\u00fcller SA\"},\"image\":{\"@id\":\"https:\\\/\\\/shop.bantam.ch\\\/fr\\\/#\\\/schema\\\/logo\\\/image\\\/\"}}]}<\/script>\n<!-- \/ Yoast SEO plugin. -->","yoast_head_json":{"title":"Bac \u00e0 gla\u00e7ons Joseph Joseph QuickSnap Plus Souple, empilable, avec couvercle - Bantam Wankm\u00fcller SA","robots":{"index":"index","follow":"follow","max-snippet":"max-snippet:-1","max-image-preview":"max-image-preview:large","max-video-preview":"max-video-preview:-1"},"canonical":"https:\/\/shop.bantam.ch\/fr\/produit\/bac-a-glacons-quicksnap-plus-flexible\/","og_locale":"fr_FR","og_type":"article","og_title":"Bac \u00e0 gla\u00e7ons Joseph Joseph QuickSnap Plus Souple, empilable, avec couvercle - Bantam Wankm\u00fcller SA","og_description":"Bien qu&rsquo;il ressemble \u00e0 un bac \u00e0 gla\u00e7ons classique, il poss\u00e8de m\u00e9canisme d\u2018enclenchement unique qui maintient les gla\u00e7ons en place aussi longtemps que vous le souhaitez. Ce nouveau mod\u00e8le poss\u00e8de un couvercle souple qui permet d\u2019empiler plusieurs bacs \u00e0 gla\u00e7ons. Le couvercle emp\u00eache le renversement d\u2019eau et l\u2019absorption d\u2019odeurs.Remplissez QuickSnap\u2122 Plus d\u2019eau comme un bac [&hellip;]","og_url":"https:\/\/shop.bantam.ch\/fr\/produit\/bac-a-glacons-quicksnap-plus-flexible\/","og_site_name":"Bantam Wankm\u00fcller SA","article_modified_time":"2026-04-19T19:15:49+00:00","og_image":[{"width":1000,"height":1000,"url":"https:\/\/shop.bantam.ch\/wp-content\/uploads\/2023\/02\/995334311.jpg","type":"image\/jpeg"}],"twitter_card":"summary_large_image","twitter_misc":{"Dur\u00e9e de lecture estim\u00e9e":"1 minute"},"schema":{"@context":"https:\/\/schema.org","@graph":[{"@type":"WebPage","@id":"https:\/\/shop.bantam.ch\/fr\/produit\/bac-a-glacons-quicksnap-plus-flexible\/","url":"https:\/\/shop.bantam.ch\/fr\/produit\/bac-a-glacons-quicksnap-plus-flexible\/","name":"Bac \u00e0 gla\u00e7ons Joseph Joseph QuickSnap Plus Souple, empilable, avec couvercle - Bantam Wankm\u00fcller SA","isPartOf":{"@id":"https:\/\/shop.bantam.ch\/fr\/#website"},"primaryImageOfPage":{"@id":"https:\/\/shop.bantam.ch\/fr\/produit\/bac-a-glacons-quicksnap-plus-flexible\/#primaryimage"},"image":{"@id":"https:\/\/shop.bantam.ch\/fr\/produit\/bac-a-glacons-quicksnap-plus-flexible\/#primaryimage"},"thumbnailUrl":"https:\/\/shop.bantam.ch\/wp-content\/uploads\/2023\/02\/995334311.jpg","datePublished":"2023-02-27T19:54:17+00:00","dateModified":"2026-04-19T19:15:49+00:00","breadcrumb":{"@id":"https:\/\/shop.bantam.ch\/fr\/produit\/bac-a-glacons-quicksnap-plus-flexible\/#breadcrumb"},"inLanguage":"fr-FR","potentialAction":[{"@type":"ReadAction","target":["https:\/\/shop.bantam.ch\/fr\/produit\/bac-a-glacons-quicksnap-plus-flexible\/"]}]},{"@type":"ImageObject","inLanguage":"fr-FR","@id":"https:\/\/shop.bantam.ch\/fr\/produit\/bac-a-glacons-quicksnap-plus-flexible\/#primaryimage","url":"https:\/\/shop.bantam.ch\/wp-content\/uploads\/2023\/02\/995334311.jpg","contentUrl":"https:\/\/shop.bantam.ch\/wp-content\/uploads\/2023\/02\/995334311.jpg","width":1000,"height":1000},{"@type":"BreadcrumbList","@id":"https:\/\/shop.bantam.ch\/fr\/produit\/bac-a-glacons-quicksnap-plus-flexible\/#breadcrumb","itemListElement":[{"@type":"ListItem","position":1,"name":"Accueil","item":"https:\/\/shop.bantam.ch\/fr\/"},{"@type":"ListItem","position":2,"name":"Boutique","item":"https:\/\/shop.bantam.ch\/fr\/boutique\/"},{"@type":"ListItem","position":3,"name":"Bac \u00e0 gla\u00e7ons Joseph Joseph QuickSnap Plus Souple, empilable, avec couvercle"}]},{"@type":"WebSite","@id":"https:\/\/shop.bantam.ch\/fr\/#website","url":"https:\/\/shop.bantam.ch\/fr\/","name":"Bantam Wankm\u00fcller SA","description":"","publisher":{"@id":"https:\/\/shop.bantam.ch\/fr\/#organization"},"inLanguage":"fr-FR"},{"@type":"Organization","@id":"https:\/\/shop.bantam.ch\/fr\/#organization","name":"Bantam Wankm\u00fcller SA","url":"https:\/\/shop.bantam.ch\/fr\/","logo":{"@type":"ImageObject","inLanguage":"fr-FR","@id":"https:\/\/shop.bantam.ch\/fr\/#\/schema\/logo\/image\/","url":"https:\/\/shop.bantam.ch\/wp-content\/uploads\/2022\/12\/bantam-logo.png","contentUrl":"https:\/\/shop.bantam.ch\/wp-content\/uploads\/2022\/12\/bantam-logo.png","width":320,"height":71,"caption":"Bantam Wankm\u00fcller SA"},"image":{"@id":"https:\/\/shop.bantam.ch\/fr\/#\/schema\/logo\/image\/"}}]}},"_links":{"self":[{"href":"https:\/\/shop.bantam.ch\/fr\/wp-json\/wp\/v2\/product\/70589","targetHints":{"allow":["GET"]}}],"collection":[{"href":"https:\/\/shop.bantam.ch\/fr\/wp-json\/wp\/v2\/product"}],"about":[{"href":"https:\/\/shop.bantam.ch\/fr\/wp-json\/wp\/v2\/types\/product"}],"wp:featuredmedia":[{"embeddable":true,"href":"https:\/\/shop.bantam.ch\/fr\/wp-json\/wp\/v2\/media\/70581"}],"wp:attachment":[{"href":"https:\/\/shop.bantam.ch\/fr\/wp-json\/wp\/v2\/media?parent=70589"}],"wp:term":[{"taxonomy":"product_featured_cat","embeddable":true,"href":"https:\/\/shop.bantam.ch\/fr\/wp-json\/wp\/v2\/product_featured_cat?post=70589"},{"taxonomy":"product_brand","embeddable":true,"href":"https:\/\/shop.bantam.ch\/fr\/wp-json\/wp\/v2\/product_brand?post=70589"},{"taxonomy":"product_cat","embeddable":true,"href":"https:\/\/shop.bantam.ch\/fr\/wp-json\/wp\/v2\/product_cat?post=70589"},{"taxonomy":"product_tag","embeddable":true,"href":"https:\/\/shop.bantam.ch\/fr\/wp-json\/wp\/v2\/product_tag?post=70589"}],"curies":[{"name":"wp","href":"https:\/\/api.w.org\/{rel}","templated":true}]}}