{"id":70451,"date":"2023-02-27T20:51:16","date_gmt":"2023-02-27T19:51:16","guid":{"rendered":"http:\/\/shop.bantam.ch\/produit\/rechaud-a-gaz-jv\/"},"modified":"2026-04-29T22:19:54","modified_gmt":"2026-04-29T20:19:54","slug":"rechaud-a-gaz-jv","status":"publish","type":"product","link":"https:\/\/shop.bantam.ch\/fr\/produit\/rechaud-a-gaz-jv\/","title":{"rendered":"R\u00e9chaud \u00e0 gaz JV"},"content":{"rendered":"<p>Gr\u00e2ce \u00e0 l\u2019effet Turbo, le tourbillon de gaz et d\u2019oxyg\u00e8ne est renforc\u00e9 et la combustion est plus concentr\u00e9e.  Ainsi, la consommation est nettement r\u00e9duite et vous r\u00e9alisez des \u00e9conomies d\u2019\u00e9nergie. Dans un m\u00eame temps, l\u2018efficacit\u00e9 de la g\u00e9n\u00e9ration de chaleur est augment\u00e9e. Tous les r\u00e9chauds sont \u00e9quip\u00e9s d\u2019une s\u00e9curit\u00e9 d\u2019allumage et peuvent \u00eatre utilis\u00e9s sans transformations co\u00fbteuses pour une pression de gaz de 30 et 50 mbar. Excellent pour la paella et les plats au wok. La fabrication haut de gamme en acier inoxydable garantit une r\u00e9sistance \u00e9lev\u00e9e \u00e0 la corrosion et rallonge \u00e9norm\u00e9ment la dur\u00e9e de vie de ces r\u00e9chauds.<\/p>\n<p>Informations compl\u00e9mentaires :<br \/>Ces r\u00e9chauds \u00e0 gaz sont uniquement autoris\u00e9s pour une utilisation \u00e0 l\u2019ext\u00e9rieur.<\/p>\n<p>\u00a0<br \/>Contenu de la livraison<br \/>Sans tuyau ni d\u00e9tendeur.<\/p>\n","protected":false},"excerpt":{"rendered":"<p>Gr\u00e2ce \u00e0 l\u2019effet Turbo, le tourbillon de gaz et d\u2019oxyg\u00e8ne est renforc\u00e9 et la combustion est plus concentr\u00e9e. Ainsi, la consommation est nettement r\u00e9duite et vous r\u00e9alisez des \u00e9conomies d\u2019\u00e9nergie. Dans un m\u00eame temps, l\u2018efficacit\u00e9 de la g\u00e9n\u00e9ration de chaleur est augment\u00e9e. Tous les r\u00e9chauds sont \u00e9quip\u00e9s d\u2019une s\u00e9curit\u00e9 d\u2019allumage et peuvent \u00eatre utilis\u00e9s sans [&hellip;]<\/p>\n","protected":false},"featured_media":70445,"template":"","meta":{"_acf_changed":false},"product_featured_cat":[],"product_brand":[3452],"product_cat":[4305],"product_tag":[],"class_list":{"0":"post-70451","1":"product","2":"type-product","3":"status-publish","4":"has-post-thumbnail","6":"product_brand-jv","7":"product_cat-rechauds","9":"first","10":"instock","11":"taxable","12":"shipping-taxable","13":"purchasable","14":"product-type-variable"},"acf":[],"yoast_head":"<!-- This site is optimized with the Yoast SEO plugin v27.5 - https:\/\/yoast.com\/product\/yoast-seo-wordpress\/ -->\n<title>R\u00e9chaud \u00e0 gaz JV - Bantam<\/title>\n<meta name=\"robots\" content=\"index, follow, max-snippet:-1, max-image-preview:large, max-video-preview:-1\" \/>\n<link rel=\"canonical\" href=\"https:\/\/shop.bantam.ch\/fr\/produit\/rechaud-a-gaz-jv\/\" \/>\n<meta property=\"og:locale\" content=\"fr_FR\" \/>\n<meta property=\"og:type\" content=\"article\" \/>\n<meta property=\"og:title\" content=\"R\u00e9chaud \u00e0 gaz JV - Bantam\" \/>\n<meta property=\"og:description\" content=\"Gr\u00e2ce \u00e0 l\u2019effet Turbo, le tourbillon de gaz et d\u2019oxyg\u00e8ne est renforc\u00e9 et la combustion est plus concentr\u00e9e. Ainsi, la consommation est nettement r\u00e9duite et vous r\u00e9alisez des \u00e9conomies d\u2019\u00e9nergie. Dans un m\u00eame temps, l\u2018efficacit\u00e9 de la g\u00e9n\u00e9ration de chaleur est augment\u00e9e. Tous les r\u00e9chauds sont \u00e9quip\u00e9s d\u2019une s\u00e9curit\u00e9 d\u2019allumage et peuvent \u00eatre utilis\u00e9s sans [&hellip;]\" \/>\n<meta property=\"og:url\" content=\"https:\/\/shop.bantam.ch\/fr\/produit\/rechaud-a-gaz-jv\/\" \/>\n<meta property=\"og:site_name\" content=\"Bantam\" \/>\n<meta property=\"article:modified_time\" content=\"2026-04-29T20:19:54+00:00\" \/>\n<meta property=\"og:image\" content=\"https:\/\/shop.bantam.ch\/wp-content\/uploads\/2023\/02\/995329811.jpg\" \/>\n\t<meta property=\"og:image:width\" content=\"1000\" \/>\n\t<meta property=\"og:image:height\" content=\"567\" \/>\n\t<meta property=\"og:image:type\" content=\"image\/jpeg\" \/>\n<meta name=\"twitter:card\" content=\"summary_large_image\" \/>\n<meta name=\"twitter:label1\" content=\"Dur\u00e9e de lecture estim\u00e9e\" \/>\n\t<meta name=\"twitter:data1\" content=\"1 minute\" \/>\n<script type=\"application\/ld+json\" class=\"yoast-schema-graph\">{\"@context\":\"https:\\\/\\\/schema.org\",\"@graph\":[{\"@type\":\"WebPage\",\"@id\":\"https:\\\/\\\/shop.bantam.ch\\\/fr\\\/produit\\\/rechaud-a-gaz-jv\\\/\",\"url\":\"https:\\\/\\\/shop.bantam.ch\\\/fr\\\/produit\\\/rechaud-a-gaz-jv\\\/\",\"name\":\"R\u00e9chaud \u00e0 gaz JV - Bantam\",\"isPartOf\":{\"@id\":\"https:\\\/\\\/shop.bantam.ch\\\/fr\\\/#website\"},\"primaryImageOfPage\":{\"@id\":\"https:\\\/\\\/shop.bantam.ch\\\/fr\\\/produit\\\/rechaud-a-gaz-jv\\\/#primaryimage\"},\"image\":{\"@id\":\"https:\\\/\\\/shop.bantam.ch\\\/fr\\\/produit\\\/rechaud-a-gaz-jv\\\/#primaryimage\"},\"thumbnailUrl\":\"https:\\\/\\\/shop.bantam.ch\\\/wp-content\\\/uploads\\\/2023\\\/02\\\/995329811.jpg\",\"datePublished\":\"2023-02-27T19:51:16+00:00\",\"dateModified\":\"2026-04-29T20:19:54+00:00\",\"breadcrumb\":{\"@id\":\"https:\\\/\\\/shop.bantam.ch\\\/fr\\\/produit\\\/rechaud-a-gaz-jv\\\/#breadcrumb\"},\"inLanguage\":\"fr-FR\",\"potentialAction\":[{\"@type\":\"ReadAction\",\"target\":[\"https:\\\/\\\/shop.bantam.ch\\\/fr\\\/produit\\\/rechaud-a-gaz-jv\\\/\"]}]},{\"@type\":\"ImageObject\",\"inLanguage\":\"fr-FR\",\"@id\":\"https:\\\/\\\/shop.bantam.ch\\\/fr\\\/produit\\\/rechaud-a-gaz-jv\\\/#primaryimage\",\"url\":\"https:\\\/\\\/shop.bantam.ch\\\/wp-content\\\/uploads\\\/2023\\\/02\\\/995329811.jpg\",\"contentUrl\":\"https:\\\/\\\/shop.bantam.ch\\\/wp-content\\\/uploads\\\/2023\\\/02\\\/995329811.jpg\",\"width\":1000,\"height\":567},{\"@type\":\"BreadcrumbList\",\"@id\":\"https:\\\/\\\/shop.bantam.ch\\\/fr\\\/produit\\\/rechaud-a-gaz-jv\\\/#breadcrumb\",\"itemListElement\":[{\"@type\":\"ListItem\",\"position\":1,\"name\":\"Accueil\",\"item\":\"https:\\\/\\\/shop.bantam.ch\\\/fr\\\/\"},{\"@type\":\"ListItem\",\"position\":2,\"name\":\"Boutique\",\"item\":\"https:\\\/\\\/shop.bantam.ch\\\/fr\\\/boutique\\\/\"},{\"@type\":\"ListItem\",\"position\":3,\"name\":\"R\u00e9chaud \u00e0 gaz JV\"}]},{\"@type\":\"WebSite\",\"@id\":\"https:\\\/\\\/shop.bantam.ch\\\/fr\\\/#website\",\"url\":\"https:\\\/\\\/shop.bantam.ch\\\/fr\\\/\",\"name\":\"Bantam\",\"description\":\"\",\"publisher\":{\"@id\":\"https:\\\/\\\/shop.bantam.ch\\\/fr\\\/#organization\"},\"inLanguage\":\"fr-FR\"},{\"@type\":\"Organization\",\"@id\":\"https:\\\/\\\/shop.bantam.ch\\\/fr\\\/#organization\",\"name\":\"Bantam\",\"url\":\"https:\\\/\\\/shop.bantam.ch\\\/fr\\\/\",\"logo\":{\"@type\":\"ImageObject\",\"inLanguage\":\"fr-FR\",\"@id\":\"https:\\\/\\\/shop.bantam.ch\\\/fr\\\/#\\\/schema\\\/logo\\\/image\\\/\",\"url\":\"https:\\\/\\\/shop.bantam.ch\\\/wp-content\\\/uploads\\\/2022\\\/12\\\/bantam-logo.png\",\"contentUrl\":\"https:\\\/\\\/shop.bantam.ch\\\/wp-content\\\/uploads\\\/2022\\\/12\\\/bantam-logo.png\",\"width\":320,\"height\":71,\"caption\":\"Bantam\"},\"image\":{\"@id\":\"https:\\\/\\\/shop.bantam.ch\\\/fr\\\/#\\\/schema\\\/logo\\\/image\\\/\"}}]}<\/script>\n<!-- \/ Yoast SEO plugin. -->","yoast_head_json":{"title":"R\u00e9chaud \u00e0 gaz JV - Bantam","robots":{"index":"index","follow":"follow","max-snippet":"max-snippet:-1","max-image-preview":"max-image-preview:large","max-video-preview":"max-video-preview:-1"},"canonical":"https:\/\/shop.bantam.ch\/fr\/produit\/rechaud-a-gaz-jv\/","og_locale":"fr_FR","og_type":"article","og_title":"R\u00e9chaud \u00e0 gaz JV - Bantam","og_description":"Gr\u00e2ce \u00e0 l\u2019effet Turbo, le tourbillon de gaz et d\u2019oxyg\u00e8ne est renforc\u00e9 et la combustion est plus concentr\u00e9e. Ainsi, la consommation est nettement r\u00e9duite et vous r\u00e9alisez des \u00e9conomies d\u2019\u00e9nergie. Dans un m\u00eame temps, l\u2018efficacit\u00e9 de la g\u00e9n\u00e9ration de chaleur est augment\u00e9e. Tous les r\u00e9chauds sont \u00e9quip\u00e9s d\u2019une s\u00e9curit\u00e9 d\u2019allumage et peuvent \u00eatre utilis\u00e9s sans [&hellip;]","og_url":"https:\/\/shop.bantam.ch\/fr\/produit\/rechaud-a-gaz-jv\/","og_site_name":"Bantam","article_modified_time":"2026-04-29T20:19:54+00:00","og_image":[{"width":1000,"height":567,"url":"https:\/\/shop.bantam.ch\/wp-content\/uploads\/2023\/02\/995329811.jpg","type":"image\/jpeg"}],"twitter_card":"summary_large_image","twitter_misc":{"Dur\u00e9e de lecture estim\u00e9e":"1 minute"},"schema":{"@context":"https:\/\/schema.org","@graph":[{"@type":"WebPage","@id":"https:\/\/shop.bantam.ch\/fr\/produit\/rechaud-a-gaz-jv\/","url":"https:\/\/shop.bantam.ch\/fr\/produit\/rechaud-a-gaz-jv\/","name":"R\u00e9chaud \u00e0 gaz JV - Bantam","isPartOf":{"@id":"https:\/\/shop.bantam.ch\/fr\/#website"},"primaryImageOfPage":{"@id":"https:\/\/shop.bantam.ch\/fr\/produit\/rechaud-a-gaz-jv\/#primaryimage"},"image":{"@id":"https:\/\/shop.bantam.ch\/fr\/produit\/rechaud-a-gaz-jv\/#primaryimage"},"thumbnailUrl":"https:\/\/shop.bantam.ch\/wp-content\/uploads\/2023\/02\/995329811.jpg","datePublished":"2023-02-27T19:51:16+00:00","dateModified":"2026-04-29T20:19:54+00:00","breadcrumb":{"@id":"https:\/\/shop.bantam.ch\/fr\/produit\/rechaud-a-gaz-jv\/#breadcrumb"},"inLanguage":"fr-FR","potentialAction":[{"@type":"ReadAction","target":["https:\/\/shop.bantam.ch\/fr\/produit\/rechaud-a-gaz-jv\/"]}]},{"@type":"ImageObject","inLanguage":"fr-FR","@id":"https:\/\/shop.bantam.ch\/fr\/produit\/rechaud-a-gaz-jv\/#primaryimage","url":"https:\/\/shop.bantam.ch\/wp-content\/uploads\/2023\/02\/995329811.jpg","contentUrl":"https:\/\/shop.bantam.ch\/wp-content\/uploads\/2023\/02\/995329811.jpg","width":1000,"height":567},{"@type":"BreadcrumbList","@id":"https:\/\/shop.bantam.ch\/fr\/produit\/rechaud-a-gaz-jv\/#breadcrumb","itemListElement":[{"@type":"ListItem","position":1,"name":"Accueil","item":"https:\/\/shop.bantam.ch\/fr\/"},{"@type":"ListItem","position":2,"name":"Boutique","item":"https:\/\/shop.bantam.ch\/fr\/boutique\/"},{"@type":"ListItem","position":3,"name":"R\u00e9chaud \u00e0 gaz JV"}]},{"@type":"WebSite","@id":"https:\/\/shop.bantam.ch\/fr\/#website","url":"https:\/\/shop.bantam.ch\/fr\/","name":"Bantam","description":"","publisher":{"@id":"https:\/\/shop.bantam.ch\/fr\/#organization"},"inLanguage":"fr-FR"},{"@type":"Organization","@id":"https:\/\/shop.bantam.ch\/fr\/#organization","name":"Bantam","url":"https:\/\/shop.bantam.ch\/fr\/","logo":{"@type":"ImageObject","inLanguage":"fr-FR","@id":"https:\/\/shop.bantam.ch\/fr\/#\/schema\/logo\/image\/","url":"https:\/\/shop.bantam.ch\/wp-content\/uploads\/2022\/12\/bantam-logo.png","contentUrl":"https:\/\/shop.bantam.ch\/wp-content\/uploads\/2022\/12\/bantam-logo.png","width":320,"height":71,"caption":"Bantam"},"image":{"@id":"https:\/\/shop.bantam.ch\/fr\/#\/schema\/logo\/image\/"}}]}},"_links":{"self":[{"href":"https:\/\/shop.bantam.ch\/fr\/wp-json\/wp\/v2\/product\/70451","targetHints":{"allow":["GET"]}}],"collection":[{"href":"https:\/\/shop.bantam.ch\/fr\/wp-json\/wp\/v2\/product"}],"about":[{"href":"https:\/\/shop.bantam.ch\/fr\/wp-json\/wp\/v2\/types\/product"}],"wp:featuredmedia":[{"embeddable":true,"href":"https:\/\/shop.bantam.ch\/fr\/wp-json\/wp\/v2\/media\/70445"}],"wp:attachment":[{"href":"https:\/\/shop.bantam.ch\/fr\/wp-json\/wp\/v2\/media?parent=70451"}],"wp:term":[{"taxonomy":"product_featured_cat","embeddable":true,"href":"https:\/\/shop.bantam.ch\/fr\/wp-json\/wp\/v2\/product_featured_cat?post=70451"},{"taxonomy":"product_brand","embeddable":true,"href":"https:\/\/shop.bantam.ch\/fr\/wp-json\/wp\/v2\/product_brand?post=70451"},{"taxonomy":"product_cat","embeddable":true,"href":"https:\/\/shop.bantam.ch\/fr\/wp-json\/wp\/v2\/product_cat?post=70451"},{"taxonomy":"product_tag","embeddable":true,"href":"https:\/\/shop.bantam.ch\/fr\/wp-json\/wp\/v2\/product_tag?post=70451"}],"curies":[{"name":"wp","href":"https:\/\/api.w.org\/{rel}","templated":true}]}}