{"id":70421,"date":"2023-02-27T20:50:39","date_gmt":"2023-02-27T19:50:39","guid":{"rendered":"http:\/\/shop.bantam.ch\/produit\/rechaud-de-camping-3-feux\/"},"modified":"2026-04-29T22:19:35","modified_gmt":"2026-04-29T20:19:35","slug":"rechaud-de-camping-3-feux","status":"publish","type":"product","link":"https:\/\/shop.bantam.ch\/fr\/produit\/rechaud-de-camping-3-feux\/","title":{"rendered":"R\u00e9chaud de camping 3 feux"},"content":{"rendered":"<p>Avec le beau temps commence aussi la saison pendant laquelle on aime \u00e0 passer du temps en plein air. C&rsquo;est d&rsquo;autant mieux lorsqu\u2019il est possible de d\u00e9placer ses activit\u00e9s \u00e0 l\u2019ext\u00e9rieur, ce qui s&rsquo;applique aussi \u00e0 la cuisine. Ce r\u00e9chaud de camping l\u00e9ger est l\u2019accessoire id\u00e9al pour pr\u00e9parer ces repas. Vous pouvez pr\u00e9parer vos mets en toute simplicit\u00e9 sur trois supports de casserole en \u00e9mail tout en discutant avec vos amis ou en prenant le soleil et sans avoir \u00e0 retourner \u00e0 la maison. \u00c0 pleine puissance, cette cuisini\u00e8re \u00e0 r\u00e9glage continu ne consomme que 385 grammes de gaz propane par heure. Cela signifie que vous pouvez utiliser cette cuisini\u00e8re \u00e0 gaz avec une bouteille de gaz propane de 11 kg pendant 28 heures. Pression de service 50 mbar propane-butane. Raccordement du tuyau : \u00bc\u201c filetage \u00e0 gauche (non compris dans la livraison).<\/p>\n","protected":false},"excerpt":{"rendered":"<p>Avec le beau temps commence aussi la saison pendant laquelle on aime \u00e0 passer du temps en plein air. C&rsquo;est d&rsquo;autant mieux lorsqu\u2019il est possible de d\u00e9placer ses activit\u00e9s \u00e0 l\u2019ext\u00e9rieur, ce qui s&rsquo;applique aussi \u00e0 la cuisine. Ce r\u00e9chaud de camping l\u00e9ger est l\u2019accessoire id\u00e9al pour pr\u00e9parer ces repas. Vous pouvez pr\u00e9parer vos mets [&hellip;]<\/p>\n","protected":false},"featured_media":70417,"template":"","meta":{"_acf_changed":false},"product_featured_cat":[],"product_brand":[3450],"product_cat":[4305],"product_tag":[],"class_list":{"0":"post-70421","1":"product","2":"type-product","3":"status-publish","4":"has-post-thumbnail","6":"product_brand-cago","7":"product_cat-rechauds","9":"first","10":"instock","11":"sale","12":"taxable","13":"shipping-taxable","14":"purchasable","15":"product-type-variable"},"acf":[],"yoast_head":"<!-- This site is optimized with the Yoast SEO plugin v27.5 - https:\/\/yoast.com\/product\/yoast-seo-wordpress\/ -->\n<title>R\u00e9chaud de camping 3 feux - Bantam<\/title>\n<meta name=\"robots\" content=\"index, follow, max-snippet:-1, max-image-preview:large, max-video-preview:-1\" \/>\n<link rel=\"canonical\" href=\"https:\/\/shop.bantam.ch\/fr\/produit\/rechaud-de-camping-3-feux\/\" \/>\n<meta property=\"og:locale\" content=\"fr_FR\" \/>\n<meta property=\"og:type\" content=\"article\" \/>\n<meta property=\"og:title\" content=\"R\u00e9chaud de camping 3 feux - Bantam\" \/>\n<meta property=\"og:description\" content=\"Avec le beau temps commence aussi la saison pendant laquelle on aime \u00e0 passer du temps en plein air. C&rsquo;est d&rsquo;autant mieux lorsqu\u2019il est possible de d\u00e9placer ses activit\u00e9s \u00e0 l\u2019ext\u00e9rieur, ce qui s&rsquo;applique aussi \u00e0 la cuisine. Ce r\u00e9chaud de camping l\u00e9ger est l\u2019accessoire id\u00e9al pour pr\u00e9parer ces repas. Vous pouvez pr\u00e9parer vos mets [&hellip;]\" \/>\n<meta property=\"og:url\" content=\"https:\/\/shop.bantam.ch\/fr\/produit\/rechaud-de-camping-3-feux\/\" \/>\n<meta property=\"og:site_name\" content=\"Bantam\" \/>\n<meta property=\"article:modified_time\" content=\"2026-04-29T20:19:35+00:00\" \/>\n<meta property=\"og:image\" content=\"https:\/\/shop.bantam.ch\/wp-content\/uploads\/2023\/02\/995329411.jpg\" \/>\n\t<meta property=\"og:image:width\" content=\"1000\" \/>\n\t<meta property=\"og:image:height\" content=\"697\" \/>\n\t<meta property=\"og:image:type\" content=\"image\/jpeg\" \/>\n<meta name=\"twitter:card\" content=\"summary_large_image\" \/>\n<meta name=\"twitter:label1\" content=\"Dur\u00e9e de lecture estim\u00e9e\" \/>\n\t<meta name=\"twitter:data1\" content=\"1 minute\" \/>\n<script type=\"application\/ld+json\" class=\"yoast-schema-graph\">{\"@context\":\"https:\\\/\\\/schema.org\",\"@graph\":[{\"@type\":\"WebPage\",\"@id\":\"https:\\\/\\\/shop.bantam.ch\\\/fr\\\/produit\\\/rechaud-de-camping-3-feux\\\/\",\"url\":\"https:\\\/\\\/shop.bantam.ch\\\/fr\\\/produit\\\/rechaud-de-camping-3-feux\\\/\",\"name\":\"R\u00e9chaud de camping 3 feux - Bantam\",\"isPartOf\":{\"@id\":\"https:\\\/\\\/shop.bantam.ch\\\/fr\\\/#website\"},\"primaryImageOfPage\":{\"@id\":\"https:\\\/\\\/shop.bantam.ch\\\/fr\\\/produit\\\/rechaud-de-camping-3-feux\\\/#primaryimage\"},\"image\":{\"@id\":\"https:\\\/\\\/shop.bantam.ch\\\/fr\\\/produit\\\/rechaud-de-camping-3-feux\\\/#primaryimage\"},\"thumbnailUrl\":\"https:\\\/\\\/shop.bantam.ch\\\/wp-content\\\/uploads\\\/2023\\\/02\\\/995329411.jpg\",\"datePublished\":\"2023-02-27T19:50:39+00:00\",\"dateModified\":\"2026-04-29T20:19:35+00:00\",\"breadcrumb\":{\"@id\":\"https:\\\/\\\/shop.bantam.ch\\\/fr\\\/produit\\\/rechaud-de-camping-3-feux\\\/#breadcrumb\"},\"inLanguage\":\"fr-FR\",\"potentialAction\":[{\"@type\":\"ReadAction\",\"target\":[\"https:\\\/\\\/shop.bantam.ch\\\/fr\\\/produit\\\/rechaud-de-camping-3-feux\\\/\"]}]},{\"@type\":\"ImageObject\",\"inLanguage\":\"fr-FR\",\"@id\":\"https:\\\/\\\/shop.bantam.ch\\\/fr\\\/produit\\\/rechaud-de-camping-3-feux\\\/#primaryimage\",\"url\":\"https:\\\/\\\/shop.bantam.ch\\\/wp-content\\\/uploads\\\/2023\\\/02\\\/995329411.jpg\",\"contentUrl\":\"https:\\\/\\\/shop.bantam.ch\\\/wp-content\\\/uploads\\\/2023\\\/02\\\/995329411.jpg\",\"width\":1000,\"height\":697},{\"@type\":\"BreadcrumbList\",\"@id\":\"https:\\\/\\\/shop.bantam.ch\\\/fr\\\/produit\\\/rechaud-de-camping-3-feux\\\/#breadcrumb\",\"itemListElement\":[{\"@type\":\"ListItem\",\"position\":1,\"name\":\"Accueil\",\"item\":\"https:\\\/\\\/shop.bantam.ch\\\/fr\\\/\"},{\"@type\":\"ListItem\",\"position\":2,\"name\":\"Boutique\",\"item\":\"https:\\\/\\\/shop.bantam.ch\\\/fr\\\/boutique\\\/\"},{\"@type\":\"ListItem\",\"position\":3,\"name\":\"R\u00e9chaud de camping 3 feux\"}]},{\"@type\":\"WebSite\",\"@id\":\"https:\\\/\\\/shop.bantam.ch\\\/fr\\\/#website\",\"url\":\"https:\\\/\\\/shop.bantam.ch\\\/fr\\\/\",\"name\":\"Bantam\",\"description\":\"\",\"publisher\":{\"@id\":\"https:\\\/\\\/shop.bantam.ch\\\/fr\\\/#organization\"},\"inLanguage\":\"fr-FR\"},{\"@type\":\"Organization\",\"@id\":\"https:\\\/\\\/shop.bantam.ch\\\/fr\\\/#organization\",\"name\":\"Bantam\",\"url\":\"https:\\\/\\\/shop.bantam.ch\\\/fr\\\/\",\"logo\":{\"@type\":\"ImageObject\",\"inLanguage\":\"fr-FR\",\"@id\":\"https:\\\/\\\/shop.bantam.ch\\\/fr\\\/#\\\/schema\\\/logo\\\/image\\\/\",\"url\":\"https:\\\/\\\/shop.bantam.ch\\\/wp-content\\\/uploads\\\/2022\\\/12\\\/bantam-logo.png\",\"contentUrl\":\"https:\\\/\\\/shop.bantam.ch\\\/wp-content\\\/uploads\\\/2022\\\/12\\\/bantam-logo.png\",\"width\":320,\"height\":71,\"caption\":\"Bantam\"},\"image\":{\"@id\":\"https:\\\/\\\/shop.bantam.ch\\\/fr\\\/#\\\/schema\\\/logo\\\/image\\\/\"}}]}<\/script>\n<!-- \/ Yoast SEO plugin. -->","yoast_head_json":{"title":"R\u00e9chaud de camping 3 feux - Bantam","robots":{"index":"index","follow":"follow","max-snippet":"max-snippet:-1","max-image-preview":"max-image-preview:large","max-video-preview":"max-video-preview:-1"},"canonical":"https:\/\/shop.bantam.ch\/fr\/produit\/rechaud-de-camping-3-feux\/","og_locale":"fr_FR","og_type":"article","og_title":"R\u00e9chaud de camping 3 feux - Bantam","og_description":"Avec le beau temps commence aussi la saison pendant laquelle on aime \u00e0 passer du temps en plein air. C&rsquo;est d&rsquo;autant mieux lorsqu\u2019il est possible de d\u00e9placer ses activit\u00e9s \u00e0 l\u2019ext\u00e9rieur, ce qui s&rsquo;applique aussi \u00e0 la cuisine. Ce r\u00e9chaud de camping l\u00e9ger est l\u2019accessoire id\u00e9al pour pr\u00e9parer ces repas. Vous pouvez pr\u00e9parer vos mets [&hellip;]","og_url":"https:\/\/shop.bantam.ch\/fr\/produit\/rechaud-de-camping-3-feux\/","og_site_name":"Bantam","article_modified_time":"2026-04-29T20:19:35+00:00","og_image":[{"width":1000,"height":697,"url":"https:\/\/shop.bantam.ch\/wp-content\/uploads\/2023\/02\/995329411.jpg","type":"image\/jpeg"}],"twitter_card":"summary_large_image","twitter_misc":{"Dur\u00e9e de lecture estim\u00e9e":"1 minute"},"schema":{"@context":"https:\/\/schema.org","@graph":[{"@type":"WebPage","@id":"https:\/\/shop.bantam.ch\/fr\/produit\/rechaud-de-camping-3-feux\/","url":"https:\/\/shop.bantam.ch\/fr\/produit\/rechaud-de-camping-3-feux\/","name":"R\u00e9chaud de camping 3 feux - Bantam","isPartOf":{"@id":"https:\/\/shop.bantam.ch\/fr\/#website"},"primaryImageOfPage":{"@id":"https:\/\/shop.bantam.ch\/fr\/produit\/rechaud-de-camping-3-feux\/#primaryimage"},"image":{"@id":"https:\/\/shop.bantam.ch\/fr\/produit\/rechaud-de-camping-3-feux\/#primaryimage"},"thumbnailUrl":"https:\/\/shop.bantam.ch\/wp-content\/uploads\/2023\/02\/995329411.jpg","datePublished":"2023-02-27T19:50:39+00:00","dateModified":"2026-04-29T20:19:35+00:00","breadcrumb":{"@id":"https:\/\/shop.bantam.ch\/fr\/produit\/rechaud-de-camping-3-feux\/#breadcrumb"},"inLanguage":"fr-FR","potentialAction":[{"@type":"ReadAction","target":["https:\/\/shop.bantam.ch\/fr\/produit\/rechaud-de-camping-3-feux\/"]}]},{"@type":"ImageObject","inLanguage":"fr-FR","@id":"https:\/\/shop.bantam.ch\/fr\/produit\/rechaud-de-camping-3-feux\/#primaryimage","url":"https:\/\/shop.bantam.ch\/wp-content\/uploads\/2023\/02\/995329411.jpg","contentUrl":"https:\/\/shop.bantam.ch\/wp-content\/uploads\/2023\/02\/995329411.jpg","width":1000,"height":697},{"@type":"BreadcrumbList","@id":"https:\/\/shop.bantam.ch\/fr\/produit\/rechaud-de-camping-3-feux\/#breadcrumb","itemListElement":[{"@type":"ListItem","position":1,"name":"Accueil","item":"https:\/\/shop.bantam.ch\/fr\/"},{"@type":"ListItem","position":2,"name":"Boutique","item":"https:\/\/shop.bantam.ch\/fr\/boutique\/"},{"@type":"ListItem","position":3,"name":"R\u00e9chaud de camping 3 feux"}]},{"@type":"WebSite","@id":"https:\/\/shop.bantam.ch\/fr\/#website","url":"https:\/\/shop.bantam.ch\/fr\/","name":"Bantam","description":"","publisher":{"@id":"https:\/\/shop.bantam.ch\/fr\/#organization"},"inLanguage":"fr-FR"},{"@type":"Organization","@id":"https:\/\/shop.bantam.ch\/fr\/#organization","name":"Bantam","url":"https:\/\/shop.bantam.ch\/fr\/","logo":{"@type":"ImageObject","inLanguage":"fr-FR","@id":"https:\/\/shop.bantam.ch\/fr\/#\/schema\/logo\/image\/","url":"https:\/\/shop.bantam.ch\/wp-content\/uploads\/2022\/12\/bantam-logo.png","contentUrl":"https:\/\/shop.bantam.ch\/wp-content\/uploads\/2022\/12\/bantam-logo.png","width":320,"height":71,"caption":"Bantam"},"image":{"@id":"https:\/\/shop.bantam.ch\/fr\/#\/schema\/logo\/image\/"}}]}},"_links":{"self":[{"href":"https:\/\/shop.bantam.ch\/fr\/wp-json\/wp\/v2\/product\/70421","targetHints":{"allow":["GET"]}}],"collection":[{"href":"https:\/\/shop.bantam.ch\/fr\/wp-json\/wp\/v2\/product"}],"about":[{"href":"https:\/\/shop.bantam.ch\/fr\/wp-json\/wp\/v2\/types\/product"}],"wp:featuredmedia":[{"embeddable":true,"href":"https:\/\/shop.bantam.ch\/fr\/wp-json\/wp\/v2\/media\/70417"}],"wp:attachment":[{"href":"https:\/\/shop.bantam.ch\/fr\/wp-json\/wp\/v2\/media?parent=70421"}],"wp:term":[{"taxonomy":"product_featured_cat","embeddable":true,"href":"https:\/\/shop.bantam.ch\/fr\/wp-json\/wp\/v2\/product_featured_cat?post=70421"},{"taxonomy":"product_brand","embeddable":true,"href":"https:\/\/shop.bantam.ch\/fr\/wp-json\/wp\/v2\/product_brand?post=70421"},{"taxonomy":"product_cat","embeddable":true,"href":"https:\/\/shop.bantam.ch\/fr\/wp-json\/wp\/v2\/product_cat?post=70421"},{"taxonomy":"product_tag","embeddable":true,"href":"https:\/\/shop.bantam.ch\/fr\/wp-json\/wp\/v2\/product_tag?post=70421"}],"curies":[{"name":"wp","href":"https:\/\/api.w.org\/{rel}","templated":true}]}}