{"id":70331,"date":"2024-02-27T16:02:46","date_gmt":"2024-02-27T15:02:46","guid":{"rendered":"http:\/\/shop.bantam.ch\/produit\/brasero-kamoto-open-fire-pit\/"},"modified":"2026-04-17T21:14:13","modified_gmt":"2026-04-17T19:14:13","slug":"brasero-kamoto-open-fire-pit","status":"publish","type":"product","link":"https:\/\/shop.bantam.ch\/fr\/produit\/brasero-kamoto-open-fire-pit\/","title":{"rendered":"Brasero Primus Kamoto Open Fire Pit Noir"},"content":{"rendered":"<p>Le Kamoto est un bras\u00e9ro portable pour bois ou bois de charbon, qui ne laisse aucune traces apr\u00e8s le feu de camp. Fabriqu\u00e9 en acier poudr\u00e9, il se plie et se transporte facilement.  Rapidement d\u00e9pli\u00e9, il est pr\u00eat \u00e0 \u00eatre allum\u00e9 en quelques secondes. Le bras\u00e9ro et le pare-vent sont en acier inoxydable. L\u2019arriv\u00e9e d&rsquo;air par le dessous assure une combustion efficace tandis que le bac \u00e0 cendres sous le bras\u00e9ro prot\u00e8ge le sol des risques d\u2019incendie. <\/p>\n<ul>\n<li>Dimensions pli\u00e9 : 53 x 6 x 39 cm (l\u2009x\u2009h\u2009x\u2009p)<\/li>\n<\/ul>\n","protected":false},"excerpt":{"rendered":"<p>Le Kamoto est un bras\u00e9ro portable pour bois ou bois de charbon, qui ne laisse aucune traces apr\u00e8s le feu de camp. Fabriqu\u00e9 en acier poudr\u00e9, il se plie et se transporte facilement. Rapidement d\u00e9pli\u00e9, il est pr\u00eat \u00e0 \u00eatre allum\u00e9 en quelques secondes. Le bras\u00e9ro et le pare-vent sont en acier inoxydable. L\u2019arriv\u00e9e d&rsquo;air [&hellip;]<\/p>\n","protected":false},"featured_media":70329,"template":"","meta":{"_acf_changed":false},"product_featured_cat":[],"product_brand":[3414],"product_cat":[4281],"product_tag":[],"class_list":{"0":"post-70331","1":"product","2":"type-product","3":"status-publish","4":"has-post-thumbnail","6":"product_brand-primus","7":"product_cat-barbecues-au-charbon-de-bois","9":"first","10":"instock","11":"taxable","12":"shipping-taxable","13":"purchasable","14":"product-type-simple"},"acf":[],"yoast_head":"<!-- This site is optimized with the Yoast SEO plugin v27.4 - https:\/\/yoast.com\/product\/yoast-seo-wordpress\/ -->\n<title>Brasero Primus Kamoto Open Fire Pit Noir - Bantam Wankm\u00fcller SA<\/title>\n<meta name=\"robots\" content=\"index, follow, max-snippet:-1, max-image-preview:large, max-video-preview:-1\" \/>\n<link rel=\"canonical\" href=\"https:\/\/shop.bantam.ch\/fr\/produit\/brasero-kamoto-open-fire-pit\/\" \/>\n<meta property=\"og:locale\" content=\"fr_FR\" \/>\n<meta property=\"og:type\" content=\"article\" \/>\n<meta property=\"og:title\" content=\"Brasero Primus Kamoto Open Fire Pit Noir - Bantam Wankm\u00fcller SA\" \/>\n<meta property=\"og:description\" content=\"Le Kamoto est un bras\u00e9ro portable pour bois ou bois de charbon, qui ne laisse aucune traces apr\u00e8s le feu de camp. Fabriqu\u00e9 en acier poudr\u00e9, il se plie et se transporte facilement. Rapidement d\u00e9pli\u00e9, il est pr\u00eat \u00e0 \u00eatre allum\u00e9 en quelques secondes. Le bras\u00e9ro et le pare-vent sont en acier inoxydable. L\u2019arriv\u00e9e d&rsquo;air [&hellip;]\" \/>\n<meta property=\"og:url\" content=\"https:\/\/shop.bantam.ch\/fr\/produit\/brasero-kamoto-open-fire-pit\/\" \/>\n<meta property=\"og:site_name\" content=\"Bantam Wankm\u00fcller SA\" \/>\n<meta property=\"article:modified_time\" content=\"2026-04-17T19:14:13+00:00\" \/>\n<meta property=\"og:image\" content=\"https:\/\/shop.bantam.ch\/wp-content\/uploads\/2023\/02\/995325511.jpg\" \/>\n\t<meta property=\"og:image:width\" content=\"1000\" \/>\n\t<meta property=\"og:image:height\" content=\"751\" \/>\n\t<meta property=\"og:image:type\" content=\"image\/jpeg\" \/>\n<meta name=\"twitter:card\" content=\"summary_large_image\" \/>\n<script type=\"application\/ld+json\" class=\"yoast-schema-graph\">{\"@context\":\"https:\\\/\\\/schema.org\",\"@graph\":[{\"@type\":\"WebPage\",\"@id\":\"https:\\\/\\\/shop.bantam.ch\\\/fr\\\/produit\\\/brasero-kamoto-open-fire-pit\\\/\",\"url\":\"https:\\\/\\\/shop.bantam.ch\\\/fr\\\/produit\\\/brasero-kamoto-open-fire-pit\\\/\",\"name\":\"Brasero Primus Kamoto Open Fire Pit Noir - Bantam Wankm\u00fcller SA\",\"isPartOf\":{\"@id\":\"https:\\\/\\\/shop.bantam.ch\\\/fr\\\/#website\"},\"primaryImageOfPage\":{\"@id\":\"https:\\\/\\\/shop.bantam.ch\\\/fr\\\/produit\\\/brasero-kamoto-open-fire-pit\\\/#primaryimage\"},\"image\":{\"@id\":\"https:\\\/\\\/shop.bantam.ch\\\/fr\\\/produit\\\/brasero-kamoto-open-fire-pit\\\/#primaryimage\"},\"thumbnailUrl\":\"https:\\\/\\\/shop.bantam.ch\\\/wp-content\\\/uploads\\\/2023\\\/02\\\/995325511.jpg\",\"datePublished\":\"2024-02-27T15:02:46+00:00\",\"dateModified\":\"2026-04-17T19:14:13+00:00\",\"breadcrumb\":{\"@id\":\"https:\\\/\\\/shop.bantam.ch\\\/fr\\\/produit\\\/brasero-kamoto-open-fire-pit\\\/#breadcrumb\"},\"inLanguage\":\"fr-FR\",\"potentialAction\":[{\"@type\":\"ReadAction\",\"target\":[\"https:\\\/\\\/shop.bantam.ch\\\/fr\\\/produit\\\/brasero-kamoto-open-fire-pit\\\/\"]}]},{\"@type\":\"ImageObject\",\"inLanguage\":\"fr-FR\",\"@id\":\"https:\\\/\\\/shop.bantam.ch\\\/fr\\\/produit\\\/brasero-kamoto-open-fire-pit\\\/#primaryimage\",\"url\":\"https:\\\/\\\/shop.bantam.ch\\\/wp-content\\\/uploads\\\/2023\\\/02\\\/995325511.jpg\",\"contentUrl\":\"https:\\\/\\\/shop.bantam.ch\\\/wp-content\\\/uploads\\\/2023\\\/02\\\/995325511.jpg\",\"width\":1000,\"height\":751},{\"@type\":\"BreadcrumbList\",\"@id\":\"https:\\\/\\\/shop.bantam.ch\\\/fr\\\/produit\\\/brasero-kamoto-open-fire-pit\\\/#breadcrumb\",\"itemListElement\":[{\"@type\":\"ListItem\",\"position\":1,\"name\":\"Accueil\",\"item\":\"https:\\\/\\\/shop.bantam.ch\\\/fr\\\/\"},{\"@type\":\"ListItem\",\"position\":2,\"name\":\"Boutique\",\"item\":\"https:\\\/\\\/shop.bantam.ch\\\/fr\\\/boutique\\\/\"},{\"@type\":\"ListItem\",\"position\":3,\"name\":\"Brasero Primus Kamoto Open Fire Pit Noir\"}]},{\"@type\":\"WebSite\",\"@id\":\"https:\\\/\\\/shop.bantam.ch\\\/fr\\\/#website\",\"url\":\"https:\\\/\\\/shop.bantam.ch\\\/fr\\\/\",\"name\":\"Bantam Wankm\u00fcller SA\",\"description\":\"\",\"publisher\":{\"@id\":\"https:\\\/\\\/shop.bantam.ch\\\/fr\\\/#organization\"},\"inLanguage\":\"fr-FR\"},{\"@type\":\"Organization\",\"@id\":\"https:\\\/\\\/shop.bantam.ch\\\/fr\\\/#organization\",\"name\":\"Bantam Wankm\u00fcller SA\",\"url\":\"https:\\\/\\\/shop.bantam.ch\\\/fr\\\/\",\"logo\":{\"@type\":\"ImageObject\",\"inLanguage\":\"fr-FR\",\"@id\":\"https:\\\/\\\/shop.bantam.ch\\\/fr\\\/#\\\/schema\\\/logo\\\/image\\\/\",\"url\":\"https:\\\/\\\/shop.bantam.ch\\\/wp-content\\\/uploads\\\/2022\\\/12\\\/bantam-logo.png\",\"contentUrl\":\"https:\\\/\\\/shop.bantam.ch\\\/wp-content\\\/uploads\\\/2022\\\/12\\\/bantam-logo.png\",\"width\":320,\"height\":71,\"caption\":\"Bantam Wankm\u00fcller SA\"},\"image\":{\"@id\":\"https:\\\/\\\/shop.bantam.ch\\\/fr\\\/#\\\/schema\\\/logo\\\/image\\\/\"}}]}<\/script>\n<!-- \/ Yoast SEO plugin. -->","yoast_head_json":{"title":"Brasero Primus Kamoto Open Fire Pit Noir - Bantam Wankm\u00fcller SA","robots":{"index":"index","follow":"follow","max-snippet":"max-snippet:-1","max-image-preview":"max-image-preview:large","max-video-preview":"max-video-preview:-1"},"canonical":"https:\/\/shop.bantam.ch\/fr\/produit\/brasero-kamoto-open-fire-pit\/","og_locale":"fr_FR","og_type":"article","og_title":"Brasero Primus Kamoto Open Fire Pit Noir - Bantam Wankm\u00fcller SA","og_description":"Le Kamoto est un bras\u00e9ro portable pour bois ou bois de charbon, qui ne laisse aucune traces apr\u00e8s le feu de camp. Fabriqu\u00e9 en acier poudr\u00e9, il se plie et se transporte facilement. Rapidement d\u00e9pli\u00e9, il est pr\u00eat \u00e0 \u00eatre allum\u00e9 en quelques secondes. Le bras\u00e9ro et le pare-vent sont en acier inoxydable. L\u2019arriv\u00e9e d&rsquo;air [&hellip;]","og_url":"https:\/\/shop.bantam.ch\/fr\/produit\/brasero-kamoto-open-fire-pit\/","og_site_name":"Bantam Wankm\u00fcller SA","article_modified_time":"2026-04-17T19:14:13+00:00","og_image":[{"width":1000,"height":751,"url":"https:\/\/shop.bantam.ch\/wp-content\/uploads\/2023\/02\/995325511.jpg","type":"image\/jpeg"}],"twitter_card":"summary_large_image","schema":{"@context":"https:\/\/schema.org","@graph":[{"@type":"WebPage","@id":"https:\/\/shop.bantam.ch\/fr\/produit\/brasero-kamoto-open-fire-pit\/","url":"https:\/\/shop.bantam.ch\/fr\/produit\/brasero-kamoto-open-fire-pit\/","name":"Brasero Primus Kamoto Open Fire Pit Noir - Bantam Wankm\u00fcller SA","isPartOf":{"@id":"https:\/\/shop.bantam.ch\/fr\/#website"},"primaryImageOfPage":{"@id":"https:\/\/shop.bantam.ch\/fr\/produit\/brasero-kamoto-open-fire-pit\/#primaryimage"},"image":{"@id":"https:\/\/shop.bantam.ch\/fr\/produit\/brasero-kamoto-open-fire-pit\/#primaryimage"},"thumbnailUrl":"https:\/\/shop.bantam.ch\/wp-content\/uploads\/2023\/02\/995325511.jpg","datePublished":"2024-02-27T15:02:46+00:00","dateModified":"2026-04-17T19:14:13+00:00","breadcrumb":{"@id":"https:\/\/shop.bantam.ch\/fr\/produit\/brasero-kamoto-open-fire-pit\/#breadcrumb"},"inLanguage":"fr-FR","potentialAction":[{"@type":"ReadAction","target":["https:\/\/shop.bantam.ch\/fr\/produit\/brasero-kamoto-open-fire-pit\/"]}]},{"@type":"ImageObject","inLanguage":"fr-FR","@id":"https:\/\/shop.bantam.ch\/fr\/produit\/brasero-kamoto-open-fire-pit\/#primaryimage","url":"https:\/\/shop.bantam.ch\/wp-content\/uploads\/2023\/02\/995325511.jpg","contentUrl":"https:\/\/shop.bantam.ch\/wp-content\/uploads\/2023\/02\/995325511.jpg","width":1000,"height":751},{"@type":"BreadcrumbList","@id":"https:\/\/shop.bantam.ch\/fr\/produit\/brasero-kamoto-open-fire-pit\/#breadcrumb","itemListElement":[{"@type":"ListItem","position":1,"name":"Accueil","item":"https:\/\/shop.bantam.ch\/fr\/"},{"@type":"ListItem","position":2,"name":"Boutique","item":"https:\/\/shop.bantam.ch\/fr\/boutique\/"},{"@type":"ListItem","position":3,"name":"Brasero Primus Kamoto Open Fire Pit Noir"}]},{"@type":"WebSite","@id":"https:\/\/shop.bantam.ch\/fr\/#website","url":"https:\/\/shop.bantam.ch\/fr\/","name":"Bantam Wankm\u00fcller SA","description":"","publisher":{"@id":"https:\/\/shop.bantam.ch\/fr\/#organization"},"inLanguage":"fr-FR"},{"@type":"Organization","@id":"https:\/\/shop.bantam.ch\/fr\/#organization","name":"Bantam Wankm\u00fcller SA","url":"https:\/\/shop.bantam.ch\/fr\/","logo":{"@type":"ImageObject","inLanguage":"fr-FR","@id":"https:\/\/shop.bantam.ch\/fr\/#\/schema\/logo\/image\/","url":"https:\/\/shop.bantam.ch\/wp-content\/uploads\/2022\/12\/bantam-logo.png","contentUrl":"https:\/\/shop.bantam.ch\/wp-content\/uploads\/2022\/12\/bantam-logo.png","width":320,"height":71,"caption":"Bantam Wankm\u00fcller SA"},"image":{"@id":"https:\/\/shop.bantam.ch\/fr\/#\/schema\/logo\/image\/"}}]}},"_links":{"self":[{"href":"https:\/\/shop.bantam.ch\/fr\/wp-json\/wp\/v2\/product\/70331","targetHints":{"allow":["GET"]}}],"collection":[{"href":"https:\/\/shop.bantam.ch\/fr\/wp-json\/wp\/v2\/product"}],"about":[{"href":"https:\/\/shop.bantam.ch\/fr\/wp-json\/wp\/v2\/types\/product"}],"wp:featuredmedia":[{"embeddable":true,"href":"https:\/\/shop.bantam.ch\/fr\/wp-json\/wp\/v2\/media\/70329"}],"wp:attachment":[{"href":"https:\/\/shop.bantam.ch\/fr\/wp-json\/wp\/v2\/media?parent=70331"}],"wp:term":[{"taxonomy":"product_featured_cat","embeddable":true,"href":"https:\/\/shop.bantam.ch\/fr\/wp-json\/wp\/v2\/product_featured_cat?post=70331"},{"taxonomy":"product_brand","embeddable":true,"href":"https:\/\/shop.bantam.ch\/fr\/wp-json\/wp\/v2\/product_brand?post=70331"},{"taxonomy":"product_cat","embeddable":true,"href":"https:\/\/shop.bantam.ch\/fr\/wp-json\/wp\/v2\/product_cat?post=70331"},{"taxonomy":"product_tag","embeddable":true,"href":"https:\/\/shop.bantam.ch\/fr\/wp-json\/wp\/v2\/product_tag?post=70331"}],"curies":[{"name":"wp","href":"https:\/\/api.w.org\/{rel}","templated":true}]}}