{"id":70327,"date":"2023-02-27T20:48:40","date_gmt":"2023-02-27T19:48:40","guid":{"rendered":"http:\/\/shop.bantam.ch\/produit\/rechaud-a-gaz-mimer-duo\/"},"modified":"2026-04-17T21:14:12","modified_gmt":"2026-04-17T19:14:12","slug":"rechaud-a-gaz-mimer-duo","status":"publish","type":"product","link":"https:\/\/shop.bantam.ch\/fr\/produit\/rechaud-a-gaz-mimer-duo\/","title":{"rendered":"R\u00e9chaud Primus Mimer Duo"},"content":{"rendered":"<p>Mimer est un r\u00e9chaud robuste, simple et classique pour tous ceux qui veulent savourer de bons repas en pleine nature. Les supports de r\u00e9cipient offrent une bonne protection contre le vent pour une cuisson plus rapide et s\u00fbre.  La variante avec valve Duo permet de raccorder la plupart des cartouches de gaz aux valves commercialis\u00e9es sur le march\u00e9. <\/p>\n<ul>\n<li>Combustible : gaz<\/li>\n<li>Temps d\u2019\u00e9bullition env. 2:30 min. \/ 1 l<\/li>\n<\/ul>\n","protected":false},"excerpt":{"rendered":"<p>Mimer est un r\u00e9chaud robuste, simple et classique pour tous ceux qui veulent savourer de bons repas en pleine nature. Les supports de r\u00e9cipient offrent une bonne protection contre le vent pour une cuisson plus rapide et s\u00fbre. La variante avec valve Duo permet de raccorder la plupart des cartouches de gaz aux valves commercialis\u00e9es [&hellip;]<\/p>\n","protected":false},"featured_media":70325,"template":"","meta":{"_acf_changed":false},"product_featured_cat":[],"product_brand":[3414],"product_cat":[4305],"product_tag":[],"class_list":{"0":"post-70327","1":"product","2":"type-product","3":"status-publish","4":"has-post-thumbnail","6":"product_brand-primus","7":"product_cat-rechauds","9":"first","10":"instock","11":"taxable","12":"shipping-taxable","13":"purchasable","14":"product-type-simple"},"acf":[],"yoast_head":"<!-- This site is optimized with the Yoast SEO plugin v27.4 - https:\/\/yoast.com\/product\/yoast-seo-wordpress\/ -->\n<title>R\u00e9chaud Primus Mimer Duo - Bantam Wankm\u00fcller SA<\/title>\n<meta name=\"robots\" content=\"index, follow, max-snippet:-1, max-image-preview:large, max-video-preview:-1\" \/>\n<link rel=\"canonical\" href=\"https:\/\/shop.bantam.ch\/fr\/produit\/rechaud-a-gaz-mimer-duo\/\" \/>\n<meta property=\"og:locale\" content=\"fr_FR\" \/>\n<meta property=\"og:type\" content=\"article\" \/>\n<meta property=\"og:title\" content=\"R\u00e9chaud Primus Mimer Duo - Bantam Wankm\u00fcller SA\" \/>\n<meta property=\"og:description\" content=\"Mimer est un r\u00e9chaud robuste, simple et classique pour tous ceux qui veulent savourer de bons repas en pleine nature. Les supports de r\u00e9cipient offrent une bonne protection contre le vent pour une cuisson plus rapide et s\u00fbre. La variante avec valve Duo permet de raccorder la plupart des cartouches de gaz aux valves commercialis\u00e9es [&hellip;]\" \/>\n<meta property=\"og:url\" content=\"https:\/\/shop.bantam.ch\/fr\/produit\/rechaud-a-gaz-mimer-duo\/\" \/>\n<meta property=\"og:site_name\" content=\"Bantam Wankm\u00fcller SA\" \/>\n<meta property=\"article:modified_time\" content=\"2026-04-17T19:14:12+00:00\" \/>\n<meta property=\"og:image\" content=\"https:\/\/shop.bantam.ch\/wp-content\/uploads\/2023\/02\/995325411.jpg\" \/>\n\t<meta property=\"og:image:width\" content=\"752\" \/>\n\t<meta property=\"og:image:height\" content=\"1000\" \/>\n\t<meta property=\"og:image:type\" content=\"image\/jpeg\" \/>\n<meta name=\"twitter:card\" content=\"summary_large_image\" \/>\n<script type=\"application\/ld+json\" class=\"yoast-schema-graph\">{\"@context\":\"https:\\\/\\\/schema.org\",\"@graph\":[{\"@type\":\"WebPage\",\"@id\":\"https:\\\/\\\/shop.bantam.ch\\\/fr\\\/produit\\\/rechaud-a-gaz-mimer-duo\\\/\",\"url\":\"https:\\\/\\\/shop.bantam.ch\\\/fr\\\/produit\\\/rechaud-a-gaz-mimer-duo\\\/\",\"name\":\"R\u00e9chaud Primus Mimer Duo - Bantam Wankm\u00fcller SA\",\"isPartOf\":{\"@id\":\"https:\\\/\\\/shop.bantam.ch\\\/fr\\\/#website\"},\"primaryImageOfPage\":{\"@id\":\"https:\\\/\\\/shop.bantam.ch\\\/fr\\\/produit\\\/rechaud-a-gaz-mimer-duo\\\/#primaryimage\"},\"image\":{\"@id\":\"https:\\\/\\\/shop.bantam.ch\\\/fr\\\/produit\\\/rechaud-a-gaz-mimer-duo\\\/#primaryimage\"},\"thumbnailUrl\":\"https:\\\/\\\/shop.bantam.ch\\\/wp-content\\\/uploads\\\/2023\\\/02\\\/995325411.jpg\",\"datePublished\":\"2023-02-27T19:48:40+00:00\",\"dateModified\":\"2026-04-17T19:14:12+00:00\",\"breadcrumb\":{\"@id\":\"https:\\\/\\\/shop.bantam.ch\\\/fr\\\/produit\\\/rechaud-a-gaz-mimer-duo\\\/#breadcrumb\"},\"inLanguage\":\"fr-FR\",\"potentialAction\":[{\"@type\":\"ReadAction\",\"target\":[\"https:\\\/\\\/shop.bantam.ch\\\/fr\\\/produit\\\/rechaud-a-gaz-mimer-duo\\\/\"]}]},{\"@type\":\"ImageObject\",\"inLanguage\":\"fr-FR\",\"@id\":\"https:\\\/\\\/shop.bantam.ch\\\/fr\\\/produit\\\/rechaud-a-gaz-mimer-duo\\\/#primaryimage\",\"url\":\"https:\\\/\\\/shop.bantam.ch\\\/wp-content\\\/uploads\\\/2023\\\/02\\\/995325411.jpg\",\"contentUrl\":\"https:\\\/\\\/shop.bantam.ch\\\/wp-content\\\/uploads\\\/2023\\\/02\\\/995325411.jpg\",\"width\":752,\"height\":1000},{\"@type\":\"BreadcrumbList\",\"@id\":\"https:\\\/\\\/shop.bantam.ch\\\/fr\\\/produit\\\/rechaud-a-gaz-mimer-duo\\\/#breadcrumb\",\"itemListElement\":[{\"@type\":\"ListItem\",\"position\":1,\"name\":\"Accueil\",\"item\":\"https:\\\/\\\/shop.bantam.ch\\\/fr\\\/\"},{\"@type\":\"ListItem\",\"position\":2,\"name\":\"Boutique\",\"item\":\"https:\\\/\\\/shop.bantam.ch\\\/fr\\\/boutique\\\/\"},{\"@type\":\"ListItem\",\"position\":3,\"name\":\"R\u00e9chaud Primus Mimer Duo\"}]},{\"@type\":\"WebSite\",\"@id\":\"https:\\\/\\\/shop.bantam.ch\\\/fr\\\/#website\",\"url\":\"https:\\\/\\\/shop.bantam.ch\\\/fr\\\/\",\"name\":\"Bantam Wankm\u00fcller SA\",\"description\":\"\",\"publisher\":{\"@id\":\"https:\\\/\\\/shop.bantam.ch\\\/fr\\\/#organization\"},\"inLanguage\":\"fr-FR\"},{\"@type\":\"Organization\",\"@id\":\"https:\\\/\\\/shop.bantam.ch\\\/fr\\\/#organization\",\"name\":\"Bantam Wankm\u00fcller SA\",\"url\":\"https:\\\/\\\/shop.bantam.ch\\\/fr\\\/\",\"logo\":{\"@type\":\"ImageObject\",\"inLanguage\":\"fr-FR\",\"@id\":\"https:\\\/\\\/shop.bantam.ch\\\/fr\\\/#\\\/schema\\\/logo\\\/image\\\/\",\"url\":\"https:\\\/\\\/shop.bantam.ch\\\/wp-content\\\/uploads\\\/2022\\\/12\\\/bantam-logo.png\",\"contentUrl\":\"https:\\\/\\\/shop.bantam.ch\\\/wp-content\\\/uploads\\\/2022\\\/12\\\/bantam-logo.png\",\"width\":320,\"height\":71,\"caption\":\"Bantam Wankm\u00fcller SA\"},\"image\":{\"@id\":\"https:\\\/\\\/shop.bantam.ch\\\/fr\\\/#\\\/schema\\\/logo\\\/image\\\/\"}}]}<\/script>\n<!-- \/ Yoast SEO plugin. -->","yoast_head_json":{"title":"R\u00e9chaud Primus Mimer Duo - Bantam Wankm\u00fcller SA","robots":{"index":"index","follow":"follow","max-snippet":"max-snippet:-1","max-image-preview":"max-image-preview:large","max-video-preview":"max-video-preview:-1"},"canonical":"https:\/\/shop.bantam.ch\/fr\/produit\/rechaud-a-gaz-mimer-duo\/","og_locale":"fr_FR","og_type":"article","og_title":"R\u00e9chaud Primus Mimer Duo - Bantam Wankm\u00fcller SA","og_description":"Mimer est un r\u00e9chaud robuste, simple et classique pour tous ceux qui veulent savourer de bons repas en pleine nature. Les supports de r\u00e9cipient offrent une bonne protection contre le vent pour une cuisson plus rapide et s\u00fbre. La variante avec valve Duo permet de raccorder la plupart des cartouches de gaz aux valves commercialis\u00e9es [&hellip;]","og_url":"https:\/\/shop.bantam.ch\/fr\/produit\/rechaud-a-gaz-mimer-duo\/","og_site_name":"Bantam Wankm\u00fcller SA","article_modified_time":"2026-04-17T19:14:12+00:00","og_image":[{"width":752,"height":1000,"url":"https:\/\/shop.bantam.ch\/wp-content\/uploads\/2023\/02\/995325411.jpg","type":"image\/jpeg"}],"twitter_card":"summary_large_image","schema":{"@context":"https:\/\/schema.org","@graph":[{"@type":"WebPage","@id":"https:\/\/shop.bantam.ch\/fr\/produit\/rechaud-a-gaz-mimer-duo\/","url":"https:\/\/shop.bantam.ch\/fr\/produit\/rechaud-a-gaz-mimer-duo\/","name":"R\u00e9chaud Primus Mimer Duo - Bantam Wankm\u00fcller SA","isPartOf":{"@id":"https:\/\/shop.bantam.ch\/fr\/#website"},"primaryImageOfPage":{"@id":"https:\/\/shop.bantam.ch\/fr\/produit\/rechaud-a-gaz-mimer-duo\/#primaryimage"},"image":{"@id":"https:\/\/shop.bantam.ch\/fr\/produit\/rechaud-a-gaz-mimer-duo\/#primaryimage"},"thumbnailUrl":"https:\/\/shop.bantam.ch\/wp-content\/uploads\/2023\/02\/995325411.jpg","datePublished":"2023-02-27T19:48:40+00:00","dateModified":"2026-04-17T19:14:12+00:00","breadcrumb":{"@id":"https:\/\/shop.bantam.ch\/fr\/produit\/rechaud-a-gaz-mimer-duo\/#breadcrumb"},"inLanguage":"fr-FR","potentialAction":[{"@type":"ReadAction","target":["https:\/\/shop.bantam.ch\/fr\/produit\/rechaud-a-gaz-mimer-duo\/"]}]},{"@type":"ImageObject","inLanguage":"fr-FR","@id":"https:\/\/shop.bantam.ch\/fr\/produit\/rechaud-a-gaz-mimer-duo\/#primaryimage","url":"https:\/\/shop.bantam.ch\/wp-content\/uploads\/2023\/02\/995325411.jpg","contentUrl":"https:\/\/shop.bantam.ch\/wp-content\/uploads\/2023\/02\/995325411.jpg","width":752,"height":1000},{"@type":"BreadcrumbList","@id":"https:\/\/shop.bantam.ch\/fr\/produit\/rechaud-a-gaz-mimer-duo\/#breadcrumb","itemListElement":[{"@type":"ListItem","position":1,"name":"Accueil","item":"https:\/\/shop.bantam.ch\/fr\/"},{"@type":"ListItem","position":2,"name":"Boutique","item":"https:\/\/shop.bantam.ch\/fr\/boutique\/"},{"@type":"ListItem","position":3,"name":"R\u00e9chaud Primus Mimer Duo"}]},{"@type":"WebSite","@id":"https:\/\/shop.bantam.ch\/fr\/#website","url":"https:\/\/shop.bantam.ch\/fr\/","name":"Bantam Wankm\u00fcller SA","description":"","publisher":{"@id":"https:\/\/shop.bantam.ch\/fr\/#organization"},"inLanguage":"fr-FR"},{"@type":"Organization","@id":"https:\/\/shop.bantam.ch\/fr\/#organization","name":"Bantam Wankm\u00fcller SA","url":"https:\/\/shop.bantam.ch\/fr\/","logo":{"@type":"ImageObject","inLanguage":"fr-FR","@id":"https:\/\/shop.bantam.ch\/fr\/#\/schema\/logo\/image\/","url":"https:\/\/shop.bantam.ch\/wp-content\/uploads\/2022\/12\/bantam-logo.png","contentUrl":"https:\/\/shop.bantam.ch\/wp-content\/uploads\/2022\/12\/bantam-logo.png","width":320,"height":71,"caption":"Bantam Wankm\u00fcller SA"},"image":{"@id":"https:\/\/shop.bantam.ch\/fr\/#\/schema\/logo\/image\/"}}]}},"_links":{"self":[{"href":"https:\/\/shop.bantam.ch\/fr\/wp-json\/wp\/v2\/product\/70327","targetHints":{"allow":["GET"]}}],"collection":[{"href":"https:\/\/shop.bantam.ch\/fr\/wp-json\/wp\/v2\/product"}],"about":[{"href":"https:\/\/shop.bantam.ch\/fr\/wp-json\/wp\/v2\/types\/product"}],"wp:featuredmedia":[{"embeddable":true,"href":"https:\/\/shop.bantam.ch\/fr\/wp-json\/wp\/v2\/media\/70325"}],"wp:attachment":[{"href":"https:\/\/shop.bantam.ch\/fr\/wp-json\/wp\/v2\/media?parent=70327"}],"wp:term":[{"taxonomy":"product_featured_cat","embeddable":true,"href":"https:\/\/shop.bantam.ch\/fr\/wp-json\/wp\/v2\/product_featured_cat?post=70327"},{"taxonomy":"product_brand","embeddable":true,"href":"https:\/\/shop.bantam.ch\/fr\/wp-json\/wp\/v2\/product_brand?post=70327"},{"taxonomy":"product_cat","embeddable":true,"href":"https:\/\/shop.bantam.ch\/fr\/wp-json\/wp\/v2\/product_cat?post=70327"},{"taxonomy":"product_tag","embeddable":true,"href":"https:\/\/shop.bantam.ch\/fr\/wp-json\/wp\/v2\/product_tag?post=70327"}],"curies":[{"name":"wp","href":"https:\/\/api.w.org\/{rel}","templated":true}]}}