{"id":70303,"date":"2023-02-27T20:48:15","date_gmt":"2023-02-27T19:48:15","guid":{"rendered":"http:\/\/shop.bantam.ch\/produit\/marchepied-suppl-libre\/"},"modified":"2026-05-08T22:10:18","modified_gmt":"2026-05-08T20:10:18","slug":"marchepied-suppl-libre","status":"publish","type":"product","link":"https:\/\/shop.bantam.ch\/fr\/produit\/marchepied-suppl-libre\/","title":{"rendered":"Marchepied suppl. libre"},"content":{"rendered":"<p>Le premier marchepied se trouve \u00e0 l&rsquo;int\u00e9rieur de la cabine, \u00e0 une hauteur d&rsquo;environ 46 cm du terrain en fonction de sa conception. Gr\u00e2ce au marchepied suppl\u00e9mentaire que nous avons d\u00e9velopp\u00e9, la diff\u00e9rence de hauteur est divis\u00e9e par deux pour atteindre environ 23 cm. <br \/>Les marches sont r\u00e9glables et s&rsquo;adaptent verticalement \u00e0 la construction du v\u00e9hicule gr\u00e2ce aux profils longitudinaux verticaux sur la face inf\u00e9rieure du marchepied. Les marches suppl\u00e9mentaires peuvent ainsi \u00eatre adapt\u00e9es individuellement aux diff\u00e9rentes carrosseries de v\u00e9hicules, caravanes et camping-cars.<br \/>Les extr\u00e9mit\u00e9s courtes sont pourvues d&rsquo;un cache de s\u00e9curit\u00e9 en plastique viss\u00e9, arrondi et r\u00e9sistant aux chocs.<br \/>Un profil antid\u00e9rapant est incorpor\u00e9 sur la surface du composant en aluminium. Celui-ci emp\u00eache de d\u00e9raper lorsque la marche est humide ou mouill\u00e9e.<br \/>Les marchepieds suppl\u00e9mentaires sont viss\u00e9s fermement sur et sous le longeron du v\u00e9hicule \u00e0 l&rsquo;aide des supports fournis en acier inoxydable sp\u00e9cifiques au v\u00e9hicule.<\/p>\n<p>Contenu de la livraison :<br \/>2 marchepieds suppl\u00e9mentaires avec angles de protection en plastique (c\u00f4t\u00e9 conducteur et c\u00f4t\u00e9 passager)<br \/>2 kits de montage en acier inoxydable<br \/>Mat\u00e9riel de fixation<br \/>Notice de montage<\/p>\n","protected":false},"excerpt":{"rendered":"<p>Le premier marchepied se trouve \u00e0 l&rsquo;int\u00e9rieur de la cabine, \u00e0 une hauteur d&rsquo;environ 46 cm du terrain en fonction de sa conception. Gr\u00e2ce au marchepied suppl\u00e9mentaire que nous avons d\u00e9velopp\u00e9, la diff\u00e9rence de hauteur est divis\u00e9e par deux pour atteindre environ 23 cm. Les marches sont r\u00e9glables et s&rsquo;adaptent verticalement \u00e0 la construction du [&hellip;]<\/p>\n","protected":false},"featured_media":70277,"template":"","meta":{"_acf_changed":false},"product_featured_cat":[],"product_brand":[3446],"product_cat":[4673],"product_tag":[],"class_list":{"0":"post-70303","1":"product","2":"type-product","3":"status-publish","4":"has-post-thumbnail","6":"product_brand-packonzept","7":"product_cat-marchepieds","9":"first","10":"instock","11":"taxable","12":"shipping-taxable","13":"purchasable","14":"product-type-variable"},"acf":[],"yoast_head":"<!-- This site is optimized with the Yoast SEO plugin v27.5 - https:\/\/yoast.com\/product\/yoast-seo-wordpress\/ -->\n<title>Marchepied suppl. libre - Bantam<\/title>\n<meta name=\"robots\" content=\"index, follow, max-snippet:-1, max-image-preview:large, max-video-preview:-1\" \/>\n<link rel=\"canonical\" href=\"https:\/\/shop.bantam.ch\/fr\/produit\/marchepied-suppl-libre\/\" \/>\n<meta property=\"og:locale\" content=\"fr_FR\" \/>\n<meta property=\"og:type\" content=\"article\" \/>\n<meta property=\"og:title\" content=\"Marchepied suppl. libre - Bantam\" \/>\n<meta property=\"og:description\" content=\"Le premier marchepied se trouve \u00e0 l&rsquo;int\u00e9rieur de la cabine, \u00e0 une hauteur d&rsquo;environ 46 cm du terrain en fonction de sa conception. Gr\u00e2ce au marchepied suppl\u00e9mentaire que nous avons d\u00e9velopp\u00e9, la diff\u00e9rence de hauteur est divis\u00e9e par deux pour atteindre environ 23 cm. Les marches sont r\u00e9glables et s&rsquo;adaptent verticalement \u00e0 la construction du [&hellip;]\" \/>\n<meta property=\"og:url\" content=\"https:\/\/shop.bantam.ch\/fr\/produit\/marchepied-suppl-libre\/\" \/>\n<meta property=\"og:site_name\" content=\"Bantam\" \/>\n<meta property=\"article:modified_time\" content=\"2026-05-08T20:10:18+00:00\" \/>\n<meta property=\"og:image\" content=\"https:\/\/shop.bantam.ch\/wp-content\/uploads\/2023\/02\/994128717gtuZVmvdicP7w.jpg\" \/>\n\t<meta property=\"og:image:width\" content=\"1000\" \/>\n\t<meta property=\"og:image:height\" content=\"661\" \/>\n\t<meta property=\"og:image:type\" content=\"image\/jpeg\" \/>\n<meta name=\"twitter:card\" content=\"summary_large_image\" \/>\n<meta name=\"twitter:label1\" content=\"Dur\u00e9e de lecture estim\u00e9e\" \/>\n\t<meta name=\"twitter:data1\" content=\"1 minute\" \/>\n<script type=\"application\/ld+json\" class=\"yoast-schema-graph\">{\"@context\":\"https:\\\/\\\/schema.org\",\"@graph\":[{\"@type\":\"WebPage\",\"@id\":\"https:\\\/\\\/shop.bantam.ch\\\/fr\\\/produit\\\/marchepied-suppl-libre\\\/\",\"url\":\"https:\\\/\\\/shop.bantam.ch\\\/fr\\\/produit\\\/marchepied-suppl-libre\\\/\",\"name\":\"Marchepied suppl. libre - Bantam\",\"isPartOf\":{\"@id\":\"https:\\\/\\\/shop.bantam.ch\\\/fr\\\/#website\"},\"primaryImageOfPage\":{\"@id\":\"https:\\\/\\\/shop.bantam.ch\\\/fr\\\/produit\\\/marchepied-suppl-libre\\\/#primaryimage\"},\"image\":{\"@id\":\"https:\\\/\\\/shop.bantam.ch\\\/fr\\\/produit\\\/marchepied-suppl-libre\\\/#primaryimage\"},\"thumbnailUrl\":\"https:\\\/\\\/shop.bantam.ch\\\/wp-content\\\/uploads\\\/2023\\\/02\\\/994128717gtuZVmvdicP7w.jpg\",\"datePublished\":\"2023-02-27T19:48:15+00:00\",\"dateModified\":\"2026-05-08T20:10:18+00:00\",\"breadcrumb\":{\"@id\":\"https:\\\/\\\/shop.bantam.ch\\\/fr\\\/produit\\\/marchepied-suppl-libre\\\/#breadcrumb\"},\"inLanguage\":\"fr-FR\",\"potentialAction\":[{\"@type\":\"ReadAction\",\"target\":[\"https:\\\/\\\/shop.bantam.ch\\\/fr\\\/produit\\\/marchepied-suppl-libre\\\/\"]}]},{\"@type\":\"ImageObject\",\"inLanguage\":\"fr-FR\",\"@id\":\"https:\\\/\\\/shop.bantam.ch\\\/fr\\\/produit\\\/marchepied-suppl-libre\\\/#primaryimage\",\"url\":\"https:\\\/\\\/shop.bantam.ch\\\/wp-content\\\/uploads\\\/2023\\\/02\\\/994128717gtuZVmvdicP7w.jpg\",\"contentUrl\":\"https:\\\/\\\/shop.bantam.ch\\\/wp-content\\\/uploads\\\/2023\\\/02\\\/994128717gtuZVmvdicP7w.jpg\",\"width\":1000,\"height\":661},{\"@type\":\"BreadcrumbList\",\"@id\":\"https:\\\/\\\/shop.bantam.ch\\\/fr\\\/produit\\\/marchepied-suppl-libre\\\/#breadcrumb\",\"itemListElement\":[{\"@type\":\"ListItem\",\"position\":1,\"name\":\"Accueil\",\"item\":\"https:\\\/\\\/shop.bantam.ch\\\/fr\\\/\"},{\"@type\":\"ListItem\",\"position\":2,\"name\":\"Boutique\",\"item\":\"https:\\\/\\\/shop.bantam.ch\\\/fr\\\/boutique\\\/\"},{\"@type\":\"ListItem\",\"position\":3,\"name\":\"Marchepied suppl. libre\"}]},{\"@type\":\"WebSite\",\"@id\":\"https:\\\/\\\/shop.bantam.ch\\\/fr\\\/#website\",\"url\":\"https:\\\/\\\/shop.bantam.ch\\\/fr\\\/\",\"name\":\"Bantam\",\"description\":\"\",\"publisher\":{\"@id\":\"https:\\\/\\\/shop.bantam.ch\\\/fr\\\/#organization\"},\"inLanguage\":\"fr-FR\"},{\"@type\":\"Organization\",\"@id\":\"https:\\\/\\\/shop.bantam.ch\\\/fr\\\/#organization\",\"name\":\"Bantam\",\"url\":\"https:\\\/\\\/shop.bantam.ch\\\/fr\\\/\",\"logo\":{\"@type\":\"ImageObject\",\"inLanguage\":\"fr-FR\",\"@id\":\"https:\\\/\\\/shop.bantam.ch\\\/fr\\\/#\\\/schema\\\/logo\\\/image\\\/\",\"url\":\"https:\\\/\\\/shop.bantam.ch\\\/wp-content\\\/uploads\\\/2022\\\/12\\\/bantam-logo.png\",\"contentUrl\":\"https:\\\/\\\/shop.bantam.ch\\\/wp-content\\\/uploads\\\/2022\\\/12\\\/bantam-logo.png\",\"width\":320,\"height\":71,\"caption\":\"Bantam\"},\"image\":{\"@id\":\"https:\\\/\\\/shop.bantam.ch\\\/fr\\\/#\\\/schema\\\/logo\\\/image\\\/\"}}]}<\/script>\n<!-- \/ Yoast SEO plugin. -->","yoast_head_json":{"title":"Marchepied suppl. libre - Bantam","robots":{"index":"index","follow":"follow","max-snippet":"max-snippet:-1","max-image-preview":"max-image-preview:large","max-video-preview":"max-video-preview:-1"},"canonical":"https:\/\/shop.bantam.ch\/fr\/produit\/marchepied-suppl-libre\/","og_locale":"fr_FR","og_type":"article","og_title":"Marchepied suppl. libre - Bantam","og_description":"Le premier marchepied se trouve \u00e0 l&rsquo;int\u00e9rieur de la cabine, \u00e0 une hauteur d&rsquo;environ 46 cm du terrain en fonction de sa conception. Gr\u00e2ce au marchepied suppl\u00e9mentaire que nous avons d\u00e9velopp\u00e9, la diff\u00e9rence de hauteur est divis\u00e9e par deux pour atteindre environ 23 cm. Les marches sont r\u00e9glables et s&rsquo;adaptent verticalement \u00e0 la construction du [&hellip;]","og_url":"https:\/\/shop.bantam.ch\/fr\/produit\/marchepied-suppl-libre\/","og_site_name":"Bantam","article_modified_time":"2026-05-08T20:10:18+00:00","og_image":[{"width":1000,"height":661,"url":"https:\/\/shop.bantam.ch\/wp-content\/uploads\/2023\/02\/994128717gtuZVmvdicP7w.jpg","type":"image\/jpeg"}],"twitter_card":"summary_large_image","twitter_misc":{"Dur\u00e9e de lecture estim\u00e9e":"1 minute"},"schema":{"@context":"https:\/\/schema.org","@graph":[{"@type":"WebPage","@id":"https:\/\/shop.bantam.ch\/fr\/produit\/marchepied-suppl-libre\/","url":"https:\/\/shop.bantam.ch\/fr\/produit\/marchepied-suppl-libre\/","name":"Marchepied suppl. libre - Bantam","isPartOf":{"@id":"https:\/\/shop.bantam.ch\/fr\/#website"},"primaryImageOfPage":{"@id":"https:\/\/shop.bantam.ch\/fr\/produit\/marchepied-suppl-libre\/#primaryimage"},"image":{"@id":"https:\/\/shop.bantam.ch\/fr\/produit\/marchepied-suppl-libre\/#primaryimage"},"thumbnailUrl":"https:\/\/shop.bantam.ch\/wp-content\/uploads\/2023\/02\/994128717gtuZVmvdicP7w.jpg","datePublished":"2023-02-27T19:48:15+00:00","dateModified":"2026-05-08T20:10:18+00:00","breadcrumb":{"@id":"https:\/\/shop.bantam.ch\/fr\/produit\/marchepied-suppl-libre\/#breadcrumb"},"inLanguage":"fr-FR","potentialAction":[{"@type":"ReadAction","target":["https:\/\/shop.bantam.ch\/fr\/produit\/marchepied-suppl-libre\/"]}]},{"@type":"ImageObject","inLanguage":"fr-FR","@id":"https:\/\/shop.bantam.ch\/fr\/produit\/marchepied-suppl-libre\/#primaryimage","url":"https:\/\/shop.bantam.ch\/wp-content\/uploads\/2023\/02\/994128717gtuZVmvdicP7w.jpg","contentUrl":"https:\/\/shop.bantam.ch\/wp-content\/uploads\/2023\/02\/994128717gtuZVmvdicP7w.jpg","width":1000,"height":661},{"@type":"BreadcrumbList","@id":"https:\/\/shop.bantam.ch\/fr\/produit\/marchepied-suppl-libre\/#breadcrumb","itemListElement":[{"@type":"ListItem","position":1,"name":"Accueil","item":"https:\/\/shop.bantam.ch\/fr\/"},{"@type":"ListItem","position":2,"name":"Boutique","item":"https:\/\/shop.bantam.ch\/fr\/boutique\/"},{"@type":"ListItem","position":3,"name":"Marchepied suppl. libre"}]},{"@type":"WebSite","@id":"https:\/\/shop.bantam.ch\/fr\/#website","url":"https:\/\/shop.bantam.ch\/fr\/","name":"Bantam","description":"","publisher":{"@id":"https:\/\/shop.bantam.ch\/fr\/#organization"},"inLanguage":"fr-FR"},{"@type":"Organization","@id":"https:\/\/shop.bantam.ch\/fr\/#organization","name":"Bantam","url":"https:\/\/shop.bantam.ch\/fr\/","logo":{"@type":"ImageObject","inLanguage":"fr-FR","@id":"https:\/\/shop.bantam.ch\/fr\/#\/schema\/logo\/image\/","url":"https:\/\/shop.bantam.ch\/wp-content\/uploads\/2022\/12\/bantam-logo.png","contentUrl":"https:\/\/shop.bantam.ch\/wp-content\/uploads\/2022\/12\/bantam-logo.png","width":320,"height":71,"caption":"Bantam"},"image":{"@id":"https:\/\/shop.bantam.ch\/fr\/#\/schema\/logo\/image\/"}}]}},"_links":{"self":[{"href":"https:\/\/shop.bantam.ch\/fr\/wp-json\/wp\/v2\/product\/70303","targetHints":{"allow":["GET"]}}],"collection":[{"href":"https:\/\/shop.bantam.ch\/fr\/wp-json\/wp\/v2\/product"}],"about":[{"href":"https:\/\/shop.bantam.ch\/fr\/wp-json\/wp\/v2\/types\/product"}],"wp:featuredmedia":[{"embeddable":true,"href":"https:\/\/shop.bantam.ch\/fr\/wp-json\/wp\/v2\/media\/70277"}],"wp:attachment":[{"href":"https:\/\/shop.bantam.ch\/fr\/wp-json\/wp\/v2\/media?parent=70303"}],"wp:term":[{"taxonomy":"product_featured_cat","embeddable":true,"href":"https:\/\/shop.bantam.ch\/fr\/wp-json\/wp\/v2\/product_featured_cat?post=70303"},{"taxonomy":"product_brand","embeddable":true,"href":"https:\/\/shop.bantam.ch\/fr\/wp-json\/wp\/v2\/product_brand?post=70303"},{"taxonomy":"product_cat","embeddable":true,"href":"https:\/\/shop.bantam.ch\/fr\/wp-json\/wp\/v2\/product_cat?post=70303"},{"taxonomy":"product_tag","embeddable":true,"href":"https:\/\/shop.bantam.ch\/fr\/wp-json\/wp\/v2\/product_tag?post=70303"}],"curies":[{"name":"wp","href":"https:\/\/api.w.org\/{rel}","templated":true}]}}