{"id":70141,"date":"2023-02-27T20:45:27","date_gmt":"2023-02-27T19:45:27","guid":{"rendered":"http:\/\/shop.bantam.ch\/produit\/sac-de-couchage-leger-220-x-90-cm-khaki-coton-egyptien\/"},"modified":"2026-04-18T21:14:36","modified_gmt":"2026-04-18T19:14:36","slug":"sac-de-couchage-leger-220-x-90-cm-khaki-coton-egyptien","status":"publish","type":"product","link":"https:\/\/shop.bantam.ch\/fr\/produit\/sac-de-couchage-leger-220-x-90-cm-khaki-coton-egyptien\/","title":{"rendered":"Sac de couchage l\u00e9ger Cocoon coton \u00e9gyptien 220 x 90 cm, kaki"},"content":{"rendered":"<p>Sac de couchage l\u00e9ger et spacieux ou doublure de sac pour une utilisation \u00e0 l&rsquo;h\u00f4tel, en auberge de jeunesse, en refuge ou sur un bateau.<br \/>Le coton \u00e9gyptien est un coton rare \u00e0 fibres tr\u00e8s longues et son tissage est extr\u00eamement fin. Le tissu que nous filons est plus douce et beaucoup plus l\u00e9ger que le coton normal et tr\u00e8s r\u00e9sistant.<\/p>\n<p>Equipements et fonctions :<\/p>\n<ul>\n<li>Ouverture lat\u00e9rale avec fermeture Velcro<\/li>\n<li>Poche \u00e0 oreiller<\/li>\n<li>Ourlets renforc\u00e9s et double coutures <\/li>\n<li>Longueur max.: 2 m<\/li>\n<\/ul>\n","protected":false},"excerpt":{"rendered":"<p>Sac de couchage l\u00e9ger et spacieux ou doublure de sac pour une utilisation \u00e0 l&rsquo;h\u00f4tel, en auberge de jeunesse, en refuge ou sur un bateau.Le coton \u00e9gyptien est un coton rare \u00e0 fibres tr\u00e8s longues et son tissage est extr\u00eamement fin. Le tissu que nous filons est plus douce et beaucoup plus l\u00e9ger que le [&hellip;]<\/p>\n","protected":false},"featured_media":70139,"template":"","meta":{"_acf_changed":false},"product_featured_cat":[],"product_brand":[3444],"product_cat":[4453],"product_tag":[],"class_list":{"0":"post-70141","1":"product","2":"type-product","3":"status-publish","4":"has-post-thumbnail","6":"product_brand-cocoon","7":"product_cat-sacs-de-couchage-couverture","9":"first","10":"instock","11":"taxable","12":"shipping-taxable","13":"purchasable","14":"product-type-simple"},"acf":[],"yoast_head":"<!-- This site is optimized with the Yoast SEO plugin v27.4 - https:\/\/yoast.com\/product\/yoast-seo-wordpress\/ -->\n<title>Sac de couchage l\u00e9ger Cocoon coton \u00e9gyptien 220 x 90 cm, kaki - Bantam Wankm\u00fcller SA<\/title>\n<meta name=\"robots\" content=\"index, follow, max-snippet:-1, max-image-preview:large, max-video-preview:-1\" \/>\n<link rel=\"canonical\" href=\"https:\/\/shop.bantam.ch\/fr\/produit\/sac-de-couchage-leger-220-x-90-cm-khaki-coton-egyptien\/\" \/>\n<meta property=\"og:locale\" content=\"fr_FR\" \/>\n<meta property=\"og:type\" content=\"article\" \/>\n<meta property=\"og:title\" content=\"Sac de couchage l\u00e9ger Cocoon coton \u00e9gyptien 220 x 90 cm, kaki - Bantam Wankm\u00fcller SA\" \/>\n<meta property=\"og:description\" content=\"Sac de couchage l\u00e9ger et spacieux ou doublure de sac pour une utilisation \u00e0 l&rsquo;h\u00f4tel, en auberge de jeunesse, en refuge ou sur un bateau.Le coton \u00e9gyptien est un coton rare \u00e0 fibres tr\u00e8s longues et son tissage est extr\u00eamement fin. Le tissu que nous filons est plus douce et beaucoup plus l\u00e9ger que le [&hellip;]\" \/>\n<meta property=\"og:url\" content=\"https:\/\/shop.bantam.ch\/fr\/produit\/sac-de-couchage-leger-220-x-90-cm-khaki-coton-egyptien\/\" \/>\n<meta property=\"og:site_name\" content=\"Bantam Wankm\u00fcller SA\" \/>\n<meta property=\"article:modified_time\" content=\"2026-04-18T19:14:36+00:00\" \/>\n<meta property=\"og:image\" content=\"https:\/\/shop.bantam.ch\/wp-content\/uploads\/2023\/02\/995317211.jpg\" \/>\n\t<meta property=\"og:image:width\" content=\"445\" \/>\n\t<meta property=\"og:image:height\" content=\"1000\" \/>\n\t<meta property=\"og:image:type\" content=\"image\/jpeg\" \/>\n<meta name=\"twitter:card\" content=\"summary_large_image\" \/>\n<script type=\"application\/ld+json\" class=\"yoast-schema-graph\">{\"@context\":\"https:\\\/\\\/schema.org\",\"@graph\":[{\"@type\":\"WebPage\",\"@id\":\"https:\\\/\\\/shop.bantam.ch\\\/fr\\\/produit\\\/sac-de-couchage-leger-220-x-90-cm-khaki-coton-egyptien\\\/\",\"url\":\"https:\\\/\\\/shop.bantam.ch\\\/fr\\\/produit\\\/sac-de-couchage-leger-220-x-90-cm-khaki-coton-egyptien\\\/\",\"name\":\"Sac de couchage l\u00e9ger Cocoon coton \u00e9gyptien 220 x 90 cm, kaki - Bantam Wankm\u00fcller SA\",\"isPartOf\":{\"@id\":\"https:\\\/\\\/shop.bantam.ch\\\/fr\\\/#website\"},\"primaryImageOfPage\":{\"@id\":\"https:\\\/\\\/shop.bantam.ch\\\/fr\\\/produit\\\/sac-de-couchage-leger-220-x-90-cm-khaki-coton-egyptien\\\/#primaryimage\"},\"image\":{\"@id\":\"https:\\\/\\\/shop.bantam.ch\\\/fr\\\/produit\\\/sac-de-couchage-leger-220-x-90-cm-khaki-coton-egyptien\\\/#primaryimage\"},\"thumbnailUrl\":\"https:\\\/\\\/shop.bantam.ch\\\/wp-content\\\/uploads\\\/2023\\\/02\\\/995317211.jpg\",\"datePublished\":\"2023-02-27T19:45:27+00:00\",\"dateModified\":\"2026-04-18T19:14:36+00:00\",\"breadcrumb\":{\"@id\":\"https:\\\/\\\/shop.bantam.ch\\\/fr\\\/produit\\\/sac-de-couchage-leger-220-x-90-cm-khaki-coton-egyptien\\\/#breadcrumb\"},\"inLanguage\":\"fr-FR\",\"potentialAction\":[{\"@type\":\"ReadAction\",\"target\":[\"https:\\\/\\\/shop.bantam.ch\\\/fr\\\/produit\\\/sac-de-couchage-leger-220-x-90-cm-khaki-coton-egyptien\\\/\"]}]},{\"@type\":\"ImageObject\",\"inLanguage\":\"fr-FR\",\"@id\":\"https:\\\/\\\/shop.bantam.ch\\\/fr\\\/produit\\\/sac-de-couchage-leger-220-x-90-cm-khaki-coton-egyptien\\\/#primaryimage\",\"url\":\"https:\\\/\\\/shop.bantam.ch\\\/wp-content\\\/uploads\\\/2023\\\/02\\\/995317211.jpg\",\"contentUrl\":\"https:\\\/\\\/shop.bantam.ch\\\/wp-content\\\/uploads\\\/2023\\\/02\\\/995317211.jpg\",\"width\":445,\"height\":1000},{\"@type\":\"BreadcrumbList\",\"@id\":\"https:\\\/\\\/shop.bantam.ch\\\/fr\\\/produit\\\/sac-de-couchage-leger-220-x-90-cm-khaki-coton-egyptien\\\/#breadcrumb\",\"itemListElement\":[{\"@type\":\"ListItem\",\"position\":1,\"name\":\"Accueil\",\"item\":\"https:\\\/\\\/shop.bantam.ch\\\/fr\\\/\"},{\"@type\":\"ListItem\",\"position\":2,\"name\":\"Boutique\",\"item\":\"https:\\\/\\\/shop.bantam.ch\\\/fr\\\/boutique\\\/\"},{\"@type\":\"ListItem\",\"position\":3,\"name\":\"Sac de couchage l\u00e9ger Cocoon coton \u00e9gyptien 220 x 90 cm, kaki\"}]},{\"@type\":\"WebSite\",\"@id\":\"https:\\\/\\\/shop.bantam.ch\\\/fr\\\/#website\",\"url\":\"https:\\\/\\\/shop.bantam.ch\\\/fr\\\/\",\"name\":\"Bantam Wankm\u00fcller SA\",\"description\":\"\",\"publisher\":{\"@id\":\"https:\\\/\\\/shop.bantam.ch\\\/fr\\\/#organization\"},\"inLanguage\":\"fr-FR\"},{\"@type\":\"Organization\",\"@id\":\"https:\\\/\\\/shop.bantam.ch\\\/fr\\\/#organization\",\"name\":\"Bantam Wankm\u00fcller SA\",\"url\":\"https:\\\/\\\/shop.bantam.ch\\\/fr\\\/\",\"logo\":{\"@type\":\"ImageObject\",\"inLanguage\":\"fr-FR\",\"@id\":\"https:\\\/\\\/shop.bantam.ch\\\/fr\\\/#\\\/schema\\\/logo\\\/image\\\/\",\"url\":\"https:\\\/\\\/shop.bantam.ch\\\/wp-content\\\/uploads\\\/2022\\\/12\\\/bantam-logo.png\",\"contentUrl\":\"https:\\\/\\\/shop.bantam.ch\\\/wp-content\\\/uploads\\\/2022\\\/12\\\/bantam-logo.png\",\"width\":320,\"height\":71,\"caption\":\"Bantam Wankm\u00fcller SA\"},\"image\":{\"@id\":\"https:\\\/\\\/shop.bantam.ch\\\/fr\\\/#\\\/schema\\\/logo\\\/image\\\/\"}}]}<\/script>\n<!-- \/ Yoast SEO plugin. -->","yoast_head_json":{"title":"Sac de couchage l\u00e9ger Cocoon coton \u00e9gyptien 220 x 90 cm, kaki - Bantam Wankm\u00fcller SA","robots":{"index":"index","follow":"follow","max-snippet":"max-snippet:-1","max-image-preview":"max-image-preview:large","max-video-preview":"max-video-preview:-1"},"canonical":"https:\/\/shop.bantam.ch\/fr\/produit\/sac-de-couchage-leger-220-x-90-cm-khaki-coton-egyptien\/","og_locale":"fr_FR","og_type":"article","og_title":"Sac de couchage l\u00e9ger Cocoon coton \u00e9gyptien 220 x 90 cm, kaki - Bantam Wankm\u00fcller SA","og_description":"Sac de couchage l\u00e9ger et spacieux ou doublure de sac pour une utilisation \u00e0 l&rsquo;h\u00f4tel, en auberge de jeunesse, en refuge ou sur un bateau.Le coton \u00e9gyptien est un coton rare \u00e0 fibres tr\u00e8s longues et son tissage est extr\u00eamement fin. Le tissu que nous filons est plus douce et beaucoup plus l\u00e9ger que le [&hellip;]","og_url":"https:\/\/shop.bantam.ch\/fr\/produit\/sac-de-couchage-leger-220-x-90-cm-khaki-coton-egyptien\/","og_site_name":"Bantam Wankm\u00fcller SA","article_modified_time":"2026-04-18T19:14:36+00:00","og_image":[{"width":445,"height":1000,"url":"https:\/\/shop.bantam.ch\/wp-content\/uploads\/2023\/02\/995317211.jpg","type":"image\/jpeg"}],"twitter_card":"summary_large_image","schema":{"@context":"https:\/\/schema.org","@graph":[{"@type":"WebPage","@id":"https:\/\/shop.bantam.ch\/fr\/produit\/sac-de-couchage-leger-220-x-90-cm-khaki-coton-egyptien\/","url":"https:\/\/shop.bantam.ch\/fr\/produit\/sac-de-couchage-leger-220-x-90-cm-khaki-coton-egyptien\/","name":"Sac de couchage l\u00e9ger Cocoon coton \u00e9gyptien 220 x 90 cm, kaki - Bantam Wankm\u00fcller SA","isPartOf":{"@id":"https:\/\/shop.bantam.ch\/fr\/#website"},"primaryImageOfPage":{"@id":"https:\/\/shop.bantam.ch\/fr\/produit\/sac-de-couchage-leger-220-x-90-cm-khaki-coton-egyptien\/#primaryimage"},"image":{"@id":"https:\/\/shop.bantam.ch\/fr\/produit\/sac-de-couchage-leger-220-x-90-cm-khaki-coton-egyptien\/#primaryimage"},"thumbnailUrl":"https:\/\/shop.bantam.ch\/wp-content\/uploads\/2023\/02\/995317211.jpg","datePublished":"2023-02-27T19:45:27+00:00","dateModified":"2026-04-18T19:14:36+00:00","breadcrumb":{"@id":"https:\/\/shop.bantam.ch\/fr\/produit\/sac-de-couchage-leger-220-x-90-cm-khaki-coton-egyptien\/#breadcrumb"},"inLanguage":"fr-FR","potentialAction":[{"@type":"ReadAction","target":["https:\/\/shop.bantam.ch\/fr\/produit\/sac-de-couchage-leger-220-x-90-cm-khaki-coton-egyptien\/"]}]},{"@type":"ImageObject","inLanguage":"fr-FR","@id":"https:\/\/shop.bantam.ch\/fr\/produit\/sac-de-couchage-leger-220-x-90-cm-khaki-coton-egyptien\/#primaryimage","url":"https:\/\/shop.bantam.ch\/wp-content\/uploads\/2023\/02\/995317211.jpg","contentUrl":"https:\/\/shop.bantam.ch\/wp-content\/uploads\/2023\/02\/995317211.jpg","width":445,"height":1000},{"@type":"BreadcrumbList","@id":"https:\/\/shop.bantam.ch\/fr\/produit\/sac-de-couchage-leger-220-x-90-cm-khaki-coton-egyptien\/#breadcrumb","itemListElement":[{"@type":"ListItem","position":1,"name":"Accueil","item":"https:\/\/shop.bantam.ch\/fr\/"},{"@type":"ListItem","position":2,"name":"Boutique","item":"https:\/\/shop.bantam.ch\/fr\/boutique\/"},{"@type":"ListItem","position":3,"name":"Sac de couchage l\u00e9ger Cocoon coton \u00e9gyptien 220 x 90 cm, kaki"}]},{"@type":"WebSite","@id":"https:\/\/shop.bantam.ch\/fr\/#website","url":"https:\/\/shop.bantam.ch\/fr\/","name":"Bantam Wankm\u00fcller SA","description":"","publisher":{"@id":"https:\/\/shop.bantam.ch\/fr\/#organization"},"inLanguage":"fr-FR"},{"@type":"Organization","@id":"https:\/\/shop.bantam.ch\/fr\/#organization","name":"Bantam Wankm\u00fcller SA","url":"https:\/\/shop.bantam.ch\/fr\/","logo":{"@type":"ImageObject","inLanguage":"fr-FR","@id":"https:\/\/shop.bantam.ch\/fr\/#\/schema\/logo\/image\/","url":"https:\/\/shop.bantam.ch\/wp-content\/uploads\/2022\/12\/bantam-logo.png","contentUrl":"https:\/\/shop.bantam.ch\/wp-content\/uploads\/2022\/12\/bantam-logo.png","width":320,"height":71,"caption":"Bantam Wankm\u00fcller SA"},"image":{"@id":"https:\/\/shop.bantam.ch\/fr\/#\/schema\/logo\/image\/"}}]}},"_links":{"self":[{"href":"https:\/\/shop.bantam.ch\/fr\/wp-json\/wp\/v2\/product\/70141","targetHints":{"allow":["GET"]}}],"collection":[{"href":"https:\/\/shop.bantam.ch\/fr\/wp-json\/wp\/v2\/product"}],"about":[{"href":"https:\/\/shop.bantam.ch\/fr\/wp-json\/wp\/v2\/types\/product"}],"wp:featuredmedia":[{"embeddable":true,"href":"https:\/\/shop.bantam.ch\/fr\/wp-json\/wp\/v2\/media\/70139"}],"wp:attachment":[{"href":"https:\/\/shop.bantam.ch\/fr\/wp-json\/wp\/v2\/media?parent=70141"}],"wp:term":[{"taxonomy":"product_featured_cat","embeddable":true,"href":"https:\/\/shop.bantam.ch\/fr\/wp-json\/wp\/v2\/product_featured_cat?post=70141"},{"taxonomy":"product_brand","embeddable":true,"href":"https:\/\/shop.bantam.ch\/fr\/wp-json\/wp\/v2\/product_brand?post=70141"},{"taxonomy":"product_cat","embeddable":true,"href":"https:\/\/shop.bantam.ch\/fr\/wp-json\/wp\/v2\/product_cat?post=70141"},{"taxonomy":"product_tag","embeddable":true,"href":"https:\/\/shop.bantam.ch\/fr\/wp-json\/wp\/v2\/product_tag?post=70141"}],"curies":[{"name":"wp","href":"https:\/\/api.w.org\/{rel}","templated":true}]}}