{"id":70047,"date":"2023-02-27T20:43:46","date_gmt":"2023-02-27T19:43:46","guid":{"rendered":"http:\/\/shop.bantam.ch\/produit\/systeme-dalarme-radio-wipro-iii-avec-fonction-safe-lock\/"},"modified":"2026-04-21T22:08:30","modified_gmt":"2026-04-21T20:08:30","slug":"systeme-dalarme-radio-wipro-iii-avec-fonction-safe-lock","status":"publish","type":"product","link":"https:\/\/shop.bantam.ch\/fr\/produit\/systeme-dalarme-radio-wipro-iii-avec-fonction-safe-lock\/","title":{"rendered":"Syst\u00e8me d\u2019alarme radio WiPro III avec fonction safe.lock"},"content":{"rendered":"<p>Lors du d\u00e9veloppement de la WiPro III, l&rsquo;objectif \u00e9tait de faire encore mieux. Le r\u00e9sultat est le WiPro III safe.lock, qui prot\u00e8ge non seulement le v\u00e9hicule contre les intrusions classiques avec les m\u00e9thodes et la violence associ\u00e9e, mais offre \u00e9galement une protection contre les attaques Replay sans cesse croissantes. Les capteurs sans fil \u00e9prouv\u00e9s offrent une protection contre les attaques par cambriolage et les attaques au gaz ou les fuites de gaz. En plus de cet \u00e9quipement, le syst\u00e8me d&rsquo;alarme commande \u00e9galement le verrouillage centralis\u00e9 du v\u00e9hicule via la t\u00e9l\u00e9commande radio comprise \u00e0 la livraison.<\/p>\n<p>Contenu de la livraison :<br \/>Centrale WiPro III<br \/>1 Contact magn\u00e9tique radio<br \/>1 T\u00e9l\u00e9commande radio<br \/>Faisceau de c\u00e2bles<br \/>Mat\u00e9riel de montage<br \/>Manuel<br \/>Etiquette d&rsquo;avertissement<\/p>\n","protected":false},"excerpt":{"rendered":"<p>Lors du d\u00e9veloppement de la WiPro III, l&rsquo;objectif \u00e9tait de faire encore mieux. Le r\u00e9sultat est le WiPro III safe.lock, qui prot\u00e8ge non seulement le v\u00e9hicule contre les intrusions classiques avec les m\u00e9thodes et la violence associ\u00e9e, mais offre \u00e9galement une protection contre les attaques Replay sans cesse croissantes. Les capteurs sans fil \u00e9prouv\u00e9s offrent [&hellip;]<\/p>\n","protected":false},"featured_media":70039,"template":"","meta":{"_acf_changed":false},"product_featured_cat":[],"product_brand":[3216],"product_cat":[5051],"product_tag":[],"class_list":{"0":"post-70047","1":"product","2":"type-product","3":"status-publish","4":"has-post-thumbnail","6":"product_brand-thitronik","7":"product_cat-systemes-dalarmes","9":"first","10":"instock","11":"taxable","12":"shipping-taxable","13":"purchasable","14":"product-type-variable"},"acf":[],"yoast_head":"<!-- This site is optimized with the Yoast SEO plugin v27.4 - https:\/\/yoast.com\/product\/yoast-seo-wordpress\/ -->\n<title>Syst\u00e8me d\u2019alarme radio WiPro III avec fonction safe.lock - Bantam Wankm\u00fcller SA<\/title>\n<meta name=\"robots\" content=\"index, follow, max-snippet:-1, max-image-preview:large, max-video-preview:-1\" \/>\n<link rel=\"canonical\" href=\"https:\/\/shop.bantam.ch\/fr\/produit\/systeme-dalarme-radio-wipro-iii-avec-fonction-safe-lock\/\" \/>\n<meta property=\"og:locale\" content=\"fr_FR\" \/>\n<meta property=\"og:type\" content=\"article\" \/>\n<meta property=\"og:title\" content=\"Syst\u00e8me d\u2019alarme radio WiPro III avec fonction safe.lock - Bantam Wankm\u00fcller SA\" \/>\n<meta property=\"og:description\" content=\"Lors du d\u00e9veloppement de la WiPro III, l&rsquo;objectif \u00e9tait de faire encore mieux. Le r\u00e9sultat est le WiPro III safe.lock, qui prot\u00e8ge non seulement le v\u00e9hicule contre les intrusions classiques avec les m\u00e9thodes et la violence associ\u00e9e, mais offre \u00e9galement une protection contre les attaques Replay sans cesse croissantes. Les capteurs sans fil \u00e9prouv\u00e9s offrent [&hellip;]\" \/>\n<meta property=\"og:url\" content=\"https:\/\/shop.bantam.ch\/fr\/produit\/systeme-dalarme-radio-wipro-iii-avec-fonction-safe-lock\/\" \/>\n<meta property=\"og:site_name\" content=\"Bantam Wankm\u00fcller SA\" \/>\n<meta property=\"article:modified_time\" content=\"2026-04-21T20:08:30+00:00\" \/>\n<meta property=\"og:image\" content=\"https:\/\/shop.bantam.ch\/wp-content\/uploads\/2023\/02\/994107811.jpg\" \/>\n\t<meta property=\"og:image:width\" content=\"1000\" \/>\n\t<meta property=\"og:image:height\" content=\"702\" \/>\n\t<meta property=\"og:image:type\" content=\"image\/jpeg\" \/>\n<meta name=\"twitter:card\" content=\"summary_large_image\" \/>\n<meta name=\"twitter:label1\" content=\"Dur\u00e9e de lecture estim\u00e9e\" \/>\n\t<meta name=\"twitter:data1\" content=\"1 minute\" \/>\n<script type=\"application\/ld+json\" class=\"yoast-schema-graph\">{\"@context\":\"https:\\\/\\\/schema.org\",\"@graph\":[{\"@type\":\"WebPage\",\"@id\":\"https:\\\/\\\/shop.bantam.ch\\\/fr\\\/produit\\\/systeme-dalarme-radio-wipro-iii-avec-fonction-safe-lock\\\/\",\"url\":\"https:\\\/\\\/shop.bantam.ch\\\/fr\\\/produit\\\/systeme-dalarme-radio-wipro-iii-avec-fonction-safe-lock\\\/\",\"name\":\"Syst\u00e8me d\u2019alarme radio WiPro III avec fonction safe.lock - Bantam Wankm\u00fcller SA\",\"isPartOf\":{\"@id\":\"https:\\\/\\\/shop.bantam.ch\\\/fr\\\/#website\"},\"primaryImageOfPage\":{\"@id\":\"https:\\\/\\\/shop.bantam.ch\\\/fr\\\/produit\\\/systeme-dalarme-radio-wipro-iii-avec-fonction-safe-lock\\\/#primaryimage\"},\"image\":{\"@id\":\"https:\\\/\\\/shop.bantam.ch\\\/fr\\\/produit\\\/systeme-dalarme-radio-wipro-iii-avec-fonction-safe-lock\\\/#primaryimage\"},\"thumbnailUrl\":\"https:\\\/\\\/shop.bantam.ch\\\/wp-content\\\/uploads\\\/2023\\\/02\\\/994107811.jpg\",\"datePublished\":\"2023-02-27T19:43:46+00:00\",\"dateModified\":\"2026-04-21T20:08:30+00:00\",\"breadcrumb\":{\"@id\":\"https:\\\/\\\/shop.bantam.ch\\\/fr\\\/produit\\\/systeme-dalarme-radio-wipro-iii-avec-fonction-safe-lock\\\/#breadcrumb\"},\"inLanguage\":\"fr-FR\",\"potentialAction\":[{\"@type\":\"ReadAction\",\"target\":[\"https:\\\/\\\/shop.bantam.ch\\\/fr\\\/produit\\\/systeme-dalarme-radio-wipro-iii-avec-fonction-safe-lock\\\/\"]}]},{\"@type\":\"ImageObject\",\"inLanguage\":\"fr-FR\",\"@id\":\"https:\\\/\\\/shop.bantam.ch\\\/fr\\\/produit\\\/systeme-dalarme-radio-wipro-iii-avec-fonction-safe-lock\\\/#primaryimage\",\"url\":\"https:\\\/\\\/shop.bantam.ch\\\/wp-content\\\/uploads\\\/2023\\\/02\\\/994107811.jpg\",\"contentUrl\":\"https:\\\/\\\/shop.bantam.ch\\\/wp-content\\\/uploads\\\/2023\\\/02\\\/994107811.jpg\",\"width\":1000,\"height\":702},{\"@type\":\"BreadcrumbList\",\"@id\":\"https:\\\/\\\/shop.bantam.ch\\\/fr\\\/produit\\\/systeme-dalarme-radio-wipro-iii-avec-fonction-safe-lock\\\/#breadcrumb\",\"itemListElement\":[{\"@type\":\"ListItem\",\"position\":1,\"name\":\"Accueil\",\"item\":\"https:\\\/\\\/shop.bantam.ch\\\/fr\\\/\"},{\"@type\":\"ListItem\",\"position\":2,\"name\":\"Boutique\",\"item\":\"https:\\\/\\\/shop.bantam.ch\\\/fr\\\/boutique\\\/\"},{\"@type\":\"ListItem\",\"position\":3,\"name\":\"Syst\u00e8me d\u2019alarme radio WiPro III avec fonction safe.lock\"}]},{\"@type\":\"WebSite\",\"@id\":\"https:\\\/\\\/shop.bantam.ch\\\/fr\\\/#website\",\"url\":\"https:\\\/\\\/shop.bantam.ch\\\/fr\\\/\",\"name\":\"Bantam Wankm\u00fcller SA\",\"description\":\"\",\"publisher\":{\"@id\":\"https:\\\/\\\/shop.bantam.ch\\\/fr\\\/#organization\"},\"inLanguage\":\"fr-FR\"},{\"@type\":\"Organization\",\"@id\":\"https:\\\/\\\/shop.bantam.ch\\\/fr\\\/#organization\",\"name\":\"Bantam Wankm\u00fcller SA\",\"url\":\"https:\\\/\\\/shop.bantam.ch\\\/fr\\\/\",\"logo\":{\"@type\":\"ImageObject\",\"inLanguage\":\"fr-FR\",\"@id\":\"https:\\\/\\\/shop.bantam.ch\\\/fr\\\/#\\\/schema\\\/logo\\\/image\\\/\",\"url\":\"https:\\\/\\\/shop.bantam.ch\\\/wp-content\\\/uploads\\\/2022\\\/12\\\/bantam-logo.png\",\"contentUrl\":\"https:\\\/\\\/shop.bantam.ch\\\/wp-content\\\/uploads\\\/2022\\\/12\\\/bantam-logo.png\",\"width\":320,\"height\":71,\"caption\":\"Bantam Wankm\u00fcller SA\"},\"image\":{\"@id\":\"https:\\\/\\\/shop.bantam.ch\\\/fr\\\/#\\\/schema\\\/logo\\\/image\\\/\"}}]}<\/script>\n<!-- \/ Yoast SEO plugin. -->","yoast_head_json":{"title":"Syst\u00e8me d\u2019alarme radio WiPro III avec fonction safe.lock - Bantam Wankm\u00fcller SA","robots":{"index":"index","follow":"follow","max-snippet":"max-snippet:-1","max-image-preview":"max-image-preview:large","max-video-preview":"max-video-preview:-1"},"canonical":"https:\/\/shop.bantam.ch\/fr\/produit\/systeme-dalarme-radio-wipro-iii-avec-fonction-safe-lock\/","og_locale":"fr_FR","og_type":"article","og_title":"Syst\u00e8me d\u2019alarme radio WiPro III avec fonction safe.lock - Bantam Wankm\u00fcller SA","og_description":"Lors du d\u00e9veloppement de la WiPro III, l&rsquo;objectif \u00e9tait de faire encore mieux. Le r\u00e9sultat est le WiPro III safe.lock, qui prot\u00e8ge non seulement le v\u00e9hicule contre les intrusions classiques avec les m\u00e9thodes et la violence associ\u00e9e, mais offre \u00e9galement une protection contre les attaques Replay sans cesse croissantes. Les capteurs sans fil \u00e9prouv\u00e9s offrent [&hellip;]","og_url":"https:\/\/shop.bantam.ch\/fr\/produit\/systeme-dalarme-radio-wipro-iii-avec-fonction-safe-lock\/","og_site_name":"Bantam Wankm\u00fcller SA","article_modified_time":"2026-04-21T20:08:30+00:00","og_image":[{"width":1000,"height":702,"url":"https:\/\/shop.bantam.ch\/wp-content\/uploads\/2023\/02\/994107811.jpg","type":"image\/jpeg"}],"twitter_card":"summary_large_image","twitter_misc":{"Dur\u00e9e de lecture estim\u00e9e":"1 minute"},"schema":{"@context":"https:\/\/schema.org","@graph":[{"@type":"WebPage","@id":"https:\/\/shop.bantam.ch\/fr\/produit\/systeme-dalarme-radio-wipro-iii-avec-fonction-safe-lock\/","url":"https:\/\/shop.bantam.ch\/fr\/produit\/systeme-dalarme-radio-wipro-iii-avec-fonction-safe-lock\/","name":"Syst\u00e8me d\u2019alarme radio WiPro III avec fonction safe.lock - Bantam Wankm\u00fcller SA","isPartOf":{"@id":"https:\/\/shop.bantam.ch\/fr\/#website"},"primaryImageOfPage":{"@id":"https:\/\/shop.bantam.ch\/fr\/produit\/systeme-dalarme-radio-wipro-iii-avec-fonction-safe-lock\/#primaryimage"},"image":{"@id":"https:\/\/shop.bantam.ch\/fr\/produit\/systeme-dalarme-radio-wipro-iii-avec-fonction-safe-lock\/#primaryimage"},"thumbnailUrl":"https:\/\/shop.bantam.ch\/wp-content\/uploads\/2023\/02\/994107811.jpg","datePublished":"2023-02-27T19:43:46+00:00","dateModified":"2026-04-21T20:08:30+00:00","breadcrumb":{"@id":"https:\/\/shop.bantam.ch\/fr\/produit\/systeme-dalarme-radio-wipro-iii-avec-fonction-safe-lock\/#breadcrumb"},"inLanguage":"fr-FR","potentialAction":[{"@type":"ReadAction","target":["https:\/\/shop.bantam.ch\/fr\/produit\/systeme-dalarme-radio-wipro-iii-avec-fonction-safe-lock\/"]}]},{"@type":"ImageObject","inLanguage":"fr-FR","@id":"https:\/\/shop.bantam.ch\/fr\/produit\/systeme-dalarme-radio-wipro-iii-avec-fonction-safe-lock\/#primaryimage","url":"https:\/\/shop.bantam.ch\/wp-content\/uploads\/2023\/02\/994107811.jpg","contentUrl":"https:\/\/shop.bantam.ch\/wp-content\/uploads\/2023\/02\/994107811.jpg","width":1000,"height":702},{"@type":"BreadcrumbList","@id":"https:\/\/shop.bantam.ch\/fr\/produit\/systeme-dalarme-radio-wipro-iii-avec-fonction-safe-lock\/#breadcrumb","itemListElement":[{"@type":"ListItem","position":1,"name":"Accueil","item":"https:\/\/shop.bantam.ch\/fr\/"},{"@type":"ListItem","position":2,"name":"Boutique","item":"https:\/\/shop.bantam.ch\/fr\/boutique\/"},{"@type":"ListItem","position":3,"name":"Syst\u00e8me d\u2019alarme radio WiPro III avec fonction safe.lock"}]},{"@type":"WebSite","@id":"https:\/\/shop.bantam.ch\/fr\/#website","url":"https:\/\/shop.bantam.ch\/fr\/","name":"Bantam Wankm\u00fcller SA","description":"","publisher":{"@id":"https:\/\/shop.bantam.ch\/fr\/#organization"},"inLanguage":"fr-FR"},{"@type":"Organization","@id":"https:\/\/shop.bantam.ch\/fr\/#organization","name":"Bantam Wankm\u00fcller SA","url":"https:\/\/shop.bantam.ch\/fr\/","logo":{"@type":"ImageObject","inLanguage":"fr-FR","@id":"https:\/\/shop.bantam.ch\/fr\/#\/schema\/logo\/image\/","url":"https:\/\/shop.bantam.ch\/wp-content\/uploads\/2022\/12\/bantam-logo.png","contentUrl":"https:\/\/shop.bantam.ch\/wp-content\/uploads\/2022\/12\/bantam-logo.png","width":320,"height":71,"caption":"Bantam Wankm\u00fcller SA"},"image":{"@id":"https:\/\/shop.bantam.ch\/fr\/#\/schema\/logo\/image\/"}}]}},"_links":{"self":[{"href":"https:\/\/shop.bantam.ch\/fr\/wp-json\/wp\/v2\/product\/70047","targetHints":{"allow":["GET"]}}],"collection":[{"href":"https:\/\/shop.bantam.ch\/fr\/wp-json\/wp\/v2\/product"}],"about":[{"href":"https:\/\/shop.bantam.ch\/fr\/wp-json\/wp\/v2\/types\/product"}],"wp:featuredmedia":[{"embeddable":true,"href":"https:\/\/shop.bantam.ch\/fr\/wp-json\/wp\/v2\/media\/70039"}],"wp:attachment":[{"href":"https:\/\/shop.bantam.ch\/fr\/wp-json\/wp\/v2\/media?parent=70047"}],"wp:term":[{"taxonomy":"product_featured_cat","embeddable":true,"href":"https:\/\/shop.bantam.ch\/fr\/wp-json\/wp\/v2\/product_featured_cat?post=70047"},{"taxonomy":"product_brand","embeddable":true,"href":"https:\/\/shop.bantam.ch\/fr\/wp-json\/wp\/v2\/product_brand?post=70047"},{"taxonomy":"product_cat","embeddable":true,"href":"https:\/\/shop.bantam.ch\/fr\/wp-json\/wp\/v2\/product_cat?post=70047"},{"taxonomy":"product_tag","embeddable":true,"href":"https:\/\/shop.bantam.ch\/fr\/wp-json\/wp\/v2\/product_tag?post=70047"}],"curies":[{"name":"wp","href":"https:\/\/api.w.org\/{rel}","templated":true}]}}