{"id":69899,"date":"2023-02-27T20:41:43","date_gmt":"2023-02-27T19:41:43","guid":{"rendered":"http:\/\/shop.bantam.ch\/produit\/chaise-denfant-kirby-bleu-turquoise\/"},"modified":"2026-04-17T21:13:43","modified_gmt":"2026-04-17T19:13:43","slug":"chaise-denfant-kirby-bleu-turquoise","status":"publish","type":"product","link":"https:\/\/shop.bantam.ch\/fr\/produit\/chaise-denfant-kirby-bleu-turquoise\/","title":{"rendered":"Chaise enfant Uquip Kirby bleu turquoise"},"content":{"rendered":"<p>Que ce soit pour un week-end, des vacances en camping ou tout simplement \u00e0 la maison. Kirby est s\u00fbrement l&rsquo;une des meilleures amies de vos enfants. Elle est r\u00e9sistante, elle est stable et elle est sure ! Un porte-gobelet pratique sous l&rsquo;accoudoir offre un espace suppl\u00e9mentaire pour les bras. La faible hauteur du si\u00e8ge est parfaitement adapt\u00e9e aux jambes courtes des enfants.<\/p>\n<p>La housse est 100 % en polyester.<\/p>\n","protected":false},"excerpt":{"rendered":"<p>Que ce soit pour un week-end, des vacances en camping ou tout simplement \u00e0 la maison. Kirby est s\u00fbrement l&rsquo;une des meilleures amies de vos enfants. Elle est r\u00e9sistante, elle est stable et elle est sure ! Un porte-gobelet pratique sous l&rsquo;accoudoir offre un espace suppl\u00e9mentaire pour les bras. La faible hauteur du si\u00e8ge est [&hellip;]<\/p>\n","protected":false},"featured_media":69877,"template":"","meta":{"_acf_changed":false},"product_featured_cat":[],"product_brand":[3440],"product_cat":[4971],"product_tag":[],"class_list":{"0":"post-69899","1":"product","2":"type-product","3":"status-publish","4":"has-post-thumbnail","6":"product_brand-uquip","7":"product_cat-chaises-de-camping","9":"first","10":"instock","11":"taxable","12":"shipping-taxable","13":"purchasable","14":"product-type-simple"},"acf":[],"yoast_head":"<!-- This site is optimized with the Yoast SEO plugin v27.4 - https:\/\/yoast.com\/product\/yoast-seo-wordpress\/ -->\n<title>Chaise enfant Uquip Kirby bleu turquoise - Bantam Wankm\u00fcller SA<\/title>\n<meta name=\"robots\" content=\"index, follow, max-snippet:-1, max-image-preview:large, max-video-preview:-1\" \/>\n<link rel=\"canonical\" href=\"https:\/\/shop.bantam.ch\/fr\/produit\/chaise-denfant-kirby-bleu-turquoise\/\" \/>\n<meta property=\"og:locale\" content=\"fr_FR\" \/>\n<meta property=\"og:type\" content=\"article\" \/>\n<meta property=\"og:title\" content=\"Chaise enfant Uquip Kirby bleu turquoise - Bantam Wankm\u00fcller SA\" \/>\n<meta property=\"og:description\" content=\"Que ce soit pour un week-end, des vacances en camping ou tout simplement \u00e0 la maison. Kirby est s\u00fbrement l&rsquo;une des meilleures amies de vos enfants. Elle est r\u00e9sistante, elle est stable et elle est sure ! Un porte-gobelet pratique sous l&rsquo;accoudoir offre un espace suppl\u00e9mentaire pour les bras. La faible hauteur du si\u00e8ge est [&hellip;]\" \/>\n<meta property=\"og:url\" content=\"https:\/\/shop.bantam.ch\/fr\/produit\/chaise-denfant-kirby-bleu-turquoise\/\" \/>\n<meta property=\"og:site_name\" content=\"Bantam Wankm\u00fcller SA\" \/>\n<meta property=\"article:modified_time\" content=\"2026-04-17T19:13:43+00:00\" \/>\n<meta property=\"og:image\" content=\"https:\/\/shop.bantam.ch\/wp-content\/uploads\/2023\/02\/993116112.jpg\" \/>\n\t<meta property=\"og:image:width\" content=\"1067\" \/>\n\t<meta property=\"og:image:height\" content=\"1600\" \/>\n\t<meta property=\"og:image:type\" content=\"image\/jpeg\" \/>\n<meta name=\"twitter:card\" content=\"summary_large_image\" \/>\n<script type=\"application\/ld+json\" class=\"yoast-schema-graph\">{\"@context\":\"https:\\\/\\\/schema.org\",\"@graph\":[{\"@type\":\"WebPage\",\"@id\":\"https:\\\/\\\/shop.bantam.ch\\\/fr\\\/produit\\\/chaise-denfant-kirby-bleu-turquoise\\\/\",\"url\":\"https:\\\/\\\/shop.bantam.ch\\\/fr\\\/produit\\\/chaise-denfant-kirby-bleu-turquoise\\\/\",\"name\":\"Chaise enfant Uquip Kirby bleu turquoise - Bantam Wankm\u00fcller SA\",\"isPartOf\":{\"@id\":\"https:\\\/\\\/shop.bantam.ch\\\/fr\\\/#website\"},\"primaryImageOfPage\":{\"@id\":\"https:\\\/\\\/shop.bantam.ch\\\/fr\\\/produit\\\/chaise-denfant-kirby-bleu-turquoise\\\/#primaryimage\"},\"image\":{\"@id\":\"https:\\\/\\\/shop.bantam.ch\\\/fr\\\/produit\\\/chaise-denfant-kirby-bleu-turquoise\\\/#primaryimage\"},\"thumbnailUrl\":\"https:\\\/\\\/shop.bantam.ch\\\/wp-content\\\/uploads\\\/2023\\\/02\\\/993116112.jpg\",\"datePublished\":\"2023-02-27T19:41:43+00:00\",\"dateModified\":\"2026-04-17T19:13:43+00:00\",\"breadcrumb\":{\"@id\":\"https:\\\/\\\/shop.bantam.ch\\\/fr\\\/produit\\\/chaise-denfant-kirby-bleu-turquoise\\\/#breadcrumb\"},\"inLanguage\":\"fr-FR\",\"potentialAction\":[{\"@type\":\"ReadAction\",\"target\":[\"https:\\\/\\\/shop.bantam.ch\\\/fr\\\/produit\\\/chaise-denfant-kirby-bleu-turquoise\\\/\"]}]},{\"@type\":\"ImageObject\",\"inLanguage\":\"fr-FR\",\"@id\":\"https:\\\/\\\/shop.bantam.ch\\\/fr\\\/produit\\\/chaise-denfant-kirby-bleu-turquoise\\\/#primaryimage\",\"url\":\"https:\\\/\\\/shop.bantam.ch\\\/wp-content\\\/uploads\\\/2023\\\/02\\\/993116112.jpg\",\"contentUrl\":\"https:\\\/\\\/shop.bantam.ch\\\/wp-content\\\/uploads\\\/2023\\\/02\\\/993116112.jpg\",\"width\":1067,\"height\":1600},{\"@type\":\"BreadcrumbList\",\"@id\":\"https:\\\/\\\/shop.bantam.ch\\\/fr\\\/produit\\\/chaise-denfant-kirby-bleu-turquoise\\\/#breadcrumb\",\"itemListElement\":[{\"@type\":\"ListItem\",\"position\":1,\"name\":\"Accueil\",\"item\":\"https:\\\/\\\/shop.bantam.ch\\\/fr\\\/\"},{\"@type\":\"ListItem\",\"position\":2,\"name\":\"Boutique\",\"item\":\"https:\\\/\\\/shop.bantam.ch\\\/fr\\\/boutique\\\/\"},{\"@type\":\"ListItem\",\"position\":3,\"name\":\"Chaise enfant Uquip Kirby bleu turquoise\"}]},{\"@type\":\"WebSite\",\"@id\":\"https:\\\/\\\/shop.bantam.ch\\\/fr\\\/#website\",\"url\":\"https:\\\/\\\/shop.bantam.ch\\\/fr\\\/\",\"name\":\"Bantam Wankm\u00fcller SA\",\"description\":\"\",\"publisher\":{\"@id\":\"https:\\\/\\\/shop.bantam.ch\\\/fr\\\/#organization\"},\"inLanguage\":\"fr-FR\"},{\"@type\":\"Organization\",\"@id\":\"https:\\\/\\\/shop.bantam.ch\\\/fr\\\/#organization\",\"name\":\"Bantam Wankm\u00fcller SA\",\"url\":\"https:\\\/\\\/shop.bantam.ch\\\/fr\\\/\",\"logo\":{\"@type\":\"ImageObject\",\"inLanguage\":\"fr-FR\",\"@id\":\"https:\\\/\\\/shop.bantam.ch\\\/fr\\\/#\\\/schema\\\/logo\\\/image\\\/\",\"url\":\"https:\\\/\\\/shop.bantam.ch\\\/wp-content\\\/uploads\\\/2022\\\/12\\\/bantam-logo.png\",\"contentUrl\":\"https:\\\/\\\/shop.bantam.ch\\\/wp-content\\\/uploads\\\/2022\\\/12\\\/bantam-logo.png\",\"width\":320,\"height\":71,\"caption\":\"Bantam Wankm\u00fcller SA\"},\"image\":{\"@id\":\"https:\\\/\\\/shop.bantam.ch\\\/fr\\\/#\\\/schema\\\/logo\\\/image\\\/\"}}]}<\/script>\n<!-- \/ Yoast SEO plugin. -->","yoast_head_json":{"title":"Chaise enfant Uquip Kirby bleu turquoise - Bantam Wankm\u00fcller SA","robots":{"index":"index","follow":"follow","max-snippet":"max-snippet:-1","max-image-preview":"max-image-preview:large","max-video-preview":"max-video-preview:-1"},"canonical":"https:\/\/shop.bantam.ch\/fr\/produit\/chaise-denfant-kirby-bleu-turquoise\/","og_locale":"fr_FR","og_type":"article","og_title":"Chaise enfant Uquip Kirby bleu turquoise - Bantam Wankm\u00fcller SA","og_description":"Que ce soit pour un week-end, des vacances en camping ou tout simplement \u00e0 la maison. Kirby est s\u00fbrement l&rsquo;une des meilleures amies de vos enfants. Elle est r\u00e9sistante, elle est stable et elle est sure ! Un porte-gobelet pratique sous l&rsquo;accoudoir offre un espace suppl\u00e9mentaire pour les bras. La faible hauteur du si\u00e8ge est [&hellip;]","og_url":"https:\/\/shop.bantam.ch\/fr\/produit\/chaise-denfant-kirby-bleu-turquoise\/","og_site_name":"Bantam Wankm\u00fcller SA","article_modified_time":"2026-04-17T19:13:43+00:00","og_image":[{"width":1067,"height":1600,"url":"https:\/\/shop.bantam.ch\/wp-content\/uploads\/2023\/02\/993116112.jpg","type":"image\/jpeg"}],"twitter_card":"summary_large_image","schema":{"@context":"https:\/\/schema.org","@graph":[{"@type":"WebPage","@id":"https:\/\/shop.bantam.ch\/fr\/produit\/chaise-denfant-kirby-bleu-turquoise\/","url":"https:\/\/shop.bantam.ch\/fr\/produit\/chaise-denfant-kirby-bleu-turquoise\/","name":"Chaise enfant Uquip Kirby bleu turquoise - Bantam Wankm\u00fcller SA","isPartOf":{"@id":"https:\/\/shop.bantam.ch\/fr\/#website"},"primaryImageOfPage":{"@id":"https:\/\/shop.bantam.ch\/fr\/produit\/chaise-denfant-kirby-bleu-turquoise\/#primaryimage"},"image":{"@id":"https:\/\/shop.bantam.ch\/fr\/produit\/chaise-denfant-kirby-bleu-turquoise\/#primaryimage"},"thumbnailUrl":"https:\/\/shop.bantam.ch\/wp-content\/uploads\/2023\/02\/993116112.jpg","datePublished":"2023-02-27T19:41:43+00:00","dateModified":"2026-04-17T19:13:43+00:00","breadcrumb":{"@id":"https:\/\/shop.bantam.ch\/fr\/produit\/chaise-denfant-kirby-bleu-turquoise\/#breadcrumb"},"inLanguage":"fr-FR","potentialAction":[{"@type":"ReadAction","target":["https:\/\/shop.bantam.ch\/fr\/produit\/chaise-denfant-kirby-bleu-turquoise\/"]}]},{"@type":"ImageObject","inLanguage":"fr-FR","@id":"https:\/\/shop.bantam.ch\/fr\/produit\/chaise-denfant-kirby-bleu-turquoise\/#primaryimage","url":"https:\/\/shop.bantam.ch\/wp-content\/uploads\/2023\/02\/993116112.jpg","contentUrl":"https:\/\/shop.bantam.ch\/wp-content\/uploads\/2023\/02\/993116112.jpg","width":1067,"height":1600},{"@type":"BreadcrumbList","@id":"https:\/\/shop.bantam.ch\/fr\/produit\/chaise-denfant-kirby-bleu-turquoise\/#breadcrumb","itemListElement":[{"@type":"ListItem","position":1,"name":"Accueil","item":"https:\/\/shop.bantam.ch\/fr\/"},{"@type":"ListItem","position":2,"name":"Boutique","item":"https:\/\/shop.bantam.ch\/fr\/boutique\/"},{"@type":"ListItem","position":3,"name":"Chaise enfant Uquip Kirby bleu turquoise"}]},{"@type":"WebSite","@id":"https:\/\/shop.bantam.ch\/fr\/#website","url":"https:\/\/shop.bantam.ch\/fr\/","name":"Bantam Wankm\u00fcller SA","description":"","publisher":{"@id":"https:\/\/shop.bantam.ch\/fr\/#organization"},"inLanguage":"fr-FR"},{"@type":"Organization","@id":"https:\/\/shop.bantam.ch\/fr\/#organization","name":"Bantam Wankm\u00fcller SA","url":"https:\/\/shop.bantam.ch\/fr\/","logo":{"@type":"ImageObject","inLanguage":"fr-FR","@id":"https:\/\/shop.bantam.ch\/fr\/#\/schema\/logo\/image\/","url":"https:\/\/shop.bantam.ch\/wp-content\/uploads\/2022\/12\/bantam-logo.png","contentUrl":"https:\/\/shop.bantam.ch\/wp-content\/uploads\/2022\/12\/bantam-logo.png","width":320,"height":71,"caption":"Bantam Wankm\u00fcller SA"},"image":{"@id":"https:\/\/shop.bantam.ch\/fr\/#\/schema\/logo\/image\/"}}]}},"_links":{"self":[{"href":"https:\/\/shop.bantam.ch\/fr\/wp-json\/wp\/v2\/product\/69899","targetHints":{"allow":["GET"]}}],"collection":[{"href":"https:\/\/shop.bantam.ch\/fr\/wp-json\/wp\/v2\/product"}],"about":[{"href":"https:\/\/shop.bantam.ch\/fr\/wp-json\/wp\/v2\/types\/product"}],"wp:featuredmedia":[{"embeddable":true,"href":"https:\/\/shop.bantam.ch\/fr\/wp-json\/wp\/v2\/media\/69877"}],"wp:attachment":[{"href":"https:\/\/shop.bantam.ch\/fr\/wp-json\/wp\/v2\/media?parent=69899"}],"wp:term":[{"taxonomy":"product_featured_cat","embeddable":true,"href":"https:\/\/shop.bantam.ch\/fr\/wp-json\/wp\/v2\/product_featured_cat?post=69899"},{"taxonomy":"product_brand","embeddable":true,"href":"https:\/\/shop.bantam.ch\/fr\/wp-json\/wp\/v2\/product_brand?post=69899"},{"taxonomy":"product_cat","embeddable":true,"href":"https:\/\/shop.bantam.ch\/fr\/wp-json\/wp\/v2\/product_cat?post=69899"},{"taxonomy":"product_tag","embeddable":true,"href":"https:\/\/shop.bantam.ch\/fr\/wp-json\/wp\/v2\/product_tag?post=69899"}],"curies":[{"name":"wp","href":"https:\/\/api.w.org\/{rel}","templated":true}]}}