{"id":69311,"date":"2023-02-27T20:31:25","date_gmt":"2023-02-27T19:31:25","guid":{"rendered":"http:\/\/shop.bantam.ch\/produit\/kamera-perfectview-cam45-sans-nav\/"},"modified":"2026-04-18T21:13:50","modified_gmt":"2026-04-18T19:13:50","slug":"kamera-perfectview-cam45-sans-nav","status":"publish","type":"product","link":"https:\/\/shop.bantam.ch\/fr\/produit\/kamera-perfectview-cam45-sans-nav\/","title":{"rendered":"Cam\u00e9ra Dometic Perfect View CAM45 CCD rear view"},"content":{"rendered":"<p>Le Dometic PerfectView CAM 45 facilite et s\u00e9curise les changements de voie et les marches arri\u00e8re avec les gros v\u00e9hicules. La cam\u00e9ra couleur compacte offre aux conducteurs un champ de vision large en diagonale de 120\u00b0 et, gr\u00e2ce au microphone int\u00e9gr\u00e9, leur permet d&rsquo;entendre ce qui se passe derri\u00e8re le v\u00e9hicule. S\u00e9lection possible : lecture normale ou en miroir. Le chauffage \u00e0 temp\u00e9rature contr\u00f4l\u00e9e permet de bons enregistrements m\u00eame par temps froid. Des LED infrarouges s\u00e9par\u00e9es assurent une vision nocturne optimale. Le c\u00e2blage de la cam\u00e9ra est \u00e0 peine visible et se connecte sans effort \u00e0 l&rsquo;\u00e9cran multim\u00e9dia existant de votre v\u00e9hicule. Recommand\u00e9 pour une utilisation dans tout v\u00e9hicule r\u00e9cr\u00e9atif.<\/p>\n","protected":false},"excerpt":{"rendered":"<p>Le Dometic PerfectView CAM 45 facilite et s\u00e9curise les changements de voie et les marches arri\u00e8re avec les gros v\u00e9hicules. La cam\u00e9ra couleur compacte offre aux conducteurs un champ de vision large en diagonale de 120\u00b0 et, gr\u00e2ce au microphone int\u00e9gr\u00e9, leur permet d&rsquo;entendre ce qui se passe derri\u00e8re le v\u00e9hicule. S\u00e9lection possible : lecture [&hellip;]<\/p>\n","protected":false},"featured_media":69309,"template":"","meta":{"_acf_changed":false},"product_featured_cat":[],"product_brand":[3028],"product_cat":[5001],"product_tag":[],"class_list":{"0":"post-69311","1":"product","2":"type-product","3":"status-publish","4":"has-post-thumbnail","6":"product_brand-dometic","7":"product_cat-cameras","9":"first","10":"instock","11":"taxable","12":"shipping-taxable","13":"purchasable","14":"product-type-simple"},"acf":[],"yoast_head":"<!-- This site is optimized with the Yoast SEO plugin v27.4 - https:\/\/yoast.com\/product\/yoast-seo-wordpress\/ -->\n<title>Cam\u00e9ra Dometic Perfect View CAM45 CCD rear view - Bantam Wankm\u00fcller SA<\/title>\n<meta name=\"robots\" content=\"index, follow, max-snippet:-1, max-image-preview:large, max-video-preview:-1\" \/>\n<link rel=\"canonical\" href=\"https:\/\/shop.bantam.ch\/fr\/produit\/kamera-perfectview-cam45-sans-nav\/\" \/>\n<meta property=\"og:locale\" content=\"fr_FR\" \/>\n<meta property=\"og:type\" content=\"article\" \/>\n<meta property=\"og:title\" content=\"Cam\u00e9ra Dometic Perfect View CAM45 CCD rear view - Bantam Wankm\u00fcller SA\" \/>\n<meta property=\"og:description\" content=\"Le Dometic PerfectView CAM 45 facilite et s\u00e9curise les changements de voie et les marches arri\u00e8re avec les gros v\u00e9hicules. La cam\u00e9ra couleur compacte offre aux conducteurs un champ de vision large en diagonale de 120\u00b0 et, gr\u00e2ce au microphone int\u00e9gr\u00e9, leur permet d&rsquo;entendre ce qui se passe derri\u00e8re le v\u00e9hicule. S\u00e9lection possible : lecture [&hellip;]\" \/>\n<meta property=\"og:url\" content=\"https:\/\/shop.bantam.ch\/fr\/produit\/kamera-perfectview-cam45-sans-nav\/\" \/>\n<meta property=\"og:site_name\" content=\"Bantam Wankm\u00fcller SA\" \/>\n<meta property=\"article:modified_time\" content=\"2026-04-18T19:13:50+00:00\" \/>\n<meta property=\"og:image\" content=\"https:\/\/shop.bantam.ch\/wp-content\/uploads\/2023\/02\/992493811.jpg\" \/>\n\t<meta property=\"og:image:width\" content=\"1000\" \/>\n\t<meta property=\"og:image:height\" content=\"807\" \/>\n\t<meta property=\"og:image:type\" content=\"image\/jpeg\" \/>\n<meta name=\"twitter:card\" content=\"summary_large_image\" \/>\n<meta name=\"twitter:label1\" content=\"Dur\u00e9e de lecture estim\u00e9e\" \/>\n\t<meta name=\"twitter:data1\" content=\"1 minute\" \/>\n<script type=\"application\/ld+json\" class=\"yoast-schema-graph\">{\"@context\":\"https:\\\/\\\/schema.org\",\"@graph\":[{\"@type\":\"WebPage\",\"@id\":\"https:\\\/\\\/shop.bantam.ch\\\/fr\\\/produit\\\/kamera-perfectview-cam45-sans-nav\\\/\",\"url\":\"https:\\\/\\\/shop.bantam.ch\\\/fr\\\/produit\\\/kamera-perfectview-cam45-sans-nav\\\/\",\"name\":\"Cam\u00e9ra Dometic Perfect View CAM45 CCD rear view - Bantam Wankm\u00fcller SA\",\"isPartOf\":{\"@id\":\"https:\\\/\\\/shop.bantam.ch\\\/fr\\\/#website\"},\"primaryImageOfPage\":{\"@id\":\"https:\\\/\\\/shop.bantam.ch\\\/fr\\\/produit\\\/kamera-perfectview-cam45-sans-nav\\\/#primaryimage\"},\"image\":{\"@id\":\"https:\\\/\\\/shop.bantam.ch\\\/fr\\\/produit\\\/kamera-perfectview-cam45-sans-nav\\\/#primaryimage\"},\"thumbnailUrl\":\"https:\\\/\\\/shop.bantam.ch\\\/wp-content\\\/uploads\\\/2023\\\/02\\\/992493811.jpg\",\"datePublished\":\"2023-02-27T19:31:25+00:00\",\"dateModified\":\"2026-04-18T19:13:50+00:00\",\"breadcrumb\":{\"@id\":\"https:\\\/\\\/shop.bantam.ch\\\/fr\\\/produit\\\/kamera-perfectview-cam45-sans-nav\\\/#breadcrumb\"},\"inLanguage\":\"fr-FR\",\"potentialAction\":[{\"@type\":\"ReadAction\",\"target\":[\"https:\\\/\\\/shop.bantam.ch\\\/fr\\\/produit\\\/kamera-perfectview-cam45-sans-nav\\\/\"]}]},{\"@type\":\"ImageObject\",\"inLanguage\":\"fr-FR\",\"@id\":\"https:\\\/\\\/shop.bantam.ch\\\/fr\\\/produit\\\/kamera-perfectview-cam45-sans-nav\\\/#primaryimage\",\"url\":\"https:\\\/\\\/shop.bantam.ch\\\/wp-content\\\/uploads\\\/2023\\\/02\\\/992493811.jpg\",\"contentUrl\":\"https:\\\/\\\/shop.bantam.ch\\\/wp-content\\\/uploads\\\/2023\\\/02\\\/992493811.jpg\",\"width\":1000,\"height\":807},{\"@type\":\"BreadcrumbList\",\"@id\":\"https:\\\/\\\/shop.bantam.ch\\\/fr\\\/produit\\\/kamera-perfectview-cam45-sans-nav\\\/#breadcrumb\",\"itemListElement\":[{\"@type\":\"ListItem\",\"position\":1,\"name\":\"Accueil\",\"item\":\"https:\\\/\\\/shop.bantam.ch\\\/fr\\\/\"},{\"@type\":\"ListItem\",\"position\":2,\"name\":\"Boutique\",\"item\":\"https:\\\/\\\/shop.bantam.ch\\\/fr\\\/boutique\\\/\"},{\"@type\":\"ListItem\",\"position\":3,\"name\":\"Cam\u00e9ra Dometic Perfect View CAM45 CCD rear view\"}]},{\"@type\":\"WebSite\",\"@id\":\"https:\\\/\\\/shop.bantam.ch\\\/fr\\\/#website\",\"url\":\"https:\\\/\\\/shop.bantam.ch\\\/fr\\\/\",\"name\":\"Bantam Wankm\u00fcller SA\",\"description\":\"\",\"publisher\":{\"@id\":\"https:\\\/\\\/shop.bantam.ch\\\/fr\\\/#organization\"},\"inLanguage\":\"fr-FR\"},{\"@type\":\"Organization\",\"@id\":\"https:\\\/\\\/shop.bantam.ch\\\/fr\\\/#organization\",\"name\":\"Bantam Wankm\u00fcller SA\",\"url\":\"https:\\\/\\\/shop.bantam.ch\\\/fr\\\/\",\"logo\":{\"@type\":\"ImageObject\",\"inLanguage\":\"fr-FR\",\"@id\":\"https:\\\/\\\/shop.bantam.ch\\\/fr\\\/#\\\/schema\\\/logo\\\/image\\\/\",\"url\":\"https:\\\/\\\/shop.bantam.ch\\\/wp-content\\\/uploads\\\/2022\\\/12\\\/bantam-logo.png\",\"contentUrl\":\"https:\\\/\\\/shop.bantam.ch\\\/wp-content\\\/uploads\\\/2022\\\/12\\\/bantam-logo.png\",\"width\":320,\"height\":71,\"caption\":\"Bantam Wankm\u00fcller SA\"},\"image\":{\"@id\":\"https:\\\/\\\/shop.bantam.ch\\\/fr\\\/#\\\/schema\\\/logo\\\/image\\\/\"}}]}<\/script>\n<!-- \/ Yoast SEO plugin. -->","yoast_head_json":{"title":"Cam\u00e9ra Dometic Perfect View CAM45 CCD rear view - Bantam Wankm\u00fcller SA","robots":{"index":"index","follow":"follow","max-snippet":"max-snippet:-1","max-image-preview":"max-image-preview:large","max-video-preview":"max-video-preview:-1"},"canonical":"https:\/\/shop.bantam.ch\/fr\/produit\/kamera-perfectview-cam45-sans-nav\/","og_locale":"fr_FR","og_type":"article","og_title":"Cam\u00e9ra Dometic Perfect View CAM45 CCD rear view - Bantam Wankm\u00fcller SA","og_description":"Le Dometic PerfectView CAM 45 facilite et s\u00e9curise les changements de voie et les marches arri\u00e8re avec les gros v\u00e9hicules. La cam\u00e9ra couleur compacte offre aux conducteurs un champ de vision large en diagonale de 120\u00b0 et, gr\u00e2ce au microphone int\u00e9gr\u00e9, leur permet d&rsquo;entendre ce qui se passe derri\u00e8re le v\u00e9hicule. S\u00e9lection possible : lecture [&hellip;]","og_url":"https:\/\/shop.bantam.ch\/fr\/produit\/kamera-perfectview-cam45-sans-nav\/","og_site_name":"Bantam Wankm\u00fcller SA","article_modified_time":"2026-04-18T19:13:50+00:00","og_image":[{"width":1000,"height":807,"url":"https:\/\/shop.bantam.ch\/wp-content\/uploads\/2023\/02\/992493811.jpg","type":"image\/jpeg"}],"twitter_card":"summary_large_image","twitter_misc":{"Dur\u00e9e de lecture estim\u00e9e":"1 minute"},"schema":{"@context":"https:\/\/schema.org","@graph":[{"@type":"WebPage","@id":"https:\/\/shop.bantam.ch\/fr\/produit\/kamera-perfectview-cam45-sans-nav\/","url":"https:\/\/shop.bantam.ch\/fr\/produit\/kamera-perfectview-cam45-sans-nav\/","name":"Cam\u00e9ra Dometic Perfect View CAM45 CCD rear view - Bantam Wankm\u00fcller SA","isPartOf":{"@id":"https:\/\/shop.bantam.ch\/fr\/#website"},"primaryImageOfPage":{"@id":"https:\/\/shop.bantam.ch\/fr\/produit\/kamera-perfectview-cam45-sans-nav\/#primaryimage"},"image":{"@id":"https:\/\/shop.bantam.ch\/fr\/produit\/kamera-perfectview-cam45-sans-nav\/#primaryimage"},"thumbnailUrl":"https:\/\/shop.bantam.ch\/wp-content\/uploads\/2023\/02\/992493811.jpg","datePublished":"2023-02-27T19:31:25+00:00","dateModified":"2026-04-18T19:13:50+00:00","breadcrumb":{"@id":"https:\/\/shop.bantam.ch\/fr\/produit\/kamera-perfectview-cam45-sans-nav\/#breadcrumb"},"inLanguage":"fr-FR","potentialAction":[{"@type":"ReadAction","target":["https:\/\/shop.bantam.ch\/fr\/produit\/kamera-perfectview-cam45-sans-nav\/"]}]},{"@type":"ImageObject","inLanguage":"fr-FR","@id":"https:\/\/shop.bantam.ch\/fr\/produit\/kamera-perfectview-cam45-sans-nav\/#primaryimage","url":"https:\/\/shop.bantam.ch\/wp-content\/uploads\/2023\/02\/992493811.jpg","contentUrl":"https:\/\/shop.bantam.ch\/wp-content\/uploads\/2023\/02\/992493811.jpg","width":1000,"height":807},{"@type":"BreadcrumbList","@id":"https:\/\/shop.bantam.ch\/fr\/produit\/kamera-perfectview-cam45-sans-nav\/#breadcrumb","itemListElement":[{"@type":"ListItem","position":1,"name":"Accueil","item":"https:\/\/shop.bantam.ch\/fr\/"},{"@type":"ListItem","position":2,"name":"Boutique","item":"https:\/\/shop.bantam.ch\/fr\/boutique\/"},{"@type":"ListItem","position":3,"name":"Cam\u00e9ra Dometic Perfect View CAM45 CCD rear view"}]},{"@type":"WebSite","@id":"https:\/\/shop.bantam.ch\/fr\/#website","url":"https:\/\/shop.bantam.ch\/fr\/","name":"Bantam Wankm\u00fcller SA","description":"","publisher":{"@id":"https:\/\/shop.bantam.ch\/fr\/#organization"},"inLanguage":"fr-FR"},{"@type":"Organization","@id":"https:\/\/shop.bantam.ch\/fr\/#organization","name":"Bantam Wankm\u00fcller SA","url":"https:\/\/shop.bantam.ch\/fr\/","logo":{"@type":"ImageObject","inLanguage":"fr-FR","@id":"https:\/\/shop.bantam.ch\/fr\/#\/schema\/logo\/image\/","url":"https:\/\/shop.bantam.ch\/wp-content\/uploads\/2022\/12\/bantam-logo.png","contentUrl":"https:\/\/shop.bantam.ch\/wp-content\/uploads\/2022\/12\/bantam-logo.png","width":320,"height":71,"caption":"Bantam Wankm\u00fcller SA"},"image":{"@id":"https:\/\/shop.bantam.ch\/fr\/#\/schema\/logo\/image\/"}}]}},"_links":{"self":[{"href":"https:\/\/shop.bantam.ch\/fr\/wp-json\/wp\/v2\/product\/69311","targetHints":{"allow":["GET"]}}],"collection":[{"href":"https:\/\/shop.bantam.ch\/fr\/wp-json\/wp\/v2\/product"}],"about":[{"href":"https:\/\/shop.bantam.ch\/fr\/wp-json\/wp\/v2\/types\/product"}],"wp:featuredmedia":[{"embeddable":true,"href":"https:\/\/shop.bantam.ch\/fr\/wp-json\/wp\/v2\/media\/69309"}],"wp:attachment":[{"href":"https:\/\/shop.bantam.ch\/fr\/wp-json\/wp\/v2\/media?parent=69311"}],"wp:term":[{"taxonomy":"product_featured_cat","embeddable":true,"href":"https:\/\/shop.bantam.ch\/fr\/wp-json\/wp\/v2\/product_featured_cat?post=69311"},{"taxonomy":"product_brand","embeddable":true,"href":"https:\/\/shop.bantam.ch\/fr\/wp-json\/wp\/v2\/product_brand?post=69311"},{"taxonomy":"product_cat","embeddable":true,"href":"https:\/\/shop.bantam.ch\/fr\/wp-json\/wp\/v2\/product_cat?post=69311"},{"taxonomy":"product_tag","embeddable":true,"href":"https:\/\/shop.bantam.ch\/fr\/wp-json\/wp\/v2\/product_tag?post=69311"}],"curies":[{"name":"wp","href":"https:\/\/api.w.org\/{rel}","templated":true}]}}