{"id":69073,"date":"2023-02-27T20:26:30","date_gmt":"2023-02-27T19:26:30","guid":{"rendered":"http:\/\/shop.bantam.ch\/produit\/rondelles-decartement-pour-lelargissement-de-la-voie\/"},"modified":"2026-04-17T22:06:26","modified_gmt":"2026-04-17T20:06:26","slug":"rondelles-decartement-pour-lelargissement-de-la-voie","status":"publish","type":"product","link":"https:\/\/shop.bantam.ch\/fr\/produit\/rondelles-decartement-pour-lelargissement-de-la-voie\/","title":{"rendered":"Rondelles d\u2018\u00e9cartement pour l\u2018\u00e9largissement de la voie"},"content":{"rendered":"<p>Les rondelles d\u2018\u00e9cartement en aluminium pour l\u2018\u00e9largissement de la voie de votre v\u00e9hicule n\u2018am\u00e9liore pas seulement l\u2018apparence mais optimisent \u00e9galement le ch\u00e2ssis. La sensibilit\u00e9 lat\u00e9rale au vent est r\u00e9duite, la stabilit\u00e9 directionnelle et la suspension sont soutenues de mani\u00e8re optimale. Elles influencent positivement l\u2018int\u00e9gralit\u00e9 du comportement dynamique. \u00c9largissement de la voie par essieu 60 mm, ou 50 mm pour VW T5.<\/p>\n<p>Contenu de la livraison : 2 rondelles d\u2018\u00e9cartement, dispositif de montage, expertise<\/p>\n","protected":false},"excerpt":{"rendered":"<p>Les rondelles d\u2018\u00e9cartement en aluminium pour l\u2018\u00e9largissement de la voie de votre v\u00e9hicule n\u2018am\u00e9liore pas seulement l\u2018apparence mais optimisent \u00e9galement le ch\u00e2ssis. La sensibilit\u00e9 lat\u00e9rale au vent est r\u00e9duite, la stabilit\u00e9 directionnelle et la suspension sont soutenues de mani\u00e8re optimale. Elles influencent positivement l\u2018int\u00e9gralit\u00e9 du comportement dynamique. \u00c9largissement de la voie par essieu 60 mm, [&hellip;]<\/p>\n","protected":false},"featured_media":69065,"template":"","meta":{"_acf_changed":false},"product_featured_cat":[],"product_brand":[3270],"product_cat":[4815],"product_tag":[],"class_list":{"0":"post-69073","1":"product","2":"type-product","3":"status-publish","4":"has-post-thumbnail","6":"product_brand-goldschmitt","7":"product_cat-elargisseurs-de-voie","9":"first","10":"instock","11":"taxable","12":"shipping-taxable","13":"purchasable","14":"product-type-variable"},"acf":[],"yoast_head":"<!-- This site is optimized with the Yoast SEO plugin v27.4 - https:\/\/yoast.com\/product\/yoast-seo-wordpress\/ -->\n<title>Rondelles d\u2018\u00e9cartement pour l\u2018\u00e9largissement de la voie - Bantam Wankm\u00fcller SA<\/title>\n<meta name=\"robots\" content=\"index, follow, max-snippet:-1, max-image-preview:large, max-video-preview:-1\" \/>\n<link rel=\"canonical\" href=\"https:\/\/shop.bantam.ch\/fr\/produit\/rondelles-decartement-pour-lelargissement-de-la-voie\/\" \/>\n<meta property=\"og:locale\" content=\"fr_FR\" \/>\n<meta property=\"og:type\" content=\"article\" \/>\n<meta property=\"og:title\" content=\"Rondelles d\u2018\u00e9cartement pour l\u2018\u00e9largissement de la voie - Bantam Wankm\u00fcller SA\" \/>\n<meta property=\"og:description\" content=\"Les rondelles d\u2018\u00e9cartement en aluminium pour l\u2018\u00e9largissement de la voie de votre v\u00e9hicule n\u2018am\u00e9liore pas seulement l\u2018apparence mais optimisent \u00e9galement le ch\u00e2ssis. La sensibilit\u00e9 lat\u00e9rale au vent est r\u00e9duite, la stabilit\u00e9 directionnelle et la suspension sont soutenues de mani\u00e8re optimale. Elles influencent positivement l\u2018int\u00e9gralit\u00e9 du comportement dynamique. \u00c9largissement de la voie par essieu 60 mm, [&hellip;]\" \/>\n<meta property=\"og:url\" content=\"https:\/\/shop.bantam.ch\/fr\/produit\/rondelles-decartement-pour-lelargissement-de-la-voie\/\" \/>\n<meta property=\"og:site_name\" content=\"Bantam Wankm\u00fcller SA\" \/>\n<meta property=\"article:modified_time\" content=\"2026-04-17T20:06:26+00:00\" \/>\n<meta property=\"og:image\" content=\"https:\/\/shop.bantam.ch\/wp-content\/uploads\/2023\/02\/990668511.jpg\" \/>\n\t<meta property=\"og:image:width\" content=\"1000\" \/>\n\t<meta property=\"og:image:height\" content=\"636\" \/>\n\t<meta property=\"og:image:type\" content=\"image\/jpeg\" \/>\n<meta name=\"twitter:card\" content=\"summary_large_image\" \/>\n<script type=\"application\/ld+json\" class=\"yoast-schema-graph\">{\"@context\":\"https:\\\/\\\/schema.org\",\"@graph\":[{\"@type\":\"WebPage\",\"@id\":\"https:\\\/\\\/shop.bantam.ch\\\/fr\\\/produit\\\/rondelles-decartement-pour-lelargissement-de-la-voie\\\/\",\"url\":\"https:\\\/\\\/shop.bantam.ch\\\/fr\\\/produit\\\/rondelles-decartement-pour-lelargissement-de-la-voie\\\/\",\"name\":\"Rondelles d\u2018\u00e9cartement pour l\u2018\u00e9largissement de la voie - Bantam Wankm\u00fcller SA\",\"isPartOf\":{\"@id\":\"https:\\\/\\\/shop.bantam.ch\\\/fr\\\/#website\"},\"primaryImageOfPage\":{\"@id\":\"https:\\\/\\\/shop.bantam.ch\\\/fr\\\/produit\\\/rondelles-decartement-pour-lelargissement-de-la-voie\\\/#primaryimage\"},\"image\":{\"@id\":\"https:\\\/\\\/shop.bantam.ch\\\/fr\\\/produit\\\/rondelles-decartement-pour-lelargissement-de-la-voie\\\/#primaryimage\"},\"thumbnailUrl\":\"https:\\\/\\\/shop.bantam.ch\\\/wp-content\\\/uploads\\\/2023\\\/02\\\/990668511.jpg\",\"datePublished\":\"2023-02-27T19:26:30+00:00\",\"dateModified\":\"2026-04-17T20:06:26+00:00\",\"breadcrumb\":{\"@id\":\"https:\\\/\\\/shop.bantam.ch\\\/fr\\\/produit\\\/rondelles-decartement-pour-lelargissement-de-la-voie\\\/#breadcrumb\"},\"inLanguage\":\"fr-FR\",\"potentialAction\":[{\"@type\":\"ReadAction\",\"target\":[\"https:\\\/\\\/shop.bantam.ch\\\/fr\\\/produit\\\/rondelles-decartement-pour-lelargissement-de-la-voie\\\/\"]}]},{\"@type\":\"ImageObject\",\"inLanguage\":\"fr-FR\",\"@id\":\"https:\\\/\\\/shop.bantam.ch\\\/fr\\\/produit\\\/rondelles-decartement-pour-lelargissement-de-la-voie\\\/#primaryimage\",\"url\":\"https:\\\/\\\/shop.bantam.ch\\\/wp-content\\\/uploads\\\/2023\\\/02\\\/990668511.jpg\",\"contentUrl\":\"https:\\\/\\\/shop.bantam.ch\\\/wp-content\\\/uploads\\\/2023\\\/02\\\/990668511.jpg\",\"width\":1000,\"height\":636},{\"@type\":\"BreadcrumbList\",\"@id\":\"https:\\\/\\\/shop.bantam.ch\\\/fr\\\/produit\\\/rondelles-decartement-pour-lelargissement-de-la-voie\\\/#breadcrumb\",\"itemListElement\":[{\"@type\":\"ListItem\",\"position\":1,\"name\":\"Accueil\",\"item\":\"https:\\\/\\\/shop.bantam.ch\\\/fr\\\/\"},{\"@type\":\"ListItem\",\"position\":2,\"name\":\"Boutique\",\"item\":\"https:\\\/\\\/shop.bantam.ch\\\/fr\\\/boutique\\\/\"},{\"@type\":\"ListItem\",\"position\":3,\"name\":\"Rondelles d\u2018\u00e9cartement pour l\u2018\u00e9largissement de la voie\"}]},{\"@type\":\"WebSite\",\"@id\":\"https:\\\/\\\/shop.bantam.ch\\\/fr\\\/#website\",\"url\":\"https:\\\/\\\/shop.bantam.ch\\\/fr\\\/\",\"name\":\"Bantam Wankm\u00fcller SA\",\"description\":\"\",\"publisher\":{\"@id\":\"https:\\\/\\\/shop.bantam.ch\\\/fr\\\/#organization\"},\"inLanguage\":\"fr-FR\"},{\"@type\":\"Organization\",\"@id\":\"https:\\\/\\\/shop.bantam.ch\\\/fr\\\/#organization\",\"name\":\"Bantam Wankm\u00fcller SA\",\"url\":\"https:\\\/\\\/shop.bantam.ch\\\/fr\\\/\",\"logo\":{\"@type\":\"ImageObject\",\"inLanguage\":\"fr-FR\",\"@id\":\"https:\\\/\\\/shop.bantam.ch\\\/fr\\\/#\\\/schema\\\/logo\\\/image\\\/\",\"url\":\"https:\\\/\\\/shop.bantam.ch\\\/wp-content\\\/uploads\\\/2022\\\/12\\\/bantam-logo.png\",\"contentUrl\":\"https:\\\/\\\/shop.bantam.ch\\\/wp-content\\\/uploads\\\/2022\\\/12\\\/bantam-logo.png\",\"width\":320,\"height\":71,\"caption\":\"Bantam Wankm\u00fcller SA\"},\"image\":{\"@id\":\"https:\\\/\\\/shop.bantam.ch\\\/fr\\\/#\\\/schema\\\/logo\\\/image\\\/\"}}]}<\/script>\n<!-- \/ Yoast SEO plugin. -->","yoast_head_json":{"title":"Rondelles d\u2018\u00e9cartement pour l\u2018\u00e9largissement de la voie - Bantam Wankm\u00fcller SA","robots":{"index":"index","follow":"follow","max-snippet":"max-snippet:-1","max-image-preview":"max-image-preview:large","max-video-preview":"max-video-preview:-1"},"canonical":"https:\/\/shop.bantam.ch\/fr\/produit\/rondelles-decartement-pour-lelargissement-de-la-voie\/","og_locale":"fr_FR","og_type":"article","og_title":"Rondelles d\u2018\u00e9cartement pour l\u2018\u00e9largissement de la voie - Bantam Wankm\u00fcller SA","og_description":"Les rondelles d\u2018\u00e9cartement en aluminium pour l\u2018\u00e9largissement de la voie de votre v\u00e9hicule n\u2018am\u00e9liore pas seulement l\u2018apparence mais optimisent \u00e9galement le ch\u00e2ssis. La sensibilit\u00e9 lat\u00e9rale au vent est r\u00e9duite, la stabilit\u00e9 directionnelle et la suspension sont soutenues de mani\u00e8re optimale. Elles influencent positivement l\u2018int\u00e9gralit\u00e9 du comportement dynamique. \u00c9largissement de la voie par essieu 60 mm, [&hellip;]","og_url":"https:\/\/shop.bantam.ch\/fr\/produit\/rondelles-decartement-pour-lelargissement-de-la-voie\/","og_site_name":"Bantam Wankm\u00fcller SA","article_modified_time":"2026-04-17T20:06:26+00:00","og_image":[{"width":1000,"height":636,"url":"https:\/\/shop.bantam.ch\/wp-content\/uploads\/2023\/02\/990668511.jpg","type":"image\/jpeg"}],"twitter_card":"summary_large_image","schema":{"@context":"https:\/\/schema.org","@graph":[{"@type":"WebPage","@id":"https:\/\/shop.bantam.ch\/fr\/produit\/rondelles-decartement-pour-lelargissement-de-la-voie\/","url":"https:\/\/shop.bantam.ch\/fr\/produit\/rondelles-decartement-pour-lelargissement-de-la-voie\/","name":"Rondelles d\u2018\u00e9cartement pour l\u2018\u00e9largissement de la voie - Bantam Wankm\u00fcller SA","isPartOf":{"@id":"https:\/\/shop.bantam.ch\/fr\/#website"},"primaryImageOfPage":{"@id":"https:\/\/shop.bantam.ch\/fr\/produit\/rondelles-decartement-pour-lelargissement-de-la-voie\/#primaryimage"},"image":{"@id":"https:\/\/shop.bantam.ch\/fr\/produit\/rondelles-decartement-pour-lelargissement-de-la-voie\/#primaryimage"},"thumbnailUrl":"https:\/\/shop.bantam.ch\/wp-content\/uploads\/2023\/02\/990668511.jpg","datePublished":"2023-02-27T19:26:30+00:00","dateModified":"2026-04-17T20:06:26+00:00","breadcrumb":{"@id":"https:\/\/shop.bantam.ch\/fr\/produit\/rondelles-decartement-pour-lelargissement-de-la-voie\/#breadcrumb"},"inLanguage":"fr-FR","potentialAction":[{"@type":"ReadAction","target":["https:\/\/shop.bantam.ch\/fr\/produit\/rondelles-decartement-pour-lelargissement-de-la-voie\/"]}]},{"@type":"ImageObject","inLanguage":"fr-FR","@id":"https:\/\/shop.bantam.ch\/fr\/produit\/rondelles-decartement-pour-lelargissement-de-la-voie\/#primaryimage","url":"https:\/\/shop.bantam.ch\/wp-content\/uploads\/2023\/02\/990668511.jpg","contentUrl":"https:\/\/shop.bantam.ch\/wp-content\/uploads\/2023\/02\/990668511.jpg","width":1000,"height":636},{"@type":"BreadcrumbList","@id":"https:\/\/shop.bantam.ch\/fr\/produit\/rondelles-decartement-pour-lelargissement-de-la-voie\/#breadcrumb","itemListElement":[{"@type":"ListItem","position":1,"name":"Accueil","item":"https:\/\/shop.bantam.ch\/fr\/"},{"@type":"ListItem","position":2,"name":"Boutique","item":"https:\/\/shop.bantam.ch\/fr\/boutique\/"},{"@type":"ListItem","position":3,"name":"Rondelles d\u2018\u00e9cartement pour l\u2018\u00e9largissement de la voie"}]},{"@type":"WebSite","@id":"https:\/\/shop.bantam.ch\/fr\/#website","url":"https:\/\/shop.bantam.ch\/fr\/","name":"Bantam Wankm\u00fcller SA","description":"","publisher":{"@id":"https:\/\/shop.bantam.ch\/fr\/#organization"},"inLanguage":"fr-FR"},{"@type":"Organization","@id":"https:\/\/shop.bantam.ch\/fr\/#organization","name":"Bantam Wankm\u00fcller SA","url":"https:\/\/shop.bantam.ch\/fr\/","logo":{"@type":"ImageObject","inLanguage":"fr-FR","@id":"https:\/\/shop.bantam.ch\/fr\/#\/schema\/logo\/image\/","url":"https:\/\/shop.bantam.ch\/wp-content\/uploads\/2022\/12\/bantam-logo.png","contentUrl":"https:\/\/shop.bantam.ch\/wp-content\/uploads\/2022\/12\/bantam-logo.png","width":320,"height":71,"caption":"Bantam Wankm\u00fcller SA"},"image":{"@id":"https:\/\/shop.bantam.ch\/fr\/#\/schema\/logo\/image\/"}}]}},"_links":{"self":[{"href":"https:\/\/shop.bantam.ch\/fr\/wp-json\/wp\/v2\/product\/69073","targetHints":{"allow":["GET"]}}],"collection":[{"href":"https:\/\/shop.bantam.ch\/fr\/wp-json\/wp\/v2\/product"}],"about":[{"href":"https:\/\/shop.bantam.ch\/fr\/wp-json\/wp\/v2\/types\/product"}],"wp:featuredmedia":[{"embeddable":true,"href":"https:\/\/shop.bantam.ch\/fr\/wp-json\/wp\/v2\/media\/69065"}],"wp:attachment":[{"href":"https:\/\/shop.bantam.ch\/fr\/wp-json\/wp\/v2\/media?parent=69073"}],"wp:term":[{"taxonomy":"product_featured_cat","embeddable":true,"href":"https:\/\/shop.bantam.ch\/fr\/wp-json\/wp\/v2\/product_featured_cat?post=69073"},{"taxonomy":"product_brand","embeddable":true,"href":"https:\/\/shop.bantam.ch\/fr\/wp-json\/wp\/v2\/product_brand?post=69073"},{"taxonomy":"product_cat","embeddable":true,"href":"https:\/\/shop.bantam.ch\/fr\/wp-json\/wp\/v2\/product_cat?post=69073"},{"taxonomy":"product_tag","embeddable":true,"href":"https:\/\/shop.bantam.ch\/fr\/wp-json\/wp\/v2\/product_tag?post=69073"}],"curies":[{"name":"wp","href":"https:\/\/api.w.org\/{rel}","templated":true}]}}