{"id":68699,"date":"2023-02-27T20:22:31","date_gmt":"2023-02-27T19:22:31","guid":{"rendered":"http:\/\/shop.bantam.ch\/produit\/robinet-a-boisseau-electrique-1-1-4-pouces\/"},"modified":"2026-05-02T22:05:40","modified_gmt":"2026-05-02T20:05:40","slug":"robinet-a-boisseau-electrique-1-1-4-pouces","status":"publish","type":"product","link":"https:\/\/shop.bantam.ch\/fr\/produit\/robinet-a-boisseau-electrique-1-1-4-pouces\/","title":{"rendered":"Robinet \u00e0 boisseau \u00e9lectrique 1 1\/4\u00a0pouces"},"content":{"rendered":"<p>Corps de vanne haute performance avec raccord de travers\u00e9e de paroi de 1\u2019\u2019 ou 1 1\/4\u2019\u2019, avec rondelle d\u2019\u00e9tanch\u00e9it\u00e9, \u00e9crou de fixation et tubulure d\u2019\u00e9vacuation 90\u00b0, 40\u00a0mm.<\/p>\n","protected":false},"excerpt":{"rendered":"<p>Corps de vanne haute performance avec raccord de travers\u00e9e de paroi de 1\u2019\u2019 ou 1 1\/4\u2019\u2019, avec rondelle d\u2019\u00e9tanch\u00e9it\u00e9, \u00e9crou de fixation et tubulure d\u2019\u00e9vacuation 90\u00b0, 40\u00a0mm.<\/p>\n","protected":false},"featured_media":68695,"template":"","meta":{"_acf_changed":false},"product_featured_cat":[],"product_brand":[3108],"product_cat":[4617],"product_tag":[],"class_list":{"0":"post-68699","1":"product","2":"type-product","3":"status-publish","4":"has-post-thumbnail","6":"product_brand-lilie","7":"product_cat-robinets-darret","9":"first","10":"instock","11":"taxable","12":"shipping-taxable","13":"purchasable","14":"product-type-variable"},"acf":[],"yoast_head":"<!-- This site is optimized with the Yoast SEO plugin v27.5 - https:\/\/yoast.com\/product\/yoast-seo-wordpress\/ -->\n<title>Robinet \u00e0 boisseau \u00e9lectrique 1 1\/4\u00a0pouces - Bantam<\/title>\n<meta name=\"robots\" content=\"index, follow, max-snippet:-1, max-image-preview:large, max-video-preview:-1\" \/>\n<link rel=\"canonical\" href=\"https:\/\/shop.bantam.ch\/fr\/produit\/robinet-a-boisseau-electrique-1-1-4-pouces\/\" \/>\n<meta property=\"og:locale\" content=\"fr_FR\" \/>\n<meta property=\"og:type\" content=\"article\" \/>\n<meta property=\"og:title\" content=\"Robinet \u00e0 boisseau \u00e9lectrique 1 1\/4\u00a0pouces - Bantam\" \/>\n<meta property=\"og:description\" content=\"Corps de vanne haute performance avec raccord de travers\u00e9e de paroi de 1\u2019\u2019 ou 1 1\/4\u2019\u2019, avec rondelle d\u2019\u00e9tanch\u00e9it\u00e9, \u00e9crou de fixation et tubulure d\u2019\u00e9vacuation 90\u00b0, 40\u00a0mm.\" \/>\n<meta property=\"og:url\" content=\"https:\/\/shop.bantam.ch\/fr\/produit\/robinet-a-boisseau-electrique-1-1-4-pouces\/\" \/>\n<meta property=\"og:site_name\" content=\"Bantam\" \/>\n<meta property=\"article:modified_time\" content=\"2026-05-02T20:05:40+00:00\" \/>\n<meta property=\"og:image\" content=\"https:\/\/shop.bantam.ch\/wp-content\/uploads\/2023\/02\/992340811.jpg\" \/>\n\t<meta property=\"og:image:width\" content=\"1000\" \/>\n\t<meta property=\"og:image:height\" content=\"453\" \/>\n\t<meta property=\"og:image:type\" content=\"image\/jpeg\" \/>\n<meta name=\"twitter:card\" content=\"summary_large_image\" \/>\n<script type=\"application\/ld+json\" class=\"yoast-schema-graph\">{\"@context\":\"https:\\\/\\\/schema.org\",\"@graph\":[{\"@type\":\"WebPage\",\"@id\":\"https:\\\/\\\/shop.bantam.ch\\\/fr\\\/produit\\\/robinet-a-boisseau-electrique-1-1-4-pouces\\\/\",\"url\":\"https:\\\/\\\/shop.bantam.ch\\\/fr\\\/produit\\\/robinet-a-boisseau-electrique-1-1-4-pouces\\\/\",\"name\":\"Robinet \u00e0 boisseau \u00e9lectrique 1 1\\\/4\u00a0pouces - Bantam\",\"isPartOf\":{\"@id\":\"https:\\\/\\\/shop.bantam.ch\\\/fr\\\/#website\"},\"primaryImageOfPage\":{\"@id\":\"https:\\\/\\\/shop.bantam.ch\\\/fr\\\/produit\\\/robinet-a-boisseau-electrique-1-1-4-pouces\\\/#primaryimage\"},\"image\":{\"@id\":\"https:\\\/\\\/shop.bantam.ch\\\/fr\\\/produit\\\/robinet-a-boisseau-electrique-1-1-4-pouces\\\/#primaryimage\"},\"thumbnailUrl\":\"https:\\\/\\\/shop.bantam.ch\\\/wp-content\\\/uploads\\\/2023\\\/02\\\/992340811.jpg\",\"datePublished\":\"2023-02-27T19:22:31+00:00\",\"dateModified\":\"2026-05-02T20:05:40+00:00\",\"breadcrumb\":{\"@id\":\"https:\\\/\\\/shop.bantam.ch\\\/fr\\\/produit\\\/robinet-a-boisseau-electrique-1-1-4-pouces\\\/#breadcrumb\"},\"inLanguage\":\"fr-FR\",\"potentialAction\":[{\"@type\":\"ReadAction\",\"target\":[\"https:\\\/\\\/shop.bantam.ch\\\/fr\\\/produit\\\/robinet-a-boisseau-electrique-1-1-4-pouces\\\/\"]}]},{\"@type\":\"ImageObject\",\"inLanguage\":\"fr-FR\",\"@id\":\"https:\\\/\\\/shop.bantam.ch\\\/fr\\\/produit\\\/robinet-a-boisseau-electrique-1-1-4-pouces\\\/#primaryimage\",\"url\":\"https:\\\/\\\/shop.bantam.ch\\\/wp-content\\\/uploads\\\/2023\\\/02\\\/992340811.jpg\",\"contentUrl\":\"https:\\\/\\\/shop.bantam.ch\\\/wp-content\\\/uploads\\\/2023\\\/02\\\/992340811.jpg\",\"width\":1000,\"height\":453},{\"@type\":\"BreadcrumbList\",\"@id\":\"https:\\\/\\\/shop.bantam.ch\\\/fr\\\/produit\\\/robinet-a-boisseau-electrique-1-1-4-pouces\\\/#breadcrumb\",\"itemListElement\":[{\"@type\":\"ListItem\",\"position\":1,\"name\":\"Accueil\",\"item\":\"https:\\\/\\\/shop.bantam.ch\\\/fr\\\/\"},{\"@type\":\"ListItem\",\"position\":2,\"name\":\"Boutique\",\"item\":\"https:\\\/\\\/shop.bantam.ch\\\/fr\\\/boutique\\\/\"},{\"@type\":\"ListItem\",\"position\":3,\"name\":\"Robinet \u00e0 boisseau \u00e9lectrique 1 1\\\/4\u00a0pouces\"}]},{\"@type\":\"WebSite\",\"@id\":\"https:\\\/\\\/shop.bantam.ch\\\/fr\\\/#website\",\"url\":\"https:\\\/\\\/shop.bantam.ch\\\/fr\\\/\",\"name\":\"Bantam\",\"description\":\"\",\"publisher\":{\"@id\":\"https:\\\/\\\/shop.bantam.ch\\\/fr\\\/#organization\"},\"inLanguage\":\"fr-FR\"},{\"@type\":\"Organization\",\"@id\":\"https:\\\/\\\/shop.bantam.ch\\\/fr\\\/#organization\",\"name\":\"Bantam\",\"url\":\"https:\\\/\\\/shop.bantam.ch\\\/fr\\\/\",\"logo\":{\"@type\":\"ImageObject\",\"inLanguage\":\"fr-FR\",\"@id\":\"https:\\\/\\\/shop.bantam.ch\\\/fr\\\/#\\\/schema\\\/logo\\\/image\\\/\",\"url\":\"https:\\\/\\\/shop.bantam.ch\\\/wp-content\\\/uploads\\\/2022\\\/12\\\/bantam-logo.png\",\"contentUrl\":\"https:\\\/\\\/shop.bantam.ch\\\/wp-content\\\/uploads\\\/2022\\\/12\\\/bantam-logo.png\",\"width\":320,\"height\":71,\"caption\":\"Bantam\"},\"image\":{\"@id\":\"https:\\\/\\\/shop.bantam.ch\\\/fr\\\/#\\\/schema\\\/logo\\\/image\\\/\"}}]}<\/script>\n<!-- \/ Yoast SEO plugin. -->","yoast_head_json":{"title":"Robinet \u00e0 boisseau \u00e9lectrique 1 1\/4\u00a0pouces - Bantam","robots":{"index":"index","follow":"follow","max-snippet":"max-snippet:-1","max-image-preview":"max-image-preview:large","max-video-preview":"max-video-preview:-1"},"canonical":"https:\/\/shop.bantam.ch\/fr\/produit\/robinet-a-boisseau-electrique-1-1-4-pouces\/","og_locale":"fr_FR","og_type":"article","og_title":"Robinet \u00e0 boisseau \u00e9lectrique 1 1\/4\u00a0pouces - Bantam","og_description":"Corps de vanne haute performance avec raccord de travers\u00e9e de paroi de 1\u2019\u2019 ou 1 1\/4\u2019\u2019, avec rondelle d\u2019\u00e9tanch\u00e9it\u00e9, \u00e9crou de fixation et tubulure d\u2019\u00e9vacuation 90\u00b0, 40\u00a0mm.","og_url":"https:\/\/shop.bantam.ch\/fr\/produit\/robinet-a-boisseau-electrique-1-1-4-pouces\/","og_site_name":"Bantam","article_modified_time":"2026-05-02T20:05:40+00:00","og_image":[{"width":1000,"height":453,"url":"https:\/\/shop.bantam.ch\/wp-content\/uploads\/2023\/02\/992340811.jpg","type":"image\/jpeg"}],"twitter_card":"summary_large_image","schema":{"@context":"https:\/\/schema.org","@graph":[{"@type":"WebPage","@id":"https:\/\/shop.bantam.ch\/fr\/produit\/robinet-a-boisseau-electrique-1-1-4-pouces\/","url":"https:\/\/shop.bantam.ch\/fr\/produit\/robinet-a-boisseau-electrique-1-1-4-pouces\/","name":"Robinet \u00e0 boisseau \u00e9lectrique 1 1\/4\u00a0pouces - Bantam","isPartOf":{"@id":"https:\/\/shop.bantam.ch\/fr\/#website"},"primaryImageOfPage":{"@id":"https:\/\/shop.bantam.ch\/fr\/produit\/robinet-a-boisseau-electrique-1-1-4-pouces\/#primaryimage"},"image":{"@id":"https:\/\/shop.bantam.ch\/fr\/produit\/robinet-a-boisseau-electrique-1-1-4-pouces\/#primaryimage"},"thumbnailUrl":"https:\/\/shop.bantam.ch\/wp-content\/uploads\/2023\/02\/992340811.jpg","datePublished":"2023-02-27T19:22:31+00:00","dateModified":"2026-05-02T20:05:40+00:00","breadcrumb":{"@id":"https:\/\/shop.bantam.ch\/fr\/produit\/robinet-a-boisseau-electrique-1-1-4-pouces\/#breadcrumb"},"inLanguage":"fr-FR","potentialAction":[{"@type":"ReadAction","target":["https:\/\/shop.bantam.ch\/fr\/produit\/robinet-a-boisseau-electrique-1-1-4-pouces\/"]}]},{"@type":"ImageObject","inLanguage":"fr-FR","@id":"https:\/\/shop.bantam.ch\/fr\/produit\/robinet-a-boisseau-electrique-1-1-4-pouces\/#primaryimage","url":"https:\/\/shop.bantam.ch\/wp-content\/uploads\/2023\/02\/992340811.jpg","contentUrl":"https:\/\/shop.bantam.ch\/wp-content\/uploads\/2023\/02\/992340811.jpg","width":1000,"height":453},{"@type":"BreadcrumbList","@id":"https:\/\/shop.bantam.ch\/fr\/produit\/robinet-a-boisseau-electrique-1-1-4-pouces\/#breadcrumb","itemListElement":[{"@type":"ListItem","position":1,"name":"Accueil","item":"https:\/\/shop.bantam.ch\/fr\/"},{"@type":"ListItem","position":2,"name":"Boutique","item":"https:\/\/shop.bantam.ch\/fr\/boutique\/"},{"@type":"ListItem","position":3,"name":"Robinet \u00e0 boisseau \u00e9lectrique 1 1\/4\u00a0pouces"}]},{"@type":"WebSite","@id":"https:\/\/shop.bantam.ch\/fr\/#website","url":"https:\/\/shop.bantam.ch\/fr\/","name":"Bantam","description":"","publisher":{"@id":"https:\/\/shop.bantam.ch\/fr\/#organization"},"inLanguage":"fr-FR"},{"@type":"Organization","@id":"https:\/\/shop.bantam.ch\/fr\/#organization","name":"Bantam","url":"https:\/\/shop.bantam.ch\/fr\/","logo":{"@type":"ImageObject","inLanguage":"fr-FR","@id":"https:\/\/shop.bantam.ch\/fr\/#\/schema\/logo\/image\/","url":"https:\/\/shop.bantam.ch\/wp-content\/uploads\/2022\/12\/bantam-logo.png","contentUrl":"https:\/\/shop.bantam.ch\/wp-content\/uploads\/2022\/12\/bantam-logo.png","width":320,"height":71,"caption":"Bantam"},"image":{"@id":"https:\/\/shop.bantam.ch\/fr\/#\/schema\/logo\/image\/"}}]}},"_links":{"self":[{"href":"https:\/\/shop.bantam.ch\/fr\/wp-json\/wp\/v2\/product\/68699","targetHints":{"allow":["GET"]}}],"collection":[{"href":"https:\/\/shop.bantam.ch\/fr\/wp-json\/wp\/v2\/product"}],"about":[{"href":"https:\/\/shop.bantam.ch\/fr\/wp-json\/wp\/v2\/types\/product"}],"wp:featuredmedia":[{"embeddable":true,"href":"https:\/\/shop.bantam.ch\/fr\/wp-json\/wp\/v2\/media\/68695"}],"wp:attachment":[{"href":"https:\/\/shop.bantam.ch\/fr\/wp-json\/wp\/v2\/media?parent=68699"}],"wp:term":[{"taxonomy":"product_featured_cat","embeddable":true,"href":"https:\/\/shop.bantam.ch\/fr\/wp-json\/wp\/v2\/product_featured_cat?post=68699"},{"taxonomy":"product_brand","embeddable":true,"href":"https:\/\/shop.bantam.ch\/fr\/wp-json\/wp\/v2\/product_brand?post=68699"},{"taxonomy":"product_cat","embeddable":true,"href":"https:\/\/shop.bantam.ch\/fr\/wp-json\/wp\/v2\/product_cat?post=68699"},{"taxonomy":"product_tag","embeddable":true,"href":"https:\/\/shop.bantam.ch\/fr\/wp-json\/wp\/v2\/product_tag?post=68699"}],"curies":[{"name":"wp","href":"https:\/\/api.w.org\/{rel}","templated":true}]}}