{"id":68683,"date":"2023-02-27T20:22:07","date_gmt":"2023-02-27T19:22:07","guid":{"rendered":"http:\/\/shop.bantam.ch\/produit\/soundpanel-rv-fs402\/"},"modified":"2026-04-21T22:06:40","modified_gmt":"2026-04-21T20:06:40","slug":"soundpanel-rv-fs402","status":"publish","type":"product","link":"https:\/\/shop.bantam.ch\/fr\/produit\/soundpanel-rv-fs402\/","title":{"rendered":"Soundpanel RV-FS402"},"content":{"rendered":"<p>Un syst\u00e8me de haut-parleurs innovant avec un bo\u00eetier particuli\u00e8rement plat, avec pour chacun une paire m\u00e9dium et tweeter, ainsi qu&rsquo;un subwoofer passif adapt\u00e9 et une puissance de 2 x 100 watts pour un son puissant.<\/p>\n<p>Gr\u00e2ce \u00e0 sa faible profondeur, seulement 41 mm, le syst\u00e8me complet peut \u00e9galement \u00eatre install\u00e9 dans des endroits peu profonds. La r\u00e9alisation compacte dans un bo\u00eetier \u00e9tanche prot\u00e8ge chaque composants et simplifie l&rsquo;installation. Le syst\u00e8me, de classe de protection IP65, convient \u00e9galement pour une installation en ext\u00e9rieur.<\/p>\n<ul>\n<li>D\u00e9coupe : 42,8 x 16,8 cm (l x h)<\/li>\n<li>Profondeur de montage : de 0 \u00e0 41 mm (en fonction de l\u2019adaptateur de montage)<\/li>\n<\/ul>\n","protected":false},"excerpt":{"rendered":"<p>Un syst\u00e8me de haut-parleurs innovant avec un bo\u00eetier particuli\u00e8rement plat, avec pour chacun une paire m\u00e9dium et tweeter, ainsi qu&rsquo;un subwoofer passif adapt\u00e9 et une puissance de 2 x 100 watts pour un son puissant. Gr\u00e2ce \u00e0 sa faible profondeur, seulement 41 mm, le syst\u00e8me complet peut \u00e9galement \u00eatre install\u00e9 dans des endroits peu profonds. [&hellip;]<\/p>\n","protected":false},"featured_media":68673,"template":"","meta":{"_acf_changed":false},"product_featured_cat":[],"product_brand":[3190],"product_cat":[4499],"product_tag":[],"class_list":{"0":"post-68683","1":"product","2":"type-product","3":"status-publish","4":"has-post-thumbnail","6":"product_brand-fusion","7":"product_cat-haut-parleurs","9":"first","10":"instock","11":"taxable","12":"shipping-taxable","13":"purchasable","14":"product-type-variable"},"acf":[],"yoast_head":"<!-- This site is optimized with the Yoast SEO plugin v27.4 - https:\/\/yoast.com\/product\/yoast-seo-wordpress\/ -->\n<title>Soundpanel RV-FS402 - Bantam Wankm\u00fcller SA<\/title>\n<meta name=\"robots\" content=\"index, follow, max-snippet:-1, max-image-preview:large, max-video-preview:-1\" \/>\n<link rel=\"canonical\" href=\"https:\/\/shop.bantam.ch\/fr\/produit\/soundpanel-rv-fs402\/\" \/>\n<meta property=\"og:locale\" content=\"fr_FR\" \/>\n<meta property=\"og:type\" content=\"article\" \/>\n<meta property=\"og:title\" content=\"Soundpanel RV-FS402 - Bantam Wankm\u00fcller SA\" \/>\n<meta property=\"og:description\" content=\"Un syst\u00e8me de haut-parleurs innovant avec un bo\u00eetier particuli\u00e8rement plat, avec pour chacun une paire m\u00e9dium et tweeter, ainsi qu&rsquo;un subwoofer passif adapt\u00e9 et une puissance de 2 x 100 watts pour un son puissant. Gr\u00e2ce \u00e0 sa faible profondeur, seulement 41 mm, le syst\u00e8me complet peut \u00e9galement \u00eatre install\u00e9 dans des endroits peu profonds. [&hellip;]\" \/>\n<meta property=\"og:url\" content=\"https:\/\/shop.bantam.ch\/fr\/produit\/soundpanel-rv-fs402\/\" \/>\n<meta property=\"og:site_name\" content=\"Bantam Wankm\u00fcller SA\" \/>\n<meta property=\"article:modified_time\" content=\"2026-04-21T20:06:40+00:00\" \/>\n<meta property=\"og:image\" content=\"https:\/\/shop.bantam.ch\/wp-content\/uploads\/2023\/02\/9930769-100-2-3.jpg\" \/>\n\t<meta property=\"og:image:width\" content=\"1000\" \/>\n\t<meta property=\"og:image:height\" content=\"750\" \/>\n\t<meta property=\"og:image:type\" content=\"image\/jpeg\" \/>\n<meta name=\"twitter:card\" content=\"summary_large_image\" \/>\n<meta name=\"twitter:label1\" content=\"Dur\u00e9e de lecture estim\u00e9e\" \/>\n\t<meta name=\"twitter:data1\" content=\"1 minute\" \/>\n<script type=\"application\/ld+json\" class=\"yoast-schema-graph\">{\"@context\":\"https:\\\/\\\/schema.org\",\"@graph\":[{\"@type\":\"WebPage\",\"@id\":\"https:\\\/\\\/shop.bantam.ch\\\/fr\\\/produit\\\/soundpanel-rv-fs402\\\/\",\"url\":\"https:\\\/\\\/shop.bantam.ch\\\/fr\\\/produit\\\/soundpanel-rv-fs402\\\/\",\"name\":\"Soundpanel RV-FS402 - Bantam Wankm\u00fcller SA\",\"isPartOf\":{\"@id\":\"https:\\\/\\\/shop.bantam.ch\\\/fr\\\/#website\"},\"primaryImageOfPage\":{\"@id\":\"https:\\\/\\\/shop.bantam.ch\\\/fr\\\/produit\\\/soundpanel-rv-fs402\\\/#primaryimage\"},\"image\":{\"@id\":\"https:\\\/\\\/shop.bantam.ch\\\/fr\\\/produit\\\/soundpanel-rv-fs402\\\/#primaryimage\"},\"thumbnailUrl\":\"https:\\\/\\\/shop.bantam.ch\\\/wp-content\\\/uploads\\\/2023\\\/02\\\/9930769-100-2-3.jpg\",\"datePublished\":\"2023-02-27T19:22:07+00:00\",\"dateModified\":\"2026-04-21T20:06:40+00:00\",\"breadcrumb\":{\"@id\":\"https:\\\/\\\/shop.bantam.ch\\\/fr\\\/produit\\\/soundpanel-rv-fs402\\\/#breadcrumb\"},\"inLanguage\":\"fr-FR\",\"potentialAction\":[{\"@type\":\"ReadAction\",\"target\":[\"https:\\\/\\\/shop.bantam.ch\\\/fr\\\/produit\\\/soundpanel-rv-fs402\\\/\"]}]},{\"@type\":\"ImageObject\",\"inLanguage\":\"fr-FR\",\"@id\":\"https:\\\/\\\/shop.bantam.ch\\\/fr\\\/produit\\\/soundpanel-rv-fs402\\\/#primaryimage\",\"url\":\"https:\\\/\\\/shop.bantam.ch\\\/wp-content\\\/uploads\\\/2023\\\/02\\\/9930769-100-2-3.jpg\",\"contentUrl\":\"https:\\\/\\\/shop.bantam.ch\\\/wp-content\\\/uploads\\\/2023\\\/02\\\/9930769-100-2-3.jpg\",\"width\":1000,\"height\":750},{\"@type\":\"BreadcrumbList\",\"@id\":\"https:\\\/\\\/shop.bantam.ch\\\/fr\\\/produit\\\/soundpanel-rv-fs402\\\/#breadcrumb\",\"itemListElement\":[{\"@type\":\"ListItem\",\"position\":1,\"name\":\"Accueil\",\"item\":\"https:\\\/\\\/shop.bantam.ch\\\/fr\\\/\"},{\"@type\":\"ListItem\",\"position\":2,\"name\":\"Boutique\",\"item\":\"https:\\\/\\\/shop.bantam.ch\\\/fr\\\/boutique\\\/\"},{\"@type\":\"ListItem\",\"position\":3,\"name\":\"Soundpanel RV-FS402\"}]},{\"@type\":\"WebSite\",\"@id\":\"https:\\\/\\\/shop.bantam.ch\\\/fr\\\/#website\",\"url\":\"https:\\\/\\\/shop.bantam.ch\\\/fr\\\/\",\"name\":\"Bantam Wankm\u00fcller SA\",\"description\":\"\",\"publisher\":{\"@id\":\"https:\\\/\\\/shop.bantam.ch\\\/fr\\\/#organization\"},\"inLanguage\":\"fr-FR\"},{\"@type\":\"Organization\",\"@id\":\"https:\\\/\\\/shop.bantam.ch\\\/fr\\\/#organization\",\"name\":\"Bantam Wankm\u00fcller SA\",\"url\":\"https:\\\/\\\/shop.bantam.ch\\\/fr\\\/\",\"logo\":{\"@type\":\"ImageObject\",\"inLanguage\":\"fr-FR\",\"@id\":\"https:\\\/\\\/shop.bantam.ch\\\/fr\\\/#\\\/schema\\\/logo\\\/image\\\/\",\"url\":\"https:\\\/\\\/shop.bantam.ch\\\/wp-content\\\/uploads\\\/2022\\\/12\\\/bantam-logo.png\",\"contentUrl\":\"https:\\\/\\\/shop.bantam.ch\\\/wp-content\\\/uploads\\\/2022\\\/12\\\/bantam-logo.png\",\"width\":320,\"height\":71,\"caption\":\"Bantam Wankm\u00fcller SA\"},\"image\":{\"@id\":\"https:\\\/\\\/shop.bantam.ch\\\/fr\\\/#\\\/schema\\\/logo\\\/image\\\/\"}}]}<\/script>\n<!-- \/ Yoast SEO plugin. -->","yoast_head_json":{"title":"Soundpanel RV-FS402 - Bantam Wankm\u00fcller SA","robots":{"index":"index","follow":"follow","max-snippet":"max-snippet:-1","max-image-preview":"max-image-preview:large","max-video-preview":"max-video-preview:-1"},"canonical":"https:\/\/shop.bantam.ch\/fr\/produit\/soundpanel-rv-fs402\/","og_locale":"fr_FR","og_type":"article","og_title":"Soundpanel RV-FS402 - Bantam Wankm\u00fcller SA","og_description":"Un syst\u00e8me de haut-parleurs innovant avec un bo\u00eetier particuli\u00e8rement plat, avec pour chacun une paire m\u00e9dium et tweeter, ainsi qu&rsquo;un subwoofer passif adapt\u00e9 et une puissance de 2 x 100 watts pour un son puissant. Gr\u00e2ce \u00e0 sa faible profondeur, seulement 41 mm, le syst\u00e8me complet peut \u00e9galement \u00eatre install\u00e9 dans des endroits peu profonds. [&hellip;]","og_url":"https:\/\/shop.bantam.ch\/fr\/produit\/soundpanel-rv-fs402\/","og_site_name":"Bantam Wankm\u00fcller SA","article_modified_time":"2026-04-21T20:06:40+00:00","og_image":[{"width":1000,"height":750,"url":"https:\/\/shop.bantam.ch\/wp-content\/uploads\/2023\/02\/9930769-100-2-3.jpg","type":"image\/jpeg"}],"twitter_card":"summary_large_image","twitter_misc":{"Dur\u00e9e de lecture estim\u00e9e":"1 minute"},"schema":{"@context":"https:\/\/schema.org","@graph":[{"@type":"WebPage","@id":"https:\/\/shop.bantam.ch\/fr\/produit\/soundpanel-rv-fs402\/","url":"https:\/\/shop.bantam.ch\/fr\/produit\/soundpanel-rv-fs402\/","name":"Soundpanel RV-FS402 - Bantam Wankm\u00fcller SA","isPartOf":{"@id":"https:\/\/shop.bantam.ch\/fr\/#website"},"primaryImageOfPage":{"@id":"https:\/\/shop.bantam.ch\/fr\/produit\/soundpanel-rv-fs402\/#primaryimage"},"image":{"@id":"https:\/\/shop.bantam.ch\/fr\/produit\/soundpanel-rv-fs402\/#primaryimage"},"thumbnailUrl":"https:\/\/shop.bantam.ch\/wp-content\/uploads\/2023\/02\/9930769-100-2-3.jpg","datePublished":"2023-02-27T19:22:07+00:00","dateModified":"2026-04-21T20:06:40+00:00","breadcrumb":{"@id":"https:\/\/shop.bantam.ch\/fr\/produit\/soundpanel-rv-fs402\/#breadcrumb"},"inLanguage":"fr-FR","potentialAction":[{"@type":"ReadAction","target":["https:\/\/shop.bantam.ch\/fr\/produit\/soundpanel-rv-fs402\/"]}]},{"@type":"ImageObject","inLanguage":"fr-FR","@id":"https:\/\/shop.bantam.ch\/fr\/produit\/soundpanel-rv-fs402\/#primaryimage","url":"https:\/\/shop.bantam.ch\/wp-content\/uploads\/2023\/02\/9930769-100-2-3.jpg","contentUrl":"https:\/\/shop.bantam.ch\/wp-content\/uploads\/2023\/02\/9930769-100-2-3.jpg","width":1000,"height":750},{"@type":"BreadcrumbList","@id":"https:\/\/shop.bantam.ch\/fr\/produit\/soundpanel-rv-fs402\/#breadcrumb","itemListElement":[{"@type":"ListItem","position":1,"name":"Accueil","item":"https:\/\/shop.bantam.ch\/fr\/"},{"@type":"ListItem","position":2,"name":"Boutique","item":"https:\/\/shop.bantam.ch\/fr\/boutique\/"},{"@type":"ListItem","position":3,"name":"Soundpanel RV-FS402"}]},{"@type":"WebSite","@id":"https:\/\/shop.bantam.ch\/fr\/#website","url":"https:\/\/shop.bantam.ch\/fr\/","name":"Bantam Wankm\u00fcller SA","description":"","publisher":{"@id":"https:\/\/shop.bantam.ch\/fr\/#organization"},"inLanguage":"fr-FR"},{"@type":"Organization","@id":"https:\/\/shop.bantam.ch\/fr\/#organization","name":"Bantam Wankm\u00fcller SA","url":"https:\/\/shop.bantam.ch\/fr\/","logo":{"@type":"ImageObject","inLanguage":"fr-FR","@id":"https:\/\/shop.bantam.ch\/fr\/#\/schema\/logo\/image\/","url":"https:\/\/shop.bantam.ch\/wp-content\/uploads\/2022\/12\/bantam-logo.png","contentUrl":"https:\/\/shop.bantam.ch\/wp-content\/uploads\/2022\/12\/bantam-logo.png","width":320,"height":71,"caption":"Bantam Wankm\u00fcller SA"},"image":{"@id":"https:\/\/shop.bantam.ch\/fr\/#\/schema\/logo\/image\/"}}]}},"_links":{"self":[{"href":"https:\/\/shop.bantam.ch\/fr\/wp-json\/wp\/v2\/product\/68683","targetHints":{"allow":["GET"]}}],"collection":[{"href":"https:\/\/shop.bantam.ch\/fr\/wp-json\/wp\/v2\/product"}],"about":[{"href":"https:\/\/shop.bantam.ch\/fr\/wp-json\/wp\/v2\/types\/product"}],"wp:featuredmedia":[{"embeddable":true,"href":"https:\/\/shop.bantam.ch\/fr\/wp-json\/wp\/v2\/media\/68673"}],"wp:attachment":[{"href":"https:\/\/shop.bantam.ch\/fr\/wp-json\/wp\/v2\/media?parent=68683"}],"wp:term":[{"taxonomy":"product_featured_cat","embeddable":true,"href":"https:\/\/shop.bantam.ch\/fr\/wp-json\/wp\/v2\/product_featured_cat?post=68683"},{"taxonomy":"product_brand","embeddable":true,"href":"https:\/\/shop.bantam.ch\/fr\/wp-json\/wp\/v2\/product_brand?post=68683"},{"taxonomy":"product_cat","embeddable":true,"href":"https:\/\/shop.bantam.ch\/fr\/wp-json\/wp\/v2\/product_cat?post=68683"},{"taxonomy":"product_tag","embeddable":true,"href":"https:\/\/shop.bantam.ch\/fr\/wp-json\/wp\/v2\/product_tag?post=68683"}],"curies":[{"name":"wp","href":"https:\/\/api.w.org\/{rel}","templated":true}]}}