{"id":68363,"date":"2023-02-27T20:17:58","date_gmt":"2023-02-27T19:17:58","guid":{"rendered":"http:\/\/shop.bantam.ch\/produit\/porte-moustiquaire-pour-toutes-les-caravanes-et-camping-cars\/"},"modified":"2026-04-18T22:06:29","modified_gmt":"2026-04-18T20:06:29","slug":"porte-moustiquaire-pour-toutes-les-caravanes-et-camping-cars","status":"publish","type":"product","link":"https:\/\/shop.bantam.ch\/fr\/produit\/porte-moustiquaire-pour-toutes-les-caravanes-et-camping-cars\/","title":{"rendered":"Porte moustiquaire pour toutes les caravanes et camping-cars"},"content":{"rendered":"<p>Horrex a d\u00e9velopp\u00e9 une porte moustiquaire r\u00e9volutionnaire qui convient \u00e0 presque toutes les caravanes et tous les camping-cars. La moustiquaire est pliss\u00e9e et peut \u00eatre pli\u00e9e (non enroul\u00e9e sur ressort). Cela a pour avantage de pouvoir r\u00e9gler en continu la position de la tige d\u2018actionnement. Le m\u00e9canisme est ainsi particuli\u00e8rement facile \u00e0 utiliser. M\u00eame les enfants en bas \u00e2ge peuvent facilement manipuler cette porte moustiquaire car la baguette peut \u00eatre actionn\u00e9e quelle que soit la hauteur.<\/p>\n<p>Caract\u00e9ristiques sp\u00e9cifiques \u00e0 la nouvelle porte moustiquaire pliss\u00e9e :<br \/>La moustiquaire pliss\u00e9e a l\u2018avantage d\u2018\u00eatre plus visible et tr\u00e8s d\u00e9corative.<br \/>Utilisation particuli\u00e8re facile.<br \/>Fonctionnement silencieux.<\/p>\n","protected":false},"excerpt":{"rendered":"<p>Horrex a d\u00e9velopp\u00e9 une porte moustiquaire r\u00e9volutionnaire qui convient \u00e0 presque toutes les caravanes et tous les camping-cars. La moustiquaire est pliss\u00e9e et peut \u00eatre pli\u00e9e (non enroul\u00e9e sur ressort). Cela a pour avantage de pouvoir r\u00e9gler en continu la position de la tige d\u2018actionnement. Le m\u00e9canisme est ainsi particuli\u00e8rement facile \u00e0 utiliser. M\u00eame les [&hellip;]<\/p>\n","protected":false},"featured_media":68351,"template":"","meta":{"_acf_changed":false},"product_featured_cat":[],"product_brand":[3038],"product_cat":[4793],"product_tag":[],"class_list":{"0":"post-68363","1":"product","2":"type-product","3":"status-publish","4":"has-post-thumbnail","6":"product_brand-horrex","7":"product_cat-moustiquaires-de-porte","9":"first","10":"instock","11":"taxable","12":"shipping-taxable","13":"purchasable","14":"product-type-variable"},"acf":[],"yoast_head":"<!-- This site is optimized with the Yoast SEO plugin v27.4 - https:\/\/yoast.com\/product\/yoast-seo-wordpress\/ -->\n<title>Porte moustiquaire pour toutes les caravanes et camping-cars - Bantam Wankm\u00fcller SA<\/title>\n<meta name=\"robots\" content=\"index, follow, max-snippet:-1, max-image-preview:large, max-video-preview:-1\" \/>\n<link rel=\"canonical\" href=\"https:\/\/shop.bantam.ch\/fr\/produit\/porte-moustiquaire-pour-toutes-les-caravanes-et-camping-cars\/\" \/>\n<meta property=\"og:locale\" content=\"fr_FR\" \/>\n<meta property=\"og:type\" content=\"article\" \/>\n<meta property=\"og:title\" content=\"Porte moustiquaire pour toutes les caravanes et camping-cars - Bantam Wankm\u00fcller SA\" \/>\n<meta property=\"og:description\" content=\"Horrex a d\u00e9velopp\u00e9 une porte moustiquaire r\u00e9volutionnaire qui convient \u00e0 presque toutes les caravanes et tous les camping-cars. La moustiquaire est pliss\u00e9e et peut \u00eatre pli\u00e9e (non enroul\u00e9e sur ressort). Cela a pour avantage de pouvoir r\u00e9gler en continu la position de la tige d\u2018actionnement. Le m\u00e9canisme est ainsi particuli\u00e8rement facile \u00e0 utiliser. M\u00eame les [&hellip;]\" \/>\n<meta property=\"og:url\" content=\"https:\/\/shop.bantam.ch\/fr\/produit\/porte-moustiquaire-pour-toutes-les-caravanes-et-camping-cars\/\" \/>\n<meta property=\"og:site_name\" content=\"Bantam Wankm\u00fcller SA\" \/>\n<meta property=\"article:modified_time\" content=\"2026-04-18T20:06:29+00:00\" \/>\n<meta property=\"og:image\" content=\"https:\/\/shop.bantam.ch\/wp-content\/uploads\/2023\/02\/9960843-Fliegenschutztuer_1935x650-Hintergrund-015805b7fdd08df.jpg\" \/>\n\t<meta property=\"og:image:width\" content=\"734\" \/>\n\t<meta property=\"og:image:height\" content=\"1000\" \/>\n\t<meta property=\"og:image:type\" content=\"image\/jpeg\" \/>\n<meta name=\"twitter:card\" content=\"summary_large_image\" \/>\n<meta name=\"twitter:label1\" content=\"Dur\u00e9e de lecture estim\u00e9e\" \/>\n\t<meta name=\"twitter:data1\" content=\"1 minute\" \/>\n<script type=\"application\/ld+json\" class=\"yoast-schema-graph\">{\"@context\":\"https:\\\/\\\/schema.org\",\"@graph\":[{\"@type\":\"WebPage\",\"@id\":\"https:\\\/\\\/shop.bantam.ch\\\/fr\\\/produit\\\/porte-moustiquaire-pour-toutes-les-caravanes-et-camping-cars\\\/\",\"url\":\"https:\\\/\\\/shop.bantam.ch\\\/fr\\\/produit\\\/porte-moustiquaire-pour-toutes-les-caravanes-et-camping-cars\\\/\",\"name\":\"Porte moustiquaire pour toutes les caravanes et camping-cars - Bantam Wankm\u00fcller SA\",\"isPartOf\":{\"@id\":\"https:\\\/\\\/shop.bantam.ch\\\/fr\\\/#website\"},\"primaryImageOfPage\":{\"@id\":\"https:\\\/\\\/shop.bantam.ch\\\/fr\\\/produit\\\/porte-moustiquaire-pour-toutes-les-caravanes-et-camping-cars\\\/#primaryimage\"},\"image\":{\"@id\":\"https:\\\/\\\/shop.bantam.ch\\\/fr\\\/produit\\\/porte-moustiquaire-pour-toutes-les-caravanes-et-camping-cars\\\/#primaryimage\"},\"thumbnailUrl\":\"https:\\\/\\\/shop.bantam.ch\\\/wp-content\\\/uploads\\\/2023\\\/02\\\/9960843-Fliegenschutztuer_1935x650-Hintergrund-015805b7fdd08df.jpg\",\"datePublished\":\"2023-02-27T19:17:58+00:00\",\"dateModified\":\"2026-04-18T20:06:29+00:00\",\"breadcrumb\":{\"@id\":\"https:\\\/\\\/shop.bantam.ch\\\/fr\\\/produit\\\/porte-moustiquaire-pour-toutes-les-caravanes-et-camping-cars\\\/#breadcrumb\"},\"inLanguage\":\"fr-FR\",\"potentialAction\":[{\"@type\":\"ReadAction\",\"target\":[\"https:\\\/\\\/shop.bantam.ch\\\/fr\\\/produit\\\/porte-moustiquaire-pour-toutes-les-caravanes-et-camping-cars\\\/\"]}]},{\"@type\":\"ImageObject\",\"inLanguage\":\"fr-FR\",\"@id\":\"https:\\\/\\\/shop.bantam.ch\\\/fr\\\/produit\\\/porte-moustiquaire-pour-toutes-les-caravanes-et-camping-cars\\\/#primaryimage\",\"url\":\"https:\\\/\\\/shop.bantam.ch\\\/wp-content\\\/uploads\\\/2023\\\/02\\\/9960843-Fliegenschutztuer_1935x650-Hintergrund-015805b7fdd08df.jpg\",\"contentUrl\":\"https:\\\/\\\/shop.bantam.ch\\\/wp-content\\\/uploads\\\/2023\\\/02\\\/9960843-Fliegenschutztuer_1935x650-Hintergrund-015805b7fdd08df.jpg\",\"width\":734,\"height\":1000},{\"@type\":\"BreadcrumbList\",\"@id\":\"https:\\\/\\\/shop.bantam.ch\\\/fr\\\/produit\\\/porte-moustiquaire-pour-toutes-les-caravanes-et-camping-cars\\\/#breadcrumb\",\"itemListElement\":[{\"@type\":\"ListItem\",\"position\":1,\"name\":\"Accueil\",\"item\":\"https:\\\/\\\/shop.bantam.ch\\\/fr\\\/\"},{\"@type\":\"ListItem\",\"position\":2,\"name\":\"Boutique\",\"item\":\"https:\\\/\\\/shop.bantam.ch\\\/fr\\\/boutique\\\/\"},{\"@type\":\"ListItem\",\"position\":3,\"name\":\"Porte moustiquaire pour toutes les caravanes et camping-cars\"}]},{\"@type\":\"WebSite\",\"@id\":\"https:\\\/\\\/shop.bantam.ch\\\/fr\\\/#website\",\"url\":\"https:\\\/\\\/shop.bantam.ch\\\/fr\\\/\",\"name\":\"Bantam Wankm\u00fcller SA\",\"description\":\"\",\"publisher\":{\"@id\":\"https:\\\/\\\/shop.bantam.ch\\\/fr\\\/#organization\"},\"inLanguage\":\"fr-FR\"},{\"@type\":\"Organization\",\"@id\":\"https:\\\/\\\/shop.bantam.ch\\\/fr\\\/#organization\",\"name\":\"Bantam Wankm\u00fcller SA\",\"url\":\"https:\\\/\\\/shop.bantam.ch\\\/fr\\\/\",\"logo\":{\"@type\":\"ImageObject\",\"inLanguage\":\"fr-FR\",\"@id\":\"https:\\\/\\\/shop.bantam.ch\\\/fr\\\/#\\\/schema\\\/logo\\\/image\\\/\",\"url\":\"https:\\\/\\\/shop.bantam.ch\\\/wp-content\\\/uploads\\\/2022\\\/12\\\/bantam-logo.png\",\"contentUrl\":\"https:\\\/\\\/shop.bantam.ch\\\/wp-content\\\/uploads\\\/2022\\\/12\\\/bantam-logo.png\",\"width\":320,\"height\":71,\"caption\":\"Bantam Wankm\u00fcller SA\"},\"image\":{\"@id\":\"https:\\\/\\\/shop.bantam.ch\\\/fr\\\/#\\\/schema\\\/logo\\\/image\\\/\"}}]}<\/script>\n<!-- \/ Yoast SEO plugin. -->","yoast_head_json":{"title":"Porte moustiquaire pour toutes les caravanes et camping-cars - Bantam Wankm\u00fcller SA","robots":{"index":"index","follow":"follow","max-snippet":"max-snippet:-1","max-image-preview":"max-image-preview:large","max-video-preview":"max-video-preview:-1"},"canonical":"https:\/\/shop.bantam.ch\/fr\/produit\/porte-moustiquaire-pour-toutes-les-caravanes-et-camping-cars\/","og_locale":"fr_FR","og_type":"article","og_title":"Porte moustiquaire pour toutes les caravanes et camping-cars - Bantam Wankm\u00fcller SA","og_description":"Horrex a d\u00e9velopp\u00e9 une porte moustiquaire r\u00e9volutionnaire qui convient \u00e0 presque toutes les caravanes et tous les camping-cars. La moustiquaire est pliss\u00e9e et peut \u00eatre pli\u00e9e (non enroul\u00e9e sur ressort). Cela a pour avantage de pouvoir r\u00e9gler en continu la position de la tige d\u2018actionnement. Le m\u00e9canisme est ainsi particuli\u00e8rement facile \u00e0 utiliser. M\u00eame les [&hellip;]","og_url":"https:\/\/shop.bantam.ch\/fr\/produit\/porte-moustiquaire-pour-toutes-les-caravanes-et-camping-cars\/","og_site_name":"Bantam Wankm\u00fcller SA","article_modified_time":"2026-04-18T20:06:29+00:00","og_image":[{"width":734,"height":1000,"url":"https:\/\/shop.bantam.ch\/wp-content\/uploads\/2023\/02\/9960843-Fliegenschutztuer_1935x650-Hintergrund-015805b7fdd08df.jpg","type":"image\/jpeg"}],"twitter_card":"summary_large_image","twitter_misc":{"Dur\u00e9e de lecture estim\u00e9e":"1 minute"},"schema":{"@context":"https:\/\/schema.org","@graph":[{"@type":"WebPage","@id":"https:\/\/shop.bantam.ch\/fr\/produit\/porte-moustiquaire-pour-toutes-les-caravanes-et-camping-cars\/","url":"https:\/\/shop.bantam.ch\/fr\/produit\/porte-moustiquaire-pour-toutes-les-caravanes-et-camping-cars\/","name":"Porte moustiquaire pour toutes les caravanes et camping-cars - Bantam Wankm\u00fcller SA","isPartOf":{"@id":"https:\/\/shop.bantam.ch\/fr\/#website"},"primaryImageOfPage":{"@id":"https:\/\/shop.bantam.ch\/fr\/produit\/porte-moustiquaire-pour-toutes-les-caravanes-et-camping-cars\/#primaryimage"},"image":{"@id":"https:\/\/shop.bantam.ch\/fr\/produit\/porte-moustiquaire-pour-toutes-les-caravanes-et-camping-cars\/#primaryimage"},"thumbnailUrl":"https:\/\/shop.bantam.ch\/wp-content\/uploads\/2023\/02\/9960843-Fliegenschutztuer_1935x650-Hintergrund-015805b7fdd08df.jpg","datePublished":"2023-02-27T19:17:58+00:00","dateModified":"2026-04-18T20:06:29+00:00","breadcrumb":{"@id":"https:\/\/shop.bantam.ch\/fr\/produit\/porte-moustiquaire-pour-toutes-les-caravanes-et-camping-cars\/#breadcrumb"},"inLanguage":"fr-FR","potentialAction":[{"@type":"ReadAction","target":["https:\/\/shop.bantam.ch\/fr\/produit\/porte-moustiquaire-pour-toutes-les-caravanes-et-camping-cars\/"]}]},{"@type":"ImageObject","inLanguage":"fr-FR","@id":"https:\/\/shop.bantam.ch\/fr\/produit\/porte-moustiquaire-pour-toutes-les-caravanes-et-camping-cars\/#primaryimage","url":"https:\/\/shop.bantam.ch\/wp-content\/uploads\/2023\/02\/9960843-Fliegenschutztuer_1935x650-Hintergrund-015805b7fdd08df.jpg","contentUrl":"https:\/\/shop.bantam.ch\/wp-content\/uploads\/2023\/02\/9960843-Fliegenschutztuer_1935x650-Hintergrund-015805b7fdd08df.jpg","width":734,"height":1000},{"@type":"BreadcrumbList","@id":"https:\/\/shop.bantam.ch\/fr\/produit\/porte-moustiquaire-pour-toutes-les-caravanes-et-camping-cars\/#breadcrumb","itemListElement":[{"@type":"ListItem","position":1,"name":"Accueil","item":"https:\/\/shop.bantam.ch\/fr\/"},{"@type":"ListItem","position":2,"name":"Boutique","item":"https:\/\/shop.bantam.ch\/fr\/boutique\/"},{"@type":"ListItem","position":3,"name":"Porte moustiquaire pour toutes les caravanes et camping-cars"}]},{"@type":"WebSite","@id":"https:\/\/shop.bantam.ch\/fr\/#website","url":"https:\/\/shop.bantam.ch\/fr\/","name":"Bantam Wankm\u00fcller SA","description":"","publisher":{"@id":"https:\/\/shop.bantam.ch\/fr\/#organization"},"inLanguage":"fr-FR"},{"@type":"Organization","@id":"https:\/\/shop.bantam.ch\/fr\/#organization","name":"Bantam Wankm\u00fcller SA","url":"https:\/\/shop.bantam.ch\/fr\/","logo":{"@type":"ImageObject","inLanguage":"fr-FR","@id":"https:\/\/shop.bantam.ch\/fr\/#\/schema\/logo\/image\/","url":"https:\/\/shop.bantam.ch\/wp-content\/uploads\/2022\/12\/bantam-logo.png","contentUrl":"https:\/\/shop.bantam.ch\/wp-content\/uploads\/2022\/12\/bantam-logo.png","width":320,"height":71,"caption":"Bantam Wankm\u00fcller SA"},"image":{"@id":"https:\/\/shop.bantam.ch\/fr\/#\/schema\/logo\/image\/"}}]}},"_links":{"self":[{"href":"https:\/\/shop.bantam.ch\/fr\/wp-json\/wp\/v2\/product\/68363","targetHints":{"allow":["GET"]}}],"collection":[{"href":"https:\/\/shop.bantam.ch\/fr\/wp-json\/wp\/v2\/product"}],"about":[{"href":"https:\/\/shop.bantam.ch\/fr\/wp-json\/wp\/v2\/types\/product"}],"wp:featuredmedia":[{"embeddable":true,"href":"https:\/\/shop.bantam.ch\/fr\/wp-json\/wp\/v2\/media\/68351"}],"wp:attachment":[{"href":"https:\/\/shop.bantam.ch\/fr\/wp-json\/wp\/v2\/media?parent=68363"}],"wp:term":[{"taxonomy":"product_featured_cat","embeddable":true,"href":"https:\/\/shop.bantam.ch\/fr\/wp-json\/wp\/v2\/product_featured_cat?post=68363"},{"taxonomy":"product_brand","embeddable":true,"href":"https:\/\/shop.bantam.ch\/fr\/wp-json\/wp\/v2\/product_brand?post=68363"},{"taxonomy":"product_cat","embeddable":true,"href":"https:\/\/shop.bantam.ch\/fr\/wp-json\/wp\/v2\/product_cat?post=68363"},{"taxonomy":"product_tag","embeddable":true,"href":"https:\/\/shop.bantam.ch\/fr\/wp-json\/wp\/v2\/product_tag?post=68363"}],"curies":[{"name":"wp","href":"https:\/\/api.w.org\/{rel}","templated":true}]}}