{"id":68345,"date":"2023-02-27T20:17:45","date_gmt":"2023-02-27T19:17:45","guid":{"rendered":"http:\/\/shop.bantam.ch\/produit\/reglage-de-la-tete-pour-largeurs-variables-adaptable-ulterieurement\/"},"modified":"2026-04-17T21:13:12","modified_gmt":"2026-04-17T19:13:12","slug":"reglage-de-la-tete-pour-largeurs-variables-adaptable-ulterieurement","status":"publish","type":"product","link":"https:\/\/shop.bantam.ch\/fr\/produit\/reglage-de-la-tete-pour-largeurs-variables-adaptable-ulterieurement\/","title":{"rendered":"R\u00e9glage de la t\u00eate Froli 80\u00a0cm"},"content":{"rendered":"<p>Le r\u00e9glage de la t\u00eate de lit Froli peut \u00eatre viss\u00e9 en quelques \u00e9tapes faciles et fix\u00e9 \u00e0 la surface inf\u00e9rieure du lit ou \u00e0 un sommier \u00e0 lattes existant. La largeur de l&rsquo;appui-t\u00eate peut \u00eatre modifi\u00e9e individuellement en raccourcissant les baguettes. 6 niveaux de r\u00e9glage en hauteur de 4 cm \u00e0 21 cm.<\/p>\n","protected":false},"excerpt":{"rendered":"<p>Le r\u00e9glage de la t\u00eate de lit Froli peut \u00eatre viss\u00e9 en quelques \u00e9tapes faciles et fix\u00e9 \u00e0 la surface inf\u00e9rieure du lit ou \u00e0 un sommier \u00e0 lattes existant. La largeur de l&rsquo;appui-t\u00eate peut \u00eatre modifi\u00e9e individuellement en raccourcissant les baguettes. 6 niveaux de r\u00e9glage en hauteur de 4 cm \u00e0 21 cm.<\/p>\n","protected":false},"featured_media":207394,"template":"","meta":{"_acf_changed":false},"product_featured_cat":[],"product_brand":[3058],"product_cat":[5057],"product_tag":[],"class_list":{"0":"post-68345","1":"product","2":"type-product","3":"status-publish","4":"has-post-thumbnail","6":"product_brand-froli","7":"product_cat-sommiers-a-lattes","9":"first","10":"instock","11":"taxable","12":"shipping-taxable","13":"purchasable","14":"product-type-simple"},"acf":[],"yoast_head":"<!-- This site is optimized with the Yoast SEO plugin v27.4 - https:\/\/yoast.com\/product\/yoast-seo-wordpress\/ -->\n<title>R\u00e9glage de la t\u00eate Froli 80\u00a0cm - Bantam Wankm\u00fcller SA<\/title>\n<meta name=\"robots\" content=\"index, follow, max-snippet:-1, max-image-preview:large, max-video-preview:-1\" \/>\n<link rel=\"canonical\" href=\"https:\/\/shop.bantam.ch\/fr\/produit\/reglage-de-la-tete-pour-largeurs-variables-adaptable-ulterieurement\/\" \/>\n<meta property=\"og:locale\" content=\"fr_FR\" \/>\n<meta property=\"og:type\" content=\"article\" \/>\n<meta property=\"og:title\" content=\"R\u00e9glage de la t\u00eate Froli 80\u00a0cm - Bantam Wankm\u00fcller SA\" \/>\n<meta property=\"og:description\" content=\"Le r\u00e9glage de la t\u00eate de lit Froli peut \u00eatre viss\u00e9 en quelques \u00e9tapes faciles et fix\u00e9 \u00e0 la surface inf\u00e9rieure du lit ou \u00e0 un sommier \u00e0 lattes existant. La largeur de l&rsquo;appui-t\u00eate peut \u00eatre modifi\u00e9e individuellement en raccourcissant les baguettes. 6 niveaux de r\u00e9glage en hauteur de 4 cm \u00e0 21 cm.\" \/>\n<meta property=\"og:url\" content=\"https:\/\/shop.bantam.ch\/fr\/produit\/reglage-de-la-tete-pour-largeurs-variables-adaptable-ulterieurement\/\" \/>\n<meta property=\"og:site_name\" content=\"Bantam Wankm\u00fcller SA\" \/>\n<meta property=\"article:modified_time\" content=\"2026-04-17T19:13:12+00:00\" \/>\n<meta property=\"og:image\" content=\"https:\/\/shop.bantam.ch\/wp-content\/uploads\/2024\/04\/Movera-L-9969365100.jpg\" \/>\n\t<meta property=\"og:image:width\" content=\"640\" \/>\n\t<meta property=\"og:image:height\" content=\"640\" \/>\n\t<meta property=\"og:image:type\" content=\"image\/jpeg\" \/>\n<meta name=\"twitter:card\" content=\"summary_large_image\" \/>\n<script type=\"application\/ld+json\" class=\"yoast-schema-graph\">{\"@context\":\"https:\\\/\\\/schema.org\",\"@graph\":[{\"@type\":\"WebPage\",\"@id\":\"https:\\\/\\\/shop.bantam.ch\\\/fr\\\/produit\\\/reglage-de-la-tete-pour-largeurs-variables-adaptable-ulterieurement\\\/\",\"url\":\"https:\\\/\\\/shop.bantam.ch\\\/fr\\\/produit\\\/reglage-de-la-tete-pour-largeurs-variables-adaptable-ulterieurement\\\/\",\"name\":\"R\u00e9glage de la t\u00eate Froli 80\u00a0cm - Bantam Wankm\u00fcller SA\",\"isPartOf\":{\"@id\":\"https:\\\/\\\/shop.bantam.ch\\\/fr\\\/#website\"},\"primaryImageOfPage\":{\"@id\":\"https:\\\/\\\/shop.bantam.ch\\\/fr\\\/produit\\\/reglage-de-la-tete-pour-largeurs-variables-adaptable-ulterieurement\\\/#primaryimage\"},\"image\":{\"@id\":\"https:\\\/\\\/shop.bantam.ch\\\/fr\\\/produit\\\/reglage-de-la-tete-pour-largeurs-variables-adaptable-ulterieurement\\\/#primaryimage\"},\"thumbnailUrl\":\"https:\\\/\\\/shop.bantam.ch\\\/wp-content\\\/uploads\\\/2024\\\/09\\\/Movera-L-9969365100.jpg\",\"datePublished\":\"2023-02-27T19:17:45+00:00\",\"dateModified\":\"2026-04-17T19:13:12+00:00\",\"breadcrumb\":{\"@id\":\"https:\\\/\\\/shop.bantam.ch\\\/fr\\\/produit\\\/reglage-de-la-tete-pour-largeurs-variables-adaptable-ulterieurement\\\/#breadcrumb\"},\"inLanguage\":\"fr-FR\",\"potentialAction\":[{\"@type\":\"ReadAction\",\"target\":[\"https:\\\/\\\/shop.bantam.ch\\\/fr\\\/produit\\\/reglage-de-la-tete-pour-largeurs-variables-adaptable-ulterieurement\\\/\"]}]},{\"@type\":\"ImageObject\",\"inLanguage\":\"fr-FR\",\"@id\":\"https:\\\/\\\/shop.bantam.ch\\\/fr\\\/produit\\\/reglage-de-la-tete-pour-largeurs-variables-adaptable-ulterieurement\\\/#primaryimage\",\"url\":\"https:\\\/\\\/shop.bantam.ch\\\/wp-content\\\/uploads\\\/2024\\\/09\\\/Movera-L-9969365100.jpg\",\"contentUrl\":\"https:\\\/\\\/shop.bantam.ch\\\/wp-content\\\/uploads\\\/2024\\\/09\\\/Movera-L-9969365100.jpg\",\"width\":640,\"height\":640},{\"@type\":\"BreadcrumbList\",\"@id\":\"https:\\\/\\\/shop.bantam.ch\\\/fr\\\/produit\\\/reglage-de-la-tete-pour-largeurs-variables-adaptable-ulterieurement\\\/#breadcrumb\",\"itemListElement\":[{\"@type\":\"ListItem\",\"position\":1,\"name\":\"Accueil\",\"item\":\"https:\\\/\\\/shop.bantam.ch\\\/fr\\\/\"},{\"@type\":\"ListItem\",\"position\":2,\"name\":\"Boutique\",\"item\":\"https:\\\/\\\/shop.bantam.ch\\\/fr\\\/boutique\\\/\"},{\"@type\":\"ListItem\",\"position\":3,\"name\":\"R\u00e9glage de la t\u00eate Froli 80\u00a0cm\"}]},{\"@type\":\"WebSite\",\"@id\":\"https:\\\/\\\/shop.bantam.ch\\\/fr\\\/#website\",\"url\":\"https:\\\/\\\/shop.bantam.ch\\\/fr\\\/\",\"name\":\"Bantam Wankm\u00fcller SA\",\"description\":\"\",\"publisher\":{\"@id\":\"https:\\\/\\\/shop.bantam.ch\\\/fr\\\/#organization\"},\"inLanguage\":\"fr-FR\"},{\"@type\":\"Organization\",\"@id\":\"https:\\\/\\\/shop.bantam.ch\\\/fr\\\/#organization\",\"name\":\"Bantam Wankm\u00fcller SA\",\"url\":\"https:\\\/\\\/shop.bantam.ch\\\/fr\\\/\",\"logo\":{\"@type\":\"ImageObject\",\"inLanguage\":\"fr-FR\",\"@id\":\"https:\\\/\\\/shop.bantam.ch\\\/fr\\\/#\\\/schema\\\/logo\\\/image\\\/\",\"url\":\"https:\\\/\\\/shop.bantam.ch\\\/wp-content\\\/uploads\\\/2022\\\/12\\\/bantam-logo.png\",\"contentUrl\":\"https:\\\/\\\/shop.bantam.ch\\\/wp-content\\\/uploads\\\/2022\\\/12\\\/bantam-logo.png\",\"width\":320,\"height\":71,\"caption\":\"Bantam Wankm\u00fcller SA\"},\"image\":{\"@id\":\"https:\\\/\\\/shop.bantam.ch\\\/fr\\\/#\\\/schema\\\/logo\\\/image\\\/\"}}]}<\/script>\n<!-- \/ Yoast SEO plugin. -->","yoast_head_json":{"title":"R\u00e9glage de la t\u00eate Froli 80\u00a0cm - Bantam Wankm\u00fcller SA","robots":{"index":"index","follow":"follow","max-snippet":"max-snippet:-1","max-image-preview":"max-image-preview:large","max-video-preview":"max-video-preview:-1"},"canonical":"https:\/\/shop.bantam.ch\/fr\/produit\/reglage-de-la-tete-pour-largeurs-variables-adaptable-ulterieurement\/","og_locale":"fr_FR","og_type":"article","og_title":"R\u00e9glage de la t\u00eate Froli 80\u00a0cm - Bantam Wankm\u00fcller SA","og_description":"Le r\u00e9glage de la t\u00eate de lit Froli peut \u00eatre viss\u00e9 en quelques \u00e9tapes faciles et fix\u00e9 \u00e0 la surface inf\u00e9rieure du lit ou \u00e0 un sommier \u00e0 lattes existant. La largeur de l&rsquo;appui-t\u00eate peut \u00eatre modifi\u00e9e individuellement en raccourcissant les baguettes. 6 niveaux de r\u00e9glage en hauteur de 4 cm \u00e0 21 cm.","og_url":"https:\/\/shop.bantam.ch\/fr\/produit\/reglage-de-la-tete-pour-largeurs-variables-adaptable-ulterieurement\/","og_site_name":"Bantam Wankm\u00fcller SA","article_modified_time":"2026-04-17T19:13:12+00:00","og_image":[{"width":640,"height":640,"url":"https:\/\/shop.bantam.ch\/wp-content\/uploads\/2024\/04\/Movera-L-9969365100.jpg","type":"image\/jpeg"}],"twitter_card":"summary_large_image","schema":{"@context":"https:\/\/schema.org","@graph":[{"@type":"WebPage","@id":"https:\/\/shop.bantam.ch\/fr\/produit\/reglage-de-la-tete-pour-largeurs-variables-adaptable-ulterieurement\/","url":"https:\/\/shop.bantam.ch\/fr\/produit\/reglage-de-la-tete-pour-largeurs-variables-adaptable-ulterieurement\/","name":"R\u00e9glage de la t\u00eate Froli 80\u00a0cm - Bantam Wankm\u00fcller SA","isPartOf":{"@id":"https:\/\/shop.bantam.ch\/fr\/#website"},"primaryImageOfPage":{"@id":"https:\/\/shop.bantam.ch\/fr\/produit\/reglage-de-la-tete-pour-largeurs-variables-adaptable-ulterieurement\/#primaryimage"},"image":{"@id":"https:\/\/shop.bantam.ch\/fr\/produit\/reglage-de-la-tete-pour-largeurs-variables-adaptable-ulterieurement\/#primaryimage"},"thumbnailUrl":"https:\/\/shop.bantam.ch\/wp-content\/uploads\/2024\/09\/Movera-L-9969365100.jpg","datePublished":"2023-02-27T19:17:45+00:00","dateModified":"2026-04-17T19:13:12+00:00","breadcrumb":{"@id":"https:\/\/shop.bantam.ch\/fr\/produit\/reglage-de-la-tete-pour-largeurs-variables-adaptable-ulterieurement\/#breadcrumb"},"inLanguage":"fr-FR","potentialAction":[{"@type":"ReadAction","target":["https:\/\/shop.bantam.ch\/fr\/produit\/reglage-de-la-tete-pour-largeurs-variables-adaptable-ulterieurement\/"]}]},{"@type":"ImageObject","inLanguage":"fr-FR","@id":"https:\/\/shop.bantam.ch\/fr\/produit\/reglage-de-la-tete-pour-largeurs-variables-adaptable-ulterieurement\/#primaryimage","url":"https:\/\/shop.bantam.ch\/wp-content\/uploads\/2024\/09\/Movera-L-9969365100.jpg","contentUrl":"https:\/\/shop.bantam.ch\/wp-content\/uploads\/2024\/09\/Movera-L-9969365100.jpg","width":640,"height":640},{"@type":"BreadcrumbList","@id":"https:\/\/shop.bantam.ch\/fr\/produit\/reglage-de-la-tete-pour-largeurs-variables-adaptable-ulterieurement\/#breadcrumb","itemListElement":[{"@type":"ListItem","position":1,"name":"Accueil","item":"https:\/\/shop.bantam.ch\/fr\/"},{"@type":"ListItem","position":2,"name":"Boutique","item":"https:\/\/shop.bantam.ch\/fr\/boutique\/"},{"@type":"ListItem","position":3,"name":"R\u00e9glage de la t\u00eate Froli 80\u00a0cm"}]},{"@type":"WebSite","@id":"https:\/\/shop.bantam.ch\/fr\/#website","url":"https:\/\/shop.bantam.ch\/fr\/","name":"Bantam Wankm\u00fcller SA","description":"","publisher":{"@id":"https:\/\/shop.bantam.ch\/fr\/#organization"},"inLanguage":"fr-FR"},{"@type":"Organization","@id":"https:\/\/shop.bantam.ch\/fr\/#organization","name":"Bantam Wankm\u00fcller SA","url":"https:\/\/shop.bantam.ch\/fr\/","logo":{"@type":"ImageObject","inLanguage":"fr-FR","@id":"https:\/\/shop.bantam.ch\/fr\/#\/schema\/logo\/image\/","url":"https:\/\/shop.bantam.ch\/wp-content\/uploads\/2022\/12\/bantam-logo.png","contentUrl":"https:\/\/shop.bantam.ch\/wp-content\/uploads\/2022\/12\/bantam-logo.png","width":320,"height":71,"caption":"Bantam Wankm\u00fcller SA"},"image":{"@id":"https:\/\/shop.bantam.ch\/fr\/#\/schema\/logo\/image\/"}}]}},"_links":{"self":[{"href":"https:\/\/shop.bantam.ch\/fr\/wp-json\/wp\/v2\/product\/68345","targetHints":{"allow":["GET"]}}],"collection":[{"href":"https:\/\/shop.bantam.ch\/fr\/wp-json\/wp\/v2\/product"}],"about":[{"href":"https:\/\/shop.bantam.ch\/fr\/wp-json\/wp\/v2\/types\/product"}],"wp:featuredmedia":[{"embeddable":true,"href":"https:\/\/shop.bantam.ch\/fr\/wp-json\/wp\/v2\/media\/207394"}],"wp:attachment":[{"href":"https:\/\/shop.bantam.ch\/fr\/wp-json\/wp\/v2\/media?parent=68345"}],"wp:term":[{"taxonomy":"product_featured_cat","embeddable":true,"href":"https:\/\/shop.bantam.ch\/fr\/wp-json\/wp\/v2\/product_featured_cat?post=68345"},{"taxonomy":"product_brand","embeddable":true,"href":"https:\/\/shop.bantam.ch\/fr\/wp-json\/wp\/v2\/product_brand?post=68345"},{"taxonomy":"product_cat","embeddable":true,"href":"https:\/\/shop.bantam.ch\/fr\/wp-json\/wp\/v2\/product_cat?post=68345"},{"taxonomy":"product_tag","embeddable":true,"href":"https:\/\/shop.bantam.ch\/fr\/wp-json\/wp\/v2\/product_tag?post=68345"}],"curies":[{"name":"wp","href":"https:\/\/api.w.org\/{rel}","templated":true}]}}