{"id":68321,"date":"2023-02-27T20:17:06","date_gmt":"2023-02-27T19:17:06","guid":{"rendered":"http:\/\/shop.bantam.ch\/produit\/coquetier-space-en-melamine-blanc-gris-lime\/"},"modified":"2026-04-19T21:14:25","modified_gmt":"2026-04-19T19:14:25","slug":"coquetier-space-en-melamine-blanc-gris-lime","status":"publish","type":"product","link":"https:\/\/shop.bantam.ch\/fr\/produit\/coquetier-space-en-melamine-blanc-gris-lime\/","title":{"rendered":"Coquetier Brunner m\u00e9lamine Space"},"content":{"rendered":"<p>L&rsquo;utilisation d&rsquo;un joint antid\u00e9rapant int\u00e9gr\u00e9 dans le fond rend le glissement et la chute \u00e9ventuelle des pi\u00e8ces de vaisselle beaucoup plus difficiles. En outre, les nuisances sonores sont sensiblement r\u00e9duites pendant le trajet.<br \/>La m\u00e9lamine est une mati\u00e8re plastique de haute qualit\u00e9 qui se pr\u00eate particuli\u00e8rement bien \u00e0 une utilisation quotidienne \u00e0 l&rsquo;ext\u00e9rieur gr\u00e2ce aux propri\u00e9t\u00e9s suivantes.<\/p>\n<ul>\n<li>R\u00e9sistant \u00e0 la chaleur et \u00e0 l\u2019humidit\u00e9<\/li>\n<li>Inodore et sans go\u00fbt<\/li>\n<li>Convient \u00e0 un usage alimentaire.<\/li>\n<li>Surface tr\u00e8s dure<\/li>\n<li>Incassable, r\u00e9sistant aux chocs<\/li>\n<li>Facile \u00e0 nettoyer<\/li>\n<li>\u00c9cologique de par sa longue dur\u00e9e de vie<\/li>\n<\/ul>\n<p>\u00a0<\/p>\n","protected":false},"excerpt":{"rendered":"<p>L&rsquo;utilisation d&rsquo;un joint antid\u00e9rapant int\u00e9gr\u00e9 dans le fond rend le glissement et la chute \u00e9ventuelle des pi\u00e8ces de vaisselle beaucoup plus difficiles. En outre, les nuisances sonores sont sensiblement r\u00e9duites pendant le trajet.La m\u00e9lamine est une mati\u00e8re plastique de haute qualit\u00e9 qui se pr\u00eate particuli\u00e8rement bien \u00e0 une utilisation quotidienne \u00e0 l&rsquo;ext\u00e9rieur gr\u00e2ce aux propri\u00e9t\u00e9s [&hellip;]<\/p>\n","protected":false},"featured_media":68319,"template":"","meta":{"_acf_changed":false},"product_featured_cat":[],"product_brand":[3080],"product_cat":[4271],"product_tag":[],"class_list":{"0":"post-68321","1":"product","2":"type-product","3":"status-publish","4":"has-post-thumbnail","6":"product_brand-brunner","7":"product_cat-assiettes-et-coquetiers","9":"first","10":"instock","11":"taxable","12":"shipping-taxable","13":"purchasable","14":"product-type-simple"},"acf":[],"yoast_head":"<!-- This site is optimized with the Yoast SEO plugin v27.4 - https:\/\/yoast.com\/product\/yoast-seo-wordpress\/ -->\n<title>Coquetier Brunner m\u00e9lamine Space - Bantam Wankm\u00fcller SA<\/title>\n<meta name=\"robots\" content=\"index, follow, max-snippet:-1, max-image-preview:large, max-video-preview:-1\" \/>\n<link rel=\"canonical\" href=\"https:\/\/shop.bantam.ch\/fr\/produit\/coquetier-space-en-melamine-blanc-gris-lime\/\" \/>\n<meta property=\"og:locale\" content=\"fr_FR\" \/>\n<meta property=\"og:type\" content=\"article\" \/>\n<meta property=\"og:title\" content=\"Coquetier Brunner m\u00e9lamine Space - Bantam Wankm\u00fcller SA\" \/>\n<meta property=\"og:description\" content=\"L&rsquo;utilisation d&rsquo;un joint antid\u00e9rapant int\u00e9gr\u00e9 dans le fond rend le glissement et la chute \u00e9ventuelle des pi\u00e8ces de vaisselle beaucoup plus difficiles. En outre, les nuisances sonores sont sensiblement r\u00e9duites pendant le trajet.La m\u00e9lamine est une mati\u00e8re plastique de haute qualit\u00e9 qui se pr\u00eate particuli\u00e8rement bien \u00e0 une utilisation quotidienne \u00e0 l&rsquo;ext\u00e9rieur gr\u00e2ce aux propri\u00e9t\u00e9s [&hellip;]\" \/>\n<meta property=\"og:url\" content=\"https:\/\/shop.bantam.ch\/fr\/produit\/coquetier-space-en-melamine-blanc-gris-lime\/\" \/>\n<meta property=\"og:site_name\" content=\"Bantam Wankm\u00fcller SA\" \/>\n<meta property=\"article:modified_time\" content=\"2026-04-19T19:14:25+00:00\" \/>\n<meta property=\"og:image\" content=\"https:\/\/shop.bantam.ch\/wp-content\/uploads\/2023\/02\/992429511.jpg\" \/>\n\t<meta property=\"og:image:width\" content=\"500\" \/>\n\t<meta property=\"og:image:height\" content=\"151\" \/>\n\t<meta property=\"og:image:type\" content=\"image\/jpeg\" \/>\n<meta name=\"twitter:card\" content=\"summary_large_image\" \/>\n<meta name=\"twitter:label1\" content=\"Dur\u00e9e de lecture estim\u00e9e\" \/>\n\t<meta name=\"twitter:data1\" content=\"1 minute\" \/>\n<script type=\"application\/ld+json\" class=\"yoast-schema-graph\">{\"@context\":\"https:\\\/\\\/schema.org\",\"@graph\":[{\"@type\":\"WebPage\",\"@id\":\"https:\\\/\\\/shop.bantam.ch\\\/fr\\\/produit\\\/coquetier-space-en-melamine-blanc-gris-lime\\\/\",\"url\":\"https:\\\/\\\/shop.bantam.ch\\\/fr\\\/produit\\\/coquetier-space-en-melamine-blanc-gris-lime\\\/\",\"name\":\"Coquetier Brunner m\u00e9lamine Space - Bantam Wankm\u00fcller SA\",\"isPartOf\":{\"@id\":\"https:\\\/\\\/shop.bantam.ch\\\/fr\\\/#website\"},\"primaryImageOfPage\":{\"@id\":\"https:\\\/\\\/shop.bantam.ch\\\/fr\\\/produit\\\/coquetier-space-en-melamine-blanc-gris-lime\\\/#primaryimage\"},\"image\":{\"@id\":\"https:\\\/\\\/shop.bantam.ch\\\/fr\\\/produit\\\/coquetier-space-en-melamine-blanc-gris-lime\\\/#primaryimage\"},\"thumbnailUrl\":\"https:\\\/\\\/shop.bantam.ch\\\/wp-content\\\/uploads\\\/2023\\\/02\\\/992429511.jpg\",\"datePublished\":\"2023-02-27T19:17:06+00:00\",\"dateModified\":\"2026-04-19T19:14:25+00:00\",\"breadcrumb\":{\"@id\":\"https:\\\/\\\/shop.bantam.ch\\\/fr\\\/produit\\\/coquetier-space-en-melamine-blanc-gris-lime\\\/#breadcrumb\"},\"inLanguage\":\"fr-FR\",\"potentialAction\":[{\"@type\":\"ReadAction\",\"target\":[\"https:\\\/\\\/shop.bantam.ch\\\/fr\\\/produit\\\/coquetier-space-en-melamine-blanc-gris-lime\\\/\"]}]},{\"@type\":\"ImageObject\",\"inLanguage\":\"fr-FR\",\"@id\":\"https:\\\/\\\/shop.bantam.ch\\\/fr\\\/produit\\\/coquetier-space-en-melamine-blanc-gris-lime\\\/#primaryimage\",\"url\":\"https:\\\/\\\/shop.bantam.ch\\\/wp-content\\\/uploads\\\/2023\\\/02\\\/992429511.jpg\",\"contentUrl\":\"https:\\\/\\\/shop.bantam.ch\\\/wp-content\\\/uploads\\\/2023\\\/02\\\/992429511.jpg\",\"width\":500,\"height\":151},{\"@type\":\"BreadcrumbList\",\"@id\":\"https:\\\/\\\/shop.bantam.ch\\\/fr\\\/produit\\\/coquetier-space-en-melamine-blanc-gris-lime\\\/#breadcrumb\",\"itemListElement\":[{\"@type\":\"ListItem\",\"position\":1,\"name\":\"Accueil\",\"item\":\"https:\\\/\\\/shop.bantam.ch\\\/fr\\\/\"},{\"@type\":\"ListItem\",\"position\":2,\"name\":\"Boutique\",\"item\":\"https:\\\/\\\/shop.bantam.ch\\\/fr\\\/boutique\\\/\"},{\"@type\":\"ListItem\",\"position\":3,\"name\":\"Coquetier Brunner m\u00e9lamine Space\"}]},{\"@type\":\"WebSite\",\"@id\":\"https:\\\/\\\/shop.bantam.ch\\\/fr\\\/#website\",\"url\":\"https:\\\/\\\/shop.bantam.ch\\\/fr\\\/\",\"name\":\"Bantam Wankm\u00fcller SA\",\"description\":\"\",\"publisher\":{\"@id\":\"https:\\\/\\\/shop.bantam.ch\\\/fr\\\/#organization\"},\"inLanguage\":\"fr-FR\"},{\"@type\":\"Organization\",\"@id\":\"https:\\\/\\\/shop.bantam.ch\\\/fr\\\/#organization\",\"name\":\"Bantam Wankm\u00fcller SA\",\"url\":\"https:\\\/\\\/shop.bantam.ch\\\/fr\\\/\",\"logo\":{\"@type\":\"ImageObject\",\"inLanguage\":\"fr-FR\",\"@id\":\"https:\\\/\\\/shop.bantam.ch\\\/fr\\\/#\\\/schema\\\/logo\\\/image\\\/\",\"url\":\"https:\\\/\\\/shop.bantam.ch\\\/wp-content\\\/uploads\\\/2022\\\/12\\\/bantam-logo.png\",\"contentUrl\":\"https:\\\/\\\/shop.bantam.ch\\\/wp-content\\\/uploads\\\/2022\\\/12\\\/bantam-logo.png\",\"width\":320,\"height\":71,\"caption\":\"Bantam Wankm\u00fcller SA\"},\"image\":{\"@id\":\"https:\\\/\\\/shop.bantam.ch\\\/fr\\\/#\\\/schema\\\/logo\\\/image\\\/\"}}]}<\/script>\n<!-- \/ Yoast SEO plugin. -->","yoast_head_json":{"title":"Coquetier Brunner m\u00e9lamine Space - Bantam Wankm\u00fcller SA","robots":{"index":"index","follow":"follow","max-snippet":"max-snippet:-1","max-image-preview":"max-image-preview:large","max-video-preview":"max-video-preview:-1"},"canonical":"https:\/\/shop.bantam.ch\/fr\/produit\/coquetier-space-en-melamine-blanc-gris-lime\/","og_locale":"fr_FR","og_type":"article","og_title":"Coquetier Brunner m\u00e9lamine Space - Bantam Wankm\u00fcller SA","og_description":"L&rsquo;utilisation d&rsquo;un joint antid\u00e9rapant int\u00e9gr\u00e9 dans le fond rend le glissement et la chute \u00e9ventuelle des pi\u00e8ces de vaisselle beaucoup plus difficiles. En outre, les nuisances sonores sont sensiblement r\u00e9duites pendant le trajet.La m\u00e9lamine est une mati\u00e8re plastique de haute qualit\u00e9 qui se pr\u00eate particuli\u00e8rement bien \u00e0 une utilisation quotidienne \u00e0 l&rsquo;ext\u00e9rieur gr\u00e2ce aux propri\u00e9t\u00e9s [&hellip;]","og_url":"https:\/\/shop.bantam.ch\/fr\/produit\/coquetier-space-en-melamine-blanc-gris-lime\/","og_site_name":"Bantam Wankm\u00fcller SA","article_modified_time":"2026-04-19T19:14:25+00:00","og_image":[{"width":500,"height":151,"url":"https:\/\/shop.bantam.ch\/wp-content\/uploads\/2023\/02\/992429511.jpg","type":"image\/jpeg"}],"twitter_card":"summary_large_image","twitter_misc":{"Dur\u00e9e de lecture estim\u00e9e":"1 minute"},"schema":{"@context":"https:\/\/schema.org","@graph":[{"@type":"WebPage","@id":"https:\/\/shop.bantam.ch\/fr\/produit\/coquetier-space-en-melamine-blanc-gris-lime\/","url":"https:\/\/shop.bantam.ch\/fr\/produit\/coquetier-space-en-melamine-blanc-gris-lime\/","name":"Coquetier Brunner m\u00e9lamine Space - Bantam Wankm\u00fcller SA","isPartOf":{"@id":"https:\/\/shop.bantam.ch\/fr\/#website"},"primaryImageOfPage":{"@id":"https:\/\/shop.bantam.ch\/fr\/produit\/coquetier-space-en-melamine-blanc-gris-lime\/#primaryimage"},"image":{"@id":"https:\/\/shop.bantam.ch\/fr\/produit\/coquetier-space-en-melamine-blanc-gris-lime\/#primaryimage"},"thumbnailUrl":"https:\/\/shop.bantam.ch\/wp-content\/uploads\/2023\/02\/992429511.jpg","datePublished":"2023-02-27T19:17:06+00:00","dateModified":"2026-04-19T19:14:25+00:00","breadcrumb":{"@id":"https:\/\/shop.bantam.ch\/fr\/produit\/coquetier-space-en-melamine-blanc-gris-lime\/#breadcrumb"},"inLanguage":"fr-FR","potentialAction":[{"@type":"ReadAction","target":["https:\/\/shop.bantam.ch\/fr\/produit\/coquetier-space-en-melamine-blanc-gris-lime\/"]}]},{"@type":"ImageObject","inLanguage":"fr-FR","@id":"https:\/\/shop.bantam.ch\/fr\/produit\/coquetier-space-en-melamine-blanc-gris-lime\/#primaryimage","url":"https:\/\/shop.bantam.ch\/wp-content\/uploads\/2023\/02\/992429511.jpg","contentUrl":"https:\/\/shop.bantam.ch\/wp-content\/uploads\/2023\/02\/992429511.jpg","width":500,"height":151},{"@type":"BreadcrumbList","@id":"https:\/\/shop.bantam.ch\/fr\/produit\/coquetier-space-en-melamine-blanc-gris-lime\/#breadcrumb","itemListElement":[{"@type":"ListItem","position":1,"name":"Accueil","item":"https:\/\/shop.bantam.ch\/fr\/"},{"@type":"ListItem","position":2,"name":"Boutique","item":"https:\/\/shop.bantam.ch\/fr\/boutique\/"},{"@type":"ListItem","position":3,"name":"Coquetier Brunner m\u00e9lamine Space"}]},{"@type":"WebSite","@id":"https:\/\/shop.bantam.ch\/fr\/#website","url":"https:\/\/shop.bantam.ch\/fr\/","name":"Bantam Wankm\u00fcller SA","description":"","publisher":{"@id":"https:\/\/shop.bantam.ch\/fr\/#organization"},"inLanguage":"fr-FR"},{"@type":"Organization","@id":"https:\/\/shop.bantam.ch\/fr\/#organization","name":"Bantam Wankm\u00fcller SA","url":"https:\/\/shop.bantam.ch\/fr\/","logo":{"@type":"ImageObject","inLanguage":"fr-FR","@id":"https:\/\/shop.bantam.ch\/fr\/#\/schema\/logo\/image\/","url":"https:\/\/shop.bantam.ch\/wp-content\/uploads\/2022\/12\/bantam-logo.png","contentUrl":"https:\/\/shop.bantam.ch\/wp-content\/uploads\/2022\/12\/bantam-logo.png","width":320,"height":71,"caption":"Bantam Wankm\u00fcller SA"},"image":{"@id":"https:\/\/shop.bantam.ch\/fr\/#\/schema\/logo\/image\/"}}]}},"_links":{"self":[{"href":"https:\/\/shop.bantam.ch\/fr\/wp-json\/wp\/v2\/product\/68321","targetHints":{"allow":["GET"]}}],"collection":[{"href":"https:\/\/shop.bantam.ch\/fr\/wp-json\/wp\/v2\/product"}],"about":[{"href":"https:\/\/shop.bantam.ch\/fr\/wp-json\/wp\/v2\/types\/product"}],"wp:featuredmedia":[{"embeddable":true,"href":"https:\/\/shop.bantam.ch\/fr\/wp-json\/wp\/v2\/media\/68319"}],"wp:attachment":[{"href":"https:\/\/shop.bantam.ch\/fr\/wp-json\/wp\/v2\/media?parent=68321"}],"wp:term":[{"taxonomy":"product_featured_cat","embeddable":true,"href":"https:\/\/shop.bantam.ch\/fr\/wp-json\/wp\/v2\/product_featured_cat?post=68321"},{"taxonomy":"product_brand","embeddable":true,"href":"https:\/\/shop.bantam.ch\/fr\/wp-json\/wp\/v2\/product_brand?post=68321"},{"taxonomy":"product_cat","embeddable":true,"href":"https:\/\/shop.bantam.ch\/fr\/wp-json\/wp\/v2\/product_cat?post=68321"},{"taxonomy":"product_tag","embeddable":true,"href":"https:\/\/shop.bantam.ch\/fr\/wp-json\/wp\/v2\/product_tag?post=68321"}],"curies":[{"name":"wp","href":"https:\/\/api.w.org\/{rel}","templated":true}]}}