{"id":68097,"date":"2023-02-27T20:13:58","date_gmt":"2023-02-27T19:13:58","guid":{"rendered":"http:\/\/shop.bantam.ch\/produit\/grille-de-ventilation-cabine-de-camping-car-fiat-ducato-noir\/"},"modified":"2026-04-18T22:06:20","modified_gmt":"2026-04-18T20:06:20","slug":"grille-de-ventilation-cabine-de-camping-car-fiat-ducato-noir","status":"publish","type":"product","link":"https:\/\/shop.bantam.ch\/fr\/produit\/grille-de-ventilation-cabine-de-camping-car-fiat-ducato-noir\/","title":{"rendered":"Grille de ventilation cabine de camping-car Fiat Ducato noir"},"content":{"rendered":"<p>Pour tous les propri\u00e9taires de v\u00e9hicules qui souhaitent faire entrer de l\u2019air frais facilement et en toute s\u00e9curit\u00e9 dans leur voiture. Pour par exemple, rester dans le v\u00e9hicule ou pouvoir laisser un chien seul dans la voiture.<\/p>\n<p>Sans probl\u00e8me, car une installation fastidieuse ou des tests T\u00dcV ennuyeux ne sont pas n\u00e9cessaires. Si n\u00e9cessaire, abaissez la vitre de la fen\u00eatre, ins\u00e9rez le ventilateur en diagonale dans le guide de la fen\u00eatre et relevez la fen\u00eatre. C\u2019est fait !<\/p>\n<p>En toute s\u00e9curit\u00e9, car les ventilateurs d&rsquo;air frais sont stables. Ils sont en aluminium rev\u00eatue d&rsquo;une structure de haute qualit\u00e9 ce qui les rend vraiment insensibles aux rayures.<\/p>\n<p>L\u2019ouverture impr\u00e9vue des portes du v\u00e9hicule demande un effort consid\u00e9rable qui serait l\u2019\u00e9quivalent d\u2019un bras de levier tr\u00e8s violent ou le bris de la vitre. M\u00eame les moustiques ne peuvent pas entrer car les ventilateurs d&rsquo;air frais sont munis d&rsquo;une fine moustiquaire.<\/p>\n<p>Contenu\u00a0:<br \/>2\u00a0pi\u00e8ces<\/p>\n","protected":false},"excerpt":{"rendered":"<p>Pour tous les propri\u00e9taires de v\u00e9hicules qui souhaitent faire entrer de l\u2019air frais facilement et en toute s\u00e9curit\u00e9 dans leur voiture. Pour par exemple, rester dans le v\u00e9hicule ou pouvoir laisser un chien seul dans la voiture. Sans probl\u00e8me, car une installation fastidieuse ou des tests T\u00dcV ennuyeux ne sont pas n\u00e9cessaires. Si n\u00e9cessaire, abaissez [&hellip;]<\/p>\n","protected":false},"featured_media":68089,"template":"","meta":{"_acf_changed":false},"product_featured_cat":[],"product_brand":[3156],"product_cat":[4137],"product_tag":[],"class_list":{"0":"post-68097","1":"product","2":"type-product","3":"status-publish","4":"has-post-thumbnail","6":"product_brand-hkg-frischlufter","7":"product_cat-coupe-vent-et-grilles-de-ventilation","9":"first","10":"instock","11":"taxable","12":"shipping-taxable","13":"purchasable","14":"product-type-variable"},"acf":[],"yoast_head":"<!-- This site is optimized with the Yoast SEO plugin v27.4 - https:\/\/yoast.com\/product\/yoast-seo-wordpress\/ -->\n<title>Grille de ventilation cabine de camping-car Fiat Ducato noir - Bantam Wankm\u00fcller SA<\/title>\n<meta name=\"robots\" content=\"index, follow, max-snippet:-1, max-image-preview:large, max-video-preview:-1\" \/>\n<link rel=\"canonical\" href=\"https:\/\/shop.bantam.ch\/fr\/produit\/grille-de-ventilation-cabine-de-camping-car-fiat-ducato-noir\/\" \/>\n<meta property=\"og:locale\" content=\"fr_FR\" \/>\n<meta property=\"og:type\" content=\"article\" \/>\n<meta property=\"og:title\" content=\"Grille de ventilation cabine de camping-car Fiat Ducato noir - Bantam Wankm\u00fcller SA\" \/>\n<meta property=\"og:description\" content=\"Pour tous les propri\u00e9taires de v\u00e9hicules qui souhaitent faire entrer de l\u2019air frais facilement et en toute s\u00e9curit\u00e9 dans leur voiture. Pour par exemple, rester dans le v\u00e9hicule ou pouvoir laisser un chien seul dans la voiture. Sans probl\u00e8me, car une installation fastidieuse ou des tests T\u00dcV ennuyeux ne sont pas n\u00e9cessaires. Si n\u00e9cessaire, abaissez [&hellip;]\" \/>\n<meta property=\"og:url\" content=\"https:\/\/shop.bantam.ch\/fr\/produit\/grille-de-ventilation-cabine-de-camping-car-fiat-ducato-noir\/\" \/>\n<meta property=\"og:site_name\" content=\"Bantam Wankm\u00fcller SA\" \/>\n<meta property=\"article:modified_time\" content=\"2026-04-18T20:06:20+00:00\" \/>\n<meta property=\"og:image\" content=\"https:\/\/shop.bantam.ch\/wp-content\/uploads\/2023\/02\/9941032-100-1-3-12.jpg\" \/>\n\t<meta property=\"og:image:width\" content=\"1000\" \/>\n\t<meta property=\"og:image:height\" content=\"1000\" \/>\n\t<meta property=\"og:image:type\" content=\"image\/jpeg\" \/>\n<meta name=\"twitter:card\" content=\"summary_large_image\" \/>\n<meta name=\"twitter:label1\" content=\"Dur\u00e9e de lecture estim\u00e9e\" \/>\n\t<meta name=\"twitter:data1\" content=\"1 minute\" \/>\n<script type=\"application\/ld+json\" class=\"yoast-schema-graph\">{\"@context\":\"https:\\\/\\\/schema.org\",\"@graph\":[{\"@type\":\"WebPage\",\"@id\":\"https:\\\/\\\/shop.bantam.ch\\\/fr\\\/produit\\\/grille-de-ventilation-cabine-de-camping-car-fiat-ducato-noir\\\/\",\"url\":\"https:\\\/\\\/shop.bantam.ch\\\/fr\\\/produit\\\/grille-de-ventilation-cabine-de-camping-car-fiat-ducato-noir\\\/\",\"name\":\"Grille de ventilation cabine de camping-car Fiat Ducato noir - Bantam Wankm\u00fcller SA\",\"isPartOf\":{\"@id\":\"https:\\\/\\\/shop.bantam.ch\\\/fr\\\/#website\"},\"primaryImageOfPage\":{\"@id\":\"https:\\\/\\\/shop.bantam.ch\\\/fr\\\/produit\\\/grille-de-ventilation-cabine-de-camping-car-fiat-ducato-noir\\\/#primaryimage\"},\"image\":{\"@id\":\"https:\\\/\\\/shop.bantam.ch\\\/fr\\\/produit\\\/grille-de-ventilation-cabine-de-camping-car-fiat-ducato-noir\\\/#primaryimage\"},\"thumbnailUrl\":\"https:\\\/\\\/shop.bantam.ch\\\/wp-content\\\/uploads\\\/2023\\\/02\\\/9941032-100-1-3-12.jpg\",\"datePublished\":\"2023-02-27T19:13:58+00:00\",\"dateModified\":\"2026-04-18T20:06:20+00:00\",\"breadcrumb\":{\"@id\":\"https:\\\/\\\/shop.bantam.ch\\\/fr\\\/produit\\\/grille-de-ventilation-cabine-de-camping-car-fiat-ducato-noir\\\/#breadcrumb\"},\"inLanguage\":\"fr-FR\",\"potentialAction\":[{\"@type\":\"ReadAction\",\"target\":[\"https:\\\/\\\/shop.bantam.ch\\\/fr\\\/produit\\\/grille-de-ventilation-cabine-de-camping-car-fiat-ducato-noir\\\/\"]}]},{\"@type\":\"ImageObject\",\"inLanguage\":\"fr-FR\",\"@id\":\"https:\\\/\\\/shop.bantam.ch\\\/fr\\\/produit\\\/grille-de-ventilation-cabine-de-camping-car-fiat-ducato-noir\\\/#primaryimage\",\"url\":\"https:\\\/\\\/shop.bantam.ch\\\/wp-content\\\/uploads\\\/2023\\\/02\\\/9941032-100-1-3-12.jpg\",\"contentUrl\":\"https:\\\/\\\/shop.bantam.ch\\\/wp-content\\\/uploads\\\/2023\\\/02\\\/9941032-100-1-3-12.jpg\",\"width\":1000,\"height\":1000},{\"@type\":\"BreadcrumbList\",\"@id\":\"https:\\\/\\\/shop.bantam.ch\\\/fr\\\/produit\\\/grille-de-ventilation-cabine-de-camping-car-fiat-ducato-noir\\\/#breadcrumb\",\"itemListElement\":[{\"@type\":\"ListItem\",\"position\":1,\"name\":\"Accueil\",\"item\":\"https:\\\/\\\/shop.bantam.ch\\\/fr\\\/\"},{\"@type\":\"ListItem\",\"position\":2,\"name\":\"Boutique\",\"item\":\"https:\\\/\\\/shop.bantam.ch\\\/fr\\\/boutique\\\/\"},{\"@type\":\"ListItem\",\"position\":3,\"name\":\"Grille de ventilation cabine de camping-car Fiat Ducato noir\"}]},{\"@type\":\"WebSite\",\"@id\":\"https:\\\/\\\/shop.bantam.ch\\\/fr\\\/#website\",\"url\":\"https:\\\/\\\/shop.bantam.ch\\\/fr\\\/\",\"name\":\"Bantam Wankm\u00fcller SA\",\"description\":\"\",\"publisher\":{\"@id\":\"https:\\\/\\\/shop.bantam.ch\\\/fr\\\/#organization\"},\"inLanguage\":\"fr-FR\"},{\"@type\":\"Organization\",\"@id\":\"https:\\\/\\\/shop.bantam.ch\\\/fr\\\/#organization\",\"name\":\"Bantam Wankm\u00fcller SA\",\"url\":\"https:\\\/\\\/shop.bantam.ch\\\/fr\\\/\",\"logo\":{\"@type\":\"ImageObject\",\"inLanguage\":\"fr-FR\",\"@id\":\"https:\\\/\\\/shop.bantam.ch\\\/fr\\\/#\\\/schema\\\/logo\\\/image\\\/\",\"url\":\"https:\\\/\\\/shop.bantam.ch\\\/wp-content\\\/uploads\\\/2022\\\/12\\\/bantam-logo.png\",\"contentUrl\":\"https:\\\/\\\/shop.bantam.ch\\\/wp-content\\\/uploads\\\/2022\\\/12\\\/bantam-logo.png\",\"width\":320,\"height\":71,\"caption\":\"Bantam Wankm\u00fcller SA\"},\"image\":{\"@id\":\"https:\\\/\\\/shop.bantam.ch\\\/fr\\\/#\\\/schema\\\/logo\\\/image\\\/\"}}]}<\/script>\n<!-- \/ Yoast SEO plugin. -->","yoast_head_json":{"title":"Grille de ventilation cabine de camping-car Fiat Ducato noir - Bantam Wankm\u00fcller SA","robots":{"index":"index","follow":"follow","max-snippet":"max-snippet:-1","max-image-preview":"max-image-preview:large","max-video-preview":"max-video-preview:-1"},"canonical":"https:\/\/shop.bantam.ch\/fr\/produit\/grille-de-ventilation-cabine-de-camping-car-fiat-ducato-noir\/","og_locale":"fr_FR","og_type":"article","og_title":"Grille de ventilation cabine de camping-car Fiat Ducato noir - Bantam Wankm\u00fcller SA","og_description":"Pour tous les propri\u00e9taires de v\u00e9hicules qui souhaitent faire entrer de l\u2019air frais facilement et en toute s\u00e9curit\u00e9 dans leur voiture. Pour par exemple, rester dans le v\u00e9hicule ou pouvoir laisser un chien seul dans la voiture. Sans probl\u00e8me, car une installation fastidieuse ou des tests T\u00dcV ennuyeux ne sont pas n\u00e9cessaires. Si n\u00e9cessaire, abaissez [&hellip;]","og_url":"https:\/\/shop.bantam.ch\/fr\/produit\/grille-de-ventilation-cabine-de-camping-car-fiat-ducato-noir\/","og_site_name":"Bantam Wankm\u00fcller SA","article_modified_time":"2026-04-18T20:06:20+00:00","og_image":[{"width":1000,"height":1000,"url":"https:\/\/shop.bantam.ch\/wp-content\/uploads\/2023\/02\/9941032-100-1-3-12.jpg","type":"image\/jpeg"}],"twitter_card":"summary_large_image","twitter_misc":{"Dur\u00e9e de lecture estim\u00e9e":"1 minute"},"schema":{"@context":"https:\/\/schema.org","@graph":[{"@type":"WebPage","@id":"https:\/\/shop.bantam.ch\/fr\/produit\/grille-de-ventilation-cabine-de-camping-car-fiat-ducato-noir\/","url":"https:\/\/shop.bantam.ch\/fr\/produit\/grille-de-ventilation-cabine-de-camping-car-fiat-ducato-noir\/","name":"Grille de ventilation cabine de camping-car Fiat Ducato noir - Bantam Wankm\u00fcller SA","isPartOf":{"@id":"https:\/\/shop.bantam.ch\/fr\/#website"},"primaryImageOfPage":{"@id":"https:\/\/shop.bantam.ch\/fr\/produit\/grille-de-ventilation-cabine-de-camping-car-fiat-ducato-noir\/#primaryimage"},"image":{"@id":"https:\/\/shop.bantam.ch\/fr\/produit\/grille-de-ventilation-cabine-de-camping-car-fiat-ducato-noir\/#primaryimage"},"thumbnailUrl":"https:\/\/shop.bantam.ch\/wp-content\/uploads\/2023\/02\/9941032-100-1-3-12.jpg","datePublished":"2023-02-27T19:13:58+00:00","dateModified":"2026-04-18T20:06:20+00:00","breadcrumb":{"@id":"https:\/\/shop.bantam.ch\/fr\/produit\/grille-de-ventilation-cabine-de-camping-car-fiat-ducato-noir\/#breadcrumb"},"inLanguage":"fr-FR","potentialAction":[{"@type":"ReadAction","target":["https:\/\/shop.bantam.ch\/fr\/produit\/grille-de-ventilation-cabine-de-camping-car-fiat-ducato-noir\/"]}]},{"@type":"ImageObject","inLanguage":"fr-FR","@id":"https:\/\/shop.bantam.ch\/fr\/produit\/grille-de-ventilation-cabine-de-camping-car-fiat-ducato-noir\/#primaryimage","url":"https:\/\/shop.bantam.ch\/wp-content\/uploads\/2023\/02\/9941032-100-1-3-12.jpg","contentUrl":"https:\/\/shop.bantam.ch\/wp-content\/uploads\/2023\/02\/9941032-100-1-3-12.jpg","width":1000,"height":1000},{"@type":"BreadcrumbList","@id":"https:\/\/shop.bantam.ch\/fr\/produit\/grille-de-ventilation-cabine-de-camping-car-fiat-ducato-noir\/#breadcrumb","itemListElement":[{"@type":"ListItem","position":1,"name":"Accueil","item":"https:\/\/shop.bantam.ch\/fr\/"},{"@type":"ListItem","position":2,"name":"Boutique","item":"https:\/\/shop.bantam.ch\/fr\/boutique\/"},{"@type":"ListItem","position":3,"name":"Grille de ventilation cabine de camping-car Fiat Ducato noir"}]},{"@type":"WebSite","@id":"https:\/\/shop.bantam.ch\/fr\/#website","url":"https:\/\/shop.bantam.ch\/fr\/","name":"Bantam Wankm\u00fcller SA","description":"","publisher":{"@id":"https:\/\/shop.bantam.ch\/fr\/#organization"},"inLanguage":"fr-FR"},{"@type":"Organization","@id":"https:\/\/shop.bantam.ch\/fr\/#organization","name":"Bantam Wankm\u00fcller SA","url":"https:\/\/shop.bantam.ch\/fr\/","logo":{"@type":"ImageObject","inLanguage":"fr-FR","@id":"https:\/\/shop.bantam.ch\/fr\/#\/schema\/logo\/image\/","url":"https:\/\/shop.bantam.ch\/wp-content\/uploads\/2022\/12\/bantam-logo.png","contentUrl":"https:\/\/shop.bantam.ch\/wp-content\/uploads\/2022\/12\/bantam-logo.png","width":320,"height":71,"caption":"Bantam Wankm\u00fcller SA"},"image":{"@id":"https:\/\/shop.bantam.ch\/fr\/#\/schema\/logo\/image\/"}}]}},"_links":{"self":[{"href":"https:\/\/shop.bantam.ch\/fr\/wp-json\/wp\/v2\/product\/68097","targetHints":{"allow":["GET"]}}],"collection":[{"href":"https:\/\/shop.bantam.ch\/fr\/wp-json\/wp\/v2\/product"}],"about":[{"href":"https:\/\/shop.bantam.ch\/fr\/wp-json\/wp\/v2\/types\/product"}],"wp:featuredmedia":[{"embeddable":true,"href":"https:\/\/shop.bantam.ch\/fr\/wp-json\/wp\/v2\/media\/68089"}],"wp:attachment":[{"href":"https:\/\/shop.bantam.ch\/fr\/wp-json\/wp\/v2\/media?parent=68097"}],"wp:term":[{"taxonomy":"product_featured_cat","embeddable":true,"href":"https:\/\/shop.bantam.ch\/fr\/wp-json\/wp\/v2\/product_featured_cat?post=68097"},{"taxonomy":"product_brand","embeddable":true,"href":"https:\/\/shop.bantam.ch\/fr\/wp-json\/wp\/v2\/product_brand?post=68097"},{"taxonomy":"product_cat","embeddable":true,"href":"https:\/\/shop.bantam.ch\/fr\/wp-json\/wp\/v2\/product_cat?post=68097"},{"taxonomy":"product_tag","embeddable":true,"href":"https:\/\/shop.bantam.ch\/fr\/wp-json\/wp\/v2\/product_tag?post=68097"}],"curies":[{"name":"wp","href":"https:\/\/api.w.org\/{rel}","templated":true}]}}