{"id":68079,"date":"2023-02-27T20:13:40","date_gmt":"2023-02-27T19:13:40","guid":{"rendered":"http:\/\/shop.bantam.ch\/produit\/grille-de-ventilation-pour-fenetre-coulissante-fiat-ducato-peugeot-boxer-citroen-jumper-apres-07-2006-noir\/"},"modified":"2026-04-21T22:06:03","modified_gmt":"2026-04-21T20:06:03","slug":"grille-de-ventilation-pour-fenetre-coulissante-fiat-ducato-peugeot-boxer-citroen-jumper-apres-07-2006-noir","status":"publish","type":"product","link":"https:\/\/shop.bantam.ch\/fr\/produit\/grille-de-ventilation-pour-fenetre-coulissante-fiat-ducato-peugeot-boxer-citroen-jumper-apres-07-2006-noir\/","title":{"rendered":"Grille de ventilation pour fen\u00eatre coulissante Fiat Ducato, Peugeot Boxer, Citroen Jumper apr\u00e8s 07\/2006 noir"},"content":{"rendered":"<p>L&rsquo;insert de ventilation pour fen\u00eatres coulissantes peut \u00eatre utilis\u00e9 pour toutes les fen\u00eatres coulissantes de diff\u00e9rents fabricants. Il est simplement ins\u00e9r\u00e9 dans le cadre de la fen\u00eatre puis verrouill\u00e9.<\/p>\n<p>Dans cette variante large, un crochet de verrouillage est fourni pour avoir un verrouillage solide et pour emp\u00eacher l\u2019ouverture de la fen\u00eatre coulissante de l&rsquo;ext\u00e9rieur.<\/p>\n<p>Des moustiquaires qui emprisonnent les insectes sont int\u00e9gr\u00e9es dans l\u2019insert de ventilation ; la pluie ne p\u00e9n\u00e8tre pas par les ou\u00efes de ventilation. Il est en aluminium robuste rev\u00eatu d\u2019une structure de haute qualit\u00e9 ce qui le rend vraiment insensible aux rayures.<\/p>\n","protected":false},"excerpt":{"rendered":"<p>L&rsquo;insert de ventilation pour fen\u00eatres coulissantes peut \u00eatre utilis\u00e9 pour toutes les fen\u00eatres coulissantes de diff\u00e9rents fabricants. Il est simplement ins\u00e9r\u00e9 dans le cadre de la fen\u00eatre puis verrouill\u00e9. Dans cette variante large, un crochet de verrouillage est fourni pour avoir un verrouillage solide et pour emp\u00eacher l\u2019ouverture de la fen\u00eatre coulissante de l&rsquo;ext\u00e9rieur. Des [&hellip;]<\/p>\n","protected":false},"featured_media":68075,"template":"","meta":{"_acf_changed":false},"product_featured_cat":[],"product_brand":[3156],"product_cat":[4137],"product_tag":[],"class_list":{"0":"post-68079","1":"product","2":"type-product","3":"status-publish","4":"has-post-thumbnail","6":"product_brand-hkg-frischlufter","7":"product_cat-coupe-vent-et-grilles-de-ventilation","9":"first","10":"instock","11":"taxable","12":"shipping-taxable","13":"purchasable","14":"product-type-variable"},"acf":[],"yoast_head":"<!-- This site is optimized with the Yoast SEO plugin v27.4 - https:\/\/yoast.com\/product\/yoast-seo-wordpress\/ -->\n<title>Grille de ventilation pour fen\u00eatre coulissante Fiat Ducato, Peugeot Boxer, Citroen Jumper apr\u00e8s 07\/2006 noir - Bantam Wankm\u00fcller SA<\/title>\n<meta name=\"robots\" content=\"index, follow, max-snippet:-1, max-image-preview:large, max-video-preview:-1\" \/>\n<link rel=\"canonical\" href=\"https:\/\/shop.bantam.ch\/fr\/produit\/grille-de-ventilation-pour-fenetre-coulissante-fiat-ducato-peugeot-boxer-citroen-jumper-apres-07-2006-noir\/\" \/>\n<meta property=\"og:locale\" content=\"fr_FR\" \/>\n<meta property=\"og:type\" content=\"article\" \/>\n<meta property=\"og:title\" content=\"Grille de ventilation pour fen\u00eatre coulissante Fiat Ducato, Peugeot Boxer, Citroen Jumper apr\u00e8s 07\/2006 noir - Bantam Wankm\u00fcller SA\" \/>\n<meta property=\"og:description\" content=\"L&rsquo;insert de ventilation pour fen\u00eatres coulissantes peut \u00eatre utilis\u00e9 pour toutes les fen\u00eatres coulissantes de diff\u00e9rents fabricants. Il est simplement ins\u00e9r\u00e9 dans le cadre de la fen\u00eatre puis verrouill\u00e9. Dans cette variante large, un crochet de verrouillage est fourni pour avoir un verrouillage solide et pour emp\u00eacher l\u2019ouverture de la fen\u00eatre coulissante de l&rsquo;ext\u00e9rieur. Des [&hellip;]\" \/>\n<meta property=\"og:url\" content=\"https:\/\/shop.bantam.ch\/fr\/produit\/grille-de-ventilation-pour-fenetre-coulissante-fiat-ducato-peugeot-boxer-citroen-jumper-apres-07-2006-noir\/\" \/>\n<meta property=\"og:site_name\" content=\"Bantam Wankm\u00fcller SA\" \/>\n<meta property=\"article:modified_time\" content=\"2026-04-21T20:06:03+00:00\" \/>\n<meta property=\"og:image\" content=\"https:\/\/shop.bantam.ch\/wp-content\/uploads\/2023\/02\/9941046-100-1-3-4.jpg\" \/>\n\t<meta property=\"og:image:width\" content=\"669\" \/>\n\t<meta property=\"og:image:height\" content=\"1000\" \/>\n\t<meta property=\"og:image:type\" content=\"image\/jpeg\" \/>\n<meta name=\"twitter:card\" content=\"summary_large_image\" \/>\n<meta name=\"twitter:label1\" content=\"Dur\u00e9e de lecture estim\u00e9e\" \/>\n\t<meta name=\"twitter:data1\" content=\"1 minute\" \/>\n<script type=\"application\/ld+json\" class=\"yoast-schema-graph\">{\"@context\":\"https:\\\/\\\/schema.org\",\"@graph\":[{\"@type\":\"WebPage\",\"@id\":\"https:\\\/\\\/shop.bantam.ch\\\/fr\\\/produit\\\/grille-de-ventilation-pour-fenetre-coulissante-fiat-ducato-peugeot-boxer-citroen-jumper-apres-07-2006-noir\\\/\",\"url\":\"https:\\\/\\\/shop.bantam.ch\\\/fr\\\/produit\\\/grille-de-ventilation-pour-fenetre-coulissante-fiat-ducato-peugeot-boxer-citroen-jumper-apres-07-2006-noir\\\/\",\"name\":\"Grille de ventilation pour fen\u00eatre coulissante Fiat Ducato, Peugeot Boxer, Citroen Jumper apr\u00e8s 07\\\/2006 noir - Bantam Wankm\u00fcller SA\",\"isPartOf\":{\"@id\":\"https:\\\/\\\/shop.bantam.ch\\\/fr\\\/#website\"},\"primaryImageOfPage\":{\"@id\":\"https:\\\/\\\/shop.bantam.ch\\\/fr\\\/produit\\\/grille-de-ventilation-pour-fenetre-coulissante-fiat-ducato-peugeot-boxer-citroen-jumper-apres-07-2006-noir\\\/#primaryimage\"},\"image\":{\"@id\":\"https:\\\/\\\/shop.bantam.ch\\\/fr\\\/produit\\\/grille-de-ventilation-pour-fenetre-coulissante-fiat-ducato-peugeot-boxer-citroen-jumper-apres-07-2006-noir\\\/#primaryimage\"},\"thumbnailUrl\":\"https:\\\/\\\/shop.bantam.ch\\\/wp-content\\\/uploads\\\/2023\\\/02\\\/9941046-100-1-3-4.jpg\",\"datePublished\":\"2023-02-27T19:13:40+00:00\",\"dateModified\":\"2026-04-21T20:06:03+00:00\",\"breadcrumb\":{\"@id\":\"https:\\\/\\\/shop.bantam.ch\\\/fr\\\/produit\\\/grille-de-ventilation-pour-fenetre-coulissante-fiat-ducato-peugeot-boxer-citroen-jumper-apres-07-2006-noir\\\/#breadcrumb\"},\"inLanguage\":\"fr-FR\",\"potentialAction\":[{\"@type\":\"ReadAction\",\"target\":[\"https:\\\/\\\/shop.bantam.ch\\\/fr\\\/produit\\\/grille-de-ventilation-pour-fenetre-coulissante-fiat-ducato-peugeot-boxer-citroen-jumper-apres-07-2006-noir\\\/\"]}]},{\"@type\":\"ImageObject\",\"inLanguage\":\"fr-FR\",\"@id\":\"https:\\\/\\\/shop.bantam.ch\\\/fr\\\/produit\\\/grille-de-ventilation-pour-fenetre-coulissante-fiat-ducato-peugeot-boxer-citroen-jumper-apres-07-2006-noir\\\/#primaryimage\",\"url\":\"https:\\\/\\\/shop.bantam.ch\\\/wp-content\\\/uploads\\\/2023\\\/02\\\/9941046-100-1-3-4.jpg\",\"contentUrl\":\"https:\\\/\\\/shop.bantam.ch\\\/wp-content\\\/uploads\\\/2023\\\/02\\\/9941046-100-1-3-4.jpg\",\"width\":669,\"height\":1000},{\"@type\":\"BreadcrumbList\",\"@id\":\"https:\\\/\\\/shop.bantam.ch\\\/fr\\\/produit\\\/grille-de-ventilation-pour-fenetre-coulissante-fiat-ducato-peugeot-boxer-citroen-jumper-apres-07-2006-noir\\\/#breadcrumb\",\"itemListElement\":[{\"@type\":\"ListItem\",\"position\":1,\"name\":\"Accueil\",\"item\":\"https:\\\/\\\/shop.bantam.ch\\\/fr\\\/\"},{\"@type\":\"ListItem\",\"position\":2,\"name\":\"Boutique\",\"item\":\"https:\\\/\\\/shop.bantam.ch\\\/fr\\\/boutique\\\/\"},{\"@type\":\"ListItem\",\"position\":3,\"name\":\"Grille de ventilation pour fen\u00eatre coulissante Fiat Ducato, Peugeot Boxer, Citroen Jumper apr\u00e8s 07\\\/2006 noir\"}]},{\"@type\":\"WebSite\",\"@id\":\"https:\\\/\\\/shop.bantam.ch\\\/fr\\\/#website\",\"url\":\"https:\\\/\\\/shop.bantam.ch\\\/fr\\\/\",\"name\":\"Bantam Wankm\u00fcller SA\",\"description\":\"\",\"publisher\":{\"@id\":\"https:\\\/\\\/shop.bantam.ch\\\/fr\\\/#organization\"},\"inLanguage\":\"fr-FR\"},{\"@type\":\"Organization\",\"@id\":\"https:\\\/\\\/shop.bantam.ch\\\/fr\\\/#organization\",\"name\":\"Bantam Wankm\u00fcller SA\",\"url\":\"https:\\\/\\\/shop.bantam.ch\\\/fr\\\/\",\"logo\":{\"@type\":\"ImageObject\",\"inLanguage\":\"fr-FR\",\"@id\":\"https:\\\/\\\/shop.bantam.ch\\\/fr\\\/#\\\/schema\\\/logo\\\/image\\\/\",\"url\":\"https:\\\/\\\/shop.bantam.ch\\\/wp-content\\\/uploads\\\/2022\\\/12\\\/bantam-logo.png\",\"contentUrl\":\"https:\\\/\\\/shop.bantam.ch\\\/wp-content\\\/uploads\\\/2022\\\/12\\\/bantam-logo.png\",\"width\":320,\"height\":71,\"caption\":\"Bantam Wankm\u00fcller SA\"},\"image\":{\"@id\":\"https:\\\/\\\/shop.bantam.ch\\\/fr\\\/#\\\/schema\\\/logo\\\/image\\\/\"}}]}<\/script>\n<!-- \/ Yoast SEO plugin. -->","yoast_head_json":{"title":"Grille de ventilation pour fen\u00eatre coulissante Fiat Ducato, Peugeot Boxer, Citroen Jumper apr\u00e8s 07\/2006 noir - Bantam Wankm\u00fcller SA","robots":{"index":"index","follow":"follow","max-snippet":"max-snippet:-1","max-image-preview":"max-image-preview:large","max-video-preview":"max-video-preview:-1"},"canonical":"https:\/\/shop.bantam.ch\/fr\/produit\/grille-de-ventilation-pour-fenetre-coulissante-fiat-ducato-peugeot-boxer-citroen-jumper-apres-07-2006-noir\/","og_locale":"fr_FR","og_type":"article","og_title":"Grille de ventilation pour fen\u00eatre coulissante Fiat Ducato, Peugeot Boxer, Citroen Jumper apr\u00e8s 07\/2006 noir - Bantam Wankm\u00fcller SA","og_description":"L&rsquo;insert de ventilation pour fen\u00eatres coulissantes peut \u00eatre utilis\u00e9 pour toutes les fen\u00eatres coulissantes de diff\u00e9rents fabricants. Il est simplement ins\u00e9r\u00e9 dans le cadre de la fen\u00eatre puis verrouill\u00e9. Dans cette variante large, un crochet de verrouillage est fourni pour avoir un verrouillage solide et pour emp\u00eacher l\u2019ouverture de la fen\u00eatre coulissante de l&rsquo;ext\u00e9rieur. Des [&hellip;]","og_url":"https:\/\/shop.bantam.ch\/fr\/produit\/grille-de-ventilation-pour-fenetre-coulissante-fiat-ducato-peugeot-boxer-citroen-jumper-apres-07-2006-noir\/","og_site_name":"Bantam Wankm\u00fcller SA","article_modified_time":"2026-04-21T20:06:03+00:00","og_image":[{"width":669,"height":1000,"url":"https:\/\/shop.bantam.ch\/wp-content\/uploads\/2023\/02\/9941046-100-1-3-4.jpg","type":"image\/jpeg"}],"twitter_card":"summary_large_image","twitter_misc":{"Dur\u00e9e de lecture estim\u00e9e":"1 minute"},"schema":{"@context":"https:\/\/schema.org","@graph":[{"@type":"WebPage","@id":"https:\/\/shop.bantam.ch\/fr\/produit\/grille-de-ventilation-pour-fenetre-coulissante-fiat-ducato-peugeot-boxer-citroen-jumper-apres-07-2006-noir\/","url":"https:\/\/shop.bantam.ch\/fr\/produit\/grille-de-ventilation-pour-fenetre-coulissante-fiat-ducato-peugeot-boxer-citroen-jumper-apres-07-2006-noir\/","name":"Grille de ventilation pour fen\u00eatre coulissante Fiat Ducato, Peugeot Boxer, Citroen Jumper apr\u00e8s 07\/2006 noir - Bantam Wankm\u00fcller SA","isPartOf":{"@id":"https:\/\/shop.bantam.ch\/fr\/#website"},"primaryImageOfPage":{"@id":"https:\/\/shop.bantam.ch\/fr\/produit\/grille-de-ventilation-pour-fenetre-coulissante-fiat-ducato-peugeot-boxer-citroen-jumper-apres-07-2006-noir\/#primaryimage"},"image":{"@id":"https:\/\/shop.bantam.ch\/fr\/produit\/grille-de-ventilation-pour-fenetre-coulissante-fiat-ducato-peugeot-boxer-citroen-jumper-apres-07-2006-noir\/#primaryimage"},"thumbnailUrl":"https:\/\/shop.bantam.ch\/wp-content\/uploads\/2023\/02\/9941046-100-1-3-4.jpg","datePublished":"2023-02-27T19:13:40+00:00","dateModified":"2026-04-21T20:06:03+00:00","breadcrumb":{"@id":"https:\/\/shop.bantam.ch\/fr\/produit\/grille-de-ventilation-pour-fenetre-coulissante-fiat-ducato-peugeot-boxer-citroen-jumper-apres-07-2006-noir\/#breadcrumb"},"inLanguage":"fr-FR","potentialAction":[{"@type":"ReadAction","target":["https:\/\/shop.bantam.ch\/fr\/produit\/grille-de-ventilation-pour-fenetre-coulissante-fiat-ducato-peugeot-boxer-citroen-jumper-apres-07-2006-noir\/"]}]},{"@type":"ImageObject","inLanguage":"fr-FR","@id":"https:\/\/shop.bantam.ch\/fr\/produit\/grille-de-ventilation-pour-fenetre-coulissante-fiat-ducato-peugeot-boxer-citroen-jumper-apres-07-2006-noir\/#primaryimage","url":"https:\/\/shop.bantam.ch\/wp-content\/uploads\/2023\/02\/9941046-100-1-3-4.jpg","contentUrl":"https:\/\/shop.bantam.ch\/wp-content\/uploads\/2023\/02\/9941046-100-1-3-4.jpg","width":669,"height":1000},{"@type":"BreadcrumbList","@id":"https:\/\/shop.bantam.ch\/fr\/produit\/grille-de-ventilation-pour-fenetre-coulissante-fiat-ducato-peugeot-boxer-citroen-jumper-apres-07-2006-noir\/#breadcrumb","itemListElement":[{"@type":"ListItem","position":1,"name":"Accueil","item":"https:\/\/shop.bantam.ch\/fr\/"},{"@type":"ListItem","position":2,"name":"Boutique","item":"https:\/\/shop.bantam.ch\/fr\/boutique\/"},{"@type":"ListItem","position":3,"name":"Grille de ventilation pour fen\u00eatre coulissante Fiat Ducato, Peugeot Boxer, Citroen Jumper apr\u00e8s 07\/2006 noir"}]},{"@type":"WebSite","@id":"https:\/\/shop.bantam.ch\/fr\/#website","url":"https:\/\/shop.bantam.ch\/fr\/","name":"Bantam Wankm\u00fcller SA","description":"","publisher":{"@id":"https:\/\/shop.bantam.ch\/fr\/#organization"},"inLanguage":"fr-FR"},{"@type":"Organization","@id":"https:\/\/shop.bantam.ch\/fr\/#organization","name":"Bantam Wankm\u00fcller SA","url":"https:\/\/shop.bantam.ch\/fr\/","logo":{"@type":"ImageObject","inLanguage":"fr-FR","@id":"https:\/\/shop.bantam.ch\/fr\/#\/schema\/logo\/image\/","url":"https:\/\/shop.bantam.ch\/wp-content\/uploads\/2022\/12\/bantam-logo.png","contentUrl":"https:\/\/shop.bantam.ch\/wp-content\/uploads\/2022\/12\/bantam-logo.png","width":320,"height":71,"caption":"Bantam Wankm\u00fcller SA"},"image":{"@id":"https:\/\/shop.bantam.ch\/fr\/#\/schema\/logo\/image\/"}}]}},"_links":{"self":[{"href":"https:\/\/shop.bantam.ch\/fr\/wp-json\/wp\/v2\/product\/68079","targetHints":{"allow":["GET"]}}],"collection":[{"href":"https:\/\/shop.bantam.ch\/fr\/wp-json\/wp\/v2\/product"}],"about":[{"href":"https:\/\/shop.bantam.ch\/fr\/wp-json\/wp\/v2\/types\/product"}],"wp:featuredmedia":[{"embeddable":true,"href":"https:\/\/shop.bantam.ch\/fr\/wp-json\/wp\/v2\/media\/68075"}],"wp:attachment":[{"href":"https:\/\/shop.bantam.ch\/fr\/wp-json\/wp\/v2\/media?parent=68079"}],"wp:term":[{"taxonomy":"product_featured_cat","embeddable":true,"href":"https:\/\/shop.bantam.ch\/fr\/wp-json\/wp\/v2\/product_featured_cat?post=68079"},{"taxonomy":"product_brand","embeddable":true,"href":"https:\/\/shop.bantam.ch\/fr\/wp-json\/wp\/v2\/product_brand?post=68079"},{"taxonomy":"product_cat","embeddable":true,"href":"https:\/\/shop.bantam.ch\/fr\/wp-json\/wp\/v2\/product_cat?post=68079"},{"taxonomy":"product_tag","embeddable":true,"href":"https:\/\/shop.bantam.ch\/fr\/wp-json\/wp\/v2\/product_tag?post=68079"}],"curies":[{"name":"wp","href":"https:\/\/api.w.org\/{rel}","templated":true}]}}