{"id":67851,"date":"2023-02-27T20:09:00","date_gmt":"2023-02-27T19:09:00","guid":{"rendered":"http:\/\/shop.bantam.ch\/produit\/poele-et-plaque-de-cuisson-gourmet-set-420-2-pces\/"},"modified":"2026-04-17T21:12:57","modified_gmt":"2026-04-17T19:12:57","slug":"poele-et-plaque-de-cuisson-gourmet-set-420-2-pces","status":"publish","type":"product","link":"https:\/\/shop.bantam.ch\/fr\/produit\/poele-et-plaque-de-cuisson-gourmet-set-420-2-pces\/","title":{"rendered":"Po\u00eale et plaque de cuisson S\u00e9rie Gourmet Outdoorchef 420 2 pi\u00e8ces"},"content":{"rendered":"<p>Laissez libre courts \u00e0 vos talents gastronomiques\u00a0! La plaque de cuisson perfor\u00e9e et la po\u00eale gourmet avec surface en porcelaine \u00e9maill\u00e9e peuvent \u00eatre utilis\u00e9es ensemble ou s\u00e9par\u00e9ment, par ex. pour du poisson et des l\u00e9gumes.<\/p>\n<p>Mat\u00e9riau\u00a0:<br \/>acier<\/p>\n<p>Set de 2 pi\u00e8ces comprenant :<\/p>\n<ul>\n<li>Po\u00eale<\/li>\n<li>Plaque de cuisson<\/li>\n<\/ul>\n<p>\u00a0<\/p>\n","protected":false},"excerpt":{"rendered":"<p>Laissez libre courts \u00e0 vos talents gastronomiques\u00a0! La plaque de cuisson perfor\u00e9e et la po\u00eale gourmet avec surface en porcelaine \u00e9maill\u00e9e peuvent \u00eatre utilis\u00e9es ensemble ou s\u00e9par\u00e9ment, par ex. pour du poisson et des l\u00e9gumes. Mat\u00e9riau\u00a0:acier Set de 2 pi\u00e8ces comprenant : Po\u00eale Plaque de cuisson \u00a0<\/p>\n","protected":false},"featured_media":67847,"template":"","meta":{"_acf_changed":false},"product_featured_cat":[],"product_brand":[3428],"product_cat":[4339],"product_tag":[],"class_list":{"0":"post-67851","1":"product","2":"type-product","3":"status-publish","4":"has-post-thumbnail","6":"product_brand-outdoorchef","7":"product_cat-accessoires-pour-barbecue","9":"first","10":"instock","11":"taxable","12":"shipping-taxable","13":"purchasable","14":"product-type-simple"},"acf":[],"yoast_head":"<!-- This site is optimized with the Yoast SEO plugin v27.4 - https:\/\/yoast.com\/product\/yoast-seo-wordpress\/ -->\n<title>Po\u00eale et plaque de cuisson S\u00e9rie Gourmet Outdoorchef 420 2 pi\u00e8ces - Bantam Wankm\u00fcller SA<\/title>\n<meta name=\"robots\" content=\"index, follow, max-snippet:-1, max-image-preview:large, max-video-preview:-1\" \/>\n<link rel=\"canonical\" href=\"https:\/\/shop.bantam.ch\/fr\/produit\/poele-et-plaque-de-cuisson-gourmet-set-420-2-pces\/\" \/>\n<meta property=\"og:locale\" content=\"fr_FR\" \/>\n<meta property=\"og:type\" content=\"article\" \/>\n<meta property=\"og:title\" content=\"Po\u00eale et plaque de cuisson S\u00e9rie Gourmet Outdoorchef 420 2 pi\u00e8ces - Bantam Wankm\u00fcller SA\" \/>\n<meta property=\"og:description\" content=\"Laissez libre courts \u00e0 vos talents gastronomiques\u00a0! La plaque de cuisson perfor\u00e9e et la po\u00eale gourmet avec surface en porcelaine \u00e9maill\u00e9e peuvent \u00eatre utilis\u00e9es ensemble ou s\u00e9par\u00e9ment, par ex. pour du poisson et des l\u00e9gumes. Mat\u00e9riau\u00a0:acier Set de 2 pi\u00e8ces comprenant : Po\u00eale Plaque de cuisson \u00a0\" \/>\n<meta property=\"og:url\" content=\"https:\/\/shop.bantam.ch\/fr\/produit\/poele-et-plaque-de-cuisson-gourmet-set-420-2-pces\/\" \/>\n<meta property=\"og:site_name\" content=\"Bantam Wankm\u00fcller SA\" \/>\n<meta property=\"article:modified_time\" content=\"2026-04-17T19:12:57+00:00\" \/>\n<meta property=\"og:image\" content=\"https:\/\/shop.bantam.ch\/wp-content\/uploads\/2023\/02\/9952905-100-1-3.jpg\" \/>\n\t<meta property=\"og:image:width\" content=\"1000\" \/>\n\t<meta property=\"og:image:height\" content=\"792\" \/>\n\t<meta property=\"og:image:type\" content=\"image\/jpeg\" \/>\n<meta name=\"twitter:card\" content=\"summary_large_image\" \/>\n<script type=\"application\/ld+json\" class=\"yoast-schema-graph\">{\"@context\":\"https:\\\/\\\/schema.org\",\"@graph\":[{\"@type\":\"WebPage\",\"@id\":\"https:\\\/\\\/shop.bantam.ch\\\/fr\\\/produit\\\/poele-et-plaque-de-cuisson-gourmet-set-420-2-pces\\\/\",\"url\":\"https:\\\/\\\/shop.bantam.ch\\\/fr\\\/produit\\\/poele-et-plaque-de-cuisson-gourmet-set-420-2-pces\\\/\",\"name\":\"Po\u00eale et plaque de cuisson S\u00e9rie Gourmet Outdoorchef 420 2 pi\u00e8ces - Bantam Wankm\u00fcller SA\",\"isPartOf\":{\"@id\":\"https:\\\/\\\/shop.bantam.ch\\\/fr\\\/#website\"},\"primaryImageOfPage\":{\"@id\":\"https:\\\/\\\/shop.bantam.ch\\\/fr\\\/produit\\\/poele-et-plaque-de-cuisson-gourmet-set-420-2-pces\\\/#primaryimage\"},\"image\":{\"@id\":\"https:\\\/\\\/shop.bantam.ch\\\/fr\\\/produit\\\/poele-et-plaque-de-cuisson-gourmet-set-420-2-pces\\\/#primaryimage\"},\"thumbnailUrl\":\"https:\\\/\\\/shop.bantam.ch\\\/wp-content\\\/uploads\\\/2023\\\/02\\\/9952905-100-1-3.jpg\",\"datePublished\":\"2023-02-27T19:09:00+00:00\",\"dateModified\":\"2026-04-17T19:12:57+00:00\",\"breadcrumb\":{\"@id\":\"https:\\\/\\\/shop.bantam.ch\\\/fr\\\/produit\\\/poele-et-plaque-de-cuisson-gourmet-set-420-2-pces\\\/#breadcrumb\"},\"inLanguage\":\"fr-FR\",\"potentialAction\":[{\"@type\":\"ReadAction\",\"target\":[\"https:\\\/\\\/shop.bantam.ch\\\/fr\\\/produit\\\/poele-et-plaque-de-cuisson-gourmet-set-420-2-pces\\\/\"]}]},{\"@type\":\"ImageObject\",\"inLanguage\":\"fr-FR\",\"@id\":\"https:\\\/\\\/shop.bantam.ch\\\/fr\\\/produit\\\/poele-et-plaque-de-cuisson-gourmet-set-420-2-pces\\\/#primaryimage\",\"url\":\"https:\\\/\\\/shop.bantam.ch\\\/wp-content\\\/uploads\\\/2023\\\/02\\\/9952905-100-1-3.jpg\",\"contentUrl\":\"https:\\\/\\\/shop.bantam.ch\\\/wp-content\\\/uploads\\\/2023\\\/02\\\/9952905-100-1-3.jpg\",\"width\":1000,\"height\":792},{\"@type\":\"BreadcrumbList\",\"@id\":\"https:\\\/\\\/shop.bantam.ch\\\/fr\\\/produit\\\/poele-et-plaque-de-cuisson-gourmet-set-420-2-pces\\\/#breadcrumb\",\"itemListElement\":[{\"@type\":\"ListItem\",\"position\":1,\"name\":\"Accueil\",\"item\":\"https:\\\/\\\/shop.bantam.ch\\\/fr\\\/\"},{\"@type\":\"ListItem\",\"position\":2,\"name\":\"Boutique\",\"item\":\"https:\\\/\\\/shop.bantam.ch\\\/fr\\\/boutique\\\/\"},{\"@type\":\"ListItem\",\"position\":3,\"name\":\"Po\u00eale et plaque de cuisson S\u00e9rie Gourmet Outdoorchef 420 2 pi\u00e8ces\"}]},{\"@type\":\"WebSite\",\"@id\":\"https:\\\/\\\/shop.bantam.ch\\\/fr\\\/#website\",\"url\":\"https:\\\/\\\/shop.bantam.ch\\\/fr\\\/\",\"name\":\"Bantam Wankm\u00fcller SA\",\"description\":\"\",\"publisher\":{\"@id\":\"https:\\\/\\\/shop.bantam.ch\\\/fr\\\/#organization\"},\"inLanguage\":\"fr-FR\"},{\"@type\":\"Organization\",\"@id\":\"https:\\\/\\\/shop.bantam.ch\\\/fr\\\/#organization\",\"name\":\"Bantam Wankm\u00fcller SA\",\"url\":\"https:\\\/\\\/shop.bantam.ch\\\/fr\\\/\",\"logo\":{\"@type\":\"ImageObject\",\"inLanguage\":\"fr-FR\",\"@id\":\"https:\\\/\\\/shop.bantam.ch\\\/fr\\\/#\\\/schema\\\/logo\\\/image\\\/\",\"url\":\"https:\\\/\\\/shop.bantam.ch\\\/wp-content\\\/uploads\\\/2022\\\/12\\\/bantam-logo.png\",\"contentUrl\":\"https:\\\/\\\/shop.bantam.ch\\\/wp-content\\\/uploads\\\/2022\\\/12\\\/bantam-logo.png\",\"width\":320,\"height\":71,\"caption\":\"Bantam Wankm\u00fcller SA\"},\"image\":{\"@id\":\"https:\\\/\\\/shop.bantam.ch\\\/fr\\\/#\\\/schema\\\/logo\\\/image\\\/\"}}]}<\/script>\n<!-- \/ Yoast SEO plugin. -->","yoast_head_json":{"title":"Po\u00eale et plaque de cuisson S\u00e9rie Gourmet Outdoorchef 420 2 pi\u00e8ces - Bantam Wankm\u00fcller SA","robots":{"index":"index","follow":"follow","max-snippet":"max-snippet:-1","max-image-preview":"max-image-preview:large","max-video-preview":"max-video-preview:-1"},"canonical":"https:\/\/shop.bantam.ch\/fr\/produit\/poele-et-plaque-de-cuisson-gourmet-set-420-2-pces\/","og_locale":"fr_FR","og_type":"article","og_title":"Po\u00eale et plaque de cuisson S\u00e9rie Gourmet Outdoorchef 420 2 pi\u00e8ces - Bantam Wankm\u00fcller SA","og_description":"Laissez libre courts \u00e0 vos talents gastronomiques\u00a0! La plaque de cuisson perfor\u00e9e et la po\u00eale gourmet avec surface en porcelaine \u00e9maill\u00e9e peuvent \u00eatre utilis\u00e9es ensemble ou s\u00e9par\u00e9ment, par ex. pour du poisson et des l\u00e9gumes. Mat\u00e9riau\u00a0:acier Set de 2 pi\u00e8ces comprenant : Po\u00eale Plaque de cuisson \u00a0","og_url":"https:\/\/shop.bantam.ch\/fr\/produit\/poele-et-plaque-de-cuisson-gourmet-set-420-2-pces\/","og_site_name":"Bantam Wankm\u00fcller SA","article_modified_time":"2026-04-17T19:12:57+00:00","og_image":[{"width":1000,"height":792,"url":"https:\/\/shop.bantam.ch\/wp-content\/uploads\/2023\/02\/9952905-100-1-3.jpg","type":"image\/jpeg"}],"twitter_card":"summary_large_image","schema":{"@context":"https:\/\/schema.org","@graph":[{"@type":"WebPage","@id":"https:\/\/shop.bantam.ch\/fr\/produit\/poele-et-plaque-de-cuisson-gourmet-set-420-2-pces\/","url":"https:\/\/shop.bantam.ch\/fr\/produit\/poele-et-plaque-de-cuisson-gourmet-set-420-2-pces\/","name":"Po\u00eale et plaque de cuisson S\u00e9rie Gourmet Outdoorchef 420 2 pi\u00e8ces - Bantam Wankm\u00fcller SA","isPartOf":{"@id":"https:\/\/shop.bantam.ch\/fr\/#website"},"primaryImageOfPage":{"@id":"https:\/\/shop.bantam.ch\/fr\/produit\/poele-et-plaque-de-cuisson-gourmet-set-420-2-pces\/#primaryimage"},"image":{"@id":"https:\/\/shop.bantam.ch\/fr\/produit\/poele-et-plaque-de-cuisson-gourmet-set-420-2-pces\/#primaryimage"},"thumbnailUrl":"https:\/\/shop.bantam.ch\/wp-content\/uploads\/2023\/02\/9952905-100-1-3.jpg","datePublished":"2023-02-27T19:09:00+00:00","dateModified":"2026-04-17T19:12:57+00:00","breadcrumb":{"@id":"https:\/\/shop.bantam.ch\/fr\/produit\/poele-et-plaque-de-cuisson-gourmet-set-420-2-pces\/#breadcrumb"},"inLanguage":"fr-FR","potentialAction":[{"@type":"ReadAction","target":["https:\/\/shop.bantam.ch\/fr\/produit\/poele-et-plaque-de-cuisson-gourmet-set-420-2-pces\/"]}]},{"@type":"ImageObject","inLanguage":"fr-FR","@id":"https:\/\/shop.bantam.ch\/fr\/produit\/poele-et-plaque-de-cuisson-gourmet-set-420-2-pces\/#primaryimage","url":"https:\/\/shop.bantam.ch\/wp-content\/uploads\/2023\/02\/9952905-100-1-3.jpg","contentUrl":"https:\/\/shop.bantam.ch\/wp-content\/uploads\/2023\/02\/9952905-100-1-3.jpg","width":1000,"height":792},{"@type":"BreadcrumbList","@id":"https:\/\/shop.bantam.ch\/fr\/produit\/poele-et-plaque-de-cuisson-gourmet-set-420-2-pces\/#breadcrumb","itemListElement":[{"@type":"ListItem","position":1,"name":"Accueil","item":"https:\/\/shop.bantam.ch\/fr\/"},{"@type":"ListItem","position":2,"name":"Boutique","item":"https:\/\/shop.bantam.ch\/fr\/boutique\/"},{"@type":"ListItem","position":3,"name":"Po\u00eale et plaque de cuisson S\u00e9rie Gourmet Outdoorchef 420 2 pi\u00e8ces"}]},{"@type":"WebSite","@id":"https:\/\/shop.bantam.ch\/fr\/#website","url":"https:\/\/shop.bantam.ch\/fr\/","name":"Bantam Wankm\u00fcller SA","description":"","publisher":{"@id":"https:\/\/shop.bantam.ch\/fr\/#organization"},"inLanguage":"fr-FR"},{"@type":"Organization","@id":"https:\/\/shop.bantam.ch\/fr\/#organization","name":"Bantam Wankm\u00fcller SA","url":"https:\/\/shop.bantam.ch\/fr\/","logo":{"@type":"ImageObject","inLanguage":"fr-FR","@id":"https:\/\/shop.bantam.ch\/fr\/#\/schema\/logo\/image\/","url":"https:\/\/shop.bantam.ch\/wp-content\/uploads\/2022\/12\/bantam-logo.png","contentUrl":"https:\/\/shop.bantam.ch\/wp-content\/uploads\/2022\/12\/bantam-logo.png","width":320,"height":71,"caption":"Bantam Wankm\u00fcller SA"},"image":{"@id":"https:\/\/shop.bantam.ch\/fr\/#\/schema\/logo\/image\/"}}]}},"_links":{"self":[{"href":"https:\/\/shop.bantam.ch\/fr\/wp-json\/wp\/v2\/product\/67851","targetHints":{"allow":["GET"]}}],"collection":[{"href":"https:\/\/shop.bantam.ch\/fr\/wp-json\/wp\/v2\/product"}],"about":[{"href":"https:\/\/shop.bantam.ch\/fr\/wp-json\/wp\/v2\/types\/product"}],"wp:featuredmedia":[{"embeddable":true,"href":"https:\/\/shop.bantam.ch\/fr\/wp-json\/wp\/v2\/media\/67847"}],"wp:attachment":[{"href":"https:\/\/shop.bantam.ch\/fr\/wp-json\/wp\/v2\/media?parent=67851"}],"wp:term":[{"taxonomy":"product_featured_cat","embeddable":true,"href":"https:\/\/shop.bantam.ch\/fr\/wp-json\/wp\/v2\/product_featured_cat?post=67851"},{"taxonomy":"product_brand","embeddable":true,"href":"https:\/\/shop.bantam.ch\/fr\/wp-json\/wp\/v2\/product_brand?post=67851"},{"taxonomy":"product_cat","embeddable":true,"href":"https:\/\/shop.bantam.ch\/fr\/wp-json\/wp\/v2\/product_cat?post=67851"},{"taxonomy":"product_tag","embeddable":true,"href":"https:\/\/shop.bantam.ch\/fr\/wp-json\/wp\/v2\/product_tag?post=67851"}],"curies":[{"name":"wp","href":"https:\/\/api.w.org\/{rel}","templated":true}]}}