{"id":67329,"date":"2023-02-27T19:58:40","date_gmt":"2023-02-27T18:58:40","guid":{"rendered":"http:\/\/shop.bantam.ch\/produit\/cafetiere-mc052-12-v\/"},"modified":"2026-04-20T21:12:58","modified_gmt":"2026-04-20T19:12:58","slug":"cafetiere-mc052-12-v","status":"publish","type":"product","link":"https:\/\/shop.bantam.ch\/fr\/produit\/cafetiere-mc052-12-v\/","title":{"rendered":"Cafeti\u00e8re Dometic MC052 12 V"},"content":{"rendered":"<p>Cafeti\u00e8re mobile pour 5 tasses. Permet de faire jusqu\u2018\u00e0 5 tasses de caf\u00e9 (625 ml) et de les maintenir au chaud gr\u00e2ce \u00e0 la plaque chauffante. La cafeti\u00e8re en verre est en outre fermement fix\u00e9e gr\u00e2ce \u00e0 une s\u00e9curit\u00e9 pour le transport.<\/p>\n<p>\u00a0<\/p>\n<ul>\n<li>Filtre inclinable rotatif et accessible<\/li>\n<li>Cafeti\u00e8re en verre avec graduation et s\u00e9curit\u00e9 int\u00e9gr\u00e9e pour le transport<\/li>\n<li>Plaque de maintien au chaud avec thermostat<\/li>\n<li>Diam\u00e8tre de 18 cm<\/li>\n<\/ul>\n<p>\u00a0<\/p>\n","protected":false},"excerpt":{"rendered":"<p>Cafeti\u00e8re mobile pour 5 tasses. Permet de faire jusqu\u2018\u00e0 5 tasses de caf\u00e9 (625 ml) et de les maintenir au chaud gr\u00e2ce \u00e0 la plaque chauffante. La cafeti\u00e8re en verre est en outre fermement fix\u00e9e gr\u00e2ce \u00e0 une s\u00e9curit\u00e9 pour le transport. \u00a0 Filtre inclinable rotatif et accessible Cafeti\u00e8re en verre avec graduation et s\u00e9curit\u00e9 [&hellip;]<\/p>\n","protected":false},"featured_media":67327,"template":"","meta":{"_acf_changed":false},"product_featured_cat":[],"product_brand":[3028],"product_cat":[4297],"product_tag":[],"class_list":{"0":"post-67329","1":"product","2":"type-product","3":"status-publish","4":"has-post-thumbnail","6":"product_brand-dometic","7":"product_cat-cafetieres-et-bouilloires","9":"first","10":"instock","11":"taxable","12":"shipping-taxable","13":"purchasable","14":"product-type-simple"},"acf":[],"yoast_head":"<!-- This site is optimized with the Yoast SEO plugin v27.4 - https:\/\/yoast.com\/product\/yoast-seo-wordpress\/ -->\n<title>Cafeti\u00e8re Dometic MC052 12 V - Bantam Wankm\u00fcller SA<\/title>\n<meta name=\"robots\" content=\"index, follow, max-snippet:-1, max-image-preview:large, max-video-preview:-1\" \/>\n<link rel=\"canonical\" href=\"https:\/\/shop.bantam.ch\/fr\/produit\/cafetiere-mc052-12-v\/\" \/>\n<meta property=\"og:locale\" content=\"fr_FR\" \/>\n<meta property=\"og:type\" content=\"article\" \/>\n<meta property=\"og:title\" content=\"Cafeti\u00e8re Dometic MC052 12 V - Bantam Wankm\u00fcller SA\" \/>\n<meta property=\"og:description\" content=\"Cafeti\u00e8re mobile pour 5 tasses. Permet de faire jusqu\u2018\u00e0 5 tasses de caf\u00e9 (625 ml) et de les maintenir au chaud gr\u00e2ce \u00e0 la plaque chauffante. La cafeti\u00e8re en verre est en outre fermement fix\u00e9e gr\u00e2ce \u00e0 une s\u00e9curit\u00e9 pour le transport. \u00a0 Filtre inclinable rotatif et accessible Cafeti\u00e8re en verre avec graduation et s\u00e9curit\u00e9 [&hellip;]\" \/>\n<meta property=\"og:url\" content=\"https:\/\/shop.bantam.ch\/fr\/produit\/cafetiere-mc052-12-v\/\" \/>\n<meta property=\"og:site_name\" content=\"Bantam Wankm\u00fcller SA\" \/>\n<meta property=\"article:modified_time\" content=\"2026-04-20T19:12:58+00:00\" \/>\n<meta property=\"og:image\" content=\"https:\/\/shop.bantam.ch\/wp-content\/uploads\/2023\/02\/9930425-100-1-3587637754c251.jpg\" \/>\n\t<meta property=\"og:image:width\" content=\"500\" \/>\n\t<meta property=\"og:image:height\" content=\"300\" \/>\n\t<meta property=\"og:image:type\" content=\"image\/jpeg\" \/>\n<meta name=\"twitter:card\" content=\"summary_large_image\" \/>\n<script type=\"application\/ld+json\" class=\"yoast-schema-graph\">{\"@context\":\"https:\\\/\\\/schema.org\",\"@graph\":[{\"@type\":\"WebPage\",\"@id\":\"https:\\\/\\\/shop.bantam.ch\\\/fr\\\/produit\\\/cafetiere-mc052-12-v\\\/\",\"url\":\"https:\\\/\\\/shop.bantam.ch\\\/fr\\\/produit\\\/cafetiere-mc052-12-v\\\/\",\"name\":\"Cafeti\u00e8re Dometic MC052 12 V - Bantam Wankm\u00fcller SA\",\"isPartOf\":{\"@id\":\"https:\\\/\\\/shop.bantam.ch\\\/fr\\\/#website\"},\"primaryImageOfPage\":{\"@id\":\"https:\\\/\\\/shop.bantam.ch\\\/fr\\\/produit\\\/cafetiere-mc052-12-v\\\/#primaryimage\"},\"image\":{\"@id\":\"https:\\\/\\\/shop.bantam.ch\\\/fr\\\/produit\\\/cafetiere-mc052-12-v\\\/#primaryimage\"},\"thumbnailUrl\":\"https:\\\/\\\/shop.bantam.ch\\\/wp-content\\\/uploads\\\/2023\\\/02\\\/9930425-100-1-3587637754c251.jpg\",\"datePublished\":\"2023-02-27T18:58:40+00:00\",\"dateModified\":\"2026-04-20T19:12:58+00:00\",\"breadcrumb\":{\"@id\":\"https:\\\/\\\/shop.bantam.ch\\\/fr\\\/produit\\\/cafetiere-mc052-12-v\\\/#breadcrumb\"},\"inLanguage\":\"fr-FR\",\"potentialAction\":[{\"@type\":\"ReadAction\",\"target\":[\"https:\\\/\\\/shop.bantam.ch\\\/fr\\\/produit\\\/cafetiere-mc052-12-v\\\/\"]}]},{\"@type\":\"ImageObject\",\"inLanguage\":\"fr-FR\",\"@id\":\"https:\\\/\\\/shop.bantam.ch\\\/fr\\\/produit\\\/cafetiere-mc052-12-v\\\/#primaryimage\",\"url\":\"https:\\\/\\\/shop.bantam.ch\\\/wp-content\\\/uploads\\\/2023\\\/02\\\/9930425-100-1-3587637754c251.jpg\",\"contentUrl\":\"https:\\\/\\\/shop.bantam.ch\\\/wp-content\\\/uploads\\\/2023\\\/02\\\/9930425-100-1-3587637754c251.jpg\",\"width\":500,\"height\":300},{\"@type\":\"BreadcrumbList\",\"@id\":\"https:\\\/\\\/shop.bantam.ch\\\/fr\\\/produit\\\/cafetiere-mc052-12-v\\\/#breadcrumb\",\"itemListElement\":[{\"@type\":\"ListItem\",\"position\":1,\"name\":\"Accueil\",\"item\":\"https:\\\/\\\/shop.bantam.ch\\\/fr\\\/\"},{\"@type\":\"ListItem\",\"position\":2,\"name\":\"Boutique\",\"item\":\"https:\\\/\\\/shop.bantam.ch\\\/fr\\\/boutique\\\/\"},{\"@type\":\"ListItem\",\"position\":3,\"name\":\"Cafeti\u00e8re Dometic MC052 12 V\"}]},{\"@type\":\"WebSite\",\"@id\":\"https:\\\/\\\/shop.bantam.ch\\\/fr\\\/#website\",\"url\":\"https:\\\/\\\/shop.bantam.ch\\\/fr\\\/\",\"name\":\"Bantam Wankm\u00fcller SA\",\"description\":\"\",\"publisher\":{\"@id\":\"https:\\\/\\\/shop.bantam.ch\\\/fr\\\/#organization\"},\"inLanguage\":\"fr-FR\"},{\"@type\":\"Organization\",\"@id\":\"https:\\\/\\\/shop.bantam.ch\\\/fr\\\/#organization\",\"name\":\"Bantam Wankm\u00fcller SA\",\"url\":\"https:\\\/\\\/shop.bantam.ch\\\/fr\\\/\",\"logo\":{\"@type\":\"ImageObject\",\"inLanguage\":\"fr-FR\",\"@id\":\"https:\\\/\\\/shop.bantam.ch\\\/fr\\\/#\\\/schema\\\/logo\\\/image\\\/\",\"url\":\"https:\\\/\\\/shop.bantam.ch\\\/wp-content\\\/uploads\\\/2022\\\/12\\\/bantam-logo.png\",\"contentUrl\":\"https:\\\/\\\/shop.bantam.ch\\\/wp-content\\\/uploads\\\/2022\\\/12\\\/bantam-logo.png\",\"width\":320,\"height\":71,\"caption\":\"Bantam Wankm\u00fcller SA\"},\"image\":{\"@id\":\"https:\\\/\\\/shop.bantam.ch\\\/fr\\\/#\\\/schema\\\/logo\\\/image\\\/\"}}]}<\/script>\n<!-- \/ Yoast SEO plugin. -->","yoast_head_json":{"title":"Cafeti\u00e8re Dometic MC052 12 V - Bantam Wankm\u00fcller SA","robots":{"index":"index","follow":"follow","max-snippet":"max-snippet:-1","max-image-preview":"max-image-preview:large","max-video-preview":"max-video-preview:-1"},"canonical":"https:\/\/shop.bantam.ch\/fr\/produit\/cafetiere-mc052-12-v\/","og_locale":"fr_FR","og_type":"article","og_title":"Cafeti\u00e8re Dometic MC052 12 V - Bantam Wankm\u00fcller SA","og_description":"Cafeti\u00e8re mobile pour 5 tasses. Permet de faire jusqu\u2018\u00e0 5 tasses de caf\u00e9 (625 ml) et de les maintenir au chaud gr\u00e2ce \u00e0 la plaque chauffante. La cafeti\u00e8re en verre est en outre fermement fix\u00e9e gr\u00e2ce \u00e0 une s\u00e9curit\u00e9 pour le transport. \u00a0 Filtre inclinable rotatif et accessible Cafeti\u00e8re en verre avec graduation et s\u00e9curit\u00e9 [&hellip;]","og_url":"https:\/\/shop.bantam.ch\/fr\/produit\/cafetiere-mc052-12-v\/","og_site_name":"Bantam Wankm\u00fcller SA","article_modified_time":"2026-04-20T19:12:58+00:00","og_image":[{"width":500,"height":300,"url":"https:\/\/shop.bantam.ch\/wp-content\/uploads\/2023\/02\/9930425-100-1-3587637754c251.jpg","type":"image\/jpeg"}],"twitter_card":"summary_large_image","schema":{"@context":"https:\/\/schema.org","@graph":[{"@type":"WebPage","@id":"https:\/\/shop.bantam.ch\/fr\/produit\/cafetiere-mc052-12-v\/","url":"https:\/\/shop.bantam.ch\/fr\/produit\/cafetiere-mc052-12-v\/","name":"Cafeti\u00e8re Dometic MC052 12 V - Bantam Wankm\u00fcller SA","isPartOf":{"@id":"https:\/\/shop.bantam.ch\/fr\/#website"},"primaryImageOfPage":{"@id":"https:\/\/shop.bantam.ch\/fr\/produit\/cafetiere-mc052-12-v\/#primaryimage"},"image":{"@id":"https:\/\/shop.bantam.ch\/fr\/produit\/cafetiere-mc052-12-v\/#primaryimage"},"thumbnailUrl":"https:\/\/shop.bantam.ch\/wp-content\/uploads\/2023\/02\/9930425-100-1-3587637754c251.jpg","datePublished":"2023-02-27T18:58:40+00:00","dateModified":"2026-04-20T19:12:58+00:00","breadcrumb":{"@id":"https:\/\/shop.bantam.ch\/fr\/produit\/cafetiere-mc052-12-v\/#breadcrumb"},"inLanguage":"fr-FR","potentialAction":[{"@type":"ReadAction","target":["https:\/\/shop.bantam.ch\/fr\/produit\/cafetiere-mc052-12-v\/"]}]},{"@type":"ImageObject","inLanguage":"fr-FR","@id":"https:\/\/shop.bantam.ch\/fr\/produit\/cafetiere-mc052-12-v\/#primaryimage","url":"https:\/\/shop.bantam.ch\/wp-content\/uploads\/2023\/02\/9930425-100-1-3587637754c251.jpg","contentUrl":"https:\/\/shop.bantam.ch\/wp-content\/uploads\/2023\/02\/9930425-100-1-3587637754c251.jpg","width":500,"height":300},{"@type":"BreadcrumbList","@id":"https:\/\/shop.bantam.ch\/fr\/produit\/cafetiere-mc052-12-v\/#breadcrumb","itemListElement":[{"@type":"ListItem","position":1,"name":"Accueil","item":"https:\/\/shop.bantam.ch\/fr\/"},{"@type":"ListItem","position":2,"name":"Boutique","item":"https:\/\/shop.bantam.ch\/fr\/boutique\/"},{"@type":"ListItem","position":3,"name":"Cafeti\u00e8re Dometic MC052 12 V"}]},{"@type":"WebSite","@id":"https:\/\/shop.bantam.ch\/fr\/#website","url":"https:\/\/shop.bantam.ch\/fr\/","name":"Bantam Wankm\u00fcller SA","description":"","publisher":{"@id":"https:\/\/shop.bantam.ch\/fr\/#organization"},"inLanguage":"fr-FR"},{"@type":"Organization","@id":"https:\/\/shop.bantam.ch\/fr\/#organization","name":"Bantam Wankm\u00fcller SA","url":"https:\/\/shop.bantam.ch\/fr\/","logo":{"@type":"ImageObject","inLanguage":"fr-FR","@id":"https:\/\/shop.bantam.ch\/fr\/#\/schema\/logo\/image\/","url":"https:\/\/shop.bantam.ch\/wp-content\/uploads\/2022\/12\/bantam-logo.png","contentUrl":"https:\/\/shop.bantam.ch\/wp-content\/uploads\/2022\/12\/bantam-logo.png","width":320,"height":71,"caption":"Bantam Wankm\u00fcller SA"},"image":{"@id":"https:\/\/shop.bantam.ch\/fr\/#\/schema\/logo\/image\/"}}]}},"_links":{"self":[{"href":"https:\/\/shop.bantam.ch\/fr\/wp-json\/wp\/v2\/product\/67329","targetHints":{"allow":["GET"]}}],"collection":[{"href":"https:\/\/shop.bantam.ch\/fr\/wp-json\/wp\/v2\/product"}],"about":[{"href":"https:\/\/shop.bantam.ch\/fr\/wp-json\/wp\/v2\/types\/product"}],"wp:featuredmedia":[{"embeddable":true,"href":"https:\/\/shop.bantam.ch\/fr\/wp-json\/wp\/v2\/media\/67327"}],"wp:attachment":[{"href":"https:\/\/shop.bantam.ch\/fr\/wp-json\/wp\/v2\/media?parent=67329"}],"wp:term":[{"taxonomy":"product_featured_cat","embeddable":true,"href":"https:\/\/shop.bantam.ch\/fr\/wp-json\/wp\/v2\/product_featured_cat?post=67329"},{"taxonomy":"product_brand","embeddable":true,"href":"https:\/\/shop.bantam.ch\/fr\/wp-json\/wp\/v2\/product_brand?post=67329"},{"taxonomy":"product_cat","embeddable":true,"href":"https:\/\/shop.bantam.ch\/fr\/wp-json\/wp\/v2\/product_cat?post=67329"},{"taxonomy":"product_tag","embeddable":true,"href":"https:\/\/shop.bantam.ch\/fr\/wp-json\/wp\/v2\/product_tag?post=67329"}],"curies":[{"name":"wp","href":"https:\/\/api.w.org\/{rel}","templated":true}]}}