{"id":67325,"date":"2023-02-27T19:58:35","date_gmt":"2023-02-27T18:58:35","guid":{"rendered":"http:\/\/shop.bantam.ch\/produit\/detecteur-de-gaz-msg-150\/"},"modified":"2026-04-18T21:13:05","modified_gmt":"2026-04-18T19:13:05","slug":"detecteur-de-gaz-msg-150","status":"publish","type":"product","link":"https:\/\/shop.bantam.ch\/fr\/produit\/detecteur-de-gaz-msg-150\/","title":{"rendered":"D\u00e9tecteur gaz Dometic MSG 150"},"content":{"rendered":"<p>\u00a0<\/p>\n<p>D\u00e9tecteur de gaz autonettoyant, r\u00e9agit \u00e0 tous les gaz narcotiques courants.<\/p>\n<ul>\n<li>Alarme sonore et visuelle en cas de menace potentielle<\/li>\n<li>Relais de commutation 10 A int\u00e9gr\u00e9<\/li>\n<li>Ajustement automatique \u00e0 l&rsquo;atmosph\u00e8re ambiante<\/li>\n<li>Auto-test automatique avec indication d&rsquo;erreur visuelle <\/li>\n<li>Test de fonctionnement manuel<\/li>\n<\/ul>\n<p>Utilisable 3 fois : <\/p>\n<ul>\n<li>Fonctionnement seul <\/li>\n<li>Combin\u00e9 au syst\u00e8me d\u2019alarme MagicSafe MS 660 (uniquement en fonctionnement 12 V) <\/li>\n<li>En combinaison avec la sir\u00e8ne ext\u00e9rieure <\/li>\n<li>MS 620SI (uniquement en fonctionnement 12 V)<\/li>\n<li>Tension 12\/24 V<\/li>\n<li>Puissance absorb\u00e9e 1,3 W<\/li>\n<li>Force du signal env. 85 dB<\/li>\n<\/ul>\n<p>Le d\u00e9tecteur de gaz MSG 150 d\u00e9tecte la pr\u00e9sence de tous les gaz narcotiques courants dans l\u2019air ambiant avant qu\u2019ils ne fassent effet. Affichage de l\u2019alarme avec LED rouges ou signal sonore<\/p>\n","protected":false},"excerpt":{"rendered":"<p>\u00a0 D\u00e9tecteur de gaz autonettoyant, r\u00e9agit \u00e0 tous les gaz narcotiques courants. Alarme sonore et visuelle en cas de menace potentielle Relais de commutation 10 A int\u00e9gr\u00e9 Ajustement automatique \u00e0 l&rsquo;atmosph\u00e8re ambiante Auto-test automatique avec indication d&rsquo;erreur visuelle Test de fonctionnement manuel Utilisable 3 fois : Fonctionnement seul Combin\u00e9 au syst\u00e8me d\u2019alarme MagicSafe MS 660 [&hellip;]<\/p>\n","protected":false},"featured_media":67323,"template":"","meta":{"_acf_changed":false},"product_featured_cat":[],"product_brand":[3028],"product_cat":[5053],"product_tag":[],"class_list":{"0":"post-67325","1":"product","2":"type-product","3":"status-publish","4":"has-post-thumbnail","6":"product_brand-dometic","7":"product_cat-alarmes-a-gaz","9":"first","10":"instock","11":"taxable","12":"shipping-taxable","13":"purchasable","14":"product-type-simple"},"acf":[],"yoast_head":"<!-- This site is optimized with the Yoast SEO plugin v27.4 - https:\/\/yoast.com\/product\/yoast-seo-wordpress\/ -->\n<title>D\u00e9tecteur gaz Dometic MSG 150 - Bantam Wankm\u00fcller SA<\/title>\n<meta name=\"robots\" content=\"index, follow, max-snippet:-1, max-image-preview:large, max-video-preview:-1\" \/>\n<link rel=\"canonical\" href=\"https:\/\/shop.bantam.ch\/fr\/produit\/detecteur-de-gaz-msg-150\/\" \/>\n<meta property=\"og:locale\" content=\"fr_FR\" \/>\n<meta property=\"og:type\" content=\"article\" \/>\n<meta property=\"og:title\" content=\"D\u00e9tecteur gaz Dometic MSG 150 - Bantam Wankm\u00fcller SA\" \/>\n<meta property=\"og:description\" content=\"\u00a0 D\u00e9tecteur de gaz autonettoyant, r\u00e9agit \u00e0 tous les gaz narcotiques courants. Alarme sonore et visuelle en cas de menace potentielle Relais de commutation 10 A int\u00e9gr\u00e9 Ajustement automatique \u00e0 l&rsquo;atmosph\u00e8re ambiante Auto-test automatique avec indication d&rsquo;erreur visuelle Test de fonctionnement manuel Utilisable 3 fois : Fonctionnement seul Combin\u00e9 au syst\u00e8me d\u2019alarme MagicSafe MS 660 [&hellip;]\" \/>\n<meta property=\"og:url\" content=\"https:\/\/shop.bantam.ch\/fr\/produit\/detecteur-de-gaz-msg-150\/\" \/>\n<meta property=\"og:site_name\" content=\"Bantam Wankm\u00fcller SA\" \/>\n<meta property=\"article:modified_time\" content=\"2026-04-18T19:13:05+00:00\" \/>\n<meta property=\"og:image\" content=\"https:\/\/shop.bantam.ch\/wp-content\/uploads\/2023\/02\/9930423-100-1-3587636f016c11.jpg\" \/>\n\t<meta property=\"og:image:width\" content=\"500\" \/>\n\t<meta property=\"og:image:height\" content=\"300\" \/>\n\t<meta property=\"og:image:type\" content=\"image\/jpeg\" \/>\n<meta name=\"twitter:card\" content=\"summary_large_image\" \/>\n<meta name=\"twitter:label1\" content=\"Dur\u00e9e de lecture estim\u00e9e\" \/>\n\t<meta name=\"twitter:data1\" content=\"1 minute\" \/>\n<script type=\"application\/ld+json\" class=\"yoast-schema-graph\">{\"@context\":\"https:\\\/\\\/schema.org\",\"@graph\":[{\"@type\":\"WebPage\",\"@id\":\"https:\\\/\\\/shop.bantam.ch\\\/fr\\\/produit\\\/detecteur-de-gaz-msg-150\\\/\",\"url\":\"https:\\\/\\\/shop.bantam.ch\\\/fr\\\/produit\\\/detecteur-de-gaz-msg-150\\\/\",\"name\":\"D\u00e9tecteur gaz Dometic MSG 150 - Bantam Wankm\u00fcller SA\",\"isPartOf\":{\"@id\":\"https:\\\/\\\/shop.bantam.ch\\\/fr\\\/#website\"},\"primaryImageOfPage\":{\"@id\":\"https:\\\/\\\/shop.bantam.ch\\\/fr\\\/produit\\\/detecteur-de-gaz-msg-150\\\/#primaryimage\"},\"image\":{\"@id\":\"https:\\\/\\\/shop.bantam.ch\\\/fr\\\/produit\\\/detecteur-de-gaz-msg-150\\\/#primaryimage\"},\"thumbnailUrl\":\"https:\\\/\\\/shop.bantam.ch\\\/wp-content\\\/uploads\\\/2023\\\/02\\\/9930423-100-1-3587636f016c11.jpg\",\"datePublished\":\"2023-02-27T18:58:35+00:00\",\"dateModified\":\"2026-04-18T19:13:05+00:00\",\"breadcrumb\":{\"@id\":\"https:\\\/\\\/shop.bantam.ch\\\/fr\\\/produit\\\/detecteur-de-gaz-msg-150\\\/#breadcrumb\"},\"inLanguage\":\"fr-FR\",\"potentialAction\":[{\"@type\":\"ReadAction\",\"target\":[\"https:\\\/\\\/shop.bantam.ch\\\/fr\\\/produit\\\/detecteur-de-gaz-msg-150\\\/\"]}]},{\"@type\":\"ImageObject\",\"inLanguage\":\"fr-FR\",\"@id\":\"https:\\\/\\\/shop.bantam.ch\\\/fr\\\/produit\\\/detecteur-de-gaz-msg-150\\\/#primaryimage\",\"url\":\"https:\\\/\\\/shop.bantam.ch\\\/wp-content\\\/uploads\\\/2023\\\/02\\\/9930423-100-1-3587636f016c11.jpg\",\"contentUrl\":\"https:\\\/\\\/shop.bantam.ch\\\/wp-content\\\/uploads\\\/2023\\\/02\\\/9930423-100-1-3587636f016c11.jpg\",\"width\":500,\"height\":300},{\"@type\":\"BreadcrumbList\",\"@id\":\"https:\\\/\\\/shop.bantam.ch\\\/fr\\\/produit\\\/detecteur-de-gaz-msg-150\\\/#breadcrumb\",\"itemListElement\":[{\"@type\":\"ListItem\",\"position\":1,\"name\":\"Accueil\",\"item\":\"https:\\\/\\\/shop.bantam.ch\\\/fr\\\/\"},{\"@type\":\"ListItem\",\"position\":2,\"name\":\"Boutique\",\"item\":\"https:\\\/\\\/shop.bantam.ch\\\/fr\\\/boutique\\\/\"},{\"@type\":\"ListItem\",\"position\":3,\"name\":\"D\u00e9tecteur gaz Dometic MSG 150\"}]},{\"@type\":\"WebSite\",\"@id\":\"https:\\\/\\\/shop.bantam.ch\\\/fr\\\/#website\",\"url\":\"https:\\\/\\\/shop.bantam.ch\\\/fr\\\/\",\"name\":\"Bantam Wankm\u00fcller SA\",\"description\":\"\",\"publisher\":{\"@id\":\"https:\\\/\\\/shop.bantam.ch\\\/fr\\\/#organization\"},\"inLanguage\":\"fr-FR\"},{\"@type\":\"Organization\",\"@id\":\"https:\\\/\\\/shop.bantam.ch\\\/fr\\\/#organization\",\"name\":\"Bantam Wankm\u00fcller SA\",\"url\":\"https:\\\/\\\/shop.bantam.ch\\\/fr\\\/\",\"logo\":{\"@type\":\"ImageObject\",\"inLanguage\":\"fr-FR\",\"@id\":\"https:\\\/\\\/shop.bantam.ch\\\/fr\\\/#\\\/schema\\\/logo\\\/image\\\/\",\"url\":\"https:\\\/\\\/shop.bantam.ch\\\/wp-content\\\/uploads\\\/2022\\\/12\\\/bantam-logo.png\",\"contentUrl\":\"https:\\\/\\\/shop.bantam.ch\\\/wp-content\\\/uploads\\\/2022\\\/12\\\/bantam-logo.png\",\"width\":320,\"height\":71,\"caption\":\"Bantam Wankm\u00fcller SA\"},\"image\":{\"@id\":\"https:\\\/\\\/shop.bantam.ch\\\/fr\\\/#\\\/schema\\\/logo\\\/image\\\/\"}}]}<\/script>\n<!-- \/ Yoast SEO plugin. -->","yoast_head_json":{"title":"D\u00e9tecteur gaz Dometic MSG 150 - Bantam Wankm\u00fcller SA","robots":{"index":"index","follow":"follow","max-snippet":"max-snippet:-1","max-image-preview":"max-image-preview:large","max-video-preview":"max-video-preview:-1"},"canonical":"https:\/\/shop.bantam.ch\/fr\/produit\/detecteur-de-gaz-msg-150\/","og_locale":"fr_FR","og_type":"article","og_title":"D\u00e9tecteur gaz Dometic MSG 150 - Bantam Wankm\u00fcller SA","og_description":"\u00a0 D\u00e9tecteur de gaz autonettoyant, r\u00e9agit \u00e0 tous les gaz narcotiques courants. Alarme sonore et visuelle en cas de menace potentielle Relais de commutation 10 A int\u00e9gr\u00e9 Ajustement automatique \u00e0 l&rsquo;atmosph\u00e8re ambiante Auto-test automatique avec indication d&rsquo;erreur visuelle Test de fonctionnement manuel Utilisable 3 fois : Fonctionnement seul Combin\u00e9 au syst\u00e8me d\u2019alarme MagicSafe MS 660 [&hellip;]","og_url":"https:\/\/shop.bantam.ch\/fr\/produit\/detecteur-de-gaz-msg-150\/","og_site_name":"Bantam Wankm\u00fcller SA","article_modified_time":"2026-04-18T19:13:05+00:00","og_image":[{"width":500,"height":300,"url":"https:\/\/shop.bantam.ch\/wp-content\/uploads\/2023\/02\/9930423-100-1-3587636f016c11.jpg","type":"image\/jpeg"}],"twitter_card":"summary_large_image","twitter_misc":{"Dur\u00e9e de lecture estim\u00e9e":"1 minute"},"schema":{"@context":"https:\/\/schema.org","@graph":[{"@type":"WebPage","@id":"https:\/\/shop.bantam.ch\/fr\/produit\/detecteur-de-gaz-msg-150\/","url":"https:\/\/shop.bantam.ch\/fr\/produit\/detecteur-de-gaz-msg-150\/","name":"D\u00e9tecteur gaz Dometic MSG 150 - Bantam Wankm\u00fcller SA","isPartOf":{"@id":"https:\/\/shop.bantam.ch\/fr\/#website"},"primaryImageOfPage":{"@id":"https:\/\/shop.bantam.ch\/fr\/produit\/detecteur-de-gaz-msg-150\/#primaryimage"},"image":{"@id":"https:\/\/shop.bantam.ch\/fr\/produit\/detecteur-de-gaz-msg-150\/#primaryimage"},"thumbnailUrl":"https:\/\/shop.bantam.ch\/wp-content\/uploads\/2023\/02\/9930423-100-1-3587636f016c11.jpg","datePublished":"2023-02-27T18:58:35+00:00","dateModified":"2026-04-18T19:13:05+00:00","breadcrumb":{"@id":"https:\/\/shop.bantam.ch\/fr\/produit\/detecteur-de-gaz-msg-150\/#breadcrumb"},"inLanguage":"fr-FR","potentialAction":[{"@type":"ReadAction","target":["https:\/\/shop.bantam.ch\/fr\/produit\/detecteur-de-gaz-msg-150\/"]}]},{"@type":"ImageObject","inLanguage":"fr-FR","@id":"https:\/\/shop.bantam.ch\/fr\/produit\/detecteur-de-gaz-msg-150\/#primaryimage","url":"https:\/\/shop.bantam.ch\/wp-content\/uploads\/2023\/02\/9930423-100-1-3587636f016c11.jpg","contentUrl":"https:\/\/shop.bantam.ch\/wp-content\/uploads\/2023\/02\/9930423-100-1-3587636f016c11.jpg","width":500,"height":300},{"@type":"BreadcrumbList","@id":"https:\/\/shop.bantam.ch\/fr\/produit\/detecteur-de-gaz-msg-150\/#breadcrumb","itemListElement":[{"@type":"ListItem","position":1,"name":"Accueil","item":"https:\/\/shop.bantam.ch\/fr\/"},{"@type":"ListItem","position":2,"name":"Boutique","item":"https:\/\/shop.bantam.ch\/fr\/boutique\/"},{"@type":"ListItem","position":3,"name":"D\u00e9tecteur gaz Dometic MSG 150"}]},{"@type":"WebSite","@id":"https:\/\/shop.bantam.ch\/fr\/#website","url":"https:\/\/shop.bantam.ch\/fr\/","name":"Bantam Wankm\u00fcller SA","description":"","publisher":{"@id":"https:\/\/shop.bantam.ch\/fr\/#organization"},"inLanguage":"fr-FR"},{"@type":"Organization","@id":"https:\/\/shop.bantam.ch\/fr\/#organization","name":"Bantam Wankm\u00fcller SA","url":"https:\/\/shop.bantam.ch\/fr\/","logo":{"@type":"ImageObject","inLanguage":"fr-FR","@id":"https:\/\/shop.bantam.ch\/fr\/#\/schema\/logo\/image\/","url":"https:\/\/shop.bantam.ch\/wp-content\/uploads\/2022\/12\/bantam-logo.png","contentUrl":"https:\/\/shop.bantam.ch\/wp-content\/uploads\/2022\/12\/bantam-logo.png","width":320,"height":71,"caption":"Bantam Wankm\u00fcller SA"},"image":{"@id":"https:\/\/shop.bantam.ch\/fr\/#\/schema\/logo\/image\/"}}]}},"_links":{"self":[{"href":"https:\/\/shop.bantam.ch\/fr\/wp-json\/wp\/v2\/product\/67325","targetHints":{"allow":["GET"]}}],"collection":[{"href":"https:\/\/shop.bantam.ch\/fr\/wp-json\/wp\/v2\/product"}],"about":[{"href":"https:\/\/shop.bantam.ch\/fr\/wp-json\/wp\/v2\/types\/product"}],"wp:featuredmedia":[{"embeddable":true,"href":"https:\/\/shop.bantam.ch\/fr\/wp-json\/wp\/v2\/media\/67323"}],"wp:attachment":[{"href":"https:\/\/shop.bantam.ch\/fr\/wp-json\/wp\/v2\/media?parent=67325"}],"wp:term":[{"taxonomy":"product_featured_cat","embeddable":true,"href":"https:\/\/shop.bantam.ch\/fr\/wp-json\/wp\/v2\/product_featured_cat?post=67325"},{"taxonomy":"product_brand","embeddable":true,"href":"https:\/\/shop.bantam.ch\/fr\/wp-json\/wp\/v2\/product_brand?post=67325"},{"taxonomy":"product_cat","embeddable":true,"href":"https:\/\/shop.bantam.ch\/fr\/wp-json\/wp\/v2\/product_cat?post=67325"},{"taxonomy":"product_tag","embeddable":true,"href":"https:\/\/shop.bantam.ch\/fr\/wp-json\/wp\/v2\/product_tag?post=67325"}],"curies":[{"name":"wp","href":"https:\/\/api.w.org\/{rel}","templated":true}]}}