{"id":67005,"date":"2023-02-27T19:52:00","date_gmt":"2023-02-27T18:52:00","guid":{"rendered":"http:\/\/shop.bantam.ch\/produit\/support-longitudinal-avec-kit-de-montage-pour-ducato-jumper-boxer-apres-2007-avec-auvents-2017\/"},"modified":"2026-04-17T22:02:21","modified_gmt":"2026-04-17T20:02:21","slug":"support-longitudinal-avec-kit-de-montage-pour-ducato-jumper-boxer-apres-2007-avec-auvents-2017","status":"publish","type":"product","link":"https:\/\/shop.bantam.ch\/fr\/produit\/support-longitudinal-avec-kit-de-montage-pour-ducato-jumper-boxer-apres-2007-avec-auvents-2017\/","title":{"rendered":"Support longitudinal avec kit de montage pour Ducato, Jumper, Boxer apr\u00e8s 2007 avec auvents 2017"},"content":{"rendered":"<p>La flexibilit\u00e9 du syst\u00e8me de galerie de toit est obtenue gr\u00e2ce \u00e0 de nombreux accessoires pr\u00e9cieux. Il est dot\u00e9 de fonctionnalit\u00e9s permettant d\u2019utiliser votre toit de fa\u00e7on optimale toute l\u2019ann\u00e9e pour diverses activit\u00e9s.<br \/>\u00a0<br \/>Smart-Clamps<\/p>\n<p>Les nouveaux Smart-Clamps se fixent facilement sur les points de fixation du v\u00e9hicule sans per\u00e7ages suppl\u00e9mentaires. Int\u00e9gration parfaite au toit du v\u00e9hicule. De plus, les rails longitudinaux sont coll\u00e9s au toit pour permettre la fixation flexible du porte-charges.<\/p>\n<p>Positionnement flexible du porte-charges<\/p>\n<p>Deux (ou plus) traverses flexibles peuvent \u00eatre positionn\u00e9es sur les deux rails longitudinaux en aluminium robuste. Cela vous permet d&rsquo;ajuster la charge de mani\u00e8re optimale en fonction de la position des structures de toit.<br \/>Avec ou sans galerie de toit, l&rsquo;adaptateur peut \u00eatre facilement mont\u00e9 sur le toit sans per\u00e7age. Les capots des deux c\u00f4t\u00e9s permettent une int\u00e9gration compl\u00e8te avec les contours du v\u00e9hicule.<\/p>\n<p>\u00a0<\/p>\n<ul>\n<li>Pour montage avec une marquise d\u00e9j\u00e0 mont\u00e9e<\/li>\n<li>Bande lat\u00e9rale avec supports int\u00e9gr\u00e9s pour le montage du store de toit 6200<\/li>\n<li>Max. max. : Lot de 2 porte-charges pro 75 kg\n<p>\u00a0<\/p>\n<\/li>\n<\/ul>\n","protected":false},"excerpt":{"rendered":"<p>La flexibilit\u00e9 du syst\u00e8me de galerie de toit est obtenue gr\u00e2ce \u00e0 de nombreux accessoires pr\u00e9cieux. Il est dot\u00e9 de fonctionnalit\u00e9s permettant d\u2019utiliser votre toit de fa\u00e7on optimale toute l\u2019ann\u00e9e pour diverses activit\u00e9s.\u00a0Smart-Clamps Les nouveaux Smart-Clamps se fixent facilement sur les points de fixation du v\u00e9hicule sans per\u00e7ages suppl\u00e9mentaires. Int\u00e9gration parfaite au toit du v\u00e9hicule. [&hellip;]<\/p>\n","protected":false},"featured_media":66999,"template":"","meta":{"_acf_changed":false},"product_featured_cat":[],"product_brand":[3046],"product_cat":[4797],"product_tag":[],"class_list":{"0":"post-67005","1":"product","2":"type-product","3":"status-publish","4":"has-post-thumbnail","6":"product_brand-thule","7":"product_cat-rampes-de-toit-et-supports","9":"first","10":"instock","11":"taxable","12":"shipping-taxable","13":"purchasable","14":"product-type-variable"},"acf":[],"yoast_head":"<!-- This site is optimized with the Yoast SEO plugin v27.4 - https:\/\/yoast.com\/product\/yoast-seo-wordpress\/ -->\n<title>Support longitudinal avec kit de montage pour Ducato, Jumper, Boxer apr\u00e8s 2007 avec auvents 2017 - Bantam Wankm\u00fcller SA<\/title>\n<meta name=\"robots\" content=\"index, follow, max-snippet:-1, max-image-preview:large, max-video-preview:-1\" \/>\n<link rel=\"canonical\" href=\"https:\/\/shop.bantam.ch\/fr\/produit\/support-longitudinal-avec-kit-de-montage-pour-ducato-jumper-boxer-apres-2007-avec-auvents-2017\/\" \/>\n<meta property=\"og:locale\" content=\"fr_FR\" \/>\n<meta property=\"og:type\" content=\"article\" \/>\n<meta property=\"og:title\" content=\"Support longitudinal avec kit de montage pour Ducato, Jumper, Boxer apr\u00e8s 2007 avec auvents 2017 - Bantam Wankm\u00fcller SA\" \/>\n<meta property=\"og:description\" content=\"La flexibilit\u00e9 du syst\u00e8me de galerie de toit est obtenue gr\u00e2ce \u00e0 de nombreux accessoires pr\u00e9cieux. Il est dot\u00e9 de fonctionnalit\u00e9s permettant d\u2019utiliser votre toit de fa\u00e7on optimale toute l\u2019ann\u00e9e pour diverses activit\u00e9s.\u00a0Smart-Clamps Les nouveaux Smart-Clamps se fixent facilement sur les points de fixation du v\u00e9hicule sans per\u00e7ages suppl\u00e9mentaires. Int\u00e9gration parfaite au toit du v\u00e9hicule. [&hellip;]\" \/>\n<meta property=\"og:url\" content=\"https:\/\/shop.bantam.ch\/fr\/produit\/support-longitudinal-avec-kit-de-montage-pour-ducato-jumper-boxer-apres-2007-avec-auvents-2017\/\" \/>\n<meta property=\"og:site_name\" content=\"Bantam Wankm\u00fcller SA\" \/>\n<meta property=\"article:modified_time\" content=\"2026-04-17T20:02:21+00:00\" \/>\n<meta property=\"og:image\" content=\"https:\/\/shop.bantam.ch\/wp-content\/uploads\/2023\/02\/9940921.jpg\" \/>\n\t<meta property=\"og:image:width\" content=\"1000\" \/>\n\t<meta property=\"og:image:height\" content=\"749\" \/>\n\t<meta property=\"og:image:type\" content=\"image\/jpeg\" \/>\n<meta name=\"twitter:card\" content=\"summary_large_image\" \/>\n<meta name=\"twitter:label1\" content=\"Dur\u00e9e de lecture estim\u00e9e\" \/>\n\t<meta name=\"twitter:data1\" content=\"1 minute\" \/>\n<script type=\"application\/ld+json\" class=\"yoast-schema-graph\">{\"@context\":\"https:\\\/\\\/schema.org\",\"@graph\":[{\"@type\":\"WebPage\",\"@id\":\"https:\\\/\\\/shop.bantam.ch\\\/fr\\\/produit\\\/support-longitudinal-avec-kit-de-montage-pour-ducato-jumper-boxer-apres-2007-avec-auvents-2017\\\/\",\"url\":\"https:\\\/\\\/shop.bantam.ch\\\/fr\\\/produit\\\/support-longitudinal-avec-kit-de-montage-pour-ducato-jumper-boxer-apres-2007-avec-auvents-2017\\\/\",\"name\":\"Support longitudinal avec kit de montage pour Ducato, Jumper, Boxer apr\u00e8s 2007 avec auvents 2017 - Bantam Wankm\u00fcller SA\",\"isPartOf\":{\"@id\":\"https:\\\/\\\/shop.bantam.ch\\\/fr\\\/#website\"},\"primaryImageOfPage\":{\"@id\":\"https:\\\/\\\/shop.bantam.ch\\\/fr\\\/produit\\\/support-longitudinal-avec-kit-de-montage-pour-ducato-jumper-boxer-apres-2007-avec-auvents-2017\\\/#primaryimage\"},\"image\":{\"@id\":\"https:\\\/\\\/shop.bantam.ch\\\/fr\\\/produit\\\/support-longitudinal-avec-kit-de-montage-pour-ducato-jumper-boxer-apres-2007-avec-auvents-2017\\\/#primaryimage\"},\"thumbnailUrl\":\"https:\\\/\\\/shop.bantam.ch\\\/wp-content\\\/uploads\\\/2023\\\/02\\\/9940921.jpg\",\"datePublished\":\"2023-02-27T18:52:00+00:00\",\"dateModified\":\"2026-04-17T20:02:21+00:00\",\"breadcrumb\":{\"@id\":\"https:\\\/\\\/shop.bantam.ch\\\/fr\\\/produit\\\/support-longitudinal-avec-kit-de-montage-pour-ducato-jumper-boxer-apres-2007-avec-auvents-2017\\\/#breadcrumb\"},\"inLanguage\":\"fr-FR\",\"potentialAction\":[{\"@type\":\"ReadAction\",\"target\":[\"https:\\\/\\\/shop.bantam.ch\\\/fr\\\/produit\\\/support-longitudinal-avec-kit-de-montage-pour-ducato-jumper-boxer-apres-2007-avec-auvents-2017\\\/\"]}]},{\"@type\":\"ImageObject\",\"inLanguage\":\"fr-FR\",\"@id\":\"https:\\\/\\\/shop.bantam.ch\\\/fr\\\/produit\\\/support-longitudinal-avec-kit-de-montage-pour-ducato-jumper-boxer-apres-2007-avec-auvents-2017\\\/#primaryimage\",\"url\":\"https:\\\/\\\/shop.bantam.ch\\\/wp-content\\\/uploads\\\/2023\\\/02\\\/9940921.jpg\",\"contentUrl\":\"https:\\\/\\\/shop.bantam.ch\\\/wp-content\\\/uploads\\\/2023\\\/02\\\/9940921.jpg\",\"width\":1000,\"height\":749},{\"@type\":\"BreadcrumbList\",\"@id\":\"https:\\\/\\\/shop.bantam.ch\\\/fr\\\/produit\\\/support-longitudinal-avec-kit-de-montage-pour-ducato-jumper-boxer-apres-2007-avec-auvents-2017\\\/#breadcrumb\",\"itemListElement\":[{\"@type\":\"ListItem\",\"position\":1,\"name\":\"Accueil\",\"item\":\"https:\\\/\\\/shop.bantam.ch\\\/fr\\\/\"},{\"@type\":\"ListItem\",\"position\":2,\"name\":\"Boutique\",\"item\":\"https:\\\/\\\/shop.bantam.ch\\\/fr\\\/boutique\\\/\"},{\"@type\":\"ListItem\",\"position\":3,\"name\":\"Support longitudinal avec kit de montage pour Ducato, Jumper, Boxer apr\u00e8s 2007 avec auvents 2017\"}]},{\"@type\":\"WebSite\",\"@id\":\"https:\\\/\\\/shop.bantam.ch\\\/fr\\\/#website\",\"url\":\"https:\\\/\\\/shop.bantam.ch\\\/fr\\\/\",\"name\":\"Bantam Wankm\u00fcller SA\",\"description\":\"\",\"publisher\":{\"@id\":\"https:\\\/\\\/shop.bantam.ch\\\/fr\\\/#organization\"},\"inLanguage\":\"fr-FR\"},{\"@type\":\"Organization\",\"@id\":\"https:\\\/\\\/shop.bantam.ch\\\/fr\\\/#organization\",\"name\":\"Bantam Wankm\u00fcller SA\",\"url\":\"https:\\\/\\\/shop.bantam.ch\\\/fr\\\/\",\"logo\":{\"@type\":\"ImageObject\",\"inLanguage\":\"fr-FR\",\"@id\":\"https:\\\/\\\/shop.bantam.ch\\\/fr\\\/#\\\/schema\\\/logo\\\/image\\\/\",\"url\":\"https:\\\/\\\/shop.bantam.ch\\\/wp-content\\\/uploads\\\/2022\\\/12\\\/bantam-logo.png\",\"contentUrl\":\"https:\\\/\\\/shop.bantam.ch\\\/wp-content\\\/uploads\\\/2022\\\/12\\\/bantam-logo.png\",\"width\":320,\"height\":71,\"caption\":\"Bantam Wankm\u00fcller SA\"},\"image\":{\"@id\":\"https:\\\/\\\/shop.bantam.ch\\\/fr\\\/#\\\/schema\\\/logo\\\/image\\\/\"}}]}<\/script>\n<!-- \/ Yoast SEO plugin. -->","yoast_head_json":{"title":"Support longitudinal avec kit de montage pour Ducato, Jumper, Boxer apr\u00e8s 2007 avec auvents 2017 - Bantam Wankm\u00fcller SA","robots":{"index":"index","follow":"follow","max-snippet":"max-snippet:-1","max-image-preview":"max-image-preview:large","max-video-preview":"max-video-preview:-1"},"canonical":"https:\/\/shop.bantam.ch\/fr\/produit\/support-longitudinal-avec-kit-de-montage-pour-ducato-jumper-boxer-apres-2007-avec-auvents-2017\/","og_locale":"fr_FR","og_type":"article","og_title":"Support longitudinal avec kit de montage pour Ducato, Jumper, Boxer apr\u00e8s 2007 avec auvents 2017 - Bantam Wankm\u00fcller SA","og_description":"La flexibilit\u00e9 du syst\u00e8me de galerie de toit est obtenue gr\u00e2ce \u00e0 de nombreux accessoires pr\u00e9cieux. Il est dot\u00e9 de fonctionnalit\u00e9s permettant d\u2019utiliser votre toit de fa\u00e7on optimale toute l\u2019ann\u00e9e pour diverses activit\u00e9s.\u00a0Smart-Clamps Les nouveaux Smart-Clamps se fixent facilement sur les points de fixation du v\u00e9hicule sans per\u00e7ages suppl\u00e9mentaires. Int\u00e9gration parfaite au toit du v\u00e9hicule. [&hellip;]","og_url":"https:\/\/shop.bantam.ch\/fr\/produit\/support-longitudinal-avec-kit-de-montage-pour-ducato-jumper-boxer-apres-2007-avec-auvents-2017\/","og_site_name":"Bantam Wankm\u00fcller SA","article_modified_time":"2026-04-17T20:02:21+00:00","og_image":[{"width":1000,"height":749,"url":"https:\/\/shop.bantam.ch\/wp-content\/uploads\/2023\/02\/9940921.jpg","type":"image\/jpeg"}],"twitter_card":"summary_large_image","twitter_misc":{"Dur\u00e9e de lecture estim\u00e9e":"1 minute"},"schema":{"@context":"https:\/\/schema.org","@graph":[{"@type":"WebPage","@id":"https:\/\/shop.bantam.ch\/fr\/produit\/support-longitudinal-avec-kit-de-montage-pour-ducato-jumper-boxer-apres-2007-avec-auvents-2017\/","url":"https:\/\/shop.bantam.ch\/fr\/produit\/support-longitudinal-avec-kit-de-montage-pour-ducato-jumper-boxer-apres-2007-avec-auvents-2017\/","name":"Support longitudinal avec kit de montage pour Ducato, Jumper, Boxer apr\u00e8s 2007 avec auvents 2017 - Bantam Wankm\u00fcller SA","isPartOf":{"@id":"https:\/\/shop.bantam.ch\/fr\/#website"},"primaryImageOfPage":{"@id":"https:\/\/shop.bantam.ch\/fr\/produit\/support-longitudinal-avec-kit-de-montage-pour-ducato-jumper-boxer-apres-2007-avec-auvents-2017\/#primaryimage"},"image":{"@id":"https:\/\/shop.bantam.ch\/fr\/produit\/support-longitudinal-avec-kit-de-montage-pour-ducato-jumper-boxer-apres-2007-avec-auvents-2017\/#primaryimage"},"thumbnailUrl":"https:\/\/shop.bantam.ch\/wp-content\/uploads\/2023\/02\/9940921.jpg","datePublished":"2023-02-27T18:52:00+00:00","dateModified":"2026-04-17T20:02:21+00:00","breadcrumb":{"@id":"https:\/\/shop.bantam.ch\/fr\/produit\/support-longitudinal-avec-kit-de-montage-pour-ducato-jumper-boxer-apres-2007-avec-auvents-2017\/#breadcrumb"},"inLanguage":"fr-FR","potentialAction":[{"@type":"ReadAction","target":["https:\/\/shop.bantam.ch\/fr\/produit\/support-longitudinal-avec-kit-de-montage-pour-ducato-jumper-boxer-apres-2007-avec-auvents-2017\/"]}]},{"@type":"ImageObject","inLanguage":"fr-FR","@id":"https:\/\/shop.bantam.ch\/fr\/produit\/support-longitudinal-avec-kit-de-montage-pour-ducato-jumper-boxer-apres-2007-avec-auvents-2017\/#primaryimage","url":"https:\/\/shop.bantam.ch\/wp-content\/uploads\/2023\/02\/9940921.jpg","contentUrl":"https:\/\/shop.bantam.ch\/wp-content\/uploads\/2023\/02\/9940921.jpg","width":1000,"height":749},{"@type":"BreadcrumbList","@id":"https:\/\/shop.bantam.ch\/fr\/produit\/support-longitudinal-avec-kit-de-montage-pour-ducato-jumper-boxer-apres-2007-avec-auvents-2017\/#breadcrumb","itemListElement":[{"@type":"ListItem","position":1,"name":"Accueil","item":"https:\/\/shop.bantam.ch\/fr\/"},{"@type":"ListItem","position":2,"name":"Boutique","item":"https:\/\/shop.bantam.ch\/fr\/boutique\/"},{"@type":"ListItem","position":3,"name":"Support longitudinal avec kit de montage pour Ducato, Jumper, Boxer apr\u00e8s 2007 avec auvents 2017"}]},{"@type":"WebSite","@id":"https:\/\/shop.bantam.ch\/fr\/#website","url":"https:\/\/shop.bantam.ch\/fr\/","name":"Bantam Wankm\u00fcller SA","description":"","publisher":{"@id":"https:\/\/shop.bantam.ch\/fr\/#organization"},"inLanguage":"fr-FR"},{"@type":"Organization","@id":"https:\/\/shop.bantam.ch\/fr\/#organization","name":"Bantam Wankm\u00fcller SA","url":"https:\/\/shop.bantam.ch\/fr\/","logo":{"@type":"ImageObject","inLanguage":"fr-FR","@id":"https:\/\/shop.bantam.ch\/fr\/#\/schema\/logo\/image\/","url":"https:\/\/shop.bantam.ch\/wp-content\/uploads\/2022\/12\/bantam-logo.png","contentUrl":"https:\/\/shop.bantam.ch\/wp-content\/uploads\/2022\/12\/bantam-logo.png","width":320,"height":71,"caption":"Bantam Wankm\u00fcller SA"},"image":{"@id":"https:\/\/shop.bantam.ch\/fr\/#\/schema\/logo\/image\/"}}]}},"_links":{"self":[{"href":"https:\/\/shop.bantam.ch\/fr\/wp-json\/wp\/v2\/product\/67005","targetHints":{"allow":["GET"]}}],"collection":[{"href":"https:\/\/shop.bantam.ch\/fr\/wp-json\/wp\/v2\/product"}],"about":[{"href":"https:\/\/shop.bantam.ch\/fr\/wp-json\/wp\/v2\/types\/product"}],"wp:featuredmedia":[{"embeddable":true,"href":"https:\/\/shop.bantam.ch\/fr\/wp-json\/wp\/v2\/media\/66999"}],"wp:attachment":[{"href":"https:\/\/shop.bantam.ch\/fr\/wp-json\/wp\/v2\/media?parent=67005"}],"wp:term":[{"taxonomy":"product_featured_cat","embeddable":true,"href":"https:\/\/shop.bantam.ch\/fr\/wp-json\/wp\/v2\/product_featured_cat?post=67005"},{"taxonomy":"product_brand","embeddable":true,"href":"https:\/\/shop.bantam.ch\/fr\/wp-json\/wp\/v2\/product_brand?post=67005"},{"taxonomy":"product_cat","embeddable":true,"href":"https:\/\/shop.bantam.ch\/fr\/wp-json\/wp\/v2\/product_cat?post=67005"},{"taxonomy":"product_tag","embeddable":true,"href":"https:\/\/shop.bantam.ch\/fr\/wp-json\/wp\/v2\/product_tag?post=67005"}],"curies":[{"name":"wp","href":"https:\/\/api.w.org\/{rel}","templated":true}]}}